{"id":17466,"date":"2024-11-30T12:34:35","date_gmt":"2024-11-30T11:34:35","guid":{"rendered":"https:\/\/www.idealtecsrl.com\/ausstellungsmessen\/coatings-for-africa\/"},"modified":"2024-11-30T12:34:36","modified_gmt":"2024-11-30T11:34:36","slug":"coatings-for-africa","status":"publish","type":"page","link":"https:\/\/www.idealtecsrl.com\/de\/ausstellungsmessen\/coatings-for-africa\/","title":{"rendered":"Coatings for Africa"},"content":{"rendered":"<div id='full_slider_1'  class='avia-fullwidth-slider main_color avia-shadow   avia-builder-el-0  el_before_av_one_half  avia-builder-el-first   container_wrap fullsize'  >\n<style type=\"text\/css\" data-created_by=\"avia_inline_auto\" id=\"style-css-av-m42pk7qz-a77f41395c537c20700ae170a3894878\">\n#top #wrap_all .avia-slideshow .av-slideshow-caption.av-m42pk7qz-a77f41395c537c20700ae170a3894878__0 .avia-caption-title{\ncolor:#ffffff;\n}\n#top .avia-slideshow .av-slideshow-caption.av-m42pk7qz-a77f41395c537c20700ae170a3894878__0 .avia-caption-content{\ncolor:#ffffff;\n}\n<\/style>\n<div  class='avia-slideshow av-m42pk7qz-a77f41395c537c20700ae170a3894878 avia-slideshow-featured av_slideshow_full avia-fade-slider av-slideshow-ui av-control-hidden av-no-slider-navigation av-hide-nav-arrows av-slideshow-autoplay av-loop-endless av-loop-manual-endless av-default-height-applied   avia-slideshow-1' data-slideshow-options=\"{&quot;animation&quot;:&quot;fade&quot;,&quot;autoplay&quot;:true,&quot;loop_autoplay&quot;:&quot;endless&quot;,&quot;interval&quot;:3,&quot;loop_manual&quot;:&quot;manual-endless&quot;,&quot;autoplay_stopper&quot;:false,&quot;noNavigation&quot;:true,&quot;bg_slider&quot;:false,&quot;transitionSpeed&quot;:800,&quot;keep_padding&quot;:false,&quot;hoverpause&quot;:false,&quot;show_slide_delay&quot;:0}\"  itemprop=\"image\" itemscope=\"itemscope\" itemtype=\"https:\/\/schema.org\/ImageObject\" ><ul class='avia-slideshow-inner ' style='padding-bottom: 28.666666666667%;'><li  class='avia-slideshow-slide av-m42pk7qz-a77f41395c537c20700ae170a3894878__0  slide-1 slide-odd'><div data-rel='slideshow-1' class='avia-slide-wrap '   ><img decoding=\"async\" fetchpriority=\"high\" class=\"wp-image-15266 avia-img-lazy-loading-not-15266\"  src=\"https:\/\/www.idealtecsrl.com\/wp-content\/uploads\/2024\/07\/visore-ci-presentiamo-1.jpg\" width=\"1500\" height=\"430\" title='visore-ci-presentiamo-1' alt=''  itemprop=\"thumbnailUrl\"  style='min-height:400px; min-width:1396px; ' srcset=\"https:\/\/www.idealtecsrl.com\/wp-content\/uploads\/2024\/07\/visore-ci-presentiamo-1.jpg 1500w, https:\/\/www.idealtecsrl.com\/wp-content\/uploads\/2024\/07\/visore-ci-presentiamo-1-300x86.jpg 300w, https:\/\/www.idealtecsrl.com\/wp-content\/uploads\/2024\/07\/visore-ci-presentiamo-1-1030x295.jpg 1030w, https:\/\/www.idealtecsrl.com\/wp-content\/uploads\/2024\/07\/visore-ci-presentiamo-1-768x220.jpg 768w, https:\/\/www.idealtecsrl.com\/wp-content\/uploads\/2024\/07\/visore-ci-presentiamo-1-705x202.jpg 705w\" sizes=\"(max-width: 1500px) 100vw, 1500px\" \/><div class='av-section-color-overlay' style='opacity: 0.6; background-color: #18417e; '><\/div><\/div><\/li><li  class='avia-slideshow-slide av-m42pk7qz-a77f41395c537c20700ae170a3894878__1  slide-2 slide-even'><div data-rel='slideshow-1' class='avia-slide-wrap '   ><img decoding=\"async\" fetchpriority=\"high\" class=\"wp-image-15273 avia-img-lazy-loading-not-15273\"  src=\"https:\/\/www.idealtecsrl.com\/wp-content\/uploads\/2024\/07\/visore-ci-presentiamo-2.jpg\" width=\"1500\" height=\"430\" title='visore-ci-presentiamo-2' alt=''  itemprop=\"thumbnailUrl\"  style='min-height:400px; min-width:1396px; ' srcset=\"https:\/\/www.idealtecsrl.com\/wp-content\/uploads\/2024\/07\/visore-ci-presentiamo-2.jpg 1500w, https:\/\/www.idealtecsrl.com\/wp-content\/uploads\/2024\/07\/visore-ci-presentiamo-2-300x86.jpg 300w, https:\/\/www.idealtecsrl.com\/wp-content\/uploads\/2024\/07\/visore-ci-presentiamo-2-1030x295.jpg 1030w, https:\/\/www.idealtecsrl.com\/wp-content\/uploads\/2024\/07\/visore-ci-presentiamo-2-768x220.jpg 768w, https:\/\/www.idealtecsrl.com\/wp-content\/uploads\/2024\/07\/visore-ci-presentiamo-2-705x202.jpg 705w\" sizes=\"(max-width: 1500px) 100vw, 1500px\" \/><div class='av-section-color-overlay' style='opacity: 0.6; background-color: #18417e; '><\/div><\/div><\/li><li  class='avia-slideshow-slide av-m42pk7qz-a77f41395c537c20700ae170a3894878__2  slide-3 slide-odd'><div data-rel='slideshow-1' class='avia-slide-wrap '   ><img decoding=\"async\" fetchpriority=\"high\" class=\"wp-image-15280 avia-img-lazy-loading-not-15280\"  src=\"https:\/\/www.idealtecsrl.com\/wp-content\/uploads\/2024\/07\/visore-ci-presentiamo-3.jpg\" width=\"1500\" height=\"430\" title='visore-ci-presentiamo-3' alt=''  itemprop=\"thumbnailUrl\"  style='min-height:400px; min-width:1396px; ' srcset=\"https:\/\/www.idealtecsrl.com\/wp-content\/uploads\/2024\/07\/visore-ci-presentiamo-3.jpg 1500w, https:\/\/www.idealtecsrl.com\/wp-content\/uploads\/2024\/07\/visore-ci-presentiamo-3-300x86.jpg 300w, https:\/\/www.idealtecsrl.com\/wp-content\/uploads\/2024\/07\/visore-ci-presentiamo-3-1030x295.jpg 1030w, https:\/\/www.idealtecsrl.com\/wp-content\/uploads\/2024\/07\/visore-ci-presentiamo-3-768x220.jpg 768w, https:\/\/www.idealtecsrl.com\/wp-content\/uploads\/2024\/07\/visore-ci-presentiamo-3-705x202.jpg 705w\" sizes=\"(max-width: 1500px) 100vw, 1500px\" \/><div class='av-section-color-overlay' style='opacity: 0.6; background-color: #18417e; '><\/div><\/div><\/li><li  class='avia-slideshow-slide av-m42pk7qz-a77f41395c537c20700ae170a3894878__3  slide-4 slide-even'><div data-rel='slideshow-1' class='avia-slide-wrap '   ><img decoding=\"async\" fetchpriority=\"high\" class=\"wp-image-15287 avia-img-lazy-loading-not-15287\"  src=\"https:\/\/www.idealtecsrl.com\/wp-content\/uploads\/2024\/07\/visore-ci-presentiamo-4.jpg\" width=\"1500\" height=\"430\" title='visore-ci-presentiamo-4' alt=''  itemprop=\"thumbnailUrl\"  style='min-height:400px; min-width:1396px; ' srcset=\"https:\/\/www.idealtecsrl.com\/wp-content\/uploads\/2024\/07\/visore-ci-presentiamo-4.jpg 1500w, https:\/\/www.idealtecsrl.com\/wp-content\/uploads\/2024\/07\/visore-ci-presentiamo-4-300x86.jpg 300w, https:\/\/www.idealtecsrl.com\/wp-content\/uploads\/2024\/07\/visore-ci-presentiamo-4-1030x295.jpg 1030w, https:\/\/www.idealtecsrl.com\/wp-content\/uploads\/2024\/07\/visore-ci-presentiamo-4-768x220.jpg 768w, https:\/\/www.idealtecsrl.com\/wp-content\/uploads\/2024\/07\/visore-ci-presentiamo-4-705x202.jpg 705w\" sizes=\"(max-width: 1500px) 100vw, 1500px\" \/><div class='av-section-color-overlay' style='opacity: 0.6; background-color: #18417e; '><\/div><\/div><\/li><li  class='avia-slideshow-slide av-m42pk7qz-a77f41395c537c20700ae170a3894878__4  slide-5 slide-odd'><div data-rel='slideshow-1' class='avia-slide-wrap '   ><img decoding=\"async\" fetchpriority=\"high\" class=\"wp-image-15294 avia-img-lazy-loading-not-15294\"  src=\"https:\/\/www.idealtecsrl.com\/wp-content\/uploads\/2024\/07\/visore-ci-presentiamo-5.jpg\" width=\"1500\" height=\"430\" title='visore-ci-presentiamo-5' alt=''  itemprop=\"thumbnailUrl\"  style='min-height:400px; min-width:1396px; ' srcset=\"https:\/\/www.idealtecsrl.com\/wp-content\/uploads\/2024\/07\/visore-ci-presentiamo-5.jpg 1500w, https:\/\/www.idealtecsrl.com\/wp-content\/uploads\/2024\/07\/visore-ci-presentiamo-5-300x86.jpg 300w, https:\/\/www.idealtecsrl.com\/wp-content\/uploads\/2024\/07\/visore-ci-presentiamo-5-1030x295.jpg 1030w, https:\/\/www.idealtecsrl.com\/wp-content\/uploads\/2024\/07\/visore-ci-presentiamo-5-768x220.jpg 768w, https:\/\/www.idealtecsrl.com\/wp-content\/uploads\/2024\/07\/visore-ci-presentiamo-5-705x202.jpg 705w\" sizes=\"(max-width: 1500px) 100vw, 1500px\" \/><div class='av-section-color-overlay' style='opacity: 0.6; background-color: #18417e; '><\/div><\/div><\/li><\/ul><div class='avia-slideshow-arrows avia-slideshow-controls' ><a href='#prev' class='prev-slide ' aria-hidden='true' data-av_icon='\ue87c' data-av_iconfont='entypo-fontello'  tabindex='-1'>Zur\u00fcck<\/a><a href='#next' class='next-slide ' aria-hidden='true' data-av_icon='\ue87d' data-av_iconfont='entypo-fontello'  tabindex='-1'>Weiter<\/a><\/div><div class='av-slideshow-caption av-m42pk7qz-a77f41395c537c20700ae170a3894878__0 caption_fullwidth caption_center'><div class=\"container caption_container\"><div class=\"slideshow_caption\"><div class=\"slideshow_inner_caption\"><div class=\"slideshow_align_caption\"><h1 class='avia-caption-title '  itemprop=\"name\" >Coatings for Africa<\/h1><\/div><\/div><\/div><\/div><\/div><\/div><\/div><div id='after_full_slider_1'  class='main_color av_default_container_wrap container_wrap fullsize'  ><div class='container av-section-cont-open' ><div class='template-page content  av-content-full alpha units'><div class='post-entry post-entry-type-page post-entry-17466'><div class='entry-content-wrapper clearfix'>\n\n<style type=\"text\/css\" data-created_by=\"avia_inline_auto\" id=\"style-css-av-5y5ot8g-ecef6bb973d0c8f526a823267e2da8e2\">\n.flex_column.av-5y5ot8g-ecef6bb973d0c8f526a823267e2da8e2{\npadding:50px 0 0 0;\n}\n<\/style>\n<div  class='flex_column av-5y5ot8g-ecef6bb973d0c8f526a823267e2da8e2 av_one_half  avia-builder-el-1  el_after_av_slideshow_full  el_before_av_one_half  avia-builder-el-first  first flex_column_div  '     ><p><section  class='av_textblock_section av-m42pmayo-348015d65ebab1fee8be13099f58f95f '   itemscope=\"itemscope\" itemtype=\"https:\/\/schema.org\/CreativeWork\" ><div class='avia_textblock'  itemprop=\"text\" ><p><strong>Coatings for Africa<\/strong> ist die gr\u00f6\u00dfte Veranstaltung in Afrika, die der Beschichtungs-, Farben- und Klebstoffindustrie gewidmet ist. Die gemeinsam von SAPMA (South African Paint Manufacturing Association) und OCCA (Oil and Color Chemists&#8217; Association) organisierte Veranstaltung findet in der Regel alle zwei Jahre statt und zieht Fachleute, Unternehmen und Interessenvertreter aus der gesamten Region und dem Ausland an.<\/p>\n<\/div><\/section><br \/>\n\n<style type=\"text\/css\" data-created_by=\"avia_inline_auto\" id=\"style-css-av-m42qixqc-2ab6db76e4642313a11bf982a3abf117\">\n#top .hr.hr-invisible.av-m42qixqc-2ab6db76e4642313a11bf982a3abf117{\nheight:50px;\n}\n<\/style>\n<div  class='hr av-m42qixqc-2ab6db76e4642313a11bf982a3abf117 hr-invisible  avia-builder-el-3  el_after_av_textblock  el_before_av_button '><span class='hr-inner '><span class=\"hr-inner-style\"><\/span><\/span><\/div><br \/>\n<div  class='avia-button-wrap av-m42qhv9o-40036684436195e44bd2791860aa932f-wrap avia-button-left  avia-builder-el-4  el_after_av_hr  avia-builder-el-last '><a href='https:\/\/www.coatingsforafrica.com\/' class='avia-button av-m42qhv9o-40036684436195e44bd2791860aa932f av-link-btn avia-icon_select-yes-right-icon avia-size-large avia-position-left av-icon-on-hover avia-color-theme-color' target=\"_blank\" rel=\"noopener noreferrer\"><span class='avia_iconbox_title' >Besuchen Sie die offizielle Website<\/span><span class='avia_button_icon avia_button_icon_right' aria-hidden='true' data-av_icon='\ue879' data-av_iconfont='entypo-fontello'><\/span><\/a><\/div><\/p><\/div>\n\n<style type=\"text\/css\" data-created_by=\"avia_inline_auto\" id=\"style-css-av-5gkg680-63dd4872b765dab5309d7fb5d9bfb848\">\n.flex_column.av-5gkg680-63dd4872b765dab5309d7fb5d9bfb848{\npadding:50px 0 0 0;\n}\n<\/style>\n<div  class='flex_column av-5gkg680-63dd4872b765dab5309d7fb5d9bfb848 av_one_half  avia-builder-el-5  el_after_av_one_half  el_before_av_one_full  flex_column_div  '     ><style type=\"text\/css\" data-created_by=\"avia_inline_auto\" id=\"style-css-av-m42poe4t-aeedf30055d3b38ab78dadd2f10e12ed\">\n.avia-image-container.av-m42poe4t-aeedf30055d3b38ab78dadd2f10e12ed img.avia_image{\nbox-shadow:none;\n}\n.avia-image-container.av-m42poe4t-aeedf30055d3b38ab78dadd2f10e12ed .av-image-caption-overlay-center{\ncolor:#ffffff;\n}\n<\/style>\n<div  class='avia-image-container av-m42poe4t-aeedf30055d3b38ab78dadd2f10e12ed av-styling- avia-align-center  avia-builder-el-6  avia-builder-el-no-sibling '   itemprop=\"image\" itemscope=\"itemscope\" itemtype=\"https:\/\/schema.org\/ImageObject\" ><div class=\"avia-image-container-inner\"><div class=\"avia-image-overlay-wrap\"><img decoding=\"async\" fetchpriority=\"high\" class='wp-image-14251 avia-img-lazy-loading-not-14251 avia_image ' src=\"https:\/\/www.idealtecsrl.com\/wp-content\/uploads\/2024\/07\/Coatings-for-Africa-300x300.jpg\" alt='' title='Coatings-for-Africa'  height=\"300\" width=\"300\"  itemprop=\"thumbnailUrl\" srcset=\"https:\/\/www.idealtecsrl.com\/wp-content\/uploads\/2024\/07\/Coatings-for-Africa-300x300.jpg 300w, https:\/\/www.idealtecsrl.com\/wp-content\/uploads\/2024\/07\/Coatings-for-Africa-80x80.jpg 80w, https:\/\/www.idealtecsrl.com\/wp-content\/uploads\/2024\/07\/Coatings-for-Africa-36x36.jpg 36w, https:\/\/www.idealtecsrl.com\/wp-content\/uploads\/2024\/07\/Coatings-for-Africa-180x180.jpg 180w, https:\/\/www.idealtecsrl.com\/wp-content\/uploads\/2024\/07\/Coatings-for-Africa.jpg 400w\" sizes=\"(max-width: 300px) 100vw, 300px\" \/><\/div><\/div><\/div><\/div>\n<style type=\"text\/css\" data-created_by=\"avia_inline_auto\" id=\"style-css-av-4yqkqxs-55036f639e4d10171e6a4c06b4548e9e\">\n.flex_column.av-4yqkqxs-55036f639e4d10171e6a4c06b4548e9e{\npadding:50px 0 0 0;\n}\n<\/style>\n<div  class='flex_column av-4yqkqxs-55036f639e4d10171e6a4c06b4548e9e av_one_full  avia-builder-el-7  el_after_av_one_half  el_before_av_one_full  first flex_column_div  column-top-margin'     ><p>\n<style type=\"text\/css\" data-created_by=\"avia_inline_auto\" id=\"style-css-av-m42pooxb-a9967f4f378baeeaf77e9168ab86d34f\">\n#top .av-special-heading.av-m42pooxb-a9967f4f378baeeaf77e9168ab86d34f{\npadding-bottom:10px;\n}\nbody .av-special-heading.av-m42pooxb-a9967f4f378baeeaf77e9168ab86d34f .av-special-heading-tag .heading-char{\nfont-size:25px;\n}\n.av-special-heading.av-m42pooxb-a9967f4f378baeeaf77e9168ab86d34f .av-subheading{\nfont-size:15px;\n}\n<\/style>\n<div  class='av-special-heading av-m42pooxb-a9967f4f378baeeaf77e9168ab86d34f av-special-heading-h2 blockquote modern-quote  avia-builder-el-8  el_before_av_textblock  avia-builder-el-first '><h2 class='av-special-heading-tag'  itemprop=\"headline\"  >Ziele und Bedeutung<\/h2><div class=\"special-heading-border\"><div class=\"special-heading-inner-border\"><\/div><\/div><\/div><br \/>\n<section  class='av_textblock_section av-m42poycv-72b88483bb5c7feff2fb55d2ee8f8592 '   itemscope=\"itemscope\" itemtype=\"https:\/\/schema.org\/CreativeWork\" ><div class='avia_textblock'  itemprop=\"text\" ><p>Coatings for Africa dient als zentrale Plattform zur F\u00f6rderung von Innovationen, nachhaltigen Technologien und Best Practices im Bereich Beschichtungen. Ziel ist es:<\/p>\n<ul>\n<li>Bieten Sie Networking-M\u00f6glichkeiten: Schaffen Sie Verbindungen zwischen Herstellern, Rohstofflieferanten, Forschern und Branchenexperten.<\/li>\n<li>Nachhaltigkeit f\u00f6rdern: Fokus auf umweltfreundliche L\u00f6sungen und Energieeffizienz.<\/li>\n<li>F\u00f6rdern Sie den Wissensaustausch: durch Fachvortr\u00e4ge, Seminare und Workshops zu aktuellen Themen wie neuen Formulierungen, Vorschriften und Schwellenm\u00e4rkten.<\/li>\n<\/ul>\n<\/div><\/section><\/p><\/div><\/p>\n\n<style type=\"text\/css\" data-created_by=\"avia_inline_auto\" id=\"style-css-av-4i16ssg-9681ac988ebd0ed0c3774789b8a082a8\">\n.flex_column.av-4i16ssg-9681ac988ebd0ed0c3774789b8a082a8{\npadding:50px 0 0 0;\n}\n<\/style>\n<div  class='flex_column av-4i16ssg-9681ac988ebd0ed0c3774789b8a082a8 av_one_full  avia-builder-el-10  el_after_av_one_full  el_before_av_one_full  first flex_column_div  column-top-margin'     ><p>\n<style type=\"text\/css\" data-created_by=\"avia_inline_auto\" id=\"style-css-av-m42pp91j-6ddab4fa25cc54668bb45755d2bfce45\">\n#top .av-special-heading.av-m42pp91j-6ddab4fa25cc54668bb45755d2bfce45{\npadding-bottom:10px;\n}\nbody .av-special-heading.av-m42pp91j-6ddab4fa25cc54668bb45755d2bfce45 .av-special-heading-tag .heading-char{\nfont-size:25px;\n}\n.av-special-heading.av-m42pp91j-6ddab4fa25cc54668bb45755d2bfce45 .av-subheading{\nfont-size:15px;\n}\n<\/style>\n<div  class='av-special-heading av-m42pp91j-6ddab4fa25cc54668bb45755d2bfce45 av-special-heading-h2 blockquote modern-quote  avia-builder-el-11  el_before_av_textblock  avia-builder-el-first '><h2 class='av-special-heading-tag'  itemprop=\"headline\"  >Hauptmerkmale<\/h2><div class=\"special-heading-border\"><div class=\"special-heading-inner-border\"><\/div><\/div><\/div><br \/>\n<section  class='av_textblock_section av-m42pq7i2-2c32a4a8483c595ae4ae399fab4401d1 '   itemscope=\"itemscope\" itemtype=\"https:\/\/schema.org\/CreativeWork\" ><div class='avia_textblock'  itemprop=\"text\" ><ul>\n<li>Fachausstellung: Bringt f\u00fchrende Unternehmen zusammen, die innovative Produkte, Technologien und Dienstleistungen f\u00fcr die Beschichtungs-, Farben- und Klebstoffindustrie ausstellen.<\/li>\n<li>Technisches Konferenzprogramm: Enth\u00e4lt Pr\u00e4sentationen von Branchenexperten zu Schl\u00fcsselthemen wie:<br \/>\nInnovation bei Materialien<br \/>\nUmweltvorschriften<br \/>\nHochleistungsbeschichtungstechnologien<\/li>\n<li>Workshops und Schulungen: Ideal f\u00fcr Berufst\u00e4tige, die sich \u00fcber die neuesten Trends informieren oder neue technische F\u00e4higkeiten erwerben m\u00f6chten.<\/li>\n<li>Afrika-Fokus: Hebt das Wachstumspotenzial des afrikanischen Beschichtungsmarktes hervor und hebt Chancen, Herausforderungen und L\u00f6sungen hervor, die f\u00fcr den lokalen Kontext geeignet sind.<\/li>\n<\/ul>\n<\/div><\/section><\/p><\/div>\n\n<style type=\"text\/css\" data-created_by=\"avia_inline_auto\" id=\"style-css-av-3qwareo-bde971b44f0832ee1e2277dff46c1b9c\">\n.flex_column.av-3qwareo-bde971b44f0832ee1e2277dff46c1b9c{\npadding:50px 0 0 0;\n}\n<\/style>\n<div  class='flex_column av-3qwareo-bde971b44f0832ee1e2277dff46c1b9c av_one_full  avia-builder-el-13  el_after_av_one_full  el_before_av_one_full  first flex_column_div  column-top-margin'     ><p>\n<style type=\"text\/css\" data-created_by=\"avia_inline_auto\" id=\"style-css-av-m42pqgqv-cf3810f1db12516dd9f8911329191811\">\n#top .av-special-heading.av-m42pqgqv-cf3810f1db12516dd9f8911329191811{\npadding-bottom:10px;\n}\nbody .av-special-heading.av-m42pqgqv-cf3810f1db12516dd9f8911329191811 .av-special-heading-tag .heading-char{\nfont-size:25px;\n}\n.av-special-heading.av-m42pqgqv-cf3810f1db12516dd9f8911329191811 .av-subheading{\nfont-size:15px;\n}\n<\/style>\n<div  class='av-special-heading av-m42pqgqv-cf3810f1db12516dd9f8911329191811 av-special-heading-h2 blockquote modern-quote  avia-builder-el-14  el_before_av_textblock  avia-builder-el-first '><h2 class='av-special-heading-tag'  itemprop=\"headline\"  >Teilnehmer<\/h2><div class=\"special-heading-border\"><div class=\"special-heading-inner-border\"><\/div><\/div><\/div><br \/>\n<section  class='av_textblock_section av-m42pqz4w-9e6c5d034cf9d2993761898d4054aac9 '   itemscope=\"itemscope\" itemtype=\"https:\/\/schema.org\/CreativeWork\" ><div class='avia_textblock'  itemprop=\"text\" ><p>Die Veranstaltung zieht ein breites Spektrum an Teilnehmern an, darunter:<\/p>\n<ul>\n<li>Hersteller von Farben und Beschichtungen<\/li>\n<li>Rohstofflieferanten<\/li>\n<li>Distributoren und Wiederverk\u00e4ufer<\/li>\n<li>Technische Berater und Forscher<\/li>\n<li>Experten f\u00fcr Regulierung und Nachhaltigkeit<\/li>\n<li>Design- und Architekturprofis, die sich f\u00fcr neue Technologien f\u00fcr Oberfl\u00e4chen und Farben interessieren.<\/li>\n<\/ul>\n<\/div><\/section><\/p><\/div>\n\n<style type=\"text\/css\" data-created_by=\"avia_inline_auto\" id=\"style-css-av-3ftxmjk-1c410990e4a09c8efa799bfcac1a76c9\">\n.flex_column.av-3ftxmjk-1c410990e4a09c8efa799bfcac1a76c9{\npadding:50px 0 0 0;\n}\n<\/style>\n<div  class='flex_column av-3ftxmjk-1c410990e4a09c8efa799bfcac1a76c9 av_one_full  avia-builder-el-16  el_after_av_one_full  el_before_av_hr  first flex_column_div  column-top-margin'     ><p>\n<style type=\"text\/css\" data-created_by=\"avia_inline_auto\" id=\"style-css-av-m42prb7h-1780d6523afd11b5a4e884546e1306dd\">\n#top .av-special-heading.av-m42prb7h-1780d6523afd11b5a4e884546e1306dd{\npadding-bottom:10px;\n}\nbody .av-special-heading.av-m42prb7h-1780d6523afd11b5a4e884546e1306dd .av-special-heading-tag .heading-char{\nfont-size:25px;\n}\n.av-special-heading.av-m42prb7h-1780d6523afd11b5a4e884546e1306dd .av-subheading{\nfont-size:15px;\n}\n<\/style>\n<div  class='av-special-heading av-m42prb7h-1780d6523afd11b5a4e884546e1306dd av-special-heading-h2 blockquote modern-quote  avia-builder-el-17  el_before_av_textblock  avia-builder-el-first '><h2 class='av-special-heading-tag'  itemprop=\"headline\"  >Auswirkungen auf die afrikanische Industrie<\/h2><div class=\"special-heading-border\"><div class=\"special-heading-inner-border\"><\/div><\/div><\/div><br \/>\n<section  class='av_textblock_section av-m42prlt7-d8bc47e2eac8673797fc97fb4c05a4e1 '   itemscope=\"itemscope\" itemtype=\"https:\/\/schema.org\/CreativeWork\" ><div class='avia_textblock'  itemprop=\"text\" ><p>Coatings for Africa gilt als Katalysator f\u00fcr die Entwicklung des Beschichtungssektors auf dem Kontinent. Es bietet ein Schaufenster f\u00fcr:<\/p>\n<ul>\n<li>Die Einf\u00fchrung innovativer und nachhaltiger Technologien<\/li>\n<li>Das Wachstum lokaler Unternehmen durch globale Verbindungen<\/li>\n<li>Die Verbesserung der Qualit\u00e4tsstandards durch Zugang zu Wissen und Ressourcen.<\/li>\n<\/ul>\n<\/div><\/section><\/p><\/div>\n\n<style type=\"text\/css\" data-created_by=\"avia_inline_auto\" id=\"style-css-av-2unwxds-c66681727ade6544847fa2a7277044fc\">\n#top .hr.hr-invisible.av-2unwxds-c66681727ade6544847fa2a7277044fc{\nheight:24px;\n}\n<\/style>\n<div  class='hr av-2unwxds-c66681727ade6544847fa2a7277044fc hr-invisible  avia-builder-el-19  el_after_av_one_full  el_before_av_hr '><span class='hr-inner '><span class=\"hr-inner-style\"><\/span><\/span><\/div>\n<div  class='hr av-2fo7hi8-1ed6ec47696f6095104ae721492a4d1d hr-short  avia-builder-el-20  el_after_av_hr  el_before_av_hr  hr-left'><span class='hr-inner '><span class=\"hr-inner-style\"><\/span><\/span><\/div>\n\n<style type=\"text\/css\" data-created_by=\"avia_inline_auto\" id=\"style-css-av-22bbo74-b57096aa8dbbd1800417c586764ddc1d\">\n#top .hr.hr-invisible.av-22bbo74-b57096aa8dbbd1800417c586764ddc1d{\nheight:24px;\n}\n<\/style>\n<div  class='hr av-22bbo74-b57096aa8dbbd1800417c586764ddc1d hr-invisible  avia-builder-el-21  el_after_av_hr  el_before_av_one_full '><span class='hr-inner '><span class=\"hr-inner-style\"><\/span><\/span><\/div>\n\n<style type=\"text\/css\" data-created_by=\"avia_inline_auto\" id=\"style-css-av-1orexy8-f8946a13a2eea32fd2b22039aba595a1\">\n.flex_column.av-1orexy8-f8946a13a2eea32fd2b22039aba595a1{\npadding:48px 48px 48px 48px;\nbackground-color:#eceff1;\n}\n<\/style>\n<div  class='flex_column av-1orexy8-f8946a13a2eea32fd2b22039aba595a1 av_one_full  avia-builder-el-22  el_after_av_hr  avia-builder-el-last  first flex_column_div  '     ><p>\n<style type=\"text\/css\" data-created_by=\"avia_inline_auto\" id=\"style-css-av-3ohbi8-7c0da52c00db693fd8dd9e850fafe622\">\n#top .av-special-heading.av-3ohbi8-7c0da52c00db693fd8dd9e850fafe622{\npadding-bottom:10px;\n}\nbody .av-special-heading.av-3ohbi8-7c0da52c00db693fd8dd9e850fafe622 .av-special-heading-tag .heading-char{\nfont-size:25px;\n}\n.av-special-heading.av-3ohbi8-7c0da52c00db693fd8dd9e850fafe622 .av-subheading{\nfont-size:15px;\n}\n<\/style>\n<div  class='av-special-heading av-3ohbi8-7c0da52c00db693fd8dd9e850fafe622 av-special-heading-h2 blockquote modern-quote modern-centered  avia-builder-el-23  el_before_av_textblock  avia-builder-el-first '><h2 class='av-special-heading-tag'  itemprop=\"headline\"  >STAATLICHE BEIHILFEN UND DE MINIMIS<\/h2><div class=\"special-heading-border\"><div class=\"special-heading-inner-border\"><\/div><\/div><\/div><br \/>\n<section  class='av_textblock_section av-o11280-b43dbe036218b09eef8d51ad59896487 '   itemscope=\"itemscope\" itemtype=\"https:\/\/schema.org\/CreativeWork\" ><div class='avia_textblock'  itemprop=\"text\" ><p style=\"text-align: center;\"><strong>Informationspflichten bei \u00f6ffentlichen Zuwendungen.<\/strong><br \/>\nStaatliche Beihilfen und De-minimis-Beihilfen, die unser Unternehmen erh\u00e4lt, sind im Nationalen Register f\u00fcr staatliche Beihilfen gem\u00e4\u00df Artikel 1 aufgef\u00fchrt. 52 des Gesetzes 234\/2012, auf das verwiesen wird und das unter folgendem Link eingesehen werden kann:\u00a0<a role=\"link\" href=\"https:\/\/www.rna.gov.it\/trasparenza\" target=\"_blank\" rel=\"noopener\">Erfahren Sie mehr&gt;&gt;<\/a><\/p>\n<\/div><\/section><\/p><\/div>\n","protected":false},"excerpt":{"rendered":"","protected":false},"author":6,"featured_media":0,"parent":17454,"menu_order":0,"comment_status":"closed","ping_status":"closed","template":"","meta":{"_monsterinsights_skip_tracking":false,"_monsterinsights_sitenote_active":false,"_monsterinsights_sitenote_note":"","_monsterinsights_sitenote_category":0,"footnotes":""},"_links":{"self":[{"href":"https:\/\/www.idealtecsrl.com\/de\/wp-json\/wp\/v2\/pages\/17466"}],"collection":[{"href":"https:\/\/www.idealtecsrl.com\/de\/wp-json\/wp\/v2\/pages"}],"about":[{"href":"https:\/\/www.idealtecsrl.com\/de\/wp-json\/wp\/v2\/types\/page"}],"author":[{"embeddable":true,"href":"https:\/\/www.idealtecsrl.com\/de\/wp-json\/wp\/v2\/users\/6"}],"replies":[{"embeddable":true,"href":"https:\/\/www.idealtecsrl.com\/de\/wp-json\/wp\/v2\/comments?post=17466"}],"version-history":[{"count":2,"href":"https:\/\/www.idealtecsrl.com\/de\/wp-json\/wp\/v2\/pages\/17466\/revisions"}],"predecessor-version":[{"id":17468,"href":"https:\/\/www.idealtecsrl.com\/de\/wp-json\/wp\/v2\/pages\/17466\/revisions\/17468"}],"up":[{"embeddable":true,"href":"https:\/\/www.idealtecsrl.com\/de\/wp-json\/wp\/v2\/pages\/17454"}],"wp:attachment":[{"href":"https:\/\/www.idealtecsrl.com\/de\/wp-json\/wp\/v2\/media?parent=17466"}],"curies":[{"name":"wp","href":"https:\/\/api.w.org\/{rel}","templated":true}]}}