{"id":17487,"date":"2024-11-30T13:01:53","date_gmt":"2024-11-30T12:01:53","guid":{"rendered":"https:\/\/www.idealtecsrl.com\/ausstellungsmessen\/european-coatings-show\/"},"modified":"2024-11-30T13:01:54","modified_gmt":"2024-11-30T12:01:54","slug":"european-coatings-show","status":"publish","type":"page","link":"https:\/\/www.idealtecsrl.com\/de\/ausstellungsmessen\/european-coatings-show\/","title":{"rendered":"European Coatings Show"},"content":{"rendered":"<div id='full_slider_1'  class='avia-fullwidth-slider main_color avia-shadow   avia-builder-el-0  el_before_av_one_half  avia-builder-el-first   container_wrap fullsize'  >\n<style type=\"text\/css\" data-created_by=\"avia_inline_auto\" id=\"style-css-av-m42qzqjh-72554bdbee4881e58655344cfd66d83d\">\n#top #wrap_all .avia-slideshow .av-slideshow-caption.av-m42qzqjh-72554bdbee4881e58655344cfd66d83d__0 .avia-caption-title{\ncolor:#ffffff;\n}\n#top .avia-slideshow .av-slideshow-caption.av-m42qzqjh-72554bdbee4881e58655344cfd66d83d__0 .avia-caption-content{\ncolor:#ffffff;\n}\n<\/style>\n<div  class='avia-slideshow av-m42qzqjh-72554bdbee4881e58655344cfd66d83d avia-slideshow-featured av_slideshow_full avia-fade-slider av-slideshow-ui av-control-hidden av-no-slider-navigation av-hide-nav-arrows av-slideshow-autoplay av-loop-endless av-loop-manual-endless av-default-height-applied   avia-slideshow-1' data-slideshow-options=\"{&quot;animation&quot;:&quot;fade&quot;,&quot;autoplay&quot;:true,&quot;loop_autoplay&quot;:&quot;endless&quot;,&quot;interval&quot;:3,&quot;loop_manual&quot;:&quot;manual-endless&quot;,&quot;autoplay_stopper&quot;:false,&quot;noNavigation&quot;:true,&quot;bg_slider&quot;:false,&quot;transitionSpeed&quot;:800,&quot;keep_padding&quot;:false,&quot;hoverpause&quot;:false,&quot;show_slide_delay&quot;:0}\"  itemprop=\"image\" itemscope=\"itemscope\" itemtype=\"https:\/\/schema.org\/ImageObject\" ><ul class='avia-slideshow-inner ' style='padding-bottom: 28.666666666667%;'><li  class='avia-slideshow-slide av-m42qzqjh-72554bdbee4881e58655344cfd66d83d__0  slide-1 slide-odd'><div data-rel='slideshow-1' class='avia-slide-wrap '   ><img decoding=\"async\" fetchpriority=\"high\" class=\"wp-image-15266 avia-img-lazy-loading-not-15266\"  src=\"https:\/\/www.idealtecsrl.com\/wp-content\/uploads\/2024\/07\/visore-ci-presentiamo-1.jpg\" width=\"1500\" height=\"430\" title='visore-ci-presentiamo-1' alt=''  itemprop=\"thumbnailUrl\"  style='min-height:400px; min-width:1396px; ' srcset=\"https:\/\/www.idealtecsrl.com\/wp-content\/uploads\/2024\/07\/visore-ci-presentiamo-1.jpg 1500w, https:\/\/www.idealtecsrl.com\/wp-content\/uploads\/2024\/07\/visore-ci-presentiamo-1-300x86.jpg 300w, https:\/\/www.idealtecsrl.com\/wp-content\/uploads\/2024\/07\/visore-ci-presentiamo-1-1030x295.jpg 1030w, https:\/\/www.idealtecsrl.com\/wp-content\/uploads\/2024\/07\/visore-ci-presentiamo-1-768x220.jpg 768w, https:\/\/www.idealtecsrl.com\/wp-content\/uploads\/2024\/07\/visore-ci-presentiamo-1-705x202.jpg 705w\" sizes=\"(max-width: 1500px) 100vw, 1500px\" \/><div class='av-section-color-overlay' style='opacity: 0.6; background-color: #18417e; '><\/div><\/div><\/li><li  class='avia-slideshow-slide av-m42qzqjh-72554bdbee4881e58655344cfd66d83d__1  slide-2 slide-even'><div data-rel='slideshow-1' class='avia-slide-wrap '   ><img decoding=\"async\" fetchpriority=\"high\" class=\"wp-image-15273 avia-img-lazy-loading-not-15273\"  src=\"https:\/\/www.idealtecsrl.com\/wp-content\/uploads\/2024\/07\/visore-ci-presentiamo-2.jpg\" width=\"1500\" height=\"430\" title='visore-ci-presentiamo-2' alt=''  itemprop=\"thumbnailUrl\"  style='min-height:400px; min-width:1396px; ' srcset=\"https:\/\/www.idealtecsrl.com\/wp-content\/uploads\/2024\/07\/visore-ci-presentiamo-2.jpg 1500w, https:\/\/www.idealtecsrl.com\/wp-content\/uploads\/2024\/07\/visore-ci-presentiamo-2-300x86.jpg 300w, https:\/\/www.idealtecsrl.com\/wp-content\/uploads\/2024\/07\/visore-ci-presentiamo-2-1030x295.jpg 1030w, https:\/\/www.idealtecsrl.com\/wp-content\/uploads\/2024\/07\/visore-ci-presentiamo-2-768x220.jpg 768w, https:\/\/www.idealtecsrl.com\/wp-content\/uploads\/2024\/07\/visore-ci-presentiamo-2-705x202.jpg 705w\" sizes=\"(max-width: 1500px) 100vw, 1500px\" \/><div class='av-section-color-overlay' style='opacity: 0.6; background-color: #18417e; '><\/div><\/div><\/li><li  class='avia-slideshow-slide av-m42qzqjh-72554bdbee4881e58655344cfd66d83d__2  slide-3 slide-odd'><div data-rel='slideshow-1' class='avia-slide-wrap '   ><img decoding=\"async\" fetchpriority=\"high\" class=\"wp-image-15280 avia-img-lazy-loading-not-15280\"  src=\"https:\/\/www.idealtecsrl.com\/wp-content\/uploads\/2024\/07\/visore-ci-presentiamo-3.jpg\" width=\"1500\" height=\"430\" title='visore-ci-presentiamo-3' alt=''  itemprop=\"thumbnailUrl\"  style='min-height:400px; min-width:1396px; ' srcset=\"https:\/\/www.idealtecsrl.com\/wp-content\/uploads\/2024\/07\/visore-ci-presentiamo-3.jpg 1500w, https:\/\/www.idealtecsrl.com\/wp-content\/uploads\/2024\/07\/visore-ci-presentiamo-3-300x86.jpg 300w, https:\/\/www.idealtecsrl.com\/wp-content\/uploads\/2024\/07\/visore-ci-presentiamo-3-1030x295.jpg 1030w, https:\/\/www.idealtecsrl.com\/wp-content\/uploads\/2024\/07\/visore-ci-presentiamo-3-768x220.jpg 768w, https:\/\/www.idealtecsrl.com\/wp-content\/uploads\/2024\/07\/visore-ci-presentiamo-3-705x202.jpg 705w\" sizes=\"(max-width: 1500px) 100vw, 1500px\" \/><div class='av-section-color-overlay' style='opacity: 0.6; background-color: #18417e; '><\/div><\/div><\/li><li  class='avia-slideshow-slide av-m42qzqjh-72554bdbee4881e58655344cfd66d83d__3  slide-4 slide-even'><div data-rel='slideshow-1' class='avia-slide-wrap '   ><img decoding=\"async\" fetchpriority=\"high\" class=\"wp-image-15287 avia-img-lazy-loading-not-15287\"  src=\"https:\/\/www.idealtecsrl.com\/wp-content\/uploads\/2024\/07\/visore-ci-presentiamo-4.jpg\" width=\"1500\" height=\"430\" title='visore-ci-presentiamo-4' alt=''  itemprop=\"thumbnailUrl\"  style='min-height:400px; min-width:1396px; ' srcset=\"https:\/\/www.idealtecsrl.com\/wp-content\/uploads\/2024\/07\/visore-ci-presentiamo-4.jpg 1500w, https:\/\/www.idealtecsrl.com\/wp-content\/uploads\/2024\/07\/visore-ci-presentiamo-4-300x86.jpg 300w, https:\/\/www.idealtecsrl.com\/wp-content\/uploads\/2024\/07\/visore-ci-presentiamo-4-1030x295.jpg 1030w, https:\/\/www.idealtecsrl.com\/wp-content\/uploads\/2024\/07\/visore-ci-presentiamo-4-768x220.jpg 768w, https:\/\/www.idealtecsrl.com\/wp-content\/uploads\/2024\/07\/visore-ci-presentiamo-4-705x202.jpg 705w\" sizes=\"(max-width: 1500px) 100vw, 1500px\" \/><div class='av-section-color-overlay' style='opacity: 0.6; background-color: #18417e; '><\/div><\/div><\/li><li  class='avia-slideshow-slide av-m42qzqjh-72554bdbee4881e58655344cfd66d83d__4  slide-5 slide-odd'><div data-rel='slideshow-1' class='avia-slide-wrap '   ><img decoding=\"async\" fetchpriority=\"high\" class=\"wp-image-15294 avia-img-lazy-loading-not-15294\"  src=\"https:\/\/www.idealtecsrl.com\/wp-content\/uploads\/2024\/07\/visore-ci-presentiamo-5.jpg\" width=\"1500\" height=\"430\" title='visore-ci-presentiamo-5' alt=''  itemprop=\"thumbnailUrl\"  style='min-height:400px; min-width:1396px; ' srcset=\"https:\/\/www.idealtecsrl.com\/wp-content\/uploads\/2024\/07\/visore-ci-presentiamo-5.jpg 1500w, https:\/\/www.idealtecsrl.com\/wp-content\/uploads\/2024\/07\/visore-ci-presentiamo-5-300x86.jpg 300w, https:\/\/www.idealtecsrl.com\/wp-content\/uploads\/2024\/07\/visore-ci-presentiamo-5-1030x295.jpg 1030w, https:\/\/www.idealtecsrl.com\/wp-content\/uploads\/2024\/07\/visore-ci-presentiamo-5-768x220.jpg 768w, https:\/\/www.idealtecsrl.com\/wp-content\/uploads\/2024\/07\/visore-ci-presentiamo-5-705x202.jpg 705w\" sizes=\"(max-width: 1500px) 100vw, 1500px\" \/><div class='av-section-color-overlay' style='opacity: 0.6; background-color: #18417e; '><\/div><\/div><\/li><\/ul><div class='avia-slideshow-arrows avia-slideshow-controls' ><a href='#prev' class='prev-slide ' aria-hidden='true' data-av_icon='\ue87c' data-av_iconfont='entypo-fontello'  tabindex='-1'>Zur\u00fcck<\/a><a href='#next' class='next-slide ' aria-hidden='true' data-av_icon='\ue87d' data-av_iconfont='entypo-fontello'  tabindex='-1'>Weiter<\/a><\/div><div class='av-slideshow-caption av-m42qzqjh-72554bdbee4881e58655344cfd66d83d__0 caption_fullwidth caption_center'><div class=\"container caption_container\"><div class=\"slideshow_caption\"><div class=\"slideshow_inner_caption\"><div class=\"slideshow_align_caption\"><h1 class='avia-caption-title '  itemprop=\"name\" >European Coatings Show<\/h1><\/div><\/div><\/div><\/div><\/div><\/div><\/div><div id='after_full_slider_1'  class='main_color av_default_container_wrap container_wrap fullsize'  ><div class='container av-section-cont-open' ><div class='template-page content  av-content-full alpha units'><div class='post-entry post-entry-type-page post-entry-17487'><div class='entry-content-wrapper clearfix'>\n\n<style type=\"text\/css\" data-created_by=\"avia_inline_auto\" id=\"style-css-av-74b8l2l-eb55d3c1bcded2c7178c9fbb554b4470\">\n.flex_column.av-74b8l2l-eb55d3c1bcded2c7178c9fbb554b4470{\npadding:50px 0 0 0;\n}\n<\/style>\n<div  class='flex_column av-74b8l2l-eb55d3c1bcded2c7178c9fbb554b4470 av_one_half  avia-builder-el-1  el_after_av_slideshow_full  el_before_av_one_half  avia-builder-el-first  first flex_column_div  '     ><p><section  class='av_textblock_section av-m42r022k-681744b0f49dab8385e6d9c2d5e61d62 '   itemscope=\"itemscope\" itemtype=\"https:\/\/schema.org\/CreativeWork\" ><div class='avia_textblock'  itemprop=\"text\" ><p>Die <strong>European Coatings Show (ECS)<\/strong> ist die gr\u00f6\u00dfte und wichtigste europ\u00e4ische Veranstaltung f\u00fcr die Beschichtungs-, Farben-, Klebstoff-, Dichtstoff- und chemische Bauindustrie. Das ECS findet alle zwei Jahre in N\u00fcrnberg statt und ist ein globaler Bezugspunkt f\u00fcr Hersteller, Zulieferer, Forscher und Innovatoren der Branche.<\/p>\n<\/div><\/section><br \/>\n\n<style type=\"text\/css\" data-created_by=\"avia_inline_auto\" id=\"style-css-av-6uwndcd-91c59410387403eff154aea06a1db3be\">\n#top .hr.hr-invisible.av-6uwndcd-91c59410387403eff154aea06a1db3be{\nheight:50px;\n}\n<\/style>\n<div  class='hr av-6uwndcd-91c59410387403eff154aea06a1db3be hr-invisible  avia-builder-el-3  el_after_av_textblock  el_before_av_button '><span class='hr-inner '><span class=\"hr-inner-style\"><\/span><\/span><\/div><br \/>\n<div  class='avia-button-wrap av-m42r0ckx-ad46220b63766d9dab94f23cb5f95ea2-wrap avia-button-left  avia-builder-el-4  el_after_av_hr  avia-builder-el-last '><a href='https:\/\/www.european-coatings-show.com\/' class='avia-button av-m42r0ckx-ad46220b63766d9dab94f23cb5f95ea2 av-link-btn avia-icon_select-yes-right-icon avia-size-large avia-position-left av-icon-on-hover avia-color-theme-color' target=\"_blank\" rel=\"noopener noreferrer\"><span class='avia_iconbox_title' >Besuchen Sie die offizielle Website<\/span><span class='avia_button_icon avia_button_icon_right' aria-hidden='true' data-av_icon='\ue879' data-av_iconfont='entypo-fontello'><\/span><\/a><\/div><\/p><\/div>\n\n<style type=\"text\/css\" data-created_by=\"avia_inline_auto\" id=\"style-css-av-6698s6l-36ead2d20d819048bd4a30df3c66a427\">\n.flex_column.av-6698s6l-36ead2d20d819048bd4a30df3c66a427{\npadding:50px 0 0 0;\n}\n<\/style>\n<div  class='flex_column av-6698s6l-36ead2d20d819048bd4a30df3c66a427 av_one_half  avia-builder-el-5  el_after_av_one_half  el_before_av_one_full  flex_column_div  '     ><style type=\"text\/css\" data-created_by=\"avia_inline_auto\" id=\"style-css-av-m42r0r7s-bec5dbaa29098f408ba2b79e3eef2e40\">\n.avia-image-container.av-m42r0r7s-bec5dbaa29098f408ba2b79e3eef2e40 img.avia_image{\nbox-shadow:none;\n}\n.avia-image-container.av-m42r0r7s-bec5dbaa29098f408ba2b79e3eef2e40 .av-image-caption-overlay-center{\ncolor:#ffffff;\n}\n<\/style>\n<div  class='avia-image-container av-m42r0r7s-bec5dbaa29098f408ba2b79e3eef2e40 av-styling- avia-align-center  avia-builder-el-6  avia-builder-el-no-sibling '   itemprop=\"image\" itemscope=\"itemscope\" itemtype=\"https:\/\/schema.org\/ImageObject\" ><div class=\"avia-image-container-inner\"><div class=\"avia-image-overlay-wrap\"><img decoding=\"async\" fetchpriority=\"high\" class='wp-image-14258 avia-img-lazy-loading-not-14258 avia_image ' src=\"https:\/\/www.idealtecsrl.com\/wp-content\/uploads\/2024\/07\/European-Coatings-Show-300x300.jpg\" alt='' title='European-Coatings-Show'  height=\"300\" width=\"300\"  itemprop=\"thumbnailUrl\" srcset=\"https:\/\/www.idealtecsrl.com\/wp-content\/uploads\/2024\/07\/European-Coatings-Show-300x300.jpg 300w, https:\/\/www.idealtecsrl.com\/wp-content\/uploads\/2024\/07\/European-Coatings-Show-80x80.jpg 80w, https:\/\/www.idealtecsrl.com\/wp-content\/uploads\/2024\/07\/European-Coatings-Show-36x36.jpg 36w, https:\/\/www.idealtecsrl.com\/wp-content\/uploads\/2024\/07\/European-Coatings-Show-180x180.jpg 180w, https:\/\/www.idealtecsrl.com\/wp-content\/uploads\/2024\/07\/European-Coatings-Show.jpg 400w\" sizes=\"(max-width: 300px) 100vw, 300px\" \/><\/div><\/div><\/div><\/div>\n<style type=\"text\/css\" data-created_by=\"avia_inline_auto\" id=\"style-css-av-5yrnpgt-294a25b32bf9bf0ab3a4b1cdbaa1e29f\">\n.flex_column.av-5yrnpgt-294a25b32bf9bf0ab3a4b1cdbaa1e29f{\npadding:50px 0 0 0;\n}\n<\/style>\n<div  class='flex_column av-5yrnpgt-294a25b32bf9bf0ab3a4b1cdbaa1e29f av_one_full  avia-builder-el-7  el_after_av_one_half  el_before_av_one_full  first flex_column_div  column-top-margin'     ><p>\n<style type=\"text\/css\" data-created_by=\"avia_inline_auto\" id=\"style-css-av-m42r19oi-6b0375d7d32814c8ccff17a2c13d9ac1\">\n#top .av-special-heading.av-m42r19oi-6b0375d7d32814c8ccff17a2c13d9ac1{\npadding-bottom:10px;\n}\nbody .av-special-heading.av-m42r19oi-6b0375d7d32814c8ccff17a2c13d9ac1 .av-special-heading-tag .heading-char{\nfont-size:25px;\n}\n.av-special-heading.av-m42r19oi-6b0375d7d32814c8ccff17a2c13d9ac1 .av-subheading{\nfont-size:15px;\n}\n<\/style>\n<div  class='av-special-heading av-m42r19oi-6b0375d7d32814c8ccff17a2c13d9ac1 av-special-heading-h2 blockquote modern-quote  avia-builder-el-8  el_before_av_textblock  avia-builder-el-first '><h2 class='av-special-heading-tag'  itemprop=\"headline\"  >Ziele und Bedeutung<\/h2><div class=\"special-heading-border\"><div class=\"special-heading-inner-border\"><\/div><\/div><\/div><br \/>\n<section  class='av_textblock_section av-m42r6osy-fde9e501f8b2614e71af10a40d710a77 '   itemscope=\"itemscope\" itemtype=\"https:\/\/schema.org\/CreativeWork\" ><div class='avia_textblock'  itemprop=\"text\" ><p>Die European Coatings Show hat folgende Ziele:<\/p>\n<ul>\n<li>F\u00f6rdern Sie technologische Innovationen: mit Fokus auf modernste Formulierungen, nachhaltige Materialien und effiziente<\/li>\n<li>Produktionstechniken.<br \/>\nErleichtern Sie den Wissensaustausch: durch ein umfangreiches Programm aus wissenschaftlichen Konferenzen und Fachvortr\u00e4gen.<\/li>\n<li>Bieten Sie Networking-M\u00f6glichkeiten: Verbinden Sie wichtige Akteure der Branche an einem Ort, um strategische Partnerschaften und Kooperationen zu f\u00f6rdern.<\/li>\n<\/ul>\n<p>Dank ihrer F\u00e4higkeit, Trends zu antizipieren und die Zukunft der Branche zu definieren, gilt sie als unverzichtbare Veranstaltung f\u00fcr die in der Branche T\u00e4tigen.<\/p>\n<\/div><\/section><\/p><\/div><\/p>\n\n<style type=\"text\/css\" data-created_by=\"avia_inline_auto\" id=\"style-css-av-5a8ll0t-e7438d3636745c7b13a04e24ee636361\">\n.flex_column.av-5a8ll0t-e7438d3636745c7b13a04e24ee636361{\npadding:50px 0 0 0;\n}\n<\/style>\n<div  class='flex_column av-5a8ll0t-e7438d3636745c7b13a04e24ee636361 av_one_full  avia-builder-el-10  el_after_av_one_full  el_before_av_one_full  first flex_column_div  column-top-margin'     ><p>\n<style type=\"text\/css\" data-created_by=\"avia_inline_auto\" id=\"style-css-av-4rkjhd9-77fc365f2e984604c41c3e5bd9f96d50\">\n#top .av-special-heading.av-4rkjhd9-77fc365f2e984604c41c3e5bd9f96d50{\npadding-bottom:10px;\n}\nbody .av-special-heading.av-4rkjhd9-77fc365f2e984604c41c3e5bd9f96d50 .av-special-heading-tag .heading-char{\nfont-size:25px;\n}\n.av-special-heading.av-4rkjhd9-77fc365f2e984604c41c3e5bd9f96d50 .av-subheading{\nfont-size:15px;\n}\n<\/style>\n<div  class='av-special-heading av-4rkjhd9-77fc365f2e984604c41c3e5bd9f96d50 av-special-heading-h2 blockquote modern-quote  avia-builder-el-11  el_before_av_textblock  avia-builder-el-first '><h2 class='av-special-heading-tag'  itemprop=\"headline\"  >Hauptmerkmale<\/h2><div class=\"special-heading-border\"><div class=\"special-heading-inner-border\"><\/div><\/div><\/div><br \/>\n<section  class='av_textblock_section av-m42r7azq-931b97c10a7cb25008bb328c99f5b74b '   itemscope=\"itemscope\" itemtype=\"https:\/\/schema.org\/CreativeWork\" ><div class='avia_textblock'  itemprop=\"text\" ><ul>\n<li>Kommerzielle Ausstellung<br \/>\nAn der Veranstaltung nehmen Hunderte von Ausstellern aus der ganzen Welt teil, die Folgendes pr\u00e4sentieren:<br \/>\nRohstoffe f\u00fcr Beschichtungen, Farben und Klebstoffe (Harze, Pigmente, Additive etc.)<br \/>\nAusr\u00fcstung und Technologien f\u00fcr Produktion und Anwendung<br \/>\nQualit\u00e4tskontrolltools und Laborsoftware<br \/>\nInnovative L\u00f6sungen f\u00fcr die chemische Bauindustrie.<\/li>\n<li>Europ\u00e4ische Beschichtungskonferenz<br \/>\nEin paralleles Programm, das sich mit technischen und wissenschaftlichen Themen befasst, mit Beitr\u00e4gen von Experten und Wissenschaftlern zu Themen wie:<br \/>\nNeue Materialien und Formulierungen<br \/>\nReduzierung der Umweltbelastung und Nachhaltigkeit<br \/>\nTechnologien zur Verbesserung der Best\u00e4ndigkeit und Leistung von Beschichtungen<br \/>\nInternationale Vorschriften und Standards.<\/li>\n<li>Fokus auf Innovation und Nachhaltigkeit<br \/>\nDas Thema Nachhaltigkeit steht im Mittelpunkt des ECS, mit besonderem Schwerpunkt auf:<br \/>\nProdukte mit niedrigem VOC-Gehalt (fl\u00fcchtige organische Verbindungen).<br \/>\nL\u00f6sungen f\u00fcr die Kreislaufwirtschaft<br \/>\nEnergieeffizienz in Produktionsprozessen.<\/li>\n<li>Globale Vernetzung<br \/>\nDank der Teilnahme von Fachleuten und Unternehmen aus \u00fcber 100 L\u00e4ndern ist das ECS eine einzigartige Gelegenheit, strategische Beziehungen aufzubauen, neue M\u00e4rkte zu entdecken und auf ein globales Netzwerk von Innovatoren zuzugreifen.<\/li>\n<\/ul>\n<\/div><\/section><\/p><\/div>\n\n<style type=\"text\/css\" data-created_by=\"avia_inline_auto\" id=\"style-css-av-4h40yel-a22aec57a4c9b9d453879395fa90edbf\">\n.flex_column.av-4h40yel-a22aec57a4c9b9d453879395fa90edbf{\npadding:50px 0 0 0;\n}\n<\/style>\n<div  class='flex_column av-4h40yel-a22aec57a4c9b9d453879395fa90edbf av_one_full  avia-builder-el-13  el_after_av_one_full  el_before_av_one_full  first flex_column_div  column-top-margin'     ><p>\n<style type=\"text\/css\" data-created_by=\"avia_inline_auto\" id=\"style-css-av-44jpy4t-5664e96c249fb1a3fc5d456a7616b0c5\">\n#top .av-special-heading.av-44jpy4t-5664e96c249fb1a3fc5d456a7616b0c5{\npadding-bottom:10px;\n}\nbody .av-special-heading.av-44jpy4t-5664e96c249fb1a3fc5d456a7616b0c5 .av-special-heading-tag .heading-char{\nfont-size:25px;\n}\n.av-special-heading.av-44jpy4t-5664e96c249fb1a3fc5d456a7616b0c5 .av-subheading{\nfont-size:15px;\n}\n<\/style>\n<div  class='av-special-heading av-44jpy4t-5664e96c249fb1a3fc5d456a7616b0c5 av-special-heading-h2 blockquote modern-quote  avia-builder-el-14  el_before_av_textblock  avia-builder-el-first '><h2 class='av-special-heading-tag'  itemprop=\"headline\"  >Teilnehmer<\/h2><div class=\"special-heading-border\"><div class=\"special-heading-inner-border\"><\/div><\/div><\/div><br \/>\n<section  class='av_textblock_section av-m42r7kya-c8a1f1c8872c95f70fac419d1e5c4794 '   itemscope=\"itemscope\" itemtype=\"https:\/\/schema.org\/CreativeWork\" ><div class='avia_textblock'  itemprop=\"text\" ><p>Das ECS zieht ein breites Spektrum an Fachleuten an, darunter:<\/p>\n<ul>\n<li>Hersteller von Farben, Klebstoffen, Dichtstoffen und Beschichtungen<\/li>\n<li>Lieferanten von Rohstoffen und Ausr\u00fcstung<\/li>\n<li>Forscher und Wissenschaftler<\/li>\n<li>Technische Berater und F&amp;E-Spezialisten<\/li>\n<li>Produktions- und Qualit\u00e4tsmanager<\/li>\n<li>Betreiber im chemischen Bausektor.<\/li>\n<\/ul>\n<\/div><\/section><\/p><\/div>\n\n<style type=\"text\/css\" data-created_by=\"avia_inline_auto\" id=\"style-css-av-3ifpebx-d09fdc810a8eecd4f27142864bad4fcc\">\n.flex_column.av-3ifpebx-d09fdc810a8eecd4f27142864bad4fcc{\npadding:50px 0 0 0;\n}\n<\/style>\n<div  class='flex_column av-3ifpebx-d09fdc810a8eecd4f27142864bad4fcc av_one_full  avia-builder-el-16  el_after_av_one_full  el_before_av_hr  first flex_column_div  column-top-margin'     ><p>\n<style type=\"text\/css\" data-created_by=\"avia_inline_auto\" id=\"style-css-av-m42r7s09-317f55132b2a8a4638f31e30d7081b8f\">\n#top .av-special-heading.av-m42r7s09-317f55132b2a8a4638f31e30d7081b8f{\npadding-bottom:10px;\n}\nbody .av-special-heading.av-m42r7s09-317f55132b2a8a4638f31e30d7081b8f .av-special-heading-tag .heading-char{\nfont-size:25px;\n}\n.av-special-heading.av-m42r7s09-317f55132b2a8a4638f31e30d7081b8f .av-subheading{\nfont-size:15px;\n}\n<\/style>\n<div  class='av-special-heading av-m42r7s09-317f55132b2a8a4638f31e30d7081b8f av-special-heading-h2 blockquote modern-quote  avia-builder-el-17  el_before_av_textblock  avia-builder-el-first '><h2 class='av-special-heading-tag'  itemprop=\"headline\"  >Auswirkungen auf die globale Industrie<\/h2><div class=\"special-heading-border\"><div class=\"special-heading-inner-border\"><\/div><\/div><\/div><br \/>\n<section  class='av_textblock_section av-m42r80n8-8ea005d8018e94904279b78dd4578897 '   itemscope=\"itemscope\" itemtype=\"https:\/\/schema.org\/CreativeWork\" ><div class='avia_textblock'  itemprop=\"text\" ><p>Dank ihrer internationalen Relevanz bietet die European Coatings Show:<\/p>\n<ul>\n<li>Es setzt Ma\u00dfst\u00e4be f\u00fcr Qualit\u00e4t und Innovation f\u00fcr die Branche<\/li>\n<li>Hebt aufkommende Trends und regulatorische Herausforderungen hervor<\/li>\n<li>Unterst\u00fctzt den \u00dcbergang zu nachhaltigeren und verantwortungsvolleren Produktionsmodellen.<\/li>\n<\/ul>\n<\/div><\/section><\/p><\/div>\n\n<style type=\"text\/css\" data-created_by=\"avia_inline_auto\" id=\"style-css-av-34iipal-95cb6f1615cab402cd7c73669f6fc017\">\n#top .hr.hr-invisible.av-34iipal-95cb6f1615cab402cd7c73669f6fc017{\nheight:24px;\n}\n<\/style>\n<div  class='hr av-34iipal-95cb6f1615cab402cd7c73669f6fc017 hr-invisible  avia-builder-el-19  el_after_av_one_full  el_before_av_hr '><span class='hr-inner '><span class=\"hr-inner-style\"><\/span><\/span><\/div>\n<div  class='hr av-2cgpe5p-1597d6967d7ac152676a428a21715cdb hr-short  avia-builder-el-20  el_after_av_hr  el_before_av_hr  hr-left'><span class='hr-inner '><span class=\"hr-inner-style\"><\/span><\/span><\/div>\n\n<style type=\"text\/css\" data-created_by=\"avia_inline_auto\" id=\"style-css-av-27k484t-4a985c3e75b18c846eb5034210a3634f\">\n#top .hr.hr-invisible.av-27k484t-4a985c3e75b18c846eb5034210a3634f{\nheight:24px;\n}\n<\/style>\n<div  class='hr av-27k484t-4a985c3e75b18c846eb5034210a3634f hr-invisible  avia-builder-el-21  el_after_av_hr  el_before_av_one_full '><span class='hr-inner '><span class=\"hr-inner-style\"><\/span><\/span><\/div>\n\n<style type=\"text\/css\" data-created_by=\"avia_inline_auto\" id=\"style-css-av-1rdq06l-11464092b7b4a71c5b161c847716563d\">\n.flex_column.av-1rdq06l-11464092b7b4a71c5b161c847716563d{\npadding:48px 48px 48px 48px;\nbackground-color:#eceff1;\n}\n<\/style>\n<div  class='flex_column av-1rdq06l-11464092b7b4a71c5b161c847716563d av_one_full  avia-builder-el-22  el_after_av_hr  avia-builder-el-last  first flex_column_div  '     ><p>\n<style type=\"text\/css\" data-created_by=\"avia_inline_auto\" id=\"style-css-av-16ih92l-d41f0f8263569d5022f6f6da06f39e17\">\n#top .av-special-heading.av-16ih92l-d41f0f8263569d5022f6f6da06f39e17{\npadding-bottom:10px;\n}\nbody .av-special-heading.av-16ih92l-d41f0f8263569d5022f6f6da06f39e17 .av-special-heading-tag .heading-char{\nfont-size:25px;\n}\n.av-special-heading.av-16ih92l-d41f0f8263569d5022f6f6da06f39e17 .av-subheading{\nfont-size:15px;\n}\n<\/style>\n<div  class='av-special-heading av-16ih92l-d41f0f8263569d5022f6f6da06f39e17 av-special-heading-h2 blockquote modern-quote modern-centered  avia-builder-el-23  el_before_av_textblock  avia-builder-el-first '><h2 class='av-special-heading-tag'  itemprop=\"headline\"  >STAATLICHE BEIHILFEN UND DE MINIMIS<\/h2><div class=\"special-heading-border\"><div class=\"special-heading-inner-border\"><\/div><\/div><\/div><br \/>\n<section  class='av_textblock_section av-in6bnx-e9f5ec3fb3b070ad250633e4dbf98227 '   itemscope=\"itemscope\" itemtype=\"https:\/\/schema.org\/CreativeWork\" ><div class='avia_textblock'  itemprop=\"text\" ><p style=\"text-align: center;\"><strong>Informationspflichten bei \u00f6ffentlichen Zuwendungen.<\/strong><br \/>\nStaatliche Beihilfen und De-minimis-Beihilfen, die unser Unternehmen erh\u00e4lt, sind im Nationalen Register f\u00fcr staatliche Beihilfen gem\u00e4\u00df Artikel 1 aufgef\u00fchrt. 52 des Gesetzes 234\/2012, auf das verwiesen wird und das unter folgendem Link eingesehen werden kann:\u00a0<a role=\"link\" href=\"https:\/\/www.rna.gov.it\/trasparenza\" target=\"_blank\" rel=\"noopener\">Erfahren Sie mehr&gt;&gt;<\/a><\/p>\n<\/div><\/section><\/p><\/div>\n","protected":false},"excerpt":{"rendered":"","protected":false},"author":6,"featured_media":0,"parent":17454,"menu_order":0,"comment_status":"closed","ping_status":"closed","template":"","meta":{"_monsterinsights_skip_tracking":false,"_monsterinsights_sitenote_active":false,"_monsterinsights_sitenote_note":"","_monsterinsights_sitenote_category":0,"footnotes":""},"_links":{"self":[{"href":"https:\/\/www.idealtecsrl.com\/de\/wp-json\/wp\/v2\/pages\/17487"}],"collection":[{"href":"https:\/\/www.idealtecsrl.com\/de\/wp-json\/wp\/v2\/pages"}],"about":[{"href":"https:\/\/www.idealtecsrl.com\/de\/wp-json\/wp\/v2\/types\/page"}],"author":[{"embeddable":true,"href":"https:\/\/www.idealtecsrl.com\/de\/wp-json\/wp\/v2\/users\/6"}],"replies":[{"embeddable":true,"href":"https:\/\/www.idealtecsrl.com\/de\/wp-json\/wp\/v2\/comments?post=17487"}],"version-history":[{"count":2,"href":"https:\/\/www.idealtecsrl.com\/de\/wp-json\/wp\/v2\/pages\/17487\/revisions"}],"predecessor-version":[{"id":17489,"href":"https:\/\/www.idealtecsrl.com\/de\/wp-json\/wp\/v2\/pages\/17487\/revisions\/17489"}],"up":[{"embeddable":true,"href":"https:\/\/www.idealtecsrl.com\/de\/wp-json\/wp\/v2\/pages\/17454"}],"wp:attachment":[{"href":"https:\/\/www.idealtecsrl.com\/de\/wp-json\/wp\/v2\/media?parent=17487"}],"curies":[{"name":"wp","href":"https:\/\/api.w.org\/{rel}","templated":true}]}}