{"id":17502,"date":"2024-11-30T13:15:11","date_gmt":"2024-11-30T12:15:11","guid":{"rendered":"https:\/\/www.idealtecsrl.com\/ausstellungsmessen\/fakuma\/"},"modified":"2024-11-30T13:15:12","modified_gmt":"2024-11-30T12:15:12","slug":"fakuma","status":"publish","type":"page","link":"https:\/\/www.idealtecsrl.com\/de\/ausstellungsmessen\/fakuma\/","title":{"rendered":"Fakuma"},"content":{"rendered":"<div id='full_slider_1'  class='avia-fullwidth-slider main_color avia-shadow   avia-builder-el-0  el_before_av_one_half  avia-builder-el-first   container_wrap fullsize'  >\n<style type=\"text\/css\" data-created_by=\"avia_inline_auto\" id=\"style-css-av-m42rbzsd-810b482947b2352ff06235e16fd29a40\">\n#top #wrap_all .avia-slideshow .av-slideshow-caption.av-m42rbzsd-810b482947b2352ff06235e16fd29a40__0 .avia-caption-title{\ncolor:#ffffff;\n}\n#top .avia-slideshow .av-slideshow-caption.av-m42rbzsd-810b482947b2352ff06235e16fd29a40__0 .avia-caption-content{\ncolor:#ffffff;\n}\n<\/style>\n<div  class='avia-slideshow av-m42rbzsd-810b482947b2352ff06235e16fd29a40 avia-slideshow-featured av_slideshow_full avia-fade-slider av-slideshow-ui av-control-hidden av-no-slider-navigation av-hide-nav-arrows av-slideshow-autoplay av-loop-endless av-loop-manual-endless av-default-height-applied   avia-slideshow-1' data-slideshow-options=\"{&quot;animation&quot;:&quot;fade&quot;,&quot;autoplay&quot;:true,&quot;loop_autoplay&quot;:&quot;endless&quot;,&quot;interval&quot;:3,&quot;loop_manual&quot;:&quot;manual-endless&quot;,&quot;autoplay_stopper&quot;:false,&quot;noNavigation&quot;:true,&quot;bg_slider&quot;:false,&quot;transitionSpeed&quot;:800,&quot;keep_padding&quot;:false,&quot;hoverpause&quot;:false,&quot;show_slide_delay&quot;:0}\"  itemprop=\"image\" itemscope=\"itemscope\" itemtype=\"https:\/\/schema.org\/ImageObject\" ><ul class='avia-slideshow-inner ' style='padding-bottom: 28.666666666667%;'><li  class='avia-slideshow-slide av-m42rbzsd-810b482947b2352ff06235e16fd29a40__0  slide-1 slide-odd'><div data-rel='slideshow-1' class='avia-slide-wrap '   ><img decoding=\"async\" fetchpriority=\"high\" class=\"wp-image-15266 avia-img-lazy-loading-not-15266\"  src=\"https:\/\/www.idealtecsrl.com\/wp-content\/uploads\/2024\/07\/visore-ci-presentiamo-1.jpg\" width=\"1500\" height=\"430\" title='visore-ci-presentiamo-1' alt=''  itemprop=\"thumbnailUrl\"  style='min-height:400px; min-width:1396px; ' srcset=\"https:\/\/www.idealtecsrl.com\/wp-content\/uploads\/2024\/07\/visore-ci-presentiamo-1.jpg 1500w, https:\/\/www.idealtecsrl.com\/wp-content\/uploads\/2024\/07\/visore-ci-presentiamo-1-300x86.jpg 300w, https:\/\/www.idealtecsrl.com\/wp-content\/uploads\/2024\/07\/visore-ci-presentiamo-1-1030x295.jpg 1030w, https:\/\/www.idealtecsrl.com\/wp-content\/uploads\/2024\/07\/visore-ci-presentiamo-1-768x220.jpg 768w, https:\/\/www.idealtecsrl.com\/wp-content\/uploads\/2024\/07\/visore-ci-presentiamo-1-705x202.jpg 705w\" sizes=\"(max-width: 1500px) 100vw, 1500px\" \/><div class='av-section-color-overlay' style='opacity: 0.6; background-color: #18417e; '><\/div><\/div><\/li><li  class='avia-slideshow-slide av-m42rbzsd-810b482947b2352ff06235e16fd29a40__1  slide-2 slide-even'><div data-rel='slideshow-1' class='avia-slide-wrap '   ><img decoding=\"async\" fetchpriority=\"high\" class=\"wp-image-15273 avia-img-lazy-loading-not-15273\"  src=\"https:\/\/www.idealtecsrl.com\/wp-content\/uploads\/2024\/07\/visore-ci-presentiamo-2.jpg\" width=\"1500\" height=\"430\" title='visore-ci-presentiamo-2' alt=''  itemprop=\"thumbnailUrl\"  style='min-height:400px; min-width:1396px; ' srcset=\"https:\/\/www.idealtecsrl.com\/wp-content\/uploads\/2024\/07\/visore-ci-presentiamo-2.jpg 1500w, https:\/\/www.idealtecsrl.com\/wp-content\/uploads\/2024\/07\/visore-ci-presentiamo-2-300x86.jpg 300w, https:\/\/www.idealtecsrl.com\/wp-content\/uploads\/2024\/07\/visore-ci-presentiamo-2-1030x295.jpg 1030w, https:\/\/www.idealtecsrl.com\/wp-content\/uploads\/2024\/07\/visore-ci-presentiamo-2-768x220.jpg 768w, https:\/\/www.idealtecsrl.com\/wp-content\/uploads\/2024\/07\/visore-ci-presentiamo-2-705x202.jpg 705w\" sizes=\"(max-width: 1500px) 100vw, 1500px\" \/><div class='av-section-color-overlay' style='opacity: 0.6; background-color: #18417e; '><\/div><\/div><\/li><li  class='avia-slideshow-slide av-m42rbzsd-810b482947b2352ff06235e16fd29a40__2  slide-3 slide-odd'><div data-rel='slideshow-1' class='avia-slide-wrap '   ><img decoding=\"async\" fetchpriority=\"high\" class=\"wp-image-15280 avia-img-lazy-loading-not-15280\"  src=\"https:\/\/www.idealtecsrl.com\/wp-content\/uploads\/2024\/07\/visore-ci-presentiamo-3.jpg\" width=\"1500\" height=\"430\" title='visore-ci-presentiamo-3' alt=''  itemprop=\"thumbnailUrl\"  style='min-height:400px; min-width:1396px; ' srcset=\"https:\/\/www.idealtecsrl.com\/wp-content\/uploads\/2024\/07\/visore-ci-presentiamo-3.jpg 1500w, https:\/\/www.idealtecsrl.com\/wp-content\/uploads\/2024\/07\/visore-ci-presentiamo-3-300x86.jpg 300w, https:\/\/www.idealtecsrl.com\/wp-content\/uploads\/2024\/07\/visore-ci-presentiamo-3-1030x295.jpg 1030w, https:\/\/www.idealtecsrl.com\/wp-content\/uploads\/2024\/07\/visore-ci-presentiamo-3-768x220.jpg 768w, https:\/\/www.idealtecsrl.com\/wp-content\/uploads\/2024\/07\/visore-ci-presentiamo-3-705x202.jpg 705w\" sizes=\"(max-width: 1500px) 100vw, 1500px\" \/><div class='av-section-color-overlay' style='opacity: 0.6; background-color: #18417e; '><\/div><\/div><\/li><li  class='avia-slideshow-slide av-m42rbzsd-810b482947b2352ff06235e16fd29a40__3  slide-4 slide-even'><div data-rel='slideshow-1' class='avia-slide-wrap '   ><img decoding=\"async\" fetchpriority=\"high\" class=\"wp-image-15287 avia-img-lazy-loading-not-15287\"  src=\"https:\/\/www.idealtecsrl.com\/wp-content\/uploads\/2024\/07\/visore-ci-presentiamo-4.jpg\" width=\"1500\" height=\"430\" title='visore-ci-presentiamo-4' alt=''  itemprop=\"thumbnailUrl\"  style='min-height:400px; min-width:1396px; ' srcset=\"https:\/\/www.idealtecsrl.com\/wp-content\/uploads\/2024\/07\/visore-ci-presentiamo-4.jpg 1500w, https:\/\/www.idealtecsrl.com\/wp-content\/uploads\/2024\/07\/visore-ci-presentiamo-4-300x86.jpg 300w, https:\/\/www.idealtecsrl.com\/wp-content\/uploads\/2024\/07\/visore-ci-presentiamo-4-1030x295.jpg 1030w, https:\/\/www.idealtecsrl.com\/wp-content\/uploads\/2024\/07\/visore-ci-presentiamo-4-768x220.jpg 768w, https:\/\/www.idealtecsrl.com\/wp-content\/uploads\/2024\/07\/visore-ci-presentiamo-4-705x202.jpg 705w\" sizes=\"(max-width: 1500px) 100vw, 1500px\" \/><div class='av-section-color-overlay' style='opacity: 0.6; background-color: #18417e; '><\/div><\/div><\/li><li  class='avia-slideshow-slide av-m42rbzsd-810b482947b2352ff06235e16fd29a40__4  slide-5 slide-odd'><div data-rel='slideshow-1' class='avia-slide-wrap '   ><img decoding=\"async\" fetchpriority=\"high\" class=\"wp-image-15294 avia-img-lazy-loading-not-15294\"  src=\"https:\/\/www.idealtecsrl.com\/wp-content\/uploads\/2024\/07\/visore-ci-presentiamo-5.jpg\" width=\"1500\" height=\"430\" title='visore-ci-presentiamo-5' alt=''  itemprop=\"thumbnailUrl\"  style='min-height:400px; min-width:1396px; ' srcset=\"https:\/\/www.idealtecsrl.com\/wp-content\/uploads\/2024\/07\/visore-ci-presentiamo-5.jpg 1500w, https:\/\/www.idealtecsrl.com\/wp-content\/uploads\/2024\/07\/visore-ci-presentiamo-5-300x86.jpg 300w, https:\/\/www.idealtecsrl.com\/wp-content\/uploads\/2024\/07\/visore-ci-presentiamo-5-1030x295.jpg 1030w, https:\/\/www.idealtecsrl.com\/wp-content\/uploads\/2024\/07\/visore-ci-presentiamo-5-768x220.jpg 768w, https:\/\/www.idealtecsrl.com\/wp-content\/uploads\/2024\/07\/visore-ci-presentiamo-5-705x202.jpg 705w\" sizes=\"(max-width: 1500px) 100vw, 1500px\" \/><div class='av-section-color-overlay' style='opacity: 0.6; background-color: #18417e; '><\/div><\/div><\/li><\/ul><div class='avia-slideshow-arrows avia-slideshow-controls' ><a href='#prev' class='prev-slide ' aria-hidden='true' data-av_icon='\ue87c' data-av_iconfont='entypo-fontello'  tabindex='-1'>Zur\u00fcck<\/a><a href='#next' class='next-slide ' aria-hidden='true' data-av_icon='\ue87d' data-av_iconfont='entypo-fontello'  tabindex='-1'>Weiter<\/a><\/div><div class='av-slideshow-caption av-m42rbzsd-810b482947b2352ff06235e16fd29a40__0 caption_fullwidth caption_center'><div class=\"container caption_container\"><div class=\"slideshow_caption\"><div class=\"slideshow_inner_caption\"><div class=\"slideshow_align_caption\"><h1 class='avia-caption-title '  itemprop=\"name\" >Fakuma<\/h1><\/div><\/div><\/div><\/div><\/div><\/div><\/div><div id='after_full_slider_1'  class='main_color av_default_container_wrap container_wrap fullsize'  ><div class='container av-section-cont-open' ><div class='template-page content  av-content-full alpha units'><div class='post-entry post-entry-type-page post-entry-17502'><div class='entry-content-wrapper clearfix'>\n\n<style type=\"text\/css\" data-created_by=\"avia_inline_auto\" id=\"style-css-av-70z9qog-10001a1ef75903d210df979656829144\">\n.flex_column.av-70z9qog-10001a1ef75903d210df979656829144{\npadding:50px 0 0 0;\n}\n<\/style>\n<div  class='flex_column av-70z9qog-10001a1ef75903d210df979656829144 av_one_half  avia-builder-el-1  el_after_av_slideshow_full  el_before_av_one_half  avia-builder-el-first  first flex_column_div  '     ><p><section  class='av_textblock_section av-m42rcau7-c454962656def52cce2213e135de4511 '   itemscope=\"itemscope\" itemtype=\"https:\/\/schema.org\/CreativeWork\" ><div class='avia_textblock'  itemprop=\"text\" ><p>Die <strong>Fakuma<\/strong> ist eine der weltweit f\u00fchrenden Messen f\u00fcr die industrielle Verarbeitung von Kunststoffmaterialien. Sie findet alle zwei Jahre auf dem Messegel\u00e4nde Friedrichshafen in der Bodenseeregion statt. Diese Veranstaltung ist ein Bezugspunkt f\u00fcr Hersteller, Zulieferer und Innovatoren der Kunststoffindustrie und bietet einen vollst\u00e4ndigen \u00dcberblick \u00fcber Transformationstechnologien, von Materialien \u00fcber Maschinen bis hin zu Endanwendungen.<\/p>\n<\/div><\/section><br \/>\n\n<style type=\"text\/css\" data-created_by=\"avia_inline_auto\" id=\"style-css-av-6v7jlps-451720fae6dd512c9318e36b9c1fc5d9\">\n#top .hr.hr-invisible.av-6v7jlps-451720fae6dd512c9318e36b9c1fc5d9{\nheight:50px;\n}\n<\/style>\n<div  class='hr av-6v7jlps-451720fae6dd512c9318e36b9c1fc5d9 hr-invisible  avia-builder-el-3  el_after_av_textblock  el_before_av_button '><span class='hr-inner '><span class=\"hr-inner-style\"><\/span><\/span><\/div><br \/>\n<div  class='avia-button-wrap av-m42rcivr-59d5efe7d53574909531eaafbfac0ae1-wrap avia-button-left  avia-builder-el-4  el_after_av_hr  avia-builder-el-last '><a href='https:\/\/www.fakuma-messe.de\/en\/' class='avia-button av-m42rcivr-59d5efe7d53574909531eaafbfac0ae1 av-link-btn avia-icon_select-yes-right-icon avia-size-large avia-position-left av-icon-on-hover avia-color-theme-color' target=\"_blank\" rel=\"noopener noreferrer\"><span class='avia_iconbox_title' >Besuchen Sie die offizielle Website<\/span><span class='avia_button_icon avia_button_icon_right' aria-hidden='true' data-av_icon='\ue879' data-av_iconfont='entypo-fontello'><\/span><\/a><\/div><\/p><\/div>\n\n<style type=\"text\/css\" data-created_by=\"avia_inline_auto\" id=\"style-css-av-6ezpxww-c2bd24a8c8bc47375ff02ee21570f666\">\n.flex_column.av-6ezpxww-c2bd24a8c8bc47375ff02ee21570f666{\npadding:50px 0 0 0;\n}\n<\/style>\n<div  class='flex_column av-6ezpxww-c2bd24a8c8bc47375ff02ee21570f666 av_one_half  avia-builder-el-5  el_after_av_one_half  el_before_av_one_full  flex_column_div  '     ><style type=\"text\/css\" data-created_by=\"avia_inline_auto\" id=\"style-css-av-m42rcwsv-7b1836ae6bd8305a1436e58f519346da\">\n.avia-image-container.av-m42rcwsv-7b1836ae6bd8305a1436e58f519346da img.avia_image{\nbox-shadow:none;\n}\n.avia-image-container.av-m42rcwsv-7b1836ae6bd8305a1436e58f519346da .av-image-caption-overlay-center{\ncolor:#ffffff;\n}\n<\/style>\n<div  class='avia-image-container av-m42rcwsv-7b1836ae6bd8305a1436e58f519346da av-styling- avia-align-center  avia-builder-el-6  avia-builder-el-no-sibling '   itemprop=\"image\" itemscope=\"itemscope\" itemtype=\"https:\/\/schema.org\/ImageObject\" ><div class=\"avia-image-container-inner\"><div class=\"avia-image-overlay-wrap\"><img decoding=\"async\" fetchpriority=\"high\" class='wp-image-14265 avia-img-lazy-loading-not-14265 avia_image ' src=\"https:\/\/www.idealtecsrl.com\/wp-content\/uploads\/2024\/07\/Fakuma-300x300.jpg\" alt='' title='Fakuma'  height=\"300\" width=\"300\"  itemprop=\"thumbnailUrl\" srcset=\"https:\/\/www.idealtecsrl.com\/wp-content\/uploads\/2024\/07\/Fakuma-300x300.jpg 300w, https:\/\/www.idealtecsrl.com\/wp-content\/uploads\/2024\/07\/Fakuma-80x80.jpg 80w, https:\/\/www.idealtecsrl.com\/wp-content\/uploads\/2024\/07\/Fakuma-36x36.jpg 36w, https:\/\/www.idealtecsrl.com\/wp-content\/uploads\/2024\/07\/Fakuma-180x180.jpg 180w, https:\/\/www.idealtecsrl.com\/wp-content\/uploads\/2024\/07\/Fakuma.jpg 400w\" sizes=\"(max-width: 300px) 100vw, 300px\" \/><\/div><\/div><\/div><\/div>\n<style type=\"text\/css\" data-created_by=\"avia_inline_auto\" id=\"style-css-av-5u7t7sg-24b7dc12b685084c9266e66dfef26764\">\n.flex_column.av-5u7t7sg-24b7dc12b685084c9266e66dfef26764{\npadding:50px 0 0 0;\n}\n<\/style>\n<div  class='flex_column av-5u7t7sg-24b7dc12b685084c9266e66dfef26764 av_one_full  avia-builder-el-7  el_after_av_one_half  el_before_av_one_full  first flex_column_div  column-top-margin'     ><p>\n<style type=\"text\/css\" data-created_by=\"avia_inline_auto\" id=\"style-css-av-m42rd5d6-69c578f4a7988eb09419cdf646c75f83\">\n#top .av-special-heading.av-m42rd5d6-69c578f4a7988eb09419cdf646c75f83{\npadding-bottom:10px;\n}\nbody .av-special-heading.av-m42rd5d6-69c578f4a7988eb09419cdf646c75f83 .av-special-heading-tag .heading-char{\nfont-size:25px;\n}\n.av-special-heading.av-m42rd5d6-69c578f4a7988eb09419cdf646c75f83 .av-subheading{\nfont-size:15px;\n}\n<\/style>\n<div  class='av-special-heading av-m42rd5d6-69c578f4a7988eb09419cdf646c75f83 av-special-heading-h2 blockquote modern-quote  avia-builder-el-8  el_before_av_textblock  avia-builder-el-first '><h2 class='av-special-heading-tag'  itemprop=\"headline\"  >Ziele und Bedeutung<\/h2><div class=\"special-heading-border\"><div class=\"special-heading-inner-border\"><\/div><\/div><\/div><br \/>\n<section  class='av_textblock_section av-m42rdcd4-262650b02d5b7901764952dcf0cde595 '   itemscope=\"itemscope\" itemtype=\"https:\/\/schema.org\/CreativeWork\" ><div class='avia_textblock'  itemprop=\"text\" ><p>Die Fakuma zeichnet sich durch ihren Fokus auf die gesamte Kunststoff-Wertsch\u00f6pfungskette aus und stellt eine globale Plattform dar f\u00fcr:<\/p>\n<ul>\n<li>F\u00f6rdern Sie technologische Innovationen: mit einem starken Schwerpunkt auf fortschrittlichen Technologien f\u00fcr Formen, Extrusion und Pr\u00e4zisionsbearbeitung.<\/li>\n<li>Erleichtern Sie den Wissensaustausch: dank eines umfangreichen<br \/>\nProgramms aus Workshops, Konferenzen und praktischen Vorf\u00fchrungen.<\/li>\n<li>Unterst\u00fctzen Sie die industrielle Nachhaltigkeit: Konzentration auf L\u00f6sungen f\u00fcr Recycling, Kreislaufwirtschaft und Reduzierung der Umweltbelastung.<\/li>\n<\/ul>\n<\/div><\/section><\/p><\/div><\/p>\n\n<style type=\"text\/css\" data-created_by=\"avia_inline_auto\" id=\"style-css-av-5cnaapc-1b4bf01acbd9e4a10bb31f86cf4bd3c7\">\n.flex_column.av-5cnaapc-1b4bf01acbd9e4a10bb31f86cf4bd3c7{\npadding:50px 0 0 0;\n}\n<\/style>\n<div  class='flex_column av-5cnaapc-1b4bf01acbd9e4a10bb31f86cf4bd3c7 av_one_full  avia-builder-el-10  el_after_av_one_full  el_before_av_one_full  first flex_column_div  column-top-margin'     ><p>\n<style type=\"text\/css\" data-created_by=\"avia_inline_auto\" id=\"style-css-av-50q0rjk-928b4f5ad36d7d42584ecde5ee3965ac\">\n#top .av-special-heading.av-50q0rjk-928b4f5ad36d7d42584ecde5ee3965ac{\npadding-bottom:10px;\n}\nbody .av-special-heading.av-50q0rjk-928b4f5ad36d7d42584ecde5ee3965ac .av-special-heading-tag .heading-char{\nfont-size:25px;\n}\n.av-special-heading.av-50q0rjk-928b4f5ad36d7d42584ecde5ee3965ac .av-subheading{\nfont-size:15px;\n}\n<\/style>\n<div  class='av-special-heading av-50q0rjk-928b4f5ad36d7d42584ecde5ee3965ac av-special-heading-h2 blockquote modern-quote  avia-builder-el-11  el_before_av_textblock  avia-builder-el-first '><h2 class='av-special-heading-tag'  itemprop=\"headline\"  >Hauptmerkmale<\/h2><div class=\"special-heading-border\"><div class=\"special-heading-inner-border\"><\/div><\/div><\/div><br \/>\n<section  class='av_textblock_section av-m42rdq1f-0ed722bbb4bd886058e771a3de62cef0 '   itemscope=\"itemscope\" itemtype=\"https:\/\/schema.org\/CreativeWork\" ><div class='avia_textblock'  itemprop=\"text\" ><ul>\n<li>Auf der Fakuma pr\u00e4sentieren \u00fcber 1.500 internationale Aussteller die neuesten Innovationen in:<br \/>\nSpritzguss: Maschinen und Technologien zur Herstellung hochpr\u00e4ziser Kunststoffteile.<br \/>\nExtrusion: L\u00f6sungen zur Herstellung von Folien, Schl\u00e4uchen und Kunststoffprofilen.<br \/>\nAdditive und Verbindungen: Fortschrittliche Materialien, einschlie\u00dflich technischer Polymere, Thermoplaste, biologisch abbaubare und recycelbare Materialien.<br \/>\nAdditive Technologien (3D-Druck): Integration additiver Technologien in industrielle Fertigungsprozesse.<br \/>\nAutomatisierung und Robotik: Systeme zur Optimierung der Produktion, Verbesserung der Qualit\u00e4t und Reduzierung der Zykluszeiten.<\/li>\n<li>Fokus auf Nachhaltigkeit Die Fakuma legt besonderen Wert auf:<br \/>\n\u00d6kologische Materialien: Recycelter Kunststoff und Biopolymere.<br \/>\nEnergieeffizienz: Technologien, die den Energieverbrauch in Produktionsprozessen senken.<br \/>\nKreislaufwirtschaft: Strategien und Innovationen f\u00fcr das Recycling und die Wiederverwendung von Kunststoffmaterialien.<\/li>\n<li>Live-Hands-On-Demonstrationen Besucher k\u00f6nnen die Technologien in Live-Demonstrationen in Aktion sehen, darunter:<br \/>\nSpritzgussverfahren<br \/>\nFolien- und Profilextrusion<br \/>\nRoboterverarbeitungs- und Automatisierungssysteme.<\/li>\n<li>Technisches Programm Zus\u00e4tzlich zum Ausstellungsbereich bietet die Fakuma Schulungen und Fachvortr\u00e4ge zu folgenden Themen an:<br \/>\nTrends und Herausforderungen im globalen Kunststoffmarkt.<br \/>\nUmweltvorschriften und Innovationen zur Einhaltung.<br \/>\nFortschrittliche Anwendungen in den Bereichen Automobil, Medizin, Elektronik und Verpackung.<\/li>\n<\/ul>\n<\/div><\/section><\/p><\/div>\n\n<style type=\"text\/css\" data-created_by=\"avia_inline_auto\" id=\"style-css-av-4hz3s6o-3e8b06ca9100e7aa93a187597127b796\">\n.flex_column.av-4hz3s6o-3e8b06ca9100e7aa93a187597127b796{\npadding:50px 0 0 0;\n}\n<\/style>\n<div  class='flex_column av-4hz3s6o-3e8b06ca9100e7aa93a187597127b796 av_one_full  avia-builder-el-13  el_after_av_one_full  el_before_av_one_full  first flex_column_div  column-top-margin'     ><p>\n<style type=\"text\/css\" data-created_by=\"avia_inline_auto\" id=\"style-css-av-3xd9ofk-4a5448ba9036b8060922c230ae65b3f4\">\n#top .av-special-heading.av-3xd9ofk-4a5448ba9036b8060922c230ae65b3f4{\npadding-bottom:10px;\n}\nbody .av-special-heading.av-3xd9ofk-4a5448ba9036b8060922c230ae65b3f4 .av-special-heading-tag .heading-char{\nfont-size:25px;\n}\n.av-special-heading.av-3xd9ofk-4a5448ba9036b8060922c230ae65b3f4 .av-subheading{\nfont-size:15px;\n}\n<\/style>\n<div  class='av-special-heading av-3xd9ofk-4a5448ba9036b8060922c230ae65b3f4 av-special-heading-h2 blockquote modern-quote  avia-builder-el-14  el_before_av_textblock  avia-builder-el-first '><h2 class='av-special-heading-tag'  itemprop=\"headline\"  >Teilnehmer<\/h2><div class=\"special-heading-border\"><div class=\"special-heading-inner-border\"><\/div><\/div><\/div><br \/>\n<section  class='av_textblock_section av-m42rdy1z-69cc736a62677bebaa13a95fc393b2d9 '   itemscope=\"itemscope\" itemtype=\"https:\/\/schema.org\/CreativeWork\" ><div class='avia_textblock'  itemprop=\"text\" ><p>Die Fakuma zieht ein breites Spektrum an Besuchern und Branchenakteuren an, darunter:<\/p>\n<ul>\n<li>Hersteller von Kunststoffmaterialien und -komponenten<\/li>\n<li>Lieferanten von Rohstoffen und Maschinen<\/li>\n<li>Ingenieure und Designer<\/li>\n<li>Verantwortlich f\u00fcr Produktion und Qualit\u00e4t<\/li>\n<li>Vertreter aus den Bereichen Automotive, Medizin, Elektronik und Verpackung.<\/li>\n<\/ul>\n<\/div><\/section><\/p><\/div>\n\n<style type=\"text\/css\" data-created_by=\"avia_inline_auto\" id=\"style-css-av-3cueqpc-3c69c6a2f99104ca4b244c2f7e8fdfdd\">\n.flex_column.av-3cueqpc-3c69c6a2f99104ca4b244c2f7e8fdfdd{\npadding:50px 0 0 0;\n}\n<\/style>\n<div  class='flex_column av-3cueqpc-3c69c6a2f99104ca4b244c2f7e8fdfdd av_one_full  avia-builder-el-16  el_after_av_one_full  el_before_av_hr  first flex_column_div  column-top-margin'     ><p>\n<style type=\"text\/css\" data-created_by=\"avia_inline_auto\" id=\"style-css-av-m42re43d-f7ace2f18c3d1cc87428fa036dbcdff8\">\n#top .av-special-heading.av-m42re43d-f7ace2f18c3d1cc87428fa036dbcdff8{\npadding-bottom:10px;\n}\nbody .av-special-heading.av-m42re43d-f7ace2f18c3d1cc87428fa036dbcdff8 .av-special-heading-tag .heading-char{\nfont-size:25px;\n}\n.av-special-heading.av-m42re43d-f7ace2f18c3d1cc87428fa036dbcdff8 .av-subheading{\nfont-size:15px;\n}\n<\/style>\n<div  class='av-special-heading av-m42re43d-f7ace2f18c3d1cc87428fa036dbcdff8 av-special-heading-h2 blockquote modern-quote  avia-builder-el-17  el_before_av_textblock  avia-builder-el-first '><h2 class='av-special-heading-tag'  itemprop=\"headline\"  >Auswirkungen auf die Branche<\/h2><div class=\"special-heading-border\"><div class=\"special-heading-inner-border\"><\/div><\/div><\/div><br \/>\n<section  class='av_textblock_section av-m42reb87-dcf74f061c3dbe80b596ae6a47a9e944 '   itemscope=\"itemscope\" itemtype=\"https:\/\/schema.org\/CreativeWork\" ><div class='avia_textblock'  itemprop=\"text\" ><p>Die Fakuma spielt eine entscheidende Rolle in der Entwicklung der Kunststoffbranche, denn:<\/p>\n<ul>\n<li>Markttrends antizipieren: Spitzentechnologien pr\u00e4sentieren.<\/li>\n<li>Unterst\u00fctzt die Internationalisierung: F\u00f6rderung der Zusammenarbeit zwischen globalen und lokalen Unternehmen.<\/li>\n<li>Tr\u00e4gt zum \u00dcbergang zur Nachhaltigkeit bei: F\u00f6rderung innovativer L\u00f6sungen f\u00fcr das Ressourcenmanagement.<\/li>\n<\/ul>\n<\/div><\/section><\/p><\/div>\n\n<style type=\"text\/css\" data-created_by=\"avia_inline_auto\" id=\"style-css-av-34zwk5s-a761fda943150f7ed6e5cbd9325a357e\">\n#top .hr.hr-invisible.av-34zwk5s-a761fda943150f7ed6e5cbd9325a357e{\nheight:24px;\n}\n<\/style>\n<div  class='hr av-34zwk5s-a761fda943150f7ed6e5cbd9325a357e hr-invisible  avia-builder-el-19  el_after_av_one_full  el_before_av_hr '><span class='hr-inner '><span class=\"hr-inner-style\"><\/span><\/span><\/div>\n<div  class='hr av-9ubfio-276aed3a3d2fa516781198568424cbbe hr-short  avia-builder-el-20  el_after_av_hr  el_before_av_hr  hr-left'><span class='hr-inner '><span class=\"hr-inner-style\"><\/span><\/span><\/div>\n\n<style type=\"text\/css\" data-created_by=\"avia_inline_auto\" id=\"style-css-av-28gx7kg-e9e4c148e8f65eeff249f68fd7e9c19d\">\n#top .hr.hr-invisible.av-28gx7kg-e9e4c148e8f65eeff249f68fd7e9c19d{\nheight:24px;\n}\n<\/style>\n<div  class='hr av-28gx7kg-e9e4c148e8f65eeff249f68fd7e9c19d hr-invisible  avia-builder-el-21  el_after_av_hr  el_before_av_one_full '><span class='hr-inner '><span class=\"hr-inner-style\"><\/span><\/span><\/div>\n\n<style type=\"text\/css\" data-created_by=\"avia_inline_auto\" id=\"style-css-av-1m0a9qo-0b69e5a9f284781a1cd8df2f3fa8911a\">\n.flex_column.av-1m0a9qo-0b69e5a9f284781a1cd8df2f3fa8911a{\npadding:48px 48px 48px 48px;\nbackground-color:#eceff1;\n}\n<\/style>\n<div  class='flex_column av-1m0a9qo-0b69e5a9f284781a1cd8df2f3fa8911a av_one_full  avia-builder-el-22  el_after_av_hr  avia-builder-el-last  first flex_column_div  '     ><p>\n<style type=\"text\/css\" data-created_by=\"avia_inline_auto\" id=\"style-css-av-11iwx0w-4f1f87b1be51cb2aae6e5584f2dc3103\">\n#top .av-special-heading.av-11iwx0w-4f1f87b1be51cb2aae6e5584f2dc3103{\npadding-bottom:10px;\n}\nbody .av-special-heading.av-11iwx0w-4f1f87b1be51cb2aae6e5584f2dc3103 .av-special-heading-tag .heading-char{\nfont-size:25px;\n}\n.av-special-heading.av-11iwx0w-4f1f87b1be51cb2aae6e5584f2dc3103 .av-subheading{\nfont-size:15px;\n}\n<\/style>\n<div  class='av-special-heading av-11iwx0w-4f1f87b1be51cb2aae6e5584f2dc3103 av-special-heading-h2 blockquote modern-quote modern-centered  avia-builder-el-23  el_before_av_textblock  avia-builder-el-first '><h2 class='av-special-heading-tag'  itemprop=\"headline\"  >STAATLICHE BEIHILFEN UND DE MINIMIS<\/h2><div class=\"special-heading-border\"><div class=\"special-heading-inner-border\"><\/div><\/div><\/div><br \/>\n<section  class='av_textblock_section av-mftb00-37cc599cd0a6f5bd09bf249c23c5b87a '   itemscope=\"itemscope\" itemtype=\"https:\/\/schema.org\/CreativeWork\" ><div class='avia_textblock'  itemprop=\"text\" ><p style=\"text-align: center;\"><strong>Informationspflichten bei \u00f6ffentlichen Zuwendungen.<\/strong><br \/>\nStaatliche Beihilfen und De-minimis-Beihilfen, die unser Unternehmen erh\u00e4lt, sind im Nationalen Register f\u00fcr staatliche Beihilfen gem\u00e4\u00df Artikel 1 aufgef\u00fchrt. 52 des Gesetzes 234\/2012, auf das verwiesen wird und das unter folgendem Link eingesehen werden kann:\u00a0<a role=\"link\" href=\"https:\/\/www.rna.gov.it\/trasparenza\" target=\"_blank\" rel=\"noopener\">Erfahren Sie mehr&gt;&gt;<\/a><\/p>\n<\/div><\/section><\/p><\/div>\n","protected":false},"excerpt":{"rendered":"","protected":false},"author":6,"featured_media":0,"parent":17454,"menu_order":0,"comment_status":"closed","ping_status":"closed","template":"","meta":{"_monsterinsights_skip_tracking":false,"_monsterinsights_sitenote_active":false,"_monsterinsights_sitenote_note":"","_monsterinsights_sitenote_category":0,"footnotes":""},"_links":{"self":[{"href":"https:\/\/www.idealtecsrl.com\/de\/wp-json\/wp\/v2\/pages\/17502"}],"collection":[{"href":"https:\/\/www.idealtecsrl.com\/de\/wp-json\/wp\/v2\/pages"}],"about":[{"href":"https:\/\/www.idealtecsrl.com\/de\/wp-json\/wp\/v2\/types\/page"}],"author":[{"embeddable":true,"href":"https:\/\/www.idealtecsrl.com\/de\/wp-json\/wp\/v2\/users\/6"}],"replies":[{"embeddable":true,"href":"https:\/\/www.idealtecsrl.com\/de\/wp-json\/wp\/v2\/comments?post=17502"}],"version-history":[{"count":2,"href":"https:\/\/www.idealtecsrl.com\/de\/wp-json\/wp\/v2\/pages\/17502\/revisions"}],"predecessor-version":[{"id":17504,"href":"https:\/\/www.idealtecsrl.com\/de\/wp-json\/wp\/v2\/pages\/17502\/revisions\/17504"}],"up":[{"embeddable":true,"href":"https:\/\/www.idealtecsrl.com\/de\/wp-json\/wp\/v2\/pages\/17454"}],"wp:attachment":[{"href":"https:\/\/www.idealtecsrl.com\/de\/wp-json\/wp\/v2\/media?parent=17502"}],"curies":[{"name":"wp","href":"https:\/\/api.w.org\/{rel}","templated":true}]}}