{"id":17523,"date":"2024-11-30T13:32:53","date_gmt":"2024-11-30T12:32:53","guid":{"rendered":"https:\/\/www.idealtecsrl.com\/ausstellungsmessen\/ipack-ima\/"},"modified":"2024-11-30T13:32:54","modified_gmt":"2024-11-30T12:32:54","slug":"ipack-ima","status":"publish","type":"page","link":"https:\/\/www.idealtecsrl.com\/de\/ausstellungsmessen\/ipack-ima\/","title":{"rendered":"IPACK-IMA"},"content":{"rendered":"<div id='full_slider_1'  class='avia-fullwidth-slider main_color avia-shadow   avia-builder-el-0  el_before_av_one_half  avia-builder-el-first   container_wrap fullsize'  >\n<style type=\"text\/css\" data-created_by=\"avia_inline_auto\" id=\"style-css-av-m42rfgey-3f54e2b33cdcccae67b192d0b552e753\">\n#top #wrap_all .avia-slideshow .av-slideshow-caption.av-m42rfgey-3f54e2b33cdcccae67b192d0b552e753__0 .avia-caption-title{\ncolor:#ffffff;\n}\n#top .avia-slideshow .av-slideshow-caption.av-m42rfgey-3f54e2b33cdcccae67b192d0b552e753__0 .avia-caption-content{\ncolor:#ffffff;\n}\n<\/style>\n<div  class='avia-slideshow av-m42rfgey-3f54e2b33cdcccae67b192d0b552e753 avia-slideshow-featured av_slideshow_full avia-fade-slider av-slideshow-ui av-control-hidden av-no-slider-navigation av-hide-nav-arrows av-slideshow-autoplay av-loop-endless av-loop-manual-endless av-default-height-applied   avia-slideshow-1' data-slideshow-options=\"{&quot;animation&quot;:&quot;fade&quot;,&quot;autoplay&quot;:true,&quot;loop_autoplay&quot;:&quot;endless&quot;,&quot;interval&quot;:3,&quot;loop_manual&quot;:&quot;manual-endless&quot;,&quot;autoplay_stopper&quot;:false,&quot;noNavigation&quot;:true,&quot;bg_slider&quot;:false,&quot;transitionSpeed&quot;:800,&quot;keep_padding&quot;:false,&quot;hoverpause&quot;:false,&quot;show_slide_delay&quot;:0}\"  itemprop=\"image\" itemscope=\"itemscope\" itemtype=\"https:\/\/schema.org\/ImageObject\" ><ul class='avia-slideshow-inner ' style='padding-bottom: 28.666666666667%;'><li  class='avia-slideshow-slide av-m42rfgey-3f54e2b33cdcccae67b192d0b552e753__0  slide-1 slide-odd'><div data-rel='slideshow-1' class='avia-slide-wrap '   ><img decoding=\"async\" fetchpriority=\"high\" class=\"wp-image-15266 avia-img-lazy-loading-not-15266\"  src=\"https:\/\/www.idealtecsrl.com\/wp-content\/uploads\/2024\/07\/visore-ci-presentiamo-1.jpg\" width=\"1500\" height=\"430\" title='visore-ci-presentiamo-1' alt=''  itemprop=\"thumbnailUrl\"  style='min-height:400px; min-width:1396px; ' srcset=\"https:\/\/www.idealtecsrl.com\/wp-content\/uploads\/2024\/07\/visore-ci-presentiamo-1.jpg 1500w, https:\/\/www.idealtecsrl.com\/wp-content\/uploads\/2024\/07\/visore-ci-presentiamo-1-300x86.jpg 300w, https:\/\/www.idealtecsrl.com\/wp-content\/uploads\/2024\/07\/visore-ci-presentiamo-1-1030x295.jpg 1030w, https:\/\/www.idealtecsrl.com\/wp-content\/uploads\/2024\/07\/visore-ci-presentiamo-1-768x220.jpg 768w, https:\/\/www.idealtecsrl.com\/wp-content\/uploads\/2024\/07\/visore-ci-presentiamo-1-705x202.jpg 705w\" sizes=\"(max-width: 1500px) 100vw, 1500px\" \/><div class='av-section-color-overlay' style='opacity: 0.6; background-color: #18417e; '><\/div><\/div><\/li><li  class='avia-slideshow-slide av-m42rfgey-3f54e2b33cdcccae67b192d0b552e753__1  slide-2 slide-even'><div data-rel='slideshow-1' class='avia-slide-wrap '   ><img decoding=\"async\" fetchpriority=\"high\" class=\"wp-image-15273 avia-img-lazy-loading-not-15273\"  src=\"https:\/\/www.idealtecsrl.com\/wp-content\/uploads\/2024\/07\/visore-ci-presentiamo-2.jpg\" width=\"1500\" height=\"430\" title='visore-ci-presentiamo-2' alt=''  itemprop=\"thumbnailUrl\"  style='min-height:400px; min-width:1396px; ' srcset=\"https:\/\/www.idealtecsrl.com\/wp-content\/uploads\/2024\/07\/visore-ci-presentiamo-2.jpg 1500w, https:\/\/www.idealtecsrl.com\/wp-content\/uploads\/2024\/07\/visore-ci-presentiamo-2-300x86.jpg 300w, https:\/\/www.idealtecsrl.com\/wp-content\/uploads\/2024\/07\/visore-ci-presentiamo-2-1030x295.jpg 1030w, https:\/\/www.idealtecsrl.com\/wp-content\/uploads\/2024\/07\/visore-ci-presentiamo-2-768x220.jpg 768w, https:\/\/www.idealtecsrl.com\/wp-content\/uploads\/2024\/07\/visore-ci-presentiamo-2-705x202.jpg 705w\" sizes=\"(max-width: 1500px) 100vw, 1500px\" \/><div class='av-section-color-overlay' style='opacity: 0.6; background-color: #18417e; '><\/div><\/div><\/li><li  class='avia-slideshow-slide av-m42rfgey-3f54e2b33cdcccae67b192d0b552e753__2  slide-3 slide-odd'><div data-rel='slideshow-1' class='avia-slide-wrap '   ><img decoding=\"async\" fetchpriority=\"high\" class=\"wp-image-15280 avia-img-lazy-loading-not-15280\"  src=\"https:\/\/www.idealtecsrl.com\/wp-content\/uploads\/2024\/07\/visore-ci-presentiamo-3.jpg\" width=\"1500\" height=\"430\" title='visore-ci-presentiamo-3' alt=''  itemprop=\"thumbnailUrl\"  style='min-height:400px; min-width:1396px; ' srcset=\"https:\/\/www.idealtecsrl.com\/wp-content\/uploads\/2024\/07\/visore-ci-presentiamo-3.jpg 1500w, https:\/\/www.idealtecsrl.com\/wp-content\/uploads\/2024\/07\/visore-ci-presentiamo-3-300x86.jpg 300w, https:\/\/www.idealtecsrl.com\/wp-content\/uploads\/2024\/07\/visore-ci-presentiamo-3-1030x295.jpg 1030w, https:\/\/www.idealtecsrl.com\/wp-content\/uploads\/2024\/07\/visore-ci-presentiamo-3-768x220.jpg 768w, https:\/\/www.idealtecsrl.com\/wp-content\/uploads\/2024\/07\/visore-ci-presentiamo-3-705x202.jpg 705w\" sizes=\"(max-width: 1500px) 100vw, 1500px\" \/><div class='av-section-color-overlay' style='opacity: 0.6; background-color: #18417e; '><\/div><\/div><\/li><li  class='avia-slideshow-slide av-m42rfgey-3f54e2b33cdcccae67b192d0b552e753__3  slide-4 slide-even'><div data-rel='slideshow-1' class='avia-slide-wrap '   ><img decoding=\"async\" fetchpriority=\"high\" class=\"wp-image-15287 avia-img-lazy-loading-not-15287\"  src=\"https:\/\/www.idealtecsrl.com\/wp-content\/uploads\/2024\/07\/visore-ci-presentiamo-4.jpg\" width=\"1500\" height=\"430\" title='visore-ci-presentiamo-4' alt=''  itemprop=\"thumbnailUrl\"  style='min-height:400px; min-width:1396px; ' srcset=\"https:\/\/www.idealtecsrl.com\/wp-content\/uploads\/2024\/07\/visore-ci-presentiamo-4.jpg 1500w, https:\/\/www.idealtecsrl.com\/wp-content\/uploads\/2024\/07\/visore-ci-presentiamo-4-300x86.jpg 300w, https:\/\/www.idealtecsrl.com\/wp-content\/uploads\/2024\/07\/visore-ci-presentiamo-4-1030x295.jpg 1030w, https:\/\/www.idealtecsrl.com\/wp-content\/uploads\/2024\/07\/visore-ci-presentiamo-4-768x220.jpg 768w, https:\/\/www.idealtecsrl.com\/wp-content\/uploads\/2024\/07\/visore-ci-presentiamo-4-705x202.jpg 705w\" sizes=\"(max-width: 1500px) 100vw, 1500px\" \/><div class='av-section-color-overlay' style='opacity: 0.6; background-color: #18417e; '><\/div><\/div><\/li><li  class='avia-slideshow-slide av-m42rfgey-3f54e2b33cdcccae67b192d0b552e753__4  slide-5 slide-odd'><div data-rel='slideshow-1' class='avia-slide-wrap '   ><img decoding=\"async\" fetchpriority=\"high\" class=\"wp-image-15294 avia-img-lazy-loading-not-15294\"  src=\"https:\/\/www.idealtecsrl.com\/wp-content\/uploads\/2024\/07\/visore-ci-presentiamo-5.jpg\" width=\"1500\" height=\"430\" title='visore-ci-presentiamo-5' alt=''  itemprop=\"thumbnailUrl\"  style='min-height:400px; min-width:1396px; ' srcset=\"https:\/\/www.idealtecsrl.com\/wp-content\/uploads\/2024\/07\/visore-ci-presentiamo-5.jpg 1500w, https:\/\/www.idealtecsrl.com\/wp-content\/uploads\/2024\/07\/visore-ci-presentiamo-5-300x86.jpg 300w, https:\/\/www.idealtecsrl.com\/wp-content\/uploads\/2024\/07\/visore-ci-presentiamo-5-1030x295.jpg 1030w, https:\/\/www.idealtecsrl.com\/wp-content\/uploads\/2024\/07\/visore-ci-presentiamo-5-768x220.jpg 768w, https:\/\/www.idealtecsrl.com\/wp-content\/uploads\/2024\/07\/visore-ci-presentiamo-5-705x202.jpg 705w\" sizes=\"(max-width: 1500px) 100vw, 1500px\" \/><div class='av-section-color-overlay' style='opacity: 0.6; background-color: #18417e; '><\/div><\/div><\/li><\/ul><div class='avia-slideshow-arrows avia-slideshow-controls' ><a href='#prev' class='prev-slide ' aria-hidden='true' data-av_icon='\ue87c' data-av_iconfont='entypo-fontello'  tabindex='-1'>Zur\u00fcck<\/a><a href='#next' class='next-slide ' aria-hidden='true' data-av_icon='\ue87d' data-av_iconfont='entypo-fontello'  tabindex='-1'>Weiter<\/a><\/div><div class='av-slideshow-caption av-m42rfgey-3f54e2b33cdcccae67b192d0b552e753__0 caption_fullwidth caption_center'><div class=\"container caption_container\"><div class=\"slideshow_caption\"><div class=\"slideshow_inner_caption\"><div class=\"slideshow_align_caption\"><h1 class='avia-caption-title '  itemprop=\"name\" >IPACK-IMA<\/h1><\/div><\/div><\/div><\/div><\/div><\/div><\/div><div id='after_full_slider_1'  class='main_color av_default_container_wrap container_wrap fullsize'  ><div class='container av-section-cont-open' ><div class='template-page content  av-content-full alpha units'><div class='post-entry post-entry-type-page post-entry-17523'><div class='entry-content-wrapper clearfix'>\n\n<style type=\"text\/css\" data-created_by=\"avia_inline_auto\" id=\"style-css-av-2n7l1u-170b791aa33636196e8a12ac8cf37570\">\n.flex_column.av-2n7l1u-170b791aa33636196e8a12ac8cf37570{\npadding:50px 0 0 0;\n}\n<\/style>\n<div  class='flex_column av-2n7l1u-170b791aa33636196e8a12ac8cf37570 av_one_half  avia-builder-el-1  el_after_av_slideshow_full  el_before_av_one_half  avia-builder-el-first  first flex_column_div  '     ><p><section  class='av_textblock_section av-m42ri1kw-e888d6eae145f190410275710602f14e '   itemscope=\"itemscope\" itemtype=\"https:\/\/schema.org\/CreativeWork\" ><div class='avia_textblock'  itemprop=\"text\" ><p><strong>IPACK-IMA<\/strong> ist eine der wichtigsten internationalen Messen f\u00fcr Verarbeitungs- und Verpackungstechnologien im Industrie- und Konsumg\u00fcterbereich. Die alle drei Jahre auf der Fiera Milano organisierte Veranstaltung zeichnet sich durch ihr Augenmerk auf Innovation, Nachhaltigkeit und Automatisierung aus und bietet einen vollst\u00e4ndigen \u00dcberblick \u00fcber modernste technologische L\u00f6sungen f\u00fcr Verpackung und Verarbeitung.<\/p>\n<\/div><\/section><br \/>\n\n<style type=\"text\/css\" data-created_by=\"avia_inline_auto\" id=\"style-css-av-6vmdaoi-08d1c2f3944b93c9ba832f12345be772\">\n#top .hr.hr-invisible.av-6vmdaoi-08d1c2f3944b93c9ba832f12345be772{\nheight:50px;\n}\n<\/style>\n<div  class='hr av-6vmdaoi-08d1c2f3944b93c9ba832f12345be772 hr-invisible  avia-builder-el-3  el_after_av_textblock  el_before_av_button '><span class='hr-inner '><span class=\"hr-inner-style\"><\/span><\/span><\/div><br \/>\n<div  class='avia-button-wrap av-m42rhth0-9a4f487f5b55020f26381679fc51544d-wrap avia-button-left  avia-builder-el-4  el_after_av_hr  avia-builder-el-last '><a href='https:\/\/www.ipackima.com\/' class='avia-button av-m42rhth0-9a4f487f5b55020f26381679fc51544d av-link-btn avia-icon_select-yes-right-icon avia-size-large avia-position-left av-icon-on-hover avia-color-theme-color' target=\"_blank\" rel=\"noopener noreferrer\"><span class='avia_iconbox_title' >Besuchen Sie die offizielle Website<\/span><span class='avia_button_icon avia_button_icon_right' aria-hidden='true' data-av_icon='\ue879' data-av_iconfont='entypo-fontello'><\/span><\/a><\/div><\/p><\/div>\n\n<style type=\"text\/css\" data-created_by=\"avia_inline_auto\" id=\"style-css-av-6blyspe-bbd706700ddb4a914bf1ae451048efdb\">\n.flex_column.av-6blyspe-bbd706700ddb4a914bf1ae451048efdb{\npadding:50px 0 0 0;\n}\n<\/style>\n<div  class='flex_column av-6blyspe-bbd706700ddb4a914bf1ae451048efdb av_one_half  avia-builder-el-5  el_after_av_one_half  el_before_av_one_full  flex_column_div  '     ><style type=\"text\/css\" data-created_by=\"avia_inline_auto\" id=\"style-css-av-m42rhmpk-f7a145ffcf6c436832f737e9a00d2a05\">\n.avia-image-container.av-m42rhmpk-f7a145ffcf6c436832f737e9a00d2a05 img.avia_image{\nbox-shadow:none;\n}\n.avia-image-container.av-m42rhmpk-f7a145ffcf6c436832f737e9a00d2a05 .av-image-caption-overlay-center{\ncolor:#ffffff;\n}\n<\/style>\n<div  class='avia-image-container av-m42rhmpk-f7a145ffcf6c436832f737e9a00d2a05 av-styling- avia-align-center  avia-builder-el-6  avia-builder-el-no-sibling '   itemprop=\"image\" itemscope=\"itemscope\" itemtype=\"https:\/\/schema.org\/ImageObject\" ><div class=\"avia-image-container-inner\"><div class=\"avia-image-overlay-wrap\"><img decoding=\"async\" fetchpriority=\"high\" class='wp-image-14272 avia-img-lazy-loading-not-14272 avia_image ' src=\"https:\/\/www.idealtecsrl.com\/wp-content\/uploads\/2024\/07\/IPACK-IMA-300x300.jpg\" alt='' title='IPACK-IMA'  height=\"300\" width=\"300\"  itemprop=\"thumbnailUrl\" srcset=\"https:\/\/www.idealtecsrl.com\/wp-content\/uploads\/2024\/07\/IPACK-IMA-300x300.jpg 300w, https:\/\/www.idealtecsrl.com\/wp-content\/uploads\/2024\/07\/IPACK-IMA-80x80.jpg 80w, https:\/\/www.idealtecsrl.com\/wp-content\/uploads\/2024\/07\/IPACK-IMA-36x36.jpg 36w, https:\/\/www.idealtecsrl.com\/wp-content\/uploads\/2024\/07\/IPACK-IMA-180x180.jpg 180w, https:\/\/www.idealtecsrl.com\/wp-content\/uploads\/2024\/07\/IPACK-IMA.jpg 400w\" sizes=\"(max-width: 300px) 100vw, 300px\" \/><\/div><\/div><\/div><\/div>\n<style type=\"text\/css\" data-created_by=\"avia_inline_auto\" id=\"style-css-av-5pcnhma-6a2dced47a5a0880845d09f9f3dacb7f\">\n.flex_column.av-5pcnhma-6a2dced47a5a0880845d09f9f3dacb7f{\npadding:50px 0 0 0;\n}\n<\/style>\n<div  class='flex_column av-5pcnhma-6a2dced47a5a0880845d09f9f3dacb7f av_one_full  avia-builder-el-7  el_after_av_one_half  el_before_av_one_full  first flex_column_div  column-top-margin'     ><p>\n<style type=\"text\/css\" data-created_by=\"avia_inline_auto\" id=\"style-css-av-m42ri7oo-d36597b7f28cf9b2e439de9e4fac00d9\">\n#top .av-special-heading.av-m42ri7oo-d36597b7f28cf9b2e439de9e4fac00d9{\npadding-bottom:10px;\n}\nbody .av-special-heading.av-m42ri7oo-d36597b7f28cf9b2e439de9e4fac00d9 .av-special-heading-tag .heading-char{\nfont-size:25px;\n}\n.av-special-heading.av-m42ri7oo-d36597b7f28cf9b2e439de9e4fac00d9 .av-subheading{\nfont-size:15px;\n}\n<\/style>\n<div  class='av-special-heading av-m42ri7oo-d36597b7f28cf9b2e439de9e4fac00d9 av-special-heading-h2 blockquote modern-quote  avia-builder-el-8  el_before_av_textblock  avia-builder-el-first '><h2 class='av-special-heading-tag'  itemprop=\"headline\"  >Ziele und Bedeutung<\/h2><div class=\"special-heading-border\"><div class=\"special-heading-inner-border\"><\/div><\/div><\/div><br \/>\n<section  class='av_textblock_section av-m42rieag-a1199b203172dc441575cfda940a5315 '   itemscope=\"itemscope\" itemtype=\"https:\/\/schema.org\/CreativeWork\" ><div class='avia_textblock'  itemprop=\"text\" ><p>IPACK-IMA m\u00f6chte eine globale Plattform sein, auf der technologische Exzellenz auf Innovation trifft, um den Anforderungen des modernen Marktes gerecht zu werden. Die Veranstaltung zielt darauf ab:<\/p>\n<ul>\n<li>Bereitstellung fortschrittlicher L\u00f6sungen zur Verbesserung der Effizienz, Flexibilit\u00e4t und Nachhaltigkeit in Produktionsprozessen.<\/li>\n<li>Erleichtern Sie die Vernetzung zwischen internationalen Produzenten, Lieferanten und K\u00e4ufern.<\/li>\n<li>Nehmen Sie Branchentrends vorweg und bieten Sie einen Raum f\u00fcr den Austausch von Wissen und Best Practices.<\/li>\n<\/ul>\n<p>Mit ihrem weltweiten Ruf ist die Messe ein unverzichtbares Ereignis f\u00fcr Fachleute der Branche.<\/p>\n<\/div><\/section><\/p><\/div><\/p>\n\n<style type=\"text\/css\" data-created_by=\"avia_inline_auto\" id=\"style-css-av-jidfrm-026be234b051f09237674609ffc44527\">\n.flex_column.av-jidfrm-026be234b051f09237674609ffc44527{\npadding:50px 0 0 0;\n}\n<\/style>\n<div  class='flex_column av-jidfrm-026be234b051f09237674609ffc44527 av_one_full  avia-builder-el-10  el_after_av_one_full  el_before_av_one_full  first flex_column_div  column-top-margin'     ><p>\n<style type=\"text\/css\" data-created_by=\"avia_inline_auto\" id=\"style-css-av-gw2djm-3937c82e3929568fa6e14cf99130b36c\">\n#top .av-special-heading.av-gw2djm-3937c82e3929568fa6e14cf99130b36c{\npadding-bottom:10px;\n}\nbody .av-special-heading.av-gw2djm-3937c82e3929568fa6e14cf99130b36c .av-special-heading-tag .heading-char{\nfont-size:25px;\n}\n.av-special-heading.av-gw2djm-3937c82e3929568fa6e14cf99130b36c .av-subheading{\nfont-size:15px;\n}\n<\/style>\n<div  class='av-special-heading av-gw2djm-3937c82e3929568fa6e14cf99130b36c av-special-heading-h2 blockquote modern-quote  avia-builder-el-11  el_before_av_textblock  avia-builder-el-first '><h2 class='av-special-heading-tag'  itemprop=\"headline\"  >Hauptmerkmale<\/h2><div class=\"special-heading-border\"><div class=\"special-heading-inner-border\"><\/div><\/div><\/div><br \/>\n<section  class='av_textblock_section av-m42rj6m6-0a9e9779b35b0d1f2ace6e3fa1c89a52 '   itemscope=\"itemscope\" itemtype=\"https:\/\/schema.org\/CreativeWork\" ><div class='avia_textblock'  itemprop=\"text\" ><ul>\n<li>Umfangreiches Ausstellungsangebot<br \/>\nIPACK-IMA deckt die gesamte Lieferkette ab, von der Verarbeitung der Rohstoffe bis zur Endverpackung, mit Schwerpunkt auf:<br \/>\nVerarbeitungstechnologien: Maschinen und L\u00f6sungen f\u00fcr die Verarbeitung von Lebensmitteln, Getr\u00e4nken, chemischen und pharmazeutischen Produkten.<br \/>\nPrim\u00e4r- und Sekund\u00e4rverpackungssysteme: f\u00fcr flexible, starre und innovative Verpackungen.<br \/>\nVerpackungsmaterialien: nachhaltig, recycelbar und biologisch abbaubar.<br \/>\nAutomatisierung und Robotik: zur Optimierung von Produktions- und Verpackungslinien.<\/li>\n<li>Kennzeichnungs- und R\u00fcckverfolgbarkeitsl\u00f6sungen: unerl\u00e4sslich f\u00fcr die Einhaltung gesetzlicher Vorschriften und das Lieferkettenmanagement.<br \/>\nAnwendungsbereiche<br \/>\nDie Messe ist transversal und deckt zahlreiche Sektoren ab, darunter:<br \/>\nEssen und Getr\u00e4nke<br \/>\nPharmazie und Kosmetik<br \/>\nChemie und Industrie<br \/>\nVerpackung und Logistik.<\/li>\n<li>Innovation und Nachhaltigkeit<br \/>\nIPACK-IMA legt besonderen Wert auf:<br \/>\nTechnologien mit geringer Umweltbelastung und umweltfreundliche Materialien.<br \/>\nL\u00f6sungen f\u00fcr Recycling und Wiederverwendung.<\/li>\n<li>Produktionssysteme mit geringem Energieverbrauch.<br \/>\nSicherheitenprogramm<br \/>\nBereichert wird die Veranstaltung durch:<br \/>\nKonferenzen und Workshops: zu Themen wie technologische Innovation, Branchenvorschriften und Markttrends.<br \/>\nPraktische Demonstrationen: um die Funktionsweise von Maschinen und Technologien in Echtzeit zu zeigen.<br \/>\nAuszeichnungen und Anerkennungen: engagiert sich f\u00fcr innovative L\u00f6sungen im Bereich Verpackung und Nachhaltigkeit.<\/li>\n<\/ul>\n<\/div><\/section><\/p><\/div>\n\n<style type=\"text\/css\" data-created_by=\"avia_inline_auto\" id=\"style-css-av-48qph5e-14866a6178e22cbb2281133a091a7e1a\">\n.flex_column.av-48qph5e-14866a6178e22cbb2281133a091a7e1a{\npadding:50px 0 0 0;\n}\n<\/style>\n<div  class='flex_column av-48qph5e-14866a6178e22cbb2281133a091a7e1a av_one_full  avia-builder-el-13  el_after_av_one_full  el_before_av_one_full  first flex_column_div  column-top-margin'     ><p>\n<style type=\"text\/css\" data-created_by=\"avia_inline_auto\" id=\"style-css-av-3v4u0lu-0a768618a1ff0407c708e0d8c6972e82\">\n#top .av-special-heading.av-3v4u0lu-0a768618a1ff0407c708e0d8c6972e82{\npadding-bottom:10px;\n}\nbody .av-special-heading.av-3v4u0lu-0a768618a1ff0407c708e0d8c6972e82 .av-special-heading-tag .heading-char{\nfont-size:25px;\n}\n.av-special-heading.av-3v4u0lu-0a768618a1ff0407c708e0d8c6972e82 .av-subheading{\nfont-size:15px;\n}\n<\/style>\n<div  class='av-special-heading av-3v4u0lu-0a768618a1ff0407c708e0d8c6972e82 av-special-heading-h2 blockquote modern-quote  avia-builder-el-14  el_before_av_textblock  avia-builder-el-first '><h2 class='av-special-heading-tag'  itemprop=\"headline\"  >Teilnehmer<\/h2><div class=\"special-heading-border\"><div class=\"special-heading-inner-border\"><\/div><\/div><\/div><br \/>\n<section  class='av_textblock_section av-m42rjda8-29d1b68c1214b608f8eff5f0d39c29dd '   itemscope=\"itemscope\" itemtype=\"https:\/\/schema.org\/CreativeWork\" ><div class='avia_textblock'  itemprop=\"text\" ><p>IPACK-IMA zieht ein internationales Publikum an, bestehend aus:<\/p>\n<ul>\n<li>Hersteller von Verpackungs- und Verarbeitungstechnologien.<\/li>\n<li>Lieferanten von Materialien und Ausr\u00fcstung.<\/li>\n<li>Einkaufsmanager, Designer und Ingenieure.<\/li>\n<li>Produktions-, Marketing- und Qualit\u00e4tsmanager.<\/li>\n<li>Internationale Eink\u00e4ufer aus den Bereichen Lebensmittel, Pharma, Kosmetik und Industrie.<\/li>\n<\/ul>\n<\/div><\/section><\/p><\/div>\n\n<style type=\"text\/css\" data-created_by=\"avia_inline_auto\" id=\"style-css-av-3caaagi-a756a173fab47567e7c6c2611464b06b\">\n.flex_column.av-3caaagi-a756a173fab47567e7c6c2611464b06b{\npadding:50px 0 0 0;\n}\n<\/style>\n<div  class='flex_column av-3caaagi-a756a173fab47567e7c6c2611464b06b av_one_full  avia-builder-el-16  el_after_av_one_full  el_before_av_hr  first flex_column_div  column-top-margin'     ><p>\n<style type=\"text\/css\" data-created_by=\"avia_inline_auto\" id=\"style-css-av-m42rjjmr-849307b15c4f7b32d44f4facd7790672\">\n#top .av-special-heading.av-m42rjjmr-849307b15c4f7b32d44f4facd7790672{\npadding-bottom:10px;\n}\nbody .av-special-heading.av-m42rjjmr-849307b15c4f7b32d44f4facd7790672 .av-special-heading-tag .heading-char{\nfont-size:25px;\n}\n.av-special-heading.av-m42rjjmr-849307b15c4f7b32d44f4facd7790672 .av-subheading{\nfont-size:15px;\n}\n<\/style>\n<div  class='av-special-heading av-m42rjjmr-849307b15c4f7b32d44f4facd7790672 av-special-heading-h2 blockquote modern-quote  avia-builder-el-17  el_before_av_textblock  avia-builder-el-first '><h2 class='av-special-heading-tag'  itemprop=\"headline\"  >Auswirkungen auf die Branche<\/h2><div class=\"special-heading-border\"><div class=\"special-heading-inner-border\"><\/div><\/div><\/div><br \/>\n<section  class='av_textblock_section av-m42rjpyq-c47aa443369bab24ba932f937d989215 '   itemscope=\"itemscope\" itemtype=\"https:\/\/schema.org\/CreativeWork\" ><div class='avia_textblock'  itemprop=\"text\" ><p>IPACK-IMA spielt eine Schl\u00fcsselrolle in der Entwicklung der Verpackungs- und Verarbeitungsindustrie dank:<\/p>\n<ul>\n<li>Fokus auf Innovation: Pr\u00e4sentation von L\u00f6sungen, die Produktivit\u00e4t und Nachhaltigkeit verbessern.<\/li>\n<li>Internationalisierung: F\u00f6rderung von Treffen zwischen Unternehmen und K\u00e4ufern aus aller Welt.<\/li>\n<li>Integrierter Ansatz: Abdeckung aller Phasen der Lieferkette und Schaffung von Synergien zwischen den Sektoren.<\/li>\n<\/ul>\n<\/div><\/section><\/p><\/div>\n\n<style type=\"text\/css\" data-created_by=\"avia_inline_auto\" id=\"style-css-av-2x2yi1e-0aceb1ac6ff49c223c6bfb77914c345a\">\n#top .hr.hr-invisible.av-2x2yi1e-0aceb1ac6ff49c223c6bfb77914c345a{\nheight:24px;\n}\n<\/style>\n<div  class='hr av-2x2yi1e-0aceb1ac6ff49c223c6bfb77914c345a hr-invisible  avia-builder-el-19  el_after_av_one_full  el_before_av_hr '><span class='hr-inner '><span class=\"hr-inner-style\"><\/span><\/span><\/div>\n<div  class='hr av-2epsmr6-f551402ab8fb77c1c8215588c171cff5 hr-short  avia-builder-el-20  el_after_av_hr  el_before_av_hr  hr-left'><span class='hr-inner '><span class=\"hr-inner-style\"><\/span><\/span><\/div>\n\n<style type=\"text\/css\" data-created_by=\"avia_inline_auto\" id=\"style-css-av-21u8j5e-42986f1ae29fa6e762f304c9b676d43a\">\n#top .hr.hr-invisible.av-21u8j5e-42986f1ae29fa6e762f304c9b676d43a{\nheight:24px;\n}\n<\/style>\n<div  class='hr av-21u8j5e-42986f1ae29fa6e762f304c9b676d43a hr-invisible  avia-builder-el-21  el_after_av_hr  el_before_av_one_full '><span class='hr-inner '><span class=\"hr-inner-style\"><\/span><\/span><\/div>\n\n<style type=\"text\/css\" data-created_by=\"avia_inline_auto\" id=\"style-css-av-1q8vo36-4314431d1d4bfd0e606d7f6009c0aab1\">\n.flex_column.av-1q8vo36-4314431d1d4bfd0e606d7f6009c0aab1{\npadding:48px 48px 48px 48px;\nbackground-color:#eceff1;\n}\n<\/style>\n<div  class='flex_column av-1q8vo36-4314431d1d4bfd0e606d7f6009c0aab1 av_one_full  avia-builder-el-22  el_after_av_hr  avia-builder-el-last  first flex_column_div  '     ><p>\n<style type=\"text\/css\" data-created_by=\"avia_inline_auto\" id=\"style-css-av-13x8rqq-fc407c5eff9ca57583a5469d3f1d38d2\">\n#top .av-special-heading.av-13x8rqq-fc407c5eff9ca57583a5469d3f1d38d2{\npadding-bottom:10px;\n}\nbody .av-special-heading.av-13x8rqq-fc407c5eff9ca57583a5469d3f1d38d2 .av-special-heading-tag .heading-char{\nfont-size:25px;\n}\n.av-special-heading.av-13x8rqq-fc407c5eff9ca57583a5469d3f1d38d2 .av-subheading{\nfont-size:15px;\n}\n<\/style>\n<div  class='av-special-heading av-13x8rqq-fc407c5eff9ca57583a5469d3f1d38d2 av-special-heading-h2 blockquote modern-quote modern-centered  avia-builder-el-23  el_before_av_textblock  avia-builder-el-first '><h2 class='av-special-heading-tag'  itemprop=\"headline\"  >STAATLICHE BEIHILFEN UND DE MINIMIS<\/h2><div class=\"special-heading-border\"><div class=\"special-heading-inner-border\"><\/div><\/div><\/div><br \/>\n<section  class='av_textblock_section av-krx3jm-29714e9381b6381a11aeb38154e03aee '   itemscope=\"itemscope\" itemtype=\"https:\/\/schema.org\/CreativeWork\" ><div class='avia_textblock'  itemprop=\"text\" ><p style=\"text-align: center;\"><strong>Informationspflichten bei \u00f6ffentlichen Zuwendungen.<\/strong><br \/>\nStaatliche Beihilfen und De-minimis-Beihilfen, die unser Unternehmen erh\u00e4lt, sind im Nationalen Register f\u00fcr staatliche Beihilfen gem\u00e4\u00df Artikel 1 aufgef\u00fchrt. 52 des Gesetzes 234\/2012, auf das verwiesen wird und das unter folgendem Link eingesehen werden kann:\u00a0<a role=\"link\" href=\"https:\/\/www.rna.gov.it\/trasparenza\" target=\"_blank\" rel=\"noopener\">Erfahren Sie mehr&gt;&gt;<\/a><\/p>\n<\/div><\/section><\/p><\/div>\n","protected":false},"excerpt":{"rendered":"","protected":false},"author":6,"featured_media":0,"parent":17454,"menu_order":0,"comment_status":"closed","ping_status":"closed","template":"","meta":{"_monsterinsights_skip_tracking":false,"_monsterinsights_sitenote_active":false,"_monsterinsights_sitenote_note":"","_monsterinsights_sitenote_category":0,"footnotes":""},"_links":{"self":[{"href":"https:\/\/www.idealtecsrl.com\/de\/wp-json\/wp\/v2\/pages\/17523"}],"collection":[{"href":"https:\/\/www.idealtecsrl.com\/de\/wp-json\/wp\/v2\/pages"}],"about":[{"href":"https:\/\/www.idealtecsrl.com\/de\/wp-json\/wp\/v2\/types\/page"}],"author":[{"embeddable":true,"href":"https:\/\/www.idealtecsrl.com\/de\/wp-json\/wp\/v2\/users\/6"}],"replies":[{"embeddable":true,"href":"https:\/\/www.idealtecsrl.com\/de\/wp-json\/wp\/v2\/comments?post=17523"}],"version-history":[{"count":2,"href":"https:\/\/www.idealtecsrl.com\/de\/wp-json\/wp\/v2\/pages\/17523\/revisions"}],"predecessor-version":[{"id":17525,"href":"https:\/\/www.idealtecsrl.com\/de\/wp-json\/wp\/v2\/pages\/17523\/revisions\/17525"}],"up":[{"embeddable":true,"href":"https:\/\/www.idealtecsrl.com\/de\/wp-json\/wp\/v2\/pages\/17454"}],"wp:attachment":[{"href":"https:\/\/www.idealtecsrl.com\/de\/wp-json\/wp\/v2\/media?parent=17523"}],"curies":[{"name":"wp","href":"https:\/\/api.w.org\/{rel}","templated":true}]}}