{"id":17538,"date":"2024-11-30T13:55:45","date_gmt":"2024-11-30T12:55:45","guid":{"rendered":"https:\/\/www.idealtecsrl.com\/ausstellungsmessen\/paintistanbul-turkcoat\/"},"modified":"2024-11-30T13:55:45","modified_gmt":"2024-11-30T12:55:45","slug":"paintistanbul-turkcoat","status":"publish","type":"page","link":"https:\/\/www.idealtecsrl.com\/de\/ausstellungsmessen\/paintistanbul-turkcoat\/","title":{"rendered":"Paintistanbul &#038; Turkcoat"},"content":{"rendered":"<div id='full_slider_1'  class='avia-fullwidth-slider main_color avia-shadow   avia-builder-el-0  el_before_av_one_half  avia-builder-el-first   container_wrap fullsize'  >\n<style type=\"text\/css\" data-created_by=\"avia_inline_auto\" id=\"style-css-av-m42rkxxn-e3c907bb25619ea5d12fa6200a311dd1\">\n#top #wrap_all .avia-slideshow .av-slideshow-caption.av-m42rkxxn-e3c907bb25619ea5d12fa6200a311dd1__0 .avia-caption-title{\ncolor:#ffffff;\n}\n#top .avia-slideshow .av-slideshow-caption.av-m42rkxxn-e3c907bb25619ea5d12fa6200a311dd1__0 .avia-caption-content{\ncolor:#ffffff;\n}\n<\/style>\n<div  class='avia-slideshow av-m42rkxxn-e3c907bb25619ea5d12fa6200a311dd1 avia-slideshow-featured av_slideshow_full avia-fade-slider av-slideshow-ui av-control-hidden av-no-slider-navigation av-hide-nav-arrows av-slideshow-autoplay av-loop-endless av-loop-manual-endless av-default-height-applied   avia-slideshow-1' data-slideshow-options=\"{&quot;animation&quot;:&quot;fade&quot;,&quot;autoplay&quot;:true,&quot;loop_autoplay&quot;:&quot;endless&quot;,&quot;interval&quot;:3,&quot;loop_manual&quot;:&quot;manual-endless&quot;,&quot;autoplay_stopper&quot;:false,&quot;noNavigation&quot;:true,&quot;bg_slider&quot;:false,&quot;transitionSpeed&quot;:800,&quot;keep_padding&quot;:false,&quot;hoverpause&quot;:false,&quot;show_slide_delay&quot;:0}\"  itemprop=\"image\" itemscope=\"itemscope\" itemtype=\"https:\/\/schema.org\/ImageObject\" ><ul class='avia-slideshow-inner ' style='padding-bottom: 28.666666666667%;'><li  class='avia-slideshow-slide av-m42rkxxn-e3c907bb25619ea5d12fa6200a311dd1__0  slide-1 slide-odd'><div data-rel='slideshow-1' class='avia-slide-wrap '   ><img decoding=\"async\" fetchpriority=\"high\" class=\"wp-image-15266 avia-img-lazy-loading-not-15266\"  src=\"https:\/\/www.idealtecsrl.com\/wp-content\/uploads\/2024\/07\/visore-ci-presentiamo-1.jpg\" width=\"1500\" height=\"430\" title='visore-ci-presentiamo-1' alt=''  itemprop=\"thumbnailUrl\"  style='min-height:400px; min-width:1396px; ' srcset=\"https:\/\/www.idealtecsrl.com\/wp-content\/uploads\/2024\/07\/visore-ci-presentiamo-1.jpg 1500w, https:\/\/www.idealtecsrl.com\/wp-content\/uploads\/2024\/07\/visore-ci-presentiamo-1-300x86.jpg 300w, https:\/\/www.idealtecsrl.com\/wp-content\/uploads\/2024\/07\/visore-ci-presentiamo-1-1030x295.jpg 1030w, https:\/\/www.idealtecsrl.com\/wp-content\/uploads\/2024\/07\/visore-ci-presentiamo-1-768x220.jpg 768w, https:\/\/www.idealtecsrl.com\/wp-content\/uploads\/2024\/07\/visore-ci-presentiamo-1-705x202.jpg 705w\" sizes=\"(max-width: 1500px) 100vw, 1500px\" \/><div class='av-section-color-overlay' style='opacity: 0.6; background-color: #18417e; '><\/div><\/div><\/li><li  class='avia-slideshow-slide av-m42rkxxn-e3c907bb25619ea5d12fa6200a311dd1__1  slide-2 slide-even'><div data-rel='slideshow-1' class='avia-slide-wrap '   ><img decoding=\"async\" fetchpriority=\"high\" class=\"wp-image-15273 avia-img-lazy-loading-not-15273\"  src=\"https:\/\/www.idealtecsrl.com\/wp-content\/uploads\/2024\/07\/visore-ci-presentiamo-2.jpg\" width=\"1500\" height=\"430\" title='visore-ci-presentiamo-2' alt=''  itemprop=\"thumbnailUrl\"  style='min-height:400px; min-width:1396px; ' srcset=\"https:\/\/www.idealtecsrl.com\/wp-content\/uploads\/2024\/07\/visore-ci-presentiamo-2.jpg 1500w, https:\/\/www.idealtecsrl.com\/wp-content\/uploads\/2024\/07\/visore-ci-presentiamo-2-300x86.jpg 300w, https:\/\/www.idealtecsrl.com\/wp-content\/uploads\/2024\/07\/visore-ci-presentiamo-2-1030x295.jpg 1030w, https:\/\/www.idealtecsrl.com\/wp-content\/uploads\/2024\/07\/visore-ci-presentiamo-2-768x220.jpg 768w, https:\/\/www.idealtecsrl.com\/wp-content\/uploads\/2024\/07\/visore-ci-presentiamo-2-705x202.jpg 705w\" sizes=\"(max-width: 1500px) 100vw, 1500px\" \/><div class='av-section-color-overlay' style='opacity: 0.6; background-color: #18417e; '><\/div><\/div><\/li><li  class='avia-slideshow-slide av-m42rkxxn-e3c907bb25619ea5d12fa6200a311dd1__2  slide-3 slide-odd'><div data-rel='slideshow-1' class='avia-slide-wrap '   ><img decoding=\"async\" fetchpriority=\"high\" class=\"wp-image-15280 avia-img-lazy-loading-not-15280\"  src=\"https:\/\/www.idealtecsrl.com\/wp-content\/uploads\/2024\/07\/visore-ci-presentiamo-3.jpg\" width=\"1500\" height=\"430\" title='visore-ci-presentiamo-3' alt=''  itemprop=\"thumbnailUrl\"  style='min-height:400px; min-width:1396px; ' srcset=\"https:\/\/www.idealtecsrl.com\/wp-content\/uploads\/2024\/07\/visore-ci-presentiamo-3.jpg 1500w, https:\/\/www.idealtecsrl.com\/wp-content\/uploads\/2024\/07\/visore-ci-presentiamo-3-300x86.jpg 300w, https:\/\/www.idealtecsrl.com\/wp-content\/uploads\/2024\/07\/visore-ci-presentiamo-3-1030x295.jpg 1030w, https:\/\/www.idealtecsrl.com\/wp-content\/uploads\/2024\/07\/visore-ci-presentiamo-3-768x220.jpg 768w, https:\/\/www.idealtecsrl.com\/wp-content\/uploads\/2024\/07\/visore-ci-presentiamo-3-705x202.jpg 705w\" sizes=\"(max-width: 1500px) 100vw, 1500px\" \/><div class='av-section-color-overlay' style='opacity: 0.6; background-color: #18417e; '><\/div><\/div><\/li><li  class='avia-slideshow-slide av-m42rkxxn-e3c907bb25619ea5d12fa6200a311dd1__3  slide-4 slide-even'><div data-rel='slideshow-1' class='avia-slide-wrap '   ><img decoding=\"async\" fetchpriority=\"high\" class=\"wp-image-15287 avia-img-lazy-loading-not-15287\"  src=\"https:\/\/www.idealtecsrl.com\/wp-content\/uploads\/2024\/07\/visore-ci-presentiamo-4.jpg\" width=\"1500\" height=\"430\" title='visore-ci-presentiamo-4' alt=''  itemprop=\"thumbnailUrl\"  style='min-height:400px; min-width:1396px; ' srcset=\"https:\/\/www.idealtecsrl.com\/wp-content\/uploads\/2024\/07\/visore-ci-presentiamo-4.jpg 1500w, https:\/\/www.idealtecsrl.com\/wp-content\/uploads\/2024\/07\/visore-ci-presentiamo-4-300x86.jpg 300w, https:\/\/www.idealtecsrl.com\/wp-content\/uploads\/2024\/07\/visore-ci-presentiamo-4-1030x295.jpg 1030w, https:\/\/www.idealtecsrl.com\/wp-content\/uploads\/2024\/07\/visore-ci-presentiamo-4-768x220.jpg 768w, https:\/\/www.idealtecsrl.com\/wp-content\/uploads\/2024\/07\/visore-ci-presentiamo-4-705x202.jpg 705w\" sizes=\"(max-width: 1500px) 100vw, 1500px\" \/><div class='av-section-color-overlay' style='opacity: 0.6; background-color: #18417e; '><\/div><\/div><\/li><li  class='avia-slideshow-slide av-m42rkxxn-e3c907bb25619ea5d12fa6200a311dd1__4  slide-5 slide-odd'><div data-rel='slideshow-1' class='avia-slide-wrap '   ><img decoding=\"async\" fetchpriority=\"high\" class=\"wp-image-15294 avia-img-lazy-loading-not-15294\"  src=\"https:\/\/www.idealtecsrl.com\/wp-content\/uploads\/2024\/07\/visore-ci-presentiamo-5.jpg\" width=\"1500\" height=\"430\" title='visore-ci-presentiamo-5' alt=''  itemprop=\"thumbnailUrl\"  style='min-height:400px; min-width:1396px; ' srcset=\"https:\/\/www.idealtecsrl.com\/wp-content\/uploads\/2024\/07\/visore-ci-presentiamo-5.jpg 1500w, https:\/\/www.idealtecsrl.com\/wp-content\/uploads\/2024\/07\/visore-ci-presentiamo-5-300x86.jpg 300w, https:\/\/www.idealtecsrl.com\/wp-content\/uploads\/2024\/07\/visore-ci-presentiamo-5-1030x295.jpg 1030w, https:\/\/www.idealtecsrl.com\/wp-content\/uploads\/2024\/07\/visore-ci-presentiamo-5-768x220.jpg 768w, https:\/\/www.idealtecsrl.com\/wp-content\/uploads\/2024\/07\/visore-ci-presentiamo-5-705x202.jpg 705w\" sizes=\"(max-width: 1500px) 100vw, 1500px\" \/><div class='av-section-color-overlay' style='opacity: 0.6; background-color: #18417e; '><\/div><\/div><\/li><\/ul><div class='avia-slideshow-arrows avia-slideshow-controls' ><a href='#prev' class='prev-slide ' aria-hidden='true' data-av_icon='\ue87c' data-av_iconfont='entypo-fontello'  tabindex='-1'>Zur\u00fcck<\/a><a href='#next' class='next-slide ' aria-hidden='true' data-av_icon='\ue87d' data-av_iconfont='entypo-fontello'  tabindex='-1'>Weiter<\/a><\/div><div class='av-slideshow-caption av-m42rkxxn-e3c907bb25619ea5d12fa6200a311dd1__0 caption_fullwidth caption_center'><div class=\"container caption_container\"><div class=\"slideshow_caption\"><div class=\"slideshow_inner_caption\"><div class=\"slideshow_align_caption\"><h1 class='avia-caption-title '  itemprop=\"name\" >Paintistanbul &amp; Turkcoat<\/h1><\/div><\/div><\/div><\/div><\/div><\/div><\/div><div id='after_full_slider_1'  class='main_color av_default_container_wrap container_wrap fullsize'  ><div class='container av-section-cont-open' ><div class='template-page content  av-content-full alpha units'><div class='post-entry post-entry-type-page post-entry-17538'><div class='entry-content-wrapper clearfix'>\n\n<style type=\"text\/css\" data-created_by=\"avia_inline_auto\" id=\"style-css-av-7cjuqno-a0a62553d3354f6b88fbb35963218554\">\n.flex_column.av-7cjuqno-a0a62553d3354f6b88fbb35963218554{\npadding:50px 0 0 0;\n}\n<\/style>\n<div  class='flex_column av-7cjuqno-a0a62553d3354f6b88fbb35963218554 av_one_half  avia-builder-el-1  el_after_av_slideshow_full  el_before_av_one_half  avia-builder-el-first  first flex_column_div  '     ><p><section  class='av_textblock_section av-m42roai1-178a8c1e233a1d8428abfbb302e20ea9 '   itemscope=\"itemscope\" itemtype=\"https:\/\/schema.org\/CreativeWork\" ><div class='avia_textblock'  itemprop=\"text\" ><p><strong>Paintistanbul &amp; Turkcoat<\/strong> ist eine der wichtigsten und einflussreichsten Messen im Bereich Farben, Beschichtungen, Rohstoffe und verwandte Technologien in Eurasien. Diese alle zwei Jahre stattfindende Veranstaltung findet in Istanbul, T\u00fcrkei, statt und stellt einen Bezugspunkt f\u00fcr Branchenexperten dar und bietet eine integrierte Plattform f\u00fcr Innovation, Networking und Handel.<\/p>\n<\/div><\/section><br \/>\n\n<style type=\"text\/css\" data-created_by=\"avia_inline_auto\" id=\"style-css-av-6npu8ok-aa963fb0889f87b99c91ce84c9056156\">\n#top .hr.hr-invisible.av-6npu8ok-aa963fb0889f87b99c91ce84c9056156{\nheight:50px;\n}\n<\/style>\n<div  class='hr av-6npu8ok-aa963fb0889f87b99c91ce84c9056156 hr-invisible  avia-builder-el-3  el_after_av_textblock  el_before_av_button '><span class='hr-inner '><span class=\"hr-inner-style\"><\/span><\/span><\/div><br \/>\n<div  class='avia-button-wrap av-m42rnphl-8097f92454a52491ad4b6ad502c3cafc-wrap avia-button-left  avia-builder-el-4  el_after_av_hr  avia-builder-el-last '><a href='https:\/\/turkcoat-paintistanbul.com\/home\/' class='avia-button av-m42rnphl-8097f92454a52491ad4b6ad502c3cafc av-link-btn avia-icon_select-yes-right-icon avia-size-large avia-position-left av-icon-on-hover avia-color-theme-color' target=\"_blank\" rel=\"noopener noreferrer\"><span class='avia_iconbox_title' >Besuchen Sie die offizielle Website<\/span><span class='avia_button_icon avia_button_icon_right' aria-hidden='true' data-av_icon='\ue879' data-av_iconfont='entypo-fontello'><\/span><\/a><\/div><\/p><\/div>\n\n<style type=\"text\/css\" data-created_by=\"avia_inline_auto\" id=\"style-css-av-67o7hkk-2bfd7f40318f99e932d750d5937976ca\">\n.flex_column.av-67o7hkk-2bfd7f40318f99e932d750d5937976ca{\npadding:50px 0 0 0;\n}\n<\/style>\n<div  class='flex_column av-67o7hkk-2bfd7f40318f99e932d750d5937976ca av_one_half  avia-builder-el-5  el_after_av_one_half  el_before_av_one_full  flex_column_div  '     ><style type=\"text\/css\" data-created_by=\"avia_inline_auto\" id=\"style-css-av-m42ro4yt-2fb92e5cf33eef5c394f98b75300142c\">\n.avia-image-container.av-m42ro4yt-2fb92e5cf33eef5c394f98b75300142c img.avia_image{\nbox-shadow:none;\n}\n.avia-image-container.av-m42ro4yt-2fb92e5cf33eef5c394f98b75300142c .av-image-caption-overlay-center{\ncolor:#ffffff;\n}\n<\/style>\n<div  class='avia-image-container av-m42ro4yt-2fb92e5cf33eef5c394f98b75300142c av-styling- avia-align-center  avia-builder-el-6  avia-builder-el-no-sibling '   itemprop=\"image\" itemscope=\"itemscope\" itemtype=\"https:\/\/schema.org\/ImageObject\" ><div class=\"avia-image-container-inner\"><div class=\"avia-image-overlay-wrap\"><img decoding=\"async\" fetchpriority=\"high\" class='wp-image-14279 avia-img-lazy-loading-not-14279 avia_image ' src=\"https:\/\/www.idealtecsrl.com\/wp-content\/uploads\/2024\/07\/Paint-Istanbul-Turkcoat-300x300.jpg\" alt='' title='Paint-Istanbul-Turkcoat'  height=\"300\" width=\"300\"  itemprop=\"thumbnailUrl\" srcset=\"https:\/\/www.idealtecsrl.com\/wp-content\/uploads\/2024\/07\/Paint-Istanbul-Turkcoat-300x300.jpg 300w, https:\/\/www.idealtecsrl.com\/wp-content\/uploads\/2024\/07\/Paint-Istanbul-Turkcoat-80x80.jpg 80w, https:\/\/www.idealtecsrl.com\/wp-content\/uploads\/2024\/07\/Paint-Istanbul-Turkcoat-36x36.jpg 36w, https:\/\/www.idealtecsrl.com\/wp-content\/uploads\/2024\/07\/Paint-Istanbul-Turkcoat-180x180.jpg 180w, https:\/\/www.idealtecsrl.com\/wp-content\/uploads\/2024\/07\/Paint-Istanbul-Turkcoat.jpg 400w\" sizes=\"(max-width: 300px) 100vw, 300px\" \/><\/div><\/div><\/div><\/div>\n<style type=\"text\/css\" data-created_by=\"avia_inline_auto\" id=\"style-css-av-5xawp9w-b25149ebbaadd45c21e5dfb528ff50d5\">\n.flex_column.av-5xawp9w-b25149ebbaadd45c21e5dfb528ff50d5{\npadding:50px 0 0 0;\n}\n<\/style>\n<div  class='flex_column av-5xawp9w-b25149ebbaadd45c21e5dfb528ff50d5 av_one_full  avia-builder-el-7  el_after_av_one_half  el_before_av_one_full  first flex_column_div  column-top-margin'     ><p>\n<style type=\"text\/css\" data-created_by=\"avia_inline_auto\" id=\"style-css-av-m42roh6h-da8dcae3a35b4488dea3fe4b1c82438c\">\n#top .av-special-heading.av-m42roh6h-da8dcae3a35b4488dea3fe4b1c82438c{\npadding-bottom:10px;\n}\nbody .av-special-heading.av-m42roh6h-da8dcae3a35b4488dea3fe4b1c82438c .av-special-heading-tag .heading-char{\nfont-size:25px;\n}\n.av-special-heading.av-m42roh6h-da8dcae3a35b4488dea3fe4b1c82438c .av-subheading{\nfont-size:15px;\n}\n<\/style>\n<div  class='av-special-heading av-m42roh6h-da8dcae3a35b4488dea3fe4b1c82438c av-special-heading-h2 blockquote modern-quote  avia-builder-el-8  el_before_av_textblock  avia-builder-el-first '><h2 class='av-special-heading-tag'  itemprop=\"headline\"  >Ziele und Bedeutung<\/h2><div class=\"special-heading-border\"><div class=\"special-heading-inner-border\"><\/div><\/div><\/div><br \/>\n<section  class='av_textblock_section av-m42roqvy-555fd71297c7ca83943023b6c2c8b9c4 '   itemscope=\"itemscope\" itemtype=\"https:\/\/schema.org\/CreativeWork\" ><div class='avia_textblock'  itemprop=\"text\" ><p>Paintistanbul &amp; Turkcoat pr\u00e4sentiert sich als strategischer Knotenpunkt zur Verbindung von Herstellern, Lieferanten, H\u00e4ndlern und K\u00e4ufern, mit besonderem Schwerpunkt auf der Beschichtungsindustrie. Zu den Hauptzielen geh\u00f6ren:<\/p>\n<ul>\n<li>F\u00f6rderung von Innovationen im Farben- und Rohstoffsektor.<\/li>\n<li>Erleichtern Sie die Vernetzung zwischen regionalen und internationalen Unternehmen.<\/li>\n<li>Unterst\u00fctzen Sie die Entwicklung des eurasischen Marktes dank der strategischen Position T\u00fcrkiyes als Br\u00fccke zwischen Europa, Asien und dem Nahen Osten.<\/li>\n<\/ul>\n<p>Mit wachsender globaler Relevanz tr\u00e4gt die Messe dazu bei, die Zukunft der Lackindustrie mitzugestalten.<\/p>\n<\/div><\/section><\/p><\/div><\/p>\n\n<style type=\"text\/css\" data-created_by=\"avia_inline_auto\" id=\"style-css-av-ieu978-17e262687cb8544e6f568afb8c9d8bb8\">\n.flex_column.av-ieu978-17e262687cb8544e6f568afb8c9d8bb8{\npadding:50px 0 0 0;\n}\n<\/style>\n<div  class='flex_column av-ieu978-17e262687cb8544e6f568afb8c9d8bb8 av_one_full  avia-builder-el-10  el_after_av_one_full  el_before_av_one_full  first flex_column_div  column-top-margin'     ><p>\n<style type=\"text\/css\" data-created_by=\"avia_inline_auto\" id=\"style-css-av-4udzqus-814688c23070d0d9f5732f42271b1bcf\">\n#top .av-special-heading.av-4udzqus-814688c23070d0d9f5732f42271b1bcf{\npadding-bottom:10px;\n}\nbody .av-special-heading.av-4udzqus-814688c23070d0d9f5732f42271b1bcf .av-special-heading-tag .heading-char{\nfont-size:25px;\n}\n.av-special-heading.av-4udzqus-814688c23070d0d9f5732f42271b1bcf .av-subheading{\nfont-size:15px;\n}\n<\/style>\n<div  class='av-special-heading av-4udzqus-814688c23070d0d9f5732f42271b1bcf av-special-heading-h2 blockquote modern-quote  avia-builder-el-11  el_before_av_textblock  avia-builder-el-first '><h2 class='av-special-heading-tag'  itemprop=\"headline\"  >Hauptmerkmale<\/h2><div class=\"special-heading-border\"><div class=\"special-heading-inner-border\"><\/div><\/div><\/div><br \/>\n<section  class='av_textblock_section av-m42rp8g2-e9f81e80675e3ca6d37085ebb1dd34ac '   itemscope=\"itemscope\" itemtype=\"https:\/\/schema.org\/CreativeWork\" ><div class='avia_textblock'  itemprop=\"text\" ><ul>\n<li>Kommerzielle Ausstellung<br \/>\nDie Messe beherbergt Hunderte von Ausstellern aus der ganzen Welt mit einer breiten Palette an Produkten und Dienstleistungen, darunter:<br \/>\nRohstoffe: Harze, Pigmente, Additive und L\u00f6sungsmittel.<br \/>\nFarben und Beschichtungen: L\u00f6sungen f\u00fcr das Bauwesen, die Automobilindustrie, Holz und dekorative Produkte.<br \/>\nTechnologien und Maschinen: Ausr\u00fcstung f\u00fcr Produktion, Verpackung und Qualit\u00e4tskontrolle.<br \/>\nNachhaltigkeit und Innovation: Fokus auf umweltfreundliche Materialien und Technologien zur Reduzierung der Umweltbelastung.<\/li>\n<li>Technische Konferenzen<br \/>\nPaintistanbul &amp; Turkcoat umfasst ein umfangreiches Programm an technischen Seminaren und Workshops, die Schl\u00fcsselthemen abdecken wie:<br \/>\nNeue Entwicklungen bei Formulierungen.<br \/>\nNachhaltigkeit in der Lackindustrie.<br \/>\nUmweltvorschriften und internationale Zertifizierungen.<br \/>\nNeue Technologien f\u00fcr Hochleistungsbeschichtungen.<\/li>\n<li>Networking-M\u00f6glichkeiten<br \/>\nDie Messe zieht ein gro\u00dfes Publikum aus Fachleuten und Entscheidungstr\u00e4gern an und ist somit ein idealer Ort f\u00fcr:<br \/>\nTreffen Sie potenzielle Gesch\u00e4ftspartner.<br \/>\nEntdecken Sie Investitionsm\u00f6glichkeiten und Kooperationen.<br \/>\nEntdecken Sie neue Markttrends und Technologien.<\/li>\n<li>Regionaler und globaler Fokus<br \/>\nPaintistanbul &amp; Turkcoat konzentriert sich nicht nur auf den t\u00fcrkischen Markt, sondern deckt auch den gesamten eurasischen Raum ab, zieht Teilnehmer aus Europa, Asien, dem Nahen Osten und Nordafrika an und etabliert sich als Br\u00fccke zwischen westlichen und \u00f6stlichen M\u00e4rkten.<\/li>\n<\/ul>\n<\/div><\/section><\/p><\/div>\n\n<style type=\"text\/css\" data-created_by=\"avia_inline_auto\" id=\"style-css-av-4ke12ic-7bb921689e7a19b46921739ac7c486fd\">\n.flex_column.av-4ke12ic-7bb921689e7a19b46921739ac7c486fd{\npadding:50px 0 0 0;\n}\n<\/style>\n<div  class='flex_column av-4ke12ic-7bb921689e7a19b46921739ac7c486fd av_one_full  avia-builder-el-13  el_after_av_one_full  el_before_av_one_full  first flex_column_div  column-top-margin'     ><p>\n<style type=\"text\/css\" data-created_by=\"avia_inline_auto\" id=\"style-css-av-3zgl0gk-d467b661986519bce33317185bc98a7b\">\n#top .av-special-heading.av-3zgl0gk-d467b661986519bce33317185bc98a7b{\npadding-bottom:10px;\n}\nbody .av-special-heading.av-3zgl0gk-d467b661986519bce33317185bc98a7b .av-special-heading-tag .heading-char{\nfont-size:25px;\n}\n.av-special-heading.av-3zgl0gk-d467b661986519bce33317185bc98a7b .av-subheading{\nfont-size:15px;\n}\n<\/style>\n<div  class='av-special-heading av-3zgl0gk-d467b661986519bce33317185bc98a7b av-special-heading-h2 blockquote modern-quote  avia-builder-el-14  el_before_av_textblock  avia-builder-el-first '><h2 class='av-special-heading-tag'  itemprop=\"headline\"  >Teilnehmer<\/h2><div class=\"special-heading-border\"><div class=\"special-heading-inner-border\"><\/div><\/div><\/div><br \/>\n<section  class='av_textblock_section av-m42rpsyv-240fc6e1d87f1282fa2677af9bbd38be '   itemscope=\"itemscope\" itemtype=\"https:\/\/schema.org\/CreativeWork\" ><div class='avia_textblock'  itemprop=\"text\" ><p>Die Veranstaltung bringt ein breites Spektrum von Branchenexperten zusammen, darunter:<\/p>\n<ul>\n<li>Hersteller von Farben und Beschichtungen.<\/li>\n<li>Lieferanten von Rohstoffen, Maschinen und Ger\u00e4ten.<\/li>\n<li>Distributoren und Wiederverk\u00e4ufer.<\/li>\n<li>Technische Berater, Forscher und Entwickler.<\/li>\n<li>Eink\u00e4ufer und Entscheider aus Schl\u00fcsselbranchen wie Bau, Automobil, Holz, Verpackung und Dekoration.<\/li>\n<\/ul>\n<\/div><\/section><\/p><\/div>\n\n<style type=\"text\/css\" data-created_by=\"avia_inline_auto\" id=\"style-css-av-3cs9kxg-79c04922fb850c53e0df1ddc1582cd81\">\n.flex_column.av-3cs9kxg-79c04922fb850c53e0df1ddc1582cd81{\npadding:50px 0 0 0;\n}\n<\/style>\n<div  class='flex_column av-3cs9kxg-79c04922fb850c53e0df1ddc1582cd81 av_one_full  avia-builder-el-16  el_after_av_one_full  el_before_av_hr  first flex_column_div  column-top-margin'     ><p>\n<style type=\"text\/css\" data-created_by=\"avia_inline_auto\" id=\"style-css-av-m42rpz5v-2ce2265e4ee4173872c52ce343873c84\">\n#top .av-special-heading.av-m42rpz5v-2ce2265e4ee4173872c52ce343873c84{\npadding-bottom:10px;\n}\nbody .av-special-heading.av-m42rpz5v-2ce2265e4ee4173872c52ce343873c84 .av-special-heading-tag .heading-char{\nfont-size:25px;\n}\n.av-special-heading.av-m42rpz5v-2ce2265e4ee4173872c52ce343873c84 .av-subheading{\nfont-size:15px;\n}\n<\/style>\n<div  class='av-special-heading av-m42rpz5v-2ce2265e4ee4173872c52ce343873c84 av-special-heading-h2 blockquote modern-quote  avia-builder-el-17  el_before_av_textblock  avia-builder-el-first '><h2 class='av-special-heading-tag'  itemprop=\"headline\"  >Auswirkungen auf die Branche<\/h2><div class=\"special-heading-border\"><div class=\"special-heading-inner-border\"><\/div><\/div><\/div><br \/>\n<section  class='av_textblock_section av-m42rq8ev-f0069f982e3a1e9b33e8789fb83ab916 '   itemscope=\"itemscope\" itemtype=\"https:\/\/schema.org\/CreativeWork\" ><div class='avia_textblock'  itemprop=\"text\" ><p>Paintistanbul &amp; Turkcoat spielt eine entscheidende Rolle bei der Entwicklung der Farben- und Beschichtungsindustrie, dank:<\/p>\n<ul>\n<li>Innovationsf\u00f6rderung: Einf\u00fchrung neuer Technologien und Materialien.<\/li>\n<li>Regionale Marktexpansion: Unterst\u00fctzung von Unternehmen beim Zugang zu Schwellenm\u00e4rkten.<\/li>\n<li>Nachhaltigkeit: F\u00fchrung der Branche hin zu verantwortungsvolleren Praktiken und umweltfreundlicheren Materialien.<\/li>\n<\/ul>\n<\/div><\/section><\/p><\/div>\n\n<style type=\"text\/css\" data-created_by=\"avia_inline_auto\" id=\"style-css-av-2y2z850-7a70861a5b38c373954f983b37bd6497\">\n#top .hr.hr-invisible.av-2y2z850-7a70861a5b38c373954f983b37bd6497{\nheight:24px;\n}\n<\/style>\n<div  class='hr av-2y2z850-7a70861a5b38c373954f983b37bd6497 hr-invisible  avia-builder-el-19  el_after_av_one_full  el_before_av_hr '><span class='hr-inner '><span class=\"hr-inner-style\"><\/span><\/span><\/div>\n<div  class='hr av-2jw35xw-592969ff92127c43961e854f98392d55 hr-short  avia-builder-el-20  el_after_av_hr  el_before_av_hr  hr-left'><span class='hr-inner '><span class=\"hr-inner-style\"><\/span><\/span><\/div>\n\n<style type=\"text\/css\" data-created_by=\"avia_inline_auto\" id=\"style-css-av-243373o-b6a2873b8d65614898eaf571ed146a9c\">\n#top .hr.hr-invisible.av-243373o-b6a2873b8d65614898eaf571ed146a9c{\nheight:24px;\n}\n<\/style>\n<div  class='hr av-243373o-b6a2873b8d65614898eaf571ed146a9c hr-invisible  avia-builder-el-21  el_after_av_hr  el_before_av_one_full '><span class='hr-inner '><span class=\"hr-inner-style\"><\/span><\/span><\/div>\n\n<style type=\"text\/css\" data-created_by=\"avia_inline_auto\" id=\"style-css-av-1t0whpw-3d9856323b55348a2ded6a254364b58f\">\n.flex_column.av-1t0whpw-3d9856323b55348a2ded6a254364b58f{\npadding:48px 48px 48px 48px;\nbackground-color:#eceff1;\n}\n<\/style>\n<div  class='flex_column av-1t0whpw-3d9856323b55348a2ded6a254364b58f av_one_full  avia-builder-el-22  el_after_av_hr  avia-builder-el-last  first flex_column_div  '     ><p>\n<style type=\"text\/css\" data-created_by=\"avia_inline_auto\" id=\"style-css-av-10asp3o-47f4bce415e5d3b4a2432e768a05c8c9\">\n#top .av-special-heading.av-10asp3o-47f4bce415e5d3b4a2432e768a05c8c9{\npadding-bottom:10px;\n}\nbody .av-special-heading.av-10asp3o-47f4bce415e5d3b4a2432e768a05c8c9 .av-special-heading-tag .heading-char{\nfont-size:25px;\n}\n.av-special-heading.av-10asp3o-47f4bce415e5d3b4a2432e768a05c8c9 .av-subheading{\nfont-size:15px;\n}\n<\/style>\n<div  class='av-special-heading av-10asp3o-47f4bce415e5d3b4a2432e768a05c8c9 av-special-heading-h2 blockquote modern-quote modern-centered  avia-builder-el-23  el_before_av_textblock  avia-builder-el-first '><h2 class='av-special-heading-tag'  itemprop=\"headline\"  >STAATLICHE BEIHILFEN UND DE MINIMIS<\/h2><div class=\"special-heading-border\"><div class=\"special-heading-inner-border\"><\/div><\/div><\/div><br \/>\n<section  class='av_textblock_section av-sqpln8-fb9bbe17057326b7f07a8fa9157b458c '   itemscope=\"itemscope\" itemtype=\"https:\/\/schema.org\/CreativeWork\" ><div class='avia_textblock'  itemprop=\"text\" ><p style=\"text-align: center;\"><strong>Informationspflichten bei \u00f6ffentlichen Zuwendungen.<\/strong><br \/>\nStaatliche Beihilfen und De-minimis-Beihilfen, die unser Unternehmen erh\u00e4lt, sind im Nationalen Register f\u00fcr staatliche Beihilfen gem\u00e4\u00df Artikel 1 aufgef\u00fchrt. 52 des Gesetzes 234\/2012, auf das verwiesen wird und das unter folgendem Link eingesehen werden kann:\u00a0<a role=\"link\" href=\"https:\/\/www.rna.gov.it\/trasparenza\" target=\"_blank\" rel=\"noopener\">Erfahren Sie mehr&gt;&gt;<\/a><\/p>\n<\/div><\/section><\/p><\/div>\n","protected":false},"excerpt":{"rendered":"","protected":false},"author":6,"featured_media":0,"parent":17454,"menu_order":0,"comment_status":"closed","ping_status":"closed","template":"","meta":{"_monsterinsights_skip_tracking":false,"_monsterinsights_sitenote_active":false,"_monsterinsights_sitenote_note":"","_monsterinsights_sitenote_category":0,"footnotes":""},"_links":{"self":[{"href":"https:\/\/www.idealtecsrl.com\/de\/wp-json\/wp\/v2\/pages\/17538"}],"collection":[{"href":"https:\/\/www.idealtecsrl.com\/de\/wp-json\/wp\/v2\/pages"}],"about":[{"href":"https:\/\/www.idealtecsrl.com\/de\/wp-json\/wp\/v2\/types\/page"}],"author":[{"embeddable":true,"href":"https:\/\/www.idealtecsrl.com\/de\/wp-json\/wp\/v2\/users\/6"}],"replies":[{"embeddable":true,"href":"https:\/\/www.idealtecsrl.com\/de\/wp-json\/wp\/v2\/comments?post=17538"}],"version-history":[{"count":2,"href":"https:\/\/www.idealtecsrl.com\/de\/wp-json\/wp\/v2\/pages\/17538\/revisions"}],"predecessor-version":[{"id":17540,"href":"https:\/\/www.idealtecsrl.com\/de\/wp-json\/wp\/v2\/pages\/17538\/revisions\/17540"}],"up":[{"embeddable":true,"href":"https:\/\/www.idealtecsrl.com\/de\/wp-json\/wp\/v2\/pages\/17454"}],"wp:attachment":[{"href":"https:\/\/www.idealtecsrl.com\/de\/wp-json\/wp\/v2\/media?parent=17538"}],"curies":[{"name":"wp","href":"https:\/\/api.w.org\/{rel}","templated":true}]}}