{"id":17634,"date":"2024-11-30T15:22:36","date_gmt":"2024-11-30T14:22:36","guid":{"rendered":"https:\/\/www.idealtecsrl.com\/ausstellungsmessen\/solids-parma\/"},"modified":"2024-11-30T15:22:36","modified_gmt":"2024-11-30T14:22:36","slug":"solids-parma","status":"publish","type":"page","link":"https:\/\/www.idealtecsrl.com\/de\/ausstellungsmessen\/solids-parma\/","title":{"rendered":"SOLIDS Parma"},"content":{"rendered":"<div id='full_slider_1'  class='avia-fullwidth-slider main_color avia-shadow   avia-builder-el-0  el_before_av_one_half  avia-builder-el-first   container_wrap fullsize'  >\n<style type=\"text\/css\" data-created_by=\"avia_inline_auto\" id=\"style-css-av-m42uxuas-15046c49f69bfe6801feb9492fa23b1f\">\n#top #wrap_all .avia-slideshow .av-slideshow-caption.av-m42uxuas-15046c49f69bfe6801feb9492fa23b1f__0 .avia-caption-title{\ncolor:#ffffff;\n}\n#top .avia-slideshow .av-slideshow-caption.av-m42uxuas-15046c49f69bfe6801feb9492fa23b1f__0 .avia-caption-content{\ncolor:#ffffff;\n}\n<\/style>\n<div  class='avia-slideshow av-m42uxuas-15046c49f69bfe6801feb9492fa23b1f avia-slideshow-featured av_slideshow_full avia-fade-slider av-slideshow-ui av-control-hidden av-no-slider-navigation av-hide-nav-arrows av-slideshow-autoplay av-loop-endless av-loop-manual-endless av-default-height-applied   avia-slideshow-1' data-slideshow-options=\"{&quot;animation&quot;:&quot;fade&quot;,&quot;autoplay&quot;:true,&quot;loop_autoplay&quot;:&quot;endless&quot;,&quot;interval&quot;:3,&quot;loop_manual&quot;:&quot;manual-endless&quot;,&quot;autoplay_stopper&quot;:false,&quot;noNavigation&quot;:true,&quot;bg_slider&quot;:false,&quot;transitionSpeed&quot;:800,&quot;keep_padding&quot;:false,&quot;hoverpause&quot;:false,&quot;show_slide_delay&quot;:0}\"  itemprop=\"image\" itemscope=\"itemscope\" itemtype=\"https:\/\/schema.org\/ImageObject\" ><ul class='avia-slideshow-inner ' style='padding-bottom: 28.666666666667%;'><li  class='avia-slideshow-slide av-m42uxuas-15046c49f69bfe6801feb9492fa23b1f__0  slide-1 slide-odd'><div data-rel='slideshow-1' class='avia-slide-wrap '   ><img decoding=\"async\" fetchpriority=\"high\" class=\"wp-image-15266 avia-img-lazy-loading-not-15266\"  src=\"https:\/\/www.idealtecsrl.com\/wp-content\/uploads\/2024\/07\/visore-ci-presentiamo-1.jpg\" width=\"1500\" height=\"430\" title='visore-ci-presentiamo-1' alt=''  itemprop=\"thumbnailUrl\"  style='min-height:400px; min-width:1396px; ' srcset=\"https:\/\/www.idealtecsrl.com\/wp-content\/uploads\/2024\/07\/visore-ci-presentiamo-1.jpg 1500w, https:\/\/www.idealtecsrl.com\/wp-content\/uploads\/2024\/07\/visore-ci-presentiamo-1-300x86.jpg 300w, https:\/\/www.idealtecsrl.com\/wp-content\/uploads\/2024\/07\/visore-ci-presentiamo-1-1030x295.jpg 1030w, https:\/\/www.idealtecsrl.com\/wp-content\/uploads\/2024\/07\/visore-ci-presentiamo-1-768x220.jpg 768w, https:\/\/www.idealtecsrl.com\/wp-content\/uploads\/2024\/07\/visore-ci-presentiamo-1-705x202.jpg 705w\" sizes=\"(max-width: 1500px) 100vw, 1500px\" \/><div class='av-section-color-overlay' style='opacity: 0.6; background-color: #18417e; '><\/div><\/div><\/li><li  class='avia-slideshow-slide av-m42uxuas-15046c49f69bfe6801feb9492fa23b1f__1  slide-2 slide-even'><div data-rel='slideshow-1' class='avia-slide-wrap '   ><img decoding=\"async\" fetchpriority=\"high\" class=\"wp-image-15273 avia-img-lazy-loading-not-15273\"  src=\"https:\/\/www.idealtecsrl.com\/wp-content\/uploads\/2024\/07\/visore-ci-presentiamo-2.jpg\" width=\"1500\" height=\"430\" title='visore-ci-presentiamo-2' alt=''  itemprop=\"thumbnailUrl\"  style='min-height:400px; min-width:1396px; ' srcset=\"https:\/\/www.idealtecsrl.com\/wp-content\/uploads\/2024\/07\/visore-ci-presentiamo-2.jpg 1500w, https:\/\/www.idealtecsrl.com\/wp-content\/uploads\/2024\/07\/visore-ci-presentiamo-2-300x86.jpg 300w, https:\/\/www.idealtecsrl.com\/wp-content\/uploads\/2024\/07\/visore-ci-presentiamo-2-1030x295.jpg 1030w, https:\/\/www.idealtecsrl.com\/wp-content\/uploads\/2024\/07\/visore-ci-presentiamo-2-768x220.jpg 768w, https:\/\/www.idealtecsrl.com\/wp-content\/uploads\/2024\/07\/visore-ci-presentiamo-2-705x202.jpg 705w\" sizes=\"(max-width: 1500px) 100vw, 1500px\" \/><div class='av-section-color-overlay' style='opacity: 0.6; background-color: #18417e; '><\/div><\/div><\/li><li  class='avia-slideshow-slide av-m42uxuas-15046c49f69bfe6801feb9492fa23b1f__2  slide-3 slide-odd'><div data-rel='slideshow-1' class='avia-slide-wrap '   ><img decoding=\"async\" fetchpriority=\"high\" class=\"wp-image-15280 avia-img-lazy-loading-not-15280\"  src=\"https:\/\/www.idealtecsrl.com\/wp-content\/uploads\/2024\/07\/visore-ci-presentiamo-3.jpg\" width=\"1500\" height=\"430\" title='visore-ci-presentiamo-3' alt=''  itemprop=\"thumbnailUrl\"  style='min-height:400px; min-width:1396px; ' srcset=\"https:\/\/www.idealtecsrl.com\/wp-content\/uploads\/2024\/07\/visore-ci-presentiamo-3.jpg 1500w, https:\/\/www.idealtecsrl.com\/wp-content\/uploads\/2024\/07\/visore-ci-presentiamo-3-300x86.jpg 300w, https:\/\/www.idealtecsrl.com\/wp-content\/uploads\/2024\/07\/visore-ci-presentiamo-3-1030x295.jpg 1030w, https:\/\/www.idealtecsrl.com\/wp-content\/uploads\/2024\/07\/visore-ci-presentiamo-3-768x220.jpg 768w, https:\/\/www.idealtecsrl.com\/wp-content\/uploads\/2024\/07\/visore-ci-presentiamo-3-705x202.jpg 705w\" sizes=\"(max-width: 1500px) 100vw, 1500px\" \/><div class='av-section-color-overlay' style='opacity: 0.6; background-color: #18417e; '><\/div><\/div><\/li><li  class='avia-slideshow-slide av-m42uxuas-15046c49f69bfe6801feb9492fa23b1f__3  slide-4 slide-even'><div data-rel='slideshow-1' class='avia-slide-wrap '   ><img decoding=\"async\" fetchpriority=\"high\" class=\"wp-image-15287 avia-img-lazy-loading-not-15287\"  src=\"https:\/\/www.idealtecsrl.com\/wp-content\/uploads\/2024\/07\/visore-ci-presentiamo-4.jpg\" width=\"1500\" height=\"430\" title='visore-ci-presentiamo-4' alt=''  itemprop=\"thumbnailUrl\"  style='min-height:400px; min-width:1396px; ' srcset=\"https:\/\/www.idealtecsrl.com\/wp-content\/uploads\/2024\/07\/visore-ci-presentiamo-4.jpg 1500w, https:\/\/www.idealtecsrl.com\/wp-content\/uploads\/2024\/07\/visore-ci-presentiamo-4-300x86.jpg 300w, https:\/\/www.idealtecsrl.com\/wp-content\/uploads\/2024\/07\/visore-ci-presentiamo-4-1030x295.jpg 1030w, https:\/\/www.idealtecsrl.com\/wp-content\/uploads\/2024\/07\/visore-ci-presentiamo-4-768x220.jpg 768w, https:\/\/www.idealtecsrl.com\/wp-content\/uploads\/2024\/07\/visore-ci-presentiamo-4-705x202.jpg 705w\" sizes=\"(max-width: 1500px) 100vw, 1500px\" \/><div class='av-section-color-overlay' style='opacity: 0.6; background-color: #18417e; '><\/div><\/div><\/li><li  class='avia-slideshow-slide av-m42uxuas-15046c49f69bfe6801feb9492fa23b1f__4  slide-5 slide-odd'><div data-rel='slideshow-1' class='avia-slide-wrap '   ><img decoding=\"async\" fetchpriority=\"high\" class=\"wp-image-15294 avia-img-lazy-loading-not-15294\"  src=\"https:\/\/www.idealtecsrl.com\/wp-content\/uploads\/2024\/07\/visore-ci-presentiamo-5.jpg\" width=\"1500\" height=\"430\" title='visore-ci-presentiamo-5' alt=''  itemprop=\"thumbnailUrl\"  style='min-height:400px; min-width:1396px; ' srcset=\"https:\/\/www.idealtecsrl.com\/wp-content\/uploads\/2024\/07\/visore-ci-presentiamo-5.jpg 1500w, https:\/\/www.idealtecsrl.com\/wp-content\/uploads\/2024\/07\/visore-ci-presentiamo-5-300x86.jpg 300w, https:\/\/www.idealtecsrl.com\/wp-content\/uploads\/2024\/07\/visore-ci-presentiamo-5-1030x295.jpg 1030w, https:\/\/www.idealtecsrl.com\/wp-content\/uploads\/2024\/07\/visore-ci-presentiamo-5-768x220.jpg 768w, https:\/\/www.idealtecsrl.com\/wp-content\/uploads\/2024\/07\/visore-ci-presentiamo-5-705x202.jpg 705w\" sizes=\"(max-width: 1500px) 100vw, 1500px\" \/><div class='av-section-color-overlay' style='opacity: 0.6; background-color: #18417e; '><\/div><\/div><\/li><\/ul><div class='avia-slideshow-arrows avia-slideshow-controls' ><a href='#prev' class='prev-slide ' aria-hidden='true' data-av_icon='\ue87c' data-av_iconfont='entypo-fontello'  tabindex='-1'>Zur\u00fcck<\/a><a href='#next' class='next-slide ' aria-hidden='true' data-av_icon='\ue87d' data-av_iconfont='entypo-fontello'  tabindex='-1'>Weiter<\/a><\/div><div class='av-slideshow-caption av-m42uxuas-15046c49f69bfe6801feb9492fa23b1f__0 caption_fullwidth caption_center'><div class=\"container caption_container\"><div class=\"slideshow_caption\"><div class=\"slideshow_inner_caption\"><div class=\"slideshow_align_caption\"><h1 class='avia-caption-title '  itemprop=\"name\" >SOLIDS Parma<\/h1><\/div><\/div><\/div><\/div><\/div><\/div><\/div><div id='after_full_slider_1'  class='main_color av_default_container_wrap container_wrap fullsize'  ><div class='container av-section-cont-open' ><div class='template-page content  av-content-full alpha units'><div class='post-entry post-entry-type-page post-entry-17634'><div class='entry-content-wrapper clearfix'>\n\n<style type=\"text\/css\" data-created_by=\"avia_inline_auto\" id=\"style-css-av-724ai9q-b8cb81af14d283d5f28e8590933f4804\">\n.flex_column.av-724ai9q-b8cb81af14d283d5f28e8590933f4804{\npadding:50px 0 0 0;\n}\n<\/style>\n<div  class='flex_column av-724ai9q-b8cb81af14d283d5f28e8590933f4804 av_one_half  avia-builder-el-1  el_after_av_slideshow_full  el_before_av_one_half  avia-builder-el-first  first flex_column_div  '     ><p><section  class='av_textblock_section av-m42uzaf4-097bc6d75013ce668a70aa10dfc29988 '   itemscope=\"itemscope\" itemtype=\"https:\/\/schema.org\/CreativeWork\" ><div class='avia_textblock'  itemprop=\"text\" ><p><strong>SOLIDS Parma<\/strong> ist die italienische Referenzveranstaltung f\u00fcr die Verarbeitungs-, Handhabungs- und Lagertechnologien von Pulvern, Granulaten und Sch\u00fcttg\u00fctern. Diese im Parma Exhibition Centre organisierte Veranstaltung ist eine wichtige Austauschplattform f\u00fcr die italienische und internationale Industrie und richtet sich an Fachleute aus den Bereichen Chemie, Lebensmittel, Pharmazie, Bergbau und Umwelt.<\/p>\n<p>Als Teil der internationalen SOLIDS-Messe zeichnet sich die Parma-Ausgabe durch ihren Fokus auf die Bed\u00fcrfnisse des italienischen Marktes bei gleichzeitiger Beibehaltung einer starken globalen Ausrichtung aus.<\/p>\n<\/div><\/section><br \/>\n\n<style type=\"text\/css\" data-created_by=\"avia_inline_auto\" id=\"style-css-av-6kf29i6-23e8cb27f407d0c21ca5954a0bd4f430\">\n#top .hr.hr-invisible.av-6kf29i6-23e8cb27f407d0c21ca5954a0bd4f430{\nheight:50px;\n}\n<\/style>\n<div  class='hr av-6kf29i6-23e8cb27f407d0c21ca5954a0bd4f430 hr-invisible  avia-builder-el-3  el_after_av_textblock  el_before_av_button '><span class='hr-inner '><span class=\"hr-inner-style\"><\/span><\/span><\/div><br \/>\n<div  class='avia-button-wrap av-m42uz1u5-25ef7377b8f2fb585c5326ac837246a2-wrap avia-button-left  avia-builder-el-4  el_after_av_hr  avia-builder-el-last '><a href='https:\/\/www.solids-parma.de\/it\/' class='avia-button av-m42uz1u5-25ef7377b8f2fb585c5326ac837246a2 av-link-btn avia-icon_select-yes-right-icon avia-size-large avia-position-left av-icon-on-hover avia-color-theme-color' target=\"_blank\" rel=\"noopener noreferrer\"><span class='avia_iconbox_title' >Besuchen Sie die offizielle Website<\/span><span class='avia_button_icon avia_button_icon_right' aria-hidden='true' data-av_icon='\ue879' data-av_iconfont='entypo-fontello'><\/span><\/a><\/div><\/p><\/div>\n\n<style type=\"text\/css\" data-created_by=\"avia_inline_auto\" id=\"style-css-av-65ljqbi-1f61d4e8fc8b34d69cc67eadb7aedcaa\">\n.flex_column.av-65ljqbi-1f61d4e8fc8b34d69cc67eadb7aedcaa{\npadding:50px 0 0 0;\n}\n<\/style>\n<div  class='flex_column av-65ljqbi-1f61d4e8fc8b34d69cc67eadb7aedcaa av_one_half  avia-builder-el-5  el_after_av_one_half  el_before_av_one_full  flex_column_div  '     ><style type=\"text\/css\" data-created_by=\"avia_inline_auto\" id=\"style-css-av-m42uytxx-4e68709fc9e289b84ed5ed52f989b9c1\">\n.avia-image-container.av-m42uytxx-4e68709fc9e289b84ed5ed52f989b9c1 img.avia_image{\nbox-shadow:none;\n}\n.avia-image-container.av-m42uytxx-4e68709fc9e289b84ed5ed52f989b9c1 .av-image-caption-overlay-center{\ncolor:#ffffff;\n}\n<\/style>\n<div  class='avia-image-container av-m42uytxx-4e68709fc9e289b84ed5ed52f989b9c1 av-styling- avia-align-center  avia-builder-el-6  avia-builder-el-no-sibling '   itemprop=\"image\" itemscope=\"itemscope\" itemtype=\"https:\/\/schema.org\/ImageObject\" ><div class=\"avia-image-container-inner\"><div class=\"avia-image-overlay-wrap\"><img decoding=\"async\" fetchpriority=\"high\" class='wp-image-14314 avia-img-lazy-loading-not-14314 avia_image ' src=\"https:\/\/www.idealtecsrl.com\/wp-content\/uploads\/2024\/07\/SOLIDS-Parma-300x300.jpg\" alt='' title='SOLIDS-Parma'  height=\"300\" width=\"300\"  itemprop=\"thumbnailUrl\" srcset=\"https:\/\/www.idealtecsrl.com\/wp-content\/uploads\/2024\/07\/SOLIDS-Parma-300x300.jpg 300w, https:\/\/www.idealtecsrl.com\/wp-content\/uploads\/2024\/07\/SOLIDS-Parma-80x80.jpg 80w, https:\/\/www.idealtecsrl.com\/wp-content\/uploads\/2024\/07\/SOLIDS-Parma-36x36.jpg 36w, https:\/\/www.idealtecsrl.com\/wp-content\/uploads\/2024\/07\/SOLIDS-Parma-180x180.jpg 180w, https:\/\/www.idealtecsrl.com\/wp-content\/uploads\/2024\/07\/SOLIDS-Parma.jpg 400w\" sizes=\"(max-width: 300px) 100vw, 300px\" \/><\/div><\/div><\/div><\/div>\n<style type=\"text\/css\" data-created_by=\"avia_inline_auto\" id=\"style-css-av-5xajubi-073cd0c9d58203ef96df2a277358378b\">\n.flex_column.av-5xajubi-073cd0c9d58203ef96df2a277358378b{\npadding:50px 0 0 0;\n}\n<\/style>\n<div  class='flex_column av-5xajubi-073cd0c9d58203ef96df2a277358378b av_one_full  avia-builder-el-7  el_after_av_one_half  el_before_av_one_full  first flex_column_div  column-top-margin'     ><p>\n<style type=\"text\/css\" data-created_by=\"avia_inline_auto\" id=\"style-css-av-m42uzgqw-a57331ebda599f9510b2abd9c06e53e6\">\n#top .av-special-heading.av-m42uzgqw-a57331ebda599f9510b2abd9c06e53e6{\npadding-bottom:10px;\n}\nbody .av-special-heading.av-m42uzgqw-a57331ebda599f9510b2abd9c06e53e6 .av-special-heading-tag .heading-char{\nfont-size:25px;\n}\n.av-special-heading.av-m42uzgqw-a57331ebda599f9510b2abd9c06e53e6 .av-subheading{\nfont-size:15px;\n}\n<\/style>\n<div  class='av-special-heading av-m42uzgqw-a57331ebda599f9510b2abd9c06e53e6 av-special-heading-h2 blockquote modern-quote  avia-builder-el-8  el_before_av_textblock  avia-builder-el-first '><h2 class='av-special-heading-tag'  itemprop=\"headline\"  >Ziele und Bedeutung<\/h2><div class=\"special-heading-border\"><div class=\"special-heading-inner-border\"><\/div><\/div><\/div><br \/>\n<section  class='av_textblock_section av-m42uzol6-f80429b526a8e04f913208e4a62aa6f5 '   itemscope=\"itemscope\" itemtype=\"https:\/\/schema.org\/CreativeWork\" ><div class='avia_textblock'  itemprop=\"text\" ><p>Das Ziel von SOLIDS Parma ist:<\/p>\n<ul>\n<li>Pr\u00e4sentation der neuesten technologischen Innovationen f\u00fcr die Sch\u00fcttgutindustrie.<\/li>\n<li>Erleichtern Sie die Vernetzung zwischen Herstellern, Lieferanten und K\u00e4ufern von L\u00f6sungen f\u00fcr die Verarbeitung und Verwaltung fester Materialien.<\/li>\n<li>Unterst\u00fctzen Sie den \u00dcbergang zu nachhaltigeren und digitalisierten Prozessen und f\u00f6rdern Sie die Einf\u00fchrung \u00f6kologischer und umweltschonender L\u00f6sungen.<\/li>\n<\/ul>\n<p>Dank seiner strategischen Lage ist Parma das pulsierende Herz mehrerer Industriezweige, was die Veranstaltung zu einem idealen Treffpunkt f\u00fcr Unternehmen und Fachleute macht.<\/p>\n<\/div><\/section><\/p><\/div><\/p>\n\n<style type=\"text\/css\" data-created_by=\"avia_inline_auto\" id=\"style-css-av-5h0tldq-c853a415c58d4284a4c83adc4c0b961e\">\n.flex_column.av-5h0tldq-c853a415c58d4284a4c83adc4c0b961e{\npadding:50px 0 0 0;\n}\n<\/style>\n<div  class='flex_column av-5h0tldq-c853a415c58d4284a4c83adc4c0b961e av_one_full  avia-builder-el-10  el_after_av_one_full  el_before_av_one_full  first flex_column_div  column-top-margin'     ><p>\n<style type=\"text\/css\" data-created_by=\"avia_inline_auto\" id=\"style-css-av-4r4628u-7b262f0f6aa9697f516ae02724b76fd5\">\n#top .av-special-heading.av-4r4628u-7b262f0f6aa9697f516ae02724b76fd5{\npadding-bottom:10px;\n}\nbody .av-special-heading.av-4r4628u-7b262f0f6aa9697f516ae02724b76fd5 .av-special-heading-tag .heading-char{\nfont-size:25px;\n}\n.av-special-heading.av-4r4628u-7b262f0f6aa9697f516ae02724b76fd5 .av-subheading{\nfont-size:15px;\n}\n<\/style>\n<div  class='av-special-heading av-4r4628u-7b262f0f6aa9697f516ae02724b76fd5 av-special-heading-h2 blockquote modern-quote  avia-builder-el-11  el_before_av_textblock  avia-builder-el-first '><h2 class='av-special-heading-tag'  itemprop=\"headline\"  >Hauptmerkmale<\/h2><div class=\"special-heading-border\"><div class=\"special-heading-inner-border\"><\/div><\/div><\/div><br \/>\n<section  class='av_textblock_section av-m42v02td-ad352c562a1a9cee9cfa043043b0a6d8 '   itemscope=\"itemscope\" itemtype=\"https:\/\/schema.org\/CreativeWork\" ><div class='avia_textblock'  itemprop=\"text\" ><ul>\n<li>Umfangreiches Ausstellungsangebot<br \/>\nSOLIDS Parma bietet einen vollst\u00e4ndigen \u00dcberblick \u00fcber die fortschrittlichsten L\u00f6sungen f\u00fcr:<br \/>\nVerarbeitung von Sch\u00fcttg\u00fctern: Technologien zum Mahlen, Sieben, Mischen, Granulieren und Trennen.<br \/>\nHandhabung und Transport: pneumatische und mechanische Systeme, F\u00f6rderb\u00e4nder, Schneckenf\u00f6rderer und Aufz\u00fcge.<br \/>\nLagerung und Verpackung: Silos, Tanks, Absack- und Verpackungsanlagen.<br \/>\nInstrumentierung und Automatisierung: Sensoren, Steuerungssoftware und Werkzeuge zur Optimierung von Produktionsprozessen.<br \/>\nArbeitssicherheit: L\u00f6sungen f\u00fcr den Explosionsschutz, das Management von Staubemissionen und die Verbesserung der Arbeitsbedingungen.<\/li>\n<li>Anwendungsbereiche<br \/>\nDie auf der SOLIDS Parma vorgestellten Technologien werden in zahlreichen Bereichen eingesetzt, darunter:<br \/>\nChemisch und pharmazeutisch.<br \/>\nEssen und Getr\u00e4nke.<br \/>\nBergbau- und Baustoffe.<br \/>\nEnergieerzeugung und Umweltbehandlung.<br \/>\nKunststoff und Gummi.<\/li>\n<li>Begleitveranstaltungen und Schulungsprogramm<br \/>\nSOLIDS Parma ist bereichert mit einem Programm aus:<br \/>\nWorkshops und Konferenzen: Experten und Unternehmen diskutieren \u00fcber die Herausforderungen und Chancen der Branche.<br \/>\nLive-Demonstrationen: Demonstration der Funktionsweise von Maschinen und Technologien in Echtzeit.<br \/>\nB2B-Meetings: zur F\u00f6rderung der Zusammenarbeit und des kommerziellen Austauschs zwischen Ausstellern und Besuchern.<\/li>\n<li>Fokus auf Innovation und Nachhaltigkeit<br \/>\nGr\u00fcne Technologien: L\u00f6sungen f\u00fcr Recycling, Abfallreduzierung und Verbesserung der Energieeffizienz.<br \/>\nAutomatisierung und Digitalisierung: Prozesse mit Industrie 4.0 integrieren.<br \/>\nKreislaufwirtschaft: Strategien und Werkzeuge zur Wiederverwendung von Materialien und zur Minimierung der Umweltbelastung.<\/li>\n<\/ul>\n<\/div><\/section><\/p><\/div>\n\n<style type=\"text\/css\" data-created_by=\"avia_inline_auto\" id=\"style-css-av-4aq9s2m-f4b7fab364cac3709921b6bacbb470af\">\n.flex_column.av-4aq9s2m-f4b7fab364cac3709921b6bacbb470af{\npadding:50px 0 0 0;\n}\n<\/style>\n<div  class='flex_column av-4aq9s2m-f4b7fab364cac3709921b6bacbb470af av_one_full  avia-builder-el-13  el_after_av_one_full  el_before_av_one_full  first flex_column_div  column-top-margin'     ><p>\n<style type=\"text\/css\" data-created_by=\"avia_inline_auto\" id=\"style-css-av-3zifgfy-acba8252adeb783d8d3e91b6e9602a91\">\n#top .av-special-heading.av-3zifgfy-acba8252adeb783d8d3e91b6e9602a91{\npadding-bottom:10px;\n}\nbody .av-special-heading.av-3zifgfy-acba8252adeb783d8d3e91b6e9602a91 .av-special-heading-tag .heading-char{\nfont-size:25px;\n}\n.av-special-heading.av-3zifgfy-acba8252adeb783d8d3e91b6e9602a91 .av-subheading{\nfont-size:15px;\n}\n<\/style>\n<div  class='av-special-heading av-3zifgfy-acba8252adeb783d8d3e91b6e9602a91 av-special-heading-h2 blockquote modern-quote  avia-builder-el-14  el_before_av_textblock  avia-builder-el-first '><h2 class='av-special-heading-tag'  itemprop=\"headline\"  >Teilnehmer<\/h2><div class=\"special-heading-border\"><div class=\"special-heading-inner-border\"><\/div><\/div><\/div><br \/>\n<section  class='av_textblock_section av-m42v0au6-96b675d9d2690003e8523f66f6166a77 '   itemscope=\"itemscope\" itemtype=\"https:\/\/schema.org\/CreativeWork\" ><div class='avia_textblock'  itemprop=\"text\" ><p>Die Veranstaltung zieht ein qualifiziertes und spezialisiertes Publikum an, bestehend aus:<\/p>\n<ul>\n<li>Verfahrensingenieure und Designer.<\/li>\n<li>Produktions- und Qualit\u00e4tsmanager.<\/li>\n<li>Eink\u00e4ufer und Entscheider aus produzierenden und verarbeitenden Unternehmen.<\/li>\n<li>Lieferanten von Ausr\u00fcstung, technologischen L\u00f6sungen und Dienstleistungen.<\/li>\n<\/ul>\n<p>Dank der Teilnahme f\u00fchrender Unternehmen und KMU stellt SOLIDS Parma eine einzigartige Gelegenheit dar, strategische Kontakte zu kn\u00fcpfen und die neuesten Markttrends zu entdecken.<\/p>\n<\/div><\/section><\/p><\/div>\n\n<style type=\"text\/css\" data-created_by=\"avia_inline_auto\" id=\"style-css-av-3lxbuzi-1da9e36eb54689b4e85e8b20a9eea4c4\">\n.flex_column.av-3lxbuzi-1da9e36eb54689b4e85e8b20a9eea4c4{\npadding:50px 0 0 0;\n}\n<\/style>\n<div  class='flex_column av-3lxbuzi-1da9e36eb54689b4e85e8b20a9eea4c4 av_one_full  avia-builder-el-16  el_after_av_one_full  el_before_av_hr  first flex_column_div  column-top-margin'     ><p>\n<style type=\"text\/css\" data-created_by=\"avia_inline_auto\" id=\"style-css-av-m42v0hbc-0b9fd346acc38dab9238496558953d8c\">\n#top .av-special-heading.av-m42v0hbc-0b9fd346acc38dab9238496558953d8c{\npadding-bottom:10px;\n}\nbody .av-special-heading.av-m42v0hbc-0b9fd346acc38dab9238496558953d8c .av-special-heading-tag .heading-char{\nfont-size:25px;\n}\n.av-special-heading.av-m42v0hbc-0b9fd346acc38dab9238496558953d8c .av-subheading{\nfont-size:15px;\n}\n<\/style>\n<div  class='av-special-heading av-m42v0hbc-0b9fd346acc38dab9238496558953d8c av-special-heading-h2 blockquote modern-quote  avia-builder-el-17  el_before_av_textblock  avia-builder-el-first '><h2 class='av-special-heading-tag'  itemprop=\"headline\"  >Auswirkungen auf die Branche<\/h2><div class=\"special-heading-border\"><div class=\"special-heading-inner-border\"><\/div><\/div><\/div><br \/>\n<section  class='av_textblock_section av-m42v0q5k-d8b06ce6b9aa4956b00f5f3299e7047f '   itemscope=\"itemscope\" itemtype=\"https:\/\/schema.org\/CreativeWork\" ><div class='avia_textblock'  itemprop=\"text\" ><p>FESTSTOFFE Parma spielt eine Schl\u00fcsselrolle bei der Entwicklung italienischer und internationaler Industrien, die Sch\u00fcttg\u00fcter verarbeiten, und bietet:<\/p>\n<ul>\n<li>Direkter Zugang zu technologischen Innovationen: zur Verbesserung der Produktivit\u00e4t und zur Senkung der Betriebskosten.<\/li>\n<li>Networking-M\u00f6glichkeiten: F\u00f6rderung kommerzieller und technischer Kooperationen.<\/li>\n<li>Regulatorische Aktualisierungen und Best Practices: um die Einhaltung von Sicherheits- und Nachhaltigkeitsvorschriften sicherzustellen.<\/li>\n<\/ul>\n<\/div><\/section><\/p><\/div>\n\n<style type=\"text\/css\" data-created_by=\"avia_inline_auto\" id=\"style-css-av-2tdez26-1338ceb8592ba8902b14b73bebcc7422\">\n#top .hr.hr-invisible.av-2tdez26-1338ceb8592ba8902b14b73bebcc7422{\nheight:24px;\n}\n<\/style>\n<div  class='hr av-2tdez26-1338ceb8592ba8902b14b73bebcc7422 hr-invisible  avia-builder-el-19  el_after_av_one_full  el_before_av_hr '><span class='hr-inner '><span class=\"hr-inner-style\"><\/span><\/span><\/div>\n<div  class='hr av-2q5fqf2-50b35f2c2d547dfa1c85a15d22bff879 hr-short  avia-builder-el-20  el_after_av_hr  el_before_av_hr  hr-left'><span class='hr-inner '><span class=\"hr-inner-style\"><\/span><\/span><\/div>\n\n<style type=\"text\/css\" data-created_by=\"avia_inline_auto\" id=\"style-css-av-1wbuwe6-4dcf55cd188655dcb26e28a80d3ee79b\">\n#top .hr.hr-invisible.av-1wbuwe6-4dcf55cd188655dcb26e28a80d3ee79b{\nheight:24px;\n}\n<\/style>\n<div  class='hr av-1wbuwe6-4dcf55cd188655dcb26e28a80d3ee79b hr-invisible  avia-builder-el-21  el_after_av_hr  el_before_av_one_full '><span class='hr-inner '><span class=\"hr-inner-style\"><\/span><\/span><\/div>\n\n<style type=\"text\/css\" data-created_by=\"avia_inline_auto\" id=\"style-css-av-1pmwrvi-06b4de650f51b6a9c204b76ecf64d6f6\">\n.flex_column.av-1pmwrvi-06b4de650f51b6a9c204b76ecf64d6f6{\npadding:48px 48px 48px 48px;\nbackground-color:#eceff1;\n}\n<\/style>\n<div  class='flex_column av-1pmwrvi-06b4de650f51b6a9c204b76ecf64d6f6 av_one_full  avia-builder-el-22  el_after_av_hr  avia-builder-el-last  first flex_column_div  '     ><p>\n<style type=\"text\/css\" data-created_by=\"avia_inline_auto\" id=\"style-css-av-3nrllq-d4029ad04be67bfd767e452170a3c5b0\">\n#top .av-special-heading.av-3nrllq-d4029ad04be67bfd767e452170a3c5b0{\npadding-bottom:10px;\n}\nbody .av-special-heading.av-3nrllq-d4029ad04be67bfd767e452170a3c5b0 .av-special-heading-tag .heading-char{\nfont-size:25px;\n}\n.av-special-heading.av-3nrllq-d4029ad04be67bfd767e452170a3c5b0 .av-subheading{\nfont-size:15px;\n}\n<\/style>\n<div  class='av-special-heading av-3nrllq-d4029ad04be67bfd767e452170a3c5b0 av-special-heading-h2 blockquote modern-quote modern-centered  avia-builder-el-23  el_before_av_textblock  avia-builder-el-first '><h2 class='av-special-heading-tag'  itemprop=\"headline\"  >STAATLICHE BEIHILFEN UND DE MINIMIS<\/h2><div class=\"special-heading-border\"><div class=\"special-heading-inner-border\"><\/div><\/div><\/div><br \/>\n<section  class='av_textblock_section av-voorby-ebecd858e1333f7db896e90aa199bca2 '   itemscope=\"itemscope\" itemtype=\"https:\/\/schema.org\/CreativeWork\" ><div class='avia_textblock'  itemprop=\"text\" ><p style=\"text-align: center;\"><strong>Informationspflichten bei \u00f6ffentlichen Zuwendungen.<\/strong><br \/>\nStaatliche Beihilfen und De-minimis-Beihilfen, die unser Unternehmen erh\u00e4lt, sind im Nationalen Register f\u00fcr staatliche Beihilfen gem\u00e4\u00df Artikel 1 aufgef\u00fchrt. 52 des Gesetzes 234\/2012, auf das verwiesen wird und das unter folgendem Link eingesehen werden kann:\u00a0<a role=\"link\" href=\"https:\/\/www.rna.gov.it\/trasparenza\" target=\"_blank\" rel=\"noopener\">Erfahren Sie mehr&gt;&gt;<\/a><\/p>\n<\/div><\/section><\/p><\/div>\n","protected":false},"excerpt":{"rendered":"","protected":false},"author":6,"featured_media":0,"parent":17454,"menu_order":0,"comment_status":"closed","ping_status":"closed","template":"","meta":{"_monsterinsights_skip_tracking":false,"_monsterinsights_sitenote_active":false,"_monsterinsights_sitenote_note":"","_monsterinsights_sitenote_category":0,"footnotes":""},"_links":{"self":[{"href":"https:\/\/www.idealtecsrl.com\/de\/wp-json\/wp\/v2\/pages\/17634"}],"collection":[{"href":"https:\/\/www.idealtecsrl.com\/de\/wp-json\/wp\/v2\/pages"}],"about":[{"href":"https:\/\/www.idealtecsrl.com\/de\/wp-json\/wp\/v2\/types\/page"}],"author":[{"embeddable":true,"href":"https:\/\/www.idealtecsrl.com\/de\/wp-json\/wp\/v2\/users\/6"}],"replies":[{"embeddable":true,"href":"https:\/\/www.idealtecsrl.com\/de\/wp-json\/wp\/v2\/comments?post=17634"}],"version-history":[{"count":2,"href":"https:\/\/www.idealtecsrl.com\/de\/wp-json\/wp\/v2\/pages\/17634\/revisions"}],"predecessor-version":[{"id":17636,"href":"https:\/\/www.idealtecsrl.com\/de\/wp-json\/wp\/v2\/pages\/17634\/revisions\/17636"}],"up":[{"embeddable":true,"href":"https:\/\/www.idealtecsrl.com\/de\/wp-json\/wp\/v2\/pages\/17454"}],"wp:attachment":[{"href":"https:\/\/www.idealtecsrl.com\/de\/wp-json\/wp\/v2\/media?parent=17634"}],"curies":[{"name":"wp","href":"https:\/\/api.w.org\/{rel}","templated":true}]}}