{"id":20382,"date":"2025-01-30T09:46:57","date_gmt":"2025-01-30T08:46:57","guid":{"rendered":"https:\/\/www.idealtecsrl.com\/ausstellungsmessen\/eurocoat\/"},"modified":"2025-01-30T12:39:09","modified_gmt":"2025-01-30T11:39:09","slug":"eurocoat","status":"publish","type":"page","link":"https:\/\/www.idealtecsrl.com\/de\/ausstellungsmessen\/eurocoat\/","title":{"rendered":"Eurocoat"},"content":{"rendered":"<div id='full_slider_1'  class='avia-fullwidth-slider main_color avia-shadow   avia-builder-el-0  el_before_av_one_half  avia-builder-el-first   container_wrap fullsize'  >\n<style type=\"text\/css\" data-created_by=\"avia_inline_auto\" id=\"style-css-av-m6j196ho-6e1a0f199ed2f00918eb454d67fc09f8\">\n#top #wrap_all .avia-slideshow .av-slideshow-caption.av-m6j196ho-6e1a0f199ed2f00918eb454d67fc09f8__0 .avia-caption-title{\ncolor:#ffffff;\n}\n#top .avia-slideshow .av-slideshow-caption.av-m6j196ho-6e1a0f199ed2f00918eb454d67fc09f8__0 .avia-caption-content{\ncolor:#ffffff;\n}\n<\/style>\n<div  class='avia-slideshow av-m6j196ho-6e1a0f199ed2f00918eb454d67fc09f8 avia-slideshow-featured av_slideshow_full avia-fade-slider av-slideshow-ui av-control-hidden av-no-slider-navigation av-hide-nav-arrows av-slideshow-autoplay av-loop-endless av-loop-manual-endless av-default-height-applied   avia-slideshow-1' data-slideshow-options=\"{&quot;animation&quot;:&quot;fade&quot;,&quot;autoplay&quot;:true,&quot;loop_autoplay&quot;:&quot;endless&quot;,&quot;interval&quot;:3,&quot;loop_manual&quot;:&quot;manual-endless&quot;,&quot;autoplay_stopper&quot;:false,&quot;noNavigation&quot;:true,&quot;bg_slider&quot;:false,&quot;transitionSpeed&quot;:800,&quot;keep_padding&quot;:false,&quot;hoverpause&quot;:false,&quot;show_slide_delay&quot;:0}\"  itemprop=\"image\" itemscope=\"itemscope\" itemtype=\"https:\/\/schema.org\/ImageObject\" ><ul class='avia-slideshow-inner ' style='padding-bottom: 28.666666666667%;'><li  class='avia-slideshow-slide av-m6j196ho-6e1a0f199ed2f00918eb454d67fc09f8__0  slide-1 slide-odd'><div data-rel='slideshow-1' class='avia-slide-wrap '   ><img decoding=\"async\" fetchpriority=\"high\" class=\"wp-image-15266 avia-img-lazy-loading-not-15266\"  src=\"https:\/\/www.idealtecsrl.com\/wp-content\/uploads\/2024\/07\/visore-ci-presentiamo-1.jpg\" width=\"1500\" height=\"430\" title='visore-ci-presentiamo-1' alt=''  itemprop=\"thumbnailUrl\"  style='min-height:400px; min-width:1396px; ' srcset=\"https:\/\/www.idealtecsrl.com\/wp-content\/uploads\/2024\/07\/visore-ci-presentiamo-1.jpg 1500w, https:\/\/www.idealtecsrl.com\/wp-content\/uploads\/2024\/07\/visore-ci-presentiamo-1-300x86.jpg 300w, https:\/\/www.idealtecsrl.com\/wp-content\/uploads\/2024\/07\/visore-ci-presentiamo-1-1030x295.jpg 1030w, https:\/\/www.idealtecsrl.com\/wp-content\/uploads\/2024\/07\/visore-ci-presentiamo-1-768x220.jpg 768w, https:\/\/www.idealtecsrl.com\/wp-content\/uploads\/2024\/07\/visore-ci-presentiamo-1-705x202.jpg 705w\" sizes=\"(max-width: 1500px) 100vw, 1500px\" \/><div class='av-section-color-overlay' style='opacity: 0.6; background-color: #18417e; '><\/div><\/div><\/li><li  class='avia-slideshow-slide av-m6j196ho-6e1a0f199ed2f00918eb454d67fc09f8__1  slide-2 slide-even'><div data-rel='slideshow-1' class='avia-slide-wrap '   ><img decoding=\"async\" fetchpriority=\"high\" class=\"wp-image-15273 avia-img-lazy-loading-not-15273\"  src=\"https:\/\/www.idealtecsrl.com\/wp-content\/uploads\/2024\/07\/visore-ci-presentiamo-2.jpg\" width=\"1500\" height=\"430\" title='visore-ci-presentiamo-2' alt=''  itemprop=\"thumbnailUrl\"  style='min-height:400px; min-width:1396px; ' srcset=\"https:\/\/www.idealtecsrl.com\/wp-content\/uploads\/2024\/07\/visore-ci-presentiamo-2.jpg 1500w, https:\/\/www.idealtecsrl.com\/wp-content\/uploads\/2024\/07\/visore-ci-presentiamo-2-300x86.jpg 300w, https:\/\/www.idealtecsrl.com\/wp-content\/uploads\/2024\/07\/visore-ci-presentiamo-2-1030x295.jpg 1030w, https:\/\/www.idealtecsrl.com\/wp-content\/uploads\/2024\/07\/visore-ci-presentiamo-2-768x220.jpg 768w, https:\/\/www.idealtecsrl.com\/wp-content\/uploads\/2024\/07\/visore-ci-presentiamo-2-705x202.jpg 705w\" sizes=\"(max-width: 1500px) 100vw, 1500px\" \/><div class='av-section-color-overlay' style='opacity: 0.6; background-color: #18417e; '><\/div><\/div><\/li><li  class='avia-slideshow-slide av-m6j196ho-6e1a0f199ed2f00918eb454d67fc09f8__2  slide-3 slide-odd'><div data-rel='slideshow-1' class='avia-slide-wrap '   ><img decoding=\"async\" fetchpriority=\"high\" class=\"wp-image-15280 avia-img-lazy-loading-not-15280\"  src=\"https:\/\/www.idealtecsrl.com\/wp-content\/uploads\/2024\/07\/visore-ci-presentiamo-3.jpg\" width=\"1500\" height=\"430\" title='visore-ci-presentiamo-3' alt=''  itemprop=\"thumbnailUrl\"  style='min-height:400px; min-width:1396px; ' srcset=\"https:\/\/www.idealtecsrl.com\/wp-content\/uploads\/2024\/07\/visore-ci-presentiamo-3.jpg 1500w, https:\/\/www.idealtecsrl.com\/wp-content\/uploads\/2024\/07\/visore-ci-presentiamo-3-300x86.jpg 300w, https:\/\/www.idealtecsrl.com\/wp-content\/uploads\/2024\/07\/visore-ci-presentiamo-3-1030x295.jpg 1030w, https:\/\/www.idealtecsrl.com\/wp-content\/uploads\/2024\/07\/visore-ci-presentiamo-3-768x220.jpg 768w, https:\/\/www.idealtecsrl.com\/wp-content\/uploads\/2024\/07\/visore-ci-presentiamo-3-705x202.jpg 705w\" sizes=\"(max-width: 1500px) 100vw, 1500px\" \/><div class='av-section-color-overlay' style='opacity: 0.6; background-color: #18417e; '><\/div><\/div><\/li><li  class='avia-slideshow-slide av-m6j196ho-6e1a0f199ed2f00918eb454d67fc09f8__3  slide-4 slide-even'><div data-rel='slideshow-1' class='avia-slide-wrap '   ><img decoding=\"async\" fetchpriority=\"high\" class=\"wp-image-15287 avia-img-lazy-loading-not-15287\"  src=\"https:\/\/www.idealtecsrl.com\/wp-content\/uploads\/2024\/07\/visore-ci-presentiamo-4.jpg\" width=\"1500\" height=\"430\" title='visore-ci-presentiamo-4' alt=''  itemprop=\"thumbnailUrl\"  style='min-height:400px; min-width:1396px; ' srcset=\"https:\/\/www.idealtecsrl.com\/wp-content\/uploads\/2024\/07\/visore-ci-presentiamo-4.jpg 1500w, https:\/\/www.idealtecsrl.com\/wp-content\/uploads\/2024\/07\/visore-ci-presentiamo-4-300x86.jpg 300w, https:\/\/www.idealtecsrl.com\/wp-content\/uploads\/2024\/07\/visore-ci-presentiamo-4-1030x295.jpg 1030w, https:\/\/www.idealtecsrl.com\/wp-content\/uploads\/2024\/07\/visore-ci-presentiamo-4-768x220.jpg 768w, https:\/\/www.idealtecsrl.com\/wp-content\/uploads\/2024\/07\/visore-ci-presentiamo-4-705x202.jpg 705w\" sizes=\"(max-width: 1500px) 100vw, 1500px\" \/><div class='av-section-color-overlay' style='opacity: 0.6; background-color: #18417e; '><\/div><\/div><\/li><li  class='avia-slideshow-slide av-m6j196ho-6e1a0f199ed2f00918eb454d67fc09f8__4  slide-5 slide-odd'><div data-rel='slideshow-1' class='avia-slide-wrap '   ><img decoding=\"async\" fetchpriority=\"high\" class=\"wp-image-15294 avia-img-lazy-loading-not-15294\"  src=\"https:\/\/www.idealtecsrl.com\/wp-content\/uploads\/2024\/07\/visore-ci-presentiamo-5.jpg\" width=\"1500\" height=\"430\" title='visore-ci-presentiamo-5' alt=''  itemprop=\"thumbnailUrl\"  style='min-height:400px; min-width:1396px; ' srcset=\"https:\/\/www.idealtecsrl.com\/wp-content\/uploads\/2024\/07\/visore-ci-presentiamo-5.jpg 1500w, https:\/\/www.idealtecsrl.com\/wp-content\/uploads\/2024\/07\/visore-ci-presentiamo-5-300x86.jpg 300w, https:\/\/www.idealtecsrl.com\/wp-content\/uploads\/2024\/07\/visore-ci-presentiamo-5-1030x295.jpg 1030w, https:\/\/www.idealtecsrl.com\/wp-content\/uploads\/2024\/07\/visore-ci-presentiamo-5-768x220.jpg 768w, https:\/\/www.idealtecsrl.com\/wp-content\/uploads\/2024\/07\/visore-ci-presentiamo-5-705x202.jpg 705w\" sizes=\"(max-width: 1500px) 100vw, 1500px\" \/><div class='av-section-color-overlay' style='opacity: 0.6; background-color: #18417e; '><\/div><\/div><\/li><\/ul><div class='avia-slideshow-arrows avia-slideshow-controls' ><a href='#prev' class='prev-slide ' aria-hidden='true' data-av_icon='\ue87c' data-av_iconfont='entypo-fontello'  tabindex='-1'>Zur\u00fcck<\/a><a href='#next' class='next-slide ' aria-hidden='true' data-av_icon='\ue87d' data-av_iconfont='entypo-fontello'  tabindex='-1'>Weiter<\/a><\/div><div class='av-slideshow-caption av-m6j196ho-6e1a0f199ed2f00918eb454d67fc09f8__0 caption_fullwidth caption_center'><div class=\"container caption_container\"><div class=\"slideshow_caption\"><div class=\"slideshow_inner_caption\"><div class=\"slideshow_align_caption\"><h1 class='avia-caption-title '  itemprop=\"name\" >Eurocoat<\/h1><\/div><\/div><\/div><\/div><\/div><\/div><\/div><div id='after_full_slider_1'  class='main_color av_default_container_wrap container_wrap fullsize'  ><div class='container av-section-cont-open' ><div class='template-page content  av-content-full alpha units'><div class='post-entry post-entry-type-page post-entry-20382'><div class='entry-content-wrapper clearfix'>\n\n<style type=\"text\/css\" data-created_by=\"avia_inline_auto\" id=\"style-css-av-9r3v5p8-7901755f09cde7dcd07417f14398c3a1\">\n.flex_column.av-9r3v5p8-7901755f09cde7dcd07417f14398c3a1{\npadding:50px 0 0 0;\n}\n<\/style>\n<div  class='flex_column av-9r3v5p8-7901755f09cde7dcd07417f14398c3a1 av_one_half  avia-builder-el-1  el_after_av_slideshow_full  el_before_av_one_half  avia-builder-el-first  first flex_column_div  '     ><p><section  class='av_textblock_section av-m6j19sdb-dc52274e305945526015460924b1b49d '   itemscope=\"itemscope\" itemtype=\"https:\/\/schema.org\/CreativeWork\" ><div class='avia_textblock'  itemprop=\"text\" ><p>Eurocoat ist eine der f\u00fchrenden Fachmessen Europas f\u00fcr die Lack-, Farben-, Tinten-, Klebstoff- und Dichtungsstoffindustrie sowie die damit verbundenen Rohstoffe, Ger\u00e4te und Technologien. Mit ihrer \u00fcber 40-j\u00e4hrigen Geschichte stellt die Veranstaltung einen wichtigen Treffpunkt f\u00fcr Branchenexperten dar und bietet einen vollst\u00e4ndigen \u00dcberblick \u00fcber die neuesten Innovationen, Trends und technischen L\u00f6sungen.<\/p>\n<p>Die Eurocoat findet alle zwei Jahre in einer gro\u00dfen europ\u00e4ischen Stadt statt, mit starkem Fokus auf den M\u00e4rkten S\u00fcdeuropas, des Mittelmeerraums und Nordafrikas. Die Veranstaltung wird von ETAI (Groupe Infopro Digital) in Zusammenarbeit mit Branchenverb\u00e4nden, Forschungseinrichtungen und f\u00fchrenden Unternehmen organisiert.<\/p>\n<\/div><\/section><br \/>\n\n<style type=\"text\/css\" data-created_by=\"avia_inline_auto\" id=\"style-css-av-3dnal8-3d377b9d29f7851326c5f687f4940da9\">\n#top .hr.hr-invisible.av-3dnal8-3d377b9d29f7851326c5f687f4940da9{\nheight:50px;\n}\n<\/style>\n<div  class='hr av-3dnal8-3d377b9d29f7851326c5f687f4940da9 hr-invisible  avia-builder-el-3  el_after_av_textblock  el_before_av_button '><span class='hr-inner '><span class=\"hr-inner-style\"><\/span><\/span><\/div><br \/>\n<div  class='avia-button-wrap av-m6j13x3a-dfa4ee13e3b4bb1f2d617efc4335c3a0-wrap avia-button-left  avia-builder-el-4  el_after_av_hr  avia-builder-el-last '><a href='https:\/\/www.eurocoat-expo.com\/en' class='avia-button av-m6j13x3a-dfa4ee13e3b4bb1f2d617efc4335c3a0 av-link-btn avia-icon_select-yes-right-icon avia-size-large avia-position-left av-icon-on-hover avia-color-theme-color' target=\"_blank\" rel=\"noopener noreferrer\"><span class='avia_iconbox_title' >Besuchen Sie die offizielle Website<\/span><span class='avia_button_icon avia_button_icon_right' aria-hidden='true' data-av_icon='\ue879' data-av_iconfont='entypo-fontello'><\/span><\/a><\/div><\/p><\/div>\n\n<style type=\"text\/css\" data-created_by=\"avia_inline_auto\" id=\"style-css-av-8znq0zg-8d43f82d3cf52b20136d17cd0d412b4b\">\n.flex_column.av-8znq0zg-8d43f82d3cf52b20136d17cd0d412b4b{\npadding:50px 0 0 0;\n}\n<\/style>\n<div  class='flex_column av-8znq0zg-8d43f82d3cf52b20136d17cd0d412b4b av_one_half  avia-builder-el-5  el_after_av_one_half  el_before_av_one_full  flex_column_div  '     ><style type=\"text\/css\" data-created_by=\"avia_inline_auto\" id=\"style-css-av-m6j13ntb-96bbbb1ace01cb95e76ea107a3a278bd\">\n.avia-image-container.av-m6j13ntb-96bbbb1ace01cb95e76ea107a3a278bd img.avia_image{\nbox-shadow:none;\n}\n.avia-image-container.av-m6j13ntb-96bbbb1ace01cb95e76ea107a3a278bd .av-image-caption-overlay-center{\ncolor:#ffffff;\n}\n<\/style>\n<div  class='avia-image-container av-m6j13ntb-96bbbb1ace01cb95e76ea107a3a278bd av-styling- av-img-linked avia-align-center  avia-builder-el-6  avia-builder-el-no-sibling '   itemprop=\"image\" itemscope=\"itemscope\" itemtype=\"https:\/\/schema.org\/ImageObject\" ><div class=\"avia-image-container-inner\"><div class=\"avia-image-overlay-wrap\"><a href=\"https:\/\/www.eurocoat-expo.com\/en\" class='avia_image ' target=\"_blank\" rel=\"noopener noreferrer\" aria-label='Eurocoat'><img decoding=\"async\" fetchpriority=\"high\" class='wp-image-20342 avia-img-lazy-loading-not-20342 avia_image ' src=\"https:\/\/www.idealtecsrl.com\/wp-content\/uploads\/2025\/01\/Eurocoat-300x300.jpg\" alt='' title='Eurocoat'  height=\"300\" width=\"300\"  itemprop=\"thumbnailUrl\" srcset=\"https:\/\/www.idealtecsrl.com\/wp-content\/uploads\/2025\/01\/Eurocoat-300x300.jpg 300w, https:\/\/www.idealtecsrl.com\/wp-content\/uploads\/2025\/01\/Eurocoat-80x80.jpg 80w, https:\/\/www.idealtecsrl.com\/wp-content\/uploads\/2025\/01\/Eurocoat-36x36.jpg 36w, https:\/\/www.idealtecsrl.com\/wp-content\/uploads\/2025\/01\/Eurocoat-180x180.jpg 180w, https:\/\/www.idealtecsrl.com\/wp-content\/uploads\/2025\/01\/Eurocoat.jpg 400w\" sizes=\"(max-width: 300px) 100vw, 300px\" \/><\/a><\/div><\/div><\/div><\/div>\n\n<style type=\"text\/css\" data-created_by=\"avia_inline_auto\" id=\"style-css-av-8bdpoxo-006baa0b54beaccdd4c240590a3a769c\">\n.flex_column.av-8bdpoxo-006baa0b54beaccdd4c240590a3a769c{\npadding:50px 0 0 0;\n}\n<\/style>\n<div  class='flex_column av-8bdpoxo-006baa0b54beaccdd4c240590a3a769c av_one_full  avia-builder-el-7  el_after_av_one_half  el_before_av_one_full  first flex_column_div  column-top-margin'     ><p>\n<style type=\"text\/css\" data-created_by=\"avia_inline_auto\" id=\"style-css-av-7w4pw0s-fa839de9c0f1f265ebb1263920e050ea\">\n#top .av-special-heading.av-7w4pw0s-fa839de9c0f1f265ebb1263920e050ea{\npadding-bottom:10px;\n}\nbody .av-special-heading.av-7w4pw0s-fa839de9c0f1f265ebb1263920e050ea .av-special-heading-tag .heading-char{\nfont-size:25px;\n}\n.av-special-heading.av-7w4pw0s-fa839de9c0f1f265ebb1263920e050ea .av-subheading{\nfont-size:15px;\n}\n<\/style>\n<div  class='av-special-heading av-7w4pw0s-fa839de9c0f1f265ebb1263920e050ea av-special-heading-h2 blockquote modern-quote  avia-builder-el-8  el_before_av_textblock  avia-builder-el-first '><h2 class='av-special-heading-tag'  itemprop=\"headline\"  >Ziele und Bedeutung<\/h2><div class=\"special-heading-border\"><div class=\"special-heading-inner-border\"><\/div><\/div><\/div><br \/>\n<section  class='av_textblock_section av-m6j1b5or-a0556d546d485e4ac4d29eabc1f46c1a '   itemscope=\"itemscope\" itemtype=\"https:\/\/schema.org\/CreativeWork\" ><div class='avia_textblock'  itemprop=\"text\" ><p>Eurocoat ist ein unverzichtbares Event f\u00fcr:<\/p>\n<ul>\n<li>Erkundung neuer Technologien und Materialien in der Beschichtungsindustrie.<\/li>\n<li>Erm\u00f6glichen Sie B2B-Meetings zwischen Lieferanten, Herstellern und Entscheidungstr\u00e4gern.<\/li>\n<li>Geben Sie Wissen durch ein umfangreiches Konferenz- und Workshop-Programm weiter.<\/li>\n<li>Unterst\u00fctzen Sie Innovation und Nachhaltigkeit und f\u00f6rdern Sie umweltfreundlichere und effizientere L\u00f6sungen.<\/li>\n<\/ul>\n<p>Die Veranstaltung positioniert sich als strategische Plattform f\u00fcr die Branche, die die wichtigsten Akteure der Lieferkette vernetzt und M\u00f6glichkeiten f\u00fcr Wachstum und Gesch\u00e4ftsentwicklung bietet.<\/p>\n<\/div><\/section><\/p><\/div>\n\n<style type=\"text\/css\" data-created_by=\"avia_inline_auto\" id=\"style-css-av-7iewyvw-5968f7a784f7a0f95187b510683319d0\">\n.flex_column.av-7iewyvw-5968f7a784f7a0f95187b510683319d0{\npadding:50px 0 0 0;\n}\n<\/style>\n<div  class='flex_column av-7iewyvw-5968f7a784f7a0f95187b510683319d0 av_one_full  avia-builder-el-10  el_after_av_one_full  el_before_av_one_full  first flex_column_div  column-top-margin'     ><p>\n<style type=\"text\/css\" data-created_by=\"avia_inline_auto\" id=\"style-css-av-74qs28s-559a380204df74c7bc4a1b6493a010ff\">\n#top .av-special-heading.av-74qs28s-559a380204df74c7bc4a1b6493a010ff{\npadding-bottom:10px;\n}\nbody .av-special-heading.av-74qs28s-559a380204df74c7bc4a1b6493a010ff .av-special-heading-tag .heading-char{\nfont-size:25px;\n}\n.av-special-heading.av-74qs28s-559a380204df74c7bc4a1b6493a010ff .av-subheading{\nfont-size:15px;\n}\n<\/style>\n<div  class='av-special-heading av-74qs28s-559a380204df74c7bc4a1b6493a010ff av-special-heading-h2 blockquote modern-quote  avia-builder-el-11  el_before_av_textblock  avia-builder-el-first '><h2 class='av-special-heading-tag'  itemprop=\"headline\"  >Hauptmerkmale<\/h2><div class=\"special-heading-border\"><div class=\"special-heading-inner-border\"><\/div><\/div><\/div><br \/>\n<section  class='av_textblock_section av-m6j1jpad-cdd8b3a259d498113a2f21859d741a39 '   itemscope=\"itemscope\" itemtype=\"https:\/\/schema.org\/CreativeWork\" ><div class='avia_textblock'  itemprop=\"text\" ><p><strong>1. Hochrangige Fachausstellung<\/strong><br \/>\nEurocoat bringt nationale und internationale Aussteller zusammen und bietet eine umfassende Pr\u00e4sentation zu folgenden Themen:<\/p>\n<ul>\n<li>Rohstoffe f\u00fcr Lacke, Farben und Tinten.<\/li>\n<li>Spezialchemikalien und Zusatzstoffe zur Verbesserung der Leistung von Beschichtungen.<\/li>\n<li>Maschinen und Ger\u00e4te zur Herstellung, Verpackung und Anwendung.<\/li>\n<li>Mess- und Qualit\u00e4tskontrollwerkzeuge.<\/li>\n<li>Automatisierungs- und Digitalisierungsl\u00f6sungen zur Optimierung von Produktionsprozessen.<\/li>\n<\/ul>\n<p><strong>2. Anwendungsbereiche<\/strong><br \/>\nEurocoat beliefert zahlreiche Industriezweige, darunter:<\/p>\n<ul>\n<li>Bauwesen (Farben und Schutzbeschichtungen).<\/li>\n<li>Automobil und Transport (Karosserielackierungen und -schutz).<\/li>\n<li>Verpackung (Verpackungsfarben und -beschichtungen).<\/li>\n<li>Schifffahrts- und Luftfahrtindustrie (Korrosionsschutzbeschichtungen).<\/li>\n<li>Holz, Metalle und Kunststoffe (Oberfl\u00e4chenbehandlungen und Sonderlackierungen).<\/li>\n<\/ul>\n<p><strong>3. Konferenzen und technische Workshops<\/strong><br \/>\nDie Veranstaltung wird durch ein hochkar\u00e4tiges Konferenzprogramm bereichert, bei dem Branchenexperten wichtige Themen diskutieren wie:<\/p>\n<ul>\n<li>Innovationen bei Materialien und Produktionsprozessen.<\/li>\n<li>Nachhaltigkeit und Reduzierung der Umweltbelastung.<\/li>\n<li>Internationale Normen und Vorschriften f\u00fcr die Lackindustrie.<\/li>\n<li>Fortschrittliche Anwendungstechnologien und Prozessautomatisierung.<\/li>\n<\/ul>\n<p><strong>4. Fokus auf Innovation und Nachhaltigkeit<\/strong><br \/>\nEurocoat schenkt neuen Technologien und nachhaltigen Praktiken gro\u00dfe Aufmerksamkeit und f\u00f6rdert:<\/p>\n<ul>\n<li>Wasserbasierte und biokompatible L\u00f6sungen zur Reduzierung der Umweltbelastung.<\/li>\n<li>Neue Formulierungen von Farben und Beschichtungen mit verbesserten Eigenschaften (Best\u00e4ndigkeit, Haltbarkeit, Sicherheit).<\/li>\n<li>Strategien zum Recycling und zum verantwortungsvollen Umgang mit Materialien.<\/li>\n<\/ul>\n<\/div><\/section><\/p><\/div>\n<style type=\"text\/css\" data-created_by=\"avia_inline_auto\" id=\"style-css-av-6kvk18c-9da61d3c2cb11c0f2958c0d4d43567cb\">\n.flex_column.av-6kvk18c-9da61d3c2cb11c0f2958c0d4d43567cb{\npadding:50px 0 0 0;\n}\n<\/style>\n<div  class='flex_column av-6kvk18c-9da61d3c2cb11c0f2958c0d4d43567cb av_one_full  avia-builder-el-13  el_after_av_one_full  el_before_av_hr  first flex_column_div  column-top-margin'     ><p>\n<style type=\"text\/css\" data-created_by=\"avia_inline_auto\" id=\"style-css-av-6e66wl8-20763757a8864c7606a3cc7978655a2a\">\n#top .av-special-heading.av-6e66wl8-20763757a8864c7606a3cc7978655a2a{\npadding-bottom:10px;\n}\nbody .av-special-heading.av-6e66wl8-20763757a8864c7606a3cc7978655a2a .av-special-heading-tag .heading-char{\nfont-size:25px;\n}\n.av-special-heading.av-6e66wl8-20763757a8864c7606a3cc7978655a2a .av-subheading{\nfont-size:15px;\n}\n<\/style>\n<div  class='av-special-heading av-6e66wl8-20763757a8864c7606a3cc7978655a2a av-special-heading-h2 blockquote modern-quote  avia-builder-el-14  el_before_av_textblock  avia-builder-el-first '><h2 class='av-special-heading-tag'  itemprop=\"headline\"  >Teilnehmer<\/h2><div class=\"special-heading-border\"><div class=\"special-heading-inner-border\"><\/div><\/div><\/div><br \/>\n<section  class='av_textblock_section av-m6j1k2kw-f23da1858f97d65e309fa28199cca17e '   itemscope=\"itemscope\" itemtype=\"https:\/\/schema.org\/CreativeWork\" ><div class='avia_textblock'  itemprop=\"text\" ><p>Eurocoat begr\u00fc\u00dft ein hochspezialisiertes Publikum, darunter:<\/p>\n<ul>\n<li>Hersteller von Farben, Tinten, Klebstoffen und Dichtungsmitteln.<\/li>\n<li>Lieferanten von Rohstoffen (Harze, Pigmente, Additive, L\u00f6sungsmittel).<\/li>\n<li>Hersteller von Maschinen und Ger\u00e4ten f\u00fcr Produktion und Anwendung.<\/li>\n<li>Forschungs- und Entwicklungslabore.<\/li>\n<li>Experten f\u00fcr Regulierung und Nachhaltigkeit.<\/li>\n<li>K\u00e4ufer und H\u00e4ndler der Branche.<\/li>\n<\/ul>\n<p>Die Veranstaltung bietet Unternehmen eine einmalige Gelegenheit, ihr Netzwerk zu erweitern, neue M\u00e4rkte zu erschlie\u00dfen und innovative L\u00f6sungen f\u00fcr ihr Gesch\u00e4ft zu finden.<\/p>\n<\/div><\/section><\/p><\/div><\/p>\n\n<style type=\"text\/css\" data-created_by=\"avia_inline_auto\" id=\"style-css-av-aql6sc-ef25810b69836c96deae09b737df1271\">\n#top .hr.hr-invisible.av-aql6sc-ef25810b69836c96deae09b737df1271{\nheight:24px;\n}\n<\/style>\n<div  class='hr av-aql6sc-ef25810b69836c96deae09b737df1271 hr-invisible  avia-builder-el-16  el_after_av_one_full  el_before_av_hr '><span class='hr-inner '><span class=\"hr-inner-style\"><\/span><\/span><\/div>\n<div  class='hr av-2hccbwc-849de1201f0e83ad7fab4d15c370613d hr-short  avia-builder-el-17  el_after_av_hr  el_before_av_hr  hr-left'><span class='hr-inner '><span class=\"hr-inner-style\"><\/span><\/span><\/div>\n\n<style type=\"text\/css\" data-created_by=\"avia_inline_auto\" id=\"style-css-av-1xvgukc-5c4c35a0b76ffa1a5032793808604d8c\">\n#top .hr.hr-invisible.av-1xvgukc-5c4c35a0b76ffa1a5032793808604d8c{\nheight:24px;\n}\n<\/style>\n<div  class='hr av-1xvgukc-5c4c35a0b76ffa1a5032793808604d8c hr-invisible  avia-builder-el-18  el_after_av_hr  el_before_av_one_full '><span class='hr-inner '><span class=\"hr-inner-style\"><\/span><\/span><\/div>\n\n<style type=\"text\/css\" data-created_by=\"avia_inline_auto\" id=\"style-css-av-1tmeaxo-285c2bf6a74a2a62b25373991846f965\">\n.flex_column.av-1tmeaxo-285c2bf6a74a2a62b25373991846f965{\npadding:48px 48px 48px 48px;\nbackground-color:#eceff1;\n}\n<\/style>\n<div  class='flex_column av-1tmeaxo-285c2bf6a74a2a62b25373991846f965 av_one_full  avia-builder-el-19  el_after_av_hr  avia-builder-el-last  first flex_column_div  '     ><p>\n<style type=\"text\/css\" data-created_by=\"avia_inline_auto\" id=\"style-css-av-zdxmsc-634eb76c057b90e373020f4e0022b63c\">\n#top .av-special-heading.av-zdxmsc-634eb76c057b90e373020f4e0022b63c{\npadding-bottom:10px;\n}\nbody .av-special-heading.av-zdxmsc-634eb76c057b90e373020f4e0022b63c .av-special-heading-tag .heading-char{\nfont-size:25px;\n}\n.av-special-heading.av-zdxmsc-634eb76c057b90e373020f4e0022b63c .av-subheading{\nfont-size:15px;\n}\n<\/style>\n<div  class='av-special-heading av-zdxmsc-634eb76c057b90e373020f4e0022b63c av-special-heading-h2 blockquote modern-quote modern-centered  avia-builder-el-20  el_before_av_textblock  avia-builder-el-first '><h2 class='av-special-heading-tag'  itemprop=\"headline\"  >STAATLICHE BEIHILFEN UND DE MINIMIS<\/h2><div class=\"special-heading-border\"><div class=\"special-heading-inner-border\"><\/div><\/div><\/div><br \/>\n<section  class='av_textblock_section av-w1wn8c-54a2c35111a7e08c6ed91d717df34fa9 '   itemscope=\"itemscope\" itemtype=\"https:\/\/schema.org\/CreativeWork\" ><div class='avia_textblock'  itemprop=\"text\" ><p><strong>Informationspflichten bei \u00f6ffentlichen Zuwendungen.<\/strong><br \/>\nStaatliche Beihilfen und De-minimis-Beihilfen, die unser Unternehmen erh\u00e4lt, sind im Nationalen Register f\u00fcr staatliche Beihilfen gem\u00e4\u00df Artikel 1 aufgef\u00fchrt. 52 des Gesetzes 234\/2012, auf das verwiesen wird und das unter folgendem Link eingesehen werden kann:\u00a0<a role=\"link\" href=\"https:\/\/www.rna.gov.it\/trasparenza\" target=\"_blank\" rel=\"noopener\">Erfahren Sie mehr&gt;&gt;<\/a><\/p>\n<\/div><\/section><\/p><\/div>\n","protected":false},"excerpt":{"rendered":"","protected":false},"author":6,"featured_media":0,"parent":17454,"menu_order":0,"comment_status":"closed","ping_status":"closed","template":"","meta":{"_monsterinsights_skip_tracking":false,"_monsterinsights_sitenote_active":false,"_monsterinsights_sitenote_note":"","_monsterinsights_sitenote_category":0,"footnotes":""},"_links":{"self":[{"href":"https:\/\/www.idealtecsrl.com\/de\/wp-json\/wp\/v2\/pages\/20382"}],"collection":[{"href":"https:\/\/www.idealtecsrl.com\/de\/wp-json\/wp\/v2\/pages"}],"about":[{"href":"https:\/\/www.idealtecsrl.com\/de\/wp-json\/wp\/v2\/types\/page"}],"author":[{"embeddable":true,"href":"https:\/\/www.idealtecsrl.com\/de\/wp-json\/wp\/v2\/users\/6"}],"replies":[{"embeddable":true,"href":"https:\/\/www.idealtecsrl.com\/de\/wp-json\/wp\/v2\/comments?post=20382"}],"version-history":[{"count":6,"href":"https:\/\/www.idealtecsrl.com\/de\/wp-json\/wp\/v2\/pages\/20382\/revisions"}],"predecessor-version":[{"id":20533,"href":"https:\/\/www.idealtecsrl.com\/de\/wp-json\/wp\/v2\/pages\/20382\/revisions\/20533"}],"up":[{"embeddable":true,"href":"https:\/\/www.idealtecsrl.com\/de\/wp-json\/wp\/v2\/pages\/17454"}],"wp:attachment":[{"href":"https:\/\/www.idealtecsrl.com\/de\/wp-json\/wp\/v2\/media?parent=20382"}],"curies":[{"name":"wp","href":"https:\/\/api.w.org\/{rel}","templated":true}]}}