{"id":4103,"date":"2017-09-07T12:15:25","date_gmt":"2014-05-02T09:02:39","guid":{"rendered":"http:\/\/www.idealtecsrl.com\/?page_id=4103"},"modified":"2024-11-30T16:02:48","modified_gmt":"2024-11-30T15:02:48","slug":"forderung-de","status":"publish","type":"page","link":"https:\/\/www.idealtecsrl.com\/de\/forderung-de\/","title":{"rendered":"F\u00f6rderung"},"content":{"rendered":"<div id='full_slider_1'  class='avia-fullwidth-slider main_color avia-shadow   avia-builder-el-0  el_before_av_section  avia-builder-el-first   container_wrap fullsize'  >\n<style type=\"text\/css\" data-created_by=\"avia_inline_auto\" id=\"style-css-av-lyn5h9en-876dedbd069d5d4e56a17e391f8fbd33\">\n#top #wrap_all .avia-slideshow .av-slideshow-caption.av-lyn5h9en-876dedbd069d5d4e56a17e391f8fbd33__0 .avia-caption-title{\ncolor:#ffffff;\n}\n#top .avia-slideshow .av-slideshow-caption.av-lyn5h9en-876dedbd069d5d4e56a17e391f8fbd33__0 .avia-caption-content{\ncolor:#ffffff;\n}\n<\/style>\n<div  class='avia-slideshow av-lyn5h9en-876dedbd069d5d4e56a17e391f8fbd33 avia-slideshow-featured av_slideshow_full avia-fade-slider av-slideshow-ui av-control-hidden av-no-slider-navigation av-hide-nav-arrows av-slideshow-autoplay av-loop-endless av-loop-manual-endless av-default-height-applied   avia-slideshow-1' data-slideshow-options=\"{&quot;animation&quot;:&quot;fade&quot;,&quot;autoplay&quot;:true,&quot;loop_autoplay&quot;:&quot;endless&quot;,&quot;interval&quot;:3,&quot;loop_manual&quot;:&quot;manual-endless&quot;,&quot;autoplay_stopper&quot;:false,&quot;noNavigation&quot;:true,&quot;bg_slider&quot;:false,&quot;transitionSpeed&quot;:800,&quot;keep_padding&quot;:false,&quot;hoverpause&quot;:false,&quot;show_slide_delay&quot;:0}\"  itemprop=\"image\" itemscope=\"itemscope\" itemtype=\"https:\/\/schema.org\/ImageObject\" ><ul class='avia-slideshow-inner ' style='padding-bottom: 28.666666666667%;'><li  class='avia-slideshow-slide av-lyn5h9en-876dedbd069d5d4e56a17e391f8fbd33__0  slide-1 slide-odd'><div data-rel='slideshow-1' class='avia-slide-wrap '   ><img decoding=\"async\" fetchpriority=\"high\" class=\"wp-image-15266 avia-img-lazy-loading-not-15266\"  src=\"https:\/\/www.idealtecsrl.com\/wp-content\/uploads\/2024\/07\/visore-ci-presentiamo-1.jpg\" width=\"1500\" height=\"430\" title='visore-ci-presentiamo-1' alt=''  itemprop=\"thumbnailUrl\"  style='min-height:400px; min-width:1396px; ' srcset=\"https:\/\/www.idealtecsrl.com\/wp-content\/uploads\/2024\/07\/visore-ci-presentiamo-1.jpg 1500w, https:\/\/www.idealtecsrl.com\/wp-content\/uploads\/2024\/07\/visore-ci-presentiamo-1-300x86.jpg 300w, https:\/\/www.idealtecsrl.com\/wp-content\/uploads\/2024\/07\/visore-ci-presentiamo-1-1030x295.jpg 1030w, https:\/\/www.idealtecsrl.com\/wp-content\/uploads\/2024\/07\/visore-ci-presentiamo-1-768x220.jpg 768w, https:\/\/www.idealtecsrl.com\/wp-content\/uploads\/2024\/07\/visore-ci-presentiamo-1-705x202.jpg 705w\" sizes=\"(max-width: 1500px) 100vw, 1500px\" \/><div class='av-section-color-overlay' style='opacity: 0.6; background-color: #18417e; '><\/div><\/div><\/li><li  class='avia-slideshow-slide av-lyn5h9en-876dedbd069d5d4e56a17e391f8fbd33__1  slide-2 slide-even'><div data-rel='slideshow-1' class='avia-slide-wrap '   ><img decoding=\"async\" fetchpriority=\"high\" class=\"wp-image-15273 avia-img-lazy-loading-not-15273\"  src=\"https:\/\/www.idealtecsrl.com\/wp-content\/uploads\/2024\/07\/visore-ci-presentiamo-2.jpg\" width=\"1500\" height=\"430\" title='visore-ci-presentiamo-2' alt=''  itemprop=\"thumbnailUrl\"  style='min-height:400px; min-width:1396px; ' srcset=\"https:\/\/www.idealtecsrl.com\/wp-content\/uploads\/2024\/07\/visore-ci-presentiamo-2.jpg 1500w, https:\/\/www.idealtecsrl.com\/wp-content\/uploads\/2024\/07\/visore-ci-presentiamo-2-300x86.jpg 300w, https:\/\/www.idealtecsrl.com\/wp-content\/uploads\/2024\/07\/visore-ci-presentiamo-2-1030x295.jpg 1030w, https:\/\/www.idealtecsrl.com\/wp-content\/uploads\/2024\/07\/visore-ci-presentiamo-2-768x220.jpg 768w, https:\/\/www.idealtecsrl.com\/wp-content\/uploads\/2024\/07\/visore-ci-presentiamo-2-705x202.jpg 705w\" sizes=\"(max-width: 1500px) 100vw, 1500px\" \/><div class='av-section-color-overlay' style='opacity: 0.6; background-color: #18417e; '><\/div><\/div><\/li><li  class='avia-slideshow-slide av-lyn5h9en-876dedbd069d5d4e56a17e391f8fbd33__2  slide-3 slide-odd'><div data-rel='slideshow-1' class='avia-slide-wrap '   ><img decoding=\"async\" fetchpriority=\"high\" class=\"wp-image-15280 avia-img-lazy-loading-not-15280\"  src=\"https:\/\/www.idealtecsrl.com\/wp-content\/uploads\/2024\/07\/visore-ci-presentiamo-3.jpg\" width=\"1500\" height=\"430\" title='visore-ci-presentiamo-3' alt=''  itemprop=\"thumbnailUrl\"  style='min-height:400px; min-width:1396px; ' srcset=\"https:\/\/www.idealtecsrl.com\/wp-content\/uploads\/2024\/07\/visore-ci-presentiamo-3.jpg 1500w, https:\/\/www.idealtecsrl.com\/wp-content\/uploads\/2024\/07\/visore-ci-presentiamo-3-300x86.jpg 300w, https:\/\/www.idealtecsrl.com\/wp-content\/uploads\/2024\/07\/visore-ci-presentiamo-3-1030x295.jpg 1030w, https:\/\/www.idealtecsrl.com\/wp-content\/uploads\/2024\/07\/visore-ci-presentiamo-3-768x220.jpg 768w, https:\/\/www.idealtecsrl.com\/wp-content\/uploads\/2024\/07\/visore-ci-presentiamo-3-705x202.jpg 705w\" sizes=\"(max-width: 1500px) 100vw, 1500px\" \/><div class='av-section-color-overlay' style='opacity: 0.6; background-color: #18417e; '><\/div><\/div><\/li><li  class='avia-slideshow-slide av-lyn5h9en-876dedbd069d5d4e56a17e391f8fbd33__3  slide-4 slide-even'><div data-rel='slideshow-1' class='avia-slide-wrap '   ><img decoding=\"async\" fetchpriority=\"high\" class=\"wp-image-15287 avia-img-lazy-loading-not-15287\"  src=\"https:\/\/www.idealtecsrl.com\/wp-content\/uploads\/2024\/07\/visore-ci-presentiamo-4.jpg\" width=\"1500\" height=\"430\" title='visore-ci-presentiamo-4' alt=''  itemprop=\"thumbnailUrl\"  style='min-height:400px; min-width:1396px; ' srcset=\"https:\/\/www.idealtecsrl.com\/wp-content\/uploads\/2024\/07\/visore-ci-presentiamo-4.jpg 1500w, https:\/\/www.idealtecsrl.com\/wp-content\/uploads\/2024\/07\/visore-ci-presentiamo-4-300x86.jpg 300w, https:\/\/www.idealtecsrl.com\/wp-content\/uploads\/2024\/07\/visore-ci-presentiamo-4-1030x295.jpg 1030w, https:\/\/www.idealtecsrl.com\/wp-content\/uploads\/2024\/07\/visore-ci-presentiamo-4-768x220.jpg 768w, https:\/\/www.idealtecsrl.com\/wp-content\/uploads\/2024\/07\/visore-ci-presentiamo-4-705x202.jpg 705w\" sizes=\"(max-width: 1500px) 100vw, 1500px\" \/><div class='av-section-color-overlay' style='opacity: 0.6; background-color: #18417e; '><\/div><\/div><\/li><li  class='avia-slideshow-slide av-lyn5h9en-876dedbd069d5d4e56a17e391f8fbd33__4  slide-5 slide-odd'><div data-rel='slideshow-1' class='avia-slide-wrap '   ><img decoding=\"async\" fetchpriority=\"high\" class=\"wp-image-15294 avia-img-lazy-loading-not-15294\"  src=\"https:\/\/www.idealtecsrl.com\/wp-content\/uploads\/2024\/07\/visore-ci-presentiamo-5.jpg\" width=\"1500\" height=\"430\" title='visore-ci-presentiamo-5' alt=''  itemprop=\"thumbnailUrl\"  style='min-height:400px; min-width:1396px; ' srcset=\"https:\/\/www.idealtecsrl.com\/wp-content\/uploads\/2024\/07\/visore-ci-presentiamo-5.jpg 1500w, https:\/\/www.idealtecsrl.com\/wp-content\/uploads\/2024\/07\/visore-ci-presentiamo-5-300x86.jpg 300w, https:\/\/www.idealtecsrl.com\/wp-content\/uploads\/2024\/07\/visore-ci-presentiamo-5-1030x295.jpg 1030w, https:\/\/www.idealtecsrl.com\/wp-content\/uploads\/2024\/07\/visore-ci-presentiamo-5-768x220.jpg 768w, https:\/\/www.idealtecsrl.com\/wp-content\/uploads\/2024\/07\/visore-ci-presentiamo-5-705x202.jpg 705w\" sizes=\"(max-width: 1500px) 100vw, 1500px\" \/><div class='av-section-color-overlay' style='opacity: 0.6; background-color: #18417e; '><\/div><\/div><\/li><\/ul><div class='avia-slideshow-arrows avia-slideshow-controls' ><a href='#prev' class='prev-slide ' aria-hidden='true' data-av_icon='\ue87c' data-av_iconfont='entypo-fontello'  tabindex='-1'>Zur\u00fcck<\/a><a href='#next' class='next-slide ' aria-hidden='true' data-av_icon='\ue87d' data-av_iconfont='entypo-fontello'  tabindex='-1'>Weiter<\/a><\/div><div class='av-slideshow-caption av-lyn5h9en-876dedbd069d5d4e56a17e391f8fbd33__0 caption_fullwidth caption_center'><div class=\"container caption_container\"><div class=\"slideshow_caption\"><div class=\"slideshow_inner_caption\"><div class=\"slideshow_align_caption\"><h1 class='avia-caption-title '  itemprop=\"name\" >F\u00f6rderung<\/h1><\/div><\/div><\/div><\/div><\/div><\/div><\/div>\n<div id='av_section_1'  class='avia-section av-95opo-89df29ae21f0cef8cee3525b745a8d55 main_color avia-section-huge avia-no-border-styling  avia-builder-el-1  el_after_av_slideshow_full  el_before_av_section  avia-bg-style-scroll container_wrap fullsize'  ><div class='container av-section-cont-open' ><div class='template-page content  av-content-full alpha units'><div class='post-entry post-entry-type-page post-entry-4103'><div class='entry-content-wrapper clearfix'>\n<div  class='flex_column av-8rq60-59cc5be83f2b05d64ed51f6dc6701d3a av_one_full  avia-builder-el-2  el_before_av_one_third  avia-builder-el-first  first flex_column_div  '     ><section  class='av_textblock_section av-7tvnc-4a3f56ba094c4ec13a7b79b898f26c59 '   itemscope=\"itemscope\" itemtype=\"https:\/\/schema.org\/CreativeWork\" ><div class='avia_textblock'  itemprop=\"text\" ><p>Unsere F\u00f6rdersysteme, bestimmt f\u00fcr den Transport von Pulvern oder Sch\u00fcttg\u00fctern aus den Sammelbeh\u00e4ltern und Entnahmestellen zu den Zielstationen, zeichnen sich durch Vielseitigkeit und Flexibilit\u00e4t in der Komposition aus.<br \/>\nDie Typologien variieren von Reibungs-F\u00f6rdersystemen, mit flexiblen \u00dcbertragungselementen (<strong>mechanische F\u00f6rderer<\/strong>) oder mittels Endlosschraube (<strong>Schneckenf\u00f6rderer<\/strong>) zu Suspension-F\u00f6rdersystemen, mit flexiblen Tragorganen (<strong>aeromechanische F\u00f6rderer<\/strong>) oder mittels \u00dcber- oder Unterdruck (<strong>pneumatische F\u00f6rderer<\/strong>).<\/p>\n<p><strong>Wahl \u2013 und Entwurfkriterien<\/strong><\/p>\n<p><strong>Vorl\u00e4ufige Analyse<\/strong><br \/>\nDie f\u00fcr die Wahl der Transport-Typologie ma\u00dfgebende vorl\u00e4ufige Analyse sieht vor:<\/p>\n<\/div><\/section><\/div><div  class='flex_column av-22da0-7cde0a0432935fffe62dd4e91f7068a0 av_one_third  avia-builder-el-4  el_after_av_one_full  el_before_av_one_third  first flex_column_div  column-top-margin'     ><section  class='av_textblock_section av-lyn5yjtp-2c875ea0c014d57a428507645a1419c8 '   itemscope=\"itemscope\" itemtype=\"https:\/\/schema.org\/CreativeWork\" ><div class='avia_textblock'  itemprop=\"text\" ><p><strong>1) Die Charakterisierung des zu transportierenden Materials, insbesondere<\/strong><\/p>\n<ul>\n<li>der physikalischen Eigenschaften (Gr\u00f6\u00dfe, Form, Dichte, Oberfl\u00e4che, Temperatur) und der Interpartikelkr\u00e4fte (elektrostatische Kr\u00e4fte, vdW-, Klebstoff-, Aerodynamikkr\u00e4fte) zwischen den einzelnen Teilchen;<\/li>\n<li>Sch\u00fcttguteigenschaften (Indexe und scheinbare Dichteverh\u00e4ltnisse, Sch\u00fctt- und Reibungswinkel, Spannungen und Partikelversagen) der Gesamtheit der Teilchen.<\/li>\n<\/ul>\n<\/div><\/section><\/div><div  class='flex_column av-1p5tc-3b00de32c38deadad4d4d50ef0d2923f av_one_third  avia-builder-el-6  el_after_av_one_third  el_before_av_one_third  flex_column_div  column-top-margin'     ><section  class='av_textblock_section av-lyn5yqfr-77c90c50fb200bd471a7235a896ce7c2 '   itemscope=\"itemscope\" itemtype=\"https:\/\/schema.org\/CreativeWork\" ><div class='avia_textblock'  itemprop=\"text\" ><p><strong>2) Die Bewertung der Betriebs \u2013 und Prozessbedingungen, in Bezug auf<\/strong><\/p>\n<ul>\n<li>den erforderlichen Durchsatz;<\/li>\n<li>den Umfang der Handlingfl\u00fcsse (Anzahl der Stationen, Distanzen und H\u00f6hendifferenzen zwischen den Stationen, die Komplexit\u00e4t der Strecken, Bewegungsrichtungen);<\/li>\n<li>die Handligfrequenz (durchgehend oder nicht durchgehend, konstant oder variabel).<\/li>\n<\/ul>\n<\/div><\/section><\/div><div  class='flex_column av-vzfg-5df1adc316666246a2a9f474377b3704 av_one_third  avia-builder-el-8  el_after_av_one_third  el_before_av_one_half  flex_column_div  column-top-margin'     ><section  class='av_textblock_section av-lyn5yxov-62f6fac017f0e5b8e3b582acce39be29 '   itemscope=\"itemscope\" itemtype=\"https:\/\/schema.org\/CreativeWork\" ><div class='avia_textblock'  itemprop=\"text\" ><p><strong>3) Die Erfassung und die Bestimmung der Umgebungs \u2013 und Betriebsbedingungen, hinsichtlich<\/strong><\/p>\n<ul>\n<li>der verf\u00fcgbaren Oberfl\u00e4che;<\/li>\n<li>Anpassungsf\u00e4higkeit an bestehenden Strukturen;<\/li>\n<li>M\u00f6glichkeit zur Erweiterung;<\/li>\n<li>Anwesenheit potentiell explosiver Atmosph\u00e4ren.<\/li>\n<\/ul>\n<\/div><\/section><\/div>\n<style type=\"text\/css\" data-created_by=\"avia_inline_auto\" id=\"style-css-av-7duc0-e4701326d437ffda2539ff3cbc5f62f0\">\n.flex_column.av-7duc0-e4701326d437ffda2539ff3cbc5f62f0{\nwidth:48.5%;\npadding:0 0 0 0;\n}\n<\/style>\n<div  class='flex_column av-7duc0-e4701326d437ffda2539ff3cbc5f62f0 av_one_half  avia-builder-el-10  el_after_av_one_third  el_before_av_one_half  first flex_column_div av-zero-column-padding  column-top-margin'     ><style type=\"text\/css\" data-created_by=\"avia_inline_auto\" id=\"style-css-av-6ufyc-1ed8934ee562335aa957860c62a63153\">\n.avia-image-container.av-6ufyc-1ed8934ee562335aa957860c62a63153 img.avia_image{\nbox-shadow:none;\n}\n.avia-image-container.av-6ufyc-1ed8934ee562335aa957860c62a63153 .av-caption-image-overlay-bg{\nopacity:0.6;\nbackground-color:#18417e;\n}\n.avia-image-container.av-6ufyc-1ed8934ee562335aa957860c62a63153 .av-image-caption-overlay-center{\ncolor:#ffffff;\n}\n<\/style>\n<div  class='avia-image-container av-6ufyc-1ed8934ee562335aa957860c62a63153 av-styling- av-hover-grow av-img-linked avia-align-right  avia-builder-el-11  avia-builder-el-no-sibling  noHover av-overlay-hover-deactivate'   itemprop=\"image\" itemscope=\"itemscope\" itemtype=\"https:\/\/schema.org\/ImageObject\" ><div class=\"avia-image-container-inner\"><div class=\"avia-image-overlay-wrap\"><a href=\"https:\/\/www.idealtecsrl.com\/de\/forderung-de\/mechanische-foerderer\/\" class='avia_image '  aria-label='trasporto-convogliatori-meccanici'><div class=\"av-image-caption-overlay\"><div class=\"av-caption-image-overlay-bg\"><\/div><div class=\"av-image-caption-overlay-position\"><div class=\"av-image-caption-overlay-center\"><p>MECHANISCHE F\u00d6RDERER<\/p>\n<\/div><\/div><\/div><img decoding=\"async\" fetchpriority=\"high\" class='wp-image-15433 avia-img-lazy-loading-not-15433 avia_image ' src=\"https:\/\/www.idealtecsrl.com\/wp-content\/uploads\/2024\/07\/trasporto-convogliatori-meccanici.jpg\" alt='' title='trasporto-convogliatori-meccanici'  height=\"400\" width=\"495\"  itemprop=\"thumbnailUrl\" srcset=\"https:\/\/www.idealtecsrl.com\/wp-content\/uploads\/2024\/07\/trasporto-convogliatori-meccanici.jpg 495w, https:\/\/www.idealtecsrl.com\/wp-content\/uploads\/2024\/07\/trasporto-convogliatori-meccanici-300x242.jpg 300w\" sizes=\"(max-width: 495px) 100vw, 495px\" \/><\/a><\/div><\/div><\/div><\/div>\n<style type=\"text\/css\" data-created_by=\"avia_inline_auto\" id=\"style-css-av-684hc-fb7f8c8f3623d8f87b7628fd6b2d2e68\">\n.flex_column.av-684hc-fb7f8c8f3623d8f87b7628fd6b2d2e68{\nwidth:48.5%;\nmargin-left:3%;\npadding:0 0 0 0;\n}\n<\/style>\n<div  class='flex_column av-684hc-fb7f8c8f3623d8f87b7628fd6b2d2e68 av_one_half  avia-builder-el-12  el_after_av_one_half  el_before_av_one_half  flex_column_div av-zero-column-padding  column-top-margin'     ><style type=\"text\/css\" data-created_by=\"avia_inline_auto\" id=\"style-css-av-5r5ak-1953dc62d965fb10ceba5f5f552830d6\">\n.avia-image-container.av-5r5ak-1953dc62d965fb10ceba5f5f552830d6 img.avia_image{\nbox-shadow:none;\n}\n.avia-image-container.av-5r5ak-1953dc62d965fb10ceba5f5f552830d6 .av-caption-image-overlay-bg{\nopacity:0.6;\nbackground-color:#18417e;\n}\n.avia-image-container.av-5r5ak-1953dc62d965fb10ceba5f5f552830d6 .av-image-caption-overlay-center{\ncolor:#ffffff;\n}\n<\/style>\n<div  class='avia-image-container av-5r5ak-1953dc62d965fb10ceba5f5f552830d6 av-styling- av-hover-grow av-img-linked avia-align-left  avia-builder-el-13  avia-builder-el-no-sibling  noHover av-overlay-hover-deactivate'   itemprop=\"image\" itemscope=\"itemscope\" itemtype=\"https:\/\/schema.org\/ImageObject\" ><div class=\"avia-image-container-inner\"><div class=\"avia-image-overlay-wrap\"><a href=\"https:\/\/www.idealtecsrl.com\/de\/forderung-de\/schneckenfoerderer\/\" class='avia_image '  aria-label='trasporto-convogliatori-coclea'><div class=\"av-image-caption-overlay\"><div class=\"av-caption-image-overlay-bg\"><\/div><div class=\"av-image-caption-overlay-position\"><div class=\"av-image-caption-overlay-center\"><p>SCHNECKENF\u00d6RDERER<\/p>\n<\/div><\/div><\/div><img decoding=\"async\" fetchpriority=\"high\" class='wp-image-15440 avia-img-lazy-loading-not-15440 avia_image ' src=\"https:\/\/www.idealtecsrl.com\/wp-content\/uploads\/2024\/07\/trasporto-convogliatori-coclea.jpg\" alt='' title='trasporto-convogliatori-coclea'  height=\"400\" width=\"495\"  itemprop=\"thumbnailUrl\" srcset=\"https:\/\/www.idealtecsrl.com\/wp-content\/uploads\/2024\/07\/trasporto-convogliatori-coclea.jpg 495w, https:\/\/www.idealtecsrl.com\/wp-content\/uploads\/2024\/07\/trasporto-convogliatori-coclea-300x242.jpg 300w\" sizes=\"(max-width: 495px) 100vw, 495px\" \/><\/a><\/div><\/div><\/div><\/div>\n<style type=\"text\/css\" data-created_by=\"avia_inline_auto\" id=\"style-css-av-58nbk-a7b7854c994a3beed81d67a07be0245a\">\n.flex_column.av-58nbk-a7b7854c994a3beed81d67a07be0245a{\nwidth:48.5%;\npadding:0 0 0 0;\n}\n<\/style>\n<div  class='flex_column av-58nbk-a7b7854c994a3beed81d67a07be0245a av_one_half  avia-builder-el-14  el_after_av_one_half  el_before_av_one_half  first flex_column_div av-zero-column-padding  column-top-margin'     ><style type=\"text\/css\" data-created_by=\"avia_inline_auto\" id=\"style-css-av-4m4ts-7c94a3cce849071e0e443dcc2b2f89aa\">\n.avia-image-container.av-4m4ts-7c94a3cce849071e0e443dcc2b2f89aa img.avia_image{\nbox-shadow:none;\n}\n.avia-image-container.av-4m4ts-7c94a3cce849071e0e443dcc2b2f89aa .av-caption-image-overlay-bg{\nopacity:0.6;\nbackground-color:#18417e;\n}\n.avia-image-container.av-4m4ts-7c94a3cce849071e0e443dcc2b2f89aa .av-image-caption-overlay-center{\ncolor:#ffffff;\n}\n<\/style>\n<div  class='avia-image-container av-4m4ts-7c94a3cce849071e0e443dcc2b2f89aa av-styling- av-hover-grow av-img-linked avia-align-right  avia-builder-el-15  avia-builder-el-no-sibling  noHover av-overlay-hover-deactivate'   itemprop=\"image\" itemscope=\"itemscope\" itemtype=\"https:\/\/schema.org\/ImageObject\" ><div class=\"avia-image-container-inner\"><div class=\"avia-image-overlay-wrap\"><a href=\"https:\/\/www.idealtecsrl.com\/de\/forderung-de\/aeromechanische-foerderer\/\" class='avia_image '  aria-label='trasporto-convogliatori-aeromeccanici'><div class=\"av-image-caption-overlay\"><div class=\"av-caption-image-overlay-bg\"><\/div><div class=\"av-image-caption-overlay-position\"><div class=\"av-image-caption-overlay-center\"><p>AEROMECHANISCHE F\u00d6RDERER<\/p>\n<\/div><\/div><\/div><img decoding=\"async\" fetchpriority=\"high\" class='wp-image-15447 avia-img-lazy-loading-not-15447 avia_image ' src=\"https:\/\/www.idealtecsrl.com\/wp-content\/uploads\/2024\/07\/trasporto-convogliatori-aeromeccanici.jpg\" alt='' title='trasporto-convogliatori-aeromeccanici'  height=\"400\" width=\"495\"  itemprop=\"thumbnailUrl\" srcset=\"https:\/\/www.idealtecsrl.com\/wp-content\/uploads\/2024\/07\/trasporto-convogliatori-aeromeccanici.jpg 495w, https:\/\/www.idealtecsrl.com\/wp-content\/uploads\/2024\/07\/trasporto-convogliatori-aeromeccanici-300x242.jpg 300w\" sizes=\"(max-width: 495px) 100vw, 495px\" \/><\/a><\/div><\/div><\/div><\/div>\n<style type=\"text\/css\" data-created_by=\"avia_inline_auto\" id=\"style-css-av-404p4-be63098084714c9a78674df5e78782e5\">\n.flex_column.av-404p4-be63098084714c9a78674df5e78782e5{\nwidth:48.5%;\nmargin-left:3%;\npadding:0 0 0 0;\n}\n<\/style>\n<div  class='flex_column av-404p4-be63098084714c9a78674df5e78782e5 av_one_half  avia-builder-el-16  el_after_av_one_half  avia-builder-el-last  flex_column_div av-zero-column-padding  column-top-margin'     ><style type=\"text\/css\" data-created_by=\"avia_inline_auto\" id=\"style-css-av-bgm8-53b2c6e66f4a65cad51017301d4e1027\">\n.avia-image-container.av-bgm8-53b2c6e66f4a65cad51017301d4e1027 img.avia_image{\nbox-shadow:none;\n}\n.avia-image-container.av-bgm8-53b2c6e66f4a65cad51017301d4e1027 .av-caption-image-overlay-bg{\nopacity:0.6;\nbackground-color:#18417e;\n}\n.avia-image-container.av-bgm8-53b2c6e66f4a65cad51017301d4e1027 .av-image-caption-overlay-center{\ncolor:#ffffff;\n}\n<\/style>\n<div  class='avia-image-container av-bgm8-53b2c6e66f4a65cad51017301d4e1027 av-styling- av-hover-grow av-img-linked avia-align-left  avia-builder-el-17  avia-builder-el-no-sibling  noHover av-overlay-hover-deactivate'   itemprop=\"image\" itemscope=\"itemscope\" itemtype=\"https:\/\/schema.org\/ImageObject\" ><div class=\"avia-image-container-inner\"><div class=\"avia-image-overlay-wrap\"><a href=\"https:\/\/www.idealtecsrl.com\/de\/forderung-de\/pneumatische-foerderer\/\" class='avia_image '  aria-label='trasporto-convogliatori-pneumatici'><div class=\"av-image-caption-overlay\"><div class=\"av-caption-image-overlay-bg\"><\/div><div class=\"av-image-caption-overlay-position\"><div class=\"av-image-caption-overlay-center\"><p>PNEUMATISCHE F\u00d6RDERER<\/p>\n<\/div><\/div><\/div><img decoding=\"async\" fetchpriority=\"high\" class='wp-image-15454 avia-img-lazy-loading-not-15454 avia_image ' src=\"https:\/\/www.idealtecsrl.com\/wp-content\/uploads\/2024\/07\/trasporto-convogliatori-pneumatici.jpg\" alt='' title='trasporto-convogliatori-pneumatici'  height=\"400\" width=\"495\"  itemprop=\"thumbnailUrl\" srcset=\"https:\/\/www.idealtecsrl.com\/wp-content\/uploads\/2024\/07\/trasporto-convogliatori-pneumatici.jpg 495w, https:\/\/www.idealtecsrl.com\/wp-content\/uploads\/2024\/07\/trasporto-convogliatori-pneumatici-300x242.jpg 300w\" sizes=\"(max-width: 495px) 100vw, 495px\" \/><\/a><\/div><\/div><\/div><\/div><\/div><\/div><\/div><!-- close content main div --><\/div><\/div>\n<style type=\"text\/css\" data-created_by=\"avia_inline_auto\" id=\"style-css-av-2kjtw-6c496f96e44358e68cdf3909837d33f8\">\n.avia-section.av-2kjtw-6c496f96e44358e68cdf3909837d33f8{\nbackground-color:#eceff1;\nbackground-image:unset;\n}\n<\/style>\n<div id='av_section_2'  class='avia-section av-2kjtw-6c496f96e44358e68cdf3909837d33f8 main_color avia-section-huge avia-no-border-styling  avia-builder-el-18  el_after_av_section  avia-builder-el-last  avia-bg-style-scroll container_wrap fullsize'  ><div class='container av-section-cont-open' ><div class='template-page content  av-content-full alpha units'><div class='post-entry post-entry-type-page post-entry-4103'><div class='entry-content-wrapper clearfix'>\n<div  class='flex_column av-26sow-8c733f728305f360d55dc98cc8554482 av_one_full  avia-builder-el-19  avia-builder-el-no-sibling  first flex_column_div  '     ><p>\n<style type=\"text\/css\" data-created_by=\"avia_inline_auto\" id=\"style-css-av-1rytg-077f7f9db2de935f5c913e7e84987b09\">\n#top .av-special-heading.av-1rytg-077f7f9db2de935f5c913e7e84987b09{\npadding-bottom:10px;\n}\nbody .av-special-heading.av-1rytg-077f7f9db2de935f5c913e7e84987b09 .av-special-heading-tag .heading-char{\nfont-size:25px;\n}\n.av-special-heading.av-1rytg-077f7f9db2de935f5c913e7e84987b09 .av-subheading{\nfont-size:15px;\n}\n<\/style>\n<div  class='av-special-heading av-1rytg-077f7f9db2de935f5c913e7e84987b09 av-special-heading-h2 blockquote modern-quote modern-centered  avia-builder-el-20  el_before_av_textblock  avia-builder-el-first '><h2 class='av-special-heading-tag'  itemprop=\"headline\"  >STAATLICHE BEIHILFEN UND DE MINIMIS<\/h2><div class=\"special-heading-border\"><div class=\"special-heading-inner-border\"><\/div><\/div><\/div><br \/>\n<section  class='av_textblock_section av-t71k-b8d4d7e52017eb0b11079e94d5d27838 '   itemscope=\"itemscope\" itemtype=\"https:\/\/schema.org\/CreativeWork\" ><div class='avia_textblock'  itemprop=\"text\" ><p style=\"text-align: center;\"><strong>Informationspflichten bei \u00f6ffentlichen Zuwendungen.<\/strong><br \/>\nStaatliche Beihilfen und De-minimis-Beihilfen, die unser Unternehmen erh\u00e4lt, sind im Nationalen Register f\u00fcr staatliche Beihilfen gem\u00e4\u00df Artikel 1 aufgef\u00fchrt. 52 des Gesetzes 234\/2012, auf das verwiesen wird und das unter folgendem Link eingesehen werden kann:\u00a0<a role=\"link\" href=\"https:\/\/www.rna.gov.it\/trasparenza\" target=\"_blank\" rel=\"noopener\">Erfahren Sie mehr&gt;&gt;<\/a><\/p>\n<\/div><\/section><\/p><\/div>\n<\/p>\n","protected":false},"excerpt":{"rendered":"","protected":false},"author":6,"featured_media":0,"parent":0,"menu_order":0,"comment_status":"closed","ping_status":"closed","template":"","meta":{"_monsterinsights_skip_tracking":false,"_monsterinsights_sitenote_active":false,"_monsterinsights_sitenote_note":"","_monsterinsights_sitenote_category":0,"footnotes":""},"_links":{"self":[{"href":"https:\/\/www.idealtecsrl.com\/de\/wp-json\/wp\/v2\/pages\/4103"}],"collection":[{"href":"https:\/\/www.idealtecsrl.com\/de\/wp-json\/wp\/v2\/pages"}],"about":[{"href":"https:\/\/www.idealtecsrl.com\/de\/wp-json\/wp\/v2\/types\/page"}],"author":[{"embeddable":true,"href":"https:\/\/www.idealtecsrl.com\/de\/wp-json\/wp\/v2\/users\/6"}],"replies":[{"embeddable":true,"href":"https:\/\/www.idealtecsrl.com\/de\/wp-json\/wp\/v2\/comments?post=4103"}],"version-history":[{"count":36,"href":"https:\/\/www.idealtecsrl.com\/de\/wp-json\/wp\/v2\/pages\/4103\/revisions"}],"predecessor-version":[{"id":17915,"href":"https:\/\/www.idealtecsrl.com\/de\/wp-json\/wp\/v2\/pages\/4103\/revisions\/17915"}],"wp:attachment":[{"href":"https:\/\/www.idealtecsrl.com\/de\/wp-json\/wp\/v2\/media?parent=4103"}],"curies":[{"name":"wp","href":"https:\/\/api.w.org\/{rel}","templated":true}]}}