{"id":7995,"date":"2020-10-06T12:13:33","date_gmt":"2020-10-06T10:13:33","guid":{"rendered":"https:\/\/www.idealtecsrl.com\/forderung-de\/aeromechanische-foerderer\/"},"modified":"2024-11-30T16:02:29","modified_gmt":"2024-11-30T15:02:29","slug":"aeromechanische-foerderer","status":"publish","type":"page","link":"https:\/\/www.idealtecsrl.com\/de\/forderung-de\/aeromechanische-foerderer\/","title":{"rendered":"Aeromechanische F\u00f6rderer"},"content":{"rendered":"<div id='full_slider_1'  class='avia-fullwidth-slider main_color avia-shadow   avia-builder-el-0  el_before_av_one_full  avia-builder-el-first   container_wrap fullsize'  >\n<style type=\"text\/css\" data-created_by=\"avia_inline_auto\" id=\"style-css-av-lyon7tcq-83f519a122c57e85dc3af166e21b89fc\">\n#top #wrap_all .avia-slideshow .av-slideshow-caption.av-lyon7tcq-83f519a122c57e85dc3af166e21b89fc__0 .avia-caption-title{\ncolor:#ffffff;\n}\n#top .avia-slideshow .av-slideshow-caption.av-lyon7tcq-83f519a122c57e85dc3af166e21b89fc__0 .avia-caption-content{\ncolor:#ffffff;\n}\n<\/style>\n<div  class='avia-slideshow av-lyon7tcq-83f519a122c57e85dc3af166e21b89fc avia-slideshow-featured av_slideshow_full avia-fade-slider av-slideshow-ui av-control-hidden av-no-slider-navigation av-hide-nav-arrows av-slideshow-autoplay av-loop-endless av-loop-manual-endless av-default-height-applied   avia-slideshow-1' data-slideshow-options=\"{&quot;animation&quot;:&quot;fade&quot;,&quot;autoplay&quot;:true,&quot;loop_autoplay&quot;:&quot;endless&quot;,&quot;interval&quot;:3,&quot;loop_manual&quot;:&quot;manual-endless&quot;,&quot;autoplay_stopper&quot;:false,&quot;noNavigation&quot;:true,&quot;bg_slider&quot;:false,&quot;transitionSpeed&quot;:800,&quot;keep_padding&quot;:false,&quot;hoverpause&quot;:false,&quot;show_slide_delay&quot;:0}\"  itemprop=\"image\" itemscope=\"itemscope\" itemtype=\"https:\/\/schema.org\/ImageObject\" ><ul class='avia-slideshow-inner ' style='padding-bottom: 28.666666666667%;'><li  class='avia-slideshow-slide av-lyon7tcq-83f519a122c57e85dc3af166e21b89fc__0  slide-1 slide-odd'><div data-rel='slideshow-1' class='avia-slide-wrap '   ><img decoding=\"async\" fetchpriority=\"high\" class=\"wp-image-15266 avia-img-lazy-loading-not-15266\"  src=\"https:\/\/www.idealtecsrl.com\/wp-content\/uploads\/2024\/07\/visore-ci-presentiamo-1.jpg\" width=\"1500\" height=\"430\" title='visore-ci-presentiamo-1' alt=''  itemprop=\"thumbnailUrl\"  style='min-height:400px; min-width:1396px; ' srcset=\"https:\/\/www.idealtecsrl.com\/wp-content\/uploads\/2024\/07\/visore-ci-presentiamo-1.jpg 1500w, https:\/\/www.idealtecsrl.com\/wp-content\/uploads\/2024\/07\/visore-ci-presentiamo-1-300x86.jpg 300w, https:\/\/www.idealtecsrl.com\/wp-content\/uploads\/2024\/07\/visore-ci-presentiamo-1-1030x295.jpg 1030w, https:\/\/www.idealtecsrl.com\/wp-content\/uploads\/2024\/07\/visore-ci-presentiamo-1-768x220.jpg 768w, https:\/\/www.idealtecsrl.com\/wp-content\/uploads\/2024\/07\/visore-ci-presentiamo-1-705x202.jpg 705w\" sizes=\"(max-width: 1500px) 100vw, 1500px\" \/><div class='av-section-color-overlay' style='opacity: 0.6; background-color: #18417e; '><\/div><\/div><\/li><li  class='avia-slideshow-slide av-lyon7tcq-83f519a122c57e85dc3af166e21b89fc__1  slide-2 slide-even'><div data-rel='slideshow-1' class='avia-slide-wrap '   ><img decoding=\"async\" fetchpriority=\"high\" class=\"wp-image-15273 avia-img-lazy-loading-not-15273\"  src=\"https:\/\/www.idealtecsrl.com\/wp-content\/uploads\/2024\/07\/visore-ci-presentiamo-2.jpg\" width=\"1500\" height=\"430\" title='visore-ci-presentiamo-2' alt=''  itemprop=\"thumbnailUrl\"  style='min-height:400px; min-width:1396px; ' srcset=\"https:\/\/www.idealtecsrl.com\/wp-content\/uploads\/2024\/07\/visore-ci-presentiamo-2.jpg 1500w, https:\/\/www.idealtecsrl.com\/wp-content\/uploads\/2024\/07\/visore-ci-presentiamo-2-300x86.jpg 300w, https:\/\/www.idealtecsrl.com\/wp-content\/uploads\/2024\/07\/visore-ci-presentiamo-2-1030x295.jpg 1030w, https:\/\/www.idealtecsrl.com\/wp-content\/uploads\/2024\/07\/visore-ci-presentiamo-2-768x220.jpg 768w, https:\/\/www.idealtecsrl.com\/wp-content\/uploads\/2024\/07\/visore-ci-presentiamo-2-705x202.jpg 705w\" sizes=\"(max-width: 1500px) 100vw, 1500px\" \/><div class='av-section-color-overlay' style='opacity: 0.6; background-color: #18417e; '><\/div><\/div><\/li><li  class='avia-slideshow-slide av-lyon7tcq-83f519a122c57e85dc3af166e21b89fc__2  slide-3 slide-odd'><div data-rel='slideshow-1' class='avia-slide-wrap '   ><img decoding=\"async\" fetchpriority=\"high\" class=\"wp-image-15280 avia-img-lazy-loading-not-15280\"  src=\"https:\/\/www.idealtecsrl.com\/wp-content\/uploads\/2024\/07\/visore-ci-presentiamo-3.jpg\" width=\"1500\" height=\"430\" title='visore-ci-presentiamo-3' alt=''  itemprop=\"thumbnailUrl\"  style='min-height:400px; min-width:1396px; ' srcset=\"https:\/\/www.idealtecsrl.com\/wp-content\/uploads\/2024\/07\/visore-ci-presentiamo-3.jpg 1500w, https:\/\/www.idealtecsrl.com\/wp-content\/uploads\/2024\/07\/visore-ci-presentiamo-3-300x86.jpg 300w, https:\/\/www.idealtecsrl.com\/wp-content\/uploads\/2024\/07\/visore-ci-presentiamo-3-1030x295.jpg 1030w, https:\/\/www.idealtecsrl.com\/wp-content\/uploads\/2024\/07\/visore-ci-presentiamo-3-768x220.jpg 768w, https:\/\/www.idealtecsrl.com\/wp-content\/uploads\/2024\/07\/visore-ci-presentiamo-3-705x202.jpg 705w\" sizes=\"(max-width: 1500px) 100vw, 1500px\" \/><div class='av-section-color-overlay' style='opacity: 0.6; background-color: #18417e; '><\/div><\/div><\/li><li  class='avia-slideshow-slide av-lyon7tcq-83f519a122c57e85dc3af166e21b89fc__3  slide-4 slide-even'><div data-rel='slideshow-1' class='avia-slide-wrap '   ><img decoding=\"async\" fetchpriority=\"high\" class=\"wp-image-15287 avia-img-lazy-loading-not-15287\"  src=\"https:\/\/www.idealtecsrl.com\/wp-content\/uploads\/2024\/07\/visore-ci-presentiamo-4.jpg\" width=\"1500\" height=\"430\" title='visore-ci-presentiamo-4' alt=''  itemprop=\"thumbnailUrl\"  style='min-height:400px; min-width:1396px; ' srcset=\"https:\/\/www.idealtecsrl.com\/wp-content\/uploads\/2024\/07\/visore-ci-presentiamo-4.jpg 1500w, https:\/\/www.idealtecsrl.com\/wp-content\/uploads\/2024\/07\/visore-ci-presentiamo-4-300x86.jpg 300w, https:\/\/www.idealtecsrl.com\/wp-content\/uploads\/2024\/07\/visore-ci-presentiamo-4-1030x295.jpg 1030w, https:\/\/www.idealtecsrl.com\/wp-content\/uploads\/2024\/07\/visore-ci-presentiamo-4-768x220.jpg 768w, https:\/\/www.idealtecsrl.com\/wp-content\/uploads\/2024\/07\/visore-ci-presentiamo-4-705x202.jpg 705w\" sizes=\"(max-width: 1500px) 100vw, 1500px\" \/><div class='av-section-color-overlay' style='opacity: 0.6; background-color: #18417e; '><\/div><\/div><\/li><li  class='avia-slideshow-slide av-lyon7tcq-83f519a122c57e85dc3af166e21b89fc__4  slide-5 slide-odd'><div data-rel='slideshow-1' class='avia-slide-wrap '   ><img decoding=\"async\" fetchpriority=\"high\" class=\"wp-image-15294 avia-img-lazy-loading-not-15294\"  src=\"https:\/\/www.idealtecsrl.com\/wp-content\/uploads\/2024\/07\/visore-ci-presentiamo-5.jpg\" width=\"1500\" height=\"430\" title='visore-ci-presentiamo-5' alt=''  itemprop=\"thumbnailUrl\"  style='min-height:400px; min-width:1396px; ' srcset=\"https:\/\/www.idealtecsrl.com\/wp-content\/uploads\/2024\/07\/visore-ci-presentiamo-5.jpg 1500w, https:\/\/www.idealtecsrl.com\/wp-content\/uploads\/2024\/07\/visore-ci-presentiamo-5-300x86.jpg 300w, https:\/\/www.idealtecsrl.com\/wp-content\/uploads\/2024\/07\/visore-ci-presentiamo-5-1030x295.jpg 1030w, https:\/\/www.idealtecsrl.com\/wp-content\/uploads\/2024\/07\/visore-ci-presentiamo-5-768x220.jpg 768w, https:\/\/www.idealtecsrl.com\/wp-content\/uploads\/2024\/07\/visore-ci-presentiamo-5-705x202.jpg 705w\" sizes=\"(max-width: 1500px) 100vw, 1500px\" \/><div class='av-section-color-overlay' style='opacity: 0.6; background-color: #18417e; '><\/div><\/div><\/li><\/ul><div class='avia-slideshow-arrows avia-slideshow-controls' ><a href='#prev' class='prev-slide ' aria-hidden='true' data-av_icon='\ue87c' data-av_iconfont='entypo-fontello'  tabindex='-1'>Zur\u00fcck<\/a><a href='#next' class='next-slide ' aria-hidden='true' data-av_icon='\ue87d' data-av_iconfont='entypo-fontello'  tabindex='-1'>Weiter<\/a><\/div><div class='av-slideshow-caption av-lyon7tcq-83f519a122c57e85dc3af166e21b89fc__0 caption_fullwidth caption_center'><div class=\"container caption_container\"><div class=\"slideshow_caption\"><div class=\"slideshow_inner_caption\"><div class=\"slideshow_align_caption\"><h1 class='avia-caption-title '  itemprop=\"name\" >Aeromechanische F\u00f6rderer<\/h1><\/div><\/div><\/div><\/div><\/div><\/div><\/div><div id='after_full_slider_1'  class='main_color av_default_container_wrap container_wrap fullsize'  ><div class='container av-section-cont-open' ><div class='template-page content  av-content-full alpha units'><div class='post-entry post-entry-type-page post-entry-7995'><div class='entry-content-wrapper clearfix'>\n\n<style type=\"text\/css\" data-created_by=\"avia_inline_auto\" id=\"style-css-av-bes6mo-f01bbea522b9414bb9326b2552016916\">\n.flex_column.av-bes6mo-f01bbea522b9414bb9326b2552016916{\npadding:50px 0 0 0;\n}\n<\/style>\n<div  class='flex_column av-bes6mo-f01bbea522b9414bb9326b2552016916 av_one_full  avia-builder-el-1  el_after_av_slideshow_full  el_before_av_hr  avia-builder-el-first  first flex_column_div  '     ><p>\n<style type=\"text\/css\" data-created_by=\"avia_inline_auto\" id=\"style-css-av-lyon72gp-f553eeab841c15c36f24a55de64dd019\">\n#top .av-special-heading.av-lyon72gp-f553eeab841c15c36f24a55de64dd019{\npadding-bottom:10px;\n}\nbody .av-special-heading.av-lyon72gp-f553eeab841c15c36f24a55de64dd019 .av-special-heading-tag .heading-char{\nfont-size:25px;\n}\n.av-special-heading.av-lyon72gp-f553eeab841c15c36f24a55de64dd019 .av-subheading{\nfont-size:15px;\n}\n<\/style>\n<div  class='av-special-heading av-lyon72gp-f553eeab841c15c36f24a55de64dd019 av-special-heading-h2 blockquote modern-quote  avia-builder-el-2  el_before_av_textblock  avia-builder-el-first '><h2 class='av-special-heading-tag'  itemprop=\"headline\"  >Design<\/h2><div class=\"special-heading-border\"><div class=\"special-heading-inner-border\"><\/div><\/div><\/div><br \/>\n<section  class='av_textblock_section av-lyon7ay5-e08805bd9c6128a86ab48f1d1f5c94b0 '   itemscope=\"itemscope\" itemtype=\"https:\/\/schema.org\/CreativeWork\" ><div class='avia_textblock'  itemprop=\"text\" ><p><strong>Suspension-F\u00f6rderersysteme<\/strong> gekennzeichnet durch:<\/p>\n<p><strong>1) Ladephase durch Schwerkraft<\/strong><\/p>\n<ul>\n<li>mit Dosierungssystemen (Schneckenf\u00f6rderer, Drehventilen, Vibrationssiebe, Vibrationsrinnen),<\/li>\n<li>von Lagersystemen (Silos, Trichter, Sackentleerstationen, FIBC Entleerstationen);<\/li>\n<\/ul>\n<p><strong>2) F\u00f6rderphase<\/strong><\/p>\n<ul>\n<li>mittels flexibler Tragelemente (Kabel oder Seile), wobei die Feststoffpartikel in Suspension der F\u00f6rderstrecke entlang mit dem F\u00f6rderstromtransportiert werden. Sobald sich die Partikel in Suspension befinden, nehmen sie die Geschwindigkeit des F\u00f6rderstroms mit erh\u00f6hter Flie\u00dff\u00e4higkeit an, und werden zur Entladestelle gef\u00fchrt;<\/li>\n<\/ul>\n<p><strong>3) Entladungsphase durch Schwerkraft<\/strong><\/p>\n<ul>\n<li>mittels freier Entladungs\u00f6ffnungen, Schieberventile.<\/li>\n<\/ul>\n<\/div><\/section><br \/>\n\n<style type=\"text\/css\" data-created_by=\"avia_inline_auto\" id=\"style-css-av-9a64i8-f58384b2c66fc564e3fb8cef79cd6b67\">\n#top .hr.hr-invisible.av-9a64i8-f58384b2c66fc564e3fb8cef79cd6b67{\nheight:24px;\n}\n<\/style>\n<div  class='hr av-9a64i8-f58384b2c66fc564e3fb8cef79cd6b67 hr-invisible  avia-builder-el-4  el_after_av_textblock  el_before_av_image '><span class='hr-inner '><span class=\"hr-inner-style\"><\/span><\/span><\/div><br \/>\n\n<style type=\"text\/css\" data-created_by=\"avia_inline_auto\" id=\"style-css-av-7xtxwg-ac73d0a944ffb040da92fd2d0f6eb067\">\n.avia-image-container.av-7xtxwg-ac73d0a944ffb040da92fd2d0f6eb067 img.avia_image{\nbox-shadow:none;\n}\n.avia-image-container.av-7xtxwg-ac73d0a944ffb040da92fd2d0f6eb067 .av-image-caption-overlay-center{\ncolor:#ffffff;\n}\n<\/style>\n<div  class='avia-image-container av-7xtxwg-ac73d0a944ffb040da92fd2d0f6eb067 av-styling- av-img-linked avia-align-left  avia-builder-el-5  el_after_av_hr  avia-builder-el-last '   itemprop=\"image\" itemscope=\"itemscope\" itemtype=\"https:\/\/schema.org\/ImageObject\" ><div class=\"avia-image-container-inner\"><div class=\"avia-image-overlay-wrap\"><a href=\"https:\/\/www.idealtecsrl.com\/wp-content\/uploads\/2024\/07\/trasporto-convogliatori-aeromeccanici.jpg\" data-srcset=\"https:\/\/www.idealtecsrl.com\/wp-content\/uploads\/2024\/07\/trasporto-convogliatori-aeromeccanici.jpg 495w, https:\/\/www.idealtecsrl.com\/wp-content\/uploads\/2024\/07\/trasporto-convogliatori-aeromeccanici-300x242.jpg 300w\" data-sizes=\"(max-width: 495px) 100vw, 495px\" class='avia_image '  aria-label='trasporto-convogliatori-aeromeccanici'><img decoding=\"async\" fetchpriority=\"high\" class='wp-image-15447 avia-img-lazy-loading-not-15447 avia_image ' src=\"https:\/\/www.idealtecsrl.com\/wp-content\/uploads\/2024\/07\/trasporto-convogliatori-aeromeccanici.jpg\" alt='' title='trasporto-convogliatori-aeromeccanici'  height=\"400\" width=\"495\"  itemprop=\"thumbnailUrl\" srcset=\"https:\/\/www.idealtecsrl.com\/wp-content\/uploads\/2024\/07\/trasporto-convogliatori-aeromeccanici.jpg 495w, https:\/\/www.idealtecsrl.com\/wp-content\/uploads\/2024\/07\/trasporto-convogliatori-aeromeccanici-300x242.jpg 300w\" sizes=\"(max-width: 495px) 100vw, 495px\" \/><\/a><\/div><\/div><\/div><\/p><\/div>\n<style type=\"text\/css\" data-created_by=\"avia_inline_auto\" id=\"style-css-av-lyon9g65-beb3ef66b164af717355be0c0ab62578\">\n#top .hr.hr-invisible.av-lyon9g65-beb3ef66b164af717355be0c0ab62578{\nheight:24px;\n}\n<\/style>\n<div  class='hr av-lyon9g65-beb3ef66b164af717355be0c0ab62578 hr-invisible  avia-builder-el-6  el_after_av_one_full  el_before_av_hr '><span class='hr-inner '><span class=\"hr-inner-style\"><\/span><\/span><\/div><\/p>\n<div  class='hr av-lyon95dp-a5a56742f6db6ce8c528cc7f4d546d40 hr-short  avia-builder-el-7  el_after_av_hr  el_before_av_hr  hr-left'><span class='hr-inner '><span class=\"hr-inner-style\"><\/span><\/span><\/div>\n\n<style type=\"text\/css\" data-created_by=\"avia_inline_auto\" id=\"style-css-av-lyon98m6-67f70c58dc6a2843feec66ece3ec2577\">\n#top .hr.hr-invisible.av-lyon98m6-67f70c58dc6a2843feec66ece3ec2577{\nheight:50px;\n}\n<\/style>\n<div  class='hr av-lyon98m6-67f70c58dc6a2843feec66ece3ec2577 hr-invisible  avia-builder-el-8  el_after_av_hr  el_before_av_one_full '><span class='hr-inner '><span class=\"hr-inner-style\"><\/span><\/span><\/div>\n\n<style type=\"text\/css\" data-created_by=\"avia_inline_auto\" id=\"style-css-av-itgio-0262c1c5eea7443d91be3976fa0603e4\">\n.flex_column.av-itgio-0262c1c5eea7443d91be3976fa0603e4{\npadding:48px 48px 48px 48px;\nbackground-color:#eceff1;\n}\n<\/style>\n<div  class='flex_column av-itgio-0262c1c5eea7443d91be3976fa0603e4 av_one_full  avia-builder-el-9  el_after_av_hr  avia-builder-el-last  first flex_column_div  '     ><p>\n<style type=\"text\/css\" data-created_by=\"avia_inline_auto\" id=\"style-css-av-4w8wao-b40b3ecb88a86b66aab08eff19f2ce3f\">\n#top .av-special-heading.av-4w8wao-b40b3ecb88a86b66aab08eff19f2ce3f{\npadding-bottom:10px;\n}\nbody .av-special-heading.av-4w8wao-b40b3ecb88a86b66aab08eff19f2ce3f .av-special-heading-tag .heading-char{\nfont-size:25px;\n}\n.av-special-heading.av-4w8wao-b40b3ecb88a86b66aab08eff19f2ce3f .av-subheading{\nfont-size:15px;\n}\n<\/style>\n<div  class='av-special-heading av-4w8wao-b40b3ecb88a86b66aab08eff19f2ce3f av-special-heading-h2 blockquote modern-quote modern-centered  avia-builder-el-10  el_before_av_textblock  avia-builder-el-first '><h2 class='av-special-heading-tag'  itemprop=\"headline\"  >STAATLICHE BEIHILFEN UND DE MINIMIS<\/h2><div class=\"special-heading-border\"><div class=\"special-heading-inner-border\"><\/div><\/div><\/div><br \/>\n<section  class='av_textblock_section av-31078g-3f7733b55da77b3b5e8fda951b0c065a '   itemscope=\"itemscope\" itemtype=\"https:\/\/schema.org\/CreativeWork\" ><div class='avia_textblock'  itemprop=\"text\" ><p style=\"text-align: center;\"><strong>Informationspflichten bei \u00f6ffentlichen Zuwendungen.<\/strong><br \/>\nStaatliche Beihilfen und De-minimis-Beihilfen, die unser Unternehmen erh\u00e4lt, sind im Nationalen Register f\u00fcr staatliche Beihilfen gem\u00e4\u00df Artikel 1 aufgef\u00fchrt. 52 des Gesetzes 234\/2012, auf das verwiesen wird und das unter folgendem Link eingesehen werden kann:\u00a0<a role=\"link\" href=\"https:\/\/www.rna.gov.it\/trasparenza\" target=\"_blank\" rel=\"noopener\">Erfahren Sie mehr&gt;&gt;<\/a><\/p>\n<\/div><\/section><\/p><\/div>\n","protected":false},"excerpt":{"rendered":"","protected":false},"author":6,"featured_media":0,"parent":4103,"menu_order":0,"comment_status":"closed","ping_status":"closed","template":"","meta":{"_monsterinsights_skip_tracking":false,"_monsterinsights_sitenote_active":false,"_monsterinsights_sitenote_note":"","_monsterinsights_sitenote_category":0,"footnotes":""},"_links":{"self":[{"href":"https:\/\/www.idealtecsrl.com\/de\/wp-json\/wp\/v2\/pages\/7995"}],"collection":[{"href":"https:\/\/www.idealtecsrl.com\/de\/wp-json\/wp\/v2\/pages"}],"about":[{"href":"https:\/\/www.idealtecsrl.com\/de\/wp-json\/wp\/v2\/types\/page"}],"author":[{"embeddable":true,"href":"https:\/\/www.idealtecsrl.com\/de\/wp-json\/wp\/v2\/users\/6"}],"replies":[{"embeddable":true,"href":"https:\/\/www.idealtecsrl.com\/de\/wp-json\/wp\/v2\/comments?post=7995"}],"version-history":[{"count":7,"href":"https:\/\/www.idealtecsrl.com\/de\/wp-json\/wp\/v2\/pages\/7995\/revisions"}],"predecessor-version":[{"id":17890,"href":"https:\/\/www.idealtecsrl.com\/de\/wp-json\/wp\/v2\/pages\/7995\/revisions\/17890"}],"up":[{"embeddable":true,"href":"https:\/\/www.idealtecsrl.com\/de\/wp-json\/wp\/v2\/pages\/4103"}],"wp:attachment":[{"href":"https:\/\/www.idealtecsrl.com\/de\/wp-json\/wp\/v2\/media?parent=7995"}],"curies":[{"name":"wp","href":"https:\/\/api.w.org\/{rel}","templated":true}]}}