{"id":8170,"date":"2020-10-08T15:28:42","date_gmt":"2020-10-08T13:28:42","guid":{"rendered":"https:\/\/www.idealtecsrl.com\/privacy-cookies-policy\/"},"modified":"2024-11-30T15:57:58","modified_gmt":"2024-11-30T14:57:58","slug":"privacy-cookies-policy","status":"publish","type":"page","link":"https:\/\/www.idealtecsrl.com\/de\/privacy-cookies-policy\/","title":{"rendered":"Datenschutz- &#038; Cookie-Richtlinie"},"content":{"rendered":"<div  class='flex_column av-4bu3jt-98e72d32d0ba23327de72a0cae001b98 av_one_full  avia-builder-el-0  el_before_av_one_full  avia-builder-el-first  first flex_column_div  '     ><style type=\"text\/css\" data-created_by=\"avia_inline_auto\" id=\"style-css-av-lyiwwyxx-c9b06fbdf287a7e8aedbb7fa60718c60\">\n#top .av-special-heading.av-lyiwwyxx-c9b06fbdf287a7e8aedbb7fa60718c60{\npadding-bottom:10px;\n}\nbody .av-special-heading.av-lyiwwyxx-c9b06fbdf287a7e8aedbb7fa60718c60 .av-special-heading-tag .heading-char{\nfont-size:25px;\n}\n.av-special-heading.av-lyiwwyxx-c9b06fbdf287a7e8aedbb7fa60718c60 .av-subheading{\nfont-size:15px;\n}\n<\/style>\n<div  class='av-special-heading av-lyiwwyxx-c9b06fbdf287a7e8aedbb7fa60718c60 av-special-heading-h1 blockquote modern-quote  avia-builder-el-1  avia-builder-el-no-sibling '><h1 class='av-special-heading-tag'  itemprop=\"headline\"  >Informationen zum Datenschutz und zur Verarbeitung personenbezogener Daten<\/h1><div class=\"special-heading-border\"><div class=\"special-heading-inner-border\"><\/div><\/div><\/div><\/div><div  class='flex_column av-32hxu1-4cf16ecc1e9593d8edf455b1004cc059 av_one_full  avia-builder-el-2  el_after_av_one_full  avia-builder-el-last  first flex_column_div  column-top-margin'     ><section  class='av_textblock_section av-lyiwyeux-909bacbfc93eb43b3f739577899ced00 '   itemscope=\"itemscope\" itemtype=\"https:\/\/schema.org\/CreativeWork\" ><div class='avia_textblock'  itemprop=\"text\" ><div>\n<p><strong>Datenschutzerkl\u00e4rung und Verarbeitung der personenbezogenen Daten<\/strong><\/p>\n<p>Durch Ausf\u00fcllen des Formulars auf der Website www.idealtec.com erteilen Sie Ihre Zustimmung zur Verarbeitung der Daten gem\u00e4\u00df und in \u00dcbereinstimmung mit dem Datenschutzgesetz und insbesondere der EU-Verordnung 2016\/679.<\/p>\n<p><strong>Informationen gem\u00e4\u00df Artikel 13 der EU-Verordnung zum Schutz nat\u00fcrlicher Personen bei der Verarbeitung personenbezogener Daten (nachfolgend: \u201eDSGVO&#8221;)<br \/>\n<\/strong><\/p>\n<\/div>\n<div>\n<ol>\n<li>Die Daten, um die Sie gebeten werden, indem Sie das Formular auf der Website <a href=\"https:\/\/www.idealtecsrl.com\">www.idealtecsrl.com<\/a> ausf\u00fcllen, werden von Idealtec S.r.l. mit Sitz in Bottanuco (BG &#8211; ITALIEN), Via Ginevra 6\/8 verwendet. Das Unternehmen ist der Datenverantwortliche im Sinne der DSGVO und kann unter folgender E-Mail-Adresse kontaktiert werden <a href=\"mailto:info@idealtecsrl.com\" target=\"_blank\" rel=\"noopener\">info@idealtecsrl.com<\/a>.<\/li>\n<li>Der Auftragsverarbeiter gem\u00e4\u00df DSGVO ist der gesetzliche Vertreter von Idealtec S.r.l. und kann unter folgender E-Mail-Adresse kontaktiert werden <a href=\"mailto:info@idealtecsrl.com\" target=\"_blank\" rel=\"noopener\">info@idealtecsrl.com<\/a>.<\/li>\n<li>Die Datenverarbeitung erfolgt zum Zweck der Werbung f\u00fcr die Dienstleistungen und Produkte von Idealtec S.r.l., indem auf Anfrage technische und kommerzielle Informationen \u00fcber diese Dienstleistungen und Produkte \u00fcbermittelt werden sowie zur Organisation von Besuchen und Treffen am Sitz von Idealtec S.r.l., in Bottanuco (BG &#8211; ITALIEN), Via Ginevra 6\/8 oder an Ihrem Firmensitz.<\/li>\n<li>Ihre Daten werden nicht in einer internen Datenbank gespeichert und nicht an Dritte weitergegeben oder \u00fcbertragen.<\/li>\n<li>Der Zweck der Datenverwaltung hat als Rechtsgrundlage Ihre im Formular zum Ausdruck gebrachte Zustimmung und die Verfolgung der kommerziellen Interessen der Idealtec S.r.l. zur F\u00f6rderung und Entwicklung ihrer Gesch\u00e4ftst\u00e4tigkeit zum Ziel.<\/li>\n<li>Die Bereitstellung Ihrer Daten ist fakultativ und Sie haben das Recht, die angeforderten Daten nicht bereitzustellen oder Ihre Zustimmung zu widerrufen oder den Zugang zu Ihren pers\u00f6nlichen Daten, deren Berichtigung, L\u00f6schung, Einschr\u00e4nkung und den Einspruch gegen die Verarbeitung, wie in den Artikeln 15 bis 22 der DSGVO vorgesehen, zu beantragen, indem Sie sich schriftlich an<\/li>\n<\/ol>\n<p>Idealtec S.r.l., Bottanuco (BG &#8211; ITALIEN), Via Ginevra 6\/8, d.h. an die E-Mail-Adresse <a href=\"mailto:info@idealtecsrl.com\" target=\"_blank\" rel=\"noopener\">info@idealtecsrl.com<\/a> wenden. Die Aus\u00fcbung dieser Rechte k\u00f6nnte die Erbringung der mit dem Formular beantragten Dienstleistung beeintr\u00e4chtigen.<\/p>\n<p><strong>B. Cookie-Richtlinie<\/strong><\/p>\n<p><strong>1. Was ist ein Cookie und wozu dient es?<\/strong><\/p>\n<p>Ein Cookie ist eine Datei, die auf Ihren PC, Tablet, Smartphone oder ein anderes Endger\u00e4t (nachfolgend das \u201eGer\u00e4t&#8221;) heruntergeladen wird, wenn Sie auf unsere Webseite zugreifen.<\/p>\n<p>Cookies erm\u00f6glichen es uns, Informationen \u00fcber Ihre Surfgewohnheiten oder das Ger\u00e4t im Allgemeinen anonym zu speichern und abzurufen und Sie je nach den darin enthaltenen Informationen als Benutzer oder Kunde zu erkennen, falls Sie sich zuvor registriert haben.<\/p>\n<p>Die Informationen, die wir erhalten, beziehen sich auf die Anzahl der Seiten, die Sie besuchen, die Sprache, den Zugriffsort, die H\u00e4ufigkeit und Wiederholung der Besuche, die Dauer des Besuchs, den Browser und das Ger\u00e4t.<\/p>\n<p><strong>2. Welche Art von Cookie verwendet Idealtec S.r.l. und zu welchem Zweck?<\/strong><\/p>\n<p>Unsere Website <a href=\"https:\/\/www.idealtecsrl.com\/de\/\">www.idealtecsrl.com<\/a> verwendet:<\/p>\n<p><strong>a. technische Navigations- oder Sitzungs-Cookies<\/strong>: Diese Cookies sind f\u00fcr das Funktionieren der Website oder f\u00fcr die Nutzung der vom Benutzer angeforderten Inhalte und Dienstleistungen unbedingt erforderlich<\/p>\n<\/div>\n<div><strong>b. technische (Funktions-) Cookies<\/strong>: Sie werden verwendet, um bestimmte Funktionen der Website und einige vom Nutzer gew\u00e4hlte Kriterien (z.B. die Sprache) zu aktivieren, und dadurch den angebotenen Service zu verbessern<\/div>\n<div>\n<p><strong>c. technische (analytische) Cookies<\/strong>: Sie erm\u00f6glichen die Analyse der Nutzungsweise der Website durch die BenutzerDiese Cookies sammeln weder Informationen \u00fcber Ihre Identit\u00e4t noch personenbezogene Daten; die Informationen werden in zusammengefasster und anonymer Form verarbeitet.<\/p>\n<p>Durch die Deaktivierung von technischen Navigations- oder Funktions-Cookies kann es vorkommen, dass die Website nicht verf\u00fcgbar ist oder bestimmte Dienste oder Funktionen der Website nicht verf\u00fcgbar sind oder nicht richtig funktionieren.<br \/>\n<strong><br \/>\nd. Drittanbieter-Cookies<\/strong>: Hierbei handelt es sich um Cookies von anderen Websites oder Webservern als die des Eigent\u00fcmers (Idealtec S.r.l.), die f\u00fcr spezifische Zwecke dieser Dritten verwendet werden, einschlie\u00dflich der Cookies zur Profilerstellung.<\/p>\n<p>Tali terze parti sono autonomi titolari del trattamento dei dati raccolti attraverso i cookie da essi serviti.<\/p>\n<p>Diese Drittparteien sind unabh\u00e4ngige Datenverantwortliche der Daten, die durch die von ihnen verwendeten Cookies gesammelt werden.<\/p>\n<p>Um die Verarbeitung der durch diese Cookies gesammelten Daten einzusehen, muss der Nutzer daher auf die Richtlinien zur Verarbeitung personenbezogener Daten dieser unten angegebenen Dritten zugreifen und diese einsehen, (wie in der Bestimmung der italienischen Datenschutzbeh\u00f6rde vom 8. Mai 2014 &#8220;<em>Identifizierung vereinfachter Methoden zur Information und Einholung der Zustimmung zur Verwendung von Cookies<\/em>&#8221; angef\u00fchrt):<\/p>\n<p><a href=\"http:\/\/www.google.it\/intl\/it\/policies\/privacy\/\" target=\"_blank\" rel=\"noopener noreferrer\">http:\/\/www.google.it\/intl\/it\/policies\/privacy\/<\/a><\/p>\n<p><a href=\"http:\/\/it-it.facebook.com\/about\/privacy\/cookies\/\" target=\"_blank\" rel=\"noopener noreferrer\">http:\/\/it-it.facebook.com\/about\/privacy\/cookies\/<\/a><\/p>\n<p><strong>3. Wie man Cookies deaktiviert<\/strong><\/p>\n<p>Die meisten Internet-Browser sind zun\u00e4chst so eingestellt, dass Cookies automatisch akzeptiert werden.<\/p>\n<p>Sie k\u00f6nnen diese Einstellungen \u00e4ndern, um Cookies zu blockieren oder um gewarnt zu werden, wenn bestimmte Cookies an Ihr Ger\u00e4t gesendet werden.<\/p>\n<p>Es gibt verschiedene M\u00f6glichkeiten, Cookies zu verwalten.<\/p>\n<p>In der Bedienungsanleitung oder im Hilfebildschirm Ihres Browsers k\u00f6nnen Sie nachlesen, wie Sie Ihre Browsereinstellungen anpassen oder \u00e4ndern k\u00f6nnen:<\/p>\n<p><b><i>Chrome<\/i> <\/b><a href=\"https:\/\/support.google.com\/accounts\/answer\/61416?hl=en\" target=\"_blank\" rel=\"noopener\">https:\/\/support.google.com\/accounts\/answer\/61416?hl=en<\/a><br \/>\n<b><i>Firefox <\/i><\/b><a href=\"https:\/\/support.mozilla.org\/en-US\/kb\/block-websites-storing-cookies-site-data-firefox\" target=\"_blank\" rel=\"noopener\">https:\/\/support.mozilla.org\/en-US\/kb\/block-websites-storing-cookies-site-data-firefox<\/a><br \/>\n<b><i>Internet Explorer\u00a0<\/i><\/b><a href=\"https:\/\/support.microsoft.com\/en-us\/topic\/delete-and-manage-cookies-168dab11-0753-043d-7c16-ede5947fc64d\" target=\"_blank\" rel=\"noopener\">https:\/\/support.microsoft.com\/en-us\/topic\/delete-and-manage-cookies-168dab11-0753-043d-7c16-ede5947fc64d<\/a><br \/>\n<b><i>Opera\u00a0<\/i><\/b><a href=\"https:\/\/help.opera.com\/en\/latest\/web-preferences\/#cookies\" target=\"_blank\" rel=\"noopener\">https:\/\/help.opera.com\/en\/latest\/web-preferences\/#cookies<\/a><br \/>\n<b><i>Safari<\/i><\/b> <a href=\"https:\/\/support.apple.com\/en-en\/guide\/safari\/sfri11471\/mac\/\" target=\"_blank\" rel=\"noopener\">https:\/\/support.apple.com\/en-en\/guide\/safari\/sfri11471\/mac\/<\/a><\/p>\n<\/div>\n<div><\/div>\n<div>Bei Verwendung von mehreren Ger\u00e4ten (z.B. Computer, Smartphone, Tablet usw.) sollten Sie darauf achten, dass jeder Browser auf jedem Ger\u00e4t so eingestellt ist, dass er Ihre Pr\u00e4ferenzen bez\u00fcglich Cookies widerspiegelt.<\/div>\n<\/div><\/section><\/div><\/p>\n","protected":false},"excerpt":{"rendered":"","protected":false},"author":6,"featured_media":0,"parent":0,"menu_order":0,"comment_status":"closed","ping_status":"closed","template":"","meta":{"_monsterinsights_skip_tracking":false,"_monsterinsights_sitenote_active":false,"_monsterinsights_sitenote_note":"","_monsterinsights_sitenote_category":0,"footnotes":""},"_links":{"self":[{"href":"https:\/\/www.idealtecsrl.com\/de\/wp-json\/wp\/v2\/pages\/8170"}],"collection":[{"href":"https:\/\/www.idealtecsrl.com\/de\/wp-json\/wp\/v2\/pages"}],"about":[{"href":"https:\/\/www.idealtecsrl.com\/de\/wp-json\/wp\/v2\/types\/page"}],"author":[{"embeddable":true,"href":"https:\/\/www.idealtecsrl.com\/de\/wp-json\/wp\/v2\/users\/6"}],"replies":[{"embeddable":true,"href":"https:\/\/www.idealtecsrl.com\/de\/wp-json\/wp\/v2\/comments?post=8170"}],"version-history":[{"count":7,"href":"https:\/\/www.idealtecsrl.com\/de\/wp-json\/wp\/v2\/pages\/8170\/revisions"}],"predecessor-version":[{"id":17807,"href":"https:\/\/www.idealtecsrl.com\/de\/wp-json\/wp\/v2\/pages\/8170\/revisions\/17807"}],"wp:attachment":[{"href":"https:\/\/www.idealtecsrl.com\/de\/wp-json\/wp\/v2\/media?parent=8170"}],"curies":[{"name":"wp","href":"https:\/\/api.w.org\/{rel}","templated":true}]}}