{"id":17472,"date":"2024-11-30T12:39:31","date_gmt":"2024-11-30T11:39:31","guid":{"rendered":"https:\/\/www.idealtecsrl.com\/ferias-de-exposicion\/coatings-for-africa\/"},"modified":"2024-11-30T12:39:31","modified_gmt":"2024-11-30T11:39:31","slug":"coatings-for-africa","status":"publish","type":"page","link":"https:\/\/www.idealtecsrl.com\/es\/ferias-de-exposicion\/coatings-for-africa\/","title":{"rendered":"Coatings for Africa"},"content":{"rendered":"<div id='full_slider_1'  class='avia-fullwidth-slider main_color avia-shadow   avia-builder-el-0  el_before_av_one_half  avia-builder-el-first   container_wrap fullsize'  >\n<style type=\"text\/css\" data-created_by=\"avia_inline_auto\" id=\"style-css-av-m42pk7qz-a77f41395c537c20700ae170a3894878\">\n#top #wrap_all .avia-slideshow .av-slideshow-caption.av-m42pk7qz-a77f41395c537c20700ae170a3894878__0 .avia-caption-title{\ncolor:#ffffff;\n}\n#top .avia-slideshow .av-slideshow-caption.av-m42pk7qz-a77f41395c537c20700ae170a3894878__0 .avia-caption-content{\ncolor:#ffffff;\n}\n<\/style>\n<div  class='avia-slideshow av-m42pk7qz-a77f41395c537c20700ae170a3894878 avia-slideshow-featured av_slideshow_full avia-fade-slider av-slideshow-ui av-control-hidden av-no-slider-navigation av-hide-nav-arrows av-slideshow-autoplay av-loop-endless av-loop-manual-endless av-default-height-applied   avia-slideshow-1' data-slideshow-options=\"{&quot;animation&quot;:&quot;fade&quot;,&quot;autoplay&quot;:true,&quot;loop_autoplay&quot;:&quot;endless&quot;,&quot;interval&quot;:3,&quot;loop_manual&quot;:&quot;manual-endless&quot;,&quot;autoplay_stopper&quot;:false,&quot;noNavigation&quot;:true,&quot;bg_slider&quot;:false,&quot;transitionSpeed&quot;:800,&quot;keep_padding&quot;:false,&quot;hoverpause&quot;:false,&quot;show_slide_delay&quot;:0}\"  itemprop=\"image\" itemscope=\"itemscope\" itemtype=\"https:\/\/schema.org\/ImageObject\" ><ul class='avia-slideshow-inner ' style='padding-bottom: 28.666666666667%;'><li  class='avia-slideshow-slide av-m42pk7qz-a77f41395c537c20700ae170a3894878__0  slide-1 slide-odd'><div data-rel='slideshow-1' class='avia-slide-wrap '   ><img decoding=\"async\" fetchpriority=\"high\" class=\"wp-image-15269 avia-img-lazy-loading-not-15269\"  src=\"https:\/\/www.idealtecsrl.com\/wp-content\/uploads\/2024\/07\/visore-ci-presentiamo-1.jpg\" width=\"1500\" height=\"430\" title='visore-ci-presentiamo-1' alt=''  itemprop=\"thumbnailUrl\"  style='min-height:400px; min-width:1396px; ' srcset=\"https:\/\/www.idealtecsrl.com\/wp-content\/uploads\/2024\/07\/visore-ci-presentiamo-1.jpg 1500w, https:\/\/www.idealtecsrl.com\/wp-content\/uploads\/2024\/07\/visore-ci-presentiamo-1-300x86.jpg 300w, https:\/\/www.idealtecsrl.com\/wp-content\/uploads\/2024\/07\/visore-ci-presentiamo-1-1030x295.jpg 1030w, https:\/\/www.idealtecsrl.com\/wp-content\/uploads\/2024\/07\/visore-ci-presentiamo-1-768x220.jpg 768w, https:\/\/www.idealtecsrl.com\/wp-content\/uploads\/2024\/07\/visore-ci-presentiamo-1-705x202.jpg 705w\" sizes=\"(max-width: 1500px) 100vw, 1500px\" \/><div class='av-section-color-overlay' style='opacity: 0.6; background-color: #18417e; '><\/div><\/div><\/li><li  class='avia-slideshow-slide av-m42pk7qz-a77f41395c537c20700ae170a3894878__1  slide-2 slide-even'><div data-rel='slideshow-1' class='avia-slide-wrap '   ><img decoding=\"async\" fetchpriority=\"high\" class=\"wp-image-15276 avia-img-lazy-loading-not-15276\"  src=\"https:\/\/www.idealtecsrl.com\/wp-content\/uploads\/2024\/07\/visore-ci-presentiamo-2.jpg\" width=\"1500\" height=\"430\" title='visore-ci-presentiamo-2' alt=''  itemprop=\"thumbnailUrl\"  style='min-height:400px; min-width:1396px; ' srcset=\"https:\/\/www.idealtecsrl.com\/wp-content\/uploads\/2024\/07\/visore-ci-presentiamo-2.jpg 1500w, https:\/\/www.idealtecsrl.com\/wp-content\/uploads\/2024\/07\/visore-ci-presentiamo-2-300x86.jpg 300w, https:\/\/www.idealtecsrl.com\/wp-content\/uploads\/2024\/07\/visore-ci-presentiamo-2-1030x295.jpg 1030w, https:\/\/www.idealtecsrl.com\/wp-content\/uploads\/2024\/07\/visore-ci-presentiamo-2-768x220.jpg 768w, https:\/\/www.idealtecsrl.com\/wp-content\/uploads\/2024\/07\/visore-ci-presentiamo-2-705x202.jpg 705w\" sizes=\"(max-width: 1500px) 100vw, 1500px\" \/><div class='av-section-color-overlay' style='opacity: 0.6; background-color: #18417e; '><\/div><\/div><\/li><li  class='avia-slideshow-slide av-m42pk7qz-a77f41395c537c20700ae170a3894878__2  slide-3 slide-odd'><div data-rel='slideshow-1' class='avia-slide-wrap '   ><img decoding=\"async\" fetchpriority=\"high\" class=\"wp-image-15283 avia-img-lazy-loading-not-15283\"  src=\"https:\/\/www.idealtecsrl.com\/wp-content\/uploads\/2024\/07\/visore-ci-presentiamo-3.jpg\" width=\"1500\" height=\"430\" title='visore-ci-presentiamo-3' alt=''  itemprop=\"thumbnailUrl\"  style='min-height:400px; min-width:1396px; ' srcset=\"https:\/\/www.idealtecsrl.com\/wp-content\/uploads\/2024\/07\/visore-ci-presentiamo-3.jpg 1500w, https:\/\/www.idealtecsrl.com\/wp-content\/uploads\/2024\/07\/visore-ci-presentiamo-3-300x86.jpg 300w, https:\/\/www.idealtecsrl.com\/wp-content\/uploads\/2024\/07\/visore-ci-presentiamo-3-1030x295.jpg 1030w, https:\/\/www.idealtecsrl.com\/wp-content\/uploads\/2024\/07\/visore-ci-presentiamo-3-768x220.jpg 768w, https:\/\/www.idealtecsrl.com\/wp-content\/uploads\/2024\/07\/visore-ci-presentiamo-3-705x202.jpg 705w\" sizes=\"(max-width: 1500px) 100vw, 1500px\" \/><div class='av-section-color-overlay' style='opacity: 0.6; background-color: #18417e; '><\/div><\/div><\/li><li  class='avia-slideshow-slide av-m42pk7qz-a77f41395c537c20700ae170a3894878__3  slide-4 slide-even'><div data-rel='slideshow-1' class='avia-slide-wrap '   ><img decoding=\"async\" fetchpriority=\"high\" class=\"wp-image-15290 avia-img-lazy-loading-not-15290\"  src=\"https:\/\/www.idealtecsrl.com\/wp-content\/uploads\/2024\/07\/visore-ci-presentiamo-4.jpg\" width=\"1500\" height=\"430\" title='visore-ci-presentiamo-4' alt=''  itemprop=\"thumbnailUrl\"  style='min-height:400px; min-width:1396px; ' srcset=\"https:\/\/www.idealtecsrl.com\/wp-content\/uploads\/2024\/07\/visore-ci-presentiamo-4.jpg 1500w, https:\/\/www.idealtecsrl.com\/wp-content\/uploads\/2024\/07\/visore-ci-presentiamo-4-300x86.jpg 300w, https:\/\/www.idealtecsrl.com\/wp-content\/uploads\/2024\/07\/visore-ci-presentiamo-4-1030x295.jpg 1030w, https:\/\/www.idealtecsrl.com\/wp-content\/uploads\/2024\/07\/visore-ci-presentiamo-4-768x220.jpg 768w, https:\/\/www.idealtecsrl.com\/wp-content\/uploads\/2024\/07\/visore-ci-presentiamo-4-705x202.jpg 705w\" sizes=\"(max-width: 1500px) 100vw, 1500px\" \/><div class='av-section-color-overlay' style='opacity: 0.6; background-color: #18417e; '><\/div><\/div><\/li><li  class='avia-slideshow-slide av-m42pk7qz-a77f41395c537c20700ae170a3894878__4  slide-5 slide-odd'><div data-rel='slideshow-1' class='avia-slide-wrap '   ><img decoding=\"async\" fetchpriority=\"high\" class=\"wp-image-15297 avia-img-lazy-loading-not-15297\"  src=\"https:\/\/www.idealtecsrl.com\/wp-content\/uploads\/2024\/07\/visore-ci-presentiamo-5.jpg\" width=\"1500\" height=\"430\" title='visore-ci-presentiamo-5' alt=''  itemprop=\"thumbnailUrl\"  style='min-height:400px; min-width:1396px; ' srcset=\"https:\/\/www.idealtecsrl.com\/wp-content\/uploads\/2024\/07\/visore-ci-presentiamo-5.jpg 1500w, https:\/\/www.idealtecsrl.com\/wp-content\/uploads\/2024\/07\/visore-ci-presentiamo-5-300x86.jpg 300w, https:\/\/www.idealtecsrl.com\/wp-content\/uploads\/2024\/07\/visore-ci-presentiamo-5-1030x295.jpg 1030w, https:\/\/www.idealtecsrl.com\/wp-content\/uploads\/2024\/07\/visore-ci-presentiamo-5-768x220.jpg 768w, https:\/\/www.idealtecsrl.com\/wp-content\/uploads\/2024\/07\/visore-ci-presentiamo-5-705x202.jpg 705w\" sizes=\"(max-width: 1500px) 100vw, 1500px\" \/><div class='av-section-color-overlay' style='opacity: 0.6; background-color: #18417e; '><\/div><\/div><\/li><\/ul><div class='avia-slideshow-arrows avia-slideshow-controls' ><a href='#prev' class='prev-slide ' aria-hidden='true' data-av_icon='\ue87c' data-av_iconfont='entypo-fontello'  tabindex='-1'>Anterior<\/a><a href='#next' class='next-slide ' aria-hidden='true' data-av_icon='\ue87d' data-av_iconfont='entypo-fontello'  tabindex='-1'>Posterior<\/a><\/div><div class='av-slideshow-caption av-m42pk7qz-a77f41395c537c20700ae170a3894878__0 caption_fullwidth caption_center'><div class=\"container caption_container\"><div class=\"slideshow_caption\"><div class=\"slideshow_inner_caption\"><div class=\"slideshow_align_caption\"><h1 class='avia-caption-title '  itemprop=\"name\" >Coatings for Africa<\/h1><\/div><\/div><\/div><\/div><\/div><\/div><\/div><div id='after_full_slider_1'  class='main_color av_default_container_wrap container_wrap fullsize'  ><div class='container av-section-cont-open' ><div class='template-page content  av-content-full alpha units'><div class='post-entry post-entry-type-page post-entry-17472'><div class='entry-content-wrapper clearfix'>\n\n<style type=\"text\/css\" data-created_by=\"avia_inline_auto\" id=\"style-css-av-5y5ot8g-ecef6bb973d0c8f526a823267e2da8e2\">\n.flex_column.av-5y5ot8g-ecef6bb973d0c8f526a823267e2da8e2{\npadding:50px 0 0 0;\n}\n<\/style>\n<div  class='flex_column av-5y5ot8g-ecef6bb973d0c8f526a823267e2da8e2 av_one_half  avia-builder-el-1  el_after_av_slideshow_full  el_before_av_one_half  avia-builder-el-first  first flex_column_div  '     ><p><section  class='av_textblock_section av-m42pmayo-348015d65ebab1fee8be13099f58f95f '   itemscope=\"itemscope\" itemtype=\"https:\/\/schema.org\/CreativeWork\" ><div class='avia_textblock'  itemprop=\"text\" ><p><strong>Coatings for Africa<\/strong> es el evento m\u00e1s grande de \u00c1frica dedicado a la industria de recubrimientos, pinturas y adhesivos. Organizado conjuntamente por SAPMA (Asociaci\u00f3n Sudafricana de Fabricaci\u00f3n de Pinturas) y OCCA (Asociaci\u00f3n de Qu\u00edmicos de Aceites y Colores), el evento suele celebrarse cada dos a\u00f1os y atrae a profesionales, empresas y partes interesadas de toda la regi\u00f3n e internacionalmente.<\/p>\n<\/div><\/section><br \/>\n\n<style type=\"text\/css\" data-created_by=\"avia_inline_auto\" id=\"style-css-av-m42qixqc-2ab6db76e4642313a11bf982a3abf117\">\n#top .hr.hr-invisible.av-m42qixqc-2ab6db76e4642313a11bf982a3abf117{\nheight:50px;\n}\n<\/style>\n<div  class='hr av-m42qixqc-2ab6db76e4642313a11bf982a3abf117 hr-invisible  avia-builder-el-3  el_after_av_textblock  el_before_av_button '><span class='hr-inner '><span class=\"hr-inner-style\"><\/span><\/span><\/div><br \/>\n<div  class='avia-button-wrap av-m42qhv9o-cad37b0442c1047086aee7c5197cb086-wrap avia-button-left  avia-builder-el-4  el_after_av_hr  avia-builder-el-last '><a href='https:\/\/www.coatingsforafrica.com\/' class='avia-button av-m42qhv9o-cad37b0442c1047086aee7c5197cb086 av-link-btn avia-icon_select-yes-right-icon avia-size-large avia-position-left av-icon-on-hover avia-color-theme-color' target=\"_blank\" rel=\"noopener noreferrer\"><span class='avia_iconbox_title' >Visita el sitio web oficial<\/span><span class='avia_button_icon avia_button_icon_right' aria-hidden='true' data-av_icon='\ue879' data-av_iconfont='entypo-fontello'><\/span><\/a><\/div><\/p><\/div>\n\n<style type=\"text\/css\" data-created_by=\"avia_inline_auto\" id=\"style-css-av-5gkg680-63dd4872b765dab5309d7fb5d9bfb848\">\n.flex_column.av-5gkg680-63dd4872b765dab5309d7fb5d9bfb848{\npadding:50px 0 0 0;\n}\n<\/style>\n<div  class='flex_column av-5gkg680-63dd4872b765dab5309d7fb5d9bfb848 av_one_half  avia-builder-el-5  el_after_av_one_half  el_before_av_one_full  flex_column_div  '     ><style type=\"text\/css\" data-created_by=\"avia_inline_auto\" id=\"style-css-av-m42poe4t-74fb8ca6c09a1dac56782f00a4327668\">\n.avia-image-container.av-m42poe4t-74fb8ca6c09a1dac56782f00a4327668 img.avia_image{\nbox-shadow:none;\n}\n.avia-image-container.av-m42poe4t-74fb8ca6c09a1dac56782f00a4327668 .av-image-caption-overlay-center{\ncolor:#ffffff;\n}\n<\/style>\n<div  class='avia-image-container av-m42poe4t-74fb8ca6c09a1dac56782f00a4327668 av-styling- avia-align-center  avia-builder-el-6  avia-builder-el-no-sibling '   itemprop=\"image\" itemscope=\"itemscope\" itemtype=\"https:\/\/schema.org\/ImageObject\" ><div class=\"avia-image-container-inner\"><div class=\"avia-image-overlay-wrap\"><img decoding=\"async\" fetchpriority=\"high\" class='wp-image-14254 avia-img-lazy-loading-not-14254 avia_image ' src=\"https:\/\/www.idealtecsrl.com\/wp-content\/uploads\/2024\/07\/Coatings-for-Africa-300x300.jpg\" alt='' title='Coatings-for-Africa'  height=\"300\" width=\"300\"  itemprop=\"thumbnailUrl\" srcset=\"https:\/\/www.idealtecsrl.com\/wp-content\/uploads\/2024\/07\/Coatings-for-Africa-300x300.jpg 300w, https:\/\/www.idealtecsrl.com\/wp-content\/uploads\/2024\/07\/Coatings-for-Africa-80x80.jpg 80w, https:\/\/www.idealtecsrl.com\/wp-content\/uploads\/2024\/07\/Coatings-for-Africa-36x36.jpg 36w, https:\/\/www.idealtecsrl.com\/wp-content\/uploads\/2024\/07\/Coatings-for-Africa-180x180.jpg 180w, https:\/\/www.idealtecsrl.com\/wp-content\/uploads\/2024\/07\/Coatings-for-Africa.jpg 400w\" sizes=\"(max-width: 300px) 100vw, 300px\" \/><\/div><\/div><\/div><\/div>\n<style type=\"text\/css\" data-created_by=\"avia_inline_auto\" id=\"style-css-av-4yqkqxs-55036f639e4d10171e6a4c06b4548e9e\">\n.flex_column.av-4yqkqxs-55036f639e4d10171e6a4c06b4548e9e{\npadding:50px 0 0 0;\n}\n<\/style>\n<div  class='flex_column av-4yqkqxs-55036f639e4d10171e6a4c06b4548e9e av_one_full  avia-builder-el-7  el_after_av_one_half  el_before_av_one_full  first flex_column_div  column-top-margin'     ><p>\n<style type=\"text\/css\" data-created_by=\"avia_inline_auto\" id=\"style-css-av-m42pooxb-9a67c5d26aafabf3aef756dbd5541a63\">\n#top .av-special-heading.av-m42pooxb-9a67c5d26aafabf3aef756dbd5541a63{\npadding-bottom:10px;\n}\nbody .av-special-heading.av-m42pooxb-9a67c5d26aafabf3aef756dbd5541a63 .av-special-heading-tag .heading-char{\nfont-size:25px;\n}\n.av-special-heading.av-m42pooxb-9a67c5d26aafabf3aef756dbd5541a63 .av-subheading{\nfont-size:15px;\n}\n<\/style>\n<div  class='av-special-heading av-m42pooxb-9a67c5d26aafabf3aef756dbd5541a63 av-special-heading-h2 blockquote modern-quote  avia-builder-el-8  el_before_av_textblock  avia-builder-el-first '><h2 class='av-special-heading-tag'  itemprop=\"headline\"  >Objetivos e importancia<\/h2><div class=\"special-heading-border\"><div class=\"special-heading-inner-border\"><\/div><\/div><\/div><br \/>\n<section  class='av_textblock_section av-m42poycv-72b88483bb5c7feff2fb55d2ee8f8592 '   itemscope=\"itemscope\" itemtype=\"https:\/\/schema.org\/CreativeWork\" ><div class='avia_textblock'  itemprop=\"text\" ><p>Coatings for Africa sirve como plataforma central para promover la innovaci\u00f3n, las tecnolog\u00edas sostenibles y las mejores pr\u00e1cticas en recubrimientos. Apunta a:<\/p>\n<ul>\n<li>Proporcionar oportunidades de networking: creando conexiones entre fabricantes, proveedores de materias primas, investigadores y profesionales de la industria.<\/li>\n<li>Promover la sostenibilidad: centr\u00e1ndose en soluciones respetuosas con el medio ambiente y la eficiencia energ\u00e9tica.<\/li>\n<li>Fomentar el intercambio de conocimientos: a trav\u00e9s de presentaciones t\u00e9cnicas, seminarios y talleres sobre temas de actualidad, como nuevas formulaciones, regulaciones y mercados emergentes.<\/li>\n<\/ul>\n<\/div><\/section><\/p><\/div><\/p>\n\n<style type=\"text\/css\" data-created_by=\"avia_inline_auto\" id=\"style-css-av-4i16ssg-9681ac988ebd0ed0c3774789b8a082a8\">\n.flex_column.av-4i16ssg-9681ac988ebd0ed0c3774789b8a082a8{\npadding:50px 0 0 0;\n}\n<\/style>\n<div  class='flex_column av-4i16ssg-9681ac988ebd0ed0c3774789b8a082a8 av_one_full  avia-builder-el-10  el_after_av_one_full  el_before_av_one_full  first flex_column_div  column-top-margin'     ><p>\n<style type=\"text\/css\" data-created_by=\"avia_inline_auto\" id=\"style-css-av-m42pp91j-fbb994225125f3715ceb066956c70dc9\">\n#top .av-special-heading.av-m42pp91j-fbb994225125f3715ceb066956c70dc9{\npadding-bottom:10px;\n}\nbody .av-special-heading.av-m42pp91j-fbb994225125f3715ceb066956c70dc9 .av-special-heading-tag .heading-char{\nfont-size:25px;\n}\n.av-special-heading.av-m42pp91j-fbb994225125f3715ceb066956c70dc9 .av-subheading{\nfont-size:15px;\n}\n<\/style>\n<div  class='av-special-heading av-m42pp91j-fbb994225125f3715ceb066956c70dc9 av-special-heading-h2 blockquote modern-quote  avia-builder-el-11  el_before_av_textblock  avia-builder-el-first '><h2 class='av-special-heading-tag'  itemprop=\"headline\"  >Caracter\u00edsticas principales<\/h2><div class=\"special-heading-border\"><div class=\"special-heading-inner-border\"><\/div><\/div><\/div><br \/>\n<section  class='av_textblock_section av-m42pq7i2-2c32a4a8483c595ae4ae399fab4401d1 '   itemscope=\"itemscope\" itemtype=\"https:\/\/schema.org\/CreativeWork\" ><div class='avia_textblock'  itemprop=\"text\" ><ul>\n<li>Exposici\u00f3n Comercial: Re\u00fane a empresas l\u00edderes que exhiben productos, tecnolog\u00edas y servicios innovadores para la industria de recubrimientos, pinturas y adhesivos.<\/li>\n<li>Programa de conferencias t\u00e9cnicas: Incluye presentaciones de expertos de la industria sobre temas clave como:<br \/>\nInnovaci\u00f3n en materiales<br \/>\nRegulaciones ambientales<br \/>\nTecnolog\u00edas de recubrimiento de alto rendimiento<\/li>\n<li>Talleres y sesiones de formaci\u00f3n: Ideal para profesionales que quieran actualizarse en las \u00faltimas tendencias o adquirir nuevas habilidades t\u00e9cnicas.<\/li>\n<li>Enfoque en \u00c1frica: destaca el potencial de crecimiento del mercado africano de recubrimientos, destacando oportunidades, desaf\u00edos y soluciones adaptadas al contexto local.<\/li>\n<\/ul>\n<\/div><\/section><\/p><\/div>\n\n<style type=\"text\/css\" data-created_by=\"avia_inline_auto\" id=\"style-css-av-3qwareo-bde971b44f0832ee1e2277dff46c1b9c\">\n.flex_column.av-3qwareo-bde971b44f0832ee1e2277dff46c1b9c{\npadding:50px 0 0 0;\n}\n<\/style>\n<div  class='flex_column av-3qwareo-bde971b44f0832ee1e2277dff46c1b9c av_one_full  avia-builder-el-13  el_after_av_one_full  el_before_av_one_full  first flex_column_div  column-top-margin'     ><p>\n<style type=\"text\/css\" data-created_by=\"avia_inline_auto\" id=\"style-css-av-m42pqgqv-3aba79c84693fc5d2bb7812178a4af57\">\n#top .av-special-heading.av-m42pqgqv-3aba79c84693fc5d2bb7812178a4af57{\npadding-bottom:10px;\n}\nbody .av-special-heading.av-m42pqgqv-3aba79c84693fc5d2bb7812178a4af57 .av-special-heading-tag .heading-char{\nfont-size:25px;\n}\n.av-special-heading.av-m42pqgqv-3aba79c84693fc5d2bb7812178a4af57 .av-subheading{\nfont-size:15px;\n}\n<\/style>\n<div  class='av-special-heading av-m42pqgqv-3aba79c84693fc5d2bb7812178a4af57 av-special-heading-h2 blockquote modern-quote  avia-builder-el-14  el_before_av_textblock  avia-builder-el-first '><h2 class='av-special-heading-tag'  itemprop=\"headline\"  >Participantes<\/h2><div class=\"special-heading-border\"><div class=\"special-heading-inner-border\"><\/div><\/div><\/div><br \/>\n<section  class='av_textblock_section av-m42pqz4w-9e6c5d034cf9d2993761898d4054aac9 '   itemscope=\"itemscope\" itemtype=\"https:\/\/schema.org\/CreativeWork\" ><div class='avia_textblock'  itemprop=\"text\" ><p>El evento atrae a una amplia gama de participantes, entre ellos:<\/p>\n<ul>\n<li>Fabricantes de pinturas y revestimientos.<\/li>\n<li>Proveedores de materias primas<\/li>\n<li>Distribuidores y revendedores<\/li>\n<li>Consultores t\u00e9cnicos e investigadores.<\/li>\n<li>Expertos en normativa y sostenibilidad<\/li>\n<li>Profesionales del dise\u00f1o y la arquitectura interesados \u200b\u200ben las nuevas tecnolog\u00edas para superficies y colores.<\/li>\n<\/ul>\n<\/div><\/section><\/p><\/div>\n\n<style type=\"text\/css\" data-created_by=\"avia_inline_auto\" id=\"style-css-av-3ftxmjk-1c410990e4a09c8efa799bfcac1a76c9\">\n.flex_column.av-3ftxmjk-1c410990e4a09c8efa799bfcac1a76c9{\npadding:50px 0 0 0;\n}\n<\/style>\n<div  class='flex_column av-3ftxmjk-1c410990e4a09c8efa799bfcac1a76c9 av_one_full  avia-builder-el-16  el_after_av_one_full  el_before_av_hr  first flex_column_div  column-top-margin'     ><p>\n<style type=\"text\/css\" data-created_by=\"avia_inline_auto\" id=\"style-css-av-m42prb7h-c98b88dbf7a98886ee4a7ea153331dcd\">\n#top .av-special-heading.av-m42prb7h-c98b88dbf7a98886ee4a7ea153331dcd{\npadding-bottom:10px;\n}\nbody .av-special-heading.av-m42prb7h-c98b88dbf7a98886ee4a7ea153331dcd .av-special-heading-tag .heading-char{\nfont-size:25px;\n}\n.av-special-heading.av-m42prb7h-c98b88dbf7a98886ee4a7ea153331dcd .av-subheading{\nfont-size:15px;\n}\n<\/style>\n<div  class='av-special-heading av-m42prb7h-c98b88dbf7a98886ee4a7ea153331dcd av-special-heading-h2 blockquote modern-quote  avia-builder-el-17  el_before_av_textblock  avia-builder-el-first '><h2 class='av-special-heading-tag'  itemprop=\"headline\"  >Impacto en la industria africana<\/h2><div class=\"special-heading-border\"><div class=\"special-heading-inner-border\"><\/div><\/div><\/div><br \/>\n<section  class='av_textblock_section av-m42prlt7-d8bc47e2eac8673797fc97fb4c05a4e1 '   itemscope=\"itemscope\" itemtype=\"https:\/\/schema.org\/CreativeWork\" ><div class='avia_textblock'  itemprop=\"text\" ><p>Coatings for Africa se considera un catalizador para el desarrollo del sector de recubrimientos en el continente. Ofrece un escaparate para:<\/p>\n<ul>\n<li>La adopci\u00f3n de tecnolog\u00edas innovadoras y sostenibles<\/li>\n<li>El crecimiento de las empresas locales a trav\u00e9s de conexiones globales<\/li>\n<li>La mejora de los est\u00e1ndares de calidad a trav\u00e9s del acceso al conocimiento y a los recursos.<\/li>\n<\/ul>\n<\/div><\/section><\/p><\/div>\n\n<style type=\"text\/css\" data-created_by=\"avia_inline_auto\" id=\"style-css-av-2unwxds-c66681727ade6544847fa2a7277044fc\">\n#top .hr.hr-invisible.av-2unwxds-c66681727ade6544847fa2a7277044fc{\nheight:24px;\n}\n<\/style>\n<div  class='hr av-2unwxds-c66681727ade6544847fa2a7277044fc hr-invisible  avia-builder-el-19  el_after_av_one_full  el_before_av_hr '><span class='hr-inner '><span class=\"hr-inner-style\"><\/span><\/span><\/div>\n<div  class='hr av-2fo7hi8-1ed6ec47696f6095104ae721492a4d1d hr-short  avia-builder-el-20  el_after_av_hr  el_before_av_hr  hr-left'><span class='hr-inner '><span class=\"hr-inner-style\"><\/span><\/span><\/div>\n\n<style type=\"text\/css\" data-created_by=\"avia_inline_auto\" id=\"style-css-av-22bbo74-b57096aa8dbbd1800417c586764ddc1d\">\n#top .hr.hr-invisible.av-22bbo74-b57096aa8dbbd1800417c586764ddc1d{\nheight:24px;\n}\n<\/style>\n<div  class='hr av-22bbo74-b57096aa8dbbd1800417c586764ddc1d hr-invisible  avia-builder-el-21  el_after_av_hr  el_before_av_one_full '><span class='hr-inner '><span class=\"hr-inner-style\"><\/span><\/span><\/div>\n\n<style type=\"text\/css\" data-created_by=\"avia_inline_auto\" id=\"style-css-av-1orexy8-f8946a13a2eea32fd2b22039aba595a1\">\n.flex_column.av-1orexy8-f8946a13a2eea32fd2b22039aba595a1{\npadding:48px 48px 48px 48px;\nbackground-color:#eceff1;\n}\n<\/style>\n<div  class='flex_column av-1orexy8-f8946a13a2eea32fd2b22039aba595a1 av_one_full  avia-builder-el-22  el_after_av_hr  avia-builder-el-last  first flex_column_div  '     ><p>\n<style type=\"text\/css\" data-created_by=\"avia_inline_auto\" id=\"style-css-av-3ohbi8-8c69856045a415b2792754b4ed240bde\">\n#top .av-special-heading.av-3ohbi8-8c69856045a415b2792754b4ed240bde{\npadding-bottom:10px;\n}\nbody .av-special-heading.av-3ohbi8-8c69856045a415b2792754b4ed240bde .av-special-heading-tag .heading-char{\nfont-size:25px;\n}\n.av-special-heading.av-3ohbi8-8c69856045a415b2792754b4ed240bde .av-subheading{\nfont-size:15px;\n}\n<\/style>\n<div  class='av-special-heading av-3ohbi8-8c69856045a415b2792754b4ed240bde av-special-heading-h2 blockquote modern-quote modern-centered  avia-builder-el-23  el_before_av_textblock  avia-builder-el-first '><h2 class='av-special-heading-tag'  itemprop=\"headline\"  >AYUDAS ESTATALES Y DE MINIMIS<\/h2><div class=\"special-heading-border\"><div class=\"special-heading-inner-border\"><\/div><\/div><\/div><br \/>\n<section  class='av_textblock_section av-o11280-b43dbe036218b09eef8d51ad59896487 '   itemscope=\"itemscope\" itemtype=\"https:\/\/schema.org\/CreativeWork\" ><div class='avia_textblock'  itemprop=\"text\" ><p style=\"text-align: center;\"><strong>Obligaciones de informaci\u00f3n en materia de subvenciones p\u00fablicas.<\/strong><br \/>\nLas ayudas estatales y las ayudas de minimis recibidas por nuestra empresa est\u00e1n contenidas en el Registro Nacional de Ayudas del Estado al que se refiere el art. 52 de la Ley 234\/2012 al que se hace referencia y que puede consultarse en el siguiente enlace:\u00a0<a role=\"link\" href=\"https:\/\/www.rna.gov.it\/trasparenza\" target=\"_blank\" rel=\"noopener\">Aprende m\u00e1s&gt;&gt;<\/a><\/p>\n<\/div><\/section><\/p><\/div>\n","protected":false},"excerpt":{"rendered":"","protected":false},"author":6,"featured_media":0,"parent":17445,"menu_order":0,"comment_status":"closed","ping_status":"closed","template":"","meta":{"_monsterinsights_skip_tracking":false,"_monsterinsights_sitenote_active":false,"_monsterinsights_sitenote_note":"","_monsterinsights_sitenote_category":0,"footnotes":""},"_links":{"self":[{"href":"https:\/\/www.idealtecsrl.com\/es\/wp-json\/wp\/v2\/pages\/17472"}],"collection":[{"href":"https:\/\/www.idealtecsrl.com\/es\/wp-json\/wp\/v2\/pages"}],"about":[{"href":"https:\/\/www.idealtecsrl.com\/es\/wp-json\/wp\/v2\/types\/page"}],"author":[{"embeddable":true,"href":"https:\/\/www.idealtecsrl.com\/es\/wp-json\/wp\/v2\/users\/6"}],"replies":[{"embeddable":true,"href":"https:\/\/www.idealtecsrl.com\/es\/wp-json\/wp\/v2\/comments?post=17472"}],"version-history":[{"count":2,"href":"https:\/\/www.idealtecsrl.com\/es\/wp-json\/wp\/v2\/pages\/17472\/revisions"}],"predecessor-version":[{"id":17474,"href":"https:\/\/www.idealtecsrl.com\/es\/wp-json\/wp\/v2\/pages\/17472\/revisions\/17474"}],"up":[{"embeddable":true,"href":"https:\/\/www.idealtecsrl.com\/es\/wp-json\/wp\/v2\/pages\/17445"}],"wp:attachment":[{"href":"https:\/\/www.idealtecsrl.com\/es\/wp-json\/wp\/v2\/media?parent=17472"}],"curies":[{"name":"wp","href":"https:\/\/api.w.org\/{rel}","templated":true}]}}