{"id":17481,"date":"2024-11-30T12:56:57","date_gmt":"2024-11-30T11:56:57","guid":{"rendered":"https:\/\/www.idealtecsrl.com\/ferias-de-exposicion\/european-coatings-show\/"},"modified":"2024-11-30T12:56:57","modified_gmt":"2024-11-30T11:56:57","slug":"european-coatings-show","status":"publish","type":"page","link":"https:\/\/www.idealtecsrl.com\/es\/ferias-de-exposicion\/european-coatings-show\/","title":{"rendered":"European Coatings Show"},"content":{"rendered":"<div id='full_slider_1'  class='avia-fullwidth-slider main_color avia-shadow   avia-builder-el-0  el_before_av_one_half  avia-builder-el-first   container_wrap fullsize'  >\n<style type=\"text\/css\" data-created_by=\"avia_inline_auto\" id=\"style-css-av-m42qzqjh-72554bdbee4881e58655344cfd66d83d\">\n#top #wrap_all .avia-slideshow .av-slideshow-caption.av-m42qzqjh-72554bdbee4881e58655344cfd66d83d__0 .avia-caption-title{\ncolor:#ffffff;\n}\n#top .avia-slideshow .av-slideshow-caption.av-m42qzqjh-72554bdbee4881e58655344cfd66d83d__0 .avia-caption-content{\ncolor:#ffffff;\n}\n<\/style>\n<div  class='avia-slideshow av-m42qzqjh-72554bdbee4881e58655344cfd66d83d avia-slideshow-featured av_slideshow_full avia-fade-slider av-slideshow-ui av-control-hidden av-no-slider-navigation av-hide-nav-arrows av-slideshow-autoplay av-loop-endless av-loop-manual-endless av-default-height-applied   avia-slideshow-1' data-slideshow-options=\"{&quot;animation&quot;:&quot;fade&quot;,&quot;autoplay&quot;:true,&quot;loop_autoplay&quot;:&quot;endless&quot;,&quot;interval&quot;:3,&quot;loop_manual&quot;:&quot;manual-endless&quot;,&quot;autoplay_stopper&quot;:false,&quot;noNavigation&quot;:true,&quot;bg_slider&quot;:false,&quot;transitionSpeed&quot;:800,&quot;keep_padding&quot;:false,&quot;hoverpause&quot;:false,&quot;show_slide_delay&quot;:0}\"  itemprop=\"image\" itemscope=\"itemscope\" itemtype=\"https:\/\/schema.org\/ImageObject\" ><ul class='avia-slideshow-inner ' style='padding-bottom: 28.666666666667%;'><li  class='avia-slideshow-slide av-m42qzqjh-72554bdbee4881e58655344cfd66d83d__0  slide-1 slide-odd'><div data-rel='slideshow-1' class='avia-slide-wrap '   ><img decoding=\"async\" fetchpriority=\"high\" class=\"wp-image-15269 avia-img-lazy-loading-not-15269\"  src=\"https:\/\/www.idealtecsrl.com\/wp-content\/uploads\/2024\/07\/visore-ci-presentiamo-1.jpg\" width=\"1500\" height=\"430\" title='visore-ci-presentiamo-1' alt=''  itemprop=\"thumbnailUrl\"  style='min-height:400px; min-width:1396px; ' srcset=\"https:\/\/www.idealtecsrl.com\/wp-content\/uploads\/2024\/07\/visore-ci-presentiamo-1.jpg 1500w, https:\/\/www.idealtecsrl.com\/wp-content\/uploads\/2024\/07\/visore-ci-presentiamo-1-300x86.jpg 300w, https:\/\/www.idealtecsrl.com\/wp-content\/uploads\/2024\/07\/visore-ci-presentiamo-1-1030x295.jpg 1030w, https:\/\/www.idealtecsrl.com\/wp-content\/uploads\/2024\/07\/visore-ci-presentiamo-1-768x220.jpg 768w, https:\/\/www.idealtecsrl.com\/wp-content\/uploads\/2024\/07\/visore-ci-presentiamo-1-705x202.jpg 705w\" sizes=\"(max-width: 1500px) 100vw, 1500px\" \/><div class='av-section-color-overlay' style='opacity: 0.6; background-color: #18417e; '><\/div><\/div><\/li><li  class='avia-slideshow-slide av-m42qzqjh-72554bdbee4881e58655344cfd66d83d__1  slide-2 slide-even'><div data-rel='slideshow-1' class='avia-slide-wrap '   ><img decoding=\"async\" fetchpriority=\"high\" class=\"wp-image-15276 avia-img-lazy-loading-not-15276\"  src=\"https:\/\/www.idealtecsrl.com\/wp-content\/uploads\/2024\/07\/visore-ci-presentiamo-2.jpg\" width=\"1500\" height=\"430\" title='visore-ci-presentiamo-2' alt=''  itemprop=\"thumbnailUrl\"  style='min-height:400px; min-width:1396px; ' srcset=\"https:\/\/www.idealtecsrl.com\/wp-content\/uploads\/2024\/07\/visore-ci-presentiamo-2.jpg 1500w, https:\/\/www.idealtecsrl.com\/wp-content\/uploads\/2024\/07\/visore-ci-presentiamo-2-300x86.jpg 300w, https:\/\/www.idealtecsrl.com\/wp-content\/uploads\/2024\/07\/visore-ci-presentiamo-2-1030x295.jpg 1030w, https:\/\/www.idealtecsrl.com\/wp-content\/uploads\/2024\/07\/visore-ci-presentiamo-2-768x220.jpg 768w, https:\/\/www.idealtecsrl.com\/wp-content\/uploads\/2024\/07\/visore-ci-presentiamo-2-705x202.jpg 705w\" sizes=\"(max-width: 1500px) 100vw, 1500px\" \/><div class='av-section-color-overlay' style='opacity: 0.6; background-color: #18417e; '><\/div><\/div><\/li><li  class='avia-slideshow-slide av-m42qzqjh-72554bdbee4881e58655344cfd66d83d__2  slide-3 slide-odd'><div data-rel='slideshow-1' class='avia-slide-wrap '   ><img decoding=\"async\" fetchpriority=\"high\" class=\"wp-image-15283 avia-img-lazy-loading-not-15283\"  src=\"https:\/\/www.idealtecsrl.com\/wp-content\/uploads\/2024\/07\/visore-ci-presentiamo-3.jpg\" width=\"1500\" height=\"430\" title='visore-ci-presentiamo-3' alt=''  itemprop=\"thumbnailUrl\"  style='min-height:400px; min-width:1396px; ' srcset=\"https:\/\/www.idealtecsrl.com\/wp-content\/uploads\/2024\/07\/visore-ci-presentiamo-3.jpg 1500w, https:\/\/www.idealtecsrl.com\/wp-content\/uploads\/2024\/07\/visore-ci-presentiamo-3-300x86.jpg 300w, https:\/\/www.idealtecsrl.com\/wp-content\/uploads\/2024\/07\/visore-ci-presentiamo-3-1030x295.jpg 1030w, https:\/\/www.idealtecsrl.com\/wp-content\/uploads\/2024\/07\/visore-ci-presentiamo-3-768x220.jpg 768w, https:\/\/www.idealtecsrl.com\/wp-content\/uploads\/2024\/07\/visore-ci-presentiamo-3-705x202.jpg 705w\" sizes=\"(max-width: 1500px) 100vw, 1500px\" \/><div class='av-section-color-overlay' style='opacity: 0.6; background-color: #18417e; '><\/div><\/div><\/li><li  class='avia-slideshow-slide av-m42qzqjh-72554bdbee4881e58655344cfd66d83d__3  slide-4 slide-even'><div data-rel='slideshow-1' class='avia-slide-wrap '   ><img decoding=\"async\" fetchpriority=\"high\" class=\"wp-image-15290 avia-img-lazy-loading-not-15290\"  src=\"https:\/\/www.idealtecsrl.com\/wp-content\/uploads\/2024\/07\/visore-ci-presentiamo-4.jpg\" width=\"1500\" height=\"430\" title='visore-ci-presentiamo-4' alt=''  itemprop=\"thumbnailUrl\"  style='min-height:400px; min-width:1396px; ' srcset=\"https:\/\/www.idealtecsrl.com\/wp-content\/uploads\/2024\/07\/visore-ci-presentiamo-4.jpg 1500w, https:\/\/www.idealtecsrl.com\/wp-content\/uploads\/2024\/07\/visore-ci-presentiamo-4-300x86.jpg 300w, https:\/\/www.idealtecsrl.com\/wp-content\/uploads\/2024\/07\/visore-ci-presentiamo-4-1030x295.jpg 1030w, https:\/\/www.idealtecsrl.com\/wp-content\/uploads\/2024\/07\/visore-ci-presentiamo-4-768x220.jpg 768w, https:\/\/www.idealtecsrl.com\/wp-content\/uploads\/2024\/07\/visore-ci-presentiamo-4-705x202.jpg 705w\" sizes=\"(max-width: 1500px) 100vw, 1500px\" \/><div class='av-section-color-overlay' style='opacity: 0.6; background-color: #18417e; '><\/div><\/div><\/li><li  class='avia-slideshow-slide av-m42qzqjh-72554bdbee4881e58655344cfd66d83d__4  slide-5 slide-odd'><div data-rel='slideshow-1' class='avia-slide-wrap '   ><img decoding=\"async\" fetchpriority=\"high\" class=\"wp-image-15297 avia-img-lazy-loading-not-15297\"  src=\"https:\/\/www.idealtecsrl.com\/wp-content\/uploads\/2024\/07\/visore-ci-presentiamo-5.jpg\" width=\"1500\" height=\"430\" title='visore-ci-presentiamo-5' alt=''  itemprop=\"thumbnailUrl\"  style='min-height:400px; min-width:1396px; ' srcset=\"https:\/\/www.idealtecsrl.com\/wp-content\/uploads\/2024\/07\/visore-ci-presentiamo-5.jpg 1500w, https:\/\/www.idealtecsrl.com\/wp-content\/uploads\/2024\/07\/visore-ci-presentiamo-5-300x86.jpg 300w, https:\/\/www.idealtecsrl.com\/wp-content\/uploads\/2024\/07\/visore-ci-presentiamo-5-1030x295.jpg 1030w, https:\/\/www.idealtecsrl.com\/wp-content\/uploads\/2024\/07\/visore-ci-presentiamo-5-768x220.jpg 768w, https:\/\/www.idealtecsrl.com\/wp-content\/uploads\/2024\/07\/visore-ci-presentiamo-5-705x202.jpg 705w\" sizes=\"(max-width: 1500px) 100vw, 1500px\" \/><div class='av-section-color-overlay' style='opacity: 0.6; background-color: #18417e; '><\/div><\/div><\/li><\/ul><div class='avia-slideshow-arrows avia-slideshow-controls' ><a href='#prev' class='prev-slide ' aria-hidden='true' data-av_icon='\ue87c' data-av_iconfont='entypo-fontello'  tabindex='-1'>Anterior<\/a><a href='#next' class='next-slide ' aria-hidden='true' data-av_icon='\ue87d' data-av_iconfont='entypo-fontello'  tabindex='-1'>Posterior<\/a><\/div><div class='av-slideshow-caption av-m42qzqjh-72554bdbee4881e58655344cfd66d83d__0 caption_fullwidth caption_center'><div class=\"container caption_container\"><div class=\"slideshow_caption\"><div class=\"slideshow_inner_caption\"><div class=\"slideshow_align_caption\"><h1 class='avia-caption-title '  itemprop=\"name\" >European Coatings Show<\/h1><\/div><\/div><\/div><\/div><\/div><\/div><\/div><div id='after_full_slider_1'  class='main_color av_default_container_wrap container_wrap fullsize'  ><div class='container av-section-cont-open' ><div class='template-page content  av-content-full alpha units'><div class='post-entry post-entry-type-page post-entry-17481'><div class='entry-content-wrapper clearfix'>\n\n<style type=\"text\/css\" data-created_by=\"avia_inline_auto\" id=\"style-css-av-74b8l2l-eb55d3c1bcded2c7178c9fbb554b4470\">\n.flex_column.av-74b8l2l-eb55d3c1bcded2c7178c9fbb554b4470{\npadding:50px 0 0 0;\n}\n<\/style>\n<div  class='flex_column av-74b8l2l-eb55d3c1bcded2c7178c9fbb554b4470 av_one_half  avia-builder-el-1  el_after_av_slideshow_full  el_before_av_one_half  avia-builder-el-first  first flex_column_div  '     ><p><section  class='av_textblock_section av-m42r022k-681744b0f49dab8385e6d9c2d5e61d62 '   itemscope=\"itemscope\" itemtype=\"https:\/\/schema.org\/CreativeWork\" ><div class='avia_textblock'  itemprop=\"text\" ><p><strong>European Coatings Show (ECS)<\/strong> es el evento europeo m\u00e1s grande e importante dedicado a las industrias de recubrimientos, pinturas, adhesivos, selladores y productos qu\u00edmicos de la construcci\u00f3n. Organizada cada dos a\u00f1os en Nuremberg, Alemania, la ECS representa un punto de referencia global para fabricantes, proveedores, investigadores e innovadores del sector.<\/p>\n<\/div><\/section><br \/>\n\n<style type=\"text\/css\" data-created_by=\"avia_inline_auto\" id=\"style-css-av-6uwndcd-91c59410387403eff154aea06a1db3be\">\n#top .hr.hr-invisible.av-6uwndcd-91c59410387403eff154aea06a1db3be{\nheight:50px;\n}\n<\/style>\n<div  class='hr av-6uwndcd-91c59410387403eff154aea06a1db3be hr-invisible  avia-builder-el-3  el_after_av_textblock  el_before_av_button '><span class='hr-inner '><span class=\"hr-inner-style\"><\/span><\/span><\/div><br \/>\n<div  class='avia-button-wrap av-m42r0ckx-74f03e0c980d5bc1bca4ee7cf4d96381-wrap avia-button-left  avia-builder-el-4  el_after_av_hr  avia-builder-el-last '><a href='https:\/\/www.european-coatings-show.com\/' class='avia-button av-m42r0ckx-74f03e0c980d5bc1bca4ee7cf4d96381 av-link-btn avia-icon_select-yes-right-icon avia-size-large avia-position-left av-icon-on-hover avia-color-theme-color' target=\"_blank\" rel=\"noopener noreferrer\"><span class='avia_iconbox_title' >Visita el sitio web oficial<\/span><span class='avia_button_icon avia_button_icon_right' aria-hidden='true' data-av_icon='\ue879' data-av_iconfont='entypo-fontello'><\/span><\/a><\/div><\/p><\/div>\n\n<style type=\"text\/css\" data-created_by=\"avia_inline_auto\" id=\"style-css-av-6698s6l-36ead2d20d819048bd4a30df3c66a427\">\n.flex_column.av-6698s6l-36ead2d20d819048bd4a30df3c66a427{\npadding:50px 0 0 0;\n}\n<\/style>\n<div  class='flex_column av-6698s6l-36ead2d20d819048bd4a30df3c66a427 av_one_half  avia-builder-el-5  el_after_av_one_half  el_before_av_one_full  flex_column_div  '     ><style type=\"text\/css\" data-created_by=\"avia_inline_auto\" id=\"style-css-av-m42r0r7s-d57fda23921ddfd583e7ef03688172c7\">\n.avia-image-container.av-m42r0r7s-d57fda23921ddfd583e7ef03688172c7 img.avia_image{\nbox-shadow:none;\n}\n.avia-image-container.av-m42r0r7s-d57fda23921ddfd583e7ef03688172c7 .av-image-caption-overlay-center{\ncolor:#ffffff;\n}\n<\/style>\n<div  class='avia-image-container av-m42r0r7s-d57fda23921ddfd583e7ef03688172c7 av-styling- avia-align-center  avia-builder-el-6  avia-builder-el-no-sibling '   itemprop=\"image\" itemscope=\"itemscope\" itemtype=\"https:\/\/schema.org\/ImageObject\" ><div class=\"avia-image-container-inner\"><div class=\"avia-image-overlay-wrap\"><img decoding=\"async\" fetchpriority=\"high\" class='wp-image-14261 avia-img-lazy-loading-not-14261 avia_image ' src=\"https:\/\/www.idealtecsrl.com\/wp-content\/uploads\/2024\/07\/European-Coatings-Show-300x300.jpg\" alt='' title='European-Coatings-Show'  height=\"300\" width=\"300\"  itemprop=\"thumbnailUrl\" srcset=\"https:\/\/www.idealtecsrl.com\/wp-content\/uploads\/2024\/07\/European-Coatings-Show-300x300.jpg 300w, https:\/\/www.idealtecsrl.com\/wp-content\/uploads\/2024\/07\/European-Coatings-Show-80x80.jpg 80w, https:\/\/www.idealtecsrl.com\/wp-content\/uploads\/2024\/07\/European-Coatings-Show-36x36.jpg 36w, https:\/\/www.idealtecsrl.com\/wp-content\/uploads\/2024\/07\/European-Coatings-Show-180x180.jpg 180w, https:\/\/www.idealtecsrl.com\/wp-content\/uploads\/2024\/07\/European-Coatings-Show.jpg 400w\" sizes=\"(max-width: 300px) 100vw, 300px\" \/><\/div><\/div><\/div><\/div>\n<style type=\"text\/css\" data-created_by=\"avia_inline_auto\" id=\"style-css-av-5yrnpgt-294a25b32bf9bf0ab3a4b1cdbaa1e29f\">\n.flex_column.av-5yrnpgt-294a25b32bf9bf0ab3a4b1cdbaa1e29f{\npadding:50px 0 0 0;\n}\n<\/style>\n<div  class='flex_column av-5yrnpgt-294a25b32bf9bf0ab3a4b1cdbaa1e29f av_one_full  avia-builder-el-7  el_after_av_one_half  el_before_av_one_full  first flex_column_div  column-top-margin'     ><p>\n<style type=\"text\/css\" data-created_by=\"avia_inline_auto\" id=\"style-css-av-m42r19oi-9f5eb58187dba24649d1876a8de1c1e9\">\n#top .av-special-heading.av-m42r19oi-9f5eb58187dba24649d1876a8de1c1e9{\npadding-bottom:10px;\n}\nbody .av-special-heading.av-m42r19oi-9f5eb58187dba24649d1876a8de1c1e9 .av-special-heading-tag .heading-char{\nfont-size:25px;\n}\n.av-special-heading.av-m42r19oi-9f5eb58187dba24649d1876a8de1c1e9 .av-subheading{\nfont-size:15px;\n}\n<\/style>\n<div  class='av-special-heading av-m42r19oi-9f5eb58187dba24649d1876a8de1c1e9 av-special-heading-h2 blockquote modern-quote  avia-builder-el-8  el_before_av_textblock  avia-builder-el-first '><h2 class='av-special-heading-tag'  itemprop=\"headline\"  >Objetivos e importancia<\/h2><div class=\"special-heading-border\"><div class=\"special-heading-inner-border\"><\/div><\/div><\/div><br \/>\n<section  class='av_textblock_section av-m42r6osy-fde9e501f8b2614e71af10a40d710a77 '   itemscope=\"itemscope\" itemtype=\"https:\/\/schema.org\/CreativeWork\" ><div class='avia_textblock'  itemprop=\"text\" ><p>El Sal\u00f3n Europeo de Recubrimientos tiene como objetivo:<\/p>\n<ul>\n<li>Promover la innovaci\u00f3n tecnol\u00f3gica: con enfoque en formulaciones de vanguardia, materiales sustentables y t\u00e9cnicas de producci\u00f3n eficientes.<\/li>\n<li>Facilitar el intercambio de conocimientos: a trav\u00e9s de un amplio programa de conferencias cient\u00edficas y presentaciones t\u00e9cnicas.<\/li>\n<li>Ofrezca oportunidades de networking: conectando a actores clave de la industria en un solo lugar, para fomentar asociaciones y colaboraciones estrat\u00e9gicas.<\/li>\n<\/ul>\n<p>Est\u00e1 reconocida como una cita imprescindible para quienes trabajan en el sector, gracias a su capacidad para anticipar tendencias y definir el futuro de la industria.<\/p>\n<\/div><\/section><\/p><\/div><\/p>\n\n<style type=\"text\/css\" data-created_by=\"avia_inline_auto\" id=\"style-css-av-5a8ll0t-e7438d3636745c7b13a04e24ee636361\">\n.flex_column.av-5a8ll0t-e7438d3636745c7b13a04e24ee636361{\npadding:50px 0 0 0;\n}\n<\/style>\n<div  class='flex_column av-5a8ll0t-e7438d3636745c7b13a04e24ee636361 av_one_full  avia-builder-el-10  el_after_av_one_full  el_before_av_one_full  first flex_column_div  column-top-margin'     ><p>\n<style type=\"text\/css\" data-created_by=\"avia_inline_auto\" id=\"style-css-av-4rkjhd9-08c408fba1fc475ef636ad6827f00f6d\">\n#top .av-special-heading.av-4rkjhd9-08c408fba1fc475ef636ad6827f00f6d{\npadding-bottom:10px;\n}\nbody .av-special-heading.av-4rkjhd9-08c408fba1fc475ef636ad6827f00f6d .av-special-heading-tag .heading-char{\nfont-size:25px;\n}\n.av-special-heading.av-4rkjhd9-08c408fba1fc475ef636ad6827f00f6d .av-subheading{\nfont-size:15px;\n}\n<\/style>\n<div  class='av-special-heading av-4rkjhd9-08c408fba1fc475ef636ad6827f00f6d av-special-heading-h2 blockquote modern-quote  avia-builder-el-11  el_before_av_textblock  avia-builder-el-first '><h2 class='av-special-heading-tag'  itemprop=\"headline\"  >Caracter\u00edsticas principales<\/h2><div class=\"special-heading-border\"><div class=\"special-heading-inner-border\"><\/div><\/div><\/div><br \/>\n<section  class='av_textblock_section av-m42r7azq-931b97c10a7cb25008bb328c99f5b74b '   itemscope=\"itemscope\" itemtype=\"https:\/\/schema.org\/CreativeWork\" ><div class='avia_textblock'  itemprop=\"text\" ><ul>\n<li>Exposici\u00f3n Comercial<br \/>\nEl evento acoge a cientos de expositores de todo el mundo, que presentan:<br \/>\nMaterias primas para recubrimientos, pinturas y adhesivos (resinas, pigmentos, aditivos, etc.)<br \/>\nEquipos y tecnolog\u00edas para la producci\u00f3n y aplicaci\u00f3n.<br \/>\nHerramientas de control de calidad y software de laboratorio.<br \/>\nSoluciones innovadoras para la industria qu\u00edmica de la construcci\u00f3n.Conferencia Europea de Recubrimientos<br \/>\nUn programa paralelo que profundiza en temas t\u00e9cnicos y cient\u00edficos, con aportes de expertos y acad\u00e9micos en temas como:<br \/>\nNuevos materiales y formulaciones.<br \/>\nReducci\u00f3n del impacto ambiental y sostenibilidad<br \/>\nTecnolog\u00edas para mejorar la resistencia y el rendimiento de los recubrimientos<br \/>\nRegulaciones y est\u00e1ndares internacionales.<\/li>\n<li>Centrarse en la innovaci\u00f3n y la sostenibilidad<br \/>\nEl tema de la sostenibilidad est\u00e1 en el centro de la ECS, con especial \u00e9nfasis en:<br \/>\nProductos con bajo contenido de VOC (Compuestos Org\u00e1nicos Vol\u00e1tiles)<br \/>\nSoluciones para la econom\u00eda circular<br \/>\nEficiencia energ\u00e9tica en los procesos productivos.<br \/>\nRedes globales<\/li>\n<li>Gracias a la participaci\u00f3n de profesionales y empresas de m\u00e1s de 100 pa\u00edses, la ECS es una oportunidad \u00fanica para construir relaciones estrat\u00e9gicas, descubrir nuevos mercados y acceder a una red global de innovadores.<\/li>\n<\/ul>\n<\/div><\/section><\/p><\/div>\n\n<style type=\"text\/css\" data-created_by=\"avia_inline_auto\" id=\"style-css-av-4h40yel-a22aec57a4c9b9d453879395fa90edbf\">\n.flex_column.av-4h40yel-a22aec57a4c9b9d453879395fa90edbf{\npadding:50px 0 0 0;\n}\n<\/style>\n<div  class='flex_column av-4h40yel-a22aec57a4c9b9d453879395fa90edbf av_one_full  avia-builder-el-13  el_after_av_one_full  el_before_av_one_full  first flex_column_div  column-top-margin'     ><p>\n<style type=\"text\/css\" data-created_by=\"avia_inline_auto\" id=\"style-css-av-44jpy4t-e6d23667b3b52360511829b84f6922a5\">\n#top .av-special-heading.av-44jpy4t-e6d23667b3b52360511829b84f6922a5{\npadding-bottom:10px;\n}\nbody .av-special-heading.av-44jpy4t-e6d23667b3b52360511829b84f6922a5 .av-special-heading-tag .heading-char{\nfont-size:25px;\n}\n.av-special-heading.av-44jpy4t-e6d23667b3b52360511829b84f6922a5 .av-subheading{\nfont-size:15px;\n}\n<\/style>\n<div  class='av-special-heading av-44jpy4t-e6d23667b3b52360511829b84f6922a5 av-special-heading-h2 blockquote modern-quote  avia-builder-el-14  el_before_av_textblock  avia-builder-el-first '><h2 class='av-special-heading-tag'  itemprop=\"headline\"  >Participantes<\/h2><div class=\"special-heading-border\"><div class=\"special-heading-inner-border\"><\/div><\/div><\/div><br \/>\n<section  class='av_textblock_section av-m42r7kya-c8a1f1c8872c95f70fac419d1e5c4794 '   itemscope=\"itemscope\" itemtype=\"https:\/\/schema.org\/CreativeWork\" ><div class='avia_textblock'  itemprop=\"text\" ><p>La ECS atrae a una amplia gama de profesionales, entre ellos:<\/p>\n<ul>\n<li>Fabricantes de pinturas, adhesivos, selladores y revestimientos.<\/li>\n<li>Proveedores de materias primas y equipos.<\/li>\n<li>Investigadores y cient\u00edficos<\/li>\n<li>Consultores t\u00e9cnicos y especialistas en I+D<\/li>\n<li>Responsable de produccion y calidad<\/li>\n<li>Operadores del sector qu\u00edmico de la construcci\u00f3n.<\/li>\n<\/ul>\n<\/div><\/section><\/p><\/div>\n\n<style type=\"text\/css\" data-created_by=\"avia_inline_auto\" id=\"style-css-av-3ifpebx-d09fdc810a8eecd4f27142864bad4fcc\">\n.flex_column.av-3ifpebx-d09fdc810a8eecd4f27142864bad4fcc{\npadding:50px 0 0 0;\n}\n<\/style>\n<div  class='flex_column av-3ifpebx-d09fdc810a8eecd4f27142864bad4fcc av_one_full  avia-builder-el-16  el_after_av_one_full  el_before_av_hr  first flex_column_div  column-top-margin'     ><p>\n<style type=\"text\/css\" data-created_by=\"avia_inline_auto\" id=\"style-css-av-m42r7s09-15b9f88495a6f43f683d798b167d69f4\">\n#top .av-special-heading.av-m42r7s09-15b9f88495a6f43f683d798b167d69f4{\npadding-bottom:10px;\n}\nbody .av-special-heading.av-m42r7s09-15b9f88495a6f43f683d798b167d69f4 .av-special-heading-tag .heading-char{\nfont-size:25px;\n}\n.av-special-heading.av-m42r7s09-15b9f88495a6f43f683d798b167d69f4 .av-subheading{\nfont-size:15px;\n}\n<\/style>\n<div  class='av-special-heading av-m42r7s09-15b9f88495a6f43f683d798b167d69f4 av-special-heading-h2 blockquote modern-quote  avia-builder-el-17  el_before_av_textblock  avia-builder-el-first '><h2 class='av-special-heading-tag'  itemprop=\"headline\"  >Impacto en la industria global<\/h2><div class=\"special-heading-border\"><div class=\"special-heading-inner-border\"><\/div><\/div><\/div><br \/>\n<section  class='av_textblock_section av-m42r80n8-8ea005d8018e94904279b78dd4578897 '   itemscope=\"itemscope\" itemtype=\"https:\/\/schema.org\/CreativeWork\" ><div class='avia_textblock'  itemprop=\"text\" ><p>Gracias a su relevancia internacional, el European Coatings Show:<\/p>\n<ul>\n<li>Fija est\u00e1ndares de calidad e innovaci\u00f3n para la industria<\/li>\n<li>Destaca las tendencias emergentes y los desaf\u00edos regulatorios<\/li>\n<li>Apoya la transici\u00f3n hacia modelos productivos m\u00e1s sostenibles y responsables.<\/li>\n<\/ul>\n<\/div><\/section><\/p><\/div>\n\n<style type=\"text\/css\" data-created_by=\"avia_inline_auto\" id=\"style-css-av-34iipal-95cb6f1615cab402cd7c73669f6fc017\">\n#top .hr.hr-invisible.av-34iipal-95cb6f1615cab402cd7c73669f6fc017{\nheight:24px;\n}\n<\/style>\n<div  class='hr av-34iipal-95cb6f1615cab402cd7c73669f6fc017 hr-invisible  avia-builder-el-19  el_after_av_one_full  el_before_av_hr '><span class='hr-inner '><span class=\"hr-inner-style\"><\/span><\/span><\/div>\n<div  class='hr av-2cgpe5p-1597d6967d7ac152676a428a21715cdb hr-short  avia-builder-el-20  el_after_av_hr  el_before_av_hr  hr-left'><span class='hr-inner '><span class=\"hr-inner-style\"><\/span><\/span><\/div>\n\n<style type=\"text\/css\" data-created_by=\"avia_inline_auto\" id=\"style-css-av-27k484t-4a985c3e75b18c846eb5034210a3634f\">\n#top .hr.hr-invisible.av-27k484t-4a985c3e75b18c846eb5034210a3634f{\nheight:24px;\n}\n<\/style>\n<div  class='hr av-27k484t-4a985c3e75b18c846eb5034210a3634f hr-invisible  avia-builder-el-21  el_after_av_hr  el_before_av_one_full '><span class='hr-inner '><span class=\"hr-inner-style\"><\/span><\/span><\/div>\n\n<style type=\"text\/css\" data-created_by=\"avia_inline_auto\" id=\"style-css-av-1rdq06l-11464092b7b4a71c5b161c847716563d\">\n.flex_column.av-1rdq06l-11464092b7b4a71c5b161c847716563d{\npadding:48px 48px 48px 48px;\nbackground-color:#eceff1;\n}\n<\/style>\n<div  class='flex_column av-1rdq06l-11464092b7b4a71c5b161c847716563d av_one_full  avia-builder-el-22  el_after_av_hr  avia-builder-el-last  first flex_column_div  '     ><p>\n<style type=\"text\/css\" data-created_by=\"avia_inline_auto\" id=\"style-css-av-16ih92l-40e13f20d252f8f7da1a4436ef5b7c88\">\n#top .av-special-heading.av-16ih92l-40e13f20d252f8f7da1a4436ef5b7c88{\npadding-bottom:10px;\n}\nbody .av-special-heading.av-16ih92l-40e13f20d252f8f7da1a4436ef5b7c88 .av-special-heading-tag .heading-char{\nfont-size:25px;\n}\n.av-special-heading.av-16ih92l-40e13f20d252f8f7da1a4436ef5b7c88 .av-subheading{\nfont-size:15px;\n}\n<\/style>\n<div  class='av-special-heading av-16ih92l-40e13f20d252f8f7da1a4436ef5b7c88 av-special-heading-h2 blockquote modern-quote modern-centered  avia-builder-el-23  el_before_av_textblock  avia-builder-el-first '><h2 class='av-special-heading-tag'  itemprop=\"headline\"  >AYUDAS ESTATALES Y DE MINIMIS<\/h2><div class=\"special-heading-border\"><div class=\"special-heading-inner-border\"><\/div><\/div><\/div><br \/>\n<section  class='av_textblock_section av-in6bnx-e9f5ec3fb3b070ad250633e4dbf98227 '   itemscope=\"itemscope\" itemtype=\"https:\/\/schema.org\/CreativeWork\" ><div class='avia_textblock'  itemprop=\"text\" ><p style=\"text-align: center;\"><strong>Obligaciones de informaci\u00f3n en materia de subvenciones p\u00fablicas.<\/strong><br \/>\nLas ayudas estatales y las ayudas de minimis recibidas por nuestra empresa est\u00e1n contenidas en el Registro Nacional de Ayudas del Estado al que se refiere el art. 52 de la Ley 234\/2012 al que se hace referencia y que puede consultarse en el siguiente enlace:\u00a0<a role=\"link\" href=\"https:\/\/www.rna.gov.it\/trasparenza\" target=\"_blank\" rel=\"noopener\">Aprende m\u00e1s&gt;&gt;<\/a><\/p>\n<\/div><\/section><\/p><\/div>\n","protected":false},"excerpt":{"rendered":"","protected":false},"author":6,"featured_media":0,"parent":17445,"menu_order":0,"comment_status":"closed","ping_status":"closed","template":"","meta":{"_monsterinsights_skip_tracking":false,"_monsterinsights_sitenote_active":false,"_monsterinsights_sitenote_note":"","_monsterinsights_sitenote_category":0,"footnotes":""},"_links":{"self":[{"href":"https:\/\/www.idealtecsrl.com\/es\/wp-json\/wp\/v2\/pages\/17481"}],"collection":[{"href":"https:\/\/www.idealtecsrl.com\/es\/wp-json\/wp\/v2\/pages"}],"about":[{"href":"https:\/\/www.idealtecsrl.com\/es\/wp-json\/wp\/v2\/types\/page"}],"author":[{"embeddable":true,"href":"https:\/\/www.idealtecsrl.com\/es\/wp-json\/wp\/v2\/users\/6"}],"replies":[{"embeddable":true,"href":"https:\/\/www.idealtecsrl.com\/es\/wp-json\/wp\/v2\/comments?post=17481"}],"version-history":[{"count":2,"href":"https:\/\/www.idealtecsrl.com\/es\/wp-json\/wp\/v2\/pages\/17481\/revisions"}],"predecessor-version":[{"id":17483,"href":"https:\/\/www.idealtecsrl.com\/es\/wp-json\/wp\/v2\/pages\/17481\/revisions\/17483"}],"up":[{"embeddable":true,"href":"https:\/\/www.idealtecsrl.com\/es\/wp-json\/wp\/v2\/pages\/17445"}],"wp:attachment":[{"href":"https:\/\/www.idealtecsrl.com\/es\/wp-json\/wp\/v2\/media?parent=17481"}],"curies":[{"name":"wp","href":"https:\/\/api.w.org\/{rel}","templated":true}]}}