{"id":17508,"date":"2024-11-30T13:19:51","date_gmt":"2024-11-30T12:19:51","guid":{"rendered":"https:\/\/www.idealtecsrl.com\/ferias-de-exposicion\/fakuma\/"},"modified":"2024-11-30T13:19:51","modified_gmt":"2024-11-30T12:19:51","slug":"fakuma","status":"publish","type":"page","link":"https:\/\/www.idealtecsrl.com\/es\/ferias-de-exposicion\/fakuma\/","title":{"rendered":"Fakuma"},"content":{"rendered":"<div id='full_slider_1'  class='avia-fullwidth-slider main_color avia-shadow   avia-builder-el-0  el_before_av_one_half  avia-builder-el-first   container_wrap fullsize'  >\n<style type=\"text\/css\" data-created_by=\"avia_inline_auto\" id=\"style-css-av-m42rbzsd-810b482947b2352ff06235e16fd29a40\">\n#top #wrap_all .avia-slideshow .av-slideshow-caption.av-m42rbzsd-810b482947b2352ff06235e16fd29a40__0 .avia-caption-title{\ncolor:#ffffff;\n}\n#top .avia-slideshow .av-slideshow-caption.av-m42rbzsd-810b482947b2352ff06235e16fd29a40__0 .avia-caption-content{\ncolor:#ffffff;\n}\n<\/style>\n<div  class='avia-slideshow av-m42rbzsd-810b482947b2352ff06235e16fd29a40 avia-slideshow-featured av_slideshow_full avia-fade-slider av-slideshow-ui av-control-hidden av-no-slider-navigation av-hide-nav-arrows av-slideshow-autoplay av-loop-endless av-loop-manual-endless av-default-height-applied   avia-slideshow-1' data-slideshow-options=\"{&quot;animation&quot;:&quot;fade&quot;,&quot;autoplay&quot;:true,&quot;loop_autoplay&quot;:&quot;endless&quot;,&quot;interval&quot;:3,&quot;loop_manual&quot;:&quot;manual-endless&quot;,&quot;autoplay_stopper&quot;:false,&quot;noNavigation&quot;:true,&quot;bg_slider&quot;:false,&quot;transitionSpeed&quot;:800,&quot;keep_padding&quot;:false,&quot;hoverpause&quot;:false,&quot;show_slide_delay&quot;:0}\"  itemprop=\"image\" itemscope=\"itemscope\" itemtype=\"https:\/\/schema.org\/ImageObject\" ><ul class='avia-slideshow-inner ' style='padding-bottom: 28.666666666667%;'><li  class='avia-slideshow-slide av-m42rbzsd-810b482947b2352ff06235e16fd29a40__0  slide-1 slide-odd'><div data-rel='slideshow-1' class='avia-slide-wrap '   ><img decoding=\"async\" fetchpriority=\"high\" class=\"wp-image-15269 avia-img-lazy-loading-not-15269\"  src=\"https:\/\/www.idealtecsrl.com\/wp-content\/uploads\/2024\/07\/visore-ci-presentiamo-1.jpg\" width=\"1500\" height=\"430\" title='visore-ci-presentiamo-1' alt=''  itemprop=\"thumbnailUrl\"  style='min-height:400px; min-width:1396px; ' srcset=\"https:\/\/www.idealtecsrl.com\/wp-content\/uploads\/2024\/07\/visore-ci-presentiamo-1.jpg 1500w, https:\/\/www.idealtecsrl.com\/wp-content\/uploads\/2024\/07\/visore-ci-presentiamo-1-300x86.jpg 300w, https:\/\/www.idealtecsrl.com\/wp-content\/uploads\/2024\/07\/visore-ci-presentiamo-1-1030x295.jpg 1030w, https:\/\/www.idealtecsrl.com\/wp-content\/uploads\/2024\/07\/visore-ci-presentiamo-1-768x220.jpg 768w, https:\/\/www.idealtecsrl.com\/wp-content\/uploads\/2024\/07\/visore-ci-presentiamo-1-705x202.jpg 705w\" sizes=\"(max-width: 1500px) 100vw, 1500px\" \/><div class='av-section-color-overlay' style='opacity: 0.6; background-color: #18417e; '><\/div><\/div><\/li><li  class='avia-slideshow-slide av-m42rbzsd-810b482947b2352ff06235e16fd29a40__1  slide-2 slide-even'><div data-rel='slideshow-1' class='avia-slide-wrap '   ><img decoding=\"async\" fetchpriority=\"high\" class=\"wp-image-15276 avia-img-lazy-loading-not-15276\"  src=\"https:\/\/www.idealtecsrl.com\/wp-content\/uploads\/2024\/07\/visore-ci-presentiamo-2.jpg\" width=\"1500\" height=\"430\" title='visore-ci-presentiamo-2' alt=''  itemprop=\"thumbnailUrl\"  style='min-height:400px; min-width:1396px; ' srcset=\"https:\/\/www.idealtecsrl.com\/wp-content\/uploads\/2024\/07\/visore-ci-presentiamo-2.jpg 1500w, https:\/\/www.idealtecsrl.com\/wp-content\/uploads\/2024\/07\/visore-ci-presentiamo-2-300x86.jpg 300w, https:\/\/www.idealtecsrl.com\/wp-content\/uploads\/2024\/07\/visore-ci-presentiamo-2-1030x295.jpg 1030w, https:\/\/www.idealtecsrl.com\/wp-content\/uploads\/2024\/07\/visore-ci-presentiamo-2-768x220.jpg 768w, https:\/\/www.idealtecsrl.com\/wp-content\/uploads\/2024\/07\/visore-ci-presentiamo-2-705x202.jpg 705w\" sizes=\"(max-width: 1500px) 100vw, 1500px\" \/><div class='av-section-color-overlay' style='opacity: 0.6; background-color: #18417e; '><\/div><\/div><\/li><li  class='avia-slideshow-slide av-m42rbzsd-810b482947b2352ff06235e16fd29a40__2  slide-3 slide-odd'><div data-rel='slideshow-1' class='avia-slide-wrap '   ><img decoding=\"async\" fetchpriority=\"high\" class=\"wp-image-15283 avia-img-lazy-loading-not-15283\"  src=\"https:\/\/www.idealtecsrl.com\/wp-content\/uploads\/2024\/07\/visore-ci-presentiamo-3.jpg\" width=\"1500\" height=\"430\" title='visore-ci-presentiamo-3' alt=''  itemprop=\"thumbnailUrl\"  style='min-height:400px; min-width:1396px; ' srcset=\"https:\/\/www.idealtecsrl.com\/wp-content\/uploads\/2024\/07\/visore-ci-presentiamo-3.jpg 1500w, https:\/\/www.idealtecsrl.com\/wp-content\/uploads\/2024\/07\/visore-ci-presentiamo-3-300x86.jpg 300w, https:\/\/www.idealtecsrl.com\/wp-content\/uploads\/2024\/07\/visore-ci-presentiamo-3-1030x295.jpg 1030w, https:\/\/www.idealtecsrl.com\/wp-content\/uploads\/2024\/07\/visore-ci-presentiamo-3-768x220.jpg 768w, https:\/\/www.idealtecsrl.com\/wp-content\/uploads\/2024\/07\/visore-ci-presentiamo-3-705x202.jpg 705w\" sizes=\"(max-width: 1500px) 100vw, 1500px\" \/><div class='av-section-color-overlay' style='opacity: 0.6; background-color: #18417e; '><\/div><\/div><\/li><li  class='avia-slideshow-slide av-m42rbzsd-810b482947b2352ff06235e16fd29a40__3  slide-4 slide-even'><div data-rel='slideshow-1' class='avia-slide-wrap '   ><img decoding=\"async\" fetchpriority=\"high\" class=\"wp-image-15290 avia-img-lazy-loading-not-15290\"  src=\"https:\/\/www.idealtecsrl.com\/wp-content\/uploads\/2024\/07\/visore-ci-presentiamo-4.jpg\" width=\"1500\" height=\"430\" title='visore-ci-presentiamo-4' alt=''  itemprop=\"thumbnailUrl\"  style='min-height:400px; min-width:1396px; ' srcset=\"https:\/\/www.idealtecsrl.com\/wp-content\/uploads\/2024\/07\/visore-ci-presentiamo-4.jpg 1500w, https:\/\/www.idealtecsrl.com\/wp-content\/uploads\/2024\/07\/visore-ci-presentiamo-4-300x86.jpg 300w, https:\/\/www.idealtecsrl.com\/wp-content\/uploads\/2024\/07\/visore-ci-presentiamo-4-1030x295.jpg 1030w, https:\/\/www.idealtecsrl.com\/wp-content\/uploads\/2024\/07\/visore-ci-presentiamo-4-768x220.jpg 768w, https:\/\/www.idealtecsrl.com\/wp-content\/uploads\/2024\/07\/visore-ci-presentiamo-4-705x202.jpg 705w\" sizes=\"(max-width: 1500px) 100vw, 1500px\" \/><div class='av-section-color-overlay' style='opacity: 0.6; background-color: #18417e; '><\/div><\/div><\/li><li  class='avia-slideshow-slide av-m42rbzsd-810b482947b2352ff06235e16fd29a40__4  slide-5 slide-odd'><div data-rel='slideshow-1' class='avia-slide-wrap '   ><img decoding=\"async\" fetchpriority=\"high\" class=\"wp-image-15297 avia-img-lazy-loading-not-15297\"  src=\"https:\/\/www.idealtecsrl.com\/wp-content\/uploads\/2024\/07\/visore-ci-presentiamo-5.jpg\" width=\"1500\" height=\"430\" title='visore-ci-presentiamo-5' alt=''  itemprop=\"thumbnailUrl\"  style='min-height:400px; min-width:1396px; ' srcset=\"https:\/\/www.idealtecsrl.com\/wp-content\/uploads\/2024\/07\/visore-ci-presentiamo-5.jpg 1500w, https:\/\/www.idealtecsrl.com\/wp-content\/uploads\/2024\/07\/visore-ci-presentiamo-5-300x86.jpg 300w, https:\/\/www.idealtecsrl.com\/wp-content\/uploads\/2024\/07\/visore-ci-presentiamo-5-1030x295.jpg 1030w, https:\/\/www.idealtecsrl.com\/wp-content\/uploads\/2024\/07\/visore-ci-presentiamo-5-768x220.jpg 768w, https:\/\/www.idealtecsrl.com\/wp-content\/uploads\/2024\/07\/visore-ci-presentiamo-5-705x202.jpg 705w\" sizes=\"(max-width: 1500px) 100vw, 1500px\" \/><div class='av-section-color-overlay' style='opacity: 0.6; background-color: #18417e; '><\/div><\/div><\/li><\/ul><div class='avia-slideshow-arrows avia-slideshow-controls' ><a href='#prev' class='prev-slide ' aria-hidden='true' data-av_icon='\ue87c' data-av_iconfont='entypo-fontello'  tabindex='-1'>Anterior<\/a><a href='#next' class='next-slide ' aria-hidden='true' data-av_icon='\ue87d' data-av_iconfont='entypo-fontello'  tabindex='-1'>Posterior<\/a><\/div><div class='av-slideshow-caption av-m42rbzsd-810b482947b2352ff06235e16fd29a40__0 caption_fullwidth caption_center'><div class=\"container caption_container\"><div class=\"slideshow_caption\"><div class=\"slideshow_inner_caption\"><div class=\"slideshow_align_caption\"><h1 class='avia-caption-title '  itemprop=\"name\" >Fakuma<\/h1><\/div><\/div><\/div><\/div><\/div><\/div><\/div><div id='after_full_slider_1'  class='main_color av_default_container_wrap container_wrap fullsize'  ><div class='container av-section-cont-open' ><div class='template-page content  av-content-full alpha units'><div class='post-entry post-entry-type-page post-entry-17508'><div class='entry-content-wrapper clearfix'>\n\n<style type=\"text\/css\" data-created_by=\"avia_inline_auto\" id=\"style-css-av-70z9qog-10001a1ef75903d210df979656829144\">\n.flex_column.av-70z9qog-10001a1ef75903d210df979656829144{\npadding:50px 0 0 0;\n}\n<\/style>\n<div  class='flex_column av-70z9qog-10001a1ef75903d210df979656829144 av_one_half  avia-builder-el-1  el_after_av_slideshow_full  el_before_av_one_half  avia-builder-el-first  first flex_column_div  '     ><p><section  class='av_textblock_section av-m42rcau7-c454962656def52cce2213e135de4511 '   itemscope=\"itemscope\" itemtype=\"https:\/\/schema.org\/CreativeWork\" ><div class='avia_textblock'  itemprop=\"text\" ><p><strong>Fakuma<\/strong> es una de las ferias l\u00edderes a nivel mundial para el procesamiento industrial de materiales pl\u00e1sticos. Se lleva a cabo cada dos a\u00f1os en el centro de exposiciones de Friedrichshafen en la regi\u00f3n del lago de Constanza en Alemania. Este evento es un punto de referencia para productores, proveedores e innovadores que operan en la industria del pl\u00e1stico, ofreciendo una visi\u00f3n completa de las tecnolog\u00edas de transformaci\u00f3n, desde los materiales hasta las m\u00e1quinas, hasta las aplicaciones finales.<\/p>\n<\/div><\/section><br \/>\n\n<style type=\"text\/css\" data-created_by=\"avia_inline_auto\" id=\"style-css-av-6v7jlps-451720fae6dd512c9318e36b9c1fc5d9\">\n#top .hr.hr-invisible.av-6v7jlps-451720fae6dd512c9318e36b9c1fc5d9{\nheight:50px;\n}\n<\/style>\n<div  class='hr av-6v7jlps-451720fae6dd512c9318e36b9c1fc5d9 hr-invisible  avia-builder-el-3  el_after_av_textblock  el_before_av_button '><span class='hr-inner '><span class=\"hr-inner-style\"><\/span><\/span><\/div><br \/>\n<div  class='avia-button-wrap av-m42rcivr-17a6cde4ea19f5607c68f0ed3ba9f787-wrap avia-button-left  avia-builder-el-4  el_after_av_hr  avia-builder-el-last '><a href='https:\/\/www.fakuma-messe.de\/en\/' class='avia-button av-m42rcivr-17a6cde4ea19f5607c68f0ed3ba9f787 av-link-btn avia-icon_select-yes-right-icon avia-size-large avia-position-left av-icon-on-hover avia-color-theme-color' target=\"_blank\" rel=\"noopener noreferrer\"><span class='avia_iconbox_title' >Visita el sitio web oficial<\/span><span class='avia_button_icon avia_button_icon_right' aria-hidden='true' data-av_icon='\ue879' data-av_iconfont='entypo-fontello'><\/span><\/a><\/div><\/p><\/div>\n\n<style type=\"text\/css\" data-created_by=\"avia_inline_auto\" id=\"style-css-av-6ezpxww-c2bd24a8c8bc47375ff02ee21570f666\">\n.flex_column.av-6ezpxww-c2bd24a8c8bc47375ff02ee21570f666{\npadding:50px 0 0 0;\n}\n<\/style>\n<div  class='flex_column av-6ezpxww-c2bd24a8c8bc47375ff02ee21570f666 av_one_half  avia-builder-el-5  el_after_av_one_half  el_before_av_one_full  flex_column_div  '     ><style type=\"text\/css\" data-created_by=\"avia_inline_auto\" id=\"style-css-av-m42rcwsv-5ed67ab2152b1ec4dc86a0c81aaf2702\">\n.avia-image-container.av-m42rcwsv-5ed67ab2152b1ec4dc86a0c81aaf2702 img.avia_image{\nbox-shadow:none;\n}\n.avia-image-container.av-m42rcwsv-5ed67ab2152b1ec4dc86a0c81aaf2702 .av-image-caption-overlay-center{\ncolor:#ffffff;\n}\n<\/style>\n<div  class='avia-image-container av-m42rcwsv-5ed67ab2152b1ec4dc86a0c81aaf2702 av-styling- avia-align-center  avia-builder-el-6  avia-builder-el-no-sibling '   itemprop=\"image\" itemscope=\"itemscope\" itemtype=\"https:\/\/schema.org\/ImageObject\" ><div class=\"avia-image-container-inner\"><div class=\"avia-image-overlay-wrap\"><img decoding=\"async\" fetchpriority=\"high\" class='wp-image-14268 avia-img-lazy-loading-not-14268 avia_image ' src=\"https:\/\/www.idealtecsrl.com\/wp-content\/uploads\/2024\/07\/Fakuma-300x300.jpg\" alt='' title='Fakuma'  height=\"300\" width=\"300\"  itemprop=\"thumbnailUrl\" srcset=\"https:\/\/www.idealtecsrl.com\/wp-content\/uploads\/2024\/07\/Fakuma-300x300.jpg 300w, https:\/\/www.idealtecsrl.com\/wp-content\/uploads\/2024\/07\/Fakuma-80x80.jpg 80w, https:\/\/www.idealtecsrl.com\/wp-content\/uploads\/2024\/07\/Fakuma-36x36.jpg 36w, https:\/\/www.idealtecsrl.com\/wp-content\/uploads\/2024\/07\/Fakuma-180x180.jpg 180w, https:\/\/www.idealtecsrl.com\/wp-content\/uploads\/2024\/07\/Fakuma.jpg 400w\" sizes=\"(max-width: 300px) 100vw, 300px\" \/><\/div><\/div><\/div><\/div>\n<style type=\"text\/css\" data-created_by=\"avia_inline_auto\" id=\"style-css-av-5u7t7sg-24b7dc12b685084c9266e66dfef26764\">\n.flex_column.av-5u7t7sg-24b7dc12b685084c9266e66dfef26764{\npadding:50px 0 0 0;\n}\n<\/style>\n<div  class='flex_column av-5u7t7sg-24b7dc12b685084c9266e66dfef26764 av_one_full  avia-builder-el-7  el_after_av_one_half  el_before_av_one_full  first flex_column_div  column-top-margin'     ><p>\n<style type=\"text\/css\" data-created_by=\"avia_inline_auto\" id=\"style-css-av-m42rd5d6-49ab1936de7452e9e4aacc47736473cf\">\n#top .av-special-heading.av-m42rd5d6-49ab1936de7452e9e4aacc47736473cf{\npadding-bottom:10px;\n}\nbody .av-special-heading.av-m42rd5d6-49ab1936de7452e9e4aacc47736473cf .av-special-heading-tag .heading-char{\nfont-size:25px;\n}\n.av-special-heading.av-m42rd5d6-49ab1936de7452e9e4aacc47736473cf .av-subheading{\nfont-size:15px;\n}\n<\/style>\n<div  class='av-special-heading av-m42rd5d6-49ab1936de7452e9e4aacc47736473cf av-special-heading-h2 blockquote modern-quote  avia-builder-el-8  el_before_av_textblock  avia-builder-el-first '><h2 class='av-special-heading-tag'  itemprop=\"headline\"  >Objetivos e importancia<\/h2><div class=\"special-heading-border\"><div class=\"special-heading-inner-border\"><\/div><\/div><\/div><br \/>\n<section  class='av_textblock_section av-m42rdcd4-262650b02d5b7901764952dcf0cde595 '   itemscope=\"itemscope\" itemtype=\"https:\/\/schema.org\/CreativeWork\" ><div class='avia_textblock'  itemprop=\"text\" ><p>Fakuma destaca por su enfoque en toda la cadena de valor del pl\u00e1stico y representa una plataforma global para:<\/p>\n<ul>\n<li>Promover la innovaci\u00f3n tecnol\u00f3gica: con fuerte \u00e9nfasis en tecnolog\u00edas avanzadas de moldeo, extrusi\u00f3n y mecanizado de precisi\u00f3n.<\/li>\n<li>Facilitar el intercambio de conocimientos: gracias a un amplio programa de talleres, conferencias y demostraciones pr\u00e1cticas.<\/li>\n<li>Apoyar la sostenibilidad industrial: centr\u00e1ndonos en soluciones para el reciclaje, la econom\u00eda circular y la reducci\u00f3n del impacto ambiental.<\/li>\n<\/ul>\n<\/div><\/section><\/p><\/div><\/p>\n\n<style type=\"text\/css\" data-created_by=\"avia_inline_auto\" id=\"style-css-av-5cnaapc-1b4bf01acbd9e4a10bb31f86cf4bd3c7\">\n.flex_column.av-5cnaapc-1b4bf01acbd9e4a10bb31f86cf4bd3c7{\npadding:50px 0 0 0;\n}\n<\/style>\n<div  class='flex_column av-5cnaapc-1b4bf01acbd9e4a10bb31f86cf4bd3c7 av_one_full  avia-builder-el-10  el_after_av_one_full  el_before_av_one_full  first flex_column_div  column-top-margin'     ><p>\n<style type=\"text\/css\" data-created_by=\"avia_inline_auto\" id=\"style-css-av-50q0rjk-dd76e7857dc372afb1f41a58f279fe71\">\n#top .av-special-heading.av-50q0rjk-dd76e7857dc372afb1f41a58f279fe71{\npadding-bottom:10px;\n}\nbody .av-special-heading.av-50q0rjk-dd76e7857dc372afb1f41a58f279fe71 .av-special-heading-tag .heading-char{\nfont-size:25px;\n}\n.av-special-heading.av-50q0rjk-dd76e7857dc372afb1f41a58f279fe71 .av-subheading{\nfont-size:15px;\n}\n<\/style>\n<div  class='av-special-heading av-50q0rjk-dd76e7857dc372afb1f41a58f279fe71 av-special-heading-h2 blockquote modern-quote  avia-builder-el-11  el_before_av_textblock  avia-builder-el-first '><h2 class='av-special-heading-tag'  itemprop=\"headline\"  >Caracter\u00edsticas principales<\/h2><div class=\"special-heading-border\"><div class=\"special-heading-inner-border\"><\/div><\/div><\/div><br \/>\n<section  class='av_textblock_section av-m42rdq1f-0ed722bbb4bd886058e771a3de62cef0 '   itemscope=\"itemscope\" itemtype=\"https:\/\/schema.org\/CreativeWork\" ><div class='avia_textblock'  itemprop=\"text\" ><ul>\n<li>Trade Show Fakuma alberga a m\u00e1s de 1.500 expositores internacionales que presentan las \u00faltimas innovaciones en:<br \/>\nMoldeo por inyecci\u00f3n: Maquinaria y tecnolog\u00edas para la producci\u00f3n de componentes pl\u00e1sticos de alta precisi\u00f3n.<br \/>\nExtrusi\u00f3n: Soluciones para la producci\u00f3n de pel\u00edculas, tubos y perfiles pl\u00e1sticos.<br \/>\nAditivos y compuestos: Materiales avanzados, incluidos pol\u00edmeros de ingenier\u00eda, termopl\u00e1sticos, materiales biodegradables y reciclables.<br \/>\nTecnolog\u00edas aditivas (impresi\u00f3n 3D): Integraci\u00f3n de tecnolog\u00edas aditivas en procesos de fabricaci\u00f3n industrial.<br \/>\nAutomatizaci\u00f3n y rob\u00f3tica: Sistemas para optimizar la producci\u00f3n, mejorar la calidad y reducir los tiempos de ciclo.<\/li>\n<li>Centrarse en la sostenibilidad Fakuma pone especial \u00e9nfasis en:<br \/>\nMateriales ecol\u00f3gicos: Pl\u00e1stico reciclado y biopol\u00edmeros.<br \/>\nEficiencia energ\u00e9tica: Tecnolog\u00edas que reducen el consumo energ\u00e9tico en los procesos productivos.<br \/>\nEconom\u00eda circular: Estrategias e innovaciones para el reciclaje y reutilizaci\u00f3n de materiales pl\u00e1sticos.<\/li>\n<li>Demostraciones pr\u00e1cticas en vivo Los visitantes pueden ver las tecnolog\u00edas en acci\u00f3n a trav\u00e9s de demostraciones en vivo, que incluyen:<br \/>\nProcesos de moldeo por inyecci\u00f3n<br \/>\nExtrusi\u00f3n de pel\u00edculas y perfiles.<br \/>\nSistemas rob\u00f3ticos de procesamiento y automatizaci\u00f3n.<\/li>\n<li>Programa T\u00e9cnico Adem\u00e1s del \u00e1rea de exhibici\u00f3n, Fakuma ofrece sesiones de capacitaci\u00f3n y presentaciones t\u00e9cnicas que abordan:<br \/>\nTendencias y desaf\u00edos en el mercado mundial de los pl\u00e1sticos.<br \/>\nNormativas ambientales e innovaciones para su cumplimiento.<br \/>\nAplicaciones avanzadas en los sectores de automoci\u00f3n, m\u00e9dico, electr\u00f3nica y packaging.<\/li>\n<\/ul>\n<\/div><\/section><\/p><\/div>\n\n<style type=\"text\/css\" data-created_by=\"avia_inline_auto\" id=\"style-css-av-4hz3s6o-3e8b06ca9100e7aa93a187597127b796\">\n.flex_column.av-4hz3s6o-3e8b06ca9100e7aa93a187597127b796{\npadding:50px 0 0 0;\n}\n<\/style>\n<div  class='flex_column av-4hz3s6o-3e8b06ca9100e7aa93a187597127b796 av_one_full  avia-builder-el-13  el_after_av_one_full  el_before_av_one_full  first flex_column_div  column-top-margin'     ><p>\n<style type=\"text\/css\" data-created_by=\"avia_inline_auto\" id=\"style-css-av-3xd9ofk-f729db1f88202a20d8145a58d340bf30\">\n#top .av-special-heading.av-3xd9ofk-f729db1f88202a20d8145a58d340bf30{\npadding-bottom:10px;\n}\nbody .av-special-heading.av-3xd9ofk-f729db1f88202a20d8145a58d340bf30 .av-special-heading-tag .heading-char{\nfont-size:25px;\n}\n.av-special-heading.av-3xd9ofk-f729db1f88202a20d8145a58d340bf30 .av-subheading{\nfont-size:15px;\n}\n<\/style>\n<div  class='av-special-heading av-3xd9ofk-f729db1f88202a20d8145a58d340bf30 av-special-heading-h2 blockquote modern-quote  avia-builder-el-14  el_before_av_textblock  avia-builder-el-first '><h2 class='av-special-heading-tag'  itemprop=\"headline\"  >Participantes<\/h2><div class=\"special-heading-border\"><div class=\"special-heading-inner-border\"><\/div><\/div><\/div><br \/>\n<section  class='av_textblock_section av-m42rdy1z-69cc736a62677bebaa13a95fc393b2d9 '   itemscope=\"itemscope\" itemtype=\"https:\/\/schema.org\/CreativeWork\" ><div class='avia_textblock'  itemprop=\"text\" ><p>Fakuma atrae a una amplia gama de visitantes y actores de la industria, incluidos:<\/p>\n<ul>\n<li>Fabricantes de materiales y componentes pl\u00e1sticos.<\/li>\n<li>Proveedores de materias primas y maquinaria.<\/li>\n<li>Ingenieros y dise\u00f1adores<\/li>\n<li>Responsable de producci\u00f3n y calidad.<\/li>\n<li>Representantes de los sectores de automoci\u00f3n, m\u00e9dico, electr\u00f3nica y packaging.<\/li>\n<\/ul>\n<\/div><\/section><\/p><\/div>\n\n<style type=\"text\/css\" data-created_by=\"avia_inline_auto\" id=\"style-css-av-3cueqpc-3c69c6a2f99104ca4b244c2f7e8fdfdd\">\n.flex_column.av-3cueqpc-3c69c6a2f99104ca4b244c2f7e8fdfdd{\npadding:50px 0 0 0;\n}\n<\/style>\n<div  class='flex_column av-3cueqpc-3c69c6a2f99104ca4b244c2f7e8fdfdd av_one_full  avia-builder-el-16  el_after_av_one_full  el_before_av_hr  first flex_column_div  column-top-margin'     ><p>\n<style type=\"text\/css\" data-created_by=\"avia_inline_auto\" id=\"style-css-av-m42re43d-96c8251e4b3f5118390166ab218a4fc7\">\n#top .av-special-heading.av-m42re43d-96c8251e4b3f5118390166ab218a4fc7{\npadding-bottom:10px;\n}\nbody .av-special-heading.av-m42re43d-96c8251e4b3f5118390166ab218a4fc7 .av-special-heading-tag .heading-char{\nfont-size:25px;\n}\n.av-special-heading.av-m42re43d-96c8251e4b3f5118390166ab218a4fc7 .av-subheading{\nfont-size:15px;\n}\n<\/style>\n<div  class='av-special-heading av-m42re43d-96c8251e4b3f5118390166ab218a4fc7 av-special-heading-h2 blockquote modern-quote  avia-builder-el-17  el_before_av_textblock  avia-builder-el-first '><h2 class='av-special-heading-tag'  itemprop=\"headline\"  >Impacto en la industria<\/h2><div class=\"special-heading-border\"><div class=\"special-heading-inner-border\"><\/div><\/div><\/div><br \/>\n<section  class='av_textblock_section av-m42reb87-dcf74f061c3dbe80b596ae6a47a9e944 '   itemscope=\"itemscope\" itemtype=\"https:\/\/schema.org\/CreativeWork\" ><div class='avia_textblock'  itemprop=\"text\" ><p>Fakuma juega un papel crucial en la evoluci\u00f3n del sector del pl\u00e1stico porque:<\/p>\n<ul>\n<li>Anticiparse a las tendencias del mercado: presentando tecnolog\u00edas de vanguardia.<\/li>\n<li>Apoya la internacionalizaci\u00f3n: fomentando colaboraciones entre empresas globales y locales.<\/li>\n<li>Contribuye a la transici\u00f3n hacia la sostenibilidad: promoviendo soluciones innovadoras para la gesti\u00f3n de recursos.<\/li>\n<\/ul>\n<\/div><\/section><\/p><\/div>\n\n<style type=\"text\/css\" data-created_by=\"avia_inline_auto\" id=\"style-css-av-34zwk5s-a761fda943150f7ed6e5cbd9325a357e\">\n#top .hr.hr-invisible.av-34zwk5s-a761fda943150f7ed6e5cbd9325a357e{\nheight:24px;\n}\n<\/style>\n<div  class='hr av-34zwk5s-a761fda943150f7ed6e5cbd9325a357e hr-invisible  avia-builder-el-19  el_after_av_one_full  el_before_av_hr '><span class='hr-inner '><span class=\"hr-inner-style\"><\/span><\/span><\/div>\n<div  class='hr av-9ubfio-276aed3a3d2fa516781198568424cbbe hr-short  avia-builder-el-20  el_after_av_hr  el_before_av_hr  hr-left'><span class='hr-inner '><span class=\"hr-inner-style\"><\/span><\/span><\/div>\n\n<style type=\"text\/css\" data-created_by=\"avia_inline_auto\" id=\"style-css-av-28gx7kg-e9e4c148e8f65eeff249f68fd7e9c19d\">\n#top .hr.hr-invisible.av-28gx7kg-e9e4c148e8f65eeff249f68fd7e9c19d{\nheight:24px;\n}\n<\/style>\n<div  class='hr av-28gx7kg-e9e4c148e8f65eeff249f68fd7e9c19d hr-invisible  avia-builder-el-21  el_after_av_hr  el_before_av_one_full '><span class='hr-inner '><span class=\"hr-inner-style\"><\/span><\/span><\/div>\n\n<style type=\"text\/css\" data-created_by=\"avia_inline_auto\" id=\"style-css-av-1m0a9qo-0b69e5a9f284781a1cd8df2f3fa8911a\">\n.flex_column.av-1m0a9qo-0b69e5a9f284781a1cd8df2f3fa8911a{\npadding:48px 48px 48px 48px;\nbackground-color:#eceff1;\n}\n<\/style>\n<div  class='flex_column av-1m0a9qo-0b69e5a9f284781a1cd8df2f3fa8911a av_one_full  avia-builder-el-22  el_after_av_hr  avia-builder-el-last  first flex_column_div  '     ><p>\n<style type=\"text\/css\" data-created_by=\"avia_inline_auto\" id=\"style-css-av-11iwx0w-1012cd822e5f3aedfaa3a9dd82d3d535\">\n#top .av-special-heading.av-11iwx0w-1012cd822e5f3aedfaa3a9dd82d3d535{\npadding-bottom:10px;\n}\nbody .av-special-heading.av-11iwx0w-1012cd822e5f3aedfaa3a9dd82d3d535 .av-special-heading-tag .heading-char{\nfont-size:25px;\n}\n.av-special-heading.av-11iwx0w-1012cd822e5f3aedfaa3a9dd82d3d535 .av-subheading{\nfont-size:15px;\n}\n<\/style>\n<div  class='av-special-heading av-11iwx0w-1012cd822e5f3aedfaa3a9dd82d3d535 av-special-heading-h2 blockquote modern-quote modern-centered  avia-builder-el-23  el_before_av_textblock  avia-builder-el-first '><h2 class='av-special-heading-tag'  itemprop=\"headline\"  >AYUDAS ESTATALES Y DE MINIMIS<\/h2><div class=\"special-heading-border\"><div class=\"special-heading-inner-border\"><\/div><\/div><\/div><br \/>\n<section  class='av_textblock_section av-mftb00-37cc599cd0a6f5bd09bf249c23c5b87a '   itemscope=\"itemscope\" itemtype=\"https:\/\/schema.org\/CreativeWork\" ><div class='avia_textblock'  itemprop=\"text\" ><p style=\"text-align: center;\"><strong>Obligaciones de informaci\u00f3n en materia de subvenciones p\u00fablicas.<\/strong><br \/>\nLas ayudas estatales y las ayudas de minimis recibidas por nuestra empresa est\u00e1n contenidas en el Registro Nacional de Ayudas del Estado al que se refiere el art. 52 de la Ley 234\/2012 al que se hace referencia y que puede consultarse en el siguiente enlace:\u00a0<a role=\"link\" href=\"https:\/\/www.rna.gov.it\/trasparenza\" target=\"_blank\" rel=\"noopener\">Aprende m\u00e1s&gt;&gt;<\/a><\/p>\n<\/div><\/section><\/p><\/div>\n","protected":false},"excerpt":{"rendered":"","protected":false},"author":6,"featured_media":0,"parent":17445,"menu_order":0,"comment_status":"closed","ping_status":"closed","template":"","meta":{"_monsterinsights_skip_tracking":false,"_monsterinsights_sitenote_active":false,"_monsterinsights_sitenote_note":"","_monsterinsights_sitenote_category":0,"footnotes":""},"_links":{"self":[{"href":"https:\/\/www.idealtecsrl.com\/es\/wp-json\/wp\/v2\/pages\/17508"}],"collection":[{"href":"https:\/\/www.idealtecsrl.com\/es\/wp-json\/wp\/v2\/pages"}],"about":[{"href":"https:\/\/www.idealtecsrl.com\/es\/wp-json\/wp\/v2\/types\/page"}],"author":[{"embeddable":true,"href":"https:\/\/www.idealtecsrl.com\/es\/wp-json\/wp\/v2\/users\/6"}],"replies":[{"embeddable":true,"href":"https:\/\/www.idealtecsrl.com\/es\/wp-json\/wp\/v2\/comments?post=17508"}],"version-history":[{"count":2,"href":"https:\/\/www.idealtecsrl.com\/es\/wp-json\/wp\/v2\/pages\/17508\/revisions"}],"predecessor-version":[{"id":17510,"href":"https:\/\/www.idealtecsrl.com\/es\/wp-json\/wp\/v2\/pages\/17508\/revisions\/17510"}],"up":[{"embeddable":true,"href":"https:\/\/www.idealtecsrl.com\/es\/wp-json\/wp\/v2\/pages\/17445"}],"wp:attachment":[{"href":"https:\/\/www.idealtecsrl.com\/es\/wp-json\/wp\/v2\/media?parent=17508"}],"curies":[{"name":"wp","href":"https:\/\/api.w.org\/{rel}","templated":true}]}}