{"id":17517,"date":"2024-11-30T13:27:22","date_gmt":"2024-11-30T12:27:22","guid":{"rendered":"https:\/\/www.idealtecsrl.com\/ferias-de-exposicion\/ipack-ima\/"},"modified":"2024-11-30T13:27:22","modified_gmt":"2024-11-30T12:27:22","slug":"ipack-ima","status":"publish","type":"page","link":"https:\/\/www.idealtecsrl.com\/es\/ferias-de-exposicion\/ipack-ima\/","title":{"rendered":"IPACK-IMA"},"content":{"rendered":"<div id='full_slider_1'  class='avia-fullwidth-slider main_color avia-shadow   avia-builder-el-0  el_before_av_one_half  avia-builder-el-first   container_wrap fullsize'  >\n<style type=\"text\/css\" data-created_by=\"avia_inline_auto\" id=\"style-css-av-m42rfgey-3f54e2b33cdcccae67b192d0b552e753\">\n#top #wrap_all .avia-slideshow .av-slideshow-caption.av-m42rfgey-3f54e2b33cdcccae67b192d0b552e753__0 .avia-caption-title{\ncolor:#ffffff;\n}\n#top .avia-slideshow .av-slideshow-caption.av-m42rfgey-3f54e2b33cdcccae67b192d0b552e753__0 .avia-caption-content{\ncolor:#ffffff;\n}\n<\/style>\n<div  class='avia-slideshow av-m42rfgey-3f54e2b33cdcccae67b192d0b552e753 avia-slideshow-featured av_slideshow_full avia-fade-slider av-slideshow-ui av-control-hidden av-no-slider-navigation av-hide-nav-arrows av-slideshow-autoplay av-loop-endless av-loop-manual-endless av-default-height-applied   avia-slideshow-1' data-slideshow-options=\"{&quot;animation&quot;:&quot;fade&quot;,&quot;autoplay&quot;:true,&quot;loop_autoplay&quot;:&quot;endless&quot;,&quot;interval&quot;:3,&quot;loop_manual&quot;:&quot;manual-endless&quot;,&quot;autoplay_stopper&quot;:false,&quot;noNavigation&quot;:true,&quot;bg_slider&quot;:false,&quot;transitionSpeed&quot;:800,&quot;keep_padding&quot;:false,&quot;hoverpause&quot;:false,&quot;show_slide_delay&quot;:0}\"  itemprop=\"image\" itemscope=\"itemscope\" itemtype=\"https:\/\/schema.org\/ImageObject\" ><ul class='avia-slideshow-inner ' style='padding-bottom: 28.666666666667%;'><li  class='avia-slideshow-slide av-m42rfgey-3f54e2b33cdcccae67b192d0b552e753__0  slide-1 slide-odd'><div data-rel='slideshow-1' class='avia-slide-wrap '   ><img decoding=\"async\" fetchpriority=\"high\" class=\"wp-image-15269 avia-img-lazy-loading-not-15269\"  src=\"https:\/\/www.idealtecsrl.com\/wp-content\/uploads\/2024\/07\/visore-ci-presentiamo-1.jpg\" width=\"1500\" height=\"430\" title='visore-ci-presentiamo-1' alt=''  itemprop=\"thumbnailUrl\"  style='min-height:400px; min-width:1396px; ' srcset=\"https:\/\/www.idealtecsrl.com\/wp-content\/uploads\/2024\/07\/visore-ci-presentiamo-1.jpg 1500w, https:\/\/www.idealtecsrl.com\/wp-content\/uploads\/2024\/07\/visore-ci-presentiamo-1-300x86.jpg 300w, https:\/\/www.idealtecsrl.com\/wp-content\/uploads\/2024\/07\/visore-ci-presentiamo-1-1030x295.jpg 1030w, https:\/\/www.idealtecsrl.com\/wp-content\/uploads\/2024\/07\/visore-ci-presentiamo-1-768x220.jpg 768w, https:\/\/www.idealtecsrl.com\/wp-content\/uploads\/2024\/07\/visore-ci-presentiamo-1-705x202.jpg 705w\" sizes=\"(max-width: 1500px) 100vw, 1500px\" \/><div class='av-section-color-overlay' style='opacity: 0.6; background-color: #18417e; '><\/div><\/div><\/li><li  class='avia-slideshow-slide av-m42rfgey-3f54e2b33cdcccae67b192d0b552e753__1  slide-2 slide-even'><div data-rel='slideshow-1' class='avia-slide-wrap '   ><img decoding=\"async\" fetchpriority=\"high\" class=\"wp-image-15276 avia-img-lazy-loading-not-15276\"  src=\"https:\/\/www.idealtecsrl.com\/wp-content\/uploads\/2024\/07\/visore-ci-presentiamo-2.jpg\" width=\"1500\" height=\"430\" title='visore-ci-presentiamo-2' alt=''  itemprop=\"thumbnailUrl\"  style='min-height:400px; min-width:1396px; ' srcset=\"https:\/\/www.idealtecsrl.com\/wp-content\/uploads\/2024\/07\/visore-ci-presentiamo-2.jpg 1500w, https:\/\/www.idealtecsrl.com\/wp-content\/uploads\/2024\/07\/visore-ci-presentiamo-2-300x86.jpg 300w, https:\/\/www.idealtecsrl.com\/wp-content\/uploads\/2024\/07\/visore-ci-presentiamo-2-1030x295.jpg 1030w, https:\/\/www.idealtecsrl.com\/wp-content\/uploads\/2024\/07\/visore-ci-presentiamo-2-768x220.jpg 768w, https:\/\/www.idealtecsrl.com\/wp-content\/uploads\/2024\/07\/visore-ci-presentiamo-2-705x202.jpg 705w\" sizes=\"(max-width: 1500px) 100vw, 1500px\" \/><div class='av-section-color-overlay' style='opacity: 0.6; background-color: #18417e; '><\/div><\/div><\/li><li  class='avia-slideshow-slide av-m42rfgey-3f54e2b33cdcccae67b192d0b552e753__2  slide-3 slide-odd'><div data-rel='slideshow-1' class='avia-slide-wrap '   ><img decoding=\"async\" fetchpriority=\"high\" class=\"wp-image-15283 avia-img-lazy-loading-not-15283\"  src=\"https:\/\/www.idealtecsrl.com\/wp-content\/uploads\/2024\/07\/visore-ci-presentiamo-3.jpg\" width=\"1500\" height=\"430\" title='visore-ci-presentiamo-3' alt=''  itemprop=\"thumbnailUrl\"  style='min-height:400px; min-width:1396px; ' srcset=\"https:\/\/www.idealtecsrl.com\/wp-content\/uploads\/2024\/07\/visore-ci-presentiamo-3.jpg 1500w, https:\/\/www.idealtecsrl.com\/wp-content\/uploads\/2024\/07\/visore-ci-presentiamo-3-300x86.jpg 300w, https:\/\/www.idealtecsrl.com\/wp-content\/uploads\/2024\/07\/visore-ci-presentiamo-3-1030x295.jpg 1030w, https:\/\/www.idealtecsrl.com\/wp-content\/uploads\/2024\/07\/visore-ci-presentiamo-3-768x220.jpg 768w, https:\/\/www.idealtecsrl.com\/wp-content\/uploads\/2024\/07\/visore-ci-presentiamo-3-705x202.jpg 705w\" sizes=\"(max-width: 1500px) 100vw, 1500px\" \/><div class='av-section-color-overlay' style='opacity: 0.6; background-color: #18417e; '><\/div><\/div><\/li><li  class='avia-slideshow-slide av-m42rfgey-3f54e2b33cdcccae67b192d0b552e753__3  slide-4 slide-even'><div data-rel='slideshow-1' class='avia-slide-wrap '   ><img decoding=\"async\" fetchpriority=\"high\" class=\"wp-image-15290 avia-img-lazy-loading-not-15290\"  src=\"https:\/\/www.idealtecsrl.com\/wp-content\/uploads\/2024\/07\/visore-ci-presentiamo-4.jpg\" width=\"1500\" height=\"430\" title='visore-ci-presentiamo-4' alt=''  itemprop=\"thumbnailUrl\"  style='min-height:400px; min-width:1396px; ' srcset=\"https:\/\/www.idealtecsrl.com\/wp-content\/uploads\/2024\/07\/visore-ci-presentiamo-4.jpg 1500w, https:\/\/www.idealtecsrl.com\/wp-content\/uploads\/2024\/07\/visore-ci-presentiamo-4-300x86.jpg 300w, https:\/\/www.idealtecsrl.com\/wp-content\/uploads\/2024\/07\/visore-ci-presentiamo-4-1030x295.jpg 1030w, https:\/\/www.idealtecsrl.com\/wp-content\/uploads\/2024\/07\/visore-ci-presentiamo-4-768x220.jpg 768w, https:\/\/www.idealtecsrl.com\/wp-content\/uploads\/2024\/07\/visore-ci-presentiamo-4-705x202.jpg 705w\" sizes=\"(max-width: 1500px) 100vw, 1500px\" \/><div class='av-section-color-overlay' style='opacity: 0.6; background-color: #18417e; '><\/div><\/div><\/li><li  class='avia-slideshow-slide av-m42rfgey-3f54e2b33cdcccae67b192d0b552e753__4  slide-5 slide-odd'><div data-rel='slideshow-1' class='avia-slide-wrap '   ><img decoding=\"async\" fetchpriority=\"high\" class=\"wp-image-15297 avia-img-lazy-loading-not-15297\"  src=\"https:\/\/www.idealtecsrl.com\/wp-content\/uploads\/2024\/07\/visore-ci-presentiamo-5.jpg\" width=\"1500\" height=\"430\" title='visore-ci-presentiamo-5' alt=''  itemprop=\"thumbnailUrl\"  style='min-height:400px; min-width:1396px; ' srcset=\"https:\/\/www.idealtecsrl.com\/wp-content\/uploads\/2024\/07\/visore-ci-presentiamo-5.jpg 1500w, https:\/\/www.idealtecsrl.com\/wp-content\/uploads\/2024\/07\/visore-ci-presentiamo-5-300x86.jpg 300w, https:\/\/www.idealtecsrl.com\/wp-content\/uploads\/2024\/07\/visore-ci-presentiamo-5-1030x295.jpg 1030w, https:\/\/www.idealtecsrl.com\/wp-content\/uploads\/2024\/07\/visore-ci-presentiamo-5-768x220.jpg 768w, https:\/\/www.idealtecsrl.com\/wp-content\/uploads\/2024\/07\/visore-ci-presentiamo-5-705x202.jpg 705w\" sizes=\"(max-width: 1500px) 100vw, 1500px\" \/><div class='av-section-color-overlay' style='opacity: 0.6; background-color: #18417e; '><\/div><\/div><\/li><\/ul><div class='avia-slideshow-arrows avia-slideshow-controls' ><a href='#prev' class='prev-slide ' aria-hidden='true' data-av_icon='\ue87c' data-av_iconfont='entypo-fontello'  tabindex='-1'>Anterior<\/a><a href='#next' class='next-slide ' aria-hidden='true' data-av_icon='\ue87d' data-av_iconfont='entypo-fontello'  tabindex='-1'>Posterior<\/a><\/div><div class='av-slideshow-caption av-m42rfgey-3f54e2b33cdcccae67b192d0b552e753__0 caption_fullwidth caption_center'><div class=\"container caption_container\"><div class=\"slideshow_caption\"><div class=\"slideshow_inner_caption\"><div class=\"slideshow_align_caption\"><h1 class='avia-caption-title '  itemprop=\"name\" >IPACK-IMA<\/h1><\/div><\/div><\/div><\/div><\/div><\/div><\/div><div id='after_full_slider_1'  class='main_color av_default_container_wrap container_wrap fullsize'  ><div class='container av-section-cont-open' ><div class='template-page content  av-content-full alpha units'><div class='post-entry post-entry-type-page post-entry-17517'><div class='entry-content-wrapper clearfix'>\n\n<style type=\"text\/css\" data-created_by=\"avia_inline_auto\" id=\"style-css-av-2n7l1u-170b791aa33636196e8a12ac8cf37570\">\n.flex_column.av-2n7l1u-170b791aa33636196e8a12ac8cf37570{\npadding:50px 0 0 0;\n}\n<\/style>\n<div  class='flex_column av-2n7l1u-170b791aa33636196e8a12ac8cf37570 av_one_half  avia-builder-el-1  el_after_av_slideshow_full  el_before_av_one_half  avia-builder-el-first  first flex_column_div  '     ><p><section  class='av_textblock_section av-m42ri1kw-e888d6eae145f190410275710602f14e '   itemscope=\"itemscope\" itemtype=\"https:\/\/schema.org\/CreativeWork\" ><div class='avia_textblock'  itemprop=\"text\" ><p><strong>IPACK-IMA<\/strong> es una de las principales ferias internacionales dedicadas a las tecnolog\u00edas de procesamiento y envasado en los sectores industrial y de bienes de consumo. Organizado cada tres a\u00f1os en Fiera Milano, el evento destaca por su atenci\u00f3n a la innovaci\u00f3n, la sostenibilidad y la automatizaci\u00f3n, ofreciendo una visi\u00f3n completa de las soluciones tecnol\u00f3gicas de vanguardia para el embalaje y el procesamiento.<\/p>\n<\/div><\/section><br \/>\n\n<style type=\"text\/css\" data-created_by=\"avia_inline_auto\" id=\"style-css-av-6vmdaoi-08d1c2f3944b93c9ba832f12345be772\">\n#top .hr.hr-invisible.av-6vmdaoi-08d1c2f3944b93c9ba832f12345be772{\nheight:50px;\n}\n<\/style>\n<div  class='hr av-6vmdaoi-08d1c2f3944b93c9ba832f12345be772 hr-invisible  avia-builder-el-3  el_after_av_textblock  el_before_av_button '><span class='hr-inner '><span class=\"hr-inner-style\"><\/span><\/span><\/div><br \/>\n<div  class='avia-button-wrap av-m42rhth0-7df09e9f6a0b7718737473e421b1ca3d-wrap avia-button-left  avia-builder-el-4  el_after_av_hr  avia-builder-el-last '><a href='https:\/\/www.ipackima.com\/' class='avia-button av-m42rhth0-7df09e9f6a0b7718737473e421b1ca3d av-link-btn avia-icon_select-yes-right-icon avia-size-large avia-position-left av-icon-on-hover avia-color-theme-color' target=\"_blank\" rel=\"noopener noreferrer\"><span class='avia_iconbox_title' >Visita el sitio web oficial<\/span><span class='avia_button_icon avia_button_icon_right' aria-hidden='true' data-av_icon='\ue879' data-av_iconfont='entypo-fontello'><\/span><\/a><\/div><\/p><\/div>\n\n<style type=\"text\/css\" data-created_by=\"avia_inline_auto\" id=\"style-css-av-6blyspe-bbd706700ddb4a914bf1ae451048efdb\">\n.flex_column.av-6blyspe-bbd706700ddb4a914bf1ae451048efdb{\npadding:50px 0 0 0;\n}\n<\/style>\n<div  class='flex_column av-6blyspe-bbd706700ddb4a914bf1ae451048efdb av_one_half  avia-builder-el-5  el_after_av_one_half  el_before_av_one_full  flex_column_div  '     ><style type=\"text\/css\" data-created_by=\"avia_inline_auto\" id=\"style-css-av-m42rhmpk-b00ea23382171aa03210edd7dfe3b5c8\">\n.avia-image-container.av-m42rhmpk-b00ea23382171aa03210edd7dfe3b5c8 img.avia_image{\nbox-shadow:none;\n}\n.avia-image-container.av-m42rhmpk-b00ea23382171aa03210edd7dfe3b5c8 .av-image-caption-overlay-center{\ncolor:#ffffff;\n}\n<\/style>\n<div  class='avia-image-container av-m42rhmpk-b00ea23382171aa03210edd7dfe3b5c8 av-styling- avia-align-center  avia-builder-el-6  avia-builder-el-no-sibling '   itemprop=\"image\" itemscope=\"itemscope\" itemtype=\"https:\/\/schema.org\/ImageObject\" ><div class=\"avia-image-container-inner\"><div class=\"avia-image-overlay-wrap\"><img decoding=\"async\" fetchpriority=\"high\" class='wp-image-14275 avia-img-lazy-loading-not-14275 avia_image ' src=\"https:\/\/www.idealtecsrl.com\/wp-content\/uploads\/2024\/07\/IPACK-IMA-300x300.jpg\" alt='' title='IPACK-IMA'  height=\"300\" width=\"300\"  itemprop=\"thumbnailUrl\" srcset=\"https:\/\/www.idealtecsrl.com\/wp-content\/uploads\/2024\/07\/IPACK-IMA-300x300.jpg 300w, https:\/\/www.idealtecsrl.com\/wp-content\/uploads\/2024\/07\/IPACK-IMA-80x80.jpg 80w, https:\/\/www.idealtecsrl.com\/wp-content\/uploads\/2024\/07\/IPACK-IMA-36x36.jpg 36w, https:\/\/www.idealtecsrl.com\/wp-content\/uploads\/2024\/07\/IPACK-IMA-180x180.jpg 180w, https:\/\/www.idealtecsrl.com\/wp-content\/uploads\/2024\/07\/IPACK-IMA.jpg 400w\" sizes=\"(max-width: 300px) 100vw, 300px\" \/><\/div><\/div><\/div><\/div>\n<style type=\"text\/css\" data-created_by=\"avia_inline_auto\" id=\"style-css-av-5pcnhma-6a2dced47a5a0880845d09f9f3dacb7f\">\n.flex_column.av-5pcnhma-6a2dced47a5a0880845d09f9f3dacb7f{\npadding:50px 0 0 0;\n}\n<\/style>\n<div  class='flex_column av-5pcnhma-6a2dced47a5a0880845d09f9f3dacb7f av_one_full  avia-builder-el-7  el_after_av_one_half  el_before_av_one_full  first flex_column_div  column-top-margin'     ><p>\n<style type=\"text\/css\" data-created_by=\"avia_inline_auto\" id=\"style-css-av-m42ri7oo-dd42b4e49bca3863b992e21900c02955\">\n#top .av-special-heading.av-m42ri7oo-dd42b4e49bca3863b992e21900c02955{\npadding-bottom:10px;\n}\nbody .av-special-heading.av-m42ri7oo-dd42b4e49bca3863b992e21900c02955 .av-special-heading-tag .heading-char{\nfont-size:25px;\n}\n.av-special-heading.av-m42ri7oo-dd42b4e49bca3863b992e21900c02955 .av-subheading{\nfont-size:15px;\n}\n<\/style>\n<div  class='av-special-heading av-m42ri7oo-dd42b4e49bca3863b992e21900c02955 av-special-heading-h2 blockquote modern-quote  avia-builder-el-8  el_before_av_textblock  avia-builder-el-first '><h2 class='av-special-heading-tag'  itemprop=\"headline\"  >Objetivos e importancia<\/h2><div class=\"special-heading-border\"><div class=\"special-heading-inner-border\"><\/div><\/div><\/div><br \/>\n<section  class='av_textblock_section av-m42rieag-a1199b203172dc441575cfda940a5315 '   itemscope=\"itemscope\" itemtype=\"https:\/\/schema.org\/CreativeWork\" ><div class='avia_textblock'  itemprop=\"text\" ><p>IPACK-IMA pretende ser una plataforma global donde la excelencia tecnol\u00f3gica se une a la innovaci\u00f3n para satisfacer las necesidades del mercado moderno. El evento tiene como objetivo:<\/p>\n<ul>\n<li>Proporcionar soluciones avanzadas para mejorar la eficiencia, flexibilidad y sostenibilidad en los procesos productivos.<\/li>\n<li>Facilitar el networking entre productores, proveedores y compradores internacionales.<\/li>\n<li>Anticiparse a las tendencias de la industria y brindar un espacio para compartir conocimientos y mejores pr\u00e1cticas.<\/li>\n<\/ul>\n<p>Con una reputaci\u00f3n consolidada a nivel mundial, la feria representa una cita ineludible para los profesionales del sector.<\/p>\n<\/div><\/section><\/p><\/div><\/p>\n\n<style type=\"text\/css\" data-created_by=\"avia_inline_auto\" id=\"style-css-av-jidfrm-026be234b051f09237674609ffc44527\">\n.flex_column.av-jidfrm-026be234b051f09237674609ffc44527{\npadding:50px 0 0 0;\n}\n<\/style>\n<div  class='flex_column av-jidfrm-026be234b051f09237674609ffc44527 av_one_full  avia-builder-el-10  el_after_av_one_full  el_before_av_one_full  first flex_column_div  column-top-margin'     ><p>\n<style type=\"text\/css\" data-created_by=\"avia_inline_auto\" id=\"style-css-av-gw2djm-82bb6162e468afb7c2512b721af910b0\">\n#top .av-special-heading.av-gw2djm-82bb6162e468afb7c2512b721af910b0{\npadding-bottom:10px;\n}\nbody .av-special-heading.av-gw2djm-82bb6162e468afb7c2512b721af910b0 .av-special-heading-tag .heading-char{\nfont-size:25px;\n}\n.av-special-heading.av-gw2djm-82bb6162e468afb7c2512b721af910b0 .av-subheading{\nfont-size:15px;\n}\n<\/style>\n<div  class='av-special-heading av-gw2djm-82bb6162e468afb7c2512b721af910b0 av-special-heading-h2 blockquote modern-quote  avia-builder-el-11  el_before_av_textblock  avia-builder-el-first '><h2 class='av-special-heading-tag'  itemprop=\"headline\"  >Caracter\u00edsticas principales<\/h2><div class=\"special-heading-border\"><div class=\"special-heading-inner-border\"><\/div><\/div><\/div><br \/>\n<section  class='av_textblock_section av-m42rj6m6-0a9e9779b35b0d1f2ace6e3fa1c89a52 '   itemscope=\"itemscope\" itemtype=\"https:\/\/schema.org\/CreativeWork\" ><div class='avia_textblock'  itemprop=\"text\" ><ul>\n<li>Amplia oferta expositiva<br \/>\nIPACK-IMA cubre toda la cadena de suministro, desde el procesamiento de las materias primas hasta el embalaje final, centr\u00e1ndose en:<br \/>\nTecnolog\u00edas de procesamiento: maquinaria y soluciones para la transformaci\u00f3n de alimentos, bebidas, productos qu\u00edmicos y farmac\u00e9uticos.<br \/>\nSistemas de embalaje primario y secundario: para embalajes flexibles, r\u00edgidos e innovadores.<br \/>\nMateriales de embalaje: sostenibles, reciclables y biodegradables.<br \/>\nAutomatizaci\u00f3n y rob\u00f3tica: para la optimizaci\u00f3n de l\u00edneas de producci\u00f3n y envasado.<br \/>\nSoluciones de etiquetado y trazabilidad: esenciales para el cumplimiento normativo y la gesti\u00f3n de la cadena de suministro.<\/li>\n<li>Sectores de aplicaci\u00f3n<br \/>\nLa feria es transversal y abarca numerosos sectores, entre ellos:<br \/>\nAlimentos y bebidas<br \/>\nFarmac\u00e9utica y cosm\u00e9tica<br \/>\nQu\u00edmica e industrial<br \/>\nEmbalaje y log\u00edstica.<\/li>\n<li>Innovaci\u00f3n y Sostenibilidad<br \/>\nIPACK-IMA pone especial \u00e9nfasis en:<br \/>\nTecnolog\u00edas de bajo impacto ambiental y materiales verdes.<br \/>\nSoluciones para el reciclaje y la reutilizaci\u00f3n.<br \/>\nSistemas de producci\u00f3n de bajo consumo energ\u00e9tico.<\/li>\n<li>Programa de garant\u00edas<br \/>\nEl evento se enriquece con:<br \/>\nConferencias y talleres: sobre temas como innovaci\u00f3n tecnol\u00f3gica, regulaciones del sector y tendencias del mercado.<br \/>\nDemostraciones pr\u00e1cticas: para mostrar el funcionamiento de maquinaria y tecnolog\u00edas en tiempo real.<br \/>\nPremios y reconocimientos: dedicados a soluciones innovadoras en el campo del packaging y la sostenibilidad.<\/li>\n<\/ul>\n<\/div><\/section><\/p><\/div>\n\n<style type=\"text\/css\" data-created_by=\"avia_inline_auto\" id=\"style-css-av-48qph5e-14866a6178e22cbb2281133a091a7e1a\">\n.flex_column.av-48qph5e-14866a6178e22cbb2281133a091a7e1a{\npadding:50px 0 0 0;\n}\n<\/style>\n<div  class='flex_column av-48qph5e-14866a6178e22cbb2281133a091a7e1a av_one_full  avia-builder-el-13  el_after_av_one_full  el_before_av_one_full  first flex_column_div  column-top-margin'     ><p>\n<style type=\"text\/css\" data-created_by=\"avia_inline_auto\" id=\"style-css-av-3v4u0lu-8dd52c06a2e12edf1ba434cbd87a35d2\">\n#top .av-special-heading.av-3v4u0lu-8dd52c06a2e12edf1ba434cbd87a35d2{\npadding-bottom:10px;\n}\nbody .av-special-heading.av-3v4u0lu-8dd52c06a2e12edf1ba434cbd87a35d2 .av-special-heading-tag .heading-char{\nfont-size:25px;\n}\n.av-special-heading.av-3v4u0lu-8dd52c06a2e12edf1ba434cbd87a35d2 .av-subheading{\nfont-size:15px;\n}\n<\/style>\n<div  class='av-special-heading av-3v4u0lu-8dd52c06a2e12edf1ba434cbd87a35d2 av-special-heading-h2 blockquote modern-quote  avia-builder-el-14  el_before_av_textblock  avia-builder-el-first '><h2 class='av-special-heading-tag'  itemprop=\"headline\"  >Participantes<\/h2><div class=\"special-heading-border\"><div class=\"special-heading-inner-border\"><\/div><\/div><\/div><br \/>\n<section  class='av_textblock_section av-m42rjda8-29d1b68c1214b608f8eff5f0d39c29dd '   itemscope=\"itemscope\" itemtype=\"https:\/\/schema.org\/CreativeWork\" ><div class='avia_textblock'  itemprop=\"text\" ><p>IPACK-IMA atrae a una audiencia internacional compuesta por:<\/p>\n<ul>\n<li>Fabricantes de tecnolog\u00edas de envasado y procesamiento.<\/li>\n<li>Proveedores de materiales y equipos.<\/li>\n<li>Responsables de compras, dise\u00f1adores e ingenieros.<\/li>\n<li>Responsable de producci\u00f3n, marketing y calidad.<\/li>\n<li>Compradores internacionales del sector alimentario, farmac\u00e9utico, cosm\u00e9tico e industrial.<\/li>\n<\/ul>\n<\/div><\/section><\/p><\/div>\n\n<style type=\"text\/css\" data-created_by=\"avia_inline_auto\" id=\"style-css-av-3caaagi-a756a173fab47567e7c6c2611464b06b\">\n.flex_column.av-3caaagi-a756a173fab47567e7c6c2611464b06b{\npadding:50px 0 0 0;\n}\n<\/style>\n<div  class='flex_column av-3caaagi-a756a173fab47567e7c6c2611464b06b av_one_full  avia-builder-el-16  el_after_av_one_full  el_before_av_hr  first flex_column_div  column-top-margin'     ><p>\n<style type=\"text\/css\" data-created_by=\"avia_inline_auto\" id=\"style-css-av-m42rjjmr-2c1c968bf96db04237986b7bf7f543b0\">\n#top .av-special-heading.av-m42rjjmr-2c1c968bf96db04237986b7bf7f543b0{\npadding-bottom:10px;\n}\nbody .av-special-heading.av-m42rjjmr-2c1c968bf96db04237986b7bf7f543b0 .av-special-heading-tag .heading-char{\nfont-size:25px;\n}\n.av-special-heading.av-m42rjjmr-2c1c968bf96db04237986b7bf7f543b0 .av-subheading{\nfont-size:15px;\n}\n<\/style>\n<div  class='av-special-heading av-m42rjjmr-2c1c968bf96db04237986b7bf7f543b0 av-special-heading-h2 blockquote modern-quote  avia-builder-el-17  el_before_av_textblock  avia-builder-el-first '><h2 class='av-special-heading-tag'  itemprop=\"headline\"  >Impacto en la industria<\/h2><div class=\"special-heading-border\"><div class=\"special-heading-inner-border\"><\/div><\/div><\/div><br \/>\n<section  class='av_textblock_section av-m42rjpyq-c47aa443369bab24ba932f937d989215 '   itemscope=\"itemscope\" itemtype=\"https:\/\/schema.org\/CreativeWork\" ><div class='avia_textblock'  itemprop=\"text\" ><p>IPACK-IMA juega un papel clave en el desarrollo de la industria del embalaje y procesamiento, gracias a:<\/p>\n<ul>\n<li>Centrarse en la innovaci\u00f3n: presentar soluciones que mejoren la productividad y la sostenibilidad.<\/li>\n<li>Internacionalizaci\u00f3n: fomentar el encuentro entre empresas y compradores de todo el mundo.<\/li>\n<li>Enfoque integrado: abarcar todas las fases de la cadena de suministro y crear sinergias entre sectores.<\/li>\n<\/ul>\n<\/div><\/section><\/p><\/div>\n\n<style type=\"text\/css\" data-created_by=\"avia_inline_auto\" id=\"style-css-av-2x2yi1e-0aceb1ac6ff49c223c6bfb77914c345a\">\n#top .hr.hr-invisible.av-2x2yi1e-0aceb1ac6ff49c223c6bfb77914c345a{\nheight:24px;\n}\n<\/style>\n<div  class='hr av-2x2yi1e-0aceb1ac6ff49c223c6bfb77914c345a hr-invisible  avia-builder-el-19  el_after_av_one_full  el_before_av_hr '><span class='hr-inner '><span class=\"hr-inner-style\"><\/span><\/span><\/div>\n<div  class='hr av-2epsmr6-f551402ab8fb77c1c8215588c171cff5 hr-short  avia-builder-el-20  el_after_av_hr  el_before_av_hr  hr-left'><span class='hr-inner '><span class=\"hr-inner-style\"><\/span><\/span><\/div>\n\n<style type=\"text\/css\" data-created_by=\"avia_inline_auto\" id=\"style-css-av-21u8j5e-42986f1ae29fa6e762f304c9b676d43a\">\n#top .hr.hr-invisible.av-21u8j5e-42986f1ae29fa6e762f304c9b676d43a{\nheight:24px;\n}\n<\/style>\n<div  class='hr av-21u8j5e-42986f1ae29fa6e762f304c9b676d43a hr-invisible  avia-builder-el-21  el_after_av_hr  el_before_av_one_full '><span class='hr-inner '><span class=\"hr-inner-style\"><\/span><\/span><\/div>\n\n<style type=\"text\/css\" data-created_by=\"avia_inline_auto\" id=\"style-css-av-1q8vo36-4314431d1d4bfd0e606d7f6009c0aab1\">\n.flex_column.av-1q8vo36-4314431d1d4bfd0e606d7f6009c0aab1{\npadding:48px 48px 48px 48px;\nbackground-color:#eceff1;\n}\n<\/style>\n<div  class='flex_column av-1q8vo36-4314431d1d4bfd0e606d7f6009c0aab1 av_one_full  avia-builder-el-22  el_after_av_hr  avia-builder-el-last  first flex_column_div  '     ><p>\n<style type=\"text\/css\" data-created_by=\"avia_inline_auto\" id=\"style-css-av-13x8rqq-1e26e5016a7de1b0f9e454301be7593b\">\n#top .av-special-heading.av-13x8rqq-1e26e5016a7de1b0f9e454301be7593b{\npadding-bottom:10px;\n}\nbody .av-special-heading.av-13x8rqq-1e26e5016a7de1b0f9e454301be7593b .av-special-heading-tag .heading-char{\nfont-size:25px;\n}\n.av-special-heading.av-13x8rqq-1e26e5016a7de1b0f9e454301be7593b .av-subheading{\nfont-size:15px;\n}\n<\/style>\n<div  class='av-special-heading av-13x8rqq-1e26e5016a7de1b0f9e454301be7593b av-special-heading-h2 blockquote modern-quote modern-centered  avia-builder-el-23  el_before_av_textblock  avia-builder-el-first '><h2 class='av-special-heading-tag'  itemprop=\"headline\"  >AYUDAS ESTATALES Y DE MINIMIS<\/h2><div class=\"special-heading-border\"><div class=\"special-heading-inner-border\"><\/div><\/div><\/div><br \/>\n<section  class='av_textblock_section av-krx3jm-29714e9381b6381a11aeb38154e03aee '   itemscope=\"itemscope\" itemtype=\"https:\/\/schema.org\/CreativeWork\" ><div class='avia_textblock'  itemprop=\"text\" ><p style=\"text-align: center;\"><strong>Obligaciones de informaci\u00f3n en materia de subvenciones p\u00fablicas.<\/strong><br \/>\nLas ayudas estatales y las ayudas de minimis recibidas por nuestra empresa est\u00e1n contenidas en el Registro Nacional de Ayudas del Estado al que se refiere el art. 52 de la Ley 234\/2012 al que se hace referencia y que puede consultarse en el siguiente enlace:\u00a0<a role=\"link\" href=\"https:\/\/www.rna.gov.it\/trasparenza\" target=\"_blank\" rel=\"noopener\">Aprende m\u00e1s&gt;&gt;<\/a><\/p>\n<\/div><\/section><\/p><\/div>\n","protected":false},"excerpt":{"rendered":"","protected":false},"author":6,"featured_media":0,"parent":17445,"menu_order":0,"comment_status":"closed","ping_status":"closed","template":"","meta":{"_monsterinsights_skip_tracking":false,"_monsterinsights_sitenote_active":false,"_monsterinsights_sitenote_note":"","_monsterinsights_sitenote_category":0,"footnotes":""},"_links":{"self":[{"href":"https:\/\/www.idealtecsrl.com\/es\/wp-json\/wp\/v2\/pages\/17517"}],"collection":[{"href":"https:\/\/www.idealtecsrl.com\/es\/wp-json\/wp\/v2\/pages"}],"about":[{"href":"https:\/\/www.idealtecsrl.com\/es\/wp-json\/wp\/v2\/types\/page"}],"author":[{"embeddable":true,"href":"https:\/\/www.idealtecsrl.com\/es\/wp-json\/wp\/v2\/users\/6"}],"replies":[{"embeddable":true,"href":"https:\/\/www.idealtecsrl.com\/es\/wp-json\/wp\/v2\/comments?post=17517"}],"version-history":[{"count":2,"href":"https:\/\/www.idealtecsrl.com\/es\/wp-json\/wp\/v2\/pages\/17517\/revisions"}],"predecessor-version":[{"id":17519,"href":"https:\/\/www.idealtecsrl.com\/es\/wp-json\/wp\/v2\/pages\/17517\/revisions\/17519"}],"up":[{"embeddable":true,"href":"https:\/\/www.idealtecsrl.com\/es\/wp-json\/wp\/v2\/pages\/17445"}],"wp:attachment":[{"href":"https:\/\/www.idealtecsrl.com\/es\/wp-json\/wp\/v2\/media?parent=17517"}],"curies":[{"name":"wp","href":"https:\/\/api.w.org\/{rel}","templated":true}]}}