{"id":17625,"date":"2024-11-30T15:15:43","date_gmt":"2024-11-30T14:15:43","guid":{"rendered":"https:\/\/www.idealtecsrl.com\/ferias-de-exposicion\/solids-parma\/"},"modified":"2024-11-30T15:15:43","modified_gmt":"2024-11-30T14:15:43","slug":"solids-parma","status":"publish","type":"page","link":"https:\/\/www.idealtecsrl.com\/es\/ferias-de-exposicion\/solids-parma\/","title":{"rendered":"SOLIDS Parma"},"content":{"rendered":"<div id='full_slider_1'  class='avia-fullwidth-slider main_color avia-shadow   avia-builder-el-0  el_before_av_one_half  avia-builder-el-first   container_wrap fullsize'  >\n<style type=\"text\/css\" data-created_by=\"avia_inline_auto\" id=\"style-css-av-m42uxuas-15046c49f69bfe6801feb9492fa23b1f\">\n#top #wrap_all .avia-slideshow .av-slideshow-caption.av-m42uxuas-15046c49f69bfe6801feb9492fa23b1f__0 .avia-caption-title{\ncolor:#ffffff;\n}\n#top .avia-slideshow .av-slideshow-caption.av-m42uxuas-15046c49f69bfe6801feb9492fa23b1f__0 .avia-caption-content{\ncolor:#ffffff;\n}\n<\/style>\n<div  class='avia-slideshow av-m42uxuas-15046c49f69bfe6801feb9492fa23b1f avia-slideshow-featured av_slideshow_full avia-fade-slider av-slideshow-ui av-control-hidden av-no-slider-navigation av-hide-nav-arrows av-slideshow-autoplay av-loop-endless av-loop-manual-endless av-default-height-applied   avia-slideshow-1' data-slideshow-options=\"{&quot;animation&quot;:&quot;fade&quot;,&quot;autoplay&quot;:true,&quot;loop_autoplay&quot;:&quot;endless&quot;,&quot;interval&quot;:3,&quot;loop_manual&quot;:&quot;manual-endless&quot;,&quot;autoplay_stopper&quot;:false,&quot;noNavigation&quot;:true,&quot;bg_slider&quot;:false,&quot;transitionSpeed&quot;:800,&quot;keep_padding&quot;:false,&quot;hoverpause&quot;:false,&quot;show_slide_delay&quot;:0}\"  itemprop=\"image\" itemscope=\"itemscope\" itemtype=\"https:\/\/schema.org\/ImageObject\" ><ul class='avia-slideshow-inner ' style='padding-bottom: 28.666666666667%;'><li  class='avia-slideshow-slide av-m42uxuas-15046c49f69bfe6801feb9492fa23b1f__0  slide-1 slide-odd'><div data-rel='slideshow-1' class='avia-slide-wrap '   ><img decoding=\"async\" fetchpriority=\"high\" class=\"wp-image-15269 avia-img-lazy-loading-not-15269\"  src=\"https:\/\/www.idealtecsrl.com\/wp-content\/uploads\/2024\/07\/visore-ci-presentiamo-1.jpg\" width=\"1500\" height=\"430\" title='visore-ci-presentiamo-1' alt=''  itemprop=\"thumbnailUrl\"  style='min-height:400px; min-width:1396px; ' srcset=\"https:\/\/www.idealtecsrl.com\/wp-content\/uploads\/2024\/07\/visore-ci-presentiamo-1.jpg 1500w, https:\/\/www.idealtecsrl.com\/wp-content\/uploads\/2024\/07\/visore-ci-presentiamo-1-300x86.jpg 300w, https:\/\/www.idealtecsrl.com\/wp-content\/uploads\/2024\/07\/visore-ci-presentiamo-1-1030x295.jpg 1030w, https:\/\/www.idealtecsrl.com\/wp-content\/uploads\/2024\/07\/visore-ci-presentiamo-1-768x220.jpg 768w, https:\/\/www.idealtecsrl.com\/wp-content\/uploads\/2024\/07\/visore-ci-presentiamo-1-705x202.jpg 705w\" sizes=\"(max-width: 1500px) 100vw, 1500px\" \/><div class='av-section-color-overlay' style='opacity: 0.6; background-color: #18417e; '><\/div><\/div><\/li><li  class='avia-slideshow-slide av-m42uxuas-15046c49f69bfe6801feb9492fa23b1f__1  slide-2 slide-even'><div data-rel='slideshow-1' class='avia-slide-wrap '   ><img decoding=\"async\" fetchpriority=\"high\" class=\"wp-image-15276 avia-img-lazy-loading-not-15276\"  src=\"https:\/\/www.idealtecsrl.com\/wp-content\/uploads\/2024\/07\/visore-ci-presentiamo-2.jpg\" width=\"1500\" height=\"430\" title='visore-ci-presentiamo-2' alt=''  itemprop=\"thumbnailUrl\"  style='min-height:400px; min-width:1396px; ' srcset=\"https:\/\/www.idealtecsrl.com\/wp-content\/uploads\/2024\/07\/visore-ci-presentiamo-2.jpg 1500w, https:\/\/www.idealtecsrl.com\/wp-content\/uploads\/2024\/07\/visore-ci-presentiamo-2-300x86.jpg 300w, https:\/\/www.idealtecsrl.com\/wp-content\/uploads\/2024\/07\/visore-ci-presentiamo-2-1030x295.jpg 1030w, https:\/\/www.idealtecsrl.com\/wp-content\/uploads\/2024\/07\/visore-ci-presentiamo-2-768x220.jpg 768w, https:\/\/www.idealtecsrl.com\/wp-content\/uploads\/2024\/07\/visore-ci-presentiamo-2-705x202.jpg 705w\" sizes=\"(max-width: 1500px) 100vw, 1500px\" \/><div class='av-section-color-overlay' style='opacity: 0.6; background-color: #18417e; '><\/div><\/div><\/li><li  class='avia-slideshow-slide av-m42uxuas-15046c49f69bfe6801feb9492fa23b1f__2  slide-3 slide-odd'><div data-rel='slideshow-1' class='avia-slide-wrap '   ><img decoding=\"async\" fetchpriority=\"high\" class=\"wp-image-15283 avia-img-lazy-loading-not-15283\"  src=\"https:\/\/www.idealtecsrl.com\/wp-content\/uploads\/2024\/07\/visore-ci-presentiamo-3.jpg\" width=\"1500\" height=\"430\" title='visore-ci-presentiamo-3' alt=''  itemprop=\"thumbnailUrl\"  style='min-height:400px; min-width:1396px; ' srcset=\"https:\/\/www.idealtecsrl.com\/wp-content\/uploads\/2024\/07\/visore-ci-presentiamo-3.jpg 1500w, https:\/\/www.idealtecsrl.com\/wp-content\/uploads\/2024\/07\/visore-ci-presentiamo-3-300x86.jpg 300w, https:\/\/www.idealtecsrl.com\/wp-content\/uploads\/2024\/07\/visore-ci-presentiamo-3-1030x295.jpg 1030w, https:\/\/www.idealtecsrl.com\/wp-content\/uploads\/2024\/07\/visore-ci-presentiamo-3-768x220.jpg 768w, https:\/\/www.idealtecsrl.com\/wp-content\/uploads\/2024\/07\/visore-ci-presentiamo-3-705x202.jpg 705w\" sizes=\"(max-width: 1500px) 100vw, 1500px\" \/><div class='av-section-color-overlay' style='opacity: 0.6; background-color: #18417e; '><\/div><\/div><\/li><li  class='avia-slideshow-slide av-m42uxuas-15046c49f69bfe6801feb9492fa23b1f__3  slide-4 slide-even'><div data-rel='slideshow-1' class='avia-slide-wrap '   ><img decoding=\"async\" fetchpriority=\"high\" class=\"wp-image-15290 avia-img-lazy-loading-not-15290\"  src=\"https:\/\/www.idealtecsrl.com\/wp-content\/uploads\/2024\/07\/visore-ci-presentiamo-4.jpg\" width=\"1500\" height=\"430\" title='visore-ci-presentiamo-4' alt=''  itemprop=\"thumbnailUrl\"  style='min-height:400px; min-width:1396px; ' srcset=\"https:\/\/www.idealtecsrl.com\/wp-content\/uploads\/2024\/07\/visore-ci-presentiamo-4.jpg 1500w, https:\/\/www.idealtecsrl.com\/wp-content\/uploads\/2024\/07\/visore-ci-presentiamo-4-300x86.jpg 300w, https:\/\/www.idealtecsrl.com\/wp-content\/uploads\/2024\/07\/visore-ci-presentiamo-4-1030x295.jpg 1030w, https:\/\/www.idealtecsrl.com\/wp-content\/uploads\/2024\/07\/visore-ci-presentiamo-4-768x220.jpg 768w, https:\/\/www.idealtecsrl.com\/wp-content\/uploads\/2024\/07\/visore-ci-presentiamo-4-705x202.jpg 705w\" sizes=\"(max-width: 1500px) 100vw, 1500px\" \/><div class='av-section-color-overlay' style='opacity: 0.6; background-color: #18417e; '><\/div><\/div><\/li><li  class='avia-slideshow-slide av-m42uxuas-15046c49f69bfe6801feb9492fa23b1f__4  slide-5 slide-odd'><div data-rel='slideshow-1' class='avia-slide-wrap '   ><img decoding=\"async\" fetchpriority=\"high\" class=\"wp-image-15297 avia-img-lazy-loading-not-15297\"  src=\"https:\/\/www.idealtecsrl.com\/wp-content\/uploads\/2024\/07\/visore-ci-presentiamo-5.jpg\" width=\"1500\" height=\"430\" title='visore-ci-presentiamo-5' alt=''  itemprop=\"thumbnailUrl\"  style='min-height:400px; min-width:1396px; ' srcset=\"https:\/\/www.idealtecsrl.com\/wp-content\/uploads\/2024\/07\/visore-ci-presentiamo-5.jpg 1500w, https:\/\/www.idealtecsrl.com\/wp-content\/uploads\/2024\/07\/visore-ci-presentiamo-5-300x86.jpg 300w, https:\/\/www.idealtecsrl.com\/wp-content\/uploads\/2024\/07\/visore-ci-presentiamo-5-1030x295.jpg 1030w, https:\/\/www.idealtecsrl.com\/wp-content\/uploads\/2024\/07\/visore-ci-presentiamo-5-768x220.jpg 768w, https:\/\/www.idealtecsrl.com\/wp-content\/uploads\/2024\/07\/visore-ci-presentiamo-5-705x202.jpg 705w\" sizes=\"(max-width: 1500px) 100vw, 1500px\" \/><div class='av-section-color-overlay' style='opacity: 0.6; background-color: #18417e; '><\/div><\/div><\/li><\/ul><div class='avia-slideshow-arrows avia-slideshow-controls' ><a href='#prev' class='prev-slide ' aria-hidden='true' data-av_icon='\ue87c' data-av_iconfont='entypo-fontello'  tabindex='-1'>Anterior<\/a><a href='#next' class='next-slide ' aria-hidden='true' data-av_icon='\ue87d' data-av_iconfont='entypo-fontello'  tabindex='-1'>Posterior<\/a><\/div><div class='av-slideshow-caption av-m42uxuas-15046c49f69bfe6801feb9492fa23b1f__0 caption_fullwidth caption_center'><div class=\"container caption_container\"><div class=\"slideshow_caption\"><div class=\"slideshow_inner_caption\"><div class=\"slideshow_align_caption\"><h1 class='avia-caption-title '  itemprop=\"name\" >SOLIDS Parma<\/h1><\/div><\/div><\/div><\/div><\/div><\/div><\/div><div id='after_full_slider_1'  class='main_color av_default_container_wrap container_wrap fullsize'  ><div class='container av-section-cont-open' ><div class='template-page content  av-content-full alpha units'><div class='post-entry post-entry-type-page post-entry-17625'><div class='entry-content-wrapper clearfix'>\n\n<style type=\"text\/css\" data-created_by=\"avia_inline_auto\" id=\"style-css-av-724ai9q-b8cb81af14d283d5f28e8590933f4804\">\n.flex_column.av-724ai9q-b8cb81af14d283d5f28e8590933f4804{\npadding:50px 0 0 0;\n}\n<\/style>\n<div  class='flex_column av-724ai9q-b8cb81af14d283d5f28e8590933f4804 av_one_half  avia-builder-el-1  el_after_av_slideshow_full  el_before_av_one_half  avia-builder-el-first  first flex_column_div  '     ><p><section  class='av_textblock_section av-m42uzaf4-097bc6d75013ce668a70aa10dfc29988 '   itemscope=\"itemscope\" itemtype=\"https:\/\/schema.org\/CreativeWork\" ><div class='avia_textblock'  itemprop=\"text\" ><p><strong>SOLIDS Parma<\/strong> es el evento italiano de referencia para las tecnolog\u00edas de procesamiento, manipulaci\u00f3n y almacenamiento de polvos, gr\u00e1nulos y s\u00f3lidos a granel. Organizado en el Centro de Exposiciones de Parma, este evento se posiciona como una importante plataforma de intercambio para la industria italiana e internacional, dirigida a los profesionales de los sectores qu\u00edmico, alimentario, farmac\u00e9utico, minero y medioambiental.<\/p>\n<p>Inscrita en el circuito ferial internacional SOLIDS, la edici\u00f3n de Parma destaca por centrarse en las necesidades del mercado italiano, manteniendo al mismo tiempo una fuerte proyecci\u00f3n global.<\/p>\n<\/div><\/section><br \/>\n\n<style type=\"text\/css\" data-created_by=\"avia_inline_auto\" id=\"style-css-av-6kf29i6-23e8cb27f407d0c21ca5954a0bd4f430\">\n#top .hr.hr-invisible.av-6kf29i6-23e8cb27f407d0c21ca5954a0bd4f430{\nheight:50px;\n}\n<\/style>\n<div  class='hr av-6kf29i6-23e8cb27f407d0c21ca5954a0bd4f430 hr-invisible  avia-builder-el-3  el_after_av_textblock  el_before_av_button '><span class='hr-inner '><span class=\"hr-inner-style\"><\/span><\/span><\/div><br \/>\n<div  class='avia-button-wrap av-m42uz1u5-0327931297615aa4cc0ea34a017675fb-wrap avia-button-left  avia-builder-el-4  el_after_av_hr  avia-builder-el-last '><a href='https:\/\/www.solids-parma.de\/it\/' class='avia-button av-m42uz1u5-0327931297615aa4cc0ea34a017675fb av-link-btn avia-icon_select-yes-right-icon avia-size-large avia-position-left av-icon-on-hover avia-color-theme-color' target=\"_blank\" rel=\"noopener noreferrer\"><span class='avia_iconbox_title' >Visita el sitio web oficial<\/span><span class='avia_button_icon avia_button_icon_right' aria-hidden='true' data-av_icon='\ue879' data-av_iconfont='entypo-fontello'><\/span><\/a><\/div><\/p><\/div>\n\n<style type=\"text\/css\" data-created_by=\"avia_inline_auto\" id=\"style-css-av-65ljqbi-1f61d4e8fc8b34d69cc67eadb7aedcaa\">\n.flex_column.av-65ljqbi-1f61d4e8fc8b34d69cc67eadb7aedcaa{\npadding:50px 0 0 0;\n}\n<\/style>\n<div  class='flex_column av-65ljqbi-1f61d4e8fc8b34d69cc67eadb7aedcaa av_one_half  avia-builder-el-5  el_after_av_one_half  el_before_av_one_full  flex_column_div  '     ><style type=\"text\/css\" data-created_by=\"avia_inline_auto\" id=\"style-css-av-m42uytxx-2f2cceba2cc051ed511a865653f0efa4\">\n.avia-image-container.av-m42uytxx-2f2cceba2cc051ed511a865653f0efa4 img.avia_image{\nbox-shadow:none;\n}\n.avia-image-container.av-m42uytxx-2f2cceba2cc051ed511a865653f0efa4 .av-image-caption-overlay-center{\ncolor:#ffffff;\n}\n<\/style>\n<div  class='avia-image-container av-m42uytxx-2f2cceba2cc051ed511a865653f0efa4 av-styling- avia-align-center  avia-builder-el-6  avia-builder-el-no-sibling '   itemprop=\"image\" itemscope=\"itemscope\" itemtype=\"https:\/\/schema.org\/ImageObject\" ><div class=\"avia-image-container-inner\"><div class=\"avia-image-overlay-wrap\"><img decoding=\"async\" fetchpriority=\"high\" class='wp-image-14317 avia-img-lazy-loading-not-14317 avia_image ' src=\"https:\/\/www.idealtecsrl.com\/wp-content\/uploads\/2024\/07\/SOLIDS-Parma-300x300.jpg\" alt='' title='SOLIDS-Parma'  height=\"300\" width=\"300\"  itemprop=\"thumbnailUrl\" srcset=\"https:\/\/www.idealtecsrl.com\/wp-content\/uploads\/2024\/07\/SOLIDS-Parma-300x300.jpg 300w, https:\/\/www.idealtecsrl.com\/wp-content\/uploads\/2024\/07\/SOLIDS-Parma-80x80.jpg 80w, https:\/\/www.idealtecsrl.com\/wp-content\/uploads\/2024\/07\/SOLIDS-Parma-36x36.jpg 36w, https:\/\/www.idealtecsrl.com\/wp-content\/uploads\/2024\/07\/SOLIDS-Parma-180x180.jpg 180w, https:\/\/www.idealtecsrl.com\/wp-content\/uploads\/2024\/07\/SOLIDS-Parma.jpg 400w\" sizes=\"(max-width: 300px) 100vw, 300px\" \/><\/div><\/div><\/div><\/div>\n<style type=\"text\/css\" data-created_by=\"avia_inline_auto\" id=\"style-css-av-5xajubi-073cd0c9d58203ef96df2a277358378b\">\n.flex_column.av-5xajubi-073cd0c9d58203ef96df2a277358378b{\npadding:50px 0 0 0;\n}\n<\/style>\n<div  class='flex_column av-5xajubi-073cd0c9d58203ef96df2a277358378b av_one_full  avia-builder-el-7  el_after_av_one_half  el_before_av_one_full  first flex_column_div  column-top-margin'     ><p>\n<style type=\"text\/css\" data-created_by=\"avia_inline_auto\" id=\"style-css-av-m42uzgqw-eb11551f64743cd2b708a2adf4962d37\">\n#top .av-special-heading.av-m42uzgqw-eb11551f64743cd2b708a2adf4962d37{\npadding-bottom:10px;\n}\nbody .av-special-heading.av-m42uzgqw-eb11551f64743cd2b708a2adf4962d37 .av-special-heading-tag .heading-char{\nfont-size:25px;\n}\n.av-special-heading.av-m42uzgqw-eb11551f64743cd2b708a2adf4962d37 .av-subheading{\nfont-size:15px;\n}\n<\/style>\n<div  class='av-special-heading av-m42uzgqw-eb11551f64743cd2b708a2adf4962d37 av-special-heading-h2 blockquote modern-quote  avia-builder-el-8  el_before_av_textblock  avia-builder-el-first '><h2 class='av-special-heading-tag'  itemprop=\"headline\"  >Objetivos e importancia<\/h2><div class=\"special-heading-border\"><div class=\"special-heading-inner-border\"><\/div><\/div><\/div><br \/>\n<section  class='av_textblock_section av-m42uzol6-f80429b526a8e04f913208e4a62aa6f5 '   itemscope=\"itemscope\" itemtype=\"https:\/\/schema.org\/CreativeWork\" ><div class='avia_textblock'  itemprop=\"text\" ><p>SOLIDS Parma tiene como objetivo:<\/p>\n<ul>\n<li>Presentando las \u00faltimas innovaciones tecnol\u00f3gicas para la industria de s\u00f3lidos a granel.<\/li>\n<li>Facilitar el networking entre fabricantes, proveedores y compradores de soluciones para el procesamiento y gesti\u00f3n de materiales s\u00f3lidos.<\/li>\n<li>Apoyar la transici\u00f3n hacia procesos m\u00e1s sostenibles y digitalizados, promoviendo la adopci\u00f3n de soluciones ecol\u00f3gicas y de bajo impacto ambiental.<\/li>\n<\/ul>\n<p>Gracias a su posici\u00f3n estrat\u00e9gica, Parma es el coraz\u00f3n de m\u00faltiples sectores industriales, lo que convierte el evento en un punto de encuentro ideal para empresas y profesionales.<\/p>\n<\/div><\/section><\/p><\/div><\/p>\n\n<style type=\"text\/css\" data-created_by=\"avia_inline_auto\" id=\"style-css-av-5h0tldq-c853a415c58d4284a4c83adc4c0b961e\">\n.flex_column.av-5h0tldq-c853a415c58d4284a4c83adc4c0b961e{\npadding:50px 0 0 0;\n}\n<\/style>\n<div  class='flex_column av-5h0tldq-c853a415c58d4284a4c83adc4c0b961e av_one_full  avia-builder-el-10  el_after_av_one_full  el_before_av_one_full  first flex_column_div  column-top-margin'     ><p>\n<style type=\"text\/css\" data-created_by=\"avia_inline_auto\" id=\"style-css-av-4r4628u-fca9854731c1f480161ff38f438786d7\">\n#top .av-special-heading.av-4r4628u-fca9854731c1f480161ff38f438786d7{\npadding-bottom:10px;\n}\nbody .av-special-heading.av-4r4628u-fca9854731c1f480161ff38f438786d7 .av-special-heading-tag .heading-char{\nfont-size:25px;\n}\n.av-special-heading.av-4r4628u-fca9854731c1f480161ff38f438786d7 .av-subheading{\nfont-size:15px;\n}\n<\/style>\n<div  class='av-special-heading av-4r4628u-fca9854731c1f480161ff38f438786d7 av-special-heading-h2 blockquote modern-quote  avia-builder-el-11  el_before_av_textblock  avia-builder-el-first '><h2 class='av-special-heading-tag'  itemprop=\"headline\"  >Caracter\u00edsticas principales<\/h2><div class=\"special-heading-border\"><div class=\"special-heading-inner-border\"><\/div><\/div><\/div><br \/>\n<section  class='av_textblock_section av-m42v02td-ad352c562a1a9cee9cfa043043b0a6d8 '   itemscope=\"itemscope\" itemtype=\"https:\/\/schema.org\/CreativeWork\" ><div class='avia_textblock'  itemprop=\"text\" ><ul>\n<li>Amplia oferta expositiva<br \/>\nSOLIDS Parma ofrece una descripci\u00f3n completa de las soluciones m\u00e1s avanzadas para:<br \/>\nProcesamiento de s\u00f3lidos a granel: tecnolog\u00edas de molienda, tamizado, mezcla, granulaci\u00f3n y separaci\u00f3n.<br \/>\nManipulaci\u00f3n y transporte: sistemas neum\u00e1ticos y mec\u00e1nicos, cintas transportadoras, tornillos sin fin y elevadores.<br \/>\nAlmacenamiento y envasado: silos, dep\u00f3sitos, sistemas de ensacado y envasado.<br \/>\nInstrumentaci\u00f3n y automatizaci\u00f3n: sensores, software de control y herramientas para la optimizaci\u00f3n de procesos productivos.<br \/>\nSeguridad industrial: soluciones de protecci\u00f3n contra explosiones, gesti\u00f3n de emisiones de polvo y mejora de las condiciones laborales.<\/li>\n<li>Sectores de aplicaci\u00f3n<br \/>\nLas tecnolog\u00edas presentadas en SOLIDS Parma se utilizan en numerosos campos, entre ellos:<br \/>\nQu\u00edmica y farmac\u00e9utica.<br \/>\nAlimentos y bebidas.<br \/>\nMateriales de miner\u00eda y construcci\u00f3n.<br \/>\nProducci\u00f3n de energ\u00eda y tratamiento ambiental.<br \/>\nPl\u00e1stico y caucho.<\/li>\n<li>Eventos colaterales y programa de capacitaci\u00f3n<br \/>\nSOLIDS Parma se enriquece con un programa de:<br \/>\nTalleres y conferencias: con expertos y empresas discutiendo los retos y oportunidades del sector.<br \/>\nDemostraciones en vivo: mostrando el funcionamiento de maquinaria y tecnolog\u00edas en tiempo real.<br \/>\nEncuentros B2B: para fomentar colaboraciones e intercambios comerciales entre expositores y visitantes.<\/li>\n<li>Centrarse en la innovaci\u00f3n y la sostenibilidad<br \/>\nTecnolog\u00edas verdes: soluciones para el reciclaje, reducci\u00f3n de residuos y mejora de la eficiencia energ\u00e9tica.<br \/>\nAutomatizaci\u00f3n y digitalizaci\u00f3n: para integrar procesos con la Industria 4.0.<br \/>\nEconom\u00eda circular: estrategias y herramientas para reutilizar materiales y minimizar el impacto ambiental.<\/li>\n<\/ul>\n<\/div><\/section><\/p><\/div>\n\n<style type=\"text\/css\" data-created_by=\"avia_inline_auto\" id=\"style-css-av-4aq9s2m-f4b7fab364cac3709921b6bacbb470af\">\n.flex_column.av-4aq9s2m-f4b7fab364cac3709921b6bacbb470af{\npadding:50px 0 0 0;\n}\n<\/style>\n<div  class='flex_column av-4aq9s2m-f4b7fab364cac3709921b6bacbb470af av_one_full  avia-builder-el-13  el_after_av_one_full  el_before_av_one_full  first flex_column_div  column-top-margin'     ><p>\n<style type=\"text\/css\" data-created_by=\"avia_inline_auto\" id=\"style-css-av-3zifgfy-a10dfdda9678279f481fefe318b15044\">\n#top .av-special-heading.av-3zifgfy-a10dfdda9678279f481fefe318b15044{\npadding-bottom:10px;\n}\nbody .av-special-heading.av-3zifgfy-a10dfdda9678279f481fefe318b15044 .av-special-heading-tag .heading-char{\nfont-size:25px;\n}\n.av-special-heading.av-3zifgfy-a10dfdda9678279f481fefe318b15044 .av-subheading{\nfont-size:15px;\n}\n<\/style>\n<div  class='av-special-heading av-3zifgfy-a10dfdda9678279f481fefe318b15044 av-special-heading-h2 blockquote modern-quote  avia-builder-el-14  el_before_av_textblock  avia-builder-el-first '><h2 class='av-special-heading-tag'  itemprop=\"headline\"  >Participantes<\/h2><div class=\"special-heading-border\"><div class=\"special-heading-inner-border\"><\/div><\/div><\/div><br \/>\n<section  class='av_textblock_section av-m42v0au6-96b675d9d2690003e8523f66f6166a77 '   itemscope=\"itemscope\" itemtype=\"https:\/\/schema.org\/CreativeWork\" ><div class='avia_textblock'  itemprop=\"text\" ><p>El evento atrae a un p\u00fablico cualificado y especializado, compuesto por:<\/p>\n<ul>\n<li>Ingenieros y dise\u00f1adores de procesos.<\/li>\n<li>Responsables de producci\u00f3n y calidad.<\/li>\n<li>Compradores y tomadores de decisiones de empresas de fabricaci\u00f3n y procesos.<\/li>\n<li>Proveedores de equipos, soluciones tecnol\u00f3gicas y servicios.<\/li>\n<\/ul>\n<p>Gracias a la participaci\u00f3n de empresas y pymes l\u00edderes, SOLIDS Parma representa una oportunidad \u00fanica para establecer contactos estrat\u00e9gicos y descubrir las \u00faltimas tendencias del mercado.<\/p>\n<\/div><\/section><\/p><\/div>\n\n<style type=\"text\/css\" data-created_by=\"avia_inline_auto\" id=\"style-css-av-3lxbuzi-1da9e36eb54689b4e85e8b20a9eea4c4\">\n.flex_column.av-3lxbuzi-1da9e36eb54689b4e85e8b20a9eea4c4{\npadding:50px 0 0 0;\n}\n<\/style>\n<div  class='flex_column av-3lxbuzi-1da9e36eb54689b4e85e8b20a9eea4c4 av_one_full  avia-builder-el-16  el_after_av_one_full  el_before_av_hr  first flex_column_div  column-top-margin'     ><p>\n<style type=\"text\/css\" data-created_by=\"avia_inline_auto\" id=\"style-css-av-m42v0hbc-b74472cd8ae0e863126710401891f480\">\n#top .av-special-heading.av-m42v0hbc-b74472cd8ae0e863126710401891f480{\npadding-bottom:10px;\n}\nbody .av-special-heading.av-m42v0hbc-b74472cd8ae0e863126710401891f480 .av-special-heading-tag .heading-char{\nfont-size:25px;\n}\n.av-special-heading.av-m42v0hbc-b74472cd8ae0e863126710401891f480 .av-subheading{\nfont-size:15px;\n}\n<\/style>\n<div  class='av-special-heading av-m42v0hbc-b74472cd8ae0e863126710401891f480 av-special-heading-h2 blockquote modern-quote  avia-builder-el-17  el_before_av_textblock  avia-builder-el-first '><h2 class='av-special-heading-tag'  itemprop=\"headline\"  >Impacto en la industria<\/h2><div class=\"special-heading-border\"><div class=\"special-heading-inner-border\"><\/div><\/div><\/div><br \/>\n<section  class='av_textblock_section av-m42v0q5k-d8b06ce6b9aa4956b00f5f3299e7047f '   itemscope=\"itemscope\" itemtype=\"https:\/\/schema.org\/CreativeWork\" ><div class='avia_textblock'  itemprop=\"text\" ><p>SOLIDS Parma desempe\u00f1a un papel clave en el desarrollo de las industrias italianas e internacionales que procesan materiales s\u00f3lidos a granel, proporcionando:<\/p>\n<ul>\n<li>Acceso directo a innovaciones tecnol\u00f3gicas: para mejorar la productividad y reducir los costos operativos.<\/li>\n<li>Oportunidades de networking: para fomentar colaboraciones comerciales y t\u00e9cnicas.<\/li>\n<li>Actualizaciones regulatorias y mejores pr\u00e1cticas: para garantizar el cumplimiento de la normativa de seguridad y sostenibilidad.<\/li>\n<\/ul>\n<\/div><\/section><\/p><\/div>\n\n<style type=\"text\/css\" data-created_by=\"avia_inline_auto\" id=\"style-css-av-2tdez26-1338ceb8592ba8902b14b73bebcc7422\">\n#top .hr.hr-invisible.av-2tdez26-1338ceb8592ba8902b14b73bebcc7422{\nheight:24px;\n}\n<\/style>\n<div  class='hr av-2tdez26-1338ceb8592ba8902b14b73bebcc7422 hr-invisible  avia-builder-el-19  el_after_av_one_full  el_before_av_hr '><span class='hr-inner '><span class=\"hr-inner-style\"><\/span><\/span><\/div>\n<div  class='hr av-2q5fqf2-50b35f2c2d547dfa1c85a15d22bff879 hr-short  avia-builder-el-20  el_after_av_hr  el_before_av_hr  hr-left'><span class='hr-inner '><span class=\"hr-inner-style\"><\/span><\/span><\/div>\n\n<style type=\"text\/css\" data-created_by=\"avia_inline_auto\" id=\"style-css-av-1wbuwe6-4dcf55cd188655dcb26e28a80d3ee79b\">\n#top .hr.hr-invisible.av-1wbuwe6-4dcf55cd188655dcb26e28a80d3ee79b{\nheight:24px;\n}\n<\/style>\n<div  class='hr av-1wbuwe6-4dcf55cd188655dcb26e28a80d3ee79b hr-invisible  avia-builder-el-21  el_after_av_hr  el_before_av_one_full '><span class='hr-inner '><span class=\"hr-inner-style\"><\/span><\/span><\/div>\n\n<style type=\"text\/css\" data-created_by=\"avia_inline_auto\" id=\"style-css-av-1pmwrvi-06b4de650f51b6a9c204b76ecf64d6f6\">\n.flex_column.av-1pmwrvi-06b4de650f51b6a9c204b76ecf64d6f6{\npadding:48px 48px 48px 48px;\nbackground-color:#eceff1;\n}\n<\/style>\n<div  class='flex_column av-1pmwrvi-06b4de650f51b6a9c204b76ecf64d6f6 av_one_full  avia-builder-el-22  el_after_av_hr  avia-builder-el-last  first flex_column_div  '     ><p>\n<style type=\"text\/css\" data-created_by=\"avia_inline_auto\" id=\"style-css-av-3nrllq-35938184db5ab6aa6fa0d3a3aee64dcd\">\n#top .av-special-heading.av-3nrllq-35938184db5ab6aa6fa0d3a3aee64dcd{\npadding-bottom:10px;\n}\nbody .av-special-heading.av-3nrllq-35938184db5ab6aa6fa0d3a3aee64dcd .av-special-heading-tag .heading-char{\nfont-size:25px;\n}\n.av-special-heading.av-3nrllq-35938184db5ab6aa6fa0d3a3aee64dcd .av-subheading{\nfont-size:15px;\n}\n<\/style>\n<div  class='av-special-heading av-3nrllq-35938184db5ab6aa6fa0d3a3aee64dcd av-special-heading-h2 blockquote modern-quote modern-centered  avia-builder-el-23  el_before_av_textblock  avia-builder-el-first '><h2 class='av-special-heading-tag'  itemprop=\"headline\"  >AYUDAS ESTATALES Y DE MINIMIS<\/h2><div class=\"special-heading-border\"><div class=\"special-heading-inner-border\"><\/div><\/div><\/div><br \/>\n<section  class='av_textblock_section av-voorby-ebecd858e1333f7db896e90aa199bca2 '   itemscope=\"itemscope\" itemtype=\"https:\/\/schema.org\/CreativeWork\" ><div class='avia_textblock'  itemprop=\"text\" ><p style=\"text-align: center;\"><strong>Obligaciones de informaci\u00f3n en materia de subvenciones p\u00fablicas.<\/strong><br \/>\nLas ayudas estatales y las ayudas de minimis recibidas por nuestra empresa est\u00e1n contenidas en el Registro Nacional de Ayudas del Estado al que se refiere el art. 52 de la Ley 234\/2012 al que se hace referencia y que puede consultarse en el siguiente enlace:\u00a0<a role=\"link\" href=\"https:\/\/www.rna.gov.it\/trasparenza\" target=\"_blank\" rel=\"noopener\">Aprende m\u00e1s&gt;&gt;<\/a><\/p>\n<\/div><\/section><\/p><\/div>\n","protected":false},"excerpt":{"rendered":"","protected":false},"author":6,"featured_media":0,"parent":17445,"menu_order":0,"comment_status":"closed","ping_status":"closed","template":"","meta":{"_monsterinsights_skip_tracking":false,"_monsterinsights_sitenote_active":false,"_monsterinsights_sitenote_note":"","_monsterinsights_sitenote_category":0,"footnotes":""},"_links":{"self":[{"href":"https:\/\/www.idealtecsrl.com\/es\/wp-json\/wp\/v2\/pages\/17625"}],"collection":[{"href":"https:\/\/www.idealtecsrl.com\/es\/wp-json\/wp\/v2\/pages"}],"about":[{"href":"https:\/\/www.idealtecsrl.com\/es\/wp-json\/wp\/v2\/types\/page"}],"author":[{"embeddable":true,"href":"https:\/\/www.idealtecsrl.com\/es\/wp-json\/wp\/v2\/users\/6"}],"replies":[{"embeddable":true,"href":"https:\/\/www.idealtecsrl.com\/es\/wp-json\/wp\/v2\/comments?post=17625"}],"version-history":[{"count":2,"href":"https:\/\/www.idealtecsrl.com\/es\/wp-json\/wp\/v2\/pages\/17625\/revisions"}],"predecessor-version":[{"id":17627,"href":"https:\/\/www.idealtecsrl.com\/es\/wp-json\/wp\/v2\/pages\/17625\/revisions\/17627"}],"up":[{"embeddable":true,"href":"https:\/\/www.idealtecsrl.com\/es\/wp-json\/wp\/v2\/pages\/17445"}],"wp:attachment":[{"href":"https:\/\/www.idealtecsrl.com\/es\/wp-json\/wp\/v2\/media?parent=17625"}],"curies":[{"name":"wp","href":"https:\/\/api.w.org\/{rel}","templated":true}]}}