{"id":20385,"date":"2025-01-30T09:50:20","date_gmt":"2025-01-30T08:50:20","guid":{"rendered":"https:\/\/www.idealtecsrl.com\/ferias-de-exposicion\/eurocoat\/"},"modified":"2025-01-30T12:40:10","modified_gmt":"2025-01-30T11:40:10","slug":"eurocoat","status":"publish","type":"page","link":"https:\/\/www.idealtecsrl.com\/es\/ferias-de-exposicion\/eurocoat\/","title":{"rendered":"Eurocoat"},"content":{"rendered":"<div id='full_slider_1'  class='avia-fullwidth-slider main_color avia-shadow   avia-builder-el-0  el_before_av_one_half  avia-builder-el-first   container_wrap fullsize'  >\n<style type=\"text\/css\" data-created_by=\"avia_inline_auto\" id=\"style-css-av-m6j196ho-6e1a0f199ed2f00918eb454d67fc09f8\">\n#top #wrap_all .avia-slideshow .av-slideshow-caption.av-m6j196ho-6e1a0f199ed2f00918eb454d67fc09f8__0 .avia-caption-title{\ncolor:#ffffff;\n}\n#top .avia-slideshow .av-slideshow-caption.av-m6j196ho-6e1a0f199ed2f00918eb454d67fc09f8__0 .avia-caption-content{\ncolor:#ffffff;\n}\n<\/style>\n<div  class='avia-slideshow av-m6j196ho-6e1a0f199ed2f00918eb454d67fc09f8 avia-slideshow-featured av_slideshow_full avia-fade-slider av-slideshow-ui av-control-hidden av-no-slider-navigation av-hide-nav-arrows av-slideshow-autoplay av-loop-endless av-loop-manual-endless av-default-height-applied   avia-slideshow-1' data-slideshow-options=\"{&quot;animation&quot;:&quot;fade&quot;,&quot;autoplay&quot;:true,&quot;loop_autoplay&quot;:&quot;endless&quot;,&quot;interval&quot;:3,&quot;loop_manual&quot;:&quot;manual-endless&quot;,&quot;autoplay_stopper&quot;:false,&quot;noNavigation&quot;:true,&quot;bg_slider&quot;:false,&quot;transitionSpeed&quot;:800,&quot;keep_padding&quot;:false,&quot;hoverpause&quot;:false,&quot;show_slide_delay&quot;:0}\"  itemprop=\"image\" itemscope=\"itemscope\" itemtype=\"https:\/\/schema.org\/ImageObject\" ><ul class='avia-slideshow-inner ' style='padding-bottom: 28.666666666667%;'><li  class='avia-slideshow-slide av-m6j196ho-6e1a0f199ed2f00918eb454d67fc09f8__0  slide-1 slide-odd'><div data-rel='slideshow-1' class='avia-slide-wrap '   ><img decoding=\"async\" fetchpriority=\"high\" class=\"wp-image-15269 avia-img-lazy-loading-not-15269\"  src=\"https:\/\/www.idealtecsrl.com\/wp-content\/uploads\/2024\/07\/visore-ci-presentiamo-1.jpg\" width=\"1500\" height=\"430\" title='visore-ci-presentiamo-1' alt=''  itemprop=\"thumbnailUrl\"  style='min-height:400px; min-width:1396px; ' srcset=\"https:\/\/www.idealtecsrl.com\/wp-content\/uploads\/2024\/07\/visore-ci-presentiamo-1.jpg 1500w, https:\/\/www.idealtecsrl.com\/wp-content\/uploads\/2024\/07\/visore-ci-presentiamo-1-300x86.jpg 300w, https:\/\/www.idealtecsrl.com\/wp-content\/uploads\/2024\/07\/visore-ci-presentiamo-1-1030x295.jpg 1030w, https:\/\/www.idealtecsrl.com\/wp-content\/uploads\/2024\/07\/visore-ci-presentiamo-1-768x220.jpg 768w, https:\/\/www.idealtecsrl.com\/wp-content\/uploads\/2024\/07\/visore-ci-presentiamo-1-705x202.jpg 705w\" sizes=\"(max-width: 1500px) 100vw, 1500px\" \/><div class='av-section-color-overlay' style='opacity: 0.6; background-color: #18417e; '><\/div><\/div><\/li><li  class='avia-slideshow-slide av-m6j196ho-6e1a0f199ed2f00918eb454d67fc09f8__1  slide-2 slide-even'><div data-rel='slideshow-1' class='avia-slide-wrap '   ><img decoding=\"async\" fetchpriority=\"high\" class=\"wp-image-15276 avia-img-lazy-loading-not-15276\"  src=\"https:\/\/www.idealtecsrl.com\/wp-content\/uploads\/2024\/07\/visore-ci-presentiamo-2.jpg\" width=\"1500\" height=\"430\" title='visore-ci-presentiamo-2' alt=''  itemprop=\"thumbnailUrl\"  style='min-height:400px; min-width:1396px; ' srcset=\"https:\/\/www.idealtecsrl.com\/wp-content\/uploads\/2024\/07\/visore-ci-presentiamo-2.jpg 1500w, https:\/\/www.idealtecsrl.com\/wp-content\/uploads\/2024\/07\/visore-ci-presentiamo-2-300x86.jpg 300w, https:\/\/www.idealtecsrl.com\/wp-content\/uploads\/2024\/07\/visore-ci-presentiamo-2-1030x295.jpg 1030w, https:\/\/www.idealtecsrl.com\/wp-content\/uploads\/2024\/07\/visore-ci-presentiamo-2-768x220.jpg 768w, https:\/\/www.idealtecsrl.com\/wp-content\/uploads\/2024\/07\/visore-ci-presentiamo-2-705x202.jpg 705w\" sizes=\"(max-width: 1500px) 100vw, 1500px\" \/><div class='av-section-color-overlay' style='opacity: 0.6; background-color: #18417e; '><\/div><\/div><\/li><li  class='avia-slideshow-slide av-m6j196ho-6e1a0f199ed2f00918eb454d67fc09f8__2  slide-3 slide-odd'><div data-rel='slideshow-1' class='avia-slide-wrap '   ><img decoding=\"async\" fetchpriority=\"high\" class=\"wp-image-15283 avia-img-lazy-loading-not-15283\"  src=\"https:\/\/www.idealtecsrl.com\/wp-content\/uploads\/2024\/07\/visore-ci-presentiamo-3.jpg\" width=\"1500\" height=\"430\" title='visore-ci-presentiamo-3' alt=''  itemprop=\"thumbnailUrl\"  style='min-height:400px; min-width:1396px; ' srcset=\"https:\/\/www.idealtecsrl.com\/wp-content\/uploads\/2024\/07\/visore-ci-presentiamo-3.jpg 1500w, https:\/\/www.idealtecsrl.com\/wp-content\/uploads\/2024\/07\/visore-ci-presentiamo-3-300x86.jpg 300w, https:\/\/www.idealtecsrl.com\/wp-content\/uploads\/2024\/07\/visore-ci-presentiamo-3-1030x295.jpg 1030w, https:\/\/www.idealtecsrl.com\/wp-content\/uploads\/2024\/07\/visore-ci-presentiamo-3-768x220.jpg 768w, https:\/\/www.idealtecsrl.com\/wp-content\/uploads\/2024\/07\/visore-ci-presentiamo-3-705x202.jpg 705w\" sizes=\"(max-width: 1500px) 100vw, 1500px\" \/><div class='av-section-color-overlay' style='opacity: 0.6; background-color: #18417e; '><\/div><\/div><\/li><li  class='avia-slideshow-slide av-m6j196ho-6e1a0f199ed2f00918eb454d67fc09f8__3  slide-4 slide-even'><div data-rel='slideshow-1' class='avia-slide-wrap '   ><img decoding=\"async\" fetchpriority=\"high\" class=\"wp-image-15290 avia-img-lazy-loading-not-15290\"  src=\"https:\/\/www.idealtecsrl.com\/wp-content\/uploads\/2024\/07\/visore-ci-presentiamo-4.jpg\" width=\"1500\" height=\"430\" title='visore-ci-presentiamo-4' alt=''  itemprop=\"thumbnailUrl\"  style='min-height:400px; min-width:1396px; ' srcset=\"https:\/\/www.idealtecsrl.com\/wp-content\/uploads\/2024\/07\/visore-ci-presentiamo-4.jpg 1500w, https:\/\/www.idealtecsrl.com\/wp-content\/uploads\/2024\/07\/visore-ci-presentiamo-4-300x86.jpg 300w, https:\/\/www.idealtecsrl.com\/wp-content\/uploads\/2024\/07\/visore-ci-presentiamo-4-1030x295.jpg 1030w, https:\/\/www.idealtecsrl.com\/wp-content\/uploads\/2024\/07\/visore-ci-presentiamo-4-768x220.jpg 768w, https:\/\/www.idealtecsrl.com\/wp-content\/uploads\/2024\/07\/visore-ci-presentiamo-4-705x202.jpg 705w\" sizes=\"(max-width: 1500px) 100vw, 1500px\" \/><div class='av-section-color-overlay' style='opacity: 0.6; background-color: #18417e; '><\/div><\/div><\/li><li  class='avia-slideshow-slide av-m6j196ho-6e1a0f199ed2f00918eb454d67fc09f8__4  slide-5 slide-odd'><div data-rel='slideshow-1' class='avia-slide-wrap '   ><img decoding=\"async\" fetchpriority=\"high\" class=\"wp-image-15297 avia-img-lazy-loading-not-15297\"  src=\"https:\/\/www.idealtecsrl.com\/wp-content\/uploads\/2024\/07\/visore-ci-presentiamo-5.jpg\" width=\"1500\" height=\"430\" title='visore-ci-presentiamo-5' alt=''  itemprop=\"thumbnailUrl\"  style='min-height:400px; min-width:1396px; ' srcset=\"https:\/\/www.idealtecsrl.com\/wp-content\/uploads\/2024\/07\/visore-ci-presentiamo-5.jpg 1500w, https:\/\/www.idealtecsrl.com\/wp-content\/uploads\/2024\/07\/visore-ci-presentiamo-5-300x86.jpg 300w, https:\/\/www.idealtecsrl.com\/wp-content\/uploads\/2024\/07\/visore-ci-presentiamo-5-1030x295.jpg 1030w, https:\/\/www.idealtecsrl.com\/wp-content\/uploads\/2024\/07\/visore-ci-presentiamo-5-768x220.jpg 768w, https:\/\/www.idealtecsrl.com\/wp-content\/uploads\/2024\/07\/visore-ci-presentiamo-5-705x202.jpg 705w\" sizes=\"(max-width: 1500px) 100vw, 1500px\" \/><div class='av-section-color-overlay' style='opacity: 0.6; background-color: #18417e; '><\/div><\/div><\/li><\/ul><div class='avia-slideshow-arrows avia-slideshow-controls' ><a href='#prev' class='prev-slide ' aria-hidden='true' data-av_icon='\ue87c' data-av_iconfont='entypo-fontello'  tabindex='-1'>Anterior<\/a><a href='#next' class='next-slide ' aria-hidden='true' data-av_icon='\ue87d' data-av_iconfont='entypo-fontello'  tabindex='-1'>Posterior<\/a><\/div><div class='av-slideshow-caption av-m6j196ho-6e1a0f199ed2f00918eb454d67fc09f8__0 caption_fullwidth caption_center'><div class=\"container caption_container\"><div class=\"slideshow_caption\"><div class=\"slideshow_inner_caption\"><div class=\"slideshow_align_caption\"><h1 class='avia-caption-title '  itemprop=\"name\" >Eurocoat<\/h1><\/div><\/div><\/div><\/div><\/div><\/div><\/div><div id='after_full_slider_1'  class='main_color av_default_container_wrap container_wrap fullsize'  ><div class='container av-section-cont-open' ><div class='template-page content  av-content-full alpha units'><div class='post-entry post-entry-type-page post-entry-20385'><div class='entry-content-wrapper clearfix'>\n\n<style type=\"text\/css\" data-created_by=\"avia_inline_auto\" id=\"style-css-av-9r3v5p8-7901755f09cde7dcd07417f14398c3a1\">\n.flex_column.av-9r3v5p8-7901755f09cde7dcd07417f14398c3a1{\npadding:50px 0 0 0;\n}\n<\/style>\n<div  class='flex_column av-9r3v5p8-7901755f09cde7dcd07417f14398c3a1 av_one_half  avia-builder-el-1  el_after_av_slideshow_full  el_before_av_one_half  avia-builder-el-first  first flex_column_div  '     ><p><section  class='av_textblock_section av-m6j19sdb-dc52274e305945526015460924b1b49d '   itemscope=\"itemscope\" itemtype=\"https:\/\/schema.org\/CreativeWork\" ><div class='avia_textblock'  itemprop=\"text\" ><p>Eurocoat es una de las ferias l\u00edderes en Europa para la industria de recubrimientos, pinturas, tintas, adhesivos y selladores, as\u00ed como para materias primas, equipos y tecnolog\u00edas relacionadas. Con m\u00e1s de 40 a\u00f1os de historia, el evento representa un punto de encuentro imprescindible para los profesionales del sector, ofreciendo una visi\u00f3n completa de las \u00faltimas innovaciones, tendencias y soluciones t\u00e9cnicas.<\/p>\n<p>Eurocoat se celebra cada dos a\u00f1os en una importante ciudad europea, con un fuerte enfoque en los mercados del sur de Europa, el Mediterr\u00e1neo y el norte de \u00c1frica. El evento est\u00e1 organizado por ETAI (Groupe Infopro Digital) en colaboraci\u00f3n con asociaciones industriales, instituciones de investigaci\u00f3n y empresas l\u00edderes.<\/p>\n<\/div><\/section><br \/>\n\n<style type=\"text\/css\" data-created_by=\"avia_inline_auto\" id=\"style-css-av-3dnal8-3d377b9d29f7851326c5f687f4940da9\">\n#top .hr.hr-invisible.av-3dnal8-3d377b9d29f7851326c5f687f4940da9{\nheight:50px;\n}\n<\/style>\n<div  class='hr av-3dnal8-3d377b9d29f7851326c5f687f4940da9 hr-invisible  avia-builder-el-3  el_after_av_textblock  el_before_av_button '><span class='hr-inner '><span class=\"hr-inner-style\"><\/span><\/span><\/div><br \/>\n<div  class='avia-button-wrap av-m6j13x3a-1ff111b2d75e862daf17379b4ec51526-wrap avia-button-left  avia-builder-el-4  el_after_av_hr  avia-builder-el-last '><a href='https:\/\/www.eurocoat-expo.com\/en' class='avia-button av-m6j13x3a-1ff111b2d75e862daf17379b4ec51526 av-link-btn avia-icon_select-yes-right-icon avia-size-large avia-position-left av-icon-on-hover avia-color-theme-color' target=\"_blank\" rel=\"noopener noreferrer\"><span class='avia_iconbox_title' >Visita el sitio web oficial<\/span><span class='avia_button_icon avia_button_icon_right' aria-hidden='true' data-av_icon='\ue879' data-av_iconfont='entypo-fontello'><\/span><\/a><\/div><\/p><\/div>\n\n<style type=\"text\/css\" data-created_by=\"avia_inline_auto\" id=\"style-css-av-8znq0zg-8d43f82d3cf52b20136d17cd0d412b4b\">\n.flex_column.av-8znq0zg-8d43f82d3cf52b20136d17cd0d412b4b{\npadding:50px 0 0 0;\n}\n<\/style>\n<div  class='flex_column av-8znq0zg-8d43f82d3cf52b20136d17cd0d412b4b av_one_half  avia-builder-el-5  el_after_av_one_half  el_before_av_one_full  flex_column_div  '     ><style type=\"text\/css\" data-created_by=\"avia_inline_auto\" id=\"style-css-av-m6j13ntb-badcfde2a06de8e1c57f4fa082d9a312\">\n.avia-image-container.av-m6j13ntb-badcfde2a06de8e1c57f4fa082d9a312 img.avia_image{\nbox-shadow:none;\n}\n.avia-image-container.av-m6j13ntb-badcfde2a06de8e1c57f4fa082d9a312 .av-image-caption-overlay-center{\ncolor:#ffffff;\n}\n<\/style>\n<div  class='avia-image-container av-m6j13ntb-badcfde2a06de8e1c57f4fa082d9a312 av-styling- av-img-linked avia-align-center  avia-builder-el-6  avia-builder-el-no-sibling '   itemprop=\"image\" itemscope=\"itemscope\" itemtype=\"https:\/\/schema.org\/ImageObject\" ><div class=\"avia-image-container-inner\"><div class=\"avia-image-overlay-wrap\"><a href=\"https:\/\/www.eurocoat-expo.com\/en\" class='avia_image ' target=\"_blank\" rel=\"noopener noreferrer\" aria-label='Eurocoat'><img decoding=\"async\" fetchpriority=\"high\" class='wp-image-20345 avia-img-lazy-loading-not-20345 avia_image ' src=\"https:\/\/www.idealtecsrl.com\/wp-content\/uploads\/2025\/01\/Eurocoat-300x300.jpg\" alt='' title='Eurocoat'  height=\"300\" width=\"300\"  itemprop=\"thumbnailUrl\" srcset=\"https:\/\/www.idealtecsrl.com\/wp-content\/uploads\/2025\/01\/Eurocoat-300x300.jpg 300w, https:\/\/www.idealtecsrl.com\/wp-content\/uploads\/2025\/01\/Eurocoat-80x80.jpg 80w, https:\/\/www.idealtecsrl.com\/wp-content\/uploads\/2025\/01\/Eurocoat-36x36.jpg 36w, https:\/\/www.idealtecsrl.com\/wp-content\/uploads\/2025\/01\/Eurocoat-180x180.jpg 180w, https:\/\/www.idealtecsrl.com\/wp-content\/uploads\/2025\/01\/Eurocoat.jpg 400w\" sizes=\"(max-width: 300px) 100vw, 300px\" \/><\/a><\/div><\/div><\/div><\/div>\n\n<style type=\"text\/css\" data-created_by=\"avia_inline_auto\" id=\"style-css-av-8bdpoxo-006baa0b54beaccdd4c240590a3a769c\">\n.flex_column.av-8bdpoxo-006baa0b54beaccdd4c240590a3a769c{\npadding:50px 0 0 0;\n}\n<\/style>\n<div  class='flex_column av-8bdpoxo-006baa0b54beaccdd4c240590a3a769c av_one_full  avia-builder-el-7  el_after_av_one_half  el_before_av_one_full  first flex_column_div  column-top-margin'     ><p>\n<style type=\"text\/css\" data-created_by=\"avia_inline_auto\" id=\"style-css-av-7w4pw0s-d7261876fa36fea9cb91a4b07ddc1c08\">\n#top .av-special-heading.av-7w4pw0s-d7261876fa36fea9cb91a4b07ddc1c08{\npadding-bottom:10px;\n}\nbody .av-special-heading.av-7w4pw0s-d7261876fa36fea9cb91a4b07ddc1c08 .av-special-heading-tag .heading-char{\nfont-size:25px;\n}\n.av-special-heading.av-7w4pw0s-d7261876fa36fea9cb91a4b07ddc1c08 .av-subheading{\nfont-size:15px;\n}\n<\/style>\n<div  class='av-special-heading av-7w4pw0s-d7261876fa36fea9cb91a4b07ddc1c08 av-special-heading-h2 blockquote modern-quote  avia-builder-el-8  el_before_av_textblock  avia-builder-el-first '><h2 class='av-special-heading-tag'  itemprop=\"headline\"  >Objetivos e importancia<\/h2><div class=\"special-heading-border\"><div class=\"special-heading-inner-border\"><\/div><\/div><\/div><br \/>\n<section  class='av_textblock_section av-m6j1b5or-a0556d546d485e4ac4d29eabc1f46c1a '   itemscope=\"itemscope\" itemtype=\"https:\/\/schema.org\/CreativeWork\" ><div class='avia_textblock'  itemprop=\"text\" ><p>Eurocoat es una cita ineludible para:<\/p>\n<ul>\n<li>Explorando nuevas tecnolog\u00edas y materiales en la industria de recubrimientos.<\/li>\n<li>Facilitar reuniones B2B entre proveedores, fabricantes y tomadores de decisiones.<\/li>\n<li>Compartir conocimientos a trav\u00e9s de un rico programa de conferencias y talleres.<\/li>\n<li>Apoyar la innovaci\u00f3n y la sostenibilidad, promoviendo soluciones m\u00e1s verdes y eficientes.<\/li>\n<\/ul>\n<p>El evento se posiciona como una plataforma estrat\u00e9gica para la industria, conectando a los principales actores de la cadena de suministro y brindando oportunidades de crecimiento y desarrollo empresarial.<\/p>\n<\/div><\/section><\/p><\/div>\n\n<style type=\"text\/css\" data-created_by=\"avia_inline_auto\" id=\"style-css-av-7iewyvw-5968f7a784f7a0f95187b510683319d0\">\n.flex_column.av-7iewyvw-5968f7a784f7a0f95187b510683319d0{\npadding:50px 0 0 0;\n}\n<\/style>\n<div  class='flex_column av-7iewyvw-5968f7a784f7a0f95187b510683319d0 av_one_full  avia-builder-el-10  el_after_av_one_full  el_before_av_one_full  first flex_column_div  column-top-margin'     ><p>\n<style type=\"text\/css\" data-created_by=\"avia_inline_auto\" id=\"style-css-av-74qs28s-2944ce7f2d40316cd404711d75267b7a\">\n#top .av-special-heading.av-74qs28s-2944ce7f2d40316cd404711d75267b7a{\npadding-bottom:10px;\n}\nbody .av-special-heading.av-74qs28s-2944ce7f2d40316cd404711d75267b7a .av-special-heading-tag .heading-char{\nfont-size:25px;\n}\n.av-special-heading.av-74qs28s-2944ce7f2d40316cd404711d75267b7a .av-subheading{\nfont-size:15px;\n}\n<\/style>\n<div  class='av-special-heading av-74qs28s-2944ce7f2d40316cd404711d75267b7a av-special-heading-h2 blockquote modern-quote  avia-builder-el-11  el_before_av_textblock  avia-builder-el-first '><h2 class='av-special-heading-tag'  itemprop=\"headline\"  >Caracter\u00edsticas principales<\/h2><div class=\"special-heading-border\"><div class=\"special-heading-inner-border\"><\/div><\/div><\/div><br \/>\n<section  class='av_textblock_section av-m6j1jpad-cdd8b3a259d498113a2f21859d741a39 '   itemscope=\"itemscope\" itemtype=\"https:\/\/schema.org\/CreativeWork\" ><div class='avia_textblock'  itemprop=\"text\" ><p><strong>1. Exposici\u00f3n comercial de alto nivel<\/strong><br \/>\nEurocoat re\u00fane a expositores nacionales e internacionales, ofreciendo un escaparate completo sobre:<\/p>\n<ul>\n<li>Materias primas para recubrimientos, pinturas y tintas.<\/li>\n<li>Productos qu\u00edmicos y aditivos especiales para mejorar el rendimiento de los recubrimientos.<\/li>\n<li>Maquinaria y equipos para producci\u00f3n, envasado y aplicaci\u00f3n.<\/li>\n<li>Herramientas de medici\u00f3n y control de calidad.<\/li>\n<li>Soluciones de automatizaci\u00f3n y digitalizaci\u00f3n para optimizar los procesos productivos.<\/li>\n<\/ul>\n<p><strong>2. Sectores de aplicaci\u00f3n<\/strong><br \/>\nEurocoat presta servicio a una amplia gama de sectores industriales, entre los que se incluyen:<\/p>\n<ul>\n<li>Edificaci\u00f3n y construcci\u00f3n (pinturas y recubrimientos protectores).<\/li>\n<li>Automotriz y transporte (pinturas y protecci\u00f3n de carrocer\u00eda).<\/li>\n<li>Embalaje (tintas y recubrimientos para embalajes).<\/li>\n<li>Industria marina y aeroespacial (recubrimientos anticorrosi\u00f3n).<\/li>\n<li>Madera, metales y pl\u00e1sticos (tratamientos superficiales y acabados especiales).<\/li>\n<\/ul>\n<p><strong>3. Conferencias y talleres t\u00e9cnicos<\/strong><br \/>\nEl evento se enriquece con un programa de conferencias de alto nivel, en el que expertos de la industria debatir\u00e1n temas clave como:<\/p>\n<ul>\n<li>Innovaci\u00f3n en materiales y procesos productivos.<\/li>\n<li>Sostenibilidad y reducci\u00f3n del impacto ambiental.<\/li>\n<li>Normas y regulaciones internacionales para la industria de recubrimientos.<br \/>\nTecnolog\u00edas de aplicaci\u00f3n avanzadas y automatizaci\u00f3n de procesos.<\/li>\n<\/ul>\n<p><strong>4. Centrarse en la innovaci\u00f3n y la sostenibilidad<\/strong><br \/>\nEurocoat presta gran atenci\u00f3n a las nuevas tecnolog\u00edas y pr\u00e1cticas sostenibles, promoviendo:<\/p>\n<ul>\n<li>Soluciones base agua y biocompatibles para reducir el impacto ambiental.<\/li>\n<li>Nuevas formulaciones de pinturas y recubrimientos con propiedades mejoradas (resistencia, durabilidad, seguridad).<\/li>\n<li>Estrategias de reciclaje y gesti\u00f3n responsable de materiales.<\/li>\n<\/ul>\n<\/div><\/section><\/p><\/div>\n<style type=\"text\/css\" data-created_by=\"avia_inline_auto\" id=\"style-css-av-6kvk18c-9da61d3c2cb11c0f2958c0d4d43567cb\">\n.flex_column.av-6kvk18c-9da61d3c2cb11c0f2958c0d4d43567cb{\npadding:50px 0 0 0;\n}\n<\/style>\n<div  class='flex_column av-6kvk18c-9da61d3c2cb11c0f2958c0d4d43567cb av_one_full  avia-builder-el-13  el_after_av_one_full  el_before_av_hr  first flex_column_div  column-top-margin'     ><p>\n<style type=\"text\/css\" data-created_by=\"avia_inline_auto\" id=\"style-css-av-6e66wl8-e767196dfdf6e86a738496943470ee75\">\n#top .av-special-heading.av-6e66wl8-e767196dfdf6e86a738496943470ee75{\npadding-bottom:10px;\n}\nbody .av-special-heading.av-6e66wl8-e767196dfdf6e86a738496943470ee75 .av-special-heading-tag .heading-char{\nfont-size:25px;\n}\n.av-special-heading.av-6e66wl8-e767196dfdf6e86a738496943470ee75 .av-subheading{\nfont-size:15px;\n}\n<\/style>\n<div  class='av-special-heading av-6e66wl8-e767196dfdf6e86a738496943470ee75 av-special-heading-h2 blockquote modern-quote  avia-builder-el-14  el_before_av_textblock  avia-builder-el-first '><h2 class='av-special-heading-tag'  itemprop=\"headline\"  >Participantes<\/h2><div class=\"special-heading-border\"><div class=\"special-heading-inner-border\"><\/div><\/div><\/div><br \/>\n<section  class='av_textblock_section av-m6j1k2kw-f23da1858f97d65e309fa28199cca17e '   itemscope=\"itemscope\" itemtype=\"https:\/\/schema.org\/CreativeWork\" ><div class='avia_textblock'  itemprop=\"text\" ><p>Eurocoat da la bienvenida a un p\u00fablico altamente especializado, entre el que se encuentra:<\/p>\n<ul>\n<li>Fabricantes de pinturas, tintas, adhesivos y selladores.<\/li>\n<li>Proveedores de materias primas (resinas, pigmentos, aditivos, disolventes).<\/li>\n<li>Fabricantes de maquinaria y equipos para producci\u00f3n y aplicaci\u00f3n.<\/li>\n<li>Laboratorios de investigaci\u00f3n y desarrollo.<\/li>\n<li>Expertos en regulaci\u00f3n y sostenibilidad.<\/li>\n<li>Compradores y distribuidores del sector.<\/li>\n<\/ul>\n<p>El evento representa una oportunidad \u00fanica para que las empresas ampl\u00eden su red, exploren nuevos mercados y encuentren soluciones innovadoras para su negocio.<\/p>\n<\/div><\/section><\/p><\/div><\/p>\n\n<style type=\"text\/css\" data-created_by=\"avia_inline_auto\" id=\"style-css-av-aql6sc-ef25810b69836c96deae09b737df1271\">\n#top .hr.hr-invisible.av-aql6sc-ef25810b69836c96deae09b737df1271{\nheight:24px;\n}\n<\/style>\n<div  class='hr av-aql6sc-ef25810b69836c96deae09b737df1271 hr-invisible  avia-builder-el-16  el_after_av_one_full  el_before_av_hr '><span class='hr-inner '><span class=\"hr-inner-style\"><\/span><\/span><\/div>\n<div  class='hr av-2hccbwc-849de1201f0e83ad7fab4d15c370613d hr-short  avia-builder-el-17  el_after_av_hr  el_before_av_hr  hr-left'><span class='hr-inner '><span class=\"hr-inner-style\"><\/span><\/span><\/div>\n\n<style type=\"text\/css\" data-created_by=\"avia_inline_auto\" id=\"style-css-av-1xvgukc-5c4c35a0b76ffa1a5032793808604d8c\">\n#top .hr.hr-invisible.av-1xvgukc-5c4c35a0b76ffa1a5032793808604d8c{\nheight:24px;\n}\n<\/style>\n<div  class='hr av-1xvgukc-5c4c35a0b76ffa1a5032793808604d8c hr-invisible  avia-builder-el-18  el_after_av_hr  el_before_av_one_full '><span class='hr-inner '><span class=\"hr-inner-style\"><\/span><\/span><\/div>\n\n<style type=\"text\/css\" data-created_by=\"avia_inline_auto\" id=\"style-css-av-1tmeaxo-285c2bf6a74a2a62b25373991846f965\">\n.flex_column.av-1tmeaxo-285c2bf6a74a2a62b25373991846f965{\npadding:48px 48px 48px 48px;\nbackground-color:#eceff1;\n}\n<\/style>\n<div  class='flex_column av-1tmeaxo-285c2bf6a74a2a62b25373991846f965 av_one_full  avia-builder-el-19  el_after_av_hr  avia-builder-el-last  first flex_column_div  '     ><p>\n<style type=\"text\/css\" data-created_by=\"avia_inline_auto\" id=\"style-css-av-zdxmsc-da18c7493183782e70b65f2ccf211d26\">\n#top .av-special-heading.av-zdxmsc-da18c7493183782e70b65f2ccf211d26{\npadding-bottom:10px;\n}\nbody .av-special-heading.av-zdxmsc-da18c7493183782e70b65f2ccf211d26 .av-special-heading-tag .heading-char{\nfont-size:25px;\n}\n.av-special-heading.av-zdxmsc-da18c7493183782e70b65f2ccf211d26 .av-subheading{\nfont-size:15px;\n}\n<\/style>\n<div  class='av-special-heading av-zdxmsc-da18c7493183782e70b65f2ccf211d26 av-special-heading-h2 blockquote modern-quote modern-centered  avia-builder-el-20  el_before_av_textblock  avia-builder-el-first '><h2 class='av-special-heading-tag'  itemprop=\"headline\"  >AYUDAS ESTATALES Y DE MINIMIS<\/h2><div class=\"special-heading-border\"><div class=\"special-heading-inner-border\"><\/div><\/div><\/div><br \/>\n<section  class='av_textblock_section av-w1wn8c-54a2c35111a7e08c6ed91d717df34fa9 '   itemscope=\"itemscope\" itemtype=\"https:\/\/schema.org\/CreativeWork\" ><div class='avia_textblock'  itemprop=\"text\" ><p style=\"text-align: center;\"><strong>Obligaciones de informaci\u00f3n en materia de subvenciones p\u00fablicas.<\/strong><br \/>\nLas ayudas estatales y las ayudas de minimis recibidas por nuestra empresa est\u00e1n contenidas en el Registro Nacional de Ayudas del Estado al que se refiere el art. 52 de la Ley 234\/2012 al que se hace referencia y que puede consultarse en el siguiente enlace:\u00a0<a role=\"link\" href=\"https:\/\/www.rna.gov.it\/trasparenza\" target=\"_blank\" rel=\"noopener\">Aprende m\u00e1s&gt;&gt;<\/a><\/p>\n<\/div><\/section><\/p><\/div>\n","protected":false},"excerpt":{"rendered":"","protected":false},"author":6,"featured_media":0,"parent":17445,"menu_order":0,"comment_status":"closed","ping_status":"closed","template":"","meta":{"_monsterinsights_skip_tracking":false,"_monsterinsights_sitenote_active":false,"_monsterinsights_sitenote_note":"","_monsterinsights_sitenote_category":0,"footnotes":""},"_links":{"self":[{"href":"https:\/\/www.idealtecsrl.com\/es\/wp-json\/wp\/v2\/pages\/20385"}],"collection":[{"href":"https:\/\/www.idealtecsrl.com\/es\/wp-json\/wp\/v2\/pages"}],"about":[{"href":"https:\/\/www.idealtecsrl.com\/es\/wp-json\/wp\/v2\/types\/page"}],"author":[{"embeddable":true,"href":"https:\/\/www.idealtecsrl.com\/es\/wp-json\/wp\/v2\/users\/6"}],"replies":[{"embeddable":true,"href":"https:\/\/www.idealtecsrl.com\/es\/wp-json\/wp\/v2\/comments?post=20385"}],"version-history":[{"count":6,"href":"https:\/\/www.idealtecsrl.com\/es\/wp-json\/wp\/v2\/pages\/20385\/revisions"}],"predecessor-version":[{"id":20539,"href":"https:\/\/www.idealtecsrl.com\/es\/wp-json\/wp\/v2\/pages\/20385\/revisions\/20539"}],"up":[{"embeddable":true,"href":"https:\/\/www.idealtecsrl.com\/es\/wp-json\/wp\/v2\/pages\/17445"}],"wp:attachment":[{"href":"https:\/\/www.idealtecsrl.com\/es\/wp-json\/wp\/v2\/media?parent=20385"}],"curies":[{"name":"wp","href":"https:\/\/api.w.org\/{rel}","templated":true}]}}