{"id":8173,"date":"2020-10-08T15:29:37","date_gmt":"2020-10-08T13:29:37","guid":{"rendered":"https:\/\/www.idealtecsrl.com\/privacy-cookies-policy\/"},"modified":"2024-11-30T15:57:58","modified_gmt":"2024-11-30T14:57:58","slug":"privacy-cookies-policy","status":"publish","type":"page","link":"https:\/\/www.idealtecsrl.com\/es\/privacy-cookies-policy\/","title":{"rendered":"Pol\u00edtica de privacidad"},"content":{"rendered":"<div  class='flex_column av-4bu3jt-98e72d32d0ba23327de72a0cae001b98 av_one_full  avia-builder-el-0  el_before_av_one_full  avia-builder-el-first  first flex_column_div  '     ><style type=\"text\/css\" data-created_by=\"avia_inline_auto\" id=\"style-css-av-lyiwwyxx-2929de70b0b22f3aaa2bcec4d1802bb3\">\n#top .av-special-heading.av-lyiwwyxx-2929de70b0b22f3aaa2bcec4d1802bb3{\npadding-bottom:10px;\n}\nbody .av-special-heading.av-lyiwwyxx-2929de70b0b22f3aaa2bcec4d1802bb3 .av-special-heading-tag .heading-char{\nfont-size:25px;\n}\n.av-special-heading.av-lyiwwyxx-2929de70b0b22f3aaa2bcec4d1802bb3 .av-subheading{\nfont-size:15px;\n}\n<\/style>\n<div  class='av-special-heading av-lyiwwyxx-2929de70b0b22f3aaa2bcec4d1802bb3 av-special-heading-h1 blockquote modern-quote  avia-builder-el-1  avia-builder-el-no-sibling '><h1 class='av-special-heading-tag'  itemprop=\"headline\"  >Informaci\u00f3n sobre privacidad y tratamiento de datos personales<\/h1><div class=\"special-heading-border\"><div class=\"special-heading-inner-border\"><\/div><\/div><\/div><\/div><div  class='flex_column av-32hxu1-4cf16ecc1e9593d8edf455b1004cc059 av_one_full  avia-builder-el-2  el_after_av_one_full  avia-builder-el-last  first flex_column_div  column-top-margin'     ><section  class='av_textblock_section av-lyiwyeux-909bacbfc93eb43b3f739577899ced00 '   itemscope=\"itemscope\" itemtype=\"https:\/\/schema.org\/CreativeWork\" ><div class='avia_textblock'  itemprop=\"text\" ><div>\n<p>Rellenando el formulario en la p\u00e1gina web www.idealtec.com da su consentimiento al tratamiento de sus datos seg\u00fan lo establecido en la pol\u00edtica de privacidad y, m\u00e1s concretamente, en el Reglamento (UE) 2016\/679.<\/p>\n<p><strong>Informaci\u00f3n de conformidad con el art. 13 del Reglamento (UE) relativo a la protecci\u00f3n de las personas f\u00edsicas en lo que respecta al tratamiento de datos personales (en adelante: \u201cGDPR\u201d)<\/strong><\/p>\n<\/div>\n<div>\n<ol>\n<li>Los datos que se le solicitan al rellenar el formulario en la p\u00e1gina web <a href=\"https:\/\/www.idealtecsrl.com\">www.idealtecsrl.com<\/a> ser\u00e1n utilizados por Idealtec S.r.l., con sede en Bottanuco (B\u00e9rgamo, Italia), Via Ginevra n.\u00ba 6\/8, que act\u00faa como responsable del tratamiento seg\u00fan lo establecido en el GDPR y puede ser contactado en la direcci\u00f3n de correo electr\u00f3nico <a href=\"mailto:info@idealtecsrl.com\" target=\"_blank\" rel=\"noopener\">info@idealtecsrl.com<\/a>.<\/li>\n<li>El encargado del tratamiento de los datos seg\u00fan lo establecido en el RGPD es el Representante Legal de Idealtec S.r.l. y puede ser contactado en la direcci\u00f3n de correo electr\u00f3nico <a href=\"mailto:info@idealtecsrl.com\" target=\"_blank\" rel=\"noopener\">info@idealtecsrl.com<\/a>.<\/li>\n<li>Los datos se procesan con el fin de promocionar los servicios y productos de Idealtec S.r.l. enviando, previa solicitud, informaci\u00f3n t\u00e9cnica y comercial sobre estos servicios y productos, as\u00ed como para organizar visitas y reuniones en la sede corporativa de Idealtec S.r.l., en Bottanuco (B\u00e9rgamo, Italia), Via Ginevra n.\u00ba 6\/8, o en la sede de su empresa.<\/li>\n<li>Sus datos no se almacenar\u00e1n en una base de datos interna ni se divulgar\u00e1n o transferir\u00e1n a terceros.<\/li>\n<li>La finalidad de la gesti\u00f3n de los datos tiene como base jur\u00eddica su consentimiento expreso en la forma y la b\u00fasqueda del inter\u00e9s comercial de Idealtec S.r.l. a la promoci\u00f3n y desarrollo de su negocio.<\/li>\n<li>El suministro de sus datos es opcional y tiene derecho a no facilitar los datos solicitados, a revocar su consentimiento o a solicitar el acceso a sus datos personales, su rectificaci\u00f3n y su cancelaci\u00f3n, as\u00ed como a limitar su tratamiento u oponerse a \u00e9l, seg\u00fan lo establecido en los art. 15-22 del RGPD, escribiendo a:<\/li>\n<\/ol>\n<p>Idealtec S.r.l., Bottanuco (B\u00e9rgamo, Italia), Via Ginevra n.\u00ba 6\/8, o a la direcci\u00f3n de correo electr\u00f3nico <a href=\"mailto:info@idealtecsrl.com\" target=\"_blank\" rel=\"noopener\">info@idealtecsrl.com<\/a>. El ejercicio de estos derechos podr\u00eda afectar a la prestaci\u00f3n del servicio solicitado mediante la cumplimentaci\u00f3n del formulario.<\/p>\n<p><strong>B. Pol\u00edtica de cookies<br \/>\n<\/strong><\/p>\n<p><b>1. \u00bfQu\u00e9 es una cookie y para qu\u00e9 sirve?<br \/>\n<\/b><\/p>\n<p>Una cookie es un archivo que se descarga en su ordenador, tablet, tel\u00e9fono inteligente u otro terminal (en adelante, el &#8220;Dispositivo&#8221;) cuando accede a nuestra p\u00e1gina web.<\/p>\n<p>Las cookies nos permiten almacenar y recuperar informaci\u00f3n sobre sus h\u00e1bitos de navegaci\u00f3n o sobre el Dispositivo en general de forma an\u00f3nima y, dependiendo de la informaci\u00f3n que contengan, si ya se ha registrado previamente, reconocerle como usuario o cliente.<\/p>\n<p>La informaci\u00f3n que obtenemos se refiere al n\u00famero de p\u00e1ginas que visita, el idioma, el lugar desde el que accede, la frecuencia y repetici\u00f3n de las visitas, la duraci\u00f3n de la visita, el navegador y el Dispositivo.<\/p>\n<p><b>2. \u00bfQu\u00e9 tipo de cookies utiliza Idealtec S.r.l. y con qu\u00e9 finalidad?<br \/>\n<\/b><\/p>\n<p>Nuestra p\u00e1gina web <a href=\"https:\/\/www.idealtecsrl.com\/es\/\">www.idealtecsrl.com<\/a> utiliza:<\/p>\n<p><strong>a. cookies t\u00e9cnicas de navegaci\u00f3n o de sesi\u00f3n<\/strong>: son estrictamente necesarias para el funcionamiento de la p\u00e1gina web o para permitir al usuario utilizar los contenidos y servicios solicitados;<\/p>\n<p><strong>b. cookies t\u00e9cnicas (funcionales)<\/strong>: se utilizan para activar funciones espec\u00edficas de la p\u00e1gina web y una serie de criterios seleccionados (por ejemplo, el idioma) con el fin de mejorar el servicio prestado;<\/p>\n<p><strong>c. ccookies t\u00e9cnicas (anal\u00edticas)<\/strong>: permiten comprender la manera en la que los usuarios utilizan la p\u00e1gina web.<\/p>\n<p>Estas cookies no recopilan informaci\u00f3n sobre la identidad del usuario, ni ning\u00fan dato personal, y la informaci\u00f3n se trata de forma agregada y an\u00f3nima.<\/p>\n<p>Al deshabilitar las cookies t\u00e9cnicas de navegaci\u00f3n o de sesi\u00f3n, es posible que la p\u00e1gina web no pueda consultarse o que algunos servicios o ciertas funciones de la p\u00e1gina web no est\u00e9n disponibles o no funcionen correctamente.<\/p>\n<p><strong>d. cookies de terceros<\/strong>: son cookies de p\u00e1ginas web o servidores web distintos del responsable (Idealtec S.r.l.), utilizadas para las finalidades de estos terceros, incluidas las cookies de creaci\u00f3n de perfiles.<\/p>\n<p>Estos terceros son responsables independientes del tratamiento de los datos recopilados a trav\u00e9s de las cookies.<\/p>\n<p>Por lo tanto, para ver el procesamiento de los datos recopilados a trav\u00e9s de estas cookies, el usuario debe acceder y ver las pol\u00edticas de tratamiento de los datos personales de estos terceros, tal y como se indica a continuaci\u00f3n (seg\u00fan lo establecido en la Resoluci\u00f3n de la Autoridad Estatal de Garant\u00eda de la protecci\u00f3n de los datos personales n.\u00ba 229, de 8 de mayo de 2014 &#8220;<em>Identificaci\u00f3n de procedimientos simplificados para la informaci\u00f3n y obtenci\u00f3n del consentimiento para el uso de cookies<\/em>&#8220;):<\/p>\n<p><a href=\"http:\/\/www.google.it\/intl\/it\/policies\/privacy\/\" target=\"_blank\" rel=\"noopener noreferrer\">http:\/\/www.google.it\/intl\/it\/policies\/privacy\/<\/a><\/p>\n<p><a href=\"http:\/\/it-it.facebook.com\/about\/privacy\/cookies\/\" target=\"_blank\" rel=\"noopener noreferrer\">http:\/\/it-it.facebook.com\/about\/privacy\/cookies\/<\/a><\/p>\n<p><b>3. C\u00f3mo deshabilitar las cookies<br \/>\n<\/b><\/p>\n<p>La mayor\u00eda de los navegadores de Internet est\u00e1n configurados inicialmente para aceptar cookies autom\u00e1ticamente.<\/p>\n<p>El usuario puede cambiar esta configuraci\u00f3n para bloquear las cookies o para recibir una alerta cada vez que los cookies se env\u00edan a su dispositivo.<\/p>\n<p>Hay varias formas de administrar las cookies.<\/p>\n<p>El usuario puede consultar el manual de instrucciones o la pantalla de ayuda de su navegador para saber c\u00f3mo ajustar o cambiar la configuraci\u00f3n de su navegador:<\/p>\n<p><b><i>Chrome<\/i> <\/b><a href=\"https:\/\/support.google.com\/accounts\/answer\/61416?hl=en\" target=\"_blank\" rel=\"noopener\">https:\/\/support.google.com\/accounts\/answer\/61416?hl=en<\/a><br \/>\n<b><i>Firefox <\/i><\/b><a href=\"https:\/\/support.mozilla.org\/en-US\/kb\/block-websites-storing-cookies-site-data-firefox\" target=\"_blank\" rel=\"noopener\">https:\/\/support.mozilla.org\/en-US\/kb\/block-websites-storing-cookies-site-data-firefox<\/a><br \/>\n<b><i>Internet Explorer\u00a0<\/i><\/b><a href=\"https:\/\/support.microsoft.com\/en-us\/topic\/delete-and-manage-cookies-168dab11-0753-043d-7c16-ede5947fc64d\" target=\"_blank\" rel=\"noopener\">https:\/\/support.microsoft.com\/en-us\/topic\/delete-and-manage-cookies-168dab11-0753-043d-7c16-ede5947fc64d<\/a><br \/>\n<b><i>Opera\u00a0<\/i><\/b><a href=\"https:\/\/help.opera.com\/en\/latest\/web-preferences\/#cookies\" target=\"_blank\" rel=\"noopener\">https:\/\/help.opera.com\/en\/latest\/web-preferences\/#cookies<\/a><br \/>\n<b><i>Safari<\/i><\/b> <a href=\"https:\/\/support.apple.com\/en-en\/guide\/safari\/sfri11471\/mac\/\" target=\"_blank\" rel=\"noopener\">https:\/\/support.apple.com\/en-en\/guide\/safari\/sfri11471\/mac\/<\/a><\/p>\n<p>En el caso de diferentes dispositivos (por ejemplo, ordenadores, tel\u00e9fonos inteligentes, tablets, etc.), el usuario debe asegurarse de que cada navegador en cada dispositivo est\u00e9 ajustado para reflejar sus preferencias de cookies.<\/p>\n<\/div>\n<\/div><\/section><\/div><\/p>\n","protected":false},"excerpt":{"rendered":"","protected":false},"author":6,"featured_media":0,"parent":0,"menu_order":0,"comment_status":"closed","ping_status":"closed","template":"","meta":{"_monsterinsights_skip_tracking":false,"_monsterinsights_sitenote_active":false,"_monsterinsights_sitenote_note":"","_monsterinsights_sitenote_category":0,"footnotes":""},"_links":{"self":[{"href":"https:\/\/www.idealtecsrl.com\/es\/wp-json\/wp\/v2\/pages\/8173"}],"collection":[{"href":"https:\/\/www.idealtecsrl.com\/es\/wp-json\/wp\/v2\/pages"}],"about":[{"href":"https:\/\/www.idealtecsrl.com\/es\/wp-json\/wp\/v2\/types\/page"}],"author":[{"embeddable":true,"href":"https:\/\/www.idealtecsrl.com\/es\/wp-json\/wp\/v2\/users\/6"}],"replies":[{"embeddable":true,"href":"https:\/\/www.idealtecsrl.com\/es\/wp-json\/wp\/v2\/comments?post=8173"}],"version-history":[{"count":7,"href":"https:\/\/www.idealtecsrl.com\/es\/wp-json\/wp\/v2\/pages\/8173\/revisions"}],"predecessor-version":[{"id":17808,"href":"https:\/\/www.idealtecsrl.com\/es\/wp-json\/wp\/v2\/pages\/8173\/revisions\/17808"}],"wp:attachment":[{"href":"https:\/\/www.idealtecsrl.com\/es\/wp-json\/wp\/v2\/media?parent=8173"}],"curies":[{"name":"wp","href":"https:\/\/api.w.org\/{rel}","templated":true}]}}