{"id":17490,"date":"2024-11-30T13:04:14","date_gmt":"2024-11-30T12:04:14","guid":{"rendered":"https:\/\/www.idealtecsrl.com\/foires-dexposition\/european-coatings-show\/"},"modified":"2024-11-30T13:04:14","modified_gmt":"2024-11-30T12:04:14","slug":"european-coatings-show","status":"publish","type":"page","link":"https:\/\/www.idealtecsrl.com\/fr\/foires-dexposition\/european-coatings-show\/","title":{"rendered":"European Coatings Show"},"content":{"rendered":"<div id='full_slider_1'  class='avia-fullwidth-slider main_color avia-shadow   avia-builder-el-0  el_before_av_one_half  avia-builder-el-first   container_wrap fullsize'  >\n<style type=\"text\/css\" data-created_by=\"avia_inline_auto\" id=\"style-css-av-m42qzqjh-72554bdbee4881e58655344cfd66d83d\">\n#top #wrap_all .avia-slideshow .av-slideshow-caption.av-m42qzqjh-72554bdbee4881e58655344cfd66d83d__0 .avia-caption-title{\ncolor:#ffffff;\n}\n#top .avia-slideshow .av-slideshow-caption.av-m42qzqjh-72554bdbee4881e58655344cfd66d83d__0 .avia-caption-content{\ncolor:#ffffff;\n}\n<\/style>\n<div  class='avia-slideshow av-m42qzqjh-72554bdbee4881e58655344cfd66d83d avia-slideshow-featured av_slideshow_full avia-fade-slider av-slideshow-ui av-control-hidden av-no-slider-navigation av-hide-nav-arrows av-slideshow-autoplay av-loop-endless av-loop-manual-endless av-default-height-applied   avia-slideshow-1' data-slideshow-options=\"{&quot;animation&quot;:&quot;fade&quot;,&quot;autoplay&quot;:true,&quot;loop_autoplay&quot;:&quot;endless&quot;,&quot;interval&quot;:3,&quot;loop_manual&quot;:&quot;manual-endless&quot;,&quot;autoplay_stopper&quot;:false,&quot;noNavigation&quot;:true,&quot;bg_slider&quot;:false,&quot;transitionSpeed&quot;:800,&quot;keep_padding&quot;:false,&quot;hoverpause&quot;:false,&quot;show_slide_delay&quot;:0}\"  itemprop=\"image\" itemscope=\"itemscope\" itemtype=\"https:\/\/schema.org\/ImageObject\" ><ul class='avia-slideshow-inner ' style='padding-bottom: 28.666666666667%;'><li  class='avia-slideshow-slide av-m42qzqjh-72554bdbee4881e58655344cfd66d83d__0  slide-1 slide-odd'><div data-rel='slideshow-1' class='avia-slide-wrap '   ><img decoding=\"async\" fetchpriority=\"high\" class=\"wp-image-15265 avia-img-lazy-loading-not-15265\"  src=\"https:\/\/www.idealtecsrl.com\/wp-content\/uploads\/2024\/07\/visore-ci-presentiamo-1.jpg\" width=\"1500\" height=\"430\" title='visore-ci-presentiamo-1' alt=''  itemprop=\"thumbnailUrl\"  style='min-height:400px; min-width:1396px; ' srcset=\"https:\/\/www.idealtecsrl.com\/wp-content\/uploads\/2024\/07\/visore-ci-presentiamo-1.jpg 1500w, https:\/\/www.idealtecsrl.com\/wp-content\/uploads\/2024\/07\/visore-ci-presentiamo-1-300x86.jpg 300w, https:\/\/www.idealtecsrl.com\/wp-content\/uploads\/2024\/07\/visore-ci-presentiamo-1-1030x295.jpg 1030w, https:\/\/www.idealtecsrl.com\/wp-content\/uploads\/2024\/07\/visore-ci-presentiamo-1-768x220.jpg 768w, https:\/\/www.idealtecsrl.com\/wp-content\/uploads\/2024\/07\/visore-ci-presentiamo-1-705x202.jpg 705w\" sizes=\"(max-width: 1500px) 100vw, 1500px\" \/><div class='av-section-color-overlay' style='opacity: 0.6; background-color: #18417e; '><\/div><\/div><\/li><li  class='avia-slideshow-slide av-m42qzqjh-72554bdbee4881e58655344cfd66d83d__1  slide-2 slide-even'><div data-rel='slideshow-1' class='avia-slide-wrap '   ><img decoding=\"async\" fetchpriority=\"high\" class=\"wp-image-15272 avia-img-lazy-loading-not-15272\"  src=\"https:\/\/www.idealtecsrl.com\/wp-content\/uploads\/2024\/07\/visore-ci-presentiamo-2.jpg\" width=\"1500\" height=\"430\" title='visore-ci-presentiamo-2' alt=''  itemprop=\"thumbnailUrl\"  style='min-height:400px; min-width:1396px; ' srcset=\"https:\/\/www.idealtecsrl.com\/wp-content\/uploads\/2024\/07\/visore-ci-presentiamo-2.jpg 1500w, https:\/\/www.idealtecsrl.com\/wp-content\/uploads\/2024\/07\/visore-ci-presentiamo-2-300x86.jpg 300w, https:\/\/www.idealtecsrl.com\/wp-content\/uploads\/2024\/07\/visore-ci-presentiamo-2-1030x295.jpg 1030w, https:\/\/www.idealtecsrl.com\/wp-content\/uploads\/2024\/07\/visore-ci-presentiamo-2-768x220.jpg 768w, https:\/\/www.idealtecsrl.com\/wp-content\/uploads\/2024\/07\/visore-ci-presentiamo-2-705x202.jpg 705w\" sizes=\"(max-width: 1500px) 100vw, 1500px\" \/><div class='av-section-color-overlay' style='opacity: 0.6; background-color: #18417e; '><\/div><\/div><\/li><li  class='avia-slideshow-slide av-m42qzqjh-72554bdbee4881e58655344cfd66d83d__2  slide-3 slide-odd'><div data-rel='slideshow-1' class='avia-slide-wrap '   ><img decoding=\"async\" fetchpriority=\"high\" class=\"wp-image-15279 avia-img-lazy-loading-not-15279\"  src=\"https:\/\/www.idealtecsrl.com\/wp-content\/uploads\/2024\/07\/visore-ci-presentiamo-3.jpg\" width=\"1500\" height=\"430\" title='visore-ci-presentiamo-3' alt=''  itemprop=\"thumbnailUrl\"  style='min-height:400px; min-width:1396px; ' srcset=\"https:\/\/www.idealtecsrl.com\/wp-content\/uploads\/2024\/07\/visore-ci-presentiamo-3.jpg 1500w, https:\/\/www.idealtecsrl.com\/wp-content\/uploads\/2024\/07\/visore-ci-presentiamo-3-300x86.jpg 300w, https:\/\/www.idealtecsrl.com\/wp-content\/uploads\/2024\/07\/visore-ci-presentiamo-3-1030x295.jpg 1030w, https:\/\/www.idealtecsrl.com\/wp-content\/uploads\/2024\/07\/visore-ci-presentiamo-3-768x220.jpg 768w, https:\/\/www.idealtecsrl.com\/wp-content\/uploads\/2024\/07\/visore-ci-presentiamo-3-705x202.jpg 705w\" sizes=\"(max-width: 1500px) 100vw, 1500px\" \/><div class='av-section-color-overlay' style='opacity: 0.6; background-color: #18417e; '><\/div><\/div><\/li><li  class='avia-slideshow-slide av-m42qzqjh-72554bdbee4881e58655344cfd66d83d__3  slide-4 slide-even'><div data-rel='slideshow-1' class='avia-slide-wrap '   ><img decoding=\"async\" fetchpriority=\"high\" class=\"wp-image-15286 avia-img-lazy-loading-not-15286\"  src=\"https:\/\/www.idealtecsrl.com\/wp-content\/uploads\/2024\/07\/visore-ci-presentiamo-4.jpg\" width=\"1500\" height=\"430\" title='visore-ci-presentiamo-4' alt=''  itemprop=\"thumbnailUrl\"  style='min-height:400px; min-width:1396px; ' srcset=\"https:\/\/www.idealtecsrl.com\/wp-content\/uploads\/2024\/07\/visore-ci-presentiamo-4.jpg 1500w, https:\/\/www.idealtecsrl.com\/wp-content\/uploads\/2024\/07\/visore-ci-presentiamo-4-300x86.jpg 300w, https:\/\/www.idealtecsrl.com\/wp-content\/uploads\/2024\/07\/visore-ci-presentiamo-4-1030x295.jpg 1030w, https:\/\/www.idealtecsrl.com\/wp-content\/uploads\/2024\/07\/visore-ci-presentiamo-4-768x220.jpg 768w, https:\/\/www.idealtecsrl.com\/wp-content\/uploads\/2024\/07\/visore-ci-presentiamo-4-705x202.jpg 705w\" sizes=\"(max-width: 1500px) 100vw, 1500px\" \/><div class='av-section-color-overlay' style='opacity: 0.6; background-color: #18417e; '><\/div><\/div><\/li><li  class='avia-slideshow-slide av-m42qzqjh-72554bdbee4881e58655344cfd66d83d__4  slide-5 slide-odd'><div data-rel='slideshow-1' class='avia-slide-wrap '   ><img decoding=\"async\" fetchpriority=\"high\" class=\"wp-image-15293 avia-img-lazy-loading-not-15293\"  src=\"https:\/\/www.idealtecsrl.com\/wp-content\/uploads\/2024\/07\/visore-ci-presentiamo-5.jpg\" width=\"1500\" height=\"430\" title='visore-ci-presentiamo-5' alt=''  itemprop=\"thumbnailUrl\"  style='min-height:400px; min-width:1396px; ' srcset=\"https:\/\/www.idealtecsrl.com\/wp-content\/uploads\/2024\/07\/visore-ci-presentiamo-5.jpg 1500w, https:\/\/www.idealtecsrl.com\/wp-content\/uploads\/2024\/07\/visore-ci-presentiamo-5-300x86.jpg 300w, https:\/\/www.idealtecsrl.com\/wp-content\/uploads\/2024\/07\/visore-ci-presentiamo-5-1030x295.jpg 1030w, https:\/\/www.idealtecsrl.com\/wp-content\/uploads\/2024\/07\/visore-ci-presentiamo-5-768x220.jpg 768w, https:\/\/www.idealtecsrl.com\/wp-content\/uploads\/2024\/07\/visore-ci-presentiamo-5-705x202.jpg 705w\" sizes=\"(max-width: 1500px) 100vw, 1500px\" \/><div class='av-section-color-overlay' style='opacity: 0.6; background-color: #18417e; '><\/div><\/div><\/li><\/ul><div class='avia-slideshow-arrows avia-slideshow-controls' ><a href='#prev' class='prev-slide ' aria-hidden='true' data-av_icon='\ue87c' data-av_iconfont='entypo-fontello'  tabindex='-1'>Pr\u00e9c\u00e9dent<\/a><a href='#next' class='next-slide ' aria-hidden='true' data-av_icon='\ue87d' data-av_iconfont='entypo-fontello'  tabindex='-1'>Suivant<\/a><\/div><div class='av-slideshow-caption av-m42qzqjh-72554bdbee4881e58655344cfd66d83d__0 caption_fullwidth caption_center'><div class=\"container caption_container\"><div class=\"slideshow_caption\"><div class=\"slideshow_inner_caption\"><div class=\"slideshow_align_caption\"><h1 class='avia-caption-title '  itemprop=\"name\" >European Coatings Show<\/h1><\/div><\/div><\/div><\/div><\/div><\/div><\/div><div id='after_full_slider_1'  class='main_color av_default_container_wrap container_wrap fullsize'  ><div class='container av-section-cont-open' ><div class='template-page content  av-content-full alpha units'><div class='post-entry post-entry-type-page post-entry-17490'><div class='entry-content-wrapper clearfix'>\n\n<style type=\"text\/css\" data-created_by=\"avia_inline_auto\" id=\"style-css-av-74b8l2l-eb55d3c1bcded2c7178c9fbb554b4470\">\n.flex_column.av-74b8l2l-eb55d3c1bcded2c7178c9fbb554b4470{\npadding:50px 0 0 0;\n}\n<\/style>\n<div  class='flex_column av-74b8l2l-eb55d3c1bcded2c7178c9fbb554b4470 av_one_half  avia-builder-el-1  el_after_av_slideshow_full  el_before_av_one_half  avia-builder-el-first  first flex_column_div  '     ><p><section  class='av_textblock_section av-m42r022k-681744b0f49dab8385e6d9c2d5e61d62 '   itemscope=\"itemscope\" itemtype=\"https:\/\/schema.org\/CreativeWork\" ><div class='avia_textblock'  itemprop=\"text\" ><p>L&rsquo;<strong>European Coatings Show (ECS)<\/strong> est l&rsquo;\u00e9v\u00e9nement europ\u00e9en le plus grand et le plus important d\u00e9di\u00e9 aux industries des rev\u00eatements, des peintures, des adh\u00e9sifs, des mastics et de la construction chimique. Organis\u00e9 tous les deux ans \u00e0 Nuremberg, en Allemagne, l&rsquo;ECS repr\u00e9sente un point de r\u00e9f\u00e9rence mondial pour les fabricants, fournisseurs, chercheurs et innovateurs du secteur.<\/p>\n<\/div><\/section><br \/>\n\n<style type=\"text\/css\" data-created_by=\"avia_inline_auto\" id=\"style-css-av-6uwndcd-91c59410387403eff154aea06a1db3be\">\n#top .hr.hr-invisible.av-6uwndcd-91c59410387403eff154aea06a1db3be{\nheight:50px;\n}\n<\/style>\n<div  class='hr av-6uwndcd-91c59410387403eff154aea06a1db3be hr-invisible  avia-builder-el-3  el_after_av_textblock  el_before_av_button '><span class='hr-inner '><span class=\"hr-inner-style\"><\/span><\/span><\/div><br \/>\n<div  class='avia-button-wrap av-m42r0ckx-3aaad9479b922234d9977b806bcfd875-wrap avia-button-left  avia-builder-el-4  el_after_av_hr  avia-builder-el-last '><a href='https:\/\/www.european-coatings-show.com\/' class='avia-button av-m42r0ckx-3aaad9479b922234d9977b806bcfd875 av-link-btn avia-icon_select-yes-right-icon avia-size-large avia-position-left av-icon-on-hover avia-color-theme-color' target=\"_blank\" rel=\"noopener noreferrer\"><span class='avia_iconbox_title' >Visitez le site officiel<\/span><span class='avia_button_icon avia_button_icon_right' aria-hidden='true' data-av_icon='\ue879' data-av_iconfont='entypo-fontello'><\/span><\/a><\/div><\/p><\/div>\n\n<style type=\"text\/css\" data-created_by=\"avia_inline_auto\" id=\"style-css-av-6698s6l-36ead2d20d819048bd4a30df3c66a427\">\n.flex_column.av-6698s6l-36ead2d20d819048bd4a30df3c66a427{\npadding:50px 0 0 0;\n}\n<\/style>\n<div  class='flex_column av-6698s6l-36ead2d20d819048bd4a30df3c66a427 av_one_half  avia-builder-el-5  el_after_av_one_half  el_before_av_one_full  flex_column_div  '     ><style type=\"text\/css\" data-created_by=\"avia_inline_auto\" id=\"style-css-av-m42r0r7s-c46306b0fe14b93a146f934accb72858\">\n.avia-image-container.av-m42r0r7s-c46306b0fe14b93a146f934accb72858 img.avia_image{\nbox-shadow:none;\n}\n.avia-image-container.av-m42r0r7s-c46306b0fe14b93a146f934accb72858 .av-image-caption-overlay-center{\ncolor:#ffffff;\n}\n<\/style>\n<div  class='avia-image-container av-m42r0r7s-c46306b0fe14b93a146f934accb72858 av-styling- avia-align-center  avia-builder-el-6  avia-builder-el-no-sibling '   itemprop=\"image\" itemscope=\"itemscope\" itemtype=\"https:\/\/schema.org\/ImageObject\" ><div class=\"avia-image-container-inner\"><div class=\"avia-image-overlay-wrap\"><img decoding=\"async\" fetchpriority=\"high\" class='wp-image-14257 avia-img-lazy-loading-not-14257 avia_image ' src=\"https:\/\/www.idealtecsrl.com\/wp-content\/uploads\/2024\/07\/European-Coatings-Show-300x300.jpg\" alt='' title='European-Coatings-Show'  height=\"300\" width=\"300\"  itemprop=\"thumbnailUrl\" srcset=\"https:\/\/www.idealtecsrl.com\/wp-content\/uploads\/2024\/07\/European-Coatings-Show-300x300.jpg 300w, https:\/\/www.idealtecsrl.com\/wp-content\/uploads\/2024\/07\/European-Coatings-Show-80x80.jpg 80w, https:\/\/www.idealtecsrl.com\/wp-content\/uploads\/2024\/07\/European-Coatings-Show-36x36.jpg 36w, https:\/\/www.idealtecsrl.com\/wp-content\/uploads\/2024\/07\/European-Coatings-Show-180x180.jpg 180w, https:\/\/www.idealtecsrl.com\/wp-content\/uploads\/2024\/07\/European-Coatings-Show.jpg 400w\" sizes=\"(max-width: 300px) 100vw, 300px\" \/><\/div><\/div><\/div><\/div>\n<style type=\"text\/css\" data-created_by=\"avia_inline_auto\" id=\"style-css-av-5yrnpgt-294a25b32bf9bf0ab3a4b1cdbaa1e29f\">\n.flex_column.av-5yrnpgt-294a25b32bf9bf0ab3a4b1cdbaa1e29f{\npadding:50px 0 0 0;\n}\n<\/style>\n<div  class='flex_column av-5yrnpgt-294a25b32bf9bf0ab3a4b1cdbaa1e29f av_one_full  avia-builder-el-7  el_after_av_one_half  el_before_av_one_full  first flex_column_div  column-top-margin'     ><p>\n<style type=\"text\/css\" data-created_by=\"avia_inline_auto\" id=\"style-css-av-m42r19oi-247a6b74113c64a813d019a72a96d0c8\">\n#top .av-special-heading.av-m42r19oi-247a6b74113c64a813d019a72a96d0c8{\npadding-bottom:10px;\n}\nbody .av-special-heading.av-m42r19oi-247a6b74113c64a813d019a72a96d0c8 .av-special-heading-tag .heading-char{\nfont-size:25px;\n}\n.av-special-heading.av-m42r19oi-247a6b74113c64a813d019a72a96d0c8 .av-subheading{\nfont-size:15px;\n}\n<\/style>\n<div  class='av-special-heading av-m42r19oi-247a6b74113c64a813d019a72a96d0c8 av-special-heading-h2 blockquote modern-quote  avia-builder-el-8  el_before_av_textblock  avia-builder-el-first '><h2 class='av-special-heading-tag'  itemprop=\"headline\"  >Objectifs et importance<\/h2><div class=\"special-heading-border\"><div class=\"special-heading-inner-border\"><\/div><\/div><\/div><br \/>\n<section  class='av_textblock_section av-m42r6osy-fde9e501f8b2614e71af10a40d710a77 '   itemscope=\"itemscope\" itemtype=\"https:\/\/schema.org\/CreativeWork\" ><div class='avia_textblock'  itemprop=\"text\" ><p>Le Salon Europ\u00e9en des Rev\u00eatements a pour objectifs de\u00a0:<\/p>\n<ul>\n<li>Promouvoir l\u2019innovation technologique : en mettant l\u2019accent sur des formulations de pointe, des mat\u00e9riaux durables et des techniques de production efficaces.<\/li>\n<li>Faciliter l\u2019\u00e9change de connaissances : gr\u00e2ce \u00e0 un vaste programme de conf\u00e9rences scientifiques et de pr\u00e9sentations techniques.<\/li>\n<li>Offrir des opportunit\u00e9s de r\u00e9seautage : connecter les principaux acteurs de l\u2019industrie en un seul endroit, pour favoriser les partenariats et les collaborations strat\u00e9giques.<\/li>\n<\/ul>\n<p>Il est reconnu comme un \u00e9v\u00e9nement incontournable pour les professionnels du secteur, gr\u00e2ce \u00e0 sa capacit\u00e9 \u00e0 anticiper les tendances et \u00e0 d\u00e9finir l&rsquo;avenir de l&rsquo;industrie.<\/p>\n<\/div><\/section><\/p><\/div><\/p>\n\n<style type=\"text\/css\" data-created_by=\"avia_inline_auto\" id=\"style-css-av-5a8ll0t-e7438d3636745c7b13a04e24ee636361\">\n.flex_column.av-5a8ll0t-e7438d3636745c7b13a04e24ee636361{\npadding:50px 0 0 0;\n}\n<\/style>\n<div  class='flex_column av-5a8ll0t-e7438d3636745c7b13a04e24ee636361 av_one_full  avia-builder-el-10  el_after_av_one_full  el_before_av_one_full  first flex_column_div  column-top-margin'     ><p>\n<style type=\"text\/css\" data-created_by=\"avia_inline_auto\" id=\"style-css-av-4rkjhd9-fc60edb5403c7e28f063a5a4dfd35158\">\n#top .av-special-heading.av-4rkjhd9-fc60edb5403c7e28f063a5a4dfd35158{\npadding-bottom:10px;\n}\nbody .av-special-heading.av-4rkjhd9-fc60edb5403c7e28f063a5a4dfd35158 .av-special-heading-tag .heading-char{\nfont-size:25px;\n}\n.av-special-heading.av-4rkjhd9-fc60edb5403c7e28f063a5a4dfd35158 .av-subheading{\nfont-size:15px;\n}\n<\/style>\n<div  class='av-special-heading av-4rkjhd9-fc60edb5403c7e28f063a5a4dfd35158 av-special-heading-h2 blockquote modern-quote  avia-builder-el-11  el_before_av_textblock  avia-builder-el-first '><h2 class='av-special-heading-tag'  itemprop=\"headline\"  >Principales caract\u00e9ristiques<\/h2><div class=\"special-heading-border\"><div class=\"special-heading-inner-border\"><\/div><\/div><\/div><br \/>\n<section  class='av_textblock_section av-m42r7azq-931b97c10a7cb25008bb328c99f5b74b '   itemscope=\"itemscope\" itemtype=\"https:\/\/schema.org\/CreativeWork\" ><div class='avia_textblock'  itemprop=\"text\" ><ul>\n<li>Exposition commerciale<br \/>\nL&rsquo;\u00e9v\u00e9nement accueille des centaines d&rsquo;exposants du monde entier, qui pr\u00e9sentent :<br \/>\nMati\u00e8res premi\u00e8res pour rev\u00eatements, peintures et adh\u00e9sifs (r\u00e9sines, pigments, additifs, etc.)<br \/>\n\u00c9quipements et technologies pour la production et l&rsquo;application<br \/>\nOutils de contr\u00f4le qualit\u00e9 et logiciels de laboratoire<br \/>\nSolutions innovantes pour l&rsquo;industrie chimique de la construction.<\/li>\n<li>Conf\u00e9rence europ\u00e9enne sur les rev\u00eatements<br \/>\nUn programme parall\u00e8le qui approfondit des sujets techniques et scientifiques, avec des contributions d&rsquo;experts et d&rsquo;universitaires sur des sujets tels que :<br \/>\nNouveaux mat\u00e9riaux et formulations<br \/>\nR\u00e9duction de l\u2019impact environnemental et durabilit\u00e9<br \/>\nTechnologies pour am\u00e9liorer la r\u00e9sistance et les performances des rev\u00eatements<br \/>\nR\u00e9glementations et normes internationales.<\/li>\n<li>Focus sur l\u2019innovation et la durabilit\u00e9<br \/>\nLe th\u00e8me de la durabilit\u00e9 est au centre de l\u2019ECS, avec un accent particulier sur :<br \/>\nProduits \u00e0 faible teneur en COV (Compos\u00e9s Organiques Volatils)<br \/>\nDes solutions pour l&rsquo;\u00e9conomie circulaire<br \/>\nEfficacit\u00e9 \u00e9nerg\u00e9tique dans les processus de production.<\/li>\n<li>R\u00e9seautage mondial<br \/>\nGr\u00e2ce \u00e0 la participation de professionnels et d&rsquo;entreprises de plus de 100 pays, l&rsquo;ECS est une opportunit\u00e9 unique de nouer des relations strat\u00e9giques, de d\u00e9couvrir de nouveaux march\u00e9s et d&rsquo;acc\u00e9der \u00e0 un r\u00e9seau mondial d&rsquo;innovateurs.<\/li>\n<\/ul>\n<\/div><\/section><\/p><\/div>\n\n<style type=\"text\/css\" data-created_by=\"avia_inline_auto\" id=\"style-css-av-4h40yel-a22aec57a4c9b9d453879395fa90edbf\">\n.flex_column.av-4h40yel-a22aec57a4c9b9d453879395fa90edbf{\npadding:50px 0 0 0;\n}\n<\/style>\n<div  class='flex_column av-4h40yel-a22aec57a4c9b9d453879395fa90edbf av_one_full  avia-builder-el-13  el_after_av_one_full  el_before_av_one_full  first flex_column_div  column-top-margin'     ><p>\n<style type=\"text\/css\" data-created_by=\"avia_inline_auto\" id=\"style-css-av-44jpy4t-9226fe633c2de074c49a25c7979e475f\">\n#top .av-special-heading.av-44jpy4t-9226fe633c2de074c49a25c7979e475f{\npadding-bottom:10px;\n}\nbody .av-special-heading.av-44jpy4t-9226fe633c2de074c49a25c7979e475f .av-special-heading-tag .heading-char{\nfont-size:25px;\n}\n.av-special-heading.av-44jpy4t-9226fe633c2de074c49a25c7979e475f .av-subheading{\nfont-size:15px;\n}\n<\/style>\n<div  class='av-special-heading av-44jpy4t-9226fe633c2de074c49a25c7979e475f av-special-heading-h2 blockquote modern-quote  avia-builder-el-14  el_before_av_textblock  avia-builder-el-first '><h2 class='av-special-heading-tag'  itemprop=\"headline\"  >Participants<\/h2><div class=\"special-heading-border\"><div class=\"special-heading-inner-border\"><\/div><\/div><\/div><br \/>\n<section  class='av_textblock_section av-m42r7kya-c8a1f1c8872c95f70fac419d1e5c4794 '   itemscope=\"itemscope\" itemtype=\"https:\/\/schema.org\/CreativeWork\" ><div class='avia_textblock'  itemprop=\"text\" ><p>L&rsquo;ECS attire un large \u00e9ventail de professionnels, notamment :<\/p>\n<ul>\n<li>Fabricants de peintures, adh\u00e9sifs, mastics et rev\u00eatements<\/li>\n<li>Fournisseurs de mati\u00e8res premi\u00e8res et d&rsquo;\u00e9quipements<\/li>\n<li>Chercheurs et scientifiques<\/li>\n<li>Consultants techniques et sp\u00e9cialistes R&amp;D<\/li>\n<li>Responsable production et qualit\u00e9<\/li>\n<li>Op\u00e9rateurs du secteur de la construction chimique.<\/li>\n<\/ul>\n<\/div><\/section><\/p><\/div>\n\n<style type=\"text\/css\" data-created_by=\"avia_inline_auto\" id=\"style-css-av-3ifpebx-d09fdc810a8eecd4f27142864bad4fcc\">\n.flex_column.av-3ifpebx-d09fdc810a8eecd4f27142864bad4fcc{\npadding:50px 0 0 0;\n}\n<\/style>\n<div  class='flex_column av-3ifpebx-d09fdc810a8eecd4f27142864bad4fcc av_one_full  avia-builder-el-16  el_after_av_one_full  el_before_av_hr  first flex_column_div  column-top-margin'     ><p>\n<style type=\"text\/css\" data-created_by=\"avia_inline_auto\" id=\"style-css-av-m42r7s09-9b8d75030876f8d3135a4f59ac54a114\">\n#top .av-special-heading.av-m42r7s09-9b8d75030876f8d3135a4f59ac54a114{\npadding-bottom:10px;\n}\nbody .av-special-heading.av-m42r7s09-9b8d75030876f8d3135a4f59ac54a114 .av-special-heading-tag .heading-char{\nfont-size:25px;\n}\n.av-special-heading.av-m42r7s09-9b8d75030876f8d3135a4f59ac54a114 .av-subheading{\nfont-size:15px;\n}\n<\/style>\n<div  class='av-special-heading av-m42r7s09-9b8d75030876f8d3135a4f59ac54a114 av-special-heading-h2 blockquote modern-quote  avia-builder-el-17  el_before_av_textblock  avia-builder-el-first '><h2 class='av-special-heading-tag'  itemprop=\"headline\"  >Impact sur l\u2019industrie mondiale<\/h2><div class=\"special-heading-border\"><div class=\"special-heading-inner-border\"><\/div><\/div><\/div><br \/>\n<section  class='av_textblock_section av-m42r80n8-8ea005d8018e94904279b78dd4578897 '   itemscope=\"itemscope\" itemtype=\"https:\/\/schema.org\/CreativeWork\" ><div class='avia_textblock'  itemprop=\"text\" ><p>Gr\u00e2ce \u00e0 sa pertinence internationale, le Salon Europ\u00e9en des Rev\u00eatements :<\/p>\n<ul>\n<li>Il \u00e9tablit des normes de qualit\u00e9 et d\u2019innovation pour l\u2019industrie<\/li>\n<li>Met en lumi\u00e8re les tendances \u00e9mergentes et les d\u00e9fis r\u00e9glementaires<\/li>\n<li>Accompagne la transition vers des mod\u00e8les de production plus durables et responsables.<\/li>\n<\/ul>\n<\/div><\/section><\/p><\/div>\n\n<style type=\"text\/css\" data-created_by=\"avia_inline_auto\" id=\"style-css-av-34iipal-95cb6f1615cab402cd7c73669f6fc017\">\n#top .hr.hr-invisible.av-34iipal-95cb6f1615cab402cd7c73669f6fc017{\nheight:24px;\n}\n<\/style>\n<div  class='hr av-34iipal-95cb6f1615cab402cd7c73669f6fc017 hr-invisible  avia-builder-el-19  el_after_av_one_full  el_before_av_hr '><span class='hr-inner '><span class=\"hr-inner-style\"><\/span><\/span><\/div>\n<div  class='hr av-2cgpe5p-1597d6967d7ac152676a428a21715cdb hr-short  avia-builder-el-20  el_after_av_hr  el_before_av_hr  hr-left'><span class='hr-inner '><span class=\"hr-inner-style\"><\/span><\/span><\/div>\n\n<style type=\"text\/css\" data-created_by=\"avia_inline_auto\" id=\"style-css-av-27k484t-4a985c3e75b18c846eb5034210a3634f\">\n#top .hr.hr-invisible.av-27k484t-4a985c3e75b18c846eb5034210a3634f{\nheight:24px;\n}\n<\/style>\n<div  class='hr av-27k484t-4a985c3e75b18c846eb5034210a3634f hr-invisible  avia-builder-el-21  el_after_av_hr  el_before_av_one_full '><span class='hr-inner '><span class=\"hr-inner-style\"><\/span><\/span><\/div>\n\n<style type=\"text\/css\" data-created_by=\"avia_inline_auto\" id=\"style-css-av-1rdq06l-11464092b7b4a71c5b161c847716563d\">\n.flex_column.av-1rdq06l-11464092b7b4a71c5b161c847716563d{\npadding:48px 48px 48px 48px;\nbackground-color:#eceff1;\n}\n<\/style>\n<div  class='flex_column av-1rdq06l-11464092b7b4a71c5b161c847716563d av_one_full  avia-builder-el-22  el_after_av_hr  avia-builder-el-last  first flex_column_div  '     ><p>\n<style type=\"text\/css\" data-created_by=\"avia_inline_auto\" id=\"style-css-av-16ih92l-addd659ebf9411145644ed6ea666a204\">\n#top .av-special-heading.av-16ih92l-addd659ebf9411145644ed6ea666a204{\npadding-bottom:10px;\n}\nbody .av-special-heading.av-16ih92l-addd659ebf9411145644ed6ea666a204 .av-special-heading-tag .heading-char{\nfont-size:25px;\n}\n.av-special-heading.av-16ih92l-addd659ebf9411145644ed6ea666a204 .av-subheading{\nfont-size:15px;\n}\n<\/style>\n<div  class='av-special-heading av-16ih92l-addd659ebf9411145644ed6ea666a204 av-special-heading-h2 blockquote modern-quote modern-centered  avia-builder-el-23  el_before_av_textblock  avia-builder-el-first '><h2 class='av-special-heading-tag'  itemprop=\"headline\"  >AIDES D\u2019\u00c9TAT ET DE MINIMIS<\/h2><div class=\"special-heading-border\"><div class=\"special-heading-inner-border\"><\/div><\/div><\/div><br \/>\n<section  class='av_textblock_section av-in6bnx-e9f5ec3fb3b070ad250633e4dbf98227 '   itemscope=\"itemscope\" itemtype=\"https:\/\/schema.org\/CreativeWork\" ><div class='avia_textblock'  itemprop=\"text\" ><p style=\"text-align: center;\"><strong>Obligations d\u2019information pour les subventions publiques.<\/strong><br \/>\nLes aides d\u2019\u00c9tat et les aides de minimis re\u00e7ues par notre entreprise sont contenues dans le registre national des aides d\u2019\u00c9tat vis\u00e9 \u00e0 l\u2019art. 52 de la loi 234\/2012 \u00e0 laquelle il est fait r\u00e9f\u00e9rence et qui peut \u00eatre consult\u00e9 au lien suivant:\u00a0<a role=\"link\" href=\"https:\/\/www.rna.gov.it\/trasparenza\" target=\"_blank\" rel=\"noopener\">Apprendre encore plus&gt;&gt;<\/a><\/p>\n<\/div><\/section><\/p><\/div>\n","protected":false},"excerpt":{"rendered":"","protected":false},"author":6,"featured_media":0,"parent":17457,"menu_order":0,"comment_status":"closed","ping_status":"closed","template":"","meta":{"_monsterinsights_skip_tracking":false,"_monsterinsights_sitenote_active":false,"_monsterinsights_sitenote_note":"","_monsterinsights_sitenote_category":0,"footnotes":""},"_links":{"self":[{"href":"https:\/\/www.idealtecsrl.com\/fr\/wp-json\/wp\/v2\/pages\/17490"}],"collection":[{"href":"https:\/\/www.idealtecsrl.com\/fr\/wp-json\/wp\/v2\/pages"}],"about":[{"href":"https:\/\/www.idealtecsrl.com\/fr\/wp-json\/wp\/v2\/types\/page"}],"author":[{"embeddable":true,"href":"https:\/\/www.idealtecsrl.com\/fr\/wp-json\/wp\/v2\/users\/6"}],"replies":[{"embeddable":true,"href":"https:\/\/www.idealtecsrl.com\/fr\/wp-json\/wp\/v2\/comments?post=17490"}],"version-history":[{"count":2,"href":"https:\/\/www.idealtecsrl.com\/fr\/wp-json\/wp\/v2\/pages\/17490\/revisions"}],"predecessor-version":[{"id":17492,"href":"https:\/\/www.idealtecsrl.com\/fr\/wp-json\/wp\/v2\/pages\/17490\/revisions\/17492"}],"up":[{"embeddable":true,"href":"https:\/\/www.idealtecsrl.com\/fr\/wp-json\/wp\/v2\/pages\/17457"}],"wp:attachment":[{"href":"https:\/\/www.idealtecsrl.com\/fr\/wp-json\/wp\/v2\/media?parent=17490"}],"curies":[{"name":"wp","href":"https:\/\/api.w.org\/{rel}","templated":true}]}}