{"id":17499,"date":"2024-11-30T13:12:25","date_gmt":"2024-11-30T12:12:25","guid":{"rendered":"https:\/\/www.idealtecsrl.com\/foires-dexposition\/fakuma\/"},"modified":"2024-11-30T13:12:26","modified_gmt":"2024-11-30T12:12:26","slug":"fakuma","status":"publish","type":"page","link":"https:\/\/www.idealtecsrl.com\/fr\/foires-dexposition\/fakuma\/","title":{"rendered":"Fakuma"},"content":{"rendered":"<div id='full_slider_1'  class='avia-fullwidth-slider main_color avia-shadow   avia-builder-el-0  el_before_av_one_half  avia-builder-el-first   container_wrap fullsize'  >\n<style type=\"text\/css\" data-created_by=\"avia_inline_auto\" id=\"style-css-av-m42rbzsd-810b482947b2352ff06235e16fd29a40\">\n#top #wrap_all .avia-slideshow .av-slideshow-caption.av-m42rbzsd-810b482947b2352ff06235e16fd29a40__0 .avia-caption-title{\ncolor:#ffffff;\n}\n#top .avia-slideshow .av-slideshow-caption.av-m42rbzsd-810b482947b2352ff06235e16fd29a40__0 .avia-caption-content{\ncolor:#ffffff;\n}\n<\/style>\n<div  class='avia-slideshow av-m42rbzsd-810b482947b2352ff06235e16fd29a40 avia-slideshow-featured av_slideshow_full avia-fade-slider av-slideshow-ui av-control-hidden av-no-slider-navigation av-hide-nav-arrows av-slideshow-autoplay av-loop-endless av-loop-manual-endless av-default-height-applied   avia-slideshow-1' data-slideshow-options=\"{&quot;animation&quot;:&quot;fade&quot;,&quot;autoplay&quot;:true,&quot;loop_autoplay&quot;:&quot;endless&quot;,&quot;interval&quot;:3,&quot;loop_manual&quot;:&quot;manual-endless&quot;,&quot;autoplay_stopper&quot;:false,&quot;noNavigation&quot;:true,&quot;bg_slider&quot;:false,&quot;transitionSpeed&quot;:800,&quot;keep_padding&quot;:false,&quot;hoverpause&quot;:false,&quot;show_slide_delay&quot;:0}\"  itemprop=\"image\" itemscope=\"itemscope\" itemtype=\"https:\/\/schema.org\/ImageObject\" ><ul class='avia-slideshow-inner ' style='padding-bottom: 28.666666666667%;'><li  class='avia-slideshow-slide av-m42rbzsd-810b482947b2352ff06235e16fd29a40__0  slide-1 slide-odd'><div data-rel='slideshow-1' class='avia-slide-wrap '   ><img decoding=\"async\" fetchpriority=\"high\" class=\"wp-image-15265 avia-img-lazy-loading-not-15265\"  src=\"https:\/\/www.idealtecsrl.com\/wp-content\/uploads\/2024\/07\/visore-ci-presentiamo-1.jpg\" width=\"1500\" height=\"430\" title='visore-ci-presentiamo-1' alt=''  itemprop=\"thumbnailUrl\"  style='min-height:400px; min-width:1396px; ' srcset=\"https:\/\/www.idealtecsrl.com\/wp-content\/uploads\/2024\/07\/visore-ci-presentiamo-1.jpg 1500w, https:\/\/www.idealtecsrl.com\/wp-content\/uploads\/2024\/07\/visore-ci-presentiamo-1-300x86.jpg 300w, https:\/\/www.idealtecsrl.com\/wp-content\/uploads\/2024\/07\/visore-ci-presentiamo-1-1030x295.jpg 1030w, https:\/\/www.idealtecsrl.com\/wp-content\/uploads\/2024\/07\/visore-ci-presentiamo-1-768x220.jpg 768w, https:\/\/www.idealtecsrl.com\/wp-content\/uploads\/2024\/07\/visore-ci-presentiamo-1-705x202.jpg 705w\" sizes=\"(max-width: 1500px) 100vw, 1500px\" \/><div class='av-section-color-overlay' style='opacity: 0.6; background-color: #18417e; '><\/div><\/div><\/li><li  class='avia-slideshow-slide av-m42rbzsd-810b482947b2352ff06235e16fd29a40__1  slide-2 slide-even'><div data-rel='slideshow-1' class='avia-slide-wrap '   ><img decoding=\"async\" fetchpriority=\"high\" class=\"wp-image-15272 avia-img-lazy-loading-not-15272\"  src=\"https:\/\/www.idealtecsrl.com\/wp-content\/uploads\/2024\/07\/visore-ci-presentiamo-2.jpg\" width=\"1500\" height=\"430\" title='visore-ci-presentiamo-2' alt=''  itemprop=\"thumbnailUrl\"  style='min-height:400px; min-width:1396px; ' srcset=\"https:\/\/www.idealtecsrl.com\/wp-content\/uploads\/2024\/07\/visore-ci-presentiamo-2.jpg 1500w, https:\/\/www.idealtecsrl.com\/wp-content\/uploads\/2024\/07\/visore-ci-presentiamo-2-300x86.jpg 300w, https:\/\/www.idealtecsrl.com\/wp-content\/uploads\/2024\/07\/visore-ci-presentiamo-2-1030x295.jpg 1030w, https:\/\/www.idealtecsrl.com\/wp-content\/uploads\/2024\/07\/visore-ci-presentiamo-2-768x220.jpg 768w, https:\/\/www.idealtecsrl.com\/wp-content\/uploads\/2024\/07\/visore-ci-presentiamo-2-705x202.jpg 705w\" sizes=\"(max-width: 1500px) 100vw, 1500px\" \/><div class='av-section-color-overlay' style='opacity: 0.6; background-color: #18417e; '><\/div><\/div><\/li><li  class='avia-slideshow-slide av-m42rbzsd-810b482947b2352ff06235e16fd29a40__2  slide-3 slide-odd'><div data-rel='slideshow-1' class='avia-slide-wrap '   ><img decoding=\"async\" fetchpriority=\"high\" class=\"wp-image-15279 avia-img-lazy-loading-not-15279\"  src=\"https:\/\/www.idealtecsrl.com\/wp-content\/uploads\/2024\/07\/visore-ci-presentiamo-3.jpg\" width=\"1500\" height=\"430\" title='visore-ci-presentiamo-3' alt=''  itemprop=\"thumbnailUrl\"  style='min-height:400px; min-width:1396px; ' srcset=\"https:\/\/www.idealtecsrl.com\/wp-content\/uploads\/2024\/07\/visore-ci-presentiamo-3.jpg 1500w, https:\/\/www.idealtecsrl.com\/wp-content\/uploads\/2024\/07\/visore-ci-presentiamo-3-300x86.jpg 300w, https:\/\/www.idealtecsrl.com\/wp-content\/uploads\/2024\/07\/visore-ci-presentiamo-3-1030x295.jpg 1030w, https:\/\/www.idealtecsrl.com\/wp-content\/uploads\/2024\/07\/visore-ci-presentiamo-3-768x220.jpg 768w, https:\/\/www.idealtecsrl.com\/wp-content\/uploads\/2024\/07\/visore-ci-presentiamo-3-705x202.jpg 705w\" sizes=\"(max-width: 1500px) 100vw, 1500px\" \/><div class='av-section-color-overlay' style='opacity: 0.6; background-color: #18417e; '><\/div><\/div><\/li><li  class='avia-slideshow-slide av-m42rbzsd-810b482947b2352ff06235e16fd29a40__3  slide-4 slide-even'><div data-rel='slideshow-1' class='avia-slide-wrap '   ><img decoding=\"async\" fetchpriority=\"high\" class=\"wp-image-15286 avia-img-lazy-loading-not-15286\"  src=\"https:\/\/www.idealtecsrl.com\/wp-content\/uploads\/2024\/07\/visore-ci-presentiamo-4.jpg\" width=\"1500\" height=\"430\" title='visore-ci-presentiamo-4' alt=''  itemprop=\"thumbnailUrl\"  style='min-height:400px; min-width:1396px; ' srcset=\"https:\/\/www.idealtecsrl.com\/wp-content\/uploads\/2024\/07\/visore-ci-presentiamo-4.jpg 1500w, https:\/\/www.idealtecsrl.com\/wp-content\/uploads\/2024\/07\/visore-ci-presentiamo-4-300x86.jpg 300w, https:\/\/www.idealtecsrl.com\/wp-content\/uploads\/2024\/07\/visore-ci-presentiamo-4-1030x295.jpg 1030w, https:\/\/www.idealtecsrl.com\/wp-content\/uploads\/2024\/07\/visore-ci-presentiamo-4-768x220.jpg 768w, https:\/\/www.idealtecsrl.com\/wp-content\/uploads\/2024\/07\/visore-ci-presentiamo-4-705x202.jpg 705w\" sizes=\"(max-width: 1500px) 100vw, 1500px\" \/><div class='av-section-color-overlay' style='opacity: 0.6; background-color: #18417e; '><\/div><\/div><\/li><li  class='avia-slideshow-slide av-m42rbzsd-810b482947b2352ff06235e16fd29a40__4  slide-5 slide-odd'><div data-rel='slideshow-1' class='avia-slide-wrap '   ><img decoding=\"async\" fetchpriority=\"high\" class=\"wp-image-15293 avia-img-lazy-loading-not-15293\"  src=\"https:\/\/www.idealtecsrl.com\/wp-content\/uploads\/2024\/07\/visore-ci-presentiamo-5.jpg\" width=\"1500\" height=\"430\" title='visore-ci-presentiamo-5' alt=''  itemprop=\"thumbnailUrl\"  style='min-height:400px; min-width:1396px; ' srcset=\"https:\/\/www.idealtecsrl.com\/wp-content\/uploads\/2024\/07\/visore-ci-presentiamo-5.jpg 1500w, https:\/\/www.idealtecsrl.com\/wp-content\/uploads\/2024\/07\/visore-ci-presentiamo-5-300x86.jpg 300w, https:\/\/www.idealtecsrl.com\/wp-content\/uploads\/2024\/07\/visore-ci-presentiamo-5-1030x295.jpg 1030w, https:\/\/www.idealtecsrl.com\/wp-content\/uploads\/2024\/07\/visore-ci-presentiamo-5-768x220.jpg 768w, https:\/\/www.idealtecsrl.com\/wp-content\/uploads\/2024\/07\/visore-ci-presentiamo-5-705x202.jpg 705w\" sizes=\"(max-width: 1500px) 100vw, 1500px\" \/><div class='av-section-color-overlay' style='opacity: 0.6; background-color: #18417e; '><\/div><\/div><\/li><\/ul><div class='avia-slideshow-arrows avia-slideshow-controls' ><a href='#prev' class='prev-slide ' aria-hidden='true' data-av_icon='\ue87c' data-av_iconfont='entypo-fontello'  tabindex='-1'>Pr\u00e9c\u00e9dent<\/a><a href='#next' class='next-slide ' aria-hidden='true' data-av_icon='\ue87d' data-av_iconfont='entypo-fontello'  tabindex='-1'>Suivant<\/a><\/div><div class='av-slideshow-caption av-m42rbzsd-810b482947b2352ff06235e16fd29a40__0 caption_fullwidth caption_center'><div class=\"container caption_container\"><div class=\"slideshow_caption\"><div class=\"slideshow_inner_caption\"><div class=\"slideshow_align_caption\"><h1 class='avia-caption-title '  itemprop=\"name\" >Fakuma<\/h1><\/div><\/div><\/div><\/div><\/div><\/div><\/div><div id='after_full_slider_1'  class='main_color av_default_container_wrap container_wrap fullsize'  ><div class='container av-section-cont-open' ><div class='template-page content  av-content-full alpha units'><div class='post-entry post-entry-type-page post-entry-17499'><div class='entry-content-wrapper clearfix'>\n\n<style type=\"text\/css\" data-created_by=\"avia_inline_auto\" id=\"style-css-av-70z9qog-10001a1ef75903d210df979656829144\">\n.flex_column.av-70z9qog-10001a1ef75903d210df979656829144{\npadding:50px 0 0 0;\n}\n<\/style>\n<div  class='flex_column av-70z9qog-10001a1ef75903d210df979656829144 av_one_half  avia-builder-el-1  el_after_av_slideshow_full  el_before_av_one_half  avia-builder-el-first  first flex_column_div  '     ><p><section  class='av_textblock_section av-m42rcau7-c454962656def52cce2213e135de4511 '   itemscope=\"itemscope\" itemtype=\"https:\/\/schema.org\/CreativeWork\" ><div class='avia_textblock'  itemprop=\"text\" ><p><strong>Fakuma<\/strong> est l&rsquo;un des principaux salons mondiaux de la transformation industrielle des mati\u00e8res plastiques. Il a lieu tous les deux ans au parc des expositions de Friedrichshafen, dans la r\u00e9gion du lac de Constance en Allemagne. Cet \u00e9v\u00e9nement est un point de r\u00e9f\u00e9rence pour les producteurs, fournisseurs et innovateurs op\u00e9rant dans l&rsquo;industrie du plastique, offrant un aper\u00e7u complet des technologies de transformation, des mat\u00e9riaux aux machines, jusqu&rsquo;aux applications finales.<\/p>\n<\/div><\/section><br \/>\n\n<style type=\"text\/css\" data-created_by=\"avia_inline_auto\" id=\"style-css-av-6v7jlps-451720fae6dd512c9318e36b9c1fc5d9\">\n#top .hr.hr-invisible.av-6v7jlps-451720fae6dd512c9318e36b9c1fc5d9{\nheight:50px;\n}\n<\/style>\n<div  class='hr av-6v7jlps-451720fae6dd512c9318e36b9c1fc5d9 hr-invisible  avia-builder-el-3  el_after_av_textblock  el_before_av_button '><span class='hr-inner '><span class=\"hr-inner-style\"><\/span><\/span><\/div><br \/>\n<div  class='avia-button-wrap av-m42rcivr-8e250c2623fe8c9113bcb5f46f4e33fd-wrap avia-button-left  avia-builder-el-4  el_after_av_hr  avia-builder-el-last '><a href='https:\/\/www.fakuma-messe.de\/en\/' class='avia-button av-m42rcivr-8e250c2623fe8c9113bcb5f46f4e33fd av-link-btn avia-icon_select-yes-right-icon avia-size-large avia-position-left av-icon-on-hover avia-color-theme-color' target=\"_blank\" rel=\"noopener noreferrer\"><span class='avia_iconbox_title' >Visitez le site officiel<\/span><span class='avia_button_icon avia_button_icon_right' aria-hidden='true' data-av_icon='\ue879' data-av_iconfont='entypo-fontello'><\/span><\/a><\/div><\/p><\/div>\n\n<style type=\"text\/css\" data-created_by=\"avia_inline_auto\" id=\"style-css-av-6ezpxww-c2bd24a8c8bc47375ff02ee21570f666\">\n.flex_column.av-6ezpxww-c2bd24a8c8bc47375ff02ee21570f666{\npadding:50px 0 0 0;\n}\n<\/style>\n<div  class='flex_column av-6ezpxww-c2bd24a8c8bc47375ff02ee21570f666 av_one_half  avia-builder-el-5  el_after_av_one_half  el_before_av_one_full  flex_column_div  '     ><style type=\"text\/css\" data-created_by=\"avia_inline_auto\" id=\"style-css-av-m42rcwsv-f09f363e27cc220c567dd4537f367cfb\">\n.avia-image-container.av-m42rcwsv-f09f363e27cc220c567dd4537f367cfb img.avia_image{\nbox-shadow:none;\n}\n.avia-image-container.av-m42rcwsv-f09f363e27cc220c567dd4537f367cfb .av-image-caption-overlay-center{\ncolor:#ffffff;\n}\n<\/style>\n<div  class='avia-image-container av-m42rcwsv-f09f363e27cc220c567dd4537f367cfb av-styling- avia-align-center  avia-builder-el-6  avia-builder-el-no-sibling '   itemprop=\"image\" itemscope=\"itemscope\" itemtype=\"https:\/\/schema.org\/ImageObject\" ><div class=\"avia-image-container-inner\"><div class=\"avia-image-overlay-wrap\"><img decoding=\"async\" fetchpriority=\"high\" class='wp-image-14264 avia-img-lazy-loading-not-14264 avia_image ' src=\"https:\/\/www.idealtecsrl.com\/wp-content\/uploads\/2024\/07\/Fakuma-300x300.jpg\" alt='' title='Fakuma'  height=\"300\" width=\"300\"  itemprop=\"thumbnailUrl\" srcset=\"https:\/\/www.idealtecsrl.com\/wp-content\/uploads\/2024\/07\/Fakuma-300x300.jpg 300w, https:\/\/www.idealtecsrl.com\/wp-content\/uploads\/2024\/07\/Fakuma-80x80.jpg 80w, https:\/\/www.idealtecsrl.com\/wp-content\/uploads\/2024\/07\/Fakuma-36x36.jpg 36w, https:\/\/www.idealtecsrl.com\/wp-content\/uploads\/2024\/07\/Fakuma-180x180.jpg 180w, https:\/\/www.idealtecsrl.com\/wp-content\/uploads\/2024\/07\/Fakuma.jpg 400w\" sizes=\"(max-width: 300px) 100vw, 300px\" \/><\/div><\/div><\/div><\/div>\n<style type=\"text\/css\" data-created_by=\"avia_inline_auto\" id=\"style-css-av-5u7t7sg-24b7dc12b685084c9266e66dfef26764\">\n.flex_column.av-5u7t7sg-24b7dc12b685084c9266e66dfef26764{\npadding:50px 0 0 0;\n}\n<\/style>\n<div  class='flex_column av-5u7t7sg-24b7dc12b685084c9266e66dfef26764 av_one_full  avia-builder-el-7  el_after_av_one_half  el_before_av_one_full  first flex_column_div  column-top-margin'     ><p>\n<style type=\"text\/css\" data-created_by=\"avia_inline_auto\" id=\"style-css-av-m42rd5d6-6cf7883f769bea9bc7d4bcff6210a542\">\n#top .av-special-heading.av-m42rd5d6-6cf7883f769bea9bc7d4bcff6210a542{\npadding-bottom:10px;\n}\nbody .av-special-heading.av-m42rd5d6-6cf7883f769bea9bc7d4bcff6210a542 .av-special-heading-tag .heading-char{\nfont-size:25px;\n}\n.av-special-heading.av-m42rd5d6-6cf7883f769bea9bc7d4bcff6210a542 .av-subheading{\nfont-size:15px;\n}\n<\/style>\n<div  class='av-special-heading av-m42rd5d6-6cf7883f769bea9bc7d4bcff6210a542 av-special-heading-h2 blockquote modern-quote  avia-builder-el-8  el_before_av_textblock  avia-builder-el-first '><h2 class='av-special-heading-tag'  itemprop=\"headline\"  >Objectifs et importance<\/h2><div class=\"special-heading-border\"><div class=\"special-heading-inner-border\"><\/div><\/div><\/div><br \/>\n<section  class='av_textblock_section av-m42rdcd4-262650b02d5b7901764952dcf0cde595 '   itemscope=\"itemscope\" itemtype=\"https:\/\/schema.org\/CreativeWork\" ><div class='avia_textblock'  itemprop=\"text\" ><p>Fakuma se distingue par sa focalisation sur l&rsquo;ensemble de la cha\u00eene de valeur du plastique et repr\u00e9sente une plateforme mondiale pour :<\/p>\n<ul>\n<li>Promouvoir l\u2019innovation technologique : avec un fort accent sur les technologies avanc\u00e9es de moulage, d\u2019extrusion et d\u2019usinage de pr\u00e9cision.<\/li>\n<li>Faciliter l\u2019\u00e9change de connaissances : gr\u00e2ce \u00e0 un vaste programme d\u2019ateliers, de conf\u00e9rences et de d\u00e9monstrations pratiques.<\/li>\n<li>Soutenir la durabilit\u00e9 industrielle : se concentrer sur les solutions de recyclage, d\u2019\u00e9conomie circulaire et de r\u00e9duction de l\u2019impact environnemental.<\/li>\n<\/ul>\n<\/div><\/section><\/p><\/div><\/p>\n\n<style type=\"text\/css\" data-created_by=\"avia_inline_auto\" id=\"style-css-av-5cnaapc-1b4bf01acbd9e4a10bb31f86cf4bd3c7\">\n.flex_column.av-5cnaapc-1b4bf01acbd9e4a10bb31f86cf4bd3c7{\npadding:50px 0 0 0;\n}\n<\/style>\n<div  class='flex_column av-5cnaapc-1b4bf01acbd9e4a10bb31f86cf4bd3c7 av_one_full  avia-builder-el-10  el_after_av_one_full  el_before_av_one_full  first flex_column_div  column-top-margin'     ><p>\n<style type=\"text\/css\" data-created_by=\"avia_inline_auto\" id=\"style-css-av-50q0rjk-3f45f5eb690bb3b55997fbc250c9d747\">\n#top .av-special-heading.av-50q0rjk-3f45f5eb690bb3b55997fbc250c9d747{\npadding-bottom:10px;\n}\nbody .av-special-heading.av-50q0rjk-3f45f5eb690bb3b55997fbc250c9d747 .av-special-heading-tag .heading-char{\nfont-size:25px;\n}\n.av-special-heading.av-50q0rjk-3f45f5eb690bb3b55997fbc250c9d747 .av-subheading{\nfont-size:15px;\n}\n<\/style>\n<div  class='av-special-heading av-50q0rjk-3f45f5eb690bb3b55997fbc250c9d747 av-special-heading-h2 blockquote modern-quote  avia-builder-el-11  el_before_av_textblock  avia-builder-el-first '><h2 class='av-special-heading-tag'  itemprop=\"headline\"  >Principales caract\u00e9ristiques<\/h2><div class=\"special-heading-border\"><div class=\"special-heading-inner-border\"><\/div><\/div><\/div><br \/>\n<section  class='av_textblock_section av-m42rdq1f-0ed722bbb4bd886058e771a3de62cef0 '   itemscope=\"itemscope\" itemtype=\"https:\/\/schema.org\/CreativeWork\" ><div class='avia_textblock'  itemprop=\"text\" ><ul>\n<li>Le salon Fakuma accueille plus de 1 500 exposants internationaux pr\u00e9sentant les derni\u00e8res innovations en mati\u00e8re de :<br \/>\nMoulage par injection : Machines et technologies pour la production de composants plastiques de haute pr\u00e9cision.<br \/>\nExtrusion : Solutions pour la production de films, tubes et profil\u00e9s plastiques.<br \/>\nAdditifs et compos\u00e9s\u00a0: mat\u00e9riaux avanc\u00e9s, notamment des polym\u00e8res techniques, des thermoplastiques, des mat\u00e9riaux biod\u00e9gradables et recyclables.<br \/>\nTechnologies additives (impression 3D) : Int\u00e9gration des technologies additives dans les processus de fabrication industrielle.<br \/>\nAutomatisation et robotique : Syst\u00e8mes pour optimiser la production, am\u00e9liorer la qualit\u00e9 et r\u00e9duire les temps de cycle.<\/li>\n<li>Focus sur la durabilit\u00e9 Fakuma accorde une importance particuli\u00e8re \u00e0\u00a0:<br \/>\nMat\u00e9riaux \u00e9cologiques : Plastique recycl\u00e9 et biopolym\u00e8res.<br \/>\nEfficacit\u00e9 \u00e9nerg\u00e9tique : Technologies qui r\u00e9duisent la consommation d&rsquo;\u00e9nergie dans les processus de production.<br \/>\n\u00c9conomie circulaire : Strat\u00e9gies et innovations pour le recyclage et la r\u00e9utilisation des mati\u00e8res plastiques.<\/li>\n<li>D\u00e9monstrations pratiques en direct Les visiteurs peuvent voir les technologies en action gr\u00e2ce \u00e0 des d\u00e9monstrations en direct, qui comprennent\u00a0:<br \/>\nProcessus de moulage par injection<br \/>\nExtrusion de films et de profil\u00e9s<br \/>\nSyst\u00e8mes robotis\u00e9s de traitement et d\u2019automatisation.<\/li>\n<li>Programme technique En plus de l&rsquo;espace d&rsquo;exposition, Fakuma propose des sessions de formation et des pr\u00e9sentations techniques qui abordent\u00a0:<br \/>\nTendances et d\u00e9fis du march\u00e9 mondial des plastiques.<br \/>\nR\u00e9glementations environnementales et innovations pour la conformit\u00e9.<br \/>\nApplications avanc\u00e9es dans les secteurs de l&rsquo;automobile, du m\u00e9dical, de l&rsquo;\u00e9lectronique et de l&#8217;emballage.<\/li>\n<\/ul>\n<\/div><\/section><\/p><\/div>\n\n<style type=\"text\/css\" data-created_by=\"avia_inline_auto\" id=\"style-css-av-4hz3s6o-3e8b06ca9100e7aa93a187597127b796\">\n.flex_column.av-4hz3s6o-3e8b06ca9100e7aa93a187597127b796{\npadding:50px 0 0 0;\n}\n<\/style>\n<div  class='flex_column av-4hz3s6o-3e8b06ca9100e7aa93a187597127b796 av_one_full  avia-builder-el-13  el_after_av_one_full  el_before_av_one_full  first flex_column_div  column-top-margin'     ><p>\n<style type=\"text\/css\" data-created_by=\"avia_inline_auto\" id=\"style-css-av-3xd9ofk-d04910d360a56b3341887610756dcd92\">\n#top .av-special-heading.av-3xd9ofk-d04910d360a56b3341887610756dcd92{\npadding-bottom:10px;\n}\nbody .av-special-heading.av-3xd9ofk-d04910d360a56b3341887610756dcd92 .av-special-heading-tag .heading-char{\nfont-size:25px;\n}\n.av-special-heading.av-3xd9ofk-d04910d360a56b3341887610756dcd92 .av-subheading{\nfont-size:15px;\n}\n<\/style>\n<div  class='av-special-heading av-3xd9ofk-d04910d360a56b3341887610756dcd92 av-special-heading-h2 blockquote modern-quote  avia-builder-el-14  el_before_av_textblock  avia-builder-el-first '><h2 class='av-special-heading-tag'  itemprop=\"headline\"  >Participants<\/h2><div class=\"special-heading-border\"><div class=\"special-heading-inner-border\"><\/div><\/div><\/div><br \/>\n<section  class='av_textblock_section av-m42rdy1z-69cc736a62677bebaa13a95fc393b2d9 '   itemscope=\"itemscope\" itemtype=\"https:\/\/schema.org\/CreativeWork\" ><div class='avia_textblock'  itemprop=\"text\" ><p>Fakuma attire un large \u00e9ventail de visiteurs et d&rsquo;acteurs de l&rsquo;industrie, notamment\u00a0:<\/p>\n<ul>\n<li>Fabricants de mati\u00e8res et composants plastiques<\/li>\n<li>Fournisseurs de mati\u00e8res premi\u00e8res et de machines<\/li>\n<li>Ing\u00e9nieurs et concepteurs<\/li>\n<li>Responsable de la production et de la qualit\u00e9<\/li>\n<li>Repr\u00e9sentants des secteurs de l&rsquo;automobile, du m\u00e9dical, de l&rsquo;\u00e9lectronique et de l&#8217;emballage.<\/li>\n<\/ul>\n<\/div><\/section><\/p><\/div>\n\n<style type=\"text\/css\" data-created_by=\"avia_inline_auto\" id=\"style-css-av-3cueqpc-3c69c6a2f99104ca4b244c2f7e8fdfdd\">\n.flex_column.av-3cueqpc-3c69c6a2f99104ca4b244c2f7e8fdfdd{\npadding:50px 0 0 0;\n}\n<\/style>\n<div  class='flex_column av-3cueqpc-3c69c6a2f99104ca4b244c2f7e8fdfdd av_one_full  avia-builder-el-16  el_after_av_one_full  el_before_av_hr  first flex_column_div  column-top-margin'     ><p>\n<style type=\"text\/css\" data-created_by=\"avia_inline_auto\" id=\"style-css-av-m42re43d-059c354fcc18d0745f0abcf5a801ddc8\">\n#top .av-special-heading.av-m42re43d-059c354fcc18d0745f0abcf5a801ddc8{\npadding-bottom:10px;\n}\nbody .av-special-heading.av-m42re43d-059c354fcc18d0745f0abcf5a801ddc8 .av-special-heading-tag .heading-char{\nfont-size:25px;\n}\n.av-special-heading.av-m42re43d-059c354fcc18d0745f0abcf5a801ddc8 .av-subheading{\nfont-size:15px;\n}\n<\/style>\n<div  class='av-special-heading av-m42re43d-059c354fcc18d0745f0abcf5a801ddc8 av-special-heading-h2 blockquote modern-quote  avia-builder-el-17  el_before_av_textblock  avia-builder-el-first '><h2 class='av-special-heading-tag'  itemprop=\"headline\"  >Impact sur l\u2019industrie<\/h2><div class=\"special-heading-border\"><div class=\"special-heading-inner-border\"><\/div><\/div><\/div><br \/>\n<section  class='av_textblock_section av-m42reb87-dcf74f061c3dbe80b596ae6a47a9e944 '   itemscope=\"itemscope\" itemtype=\"https:\/\/schema.org\/CreativeWork\" ><div class='avia_textblock'  itemprop=\"text\" ><p>Fakuma joue un r\u00f4le crucial dans l\u2019\u00e9volution du secteur des plastiques, car :<\/p>\n<ul>\n<li>Anticiper les tendances du march\u00e9 : pr\u00e9senter les technologies de pointe.<\/li>\n<li>Prend en charge l\u2019internationalisation : encourage les collaborations entre les entreprises mondiales et locales.<\/li>\n<li>Contribue \u00e0 la transition vers la durabilit\u00e9 : promouvoir des solutions innovantes pour la gestion des ressources.<\/li>\n<\/ul>\n<\/div><\/section><\/p><\/div>\n\n<style type=\"text\/css\" data-created_by=\"avia_inline_auto\" id=\"style-css-av-34zwk5s-a761fda943150f7ed6e5cbd9325a357e\">\n#top .hr.hr-invisible.av-34zwk5s-a761fda943150f7ed6e5cbd9325a357e{\nheight:24px;\n}\n<\/style>\n<div  class='hr av-34zwk5s-a761fda943150f7ed6e5cbd9325a357e hr-invisible  avia-builder-el-19  el_after_av_one_full  el_before_av_hr '><span class='hr-inner '><span class=\"hr-inner-style\"><\/span><\/span><\/div>\n<div  class='hr av-9ubfio-276aed3a3d2fa516781198568424cbbe hr-short  avia-builder-el-20  el_after_av_hr  el_before_av_hr  hr-left'><span class='hr-inner '><span class=\"hr-inner-style\"><\/span><\/span><\/div>\n\n<style type=\"text\/css\" data-created_by=\"avia_inline_auto\" id=\"style-css-av-28gx7kg-e9e4c148e8f65eeff249f68fd7e9c19d\">\n#top .hr.hr-invisible.av-28gx7kg-e9e4c148e8f65eeff249f68fd7e9c19d{\nheight:24px;\n}\n<\/style>\n<div  class='hr av-28gx7kg-e9e4c148e8f65eeff249f68fd7e9c19d hr-invisible  avia-builder-el-21  el_after_av_hr  el_before_av_one_full '><span class='hr-inner '><span class=\"hr-inner-style\"><\/span><\/span><\/div>\n\n<style type=\"text\/css\" data-created_by=\"avia_inline_auto\" id=\"style-css-av-1m0a9qo-0b69e5a9f284781a1cd8df2f3fa8911a\">\n.flex_column.av-1m0a9qo-0b69e5a9f284781a1cd8df2f3fa8911a{\npadding:48px 48px 48px 48px;\nbackground-color:#eceff1;\n}\n<\/style>\n<div  class='flex_column av-1m0a9qo-0b69e5a9f284781a1cd8df2f3fa8911a av_one_full  avia-builder-el-22  el_after_av_hr  avia-builder-el-last  first flex_column_div  '     ><p>\n<style type=\"text\/css\" data-created_by=\"avia_inline_auto\" id=\"style-css-av-11iwx0w-545fe55347d0fc6bd02275e94578e7af\">\n#top .av-special-heading.av-11iwx0w-545fe55347d0fc6bd02275e94578e7af{\npadding-bottom:10px;\n}\nbody .av-special-heading.av-11iwx0w-545fe55347d0fc6bd02275e94578e7af .av-special-heading-tag .heading-char{\nfont-size:25px;\n}\n.av-special-heading.av-11iwx0w-545fe55347d0fc6bd02275e94578e7af .av-subheading{\nfont-size:15px;\n}\n<\/style>\n<div  class='av-special-heading av-11iwx0w-545fe55347d0fc6bd02275e94578e7af av-special-heading-h2 blockquote modern-quote modern-centered  avia-builder-el-23  el_before_av_textblock  avia-builder-el-first '><h2 class='av-special-heading-tag'  itemprop=\"headline\"  >AIDES D\u2019\u00c9TAT ET DE MINIMIS<\/h2><div class=\"special-heading-border\"><div class=\"special-heading-inner-border\"><\/div><\/div><\/div><br \/>\n<section  class='av_textblock_section av-mftb00-37cc599cd0a6f5bd09bf249c23c5b87a '   itemscope=\"itemscope\" itemtype=\"https:\/\/schema.org\/CreativeWork\" ><div class='avia_textblock'  itemprop=\"text\" ><p style=\"text-align: center;\"><strong>Obligations d\u2019information pour les subventions publiques.<\/strong><br \/>\nLes aides d\u2019\u00c9tat et les aides de minimis re\u00e7ues par notre entreprise sont contenues dans le registre national des aides d\u2019\u00c9tat vis\u00e9 \u00e0 l\u2019art. 52 de la loi 234\/2012 \u00e0 laquelle il est fait r\u00e9f\u00e9rence et qui peut \u00eatre consult\u00e9 au lien suivant:\u00a0<a role=\"link\" href=\"https:\/\/www.rna.gov.it\/trasparenza\" target=\"_blank\" rel=\"noopener\">Apprendre encore plus&gt;&gt;<\/a><\/p>\n<\/div><\/section><\/p><\/div>\n","protected":false},"excerpt":{"rendered":"","protected":false},"author":6,"featured_media":0,"parent":17457,"menu_order":0,"comment_status":"closed","ping_status":"closed","template":"","meta":{"_monsterinsights_skip_tracking":false,"_monsterinsights_sitenote_active":false,"_monsterinsights_sitenote_note":"","_monsterinsights_sitenote_category":0,"footnotes":""},"_links":{"self":[{"href":"https:\/\/www.idealtecsrl.com\/fr\/wp-json\/wp\/v2\/pages\/17499"}],"collection":[{"href":"https:\/\/www.idealtecsrl.com\/fr\/wp-json\/wp\/v2\/pages"}],"about":[{"href":"https:\/\/www.idealtecsrl.com\/fr\/wp-json\/wp\/v2\/types\/page"}],"author":[{"embeddable":true,"href":"https:\/\/www.idealtecsrl.com\/fr\/wp-json\/wp\/v2\/users\/6"}],"replies":[{"embeddable":true,"href":"https:\/\/www.idealtecsrl.com\/fr\/wp-json\/wp\/v2\/comments?post=17499"}],"version-history":[{"count":2,"href":"https:\/\/www.idealtecsrl.com\/fr\/wp-json\/wp\/v2\/pages\/17499\/revisions"}],"predecessor-version":[{"id":17501,"href":"https:\/\/www.idealtecsrl.com\/fr\/wp-json\/wp\/v2\/pages\/17499\/revisions\/17501"}],"up":[{"embeddable":true,"href":"https:\/\/www.idealtecsrl.com\/fr\/wp-json\/wp\/v2\/pages\/17457"}],"wp:attachment":[{"href":"https:\/\/www.idealtecsrl.com\/fr\/wp-json\/wp\/v2\/media?parent=17499"}],"curies":[{"name":"wp","href":"https:\/\/api.w.org\/{rel}","templated":true}]}}