{"id":17526,"date":"2024-11-30T13:35:09","date_gmt":"2024-11-30T12:35:09","guid":{"rendered":"https:\/\/www.idealtecsrl.com\/foires-dexposition\/ipack-ima\/"},"modified":"2024-11-30T13:35:10","modified_gmt":"2024-11-30T12:35:10","slug":"ipack-ima","status":"publish","type":"page","link":"https:\/\/www.idealtecsrl.com\/fr\/foires-dexposition\/ipack-ima\/","title":{"rendered":"IPACK-IMA"},"content":{"rendered":"<div id='full_slider_1'  class='avia-fullwidth-slider main_color avia-shadow   avia-builder-el-0  el_before_av_one_half  avia-builder-el-first   container_wrap fullsize'  >\n<style type=\"text\/css\" data-created_by=\"avia_inline_auto\" id=\"style-css-av-m42rfgey-3f54e2b33cdcccae67b192d0b552e753\">\n#top #wrap_all .avia-slideshow .av-slideshow-caption.av-m42rfgey-3f54e2b33cdcccae67b192d0b552e753__0 .avia-caption-title{\ncolor:#ffffff;\n}\n#top .avia-slideshow .av-slideshow-caption.av-m42rfgey-3f54e2b33cdcccae67b192d0b552e753__0 .avia-caption-content{\ncolor:#ffffff;\n}\n<\/style>\n<div  class='avia-slideshow av-m42rfgey-3f54e2b33cdcccae67b192d0b552e753 avia-slideshow-featured av_slideshow_full avia-fade-slider av-slideshow-ui av-control-hidden av-no-slider-navigation av-hide-nav-arrows av-slideshow-autoplay av-loop-endless av-loop-manual-endless av-default-height-applied   avia-slideshow-1' data-slideshow-options=\"{&quot;animation&quot;:&quot;fade&quot;,&quot;autoplay&quot;:true,&quot;loop_autoplay&quot;:&quot;endless&quot;,&quot;interval&quot;:3,&quot;loop_manual&quot;:&quot;manual-endless&quot;,&quot;autoplay_stopper&quot;:false,&quot;noNavigation&quot;:true,&quot;bg_slider&quot;:false,&quot;transitionSpeed&quot;:800,&quot;keep_padding&quot;:false,&quot;hoverpause&quot;:false,&quot;show_slide_delay&quot;:0}\"  itemprop=\"image\" itemscope=\"itemscope\" itemtype=\"https:\/\/schema.org\/ImageObject\" ><ul class='avia-slideshow-inner ' style='padding-bottom: 28.666666666667%;'><li  class='avia-slideshow-slide av-m42rfgey-3f54e2b33cdcccae67b192d0b552e753__0  slide-1 slide-odd'><div data-rel='slideshow-1' class='avia-slide-wrap '   ><img decoding=\"async\" fetchpriority=\"high\" class=\"wp-image-15265 avia-img-lazy-loading-not-15265\"  src=\"https:\/\/www.idealtecsrl.com\/wp-content\/uploads\/2024\/07\/visore-ci-presentiamo-1.jpg\" width=\"1500\" height=\"430\" title='visore-ci-presentiamo-1' alt=''  itemprop=\"thumbnailUrl\"  style='min-height:400px; min-width:1396px; ' srcset=\"https:\/\/www.idealtecsrl.com\/wp-content\/uploads\/2024\/07\/visore-ci-presentiamo-1.jpg 1500w, https:\/\/www.idealtecsrl.com\/wp-content\/uploads\/2024\/07\/visore-ci-presentiamo-1-300x86.jpg 300w, https:\/\/www.idealtecsrl.com\/wp-content\/uploads\/2024\/07\/visore-ci-presentiamo-1-1030x295.jpg 1030w, https:\/\/www.idealtecsrl.com\/wp-content\/uploads\/2024\/07\/visore-ci-presentiamo-1-768x220.jpg 768w, https:\/\/www.idealtecsrl.com\/wp-content\/uploads\/2024\/07\/visore-ci-presentiamo-1-705x202.jpg 705w\" sizes=\"(max-width: 1500px) 100vw, 1500px\" \/><div class='av-section-color-overlay' style='opacity: 0.6; background-color: #18417e; '><\/div><\/div><\/li><li  class='avia-slideshow-slide av-m42rfgey-3f54e2b33cdcccae67b192d0b552e753__1  slide-2 slide-even'><div data-rel='slideshow-1' class='avia-slide-wrap '   ><img decoding=\"async\" fetchpriority=\"high\" class=\"wp-image-15272 avia-img-lazy-loading-not-15272\"  src=\"https:\/\/www.idealtecsrl.com\/wp-content\/uploads\/2024\/07\/visore-ci-presentiamo-2.jpg\" width=\"1500\" height=\"430\" title='visore-ci-presentiamo-2' alt=''  itemprop=\"thumbnailUrl\"  style='min-height:400px; min-width:1396px; ' srcset=\"https:\/\/www.idealtecsrl.com\/wp-content\/uploads\/2024\/07\/visore-ci-presentiamo-2.jpg 1500w, https:\/\/www.idealtecsrl.com\/wp-content\/uploads\/2024\/07\/visore-ci-presentiamo-2-300x86.jpg 300w, https:\/\/www.idealtecsrl.com\/wp-content\/uploads\/2024\/07\/visore-ci-presentiamo-2-1030x295.jpg 1030w, https:\/\/www.idealtecsrl.com\/wp-content\/uploads\/2024\/07\/visore-ci-presentiamo-2-768x220.jpg 768w, https:\/\/www.idealtecsrl.com\/wp-content\/uploads\/2024\/07\/visore-ci-presentiamo-2-705x202.jpg 705w\" sizes=\"(max-width: 1500px) 100vw, 1500px\" \/><div class='av-section-color-overlay' style='opacity: 0.6; background-color: #18417e; '><\/div><\/div><\/li><li  class='avia-slideshow-slide av-m42rfgey-3f54e2b33cdcccae67b192d0b552e753__2  slide-3 slide-odd'><div data-rel='slideshow-1' class='avia-slide-wrap '   ><img decoding=\"async\" fetchpriority=\"high\" class=\"wp-image-15279 avia-img-lazy-loading-not-15279\"  src=\"https:\/\/www.idealtecsrl.com\/wp-content\/uploads\/2024\/07\/visore-ci-presentiamo-3.jpg\" width=\"1500\" height=\"430\" title='visore-ci-presentiamo-3' alt=''  itemprop=\"thumbnailUrl\"  style='min-height:400px; min-width:1396px; ' srcset=\"https:\/\/www.idealtecsrl.com\/wp-content\/uploads\/2024\/07\/visore-ci-presentiamo-3.jpg 1500w, https:\/\/www.idealtecsrl.com\/wp-content\/uploads\/2024\/07\/visore-ci-presentiamo-3-300x86.jpg 300w, https:\/\/www.idealtecsrl.com\/wp-content\/uploads\/2024\/07\/visore-ci-presentiamo-3-1030x295.jpg 1030w, https:\/\/www.idealtecsrl.com\/wp-content\/uploads\/2024\/07\/visore-ci-presentiamo-3-768x220.jpg 768w, https:\/\/www.idealtecsrl.com\/wp-content\/uploads\/2024\/07\/visore-ci-presentiamo-3-705x202.jpg 705w\" sizes=\"(max-width: 1500px) 100vw, 1500px\" \/><div class='av-section-color-overlay' style='opacity: 0.6; background-color: #18417e; '><\/div><\/div><\/li><li  class='avia-slideshow-slide av-m42rfgey-3f54e2b33cdcccae67b192d0b552e753__3  slide-4 slide-even'><div data-rel='slideshow-1' class='avia-slide-wrap '   ><img decoding=\"async\" fetchpriority=\"high\" class=\"wp-image-15286 avia-img-lazy-loading-not-15286\"  src=\"https:\/\/www.idealtecsrl.com\/wp-content\/uploads\/2024\/07\/visore-ci-presentiamo-4.jpg\" width=\"1500\" height=\"430\" title='visore-ci-presentiamo-4' alt=''  itemprop=\"thumbnailUrl\"  style='min-height:400px; min-width:1396px; ' srcset=\"https:\/\/www.idealtecsrl.com\/wp-content\/uploads\/2024\/07\/visore-ci-presentiamo-4.jpg 1500w, https:\/\/www.idealtecsrl.com\/wp-content\/uploads\/2024\/07\/visore-ci-presentiamo-4-300x86.jpg 300w, https:\/\/www.idealtecsrl.com\/wp-content\/uploads\/2024\/07\/visore-ci-presentiamo-4-1030x295.jpg 1030w, https:\/\/www.idealtecsrl.com\/wp-content\/uploads\/2024\/07\/visore-ci-presentiamo-4-768x220.jpg 768w, https:\/\/www.idealtecsrl.com\/wp-content\/uploads\/2024\/07\/visore-ci-presentiamo-4-705x202.jpg 705w\" sizes=\"(max-width: 1500px) 100vw, 1500px\" \/><div class='av-section-color-overlay' style='opacity: 0.6; background-color: #18417e; '><\/div><\/div><\/li><li  class='avia-slideshow-slide av-m42rfgey-3f54e2b33cdcccae67b192d0b552e753__4  slide-5 slide-odd'><div data-rel='slideshow-1' class='avia-slide-wrap '   ><img decoding=\"async\" fetchpriority=\"high\" class=\"wp-image-15293 avia-img-lazy-loading-not-15293\"  src=\"https:\/\/www.idealtecsrl.com\/wp-content\/uploads\/2024\/07\/visore-ci-presentiamo-5.jpg\" width=\"1500\" height=\"430\" title='visore-ci-presentiamo-5' alt=''  itemprop=\"thumbnailUrl\"  style='min-height:400px; min-width:1396px; ' srcset=\"https:\/\/www.idealtecsrl.com\/wp-content\/uploads\/2024\/07\/visore-ci-presentiamo-5.jpg 1500w, https:\/\/www.idealtecsrl.com\/wp-content\/uploads\/2024\/07\/visore-ci-presentiamo-5-300x86.jpg 300w, https:\/\/www.idealtecsrl.com\/wp-content\/uploads\/2024\/07\/visore-ci-presentiamo-5-1030x295.jpg 1030w, https:\/\/www.idealtecsrl.com\/wp-content\/uploads\/2024\/07\/visore-ci-presentiamo-5-768x220.jpg 768w, https:\/\/www.idealtecsrl.com\/wp-content\/uploads\/2024\/07\/visore-ci-presentiamo-5-705x202.jpg 705w\" sizes=\"(max-width: 1500px) 100vw, 1500px\" \/><div class='av-section-color-overlay' style='opacity: 0.6; background-color: #18417e; '><\/div><\/div><\/li><\/ul><div class='avia-slideshow-arrows avia-slideshow-controls' ><a href='#prev' class='prev-slide ' aria-hidden='true' data-av_icon='\ue87c' data-av_iconfont='entypo-fontello'  tabindex='-1'>Pr\u00e9c\u00e9dent<\/a><a href='#next' class='next-slide ' aria-hidden='true' data-av_icon='\ue87d' data-av_iconfont='entypo-fontello'  tabindex='-1'>Suivant<\/a><\/div><div class='av-slideshow-caption av-m42rfgey-3f54e2b33cdcccae67b192d0b552e753__0 caption_fullwidth caption_center'><div class=\"container caption_container\"><div class=\"slideshow_caption\"><div class=\"slideshow_inner_caption\"><div class=\"slideshow_align_caption\"><h1 class='avia-caption-title '  itemprop=\"name\" >IPACK-IMA<\/h1><\/div><\/div><\/div><\/div><\/div><\/div><\/div><div id='after_full_slider_1'  class='main_color av_default_container_wrap container_wrap fullsize'  ><div class='container av-section-cont-open' ><div class='template-page content  av-content-full alpha units'><div class='post-entry post-entry-type-page post-entry-17526'><div class='entry-content-wrapper clearfix'>\n\n<style type=\"text\/css\" data-created_by=\"avia_inline_auto\" id=\"style-css-av-2n7l1u-170b791aa33636196e8a12ac8cf37570\">\n.flex_column.av-2n7l1u-170b791aa33636196e8a12ac8cf37570{\npadding:50px 0 0 0;\n}\n<\/style>\n<div  class='flex_column av-2n7l1u-170b791aa33636196e8a12ac8cf37570 av_one_half  avia-builder-el-1  el_after_av_slideshow_full  el_before_av_one_half  avia-builder-el-first  first flex_column_div  '     ><p><section  class='av_textblock_section av-m42ri1kw-e888d6eae145f190410275710602f14e '   itemscope=\"itemscope\" itemtype=\"https:\/\/schema.org\/CreativeWork\" ><div class='avia_textblock'  itemprop=\"text\" ><p><strong>IPACK-IMA<\/strong> est l&rsquo;un des principaux salons internationaux d\u00e9di\u00e9s aux technologies de transformation et d&#8217;emballage dans les secteurs de l&rsquo;industrie et des biens de consommation. Organis\u00e9 tous les trois ans \u00e0 la Fiera Milano, l&rsquo;\u00e9v\u00e9nement se distingue par son attention port\u00e9e \u00e0 l&rsquo;innovation, \u00e0 la durabilit\u00e9 et \u00e0 l&rsquo;automatisation, offrant un aper\u00e7u complet des solutions technologiques de pointe pour l&#8217;emballage et la transformation.<\/p>\n<\/div><\/section><br \/>\n\n<style type=\"text\/css\" data-created_by=\"avia_inline_auto\" id=\"style-css-av-6vmdaoi-08d1c2f3944b93c9ba832f12345be772\">\n#top .hr.hr-invisible.av-6vmdaoi-08d1c2f3944b93c9ba832f12345be772{\nheight:50px;\n}\n<\/style>\n<div  class='hr av-6vmdaoi-08d1c2f3944b93c9ba832f12345be772 hr-invisible  avia-builder-el-3  el_after_av_textblock  el_before_av_button '><span class='hr-inner '><span class=\"hr-inner-style\"><\/span><\/span><\/div><br \/>\n<div  class='avia-button-wrap av-m42rhth0-248b446a3d85a5819c38df9fa5c01374-wrap avia-button-left  avia-builder-el-4  el_after_av_hr  avia-builder-el-last '><a href='https:\/\/www.ipackima.com\/' class='avia-button av-m42rhth0-248b446a3d85a5819c38df9fa5c01374 av-link-btn avia-icon_select-yes-right-icon avia-size-large avia-position-left av-icon-on-hover avia-color-theme-color' target=\"_blank\" rel=\"noopener noreferrer\"><span class='avia_iconbox_title' >Visitez le site officiel<\/span><span class='avia_button_icon avia_button_icon_right' aria-hidden='true' data-av_icon='\ue879' data-av_iconfont='entypo-fontello'><\/span><\/a><\/div><\/p><\/div>\n\n<style type=\"text\/css\" data-created_by=\"avia_inline_auto\" id=\"style-css-av-6blyspe-bbd706700ddb4a914bf1ae451048efdb\">\n.flex_column.av-6blyspe-bbd706700ddb4a914bf1ae451048efdb{\npadding:50px 0 0 0;\n}\n<\/style>\n<div  class='flex_column av-6blyspe-bbd706700ddb4a914bf1ae451048efdb av_one_half  avia-builder-el-5  el_after_av_one_half  el_before_av_one_full  flex_column_div  '     ><style type=\"text\/css\" data-created_by=\"avia_inline_auto\" id=\"style-css-av-m42rhmpk-28884523ac4c2b5d138840540f91305c\">\n.avia-image-container.av-m42rhmpk-28884523ac4c2b5d138840540f91305c img.avia_image{\nbox-shadow:none;\n}\n.avia-image-container.av-m42rhmpk-28884523ac4c2b5d138840540f91305c .av-image-caption-overlay-center{\ncolor:#ffffff;\n}\n<\/style>\n<div  class='avia-image-container av-m42rhmpk-28884523ac4c2b5d138840540f91305c av-styling- avia-align-center  avia-builder-el-6  avia-builder-el-no-sibling '   itemprop=\"image\" itemscope=\"itemscope\" itemtype=\"https:\/\/schema.org\/ImageObject\" ><div class=\"avia-image-container-inner\"><div class=\"avia-image-overlay-wrap\"><img decoding=\"async\" fetchpriority=\"high\" class='wp-image-14271 avia-img-lazy-loading-not-14271 avia_image ' src=\"https:\/\/www.idealtecsrl.com\/wp-content\/uploads\/2024\/07\/IPACK-IMA-300x300.jpg\" alt='' title='IPACK-IMA'  height=\"300\" width=\"300\"  itemprop=\"thumbnailUrl\" srcset=\"https:\/\/www.idealtecsrl.com\/wp-content\/uploads\/2024\/07\/IPACK-IMA-300x300.jpg 300w, https:\/\/www.idealtecsrl.com\/wp-content\/uploads\/2024\/07\/IPACK-IMA-80x80.jpg 80w, https:\/\/www.idealtecsrl.com\/wp-content\/uploads\/2024\/07\/IPACK-IMA-36x36.jpg 36w, https:\/\/www.idealtecsrl.com\/wp-content\/uploads\/2024\/07\/IPACK-IMA-180x180.jpg 180w, https:\/\/www.idealtecsrl.com\/wp-content\/uploads\/2024\/07\/IPACK-IMA.jpg 400w\" sizes=\"(max-width: 300px) 100vw, 300px\" \/><\/div><\/div><\/div><\/div>\n<style type=\"text\/css\" data-created_by=\"avia_inline_auto\" id=\"style-css-av-5pcnhma-6a2dced47a5a0880845d09f9f3dacb7f\">\n.flex_column.av-5pcnhma-6a2dced47a5a0880845d09f9f3dacb7f{\npadding:50px 0 0 0;\n}\n<\/style>\n<div  class='flex_column av-5pcnhma-6a2dced47a5a0880845d09f9f3dacb7f av_one_full  avia-builder-el-7  el_after_av_one_half  el_before_av_one_full  first flex_column_div  column-top-margin'     ><p>\n<style type=\"text\/css\" data-created_by=\"avia_inline_auto\" id=\"style-css-av-m42ri7oo-94cabbde19f913b543ce0444e91a2f3a\">\n#top .av-special-heading.av-m42ri7oo-94cabbde19f913b543ce0444e91a2f3a{\npadding-bottom:10px;\n}\nbody .av-special-heading.av-m42ri7oo-94cabbde19f913b543ce0444e91a2f3a .av-special-heading-tag .heading-char{\nfont-size:25px;\n}\n.av-special-heading.av-m42ri7oo-94cabbde19f913b543ce0444e91a2f3a .av-subheading{\nfont-size:15px;\n}\n<\/style>\n<div  class='av-special-heading av-m42ri7oo-94cabbde19f913b543ce0444e91a2f3a av-special-heading-h2 blockquote modern-quote  avia-builder-el-8  el_before_av_textblock  avia-builder-el-first '><h2 class='av-special-heading-tag'  itemprop=\"headline\"  >Objectifs et importance<\/h2><div class=\"special-heading-border\"><div class=\"special-heading-inner-border\"><\/div><\/div><\/div><br \/>\n<section  class='av_textblock_section av-m42rieag-a1199b203172dc441575cfda940a5315 '   itemscope=\"itemscope\" itemtype=\"https:\/\/schema.org\/CreativeWork\" ><div class='avia_textblock'  itemprop=\"text\" ><p>IPACK-IMA vise \u00e0 \u00eatre une plateforme mondiale o\u00f9 l&rsquo;excellence technologique rencontre l&rsquo;innovation pour r\u00e9pondre aux besoins du march\u00e9 moderne. L&rsquo;\u00e9v\u00e9nement vise \u00e0 :<\/p>\n<ul>\n<li>Fournir des solutions avanc\u00e9es pour am\u00e9liorer l\u2019efficacit\u00e9, la flexibilit\u00e9 et la durabilit\u00e9 des processus de production.<\/li>\n<li>Faciliter la mise en r\u00e9seau entre les producteurs, fournisseurs et acheteurs internationaux.<\/li>\n<li>Anticiper les tendances du secteur et offrir un espace de partage des connaissances et des meilleures pratiques.<\/li>\n<\/ul>\n<p>Avec une r\u00e9putation consolid\u00e9e dans le monde entier, le salon repr\u00e9sente un rendez-vous incontournable pour les professionnels du secteur.<\/p>\n<\/div><\/section><\/p><\/div><\/p>\n\n<style type=\"text\/css\" data-created_by=\"avia_inline_auto\" id=\"style-css-av-jidfrm-026be234b051f09237674609ffc44527\">\n.flex_column.av-jidfrm-026be234b051f09237674609ffc44527{\npadding:50px 0 0 0;\n}\n<\/style>\n<div  class='flex_column av-jidfrm-026be234b051f09237674609ffc44527 av_one_full  avia-builder-el-10  el_after_av_one_full  el_before_av_one_full  first flex_column_div  column-top-margin'     ><p>\n<style type=\"text\/css\" data-created_by=\"avia_inline_auto\" id=\"style-css-av-gw2djm-8e1962c7c41e014f1302a53dac8aeb59\">\n#top .av-special-heading.av-gw2djm-8e1962c7c41e014f1302a53dac8aeb59{\npadding-bottom:10px;\n}\nbody .av-special-heading.av-gw2djm-8e1962c7c41e014f1302a53dac8aeb59 .av-special-heading-tag .heading-char{\nfont-size:25px;\n}\n.av-special-heading.av-gw2djm-8e1962c7c41e014f1302a53dac8aeb59 .av-subheading{\nfont-size:15px;\n}\n<\/style>\n<div  class='av-special-heading av-gw2djm-8e1962c7c41e014f1302a53dac8aeb59 av-special-heading-h2 blockquote modern-quote  avia-builder-el-11  el_before_av_textblock  avia-builder-el-first '><h2 class='av-special-heading-tag'  itemprop=\"headline\"  >Principales caract\u00e9ristiques<\/h2><div class=\"special-heading-border\"><div class=\"special-heading-inner-border\"><\/div><\/div><\/div><br \/>\n<section  class='av_textblock_section av-m42rj6m6-0a9e9779b35b0d1f2ace6e3fa1c89a52 '   itemscope=\"itemscope\" itemtype=\"https:\/\/schema.org\/CreativeWork\" ><div class='avia_textblock'  itemprop=\"text\" ><ul>\n<li>Large offre d&rsquo;exposition<br \/>\nIPACK-IMA couvre toute la cha\u00eene d&rsquo;approvisionnement, de la transformation des mati\u00e8res premi\u00e8res jusqu&rsquo;\u00e0 l&#8217;emballage final, en mettant l&rsquo;accent sur :<br \/>\nTechnologies de transformation : machines et solutions pour la transformation des aliments, des boissons, des produits chimiques et pharmaceutiques.<br \/>\nSyst\u00e8mes d&#8217;emballage primaire et secondaire : pour des emballages flexibles, rigides et innovants.<br \/>\nMat\u00e9riaux d&#8217;emballage : durables, recyclables et biod\u00e9gradables.<br \/>\nAutomatisation et robotique : pour l&rsquo;optimisation des lignes de production et de conditionnement.<br \/>\nSolutions d&rsquo;\u00e9tiquetage et de tra\u00e7abilit\u00e9 : essentielles \u00e0 la conformit\u00e9 r\u00e9glementaire et \u00e0 la gestion de la cha\u00eene d&rsquo;approvisionnement.<\/li>\n<li>Secteurs d&rsquo;application<br \/>\nLe salon est transversal et couvre de nombreux secteurs, parmi lesquels :<br \/>\nNourriture et boissons<br \/>\nPharmaceutique et cosm\u00e9tique<br \/>\nChimique et industriel<br \/>\nEmballage et logistique.<\/li>\n<li>Innovation et durabilit\u00e9<br \/>\nIPACK-IMA met un accent particulier sur :<br \/>\nTechnologies \u00e0 faible impact environnemental et mat\u00e9riaux verts.<br \/>\nSolutions pour le recyclage et la r\u00e9utilisation.<br \/>\nSyst\u00e8mes de production \u00e0 faible consommation d\u2019\u00e9nergie.<\/li>\n<li>Programme de garantie<br \/>\nL&rsquo;\u00e9v\u00e9nement est enrichi par :<br \/>\nConf\u00e9rences et ateliers : sur des sujets tels que l&rsquo;innovation technologique, la r\u00e9glementation du secteur et les tendances du march\u00e9.<br \/>\nD\u00e9monstrations pratiques : pour montrer le fonctionnement des machines et des technologies en temps r\u00e9el.<br \/>\nPrix \u200b\u200bet reconnaissances : d\u00e9di\u00e9s aux solutions innovantes dans le domaine de l&#8217;emballage et de la durabilit\u00e9.<\/li>\n<\/ul>\n<\/div><\/section><\/p><\/div>\n\n<style type=\"text\/css\" data-created_by=\"avia_inline_auto\" id=\"style-css-av-48qph5e-14866a6178e22cbb2281133a091a7e1a\">\n.flex_column.av-48qph5e-14866a6178e22cbb2281133a091a7e1a{\npadding:50px 0 0 0;\n}\n<\/style>\n<div  class='flex_column av-48qph5e-14866a6178e22cbb2281133a091a7e1a av_one_full  avia-builder-el-13  el_after_av_one_full  el_before_av_one_full  first flex_column_div  column-top-margin'     ><p>\n<style type=\"text\/css\" data-created_by=\"avia_inline_auto\" id=\"style-css-av-3v4u0lu-afad4f57ee0c0cfd3f97e2e02574d98f\">\n#top .av-special-heading.av-3v4u0lu-afad4f57ee0c0cfd3f97e2e02574d98f{\npadding-bottom:10px;\n}\nbody .av-special-heading.av-3v4u0lu-afad4f57ee0c0cfd3f97e2e02574d98f .av-special-heading-tag .heading-char{\nfont-size:25px;\n}\n.av-special-heading.av-3v4u0lu-afad4f57ee0c0cfd3f97e2e02574d98f .av-subheading{\nfont-size:15px;\n}\n<\/style>\n<div  class='av-special-heading av-3v4u0lu-afad4f57ee0c0cfd3f97e2e02574d98f av-special-heading-h2 blockquote modern-quote  avia-builder-el-14  el_before_av_textblock  avia-builder-el-first '><h2 class='av-special-heading-tag'  itemprop=\"headline\"  >Participants<\/h2><div class=\"special-heading-border\"><div class=\"special-heading-inner-border\"><\/div><\/div><\/div><br \/>\n<section  class='av_textblock_section av-m42rjda8-29d1b68c1214b608f8eff5f0d39c29dd '   itemscope=\"itemscope\" itemtype=\"https:\/\/schema.org\/CreativeWork\" ><div class='avia_textblock'  itemprop=\"text\" ><p>IPACK-IMA attire un public international, compos\u00e9 de :<\/p>\n<ul>\n<li>Fabricants de technologies d\u2019emballage et de transformation.<\/li>\n<li>Fournisseurs de mat\u00e9riels et d&rsquo;\u00e9quipements.<\/li>\n<li>Responsables des achats, designers et ing\u00e9nieurs.<\/li>\n<li>Responsable production, marketing et qualit\u00e9.<\/li>\n<li>Acheteurs internationaux des secteurs agroalimentaire, pharmaceutique, cosm\u00e9tique et industriel.<\/li>\n<\/ul>\n<\/div><\/section><\/p><\/div>\n\n<style type=\"text\/css\" data-created_by=\"avia_inline_auto\" id=\"style-css-av-3caaagi-a756a173fab47567e7c6c2611464b06b\">\n.flex_column.av-3caaagi-a756a173fab47567e7c6c2611464b06b{\npadding:50px 0 0 0;\n}\n<\/style>\n<div  class='flex_column av-3caaagi-a756a173fab47567e7c6c2611464b06b av_one_full  avia-builder-el-16  el_after_av_one_full  el_before_av_hr  first flex_column_div  column-top-margin'     ><p>\n<style type=\"text\/css\" data-created_by=\"avia_inline_auto\" id=\"style-css-av-m42rjjmr-9003bf2a583d40166f86100c3e4fc253\">\n#top .av-special-heading.av-m42rjjmr-9003bf2a583d40166f86100c3e4fc253{\npadding-bottom:10px;\n}\nbody .av-special-heading.av-m42rjjmr-9003bf2a583d40166f86100c3e4fc253 .av-special-heading-tag .heading-char{\nfont-size:25px;\n}\n.av-special-heading.av-m42rjjmr-9003bf2a583d40166f86100c3e4fc253 .av-subheading{\nfont-size:15px;\n}\n<\/style>\n<div  class='av-special-heading av-m42rjjmr-9003bf2a583d40166f86100c3e4fc253 av-special-heading-h2 blockquote modern-quote  avia-builder-el-17  el_before_av_textblock  avia-builder-el-first '><h2 class='av-special-heading-tag'  itemprop=\"headline\"  >Impact sur l\u2019industrie<\/h2><div class=\"special-heading-border\"><div class=\"special-heading-inner-border\"><\/div><\/div><\/div><br \/>\n<section  class='av_textblock_section av-m42rjpyq-c47aa443369bab24ba932f937d989215 '   itemscope=\"itemscope\" itemtype=\"https:\/\/schema.org\/CreativeWork\" ><div class='avia_textblock'  itemprop=\"text\" ><p>IPACK-IMA joue un r\u00f4le cl\u00e9 dans le d\u00e9veloppement de l\u2019industrie de l\u2019emballage et de la transformation, gr\u00e2ce \u00e0 :<\/p>\n<ul>\n<li>Focus sur l&rsquo;innovation : pr\u00e9sentation de solutions qui am\u00e9liorent la productivit\u00e9 et la durabilit\u00e9.<\/li>\n<li>Internationalisation : favoriser les rencontres entre entreprises et acheteurs du monde entier.<\/li>\n<li>Approche int\u00e9gr\u00e9e : couvrant toutes les phases de la supply chain et cr\u00e9ant des synergies entre les secteurs.<\/li>\n<\/ul>\n<\/div><\/section><\/p><\/div>\n\n<style type=\"text\/css\" data-created_by=\"avia_inline_auto\" id=\"style-css-av-2x2yi1e-0aceb1ac6ff49c223c6bfb77914c345a\">\n#top .hr.hr-invisible.av-2x2yi1e-0aceb1ac6ff49c223c6bfb77914c345a{\nheight:24px;\n}\n<\/style>\n<div  class='hr av-2x2yi1e-0aceb1ac6ff49c223c6bfb77914c345a hr-invisible  avia-builder-el-19  el_after_av_one_full  el_before_av_hr '><span class='hr-inner '><span class=\"hr-inner-style\"><\/span><\/span><\/div>\n<div  class='hr av-2epsmr6-f551402ab8fb77c1c8215588c171cff5 hr-short  avia-builder-el-20  el_after_av_hr  el_before_av_hr  hr-left'><span class='hr-inner '><span class=\"hr-inner-style\"><\/span><\/span><\/div>\n\n<style type=\"text\/css\" data-created_by=\"avia_inline_auto\" id=\"style-css-av-21u8j5e-42986f1ae29fa6e762f304c9b676d43a\">\n#top .hr.hr-invisible.av-21u8j5e-42986f1ae29fa6e762f304c9b676d43a{\nheight:24px;\n}\n<\/style>\n<div  class='hr av-21u8j5e-42986f1ae29fa6e762f304c9b676d43a hr-invisible  avia-builder-el-21  el_after_av_hr  el_before_av_one_full '><span class='hr-inner '><span class=\"hr-inner-style\"><\/span><\/span><\/div>\n\n<style type=\"text\/css\" data-created_by=\"avia_inline_auto\" id=\"style-css-av-1q8vo36-4314431d1d4bfd0e606d7f6009c0aab1\">\n.flex_column.av-1q8vo36-4314431d1d4bfd0e606d7f6009c0aab1{\npadding:48px 48px 48px 48px;\nbackground-color:#eceff1;\n}\n<\/style>\n<div  class='flex_column av-1q8vo36-4314431d1d4bfd0e606d7f6009c0aab1 av_one_full  avia-builder-el-22  el_after_av_hr  avia-builder-el-last  first flex_column_div  '     ><p>\n<style type=\"text\/css\" data-created_by=\"avia_inline_auto\" id=\"style-css-av-13x8rqq-75eb960ea371670bd0db2e7599e2f6b1\">\n#top .av-special-heading.av-13x8rqq-75eb960ea371670bd0db2e7599e2f6b1{\npadding-bottom:10px;\n}\nbody .av-special-heading.av-13x8rqq-75eb960ea371670bd0db2e7599e2f6b1 .av-special-heading-tag .heading-char{\nfont-size:25px;\n}\n.av-special-heading.av-13x8rqq-75eb960ea371670bd0db2e7599e2f6b1 .av-subheading{\nfont-size:15px;\n}\n<\/style>\n<div  class='av-special-heading av-13x8rqq-75eb960ea371670bd0db2e7599e2f6b1 av-special-heading-h2 blockquote modern-quote modern-centered  avia-builder-el-23  el_before_av_textblock  avia-builder-el-first '><h2 class='av-special-heading-tag'  itemprop=\"headline\"  >AIDES D\u2019\u00c9TAT ET DE MINIMIS<\/h2><div class=\"special-heading-border\"><div class=\"special-heading-inner-border\"><\/div><\/div><\/div><br \/>\n<section  class='av_textblock_section av-krx3jm-29714e9381b6381a11aeb38154e03aee '   itemscope=\"itemscope\" itemtype=\"https:\/\/schema.org\/CreativeWork\" ><div class='avia_textblock'  itemprop=\"text\" ><p style=\"text-align: center;\"><strong>Obligations d\u2019information pour les subventions publiques.<\/strong><br \/>\nLes aides d\u2019\u00c9tat et les aides de minimis re\u00e7ues par notre entreprise sont contenues dans le registre national des aides d\u2019\u00c9tat vis\u00e9 \u00e0 l\u2019art. 52 de la loi 234\/2012 \u00e0 laquelle il est fait r\u00e9f\u00e9rence et qui peut \u00eatre consult\u00e9 au lien suivant:\u00a0<a role=\"link\" href=\"https:\/\/www.rna.gov.it\/trasparenza\" target=\"_blank\" rel=\"noopener\">Apprendre encore plus&gt;&gt;<\/a><\/p>\n<\/div><\/section><\/p><\/div>\n","protected":false},"excerpt":{"rendered":"","protected":false},"author":6,"featured_media":0,"parent":17457,"menu_order":0,"comment_status":"closed","ping_status":"closed","template":"","meta":{"_monsterinsights_skip_tracking":false,"_monsterinsights_sitenote_active":false,"_monsterinsights_sitenote_note":"","_monsterinsights_sitenote_category":0,"footnotes":""},"_links":{"self":[{"href":"https:\/\/www.idealtecsrl.com\/fr\/wp-json\/wp\/v2\/pages\/17526"}],"collection":[{"href":"https:\/\/www.idealtecsrl.com\/fr\/wp-json\/wp\/v2\/pages"}],"about":[{"href":"https:\/\/www.idealtecsrl.com\/fr\/wp-json\/wp\/v2\/types\/page"}],"author":[{"embeddable":true,"href":"https:\/\/www.idealtecsrl.com\/fr\/wp-json\/wp\/v2\/users\/6"}],"replies":[{"embeddable":true,"href":"https:\/\/www.idealtecsrl.com\/fr\/wp-json\/wp\/v2\/comments?post=17526"}],"version-history":[{"count":2,"href":"https:\/\/www.idealtecsrl.com\/fr\/wp-json\/wp\/v2\/pages\/17526\/revisions"}],"predecessor-version":[{"id":17528,"href":"https:\/\/www.idealtecsrl.com\/fr\/wp-json\/wp\/v2\/pages\/17526\/revisions\/17528"}],"up":[{"embeddable":true,"href":"https:\/\/www.idealtecsrl.com\/fr\/wp-json\/wp\/v2\/pages\/17457"}],"wp:attachment":[{"href":"https:\/\/www.idealtecsrl.com\/fr\/wp-json\/wp\/v2\/media?parent=17526"}],"curies":[{"name":"wp","href":"https:\/\/api.w.org\/{rel}","templated":true}]}}