{"id":17535,"date":"2024-11-30T13:53:22","date_gmt":"2024-11-30T12:53:22","guid":{"rendered":"https:\/\/www.idealtecsrl.com\/foires-dexposition\/paintistanbul-turkcoat\/"},"modified":"2024-11-30T13:53:22","modified_gmt":"2024-11-30T12:53:22","slug":"paintistanbul-turkcoat","status":"publish","type":"page","link":"https:\/\/www.idealtecsrl.com\/fr\/foires-dexposition\/paintistanbul-turkcoat\/","title":{"rendered":"Paintistanbul &#038; Turkcoat"},"content":{"rendered":"<div id='full_slider_1'  class='avia-fullwidth-slider main_color avia-shadow   avia-builder-el-0  el_before_av_one_half  avia-builder-el-first   container_wrap fullsize'  >\n<style type=\"text\/css\" data-created_by=\"avia_inline_auto\" id=\"style-css-av-m42rkxxn-e3c907bb25619ea5d12fa6200a311dd1\">\n#top #wrap_all .avia-slideshow .av-slideshow-caption.av-m42rkxxn-e3c907bb25619ea5d12fa6200a311dd1__0 .avia-caption-title{\ncolor:#ffffff;\n}\n#top .avia-slideshow .av-slideshow-caption.av-m42rkxxn-e3c907bb25619ea5d12fa6200a311dd1__0 .avia-caption-content{\ncolor:#ffffff;\n}\n<\/style>\n<div  class='avia-slideshow av-m42rkxxn-e3c907bb25619ea5d12fa6200a311dd1 avia-slideshow-featured av_slideshow_full avia-fade-slider av-slideshow-ui av-control-hidden av-no-slider-navigation av-hide-nav-arrows av-slideshow-autoplay av-loop-endless av-loop-manual-endless av-default-height-applied   avia-slideshow-1' data-slideshow-options=\"{&quot;animation&quot;:&quot;fade&quot;,&quot;autoplay&quot;:true,&quot;loop_autoplay&quot;:&quot;endless&quot;,&quot;interval&quot;:3,&quot;loop_manual&quot;:&quot;manual-endless&quot;,&quot;autoplay_stopper&quot;:false,&quot;noNavigation&quot;:true,&quot;bg_slider&quot;:false,&quot;transitionSpeed&quot;:800,&quot;keep_padding&quot;:false,&quot;hoverpause&quot;:false,&quot;show_slide_delay&quot;:0}\"  itemprop=\"image\" itemscope=\"itemscope\" itemtype=\"https:\/\/schema.org\/ImageObject\" ><ul class='avia-slideshow-inner ' style='padding-bottom: 28.666666666667%;'><li  class='avia-slideshow-slide av-m42rkxxn-e3c907bb25619ea5d12fa6200a311dd1__0  slide-1 slide-odd'><div data-rel='slideshow-1' class='avia-slide-wrap '   ><img decoding=\"async\" fetchpriority=\"high\" class=\"wp-image-15265 avia-img-lazy-loading-not-15265\"  src=\"https:\/\/www.idealtecsrl.com\/wp-content\/uploads\/2024\/07\/visore-ci-presentiamo-1.jpg\" width=\"1500\" height=\"430\" title='visore-ci-presentiamo-1' alt=''  itemprop=\"thumbnailUrl\"  style='min-height:400px; min-width:1396px; ' srcset=\"https:\/\/www.idealtecsrl.com\/wp-content\/uploads\/2024\/07\/visore-ci-presentiamo-1.jpg 1500w, https:\/\/www.idealtecsrl.com\/wp-content\/uploads\/2024\/07\/visore-ci-presentiamo-1-300x86.jpg 300w, https:\/\/www.idealtecsrl.com\/wp-content\/uploads\/2024\/07\/visore-ci-presentiamo-1-1030x295.jpg 1030w, https:\/\/www.idealtecsrl.com\/wp-content\/uploads\/2024\/07\/visore-ci-presentiamo-1-768x220.jpg 768w, https:\/\/www.idealtecsrl.com\/wp-content\/uploads\/2024\/07\/visore-ci-presentiamo-1-705x202.jpg 705w\" sizes=\"(max-width: 1500px) 100vw, 1500px\" \/><div class='av-section-color-overlay' style='opacity: 0.6; background-color: #18417e; '><\/div><\/div><\/li><li  class='avia-slideshow-slide av-m42rkxxn-e3c907bb25619ea5d12fa6200a311dd1__1  slide-2 slide-even'><div data-rel='slideshow-1' class='avia-slide-wrap '   ><img decoding=\"async\" fetchpriority=\"high\" class=\"wp-image-15272 avia-img-lazy-loading-not-15272\"  src=\"https:\/\/www.idealtecsrl.com\/wp-content\/uploads\/2024\/07\/visore-ci-presentiamo-2.jpg\" width=\"1500\" height=\"430\" title='visore-ci-presentiamo-2' alt=''  itemprop=\"thumbnailUrl\"  style='min-height:400px; min-width:1396px; ' srcset=\"https:\/\/www.idealtecsrl.com\/wp-content\/uploads\/2024\/07\/visore-ci-presentiamo-2.jpg 1500w, https:\/\/www.idealtecsrl.com\/wp-content\/uploads\/2024\/07\/visore-ci-presentiamo-2-300x86.jpg 300w, https:\/\/www.idealtecsrl.com\/wp-content\/uploads\/2024\/07\/visore-ci-presentiamo-2-1030x295.jpg 1030w, https:\/\/www.idealtecsrl.com\/wp-content\/uploads\/2024\/07\/visore-ci-presentiamo-2-768x220.jpg 768w, https:\/\/www.idealtecsrl.com\/wp-content\/uploads\/2024\/07\/visore-ci-presentiamo-2-705x202.jpg 705w\" sizes=\"(max-width: 1500px) 100vw, 1500px\" \/><div class='av-section-color-overlay' style='opacity: 0.6; background-color: #18417e; '><\/div><\/div><\/li><li  class='avia-slideshow-slide av-m42rkxxn-e3c907bb25619ea5d12fa6200a311dd1__2  slide-3 slide-odd'><div data-rel='slideshow-1' class='avia-slide-wrap '   ><img decoding=\"async\" fetchpriority=\"high\" class=\"wp-image-15279 avia-img-lazy-loading-not-15279\"  src=\"https:\/\/www.idealtecsrl.com\/wp-content\/uploads\/2024\/07\/visore-ci-presentiamo-3.jpg\" width=\"1500\" height=\"430\" title='visore-ci-presentiamo-3' alt=''  itemprop=\"thumbnailUrl\"  style='min-height:400px; min-width:1396px; ' srcset=\"https:\/\/www.idealtecsrl.com\/wp-content\/uploads\/2024\/07\/visore-ci-presentiamo-3.jpg 1500w, https:\/\/www.idealtecsrl.com\/wp-content\/uploads\/2024\/07\/visore-ci-presentiamo-3-300x86.jpg 300w, https:\/\/www.idealtecsrl.com\/wp-content\/uploads\/2024\/07\/visore-ci-presentiamo-3-1030x295.jpg 1030w, https:\/\/www.idealtecsrl.com\/wp-content\/uploads\/2024\/07\/visore-ci-presentiamo-3-768x220.jpg 768w, https:\/\/www.idealtecsrl.com\/wp-content\/uploads\/2024\/07\/visore-ci-presentiamo-3-705x202.jpg 705w\" sizes=\"(max-width: 1500px) 100vw, 1500px\" \/><div class='av-section-color-overlay' style='opacity: 0.6; background-color: #18417e; '><\/div><\/div><\/li><li  class='avia-slideshow-slide av-m42rkxxn-e3c907bb25619ea5d12fa6200a311dd1__3  slide-4 slide-even'><div data-rel='slideshow-1' class='avia-slide-wrap '   ><img decoding=\"async\" fetchpriority=\"high\" class=\"wp-image-15286 avia-img-lazy-loading-not-15286\"  src=\"https:\/\/www.idealtecsrl.com\/wp-content\/uploads\/2024\/07\/visore-ci-presentiamo-4.jpg\" width=\"1500\" height=\"430\" title='visore-ci-presentiamo-4' alt=''  itemprop=\"thumbnailUrl\"  style='min-height:400px; min-width:1396px; ' srcset=\"https:\/\/www.idealtecsrl.com\/wp-content\/uploads\/2024\/07\/visore-ci-presentiamo-4.jpg 1500w, https:\/\/www.idealtecsrl.com\/wp-content\/uploads\/2024\/07\/visore-ci-presentiamo-4-300x86.jpg 300w, https:\/\/www.idealtecsrl.com\/wp-content\/uploads\/2024\/07\/visore-ci-presentiamo-4-1030x295.jpg 1030w, https:\/\/www.idealtecsrl.com\/wp-content\/uploads\/2024\/07\/visore-ci-presentiamo-4-768x220.jpg 768w, https:\/\/www.idealtecsrl.com\/wp-content\/uploads\/2024\/07\/visore-ci-presentiamo-4-705x202.jpg 705w\" sizes=\"(max-width: 1500px) 100vw, 1500px\" \/><div class='av-section-color-overlay' style='opacity: 0.6; background-color: #18417e; '><\/div><\/div><\/li><li  class='avia-slideshow-slide av-m42rkxxn-e3c907bb25619ea5d12fa6200a311dd1__4  slide-5 slide-odd'><div data-rel='slideshow-1' class='avia-slide-wrap '   ><img decoding=\"async\" fetchpriority=\"high\" class=\"wp-image-15293 avia-img-lazy-loading-not-15293\"  src=\"https:\/\/www.idealtecsrl.com\/wp-content\/uploads\/2024\/07\/visore-ci-presentiamo-5.jpg\" width=\"1500\" height=\"430\" title='visore-ci-presentiamo-5' alt=''  itemprop=\"thumbnailUrl\"  style='min-height:400px; min-width:1396px; ' srcset=\"https:\/\/www.idealtecsrl.com\/wp-content\/uploads\/2024\/07\/visore-ci-presentiamo-5.jpg 1500w, https:\/\/www.idealtecsrl.com\/wp-content\/uploads\/2024\/07\/visore-ci-presentiamo-5-300x86.jpg 300w, https:\/\/www.idealtecsrl.com\/wp-content\/uploads\/2024\/07\/visore-ci-presentiamo-5-1030x295.jpg 1030w, https:\/\/www.idealtecsrl.com\/wp-content\/uploads\/2024\/07\/visore-ci-presentiamo-5-768x220.jpg 768w, https:\/\/www.idealtecsrl.com\/wp-content\/uploads\/2024\/07\/visore-ci-presentiamo-5-705x202.jpg 705w\" sizes=\"(max-width: 1500px) 100vw, 1500px\" \/><div class='av-section-color-overlay' style='opacity: 0.6; background-color: #18417e; '><\/div><\/div><\/li><\/ul><div class='avia-slideshow-arrows avia-slideshow-controls' ><a href='#prev' class='prev-slide ' aria-hidden='true' data-av_icon='\ue87c' data-av_iconfont='entypo-fontello'  tabindex='-1'>Pr\u00e9c\u00e9dent<\/a><a href='#next' class='next-slide ' aria-hidden='true' data-av_icon='\ue87d' data-av_iconfont='entypo-fontello'  tabindex='-1'>Suivant<\/a><\/div><div class='av-slideshow-caption av-m42rkxxn-e3c907bb25619ea5d12fa6200a311dd1__0 caption_fullwidth caption_center'><div class=\"container caption_container\"><div class=\"slideshow_caption\"><div class=\"slideshow_inner_caption\"><div class=\"slideshow_align_caption\"><h1 class='avia-caption-title '  itemprop=\"name\" >Paintistanbul &amp; Turkcoat<\/h1><\/div><\/div><\/div><\/div><\/div><\/div><\/div><div id='after_full_slider_1'  class='main_color av_default_container_wrap container_wrap fullsize'  ><div class='container av-section-cont-open' ><div class='template-page content  av-content-full alpha units'><div class='post-entry post-entry-type-page post-entry-17535'><div class='entry-content-wrapper clearfix'>\n\n<style type=\"text\/css\" data-created_by=\"avia_inline_auto\" id=\"style-css-av-7cjuqno-a0a62553d3354f6b88fbb35963218554\">\n.flex_column.av-7cjuqno-a0a62553d3354f6b88fbb35963218554{\npadding:50px 0 0 0;\n}\n<\/style>\n<div  class='flex_column av-7cjuqno-a0a62553d3354f6b88fbb35963218554 av_one_half  avia-builder-el-1  el_after_av_slideshow_full  el_before_av_one_half  avia-builder-el-first  first flex_column_div  '     ><p><section  class='av_textblock_section av-m42roai1-178a8c1e233a1d8428abfbb302e20ea9 '   itemscope=\"itemscope\" itemtype=\"https:\/\/schema.org\/CreativeWork\" ><div class='avia_textblock'  itemprop=\"text\" ><p><strong>Paintistanbul &amp; Turkcoat<\/strong> est l&rsquo;un des salons les plus importants et les plus influents du secteur des peintures, des rev\u00eatements, des mati\u00e8res premi\u00e8res et des technologies associ\u00e9es en Eurasie. Cet \u00e9v\u00e9nement biennal a lieu \u00e0 Istanbul, en Turquie, et repr\u00e9sente un point de r\u00e9f\u00e9rence pour les professionnels de l&rsquo;industrie, offrant une plateforme int\u00e9gr\u00e9e pour l&rsquo;innovation, la mise en r\u00e9seau et le commerce.<\/p>\n<\/div><\/section><br \/>\n\n<style type=\"text\/css\" data-created_by=\"avia_inline_auto\" id=\"style-css-av-6npu8ok-aa963fb0889f87b99c91ce84c9056156\">\n#top .hr.hr-invisible.av-6npu8ok-aa963fb0889f87b99c91ce84c9056156{\nheight:50px;\n}\n<\/style>\n<div  class='hr av-6npu8ok-aa963fb0889f87b99c91ce84c9056156 hr-invisible  avia-builder-el-3  el_after_av_textblock  el_before_av_button '><span class='hr-inner '><span class=\"hr-inner-style\"><\/span><\/span><\/div><br \/>\n<div  class='avia-button-wrap av-m42rnphl-289f74fac35e4411b71cf8e67af9f331-wrap avia-button-left  avia-builder-el-4  el_after_av_hr  avia-builder-el-last '><a href='https:\/\/turkcoat-paintistanbul.com\/home\/' class='avia-button av-m42rnphl-289f74fac35e4411b71cf8e67af9f331 av-link-btn avia-icon_select-yes-right-icon avia-size-large avia-position-left av-icon-on-hover avia-color-theme-color' target=\"_blank\" rel=\"noopener noreferrer\"><span class='avia_iconbox_title' >Visitez le site officiel<\/span><span class='avia_button_icon avia_button_icon_right' aria-hidden='true' data-av_icon='\ue879' data-av_iconfont='entypo-fontello'><\/span><\/a><\/div><\/p><\/div>\n\n<style type=\"text\/css\" data-created_by=\"avia_inline_auto\" id=\"style-css-av-67o7hkk-2bfd7f40318f99e932d750d5937976ca\">\n.flex_column.av-67o7hkk-2bfd7f40318f99e932d750d5937976ca{\npadding:50px 0 0 0;\n}\n<\/style>\n<div  class='flex_column av-67o7hkk-2bfd7f40318f99e932d750d5937976ca av_one_half  avia-builder-el-5  el_after_av_one_half  el_before_av_one_full  flex_column_div  '     ><style type=\"text\/css\" data-created_by=\"avia_inline_auto\" id=\"style-css-av-m42ro4yt-ca024fff0c82cadf9cea3bb94b0b06f0\">\n.avia-image-container.av-m42ro4yt-ca024fff0c82cadf9cea3bb94b0b06f0 img.avia_image{\nbox-shadow:none;\n}\n.avia-image-container.av-m42ro4yt-ca024fff0c82cadf9cea3bb94b0b06f0 .av-image-caption-overlay-center{\ncolor:#ffffff;\n}\n<\/style>\n<div  class='avia-image-container av-m42ro4yt-ca024fff0c82cadf9cea3bb94b0b06f0 av-styling- avia-align-center  avia-builder-el-6  avia-builder-el-no-sibling '   itemprop=\"image\" itemscope=\"itemscope\" itemtype=\"https:\/\/schema.org\/ImageObject\" ><div class=\"avia-image-container-inner\"><div class=\"avia-image-overlay-wrap\"><img decoding=\"async\" fetchpriority=\"high\" class='wp-image-14278 avia-img-lazy-loading-not-14278 avia_image ' src=\"https:\/\/www.idealtecsrl.com\/wp-content\/uploads\/2024\/07\/Paint-Istanbul-Turkcoat-300x300.jpg\" alt='' title='Paint-Istanbul-Turkcoat'  height=\"300\" width=\"300\"  itemprop=\"thumbnailUrl\" srcset=\"https:\/\/www.idealtecsrl.com\/wp-content\/uploads\/2024\/07\/Paint-Istanbul-Turkcoat-300x300.jpg 300w, https:\/\/www.idealtecsrl.com\/wp-content\/uploads\/2024\/07\/Paint-Istanbul-Turkcoat-80x80.jpg 80w, https:\/\/www.idealtecsrl.com\/wp-content\/uploads\/2024\/07\/Paint-Istanbul-Turkcoat-36x36.jpg 36w, https:\/\/www.idealtecsrl.com\/wp-content\/uploads\/2024\/07\/Paint-Istanbul-Turkcoat-180x180.jpg 180w, https:\/\/www.idealtecsrl.com\/wp-content\/uploads\/2024\/07\/Paint-Istanbul-Turkcoat.jpg 400w\" sizes=\"(max-width: 300px) 100vw, 300px\" \/><\/div><\/div><\/div><\/div>\n<style type=\"text\/css\" data-created_by=\"avia_inline_auto\" id=\"style-css-av-5xawp9w-b25149ebbaadd45c21e5dfb528ff50d5\">\n.flex_column.av-5xawp9w-b25149ebbaadd45c21e5dfb528ff50d5{\npadding:50px 0 0 0;\n}\n<\/style>\n<div  class='flex_column av-5xawp9w-b25149ebbaadd45c21e5dfb528ff50d5 av_one_full  avia-builder-el-7  el_after_av_one_half  el_before_av_one_full  first flex_column_div  column-top-margin'     ><p>\n<style type=\"text\/css\" data-created_by=\"avia_inline_auto\" id=\"style-css-av-m42roh6h-4d2a0a0d0724dcde8d3f93adf771f884\">\n#top .av-special-heading.av-m42roh6h-4d2a0a0d0724dcde8d3f93adf771f884{\npadding-bottom:10px;\n}\nbody .av-special-heading.av-m42roh6h-4d2a0a0d0724dcde8d3f93adf771f884 .av-special-heading-tag .heading-char{\nfont-size:25px;\n}\n.av-special-heading.av-m42roh6h-4d2a0a0d0724dcde8d3f93adf771f884 .av-subheading{\nfont-size:15px;\n}\n<\/style>\n<div  class='av-special-heading av-m42roh6h-4d2a0a0d0724dcde8d3f93adf771f884 av-special-heading-h2 blockquote modern-quote  avia-builder-el-8  el_before_av_textblock  avia-builder-el-first '><h2 class='av-special-heading-tag'  itemprop=\"headline\"  >Objectifs et importance<\/h2><div class=\"special-heading-border\"><div class=\"special-heading-inner-border\"><\/div><\/div><\/div><br \/>\n<section  class='av_textblock_section av-m42roqvy-555fd71297c7ca83943023b6c2c8b9c4 '   itemscope=\"itemscope\" itemtype=\"https:\/\/schema.org\/CreativeWork\" ><div class='avia_textblock'  itemprop=\"text\" ><p>Paintistanbul &amp; Turkcoat se pr\u00e9sente comme une plateforme strat\u00e9gique pour relier les fabricants, les fournisseurs, les distributeurs et les acheteurs, avec un accent particulier sur l&rsquo;industrie des rev\u00eatements. Les principaux objectifs comprennent\u00a0:<\/p>\n<ul>\n<li>Promouvoir l\u2019innovation dans le secteur des peintures et des mati\u00e8res premi\u00e8res.<\/li>\n<li>Faciliter la mise en r\u00e9seau entre les entreprises r\u00e9gionales et internationales.<\/li>\n<li>Soutenir le d\u00e9veloppement du march\u00e9 eurasien, gr\u00e2ce \u00e0 la position strat\u00e9gique de la Turquie en tant que pont entre l&rsquo;Europe, l&rsquo;Asie et le Moyen-Orient.<\/li>\n<\/ul>\n<p>Avec une importance mondiale croissante, le salon contribue \u00e0 fa\u00e7onner l\u2019avenir de l\u2019industrie de la peinture.<\/p>\n<\/div><\/section><\/p><\/div><\/p>\n\n<style type=\"text\/css\" data-created_by=\"avia_inline_auto\" id=\"style-css-av-ieu978-17e262687cb8544e6f568afb8c9d8bb8\">\n.flex_column.av-ieu978-17e262687cb8544e6f568afb8c9d8bb8{\npadding:50px 0 0 0;\n}\n<\/style>\n<div  class='flex_column av-ieu978-17e262687cb8544e6f568afb8c9d8bb8 av_one_full  avia-builder-el-10  el_after_av_one_full  el_before_av_one_full  first flex_column_div  column-top-margin'     ><p>\n<style type=\"text\/css\" data-created_by=\"avia_inline_auto\" id=\"style-css-av-4udzqus-d2189eb6b9ff5e0baf8e79e17a89ba49\">\n#top .av-special-heading.av-4udzqus-d2189eb6b9ff5e0baf8e79e17a89ba49{\npadding-bottom:10px;\n}\nbody .av-special-heading.av-4udzqus-d2189eb6b9ff5e0baf8e79e17a89ba49 .av-special-heading-tag .heading-char{\nfont-size:25px;\n}\n.av-special-heading.av-4udzqus-d2189eb6b9ff5e0baf8e79e17a89ba49 .av-subheading{\nfont-size:15px;\n}\n<\/style>\n<div  class='av-special-heading av-4udzqus-d2189eb6b9ff5e0baf8e79e17a89ba49 av-special-heading-h2 blockquote modern-quote  avia-builder-el-11  el_before_av_textblock  avia-builder-el-first '><h2 class='av-special-heading-tag'  itemprop=\"headline\"  >Principales caract\u00e9ristiques<\/h2><div class=\"special-heading-border\"><div class=\"special-heading-inner-border\"><\/div><\/div><\/div><br \/>\n<section  class='av_textblock_section av-m42rp8g2-e9f81e80675e3ca6d37085ebb1dd34ac '   itemscope=\"itemscope\" itemtype=\"https:\/\/schema.org\/CreativeWork\" ><div class='avia_textblock'  itemprop=\"text\" ><ul>\n<li>Exposition commerciale<br \/>\nLe salon accueille des centaines d&rsquo;exposants du monde entier, avec une large gamme de produits et services, notamment\u00a0:<br \/>\nMati\u00e8res premi\u00e8res : r\u00e9sines, pigments, additifs et solvants.<br \/>\nPeintures et rev\u00eatements : solutions pour la construction, l&rsquo;industrie automobile, le bois et les produits de d\u00e9coration.<br \/>\nTechnologies et machines : \u00e9quipements pour la production, le conditionnement et le contr\u00f4le qualit\u00e9.<br \/>\nDurabilit\u00e9 et innovation : focus sur les mat\u00e9riaux et technologies \u00e9co-compatibles pour r\u00e9duire l\u2019impact environnemental.<\/li>\n<li>Conf\u00e9rences techniques<br \/>\nPaintistanbul &amp; Turkcoat comprend un riche programme de s\u00e9minaires et d&rsquo;ateliers techniques, couvrant des sujets cl\u00e9s tels que\u00a0:<br \/>\nNouveaux d\u00e9veloppements dans les formulations.<br \/>\nDurabilit\u00e9 dans l&rsquo;industrie des rev\u00eatements.<br \/>\nR\u00e9glementations environnementales et certifications internationales.<br \/>\nTechnologies \u00e9mergentes pour des rev\u00eatements hautes performances.<\/li>\n<li>Opportunit\u00e9s de r\u00e9seautage<br \/>\nLe salon attire un large public de professionnels et de d\u00e9cideurs, ce qui en fait un lieu id\u00e9al pour :<br \/>\nRencontrez des partenaires commerciaux potentiels.<br \/>\nExplorez les opportunit\u00e9s d\u2019investissement et les collaborations.<br \/>\nD\u00e9couvrez les nouvelles tendances et technologies du march\u00e9.<\/li>\n<li>Orientation r\u00e9gionale et mondiale<br \/>\nPaintistanbul &amp; Turkcoat ne se concentre pas seulement sur le march\u00e9 turc, mais couvre \u00e9galement toute la r\u00e9gion eurasienne, attirant des participants d&rsquo;Europe, d&rsquo;Asie, du Moyen-Orient et d&rsquo;Afrique du Nord, se consolidant ainsi comme un pont entre les march\u00e9s occidentaux et orientaux.<\/li>\n<\/ul>\n<\/div><\/section><\/p><\/div>\n\n<style type=\"text\/css\" data-created_by=\"avia_inline_auto\" id=\"style-css-av-4ke12ic-7bb921689e7a19b46921739ac7c486fd\">\n.flex_column.av-4ke12ic-7bb921689e7a19b46921739ac7c486fd{\npadding:50px 0 0 0;\n}\n<\/style>\n<div  class='flex_column av-4ke12ic-7bb921689e7a19b46921739ac7c486fd av_one_full  avia-builder-el-13  el_after_av_one_full  el_before_av_one_full  first flex_column_div  column-top-margin'     ><p>\n<style type=\"text\/css\" data-created_by=\"avia_inline_auto\" id=\"style-css-av-3zgl0gk-f8a96c3c0983b2fc6baec34392e0ec54\">\n#top .av-special-heading.av-3zgl0gk-f8a96c3c0983b2fc6baec34392e0ec54{\npadding-bottom:10px;\n}\nbody .av-special-heading.av-3zgl0gk-f8a96c3c0983b2fc6baec34392e0ec54 .av-special-heading-tag .heading-char{\nfont-size:25px;\n}\n.av-special-heading.av-3zgl0gk-f8a96c3c0983b2fc6baec34392e0ec54 .av-subheading{\nfont-size:15px;\n}\n<\/style>\n<div  class='av-special-heading av-3zgl0gk-f8a96c3c0983b2fc6baec34392e0ec54 av-special-heading-h2 blockquote modern-quote  avia-builder-el-14  el_before_av_textblock  avia-builder-el-first '><h2 class='av-special-heading-tag'  itemprop=\"headline\"  >Participants<\/h2><div class=\"special-heading-border\"><div class=\"special-heading-inner-border\"><\/div><\/div><\/div><br \/>\n<section  class='av_textblock_section av-m42rpsyv-240fc6e1d87f1282fa2677af9bbd38be '   itemscope=\"itemscope\" itemtype=\"https:\/\/schema.org\/CreativeWork\" ><div class='avia_textblock'  itemprop=\"text\" ><p>L&rsquo;\u00e9v\u00e9nement rassemble un large \u00e9ventail de professionnels de l&rsquo;industrie, notamment\u00a0:<\/p>\n<ul>\n<li>Fabricants de peintures et de rev\u00eatements.<\/li>\n<li>Fournisseurs de mati\u00e8res premi\u00e8res, de machines et d&rsquo;\u00e9quipements.<\/li>\n<li>Distributeurs et revendeurs.<\/li>\n<li>Consultants techniques, chercheurs et d\u00e9veloppeurs.<\/li>\n<li>Acheteurs et d\u00e9cideurs de secteurs cl\u00e9s tels que la construction, l&rsquo;automobile, le bois, l&#8217;emballage et la d\u00e9coration.<\/li>\n<\/ul>\n<\/div><\/section><\/p><\/div>\n\n<style type=\"text\/css\" data-created_by=\"avia_inline_auto\" id=\"style-css-av-3cs9kxg-79c04922fb850c53e0df1ddc1582cd81\">\n.flex_column.av-3cs9kxg-79c04922fb850c53e0df1ddc1582cd81{\npadding:50px 0 0 0;\n}\n<\/style>\n<div  class='flex_column av-3cs9kxg-79c04922fb850c53e0df1ddc1582cd81 av_one_full  avia-builder-el-16  el_after_av_one_full  el_before_av_hr  first flex_column_div  column-top-margin'     ><p>\n<style type=\"text\/css\" data-created_by=\"avia_inline_auto\" id=\"style-css-av-m42rpz5v-2e266905c429da65f7d7a2ba4780d819\">\n#top .av-special-heading.av-m42rpz5v-2e266905c429da65f7d7a2ba4780d819{\npadding-bottom:10px;\n}\nbody .av-special-heading.av-m42rpz5v-2e266905c429da65f7d7a2ba4780d819 .av-special-heading-tag .heading-char{\nfont-size:25px;\n}\n.av-special-heading.av-m42rpz5v-2e266905c429da65f7d7a2ba4780d819 .av-subheading{\nfont-size:15px;\n}\n<\/style>\n<div  class='av-special-heading av-m42rpz5v-2e266905c429da65f7d7a2ba4780d819 av-special-heading-h2 blockquote modern-quote  avia-builder-el-17  el_before_av_textblock  avia-builder-el-first '><h2 class='av-special-heading-tag'  itemprop=\"headline\"  >Impact sur l\u2019industrie<\/h2><div class=\"special-heading-border\"><div class=\"special-heading-inner-border\"><\/div><\/div><\/div><br \/>\n<section  class='av_textblock_section av-m42rq8ev-f0069f982e3a1e9b33e8789fb83ab916 '   itemscope=\"itemscope\" itemtype=\"https:\/\/schema.org\/CreativeWork\" ><div class='avia_textblock'  itemprop=\"text\" ><p>Paintistanbul &amp; Turkcoat joue un r\u00f4le crucial dans le d\u00e9veloppement de l\u2019industrie des peintures et rev\u00eatements, gr\u00e2ce \u00e0\u00a0:<\/p>\n<ul>\n<li>Promotion de l&rsquo;innovation : introduction de nouvelles technologies et de nouveaux mat\u00e9riaux.<\/li>\n<li>Expansion des march\u00e9s r\u00e9gionaux : aider les entreprises \u00e0 acc\u00e9der aux march\u00e9s \u00e9mergents.<\/li>\n<li>Durabilit\u00e9\u00a0:\u00a0mener l&rsquo;industrie vers des pratiques plus responsables et des mat\u00e9riaux plus \u00e9cologiques.<\/li>\n<\/ul>\n<\/div><\/section><\/p><\/div>\n\n<style type=\"text\/css\" data-created_by=\"avia_inline_auto\" id=\"style-css-av-2y2z850-7a70861a5b38c373954f983b37bd6497\">\n#top .hr.hr-invisible.av-2y2z850-7a70861a5b38c373954f983b37bd6497{\nheight:24px;\n}\n<\/style>\n<div  class='hr av-2y2z850-7a70861a5b38c373954f983b37bd6497 hr-invisible  avia-builder-el-19  el_after_av_one_full  el_before_av_hr '><span class='hr-inner '><span class=\"hr-inner-style\"><\/span><\/span><\/div>\n<div  class='hr av-2jw35xw-592969ff92127c43961e854f98392d55 hr-short  avia-builder-el-20  el_after_av_hr  el_before_av_hr  hr-left'><span class='hr-inner '><span class=\"hr-inner-style\"><\/span><\/span><\/div>\n\n<style type=\"text\/css\" data-created_by=\"avia_inline_auto\" id=\"style-css-av-243373o-b6a2873b8d65614898eaf571ed146a9c\">\n#top .hr.hr-invisible.av-243373o-b6a2873b8d65614898eaf571ed146a9c{\nheight:24px;\n}\n<\/style>\n<div  class='hr av-243373o-b6a2873b8d65614898eaf571ed146a9c hr-invisible  avia-builder-el-21  el_after_av_hr  el_before_av_one_full '><span class='hr-inner '><span class=\"hr-inner-style\"><\/span><\/span><\/div>\n\n<style type=\"text\/css\" data-created_by=\"avia_inline_auto\" id=\"style-css-av-1t0whpw-3d9856323b55348a2ded6a254364b58f\">\n.flex_column.av-1t0whpw-3d9856323b55348a2ded6a254364b58f{\npadding:48px 48px 48px 48px;\nbackground-color:#eceff1;\n}\n<\/style>\n<div  class='flex_column av-1t0whpw-3d9856323b55348a2ded6a254364b58f av_one_full  avia-builder-el-22  el_after_av_hr  avia-builder-el-last  first flex_column_div  '     ><p>\n<style type=\"text\/css\" data-created_by=\"avia_inline_auto\" id=\"style-css-av-10asp3o-ede540915707a9a81b0fc7b4969b5bf8\">\n#top .av-special-heading.av-10asp3o-ede540915707a9a81b0fc7b4969b5bf8{\npadding-bottom:10px;\n}\nbody .av-special-heading.av-10asp3o-ede540915707a9a81b0fc7b4969b5bf8 .av-special-heading-tag .heading-char{\nfont-size:25px;\n}\n.av-special-heading.av-10asp3o-ede540915707a9a81b0fc7b4969b5bf8 .av-subheading{\nfont-size:15px;\n}\n<\/style>\n<div  class='av-special-heading av-10asp3o-ede540915707a9a81b0fc7b4969b5bf8 av-special-heading-h2 blockquote modern-quote modern-centered  avia-builder-el-23  el_before_av_textblock  avia-builder-el-first '><h2 class='av-special-heading-tag'  itemprop=\"headline\"  >AIDES D\u2019\u00c9TAT ET DE MINIMIS<\/h2><div class=\"special-heading-border\"><div class=\"special-heading-inner-border\"><\/div><\/div><\/div><br \/>\n<section  class='av_textblock_section av-sqpln8-fb9bbe17057326b7f07a8fa9157b458c '   itemscope=\"itemscope\" itemtype=\"https:\/\/schema.org\/CreativeWork\" ><div class='avia_textblock'  itemprop=\"text\" ><p style=\"text-align: center;\"><strong>Obligations d\u2019information pour les subventions publiques.<\/strong><br \/>\nLes aides d\u2019\u00c9tat et les aides de minimis re\u00e7ues par notre entreprise sont contenues dans le registre national des aides d\u2019\u00c9tat vis\u00e9 \u00e0 l\u2019art. 52 de la loi 234\/2012 \u00e0 laquelle il est fait r\u00e9f\u00e9rence et qui peut \u00eatre consult\u00e9 au lien suivant:\u00a0<a role=\"link\" href=\"https:\/\/www.rna.gov.it\/trasparenza\" target=\"_blank\" rel=\"noopener\">Apprendre encore plus&gt;&gt;<\/a><\/p>\n<\/div><\/section><\/p><\/div>\n","protected":false},"excerpt":{"rendered":"","protected":false},"author":6,"featured_media":0,"parent":17457,"menu_order":0,"comment_status":"closed","ping_status":"closed","template":"","meta":{"_monsterinsights_skip_tracking":false,"_monsterinsights_sitenote_active":false,"_monsterinsights_sitenote_note":"","_monsterinsights_sitenote_category":0,"footnotes":""},"_links":{"self":[{"href":"https:\/\/www.idealtecsrl.com\/fr\/wp-json\/wp\/v2\/pages\/17535"}],"collection":[{"href":"https:\/\/www.idealtecsrl.com\/fr\/wp-json\/wp\/v2\/pages"}],"about":[{"href":"https:\/\/www.idealtecsrl.com\/fr\/wp-json\/wp\/v2\/types\/page"}],"author":[{"embeddable":true,"href":"https:\/\/www.idealtecsrl.com\/fr\/wp-json\/wp\/v2\/users\/6"}],"replies":[{"embeddable":true,"href":"https:\/\/www.idealtecsrl.com\/fr\/wp-json\/wp\/v2\/comments?post=17535"}],"version-history":[{"count":2,"href":"https:\/\/www.idealtecsrl.com\/fr\/wp-json\/wp\/v2\/pages\/17535\/revisions"}],"predecessor-version":[{"id":17537,"href":"https:\/\/www.idealtecsrl.com\/fr\/wp-json\/wp\/v2\/pages\/17535\/revisions\/17537"}],"up":[{"embeddable":true,"href":"https:\/\/www.idealtecsrl.com\/fr\/wp-json\/wp\/v2\/pages\/17457"}],"wp:attachment":[{"href":"https:\/\/www.idealtecsrl.com\/fr\/wp-json\/wp\/v2\/media?parent=17535"}],"curies":[{"name":"wp","href":"https:\/\/api.w.org\/{rel}","templated":true}]}}