{"id":20379,"date":"2025-01-30T09:43:35","date_gmt":"2025-01-30T08:43:35","guid":{"rendered":"https:\/\/www.idealtecsrl.com\/foires-dexposition\/eurocoat\/"},"modified":"2025-01-30T12:38:44","modified_gmt":"2025-01-30T11:38:44","slug":"eurocoat","status":"publish","type":"page","link":"https:\/\/www.idealtecsrl.com\/fr\/foires-dexposition\/eurocoat\/","title":{"rendered":"Eurocoat"},"content":{"rendered":"<div id='full_slider_1'  class='avia-fullwidth-slider main_color avia-shadow   avia-builder-el-0  el_before_av_one_half  avia-builder-el-first   container_wrap fullsize'  >\n<style type=\"text\/css\" data-created_by=\"avia_inline_auto\" id=\"style-css-av-m6j196ho-6e1a0f199ed2f00918eb454d67fc09f8\">\n#top #wrap_all .avia-slideshow .av-slideshow-caption.av-m6j196ho-6e1a0f199ed2f00918eb454d67fc09f8__0 .avia-caption-title{\ncolor:#ffffff;\n}\n#top .avia-slideshow .av-slideshow-caption.av-m6j196ho-6e1a0f199ed2f00918eb454d67fc09f8__0 .avia-caption-content{\ncolor:#ffffff;\n}\n<\/style>\n<div  class='avia-slideshow av-m6j196ho-6e1a0f199ed2f00918eb454d67fc09f8 avia-slideshow-featured av_slideshow_full avia-fade-slider av-slideshow-ui av-control-hidden av-no-slider-navigation av-hide-nav-arrows av-slideshow-autoplay av-loop-endless av-loop-manual-endless av-default-height-applied   avia-slideshow-1' data-slideshow-options=\"{&quot;animation&quot;:&quot;fade&quot;,&quot;autoplay&quot;:true,&quot;loop_autoplay&quot;:&quot;endless&quot;,&quot;interval&quot;:3,&quot;loop_manual&quot;:&quot;manual-endless&quot;,&quot;autoplay_stopper&quot;:false,&quot;noNavigation&quot;:true,&quot;bg_slider&quot;:false,&quot;transitionSpeed&quot;:800,&quot;keep_padding&quot;:false,&quot;hoverpause&quot;:false,&quot;show_slide_delay&quot;:0}\"  itemprop=\"image\" itemscope=\"itemscope\" itemtype=\"https:\/\/schema.org\/ImageObject\" ><ul class='avia-slideshow-inner ' style='padding-bottom: 28.666666666667%;'><li  class='avia-slideshow-slide av-m6j196ho-6e1a0f199ed2f00918eb454d67fc09f8__0  slide-1 slide-odd'><div data-rel='slideshow-1' class='avia-slide-wrap '   ><img decoding=\"async\" fetchpriority=\"high\" class=\"wp-image-15265 avia-img-lazy-loading-not-15265\"  src=\"https:\/\/www.idealtecsrl.com\/wp-content\/uploads\/2024\/07\/visore-ci-presentiamo-1.jpg\" width=\"1500\" height=\"430\" title='visore-ci-presentiamo-1' alt=''  itemprop=\"thumbnailUrl\"  style='min-height:400px; min-width:1396px; ' srcset=\"https:\/\/www.idealtecsrl.com\/wp-content\/uploads\/2024\/07\/visore-ci-presentiamo-1.jpg 1500w, https:\/\/www.idealtecsrl.com\/wp-content\/uploads\/2024\/07\/visore-ci-presentiamo-1-300x86.jpg 300w, https:\/\/www.idealtecsrl.com\/wp-content\/uploads\/2024\/07\/visore-ci-presentiamo-1-1030x295.jpg 1030w, https:\/\/www.idealtecsrl.com\/wp-content\/uploads\/2024\/07\/visore-ci-presentiamo-1-768x220.jpg 768w, https:\/\/www.idealtecsrl.com\/wp-content\/uploads\/2024\/07\/visore-ci-presentiamo-1-705x202.jpg 705w\" sizes=\"(max-width: 1500px) 100vw, 1500px\" \/><div class='av-section-color-overlay' style='opacity: 0.6; background-color: #18417e; '><\/div><\/div><\/li><li  class='avia-slideshow-slide av-m6j196ho-6e1a0f199ed2f00918eb454d67fc09f8__1  slide-2 slide-even'><div data-rel='slideshow-1' class='avia-slide-wrap '   ><img decoding=\"async\" fetchpriority=\"high\" class=\"wp-image-15272 avia-img-lazy-loading-not-15272\"  src=\"https:\/\/www.idealtecsrl.com\/wp-content\/uploads\/2024\/07\/visore-ci-presentiamo-2.jpg\" width=\"1500\" height=\"430\" title='visore-ci-presentiamo-2' alt=''  itemprop=\"thumbnailUrl\"  style='min-height:400px; min-width:1396px; ' srcset=\"https:\/\/www.idealtecsrl.com\/wp-content\/uploads\/2024\/07\/visore-ci-presentiamo-2.jpg 1500w, https:\/\/www.idealtecsrl.com\/wp-content\/uploads\/2024\/07\/visore-ci-presentiamo-2-300x86.jpg 300w, https:\/\/www.idealtecsrl.com\/wp-content\/uploads\/2024\/07\/visore-ci-presentiamo-2-1030x295.jpg 1030w, https:\/\/www.idealtecsrl.com\/wp-content\/uploads\/2024\/07\/visore-ci-presentiamo-2-768x220.jpg 768w, https:\/\/www.idealtecsrl.com\/wp-content\/uploads\/2024\/07\/visore-ci-presentiamo-2-705x202.jpg 705w\" sizes=\"(max-width: 1500px) 100vw, 1500px\" \/><div class='av-section-color-overlay' style='opacity: 0.6; background-color: #18417e; '><\/div><\/div><\/li><li  class='avia-slideshow-slide av-m6j196ho-6e1a0f199ed2f00918eb454d67fc09f8__2  slide-3 slide-odd'><div data-rel='slideshow-1' class='avia-slide-wrap '   ><img decoding=\"async\" fetchpriority=\"high\" class=\"wp-image-15279 avia-img-lazy-loading-not-15279\"  src=\"https:\/\/www.idealtecsrl.com\/wp-content\/uploads\/2024\/07\/visore-ci-presentiamo-3.jpg\" width=\"1500\" height=\"430\" title='visore-ci-presentiamo-3' alt=''  itemprop=\"thumbnailUrl\"  style='min-height:400px; min-width:1396px; ' srcset=\"https:\/\/www.idealtecsrl.com\/wp-content\/uploads\/2024\/07\/visore-ci-presentiamo-3.jpg 1500w, https:\/\/www.idealtecsrl.com\/wp-content\/uploads\/2024\/07\/visore-ci-presentiamo-3-300x86.jpg 300w, https:\/\/www.idealtecsrl.com\/wp-content\/uploads\/2024\/07\/visore-ci-presentiamo-3-1030x295.jpg 1030w, https:\/\/www.idealtecsrl.com\/wp-content\/uploads\/2024\/07\/visore-ci-presentiamo-3-768x220.jpg 768w, https:\/\/www.idealtecsrl.com\/wp-content\/uploads\/2024\/07\/visore-ci-presentiamo-3-705x202.jpg 705w\" sizes=\"(max-width: 1500px) 100vw, 1500px\" \/><div class='av-section-color-overlay' style='opacity: 0.6; background-color: #18417e; '><\/div><\/div><\/li><li  class='avia-slideshow-slide av-m6j196ho-6e1a0f199ed2f00918eb454d67fc09f8__3  slide-4 slide-even'><div data-rel='slideshow-1' class='avia-slide-wrap '   ><img decoding=\"async\" fetchpriority=\"high\" class=\"wp-image-15286 avia-img-lazy-loading-not-15286\"  src=\"https:\/\/www.idealtecsrl.com\/wp-content\/uploads\/2024\/07\/visore-ci-presentiamo-4.jpg\" width=\"1500\" height=\"430\" title='visore-ci-presentiamo-4' alt=''  itemprop=\"thumbnailUrl\"  style='min-height:400px; min-width:1396px; ' srcset=\"https:\/\/www.idealtecsrl.com\/wp-content\/uploads\/2024\/07\/visore-ci-presentiamo-4.jpg 1500w, https:\/\/www.idealtecsrl.com\/wp-content\/uploads\/2024\/07\/visore-ci-presentiamo-4-300x86.jpg 300w, https:\/\/www.idealtecsrl.com\/wp-content\/uploads\/2024\/07\/visore-ci-presentiamo-4-1030x295.jpg 1030w, https:\/\/www.idealtecsrl.com\/wp-content\/uploads\/2024\/07\/visore-ci-presentiamo-4-768x220.jpg 768w, https:\/\/www.idealtecsrl.com\/wp-content\/uploads\/2024\/07\/visore-ci-presentiamo-4-705x202.jpg 705w\" sizes=\"(max-width: 1500px) 100vw, 1500px\" \/><div class='av-section-color-overlay' style='opacity: 0.6; background-color: #18417e; '><\/div><\/div><\/li><li  class='avia-slideshow-slide av-m6j196ho-6e1a0f199ed2f00918eb454d67fc09f8__4  slide-5 slide-odd'><div data-rel='slideshow-1' class='avia-slide-wrap '   ><img decoding=\"async\" fetchpriority=\"high\" class=\"wp-image-15293 avia-img-lazy-loading-not-15293\"  src=\"https:\/\/www.idealtecsrl.com\/wp-content\/uploads\/2024\/07\/visore-ci-presentiamo-5.jpg\" width=\"1500\" height=\"430\" title='visore-ci-presentiamo-5' alt=''  itemprop=\"thumbnailUrl\"  style='min-height:400px; min-width:1396px; ' srcset=\"https:\/\/www.idealtecsrl.com\/wp-content\/uploads\/2024\/07\/visore-ci-presentiamo-5.jpg 1500w, https:\/\/www.idealtecsrl.com\/wp-content\/uploads\/2024\/07\/visore-ci-presentiamo-5-300x86.jpg 300w, https:\/\/www.idealtecsrl.com\/wp-content\/uploads\/2024\/07\/visore-ci-presentiamo-5-1030x295.jpg 1030w, https:\/\/www.idealtecsrl.com\/wp-content\/uploads\/2024\/07\/visore-ci-presentiamo-5-768x220.jpg 768w, https:\/\/www.idealtecsrl.com\/wp-content\/uploads\/2024\/07\/visore-ci-presentiamo-5-705x202.jpg 705w\" sizes=\"(max-width: 1500px) 100vw, 1500px\" \/><div class='av-section-color-overlay' style='opacity: 0.6; background-color: #18417e; '><\/div><\/div><\/li><\/ul><div class='avia-slideshow-arrows avia-slideshow-controls' ><a href='#prev' class='prev-slide ' aria-hidden='true' data-av_icon='\ue87c' data-av_iconfont='entypo-fontello'  tabindex='-1'>Pr\u00e9c\u00e9dent<\/a><a href='#next' class='next-slide ' aria-hidden='true' data-av_icon='\ue87d' data-av_iconfont='entypo-fontello'  tabindex='-1'>Suivant<\/a><\/div><div class='av-slideshow-caption av-m6j196ho-6e1a0f199ed2f00918eb454d67fc09f8__0 caption_fullwidth caption_center'><div class=\"container caption_container\"><div class=\"slideshow_caption\"><div class=\"slideshow_inner_caption\"><div class=\"slideshow_align_caption\"><h1 class='avia-caption-title '  itemprop=\"name\" >Eurocoat<\/h1><\/div><\/div><\/div><\/div><\/div><\/div><\/div><div id='after_full_slider_1'  class='main_color av_default_container_wrap container_wrap fullsize'  ><div class='container av-section-cont-open' ><div class='template-page content  av-content-full alpha units'><div class='post-entry post-entry-type-page post-entry-20379'><div class='entry-content-wrapper clearfix'>\n\n<style type=\"text\/css\" data-created_by=\"avia_inline_auto\" id=\"style-css-av-9r3v5p8-7901755f09cde7dcd07417f14398c3a1\">\n.flex_column.av-9r3v5p8-7901755f09cde7dcd07417f14398c3a1{\npadding:50px 0 0 0;\n}\n<\/style>\n<div  class='flex_column av-9r3v5p8-7901755f09cde7dcd07417f14398c3a1 av_one_half  avia-builder-el-1  el_after_av_slideshow_full  el_before_av_one_half  avia-builder-el-first  first flex_column_div  '     ><p><section  class='av_textblock_section av-m6j19sdb-dc52274e305945526015460924b1b49d '   itemscope=\"itemscope\" itemtype=\"https:\/\/schema.org\/CreativeWork\" ><div class='avia_textblock'  itemprop=\"text\" ><p>Eurocoat est l\u2019un des principaux salons europ\u00e9ens pour l\u2019industrie des rev\u00eatements, peintures, encres, adh\u00e9sifs et produits d\u2019\u00e9tanch\u00e9it\u00e9, ainsi que pour les mati\u00e8res premi\u00e8res, \u00e9quipements et technologies associ\u00e9s. Avec plus de 40 ans d\u2019histoire, l\u2019\u00e9v\u00e9nement repr\u00e9sente un point de rencontre incontournable pour les professionnels du secteur, offrant un aper\u00e7u complet des derni\u00e8res innovations, tendances et solutions techniques.<\/p>\n<p>Eurocoat se d\u00e9roule tous les deux ans dans une grande ville europ\u00e9enne, avec un accent particulier sur les march\u00e9s de l\u2019Europe du Sud, de la M\u00e9diterran\u00e9e et de l\u2019Afrique du Nord. L&rsquo;\u00e9v\u00e9nement est organis\u00e9 par ETAI (Groupe Infopro Digital) en collaboration avec des associations industrielles, des instituts de recherche et des entreprises de premier plan.<\/p>\n<\/div><\/section><br \/>\n\n<style type=\"text\/css\" data-created_by=\"avia_inline_auto\" id=\"style-css-av-3dnal8-3d377b9d29f7851326c5f687f4940da9\">\n#top .hr.hr-invisible.av-3dnal8-3d377b9d29f7851326c5f687f4940da9{\nheight:50px;\n}\n<\/style>\n<div  class='hr av-3dnal8-3d377b9d29f7851326c5f687f4940da9 hr-invisible  avia-builder-el-3  el_after_av_textblock  el_before_av_button '><span class='hr-inner '><span class=\"hr-inner-style\"><\/span><\/span><\/div><br \/>\n<div  class='avia-button-wrap av-m6j13x3a-43fdf3085ade7767f7ecf70ec541309b-wrap avia-button-left  avia-builder-el-4  el_after_av_hr  avia-builder-el-last '><a href='https:\/\/www.eurocoat-expo.com\/en' class='avia-button av-m6j13x3a-43fdf3085ade7767f7ecf70ec541309b av-link-btn avia-icon_select-yes-right-icon avia-size-large avia-position-left av-icon-on-hover avia-color-theme-color' target=\"_blank\" rel=\"noopener noreferrer\"><span class='avia_iconbox_title' >Visitez le site officiel<\/span><span class='avia_button_icon avia_button_icon_right' aria-hidden='true' data-av_icon='\ue879' data-av_iconfont='entypo-fontello'><\/span><\/a><\/div><\/p><\/div>\n\n<style type=\"text\/css\" data-created_by=\"avia_inline_auto\" id=\"style-css-av-8znq0zg-8d43f82d3cf52b20136d17cd0d412b4b\">\n.flex_column.av-8znq0zg-8d43f82d3cf52b20136d17cd0d412b4b{\npadding:50px 0 0 0;\n}\n<\/style>\n<div  class='flex_column av-8znq0zg-8d43f82d3cf52b20136d17cd0d412b4b av_one_half  avia-builder-el-5  el_after_av_one_half  el_before_av_one_full  flex_column_div  '     ><style type=\"text\/css\" data-created_by=\"avia_inline_auto\" id=\"style-css-av-m6j13ntb-73a0e86e0d9d53d20dbb7c55108abe20\">\n.avia-image-container.av-m6j13ntb-73a0e86e0d9d53d20dbb7c55108abe20 img.avia_image{\nbox-shadow:none;\n}\n.avia-image-container.av-m6j13ntb-73a0e86e0d9d53d20dbb7c55108abe20 .av-image-caption-overlay-center{\ncolor:#ffffff;\n}\n<\/style>\n<div  class='avia-image-container av-m6j13ntb-73a0e86e0d9d53d20dbb7c55108abe20 av-styling- av-img-linked avia-align-center  avia-builder-el-6  avia-builder-el-no-sibling '   itemprop=\"image\" itemscope=\"itemscope\" itemtype=\"https:\/\/schema.org\/ImageObject\" ><div class=\"avia-image-container-inner\"><div class=\"avia-image-overlay-wrap\"><a href=\"https:\/\/www.eurocoat-expo.com\/en\" class='avia_image ' target=\"_blank\" rel=\"noopener noreferrer\" aria-label='Eurocoat'><img decoding=\"async\" fetchpriority=\"high\" class='wp-image-20341 avia-img-lazy-loading-not-20341 avia_image ' src=\"https:\/\/www.idealtecsrl.com\/wp-content\/uploads\/2025\/01\/Eurocoat-300x300.jpg\" alt='' title='Eurocoat'  height=\"300\" width=\"300\"  itemprop=\"thumbnailUrl\" srcset=\"https:\/\/www.idealtecsrl.com\/wp-content\/uploads\/2025\/01\/Eurocoat-300x300.jpg 300w, https:\/\/www.idealtecsrl.com\/wp-content\/uploads\/2025\/01\/Eurocoat-80x80.jpg 80w, https:\/\/www.idealtecsrl.com\/wp-content\/uploads\/2025\/01\/Eurocoat-36x36.jpg 36w, https:\/\/www.idealtecsrl.com\/wp-content\/uploads\/2025\/01\/Eurocoat-180x180.jpg 180w, https:\/\/www.idealtecsrl.com\/wp-content\/uploads\/2025\/01\/Eurocoat.jpg 400w\" sizes=\"(max-width: 300px) 100vw, 300px\" \/><\/a><\/div><\/div><\/div><\/div>\n\n<style type=\"text\/css\" data-created_by=\"avia_inline_auto\" id=\"style-css-av-8bdpoxo-006baa0b54beaccdd4c240590a3a769c\">\n.flex_column.av-8bdpoxo-006baa0b54beaccdd4c240590a3a769c{\npadding:50px 0 0 0;\n}\n<\/style>\n<div  class='flex_column av-8bdpoxo-006baa0b54beaccdd4c240590a3a769c av_one_full  avia-builder-el-7  el_after_av_one_half  el_before_av_one_full  first flex_column_div  column-top-margin'     ><p>\n<style type=\"text\/css\" data-created_by=\"avia_inline_auto\" id=\"style-css-av-7w4pw0s-ff08d1e3d3c40268289bbef10f9f0c69\">\n#top .av-special-heading.av-7w4pw0s-ff08d1e3d3c40268289bbef10f9f0c69{\npadding-bottom:10px;\n}\nbody .av-special-heading.av-7w4pw0s-ff08d1e3d3c40268289bbef10f9f0c69 .av-special-heading-tag .heading-char{\nfont-size:25px;\n}\n.av-special-heading.av-7w4pw0s-ff08d1e3d3c40268289bbef10f9f0c69 .av-subheading{\nfont-size:15px;\n}\n<\/style>\n<div  class='av-special-heading av-7w4pw0s-ff08d1e3d3c40268289bbef10f9f0c69 av-special-heading-h2 blockquote modern-quote  avia-builder-el-8  el_before_av_textblock  avia-builder-el-first '><h2 class='av-special-heading-tag'  itemprop=\"headline\"  >Objectifs et importance<\/h2><div class=\"special-heading-border\"><div class=\"special-heading-inner-border\"><\/div><\/div><\/div><br \/>\n<section  class='av_textblock_section av-m6j1b5or-a0556d546d485e4ac4d29eabc1f46c1a '   itemscope=\"itemscope\" itemtype=\"https:\/\/schema.org\/CreativeWork\" ><div class='avia_textblock'  itemprop=\"text\" ><p>Eurocoat est un \u00e9v\u00e9nement incontournable pour :<\/p>\n<ul>\n<li>Exploration de nouvelles technologies et de nouveaux mat\u00e9riaux dans l&rsquo;industrie des rev\u00eatements.<\/li>\n<li>Faciliter les rencontres B2B entre fournisseurs, fabricants et d\u00e9cideurs.<br \/>\nPartager ses connaissances \u00e0 travers un riche programme de conf\u00e9rences et d&rsquo;ateliers.<\/li>\n<li>Soutenir l\u2019innovation et la durabilit\u00e9 en promouvant des solutions plus \u00e9cologiques et plus efficaces.<\/li>\n<\/ul>\n<p>L&rsquo;\u00e9v\u00e9nement se positionne comme une plateforme strat\u00e9gique pour l&rsquo;industrie, reliant les principaux acteurs de la cha\u00eene d&rsquo;approvisionnement et offrant des opportunit\u00e9s de croissance et de d\u00e9veloppement commercial.<\/p>\n<\/div><\/section><\/p><\/div>\n\n<style type=\"text\/css\" data-created_by=\"avia_inline_auto\" id=\"style-css-av-7iewyvw-5968f7a784f7a0f95187b510683319d0\">\n.flex_column.av-7iewyvw-5968f7a784f7a0f95187b510683319d0{\npadding:50px 0 0 0;\n}\n<\/style>\n<div  class='flex_column av-7iewyvw-5968f7a784f7a0f95187b510683319d0 av_one_full  avia-builder-el-10  el_after_av_one_full  el_before_av_one_full  first flex_column_div  column-top-margin'     ><p>\n<style type=\"text\/css\" data-created_by=\"avia_inline_auto\" id=\"style-css-av-74qs28s-6fd238437b743c6631dfe9913e7a48b4\">\n#top .av-special-heading.av-74qs28s-6fd238437b743c6631dfe9913e7a48b4{\npadding-bottom:10px;\n}\nbody .av-special-heading.av-74qs28s-6fd238437b743c6631dfe9913e7a48b4 .av-special-heading-tag .heading-char{\nfont-size:25px;\n}\n.av-special-heading.av-74qs28s-6fd238437b743c6631dfe9913e7a48b4 .av-subheading{\nfont-size:15px;\n}\n<\/style>\n<div  class='av-special-heading av-74qs28s-6fd238437b743c6631dfe9913e7a48b4 av-special-heading-h2 blockquote modern-quote  avia-builder-el-11  el_before_av_textblock  avia-builder-el-first '><h2 class='av-special-heading-tag'  itemprop=\"headline\"  >Principales caract\u00e9ristiques<\/h2><div class=\"special-heading-border\"><div class=\"special-heading-inner-border\"><\/div><\/div><\/div><br \/>\n<section  class='av_textblock_section av-m6j1jpad-cdd8b3a259d498113a2f21859d741a39 '   itemscope=\"itemscope\" itemtype=\"https:\/\/schema.org\/CreativeWork\" ><div class='avia_textblock'  itemprop=\"text\" ><p><strong>1. Exposition commerciale de haut niveau<\/strong><br \/>\nEurocoat rassemble des exposants nationaux et internationaux, offrant une vitrine compl\u00e8te sur :<\/p>\n<ul>\n<li>Mati\u00e8res premi\u00e8res pour rev\u00eatements, peintures et encres.<\/li>\n<li>Produits chimiques et additifs sp\u00e9cialis\u00e9s pour am\u00e9liorer les performances des rev\u00eatements.<\/li>\n<li>Machines et \u00e9quipements pour la production, le conditionnement et l&rsquo;application.<\/li>\n<li>Outils de mesure et de contr\u00f4le qualit\u00e9.<\/li>\n<li>Solutions d&rsquo;automatisation et de digitalisation pour optimiser les processus de production.<\/li>\n<\/ul>\n<p><strong>2. Secteurs d&rsquo;application<\/strong><br \/>\nEurocoat dessert un large \u00e9ventail de secteurs industriels, notamment :<\/p>\n<ul>\n<li>B\u00e2timent et construction (peintures et rev\u00eatements de protection).<\/li>\n<li>Automobile et transport (peintures et protection carrosserie).<\/li>\n<li>Emballage (encres et rev\u00eatements d&#8217;emballage).<\/li>\n<li>Industrie navale et a\u00e9ronautique (rev\u00eatements anti-corrosion).<\/li>\n<li>Bois, m\u00e9taux et plastiques (traitements de surface et finitions sp\u00e9ciales).<\/li>\n<\/ul>\n<p><strong>3. Conf\u00e9rences et ateliers techniques<\/strong><br \/>\nL&rsquo;\u00e9v\u00e9nement est enrichi par un programme de conf\u00e9rences de haut niveau, avec des experts du secteur discutant de sujets cl\u00e9s tels que :<\/p>\n<ul>\n<li>Innovation dans les mat\u00e9riaux et les proc\u00e9d\u00e9s de production.<\/li>\n<li>Durabilit\u00e9 et r\u00e9duction de l&rsquo;impact environnemental.<\/li>\n<li>Normes et r\u00e9glementations internationales pour l&rsquo;industrie des rev\u00eatements.<\/li>\n<li>Technologies d&rsquo;application avanc\u00e9es et automatisation des processus.<\/li>\n<\/ul>\n<p><strong>4. Mettre l\u2019accent sur l\u2019innovation et la durabilit\u00e9<\/strong><br \/>\nEurocoat accorde une grande attention aux nouvelles technologies et aux pratiques durables, en promouvant :<\/p>\n<ul>\n<li>Solutions \u00e0 base d&rsquo;eau et biocompatibles pour r\u00e9duire l&rsquo;impact environnemental.<\/li>\n<li>Nouvelles formulations de peintures et rev\u00eatements aux propri\u00e9t\u00e9s am\u00e9lior\u00e9es (r\u00e9sistance, durabilit\u00e9, s\u00e9curit\u00e9).<\/li>\n<li>Strat\u00e9gies de recyclage et de gestion responsable des mati\u00e8res.<\/li>\n<\/ul>\n<\/div><\/section><\/p><\/div>\n<style type=\"text\/css\" data-created_by=\"avia_inline_auto\" id=\"style-css-av-6kvk18c-9da61d3c2cb11c0f2958c0d4d43567cb\">\n.flex_column.av-6kvk18c-9da61d3c2cb11c0f2958c0d4d43567cb{\npadding:50px 0 0 0;\n}\n<\/style>\n<div  class='flex_column av-6kvk18c-9da61d3c2cb11c0f2958c0d4d43567cb av_one_full  avia-builder-el-13  el_after_av_one_full  el_before_av_hr  first flex_column_div  column-top-margin'     ><p>\n<style type=\"text\/css\" data-created_by=\"avia_inline_auto\" id=\"style-css-av-6e66wl8-4b2e2d400ba20a023a2e844e73094026\">\n#top .av-special-heading.av-6e66wl8-4b2e2d400ba20a023a2e844e73094026{\npadding-bottom:10px;\n}\nbody .av-special-heading.av-6e66wl8-4b2e2d400ba20a023a2e844e73094026 .av-special-heading-tag .heading-char{\nfont-size:25px;\n}\n.av-special-heading.av-6e66wl8-4b2e2d400ba20a023a2e844e73094026 .av-subheading{\nfont-size:15px;\n}\n<\/style>\n<div  class='av-special-heading av-6e66wl8-4b2e2d400ba20a023a2e844e73094026 av-special-heading-h2 blockquote modern-quote  avia-builder-el-14  el_before_av_textblock  avia-builder-el-first '><h2 class='av-special-heading-tag'  itemprop=\"headline\"  >Participants<\/h2><div class=\"special-heading-border\"><div class=\"special-heading-inner-border\"><\/div><\/div><\/div><br \/>\n<section  class='av_textblock_section av-m6j1k2kw-f23da1858f97d65e309fa28199cca17e '   itemscope=\"itemscope\" itemtype=\"https:\/\/schema.org\/CreativeWork\" ><div class='avia_textblock'  itemprop=\"text\" ><p>Eurocoat accueille un public hautement sp\u00e9cialis\u00e9, parmi lequel :<\/p>\n<ul>\n<li>Fabricants de peintures, d&rsquo;encres, d&rsquo;adh\u00e9sifs et de produits d&rsquo;\u00e9tanch\u00e9it\u00e9.<\/li>\n<li>Fournisseurs de mati\u00e8res premi\u00e8res (r\u00e9sines, pigments, additifs, solvants).<\/li>\n<li>Fabricants de machines et d&rsquo;\u00e9quipements pour la production et l&rsquo;application.<\/li>\n<li>Laboratoires de recherche et d\u00e9veloppement.<\/li>\n<li>Experts en r\u00e9glementation et durabilit\u00e9.<\/li>\n<li>Acheteurs et distributeurs du secteur.<\/li>\n<\/ul>\n<p>L\u2019\u00e9v\u00e9nement repr\u00e9sente une opportunit\u00e9 unique pour les entreprises d\u2019\u00e9largir leur r\u00e9seau, d\u2019explorer de nouveaux march\u00e9s et de trouver des solutions innovantes pour leur activit\u00e9.<\/p>\n<\/div><\/section><\/p><\/div><\/p>\n\n<style type=\"text\/css\" data-created_by=\"avia_inline_auto\" id=\"style-css-av-aql6sc-ef25810b69836c96deae09b737df1271\">\n#top .hr.hr-invisible.av-aql6sc-ef25810b69836c96deae09b737df1271{\nheight:24px;\n}\n<\/style>\n<div  class='hr av-aql6sc-ef25810b69836c96deae09b737df1271 hr-invisible  avia-builder-el-16  el_after_av_one_full  el_before_av_hr '><span class='hr-inner '><span class=\"hr-inner-style\"><\/span><\/span><\/div>\n<div  class='hr av-2hccbwc-849de1201f0e83ad7fab4d15c370613d hr-short  avia-builder-el-17  el_after_av_hr  el_before_av_hr  hr-left'><span class='hr-inner '><span class=\"hr-inner-style\"><\/span><\/span><\/div>\n\n<style type=\"text\/css\" data-created_by=\"avia_inline_auto\" id=\"style-css-av-1xvgukc-5c4c35a0b76ffa1a5032793808604d8c\">\n#top .hr.hr-invisible.av-1xvgukc-5c4c35a0b76ffa1a5032793808604d8c{\nheight:24px;\n}\n<\/style>\n<div  class='hr av-1xvgukc-5c4c35a0b76ffa1a5032793808604d8c hr-invisible  avia-builder-el-18  el_after_av_hr  el_before_av_one_full '><span class='hr-inner '><span class=\"hr-inner-style\"><\/span><\/span><\/div>\n\n<style type=\"text\/css\" data-created_by=\"avia_inline_auto\" id=\"style-css-av-1tmeaxo-285c2bf6a74a2a62b25373991846f965\">\n.flex_column.av-1tmeaxo-285c2bf6a74a2a62b25373991846f965{\npadding:48px 48px 48px 48px;\nbackground-color:#eceff1;\n}\n<\/style>\n<div  class='flex_column av-1tmeaxo-285c2bf6a74a2a62b25373991846f965 av_one_full  avia-builder-el-19  el_after_av_hr  avia-builder-el-last  first flex_column_div  '     ><p>\n<style type=\"text\/css\" data-created_by=\"avia_inline_auto\" id=\"style-css-av-zdxmsc-776fcf71aa7dc680c7fd754fb38ce2ed\">\n#top .av-special-heading.av-zdxmsc-776fcf71aa7dc680c7fd754fb38ce2ed{\npadding-bottom:10px;\n}\nbody .av-special-heading.av-zdxmsc-776fcf71aa7dc680c7fd754fb38ce2ed .av-special-heading-tag .heading-char{\nfont-size:25px;\n}\n.av-special-heading.av-zdxmsc-776fcf71aa7dc680c7fd754fb38ce2ed .av-subheading{\nfont-size:15px;\n}\n<\/style>\n<div  class='av-special-heading av-zdxmsc-776fcf71aa7dc680c7fd754fb38ce2ed av-special-heading-h2 blockquote modern-quote modern-centered  avia-builder-el-20  el_before_av_textblock  avia-builder-el-first '><h2 class='av-special-heading-tag'  itemprop=\"headline\"  >AIDES D\u2019\u00c9TAT ET DE MINIMIS<\/h2><div class=\"special-heading-border\"><div class=\"special-heading-inner-border\"><\/div><\/div><\/div><br \/>\n<section  class='av_textblock_section av-w1wn8c-54a2c35111a7e08c6ed91d717df34fa9 '   itemscope=\"itemscope\" itemtype=\"https:\/\/schema.org\/CreativeWork\" ><div class='avia_textblock'  itemprop=\"text\" ><p><strong>Obligations d\u2019information pour les subventions publiques.<\/strong><br \/>\nLes aides d\u2019\u00c9tat et les aides de minimis re\u00e7ues par notre entreprise sont contenues dans le registre national des aides d\u2019\u00c9tat vis\u00e9 \u00e0 l\u2019art. 52 de la loi 234\/2012 \u00e0 laquelle il est fait r\u00e9f\u00e9rence et qui peut \u00eatre consult\u00e9 au lien suivant:\u00a0<a role=\"link\" href=\"https:\/\/www.rna.gov.it\/trasparenza\" target=\"_blank\" rel=\"noopener\">Apprendre encore plus&gt;&gt;<\/a><\/p>\n<\/div><\/section><\/p><\/div>\n","protected":false},"excerpt":{"rendered":"","protected":false},"author":6,"featured_media":0,"parent":17457,"menu_order":0,"comment_status":"closed","ping_status":"closed","template":"","meta":{"_monsterinsights_skip_tracking":false,"_monsterinsights_sitenote_active":false,"_monsterinsights_sitenote_note":"","_monsterinsights_sitenote_category":0,"footnotes":""},"_links":{"self":[{"href":"https:\/\/www.idealtecsrl.com\/fr\/wp-json\/wp\/v2\/pages\/20379"}],"collection":[{"href":"https:\/\/www.idealtecsrl.com\/fr\/wp-json\/wp\/v2\/pages"}],"about":[{"href":"https:\/\/www.idealtecsrl.com\/fr\/wp-json\/wp\/v2\/types\/page"}],"author":[{"embeddable":true,"href":"https:\/\/www.idealtecsrl.com\/fr\/wp-json\/wp\/v2\/users\/6"}],"replies":[{"embeddable":true,"href":"https:\/\/www.idealtecsrl.com\/fr\/wp-json\/wp\/v2\/comments?post=20379"}],"version-history":[{"count":6,"href":"https:\/\/www.idealtecsrl.com\/fr\/wp-json\/wp\/v2\/pages\/20379\/revisions"}],"predecessor-version":[{"id":20531,"href":"https:\/\/www.idealtecsrl.com\/fr\/wp-json\/wp\/v2\/pages\/20379\/revisions\/20531"}],"up":[{"embeddable":true,"href":"https:\/\/www.idealtecsrl.com\/fr\/wp-json\/wp\/v2\/pages\/17457"}],"wp:attachment":[{"href":"https:\/\/www.idealtecsrl.com\/fr\/wp-json\/wp\/v2\/media?parent=20379"}],"curies":[{"name":"wp","href":"https:\/\/api.w.org\/{rel}","templated":true}]}}