{"id":4105,"date":"2017-09-07T12:15:25","date_gmt":"2014-05-02T09:03:02","guid":{"rendered":"http:\/\/www.idealtecsrl.com\/?page_id=4105"},"modified":"2024-11-30T16:02:48","modified_gmt":"2024-11-30T15:02:48","slug":"transport","status":"publish","type":"page","link":"https:\/\/www.idealtecsrl.com\/fr\/transport\/","title":{"rendered":"Transport"},"content":{"rendered":"<div id='full_slider_1'  class='avia-fullwidth-slider main_color avia-shadow   avia-builder-el-0  el_before_av_section  avia-builder-el-first   container_wrap fullsize'  >\n<style type=\"text\/css\" data-created_by=\"avia_inline_auto\" id=\"style-css-av-lyn5h9en-876dedbd069d5d4e56a17e391f8fbd33\">\n#top #wrap_all .avia-slideshow .av-slideshow-caption.av-lyn5h9en-876dedbd069d5d4e56a17e391f8fbd33__0 .avia-caption-title{\ncolor:#ffffff;\n}\n#top .avia-slideshow .av-slideshow-caption.av-lyn5h9en-876dedbd069d5d4e56a17e391f8fbd33__0 .avia-caption-content{\ncolor:#ffffff;\n}\n<\/style>\n<div  class='avia-slideshow av-lyn5h9en-876dedbd069d5d4e56a17e391f8fbd33 avia-slideshow-featured av_slideshow_full avia-fade-slider av-slideshow-ui av-control-hidden av-no-slider-navigation av-hide-nav-arrows av-slideshow-autoplay av-loop-endless av-loop-manual-endless av-default-height-applied   avia-slideshow-1' data-slideshow-options=\"{&quot;animation&quot;:&quot;fade&quot;,&quot;autoplay&quot;:true,&quot;loop_autoplay&quot;:&quot;endless&quot;,&quot;interval&quot;:3,&quot;loop_manual&quot;:&quot;manual-endless&quot;,&quot;autoplay_stopper&quot;:false,&quot;noNavigation&quot;:true,&quot;bg_slider&quot;:false,&quot;transitionSpeed&quot;:800,&quot;keep_padding&quot;:false,&quot;hoverpause&quot;:false,&quot;show_slide_delay&quot;:0}\"  itemprop=\"image\" itemscope=\"itemscope\" itemtype=\"https:\/\/schema.org\/ImageObject\" ><ul class='avia-slideshow-inner ' style='padding-bottom: 28.666666666667%;'><li  class='avia-slideshow-slide av-lyn5h9en-876dedbd069d5d4e56a17e391f8fbd33__0  slide-1 slide-odd'><div data-rel='slideshow-1' class='avia-slide-wrap '   ><img decoding=\"async\" fetchpriority=\"high\" class=\"wp-image-15265 avia-img-lazy-loading-not-15265\"  src=\"https:\/\/www.idealtecsrl.com\/wp-content\/uploads\/2024\/07\/visore-ci-presentiamo-1.jpg\" width=\"1500\" height=\"430\" title='visore-ci-presentiamo-1' alt=''  itemprop=\"thumbnailUrl\"  style='min-height:400px; min-width:1396px; ' srcset=\"https:\/\/www.idealtecsrl.com\/wp-content\/uploads\/2024\/07\/visore-ci-presentiamo-1.jpg 1500w, https:\/\/www.idealtecsrl.com\/wp-content\/uploads\/2024\/07\/visore-ci-presentiamo-1-300x86.jpg 300w, https:\/\/www.idealtecsrl.com\/wp-content\/uploads\/2024\/07\/visore-ci-presentiamo-1-1030x295.jpg 1030w, https:\/\/www.idealtecsrl.com\/wp-content\/uploads\/2024\/07\/visore-ci-presentiamo-1-768x220.jpg 768w, https:\/\/www.idealtecsrl.com\/wp-content\/uploads\/2024\/07\/visore-ci-presentiamo-1-705x202.jpg 705w\" sizes=\"(max-width: 1500px) 100vw, 1500px\" \/><div class='av-section-color-overlay' style='opacity: 0.6; background-color: #18417e; '><\/div><\/div><\/li><li  class='avia-slideshow-slide av-lyn5h9en-876dedbd069d5d4e56a17e391f8fbd33__1  slide-2 slide-even'><div data-rel='slideshow-1' class='avia-slide-wrap '   ><img decoding=\"async\" fetchpriority=\"high\" class=\"wp-image-15272 avia-img-lazy-loading-not-15272\"  src=\"https:\/\/www.idealtecsrl.com\/wp-content\/uploads\/2024\/07\/visore-ci-presentiamo-2.jpg\" width=\"1500\" height=\"430\" title='visore-ci-presentiamo-2' alt=''  itemprop=\"thumbnailUrl\"  style='min-height:400px; min-width:1396px; ' srcset=\"https:\/\/www.idealtecsrl.com\/wp-content\/uploads\/2024\/07\/visore-ci-presentiamo-2.jpg 1500w, https:\/\/www.idealtecsrl.com\/wp-content\/uploads\/2024\/07\/visore-ci-presentiamo-2-300x86.jpg 300w, https:\/\/www.idealtecsrl.com\/wp-content\/uploads\/2024\/07\/visore-ci-presentiamo-2-1030x295.jpg 1030w, https:\/\/www.idealtecsrl.com\/wp-content\/uploads\/2024\/07\/visore-ci-presentiamo-2-768x220.jpg 768w, https:\/\/www.idealtecsrl.com\/wp-content\/uploads\/2024\/07\/visore-ci-presentiamo-2-705x202.jpg 705w\" sizes=\"(max-width: 1500px) 100vw, 1500px\" \/><div class='av-section-color-overlay' style='opacity: 0.6; background-color: #18417e; '><\/div><\/div><\/li><li  class='avia-slideshow-slide av-lyn5h9en-876dedbd069d5d4e56a17e391f8fbd33__2  slide-3 slide-odd'><div data-rel='slideshow-1' class='avia-slide-wrap '   ><img decoding=\"async\" fetchpriority=\"high\" class=\"wp-image-15279 avia-img-lazy-loading-not-15279\"  src=\"https:\/\/www.idealtecsrl.com\/wp-content\/uploads\/2024\/07\/visore-ci-presentiamo-3.jpg\" width=\"1500\" height=\"430\" title='visore-ci-presentiamo-3' alt=''  itemprop=\"thumbnailUrl\"  style='min-height:400px; min-width:1396px; ' srcset=\"https:\/\/www.idealtecsrl.com\/wp-content\/uploads\/2024\/07\/visore-ci-presentiamo-3.jpg 1500w, https:\/\/www.idealtecsrl.com\/wp-content\/uploads\/2024\/07\/visore-ci-presentiamo-3-300x86.jpg 300w, https:\/\/www.idealtecsrl.com\/wp-content\/uploads\/2024\/07\/visore-ci-presentiamo-3-1030x295.jpg 1030w, https:\/\/www.idealtecsrl.com\/wp-content\/uploads\/2024\/07\/visore-ci-presentiamo-3-768x220.jpg 768w, https:\/\/www.idealtecsrl.com\/wp-content\/uploads\/2024\/07\/visore-ci-presentiamo-3-705x202.jpg 705w\" sizes=\"(max-width: 1500px) 100vw, 1500px\" \/><div class='av-section-color-overlay' style='opacity: 0.6; background-color: #18417e; '><\/div><\/div><\/li><li  class='avia-slideshow-slide av-lyn5h9en-876dedbd069d5d4e56a17e391f8fbd33__3  slide-4 slide-even'><div data-rel='slideshow-1' class='avia-slide-wrap '   ><img decoding=\"async\" fetchpriority=\"high\" class=\"wp-image-15286 avia-img-lazy-loading-not-15286\"  src=\"https:\/\/www.idealtecsrl.com\/wp-content\/uploads\/2024\/07\/visore-ci-presentiamo-4.jpg\" width=\"1500\" height=\"430\" title='visore-ci-presentiamo-4' alt=''  itemprop=\"thumbnailUrl\"  style='min-height:400px; min-width:1396px; ' srcset=\"https:\/\/www.idealtecsrl.com\/wp-content\/uploads\/2024\/07\/visore-ci-presentiamo-4.jpg 1500w, https:\/\/www.idealtecsrl.com\/wp-content\/uploads\/2024\/07\/visore-ci-presentiamo-4-300x86.jpg 300w, https:\/\/www.idealtecsrl.com\/wp-content\/uploads\/2024\/07\/visore-ci-presentiamo-4-1030x295.jpg 1030w, https:\/\/www.idealtecsrl.com\/wp-content\/uploads\/2024\/07\/visore-ci-presentiamo-4-768x220.jpg 768w, https:\/\/www.idealtecsrl.com\/wp-content\/uploads\/2024\/07\/visore-ci-presentiamo-4-705x202.jpg 705w\" sizes=\"(max-width: 1500px) 100vw, 1500px\" \/><div class='av-section-color-overlay' style='opacity: 0.6; background-color: #18417e; '><\/div><\/div><\/li><li  class='avia-slideshow-slide av-lyn5h9en-876dedbd069d5d4e56a17e391f8fbd33__4  slide-5 slide-odd'><div data-rel='slideshow-1' class='avia-slide-wrap '   ><img decoding=\"async\" fetchpriority=\"high\" class=\"wp-image-15293 avia-img-lazy-loading-not-15293\"  src=\"https:\/\/www.idealtecsrl.com\/wp-content\/uploads\/2024\/07\/visore-ci-presentiamo-5.jpg\" width=\"1500\" height=\"430\" title='visore-ci-presentiamo-5' alt=''  itemprop=\"thumbnailUrl\"  style='min-height:400px; min-width:1396px; ' srcset=\"https:\/\/www.idealtecsrl.com\/wp-content\/uploads\/2024\/07\/visore-ci-presentiamo-5.jpg 1500w, https:\/\/www.idealtecsrl.com\/wp-content\/uploads\/2024\/07\/visore-ci-presentiamo-5-300x86.jpg 300w, https:\/\/www.idealtecsrl.com\/wp-content\/uploads\/2024\/07\/visore-ci-presentiamo-5-1030x295.jpg 1030w, https:\/\/www.idealtecsrl.com\/wp-content\/uploads\/2024\/07\/visore-ci-presentiamo-5-768x220.jpg 768w, https:\/\/www.idealtecsrl.com\/wp-content\/uploads\/2024\/07\/visore-ci-presentiamo-5-705x202.jpg 705w\" sizes=\"(max-width: 1500px) 100vw, 1500px\" \/><div class='av-section-color-overlay' style='opacity: 0.6; background-color: #18417e; '><\/div><\/div><\/li><\/ul><div class='avia-slideshow-arrows avia-slideshow-controls' ><a href='#prev' class='prev-slide ' aria-hidden='true' data-av_icon='\ue87c' data-av_iconfont='entypo-fontello'  tabindex='-1'>Pr\u00e9c\u00e9dent<\/a><a href='#next' class='next-slide ' aria-hidden='true' data-av_icon='\ue87d' data-av_iconfont='entypo-fontello'  tabindex='-1'>Suivant<\/a><\/div><div class='av-slideshow-caption av-lyn5h9en-876dedbd069d5d4e56a17e391f8fbd33__0 caption_fullwidth caption_center'><div class=\"container caption_container\"><div class=\"slideshow_caption\"><div class=\"slideshow_inner_caption\"><div class=\"slideshow_align_caption\"><h1 class='avia-caption-title '  itemprop=\"name\" >Transport<\/h1><\/div><\/div><\/div><\/div><\/div><\/div><\/div>\n<div id='av_section_1'  class='avia-section av-95opo-89df29ae21f0cef8cee3525b745a8d55 main_color avia-section-huge avia-no-border-styling  avia-builder-el-1  el_after_av_slideshow_full  el_before_av_section  avia-bg-style-scroll container_wrap fullsize'  ><div class='container av-section-cont-open' ><div class='template-page content  av-content-full alpha units'><div class='post-entry post-entry-type-page post-entry-4105'><div class='entry-content-wrapper clearfix'>\n<div  class='flex_column av-8rq60-59cc5be83f2b05d64ed51f6dc6701d3a av_one_full  avia-builder-el-2  el_before_av_one_third  avia-builder-el-first  first flex_column_div  '     ><section  class='av_textblock_section av-7tvnc-4a3f56ba094c4ec13a7b79b898f26c59 '   itemscope=\"itemscope\" itemtype=\"https:\/\/schema.org\/CreativeWork\" ><div class='avia_textblock'  itemprop=\"text\" ><p>Nos syst\u00e8mes de transport, destin\u00e9s au transfert de poudres ou de granules \u00e0 partir de points de collecte et de pr\u00e9l\u00e8vement jusqu\u2019aux machines r\u00e9ceptrices de produit, se distinguent par leur caract\u00e8re polyvalent et la flexibilit\u00e9 de la composition.<\/p>\n<p>Les typologies varient de syst\u00e8mes de transport \u00e0 friction, avec organes flexibles de transmission (<strong>convoyeurs m\u00e9caniques<\/strong>) ou par des vis sans fin (<strong>convoyeurs \u00e0 vis<\/strong>) et des syst\u00e8mes de transport en suspension, avec organes flexibles de transmission (<strong>convoyeurs a\u00e9rom\u00e9caniques<\/strong>) ou \u00e0 \u00e9coulement fluide (<strong>convoyeurs pneumatiques<\/strong>).<\/p>\n<p><strong>Crit\u00e8res de choix et conception<\/strong><\/p>\n<p><strong>Analyse pr\u00e9liminaire<\/strong><\/p>\n<p>L\u2019analyse pr\u00e9liminaire, d\u00e9terminante pour le choix du type de transport, pr\u00e9voit:<\/p>\n<\/div><\/section><\/div><div  class='flex_column av-22da0-7cde0a0432935fffe62dd4e91f7068a0 av_one_third  avia-builder-el-4  el_after_av_one_full  el_before_av_one_third  first flex_column_div  column-top-margin'     ><section  class='av_textblock_section av-lyn5yjtp-2c875ea0c014d57a428507645a1419c8 '   itemscope=\"itemscope\" itemtype=\"https:\/\/schema.org\/CreativeWork\" ><div class='avia_textblock'  itemprop=\"text\" ><p><strong>1) La caract\u00e9risation des mati\u00e8res \u00e0 transporter, en particulier<\/strong><\/p>\n<ul>\n<li>la caract\u00e9risation des mati\u00e8res \u00e0 transporter, en particulier des propri\u00e9t\u00e9s physiques (dimensions, forme, densit\u00e9, surface, temp\u00e9rature) et des forces inter particulaires (forces \u00e9lectrostatiques, vdW, adh\u00e9sives, a\u00e9rodynamiques) des particules individuelles;<\/li>\n<li>des propri\u00e9t\u00e9s de masses (index et rapports de densit\u00e9 apparentes, angles de repos et de frottement, efforts et conditions de d\u00e9faillance) des ensembles de particules.<\/li>\n<\/ul>\n<\/div><\/section><\/div><div  class='flex_column av-1p5tc-3b00de32c38deadad4d4d50ef0d2923f av_one_third  avia-builder-el-6  el_after_av_one_third  el_before_av_one_third  flex_column_div  column-top-margin'     ><section  class='av_textblock_section av-lyn5yqfr-77c90c50fb200bd471a7235a896ce7c2 '   itemscope=\"itemscope\" itemtype=\"https:\/\/schema.org\/CreativeWork\" ><div class='avia_textblock'  itemprop=\"text\" ><p><strong>2) L\u2019\u00e9valuation des conditions de fonctionnement et de processus, en fonction de:<\/strong><\/p>\n<ul>\n<li>la port\u00e9e requise;<\/li>\n<li>l\u2019entit\u00e9 des flux de manutention (nombre de stations, distances et d\u00e9nivel\u00e9s entre les stations, complexit\u00e9 des trajectoires, directions des manutentions);<\/li>\n<li>la fr\u00e9quence de manutention (continue ou discontinue, constante ou variable).<\/li>\n<\/ul>\n<\/div><\/section><\/div><div  class='flex_column av-vzfg-5df1adc316666246a2a9f474377b3704 av_one_third  avia-builder-el-8  el_after_av_one_third  el_before_av_one_half  flex_column_div  column-top-margin'     ><section  class='av_textblock_section av-lyn5yxov-62f6fac017f0e5b8e3b582acce39be29 '   itemscope=\"itemscope\" itemtype=\"https:\/\/schema.org\/CreativeWork\" ><div class='avia_textblock'  itemprop=\"text\" ><p><strong>3) La d\u00e9tection et la d\u00e9termination des conditions environnementales et d\u2019exercice, selon<\/strong><\/p>\n<ul>\n<li>les surfaces disponibles;<\/li>\n<li>l\u2019adaptabilit\u00e9 aux structures existantes;<\/li>\n<li>les possibilit\u00e9s d\u2019expansion;<\/li>\n<li>la pr\u00e9sence d\u2019atmosph\u00e8res potentiellement explosives.<\/li>\n<\/ul>\n<\/div><\/section><\/div>\n<style type=\"text\/css\" data-created_by=\"avia_inline_auto\" id=\"style-css-av-7duc0-e4701326d437ffda2539ff3cbc5f62f0\">\n.flex_column.av-7duc0-e4701326d437ffda2539ff3cbc5f62f0{\nwidth:48.5%;\npadding:0 0 0 0;\n}\n<\/style>\n<div  class='flex_column av-7duc0-e4701326d437ffda2539ff3cbc5f62f0 av_one_half  avia-builder-el-10  el_after_av_one_third  el_before_av_one_half  first flex_column_div av-zero-column-padding  column-top-margin'     ><style type=\"text\/css\" data-created_by=\"avia_inline_auto\" id=\"style-css-av-6ufyc-0ecd142f744d905c9c12492fe3c8bce1\">\n.avia-image-container.av-6ufyc-0ecd142f744d905c9c12492fe3c8bce1 img.avia_image{\nbox-shadow:none;\n}\n.avia-image-container.av-6ufyc-0ecd142f744d905c9c12492fe3c8bce1 .av-caption-image-overlay-bg{\nopacity:0.6;\nbackground-color:#18417e;\n}\n.avia-image-container.av-6ufyc-0ecd142f744d905c9c12492fe3c8bce1 .av-image-caption-overlay-center{\ncolor:#ffffff;\n}\n<\/style>\n<div  class='avia-image-container av-6ufyc-0ecd142f744d905c9c12492fe3c8bce1 av-styling- av-hover-grow av-img-linked avia-align-right  avia-builder-el-11  avia-builder-el-no-sibling  noHover av-overlay-hover-deactivate'   itemprop=\"image\" itemscope=\"itemscope\" itemtype=\"https:\/\/schema.org\/ImageObject\" ><div class=\"avia-image-container-inner\"><div class=\"avia-image-overlay-wrap\"><a href=\"https:\/\/www.idealtecsrl.com\/fr\/transport\/convoyeurs-mecaniques\/\" class='avia_image '  aria-label='trasporto-convogliatori-meccanici'><div class=\"av-image-caption-overlay\"><div class=\"av-caption-image-overlay-bg\"><\/div><div class=\"av-image-caption-overlay-position\"><div class=\"av-image-caption-overlay-center\"><p>CONVOYEURS M\u00c9CANIQUES<\/p>\n<\/div><\/div><\/div><img decoding=\"async\" fetchpriority=\"high\" class='wp-image-15432 avia-img-lazy-loading-not-15432 avia_image ' src=\"https:\/\/www.idealtecsrl.com\/wp-content\/uploads\/2024\/07\/trasporto-convogliatori-meccanici.jpg\" alt='' title='trasporto-convogliatori-meccanici'  height=\"400\" width=\"495\"  itemprop=\"thumbnailUrl\" srcset=\"https:\/\/www.idealtecsrl.com\/wp-content\/uploads\/2024\/07\/trasporto-convogliatori-meccanici.jpg 495w, https:\/\/www.idealtecsrl.com\/wp-content\/uploads\/2024\/07\/trasporto-convogliatori-meccanici-300x242.jpg 300w\" sizes=\"(max-width: 495px) 100vw, 495px\" \/><\/a><\/div><\/div><\/div><\/div>\n<style type=\"text\/css\" data-created_by=\"avia_inline_auto\" id=\"style-css-av-684hc-fb7f8c8f3623d8f87b7628fd6b2d2e68\">\n.flex_column.av-684hc-fb7f8c8f3623d8f87b7628fd6b2d2e68{\nwidth:48.5%;\nmargin-left:3%;\npadding:0 0 0 0;\n}\n<\/style>\n<div  class='flex_column av-684hc-fb7f8c8f3623d8f87b7628fd6b2d2e68 av_one_half  avia-builder-el-12  el_after_av_one_half  el_before_av_one_half  flex_column_div av-zero-column-padding  column-top-margin'     ><style type=\"text\/css\" data-created_by=\"avia_inline_auto\" id=\"style-css-av-5r5ak-cd18fc553ff3d7905a094ca187c6bbb2\">\n.avia-image-container.av-5r5ak-cd18fc553ff3d7905a094ca187c6bbb2 img.avia_image{\nbox-shadow:none;\n}\n.avia-image-container.av-5r5ak-cd18fc553ff3d7905a094ca187c6bbb2 .av-caption-image-overlay-bg{\nopacity:0.6;\nbackground-color:#18417e;\n}\n.avia-image-container.av-5r5ak-cd18fc553ff3d7905a094ca187c6bbb2 .av-image-caption-overlay-center{\ncolor:#ffffff;\n}\n<\/style>\n<div  class='avia-image-container av-5r5ak-cd18fc553ff3d7905a094ca187c6bbb2 av-styling- av-hover-grow av-img-linked avia-align-left  avia-builder-el-13  avia-builder-el-no-sibling  noHover av-overlay-hover-deactivate'   itemprop=\"image\" itemscope=\"itemscope\" itemtype=\"https:\/\/schema.org\/ImageObject\" ><div class=\"avia-image-container-inner\"><div class=\"avia-image-overlay-wrap\"><a href=\"https:\/\/www.idealtecsrl.com\/fr\/transport\/convoyeurs-a-vis\/\" class='avia_image '  aria-label='trasporto-convogliatori-coclea'><div class=\"av-image-caption-overlay\"><div class=\"av-caption-image-overlay-bg\"><\/div><div class=\"av-image-caption-overlay-position\"><div class=\"av-image-caption-overlay-center\"><p>CONVOYEURS \u00c0 VIS<\/p>\n<\/div><\/div><\/div><img decoding=\"async\" fetchpriority=\"high\" class='wp-image-15439 avia-img-lazy-loading-not-15439 avia_image ' src=\"https:\/\/www.idealtecsrl.com\/wp-content\/uploads\/2024\/07\/trasporto-convogliatori-coclea.jpg\" alt='' title='trasporto-convogliatori-coclea'  height=\"400\" width=\"495\"  itemprop=\"thumbnailUrl\" srcset=\"https:\/\/www.idealtecsrl.com\/wp-content\/uploads\/2024\/07\/trasporto-convogliatori-coclea.jpg 495w, https:\/\/www.idealtecsrl.com\/wp-content\/uploads\/2024\/07\/trasporto-convogliatori-coclea-300x242.jpg 300w\" sizes=\"(max-width: 495px) 100vw, 495px\" \/><\/a><\/div><\/div><\/div><\/div>\n<style type=\"text\/css\" data-created_by=\"avia_inline_auto\" id=\"style-css-av-58nbk-a7b7854c994a3beed81d67a07be0245a\">\n.flex_column.av-58nbk-a7b7854c994a3beed81d67a07be0245a{\nwidth:48.5%;\npadding:0 0 0 0;\n}\n<\/style>\n<div  class='flex_column av-58nbk-a7b7854c994a3beed81d67a07be0245a av_one_half  avia-builder-el-14  el_after_av_one_half  el_before_av_one_half  first flex_column_div av-zero-column-padding  column-top-margin'     ><style type=\"text\/css\" data-created_by=\"avia_inline_auto\" id=\"style-css-av-4m4ts-6a75dc8274ec566200ff0aa200f174e5\">\n.avia-image-container.av-4m4ts-6a75dc8274ec566200ff0aa200f174e5 img.avia_image{\nbox-shadow:none;\n}\n.avia-image-container.av-4m4ts-6a75dc8274ec566200ff0aa200f174e5 .av-caption-image-overlay-bg{\nopacity:0.6;\nbackground-color:#18417e;\n}\n.avia-image-container.av-4m4ts-6a75dc8274ec566200ff0aa200f174e5 .av-image-caption-overlay-center{\ncolor:#ffffff;\n}\n<\/style>\n<div  class='avia-image-container av-4m4ts-6a75dc8274ec566200ff0aa200f174e5 av-styling- av-hover-grow av-img-linked avia-align-right  avia-builder-el-15  avia-builder-el-no-sibling  noHover av-overlay-hover-deactivate'   itemprop=\"image\" itemscope=\"itemscope\" itemtype=\"https:\/\/schema.org\/ImageObject\" ><div class=\"avia-image-container-inner\"><div class=\"avia-image-overlay-wrap\"><a href=\"https:\/\/www.idealtecsrl.com\/fr\/transport\/convoyeurs-aerodynamiques\/\" class='avia_image '  aria-label='trasporto-convogliatori-aeromeccanici'><div class=\"av-image-caption-overlay\"><div class=\"av-caption-image-overlay-bg\"><\/div><div class=\"av-image-caption-overlay-position\"><div class=\"av-image-caption-overlay-center\"><p>CONVOYEURS A\u00c9RODYNAMIQUES<\/p>\n<\/div><\/div><\/div><img decoding=\"async\" fetchpriority=\"high\" class='wp-image-15446 avia-img-lazy-loading-not-15446 avia_image ' src=\"https:\/\/www.idealtecsrl.com\/wp-content\/uploads\/2024\/07\/trasporto-convogliatori-aeromeccanici.jpg\" alt='' title='trasporto-convogliatori-aeromeccanici'  height=\"400\" width=\"495\"  itemprop=\"thumbnailUrl\" srcset=\"https:\/\/www.idealtecsrl.com\/wp-content\/uploads\/2024\/07\/trasporto-convogliatori-aeromeccanici.jpg 495w, https:\/\/www.idealtecsrl.com\/wp-content\/uploads\/2024\/07\/trasporto-convogliatori-aeromeccanici-300x242.jpg 300w\" sizes=\"(max-width: 495px) 100vw, 495px\" \/><\/a><\/div><\/div><\/div><\/div>\n<style type=\"text\/css\" data-created_by=\"avia_inline_auto\" id=\"style-css-av-404p4-be63098084714c9a78674df5e78782e5\">\n.flex_column.av-404p4-be63098084714c9a78674df5e78782e5{\nwidth:48.5%;\nmargin-left:3%;\npadding:0 0 0 0;\n}\n<\/style>\n<div  class='flex_column av-404p4-be63098084714c9a78674df5e78782e5 av_one_half  avia-builder-el-16  el_after_av_one_half  avia-builder-el-last  flex_column_div av-zero-column-padding  column-top-margin'     ><style type=\"text\/css\" data-created_by=\"avia_inline_auto\" id=\"style-css-av-bgm8-b06a919d6399ece8ffa0b5d0350d78e2\">\n.avia-image-container.av-bgm8-b06a919d6399ece8ffa0b5d0350d78e2 img.avia_image{\nbox-shadow:none;\n}\n.avia-image-container.av-bgm8-b06a919d6399ece8ffa0b5d0350d78e2 .av-caption-image-overlay-bg{\nopacity:0.6;\nbackground-color:#18417e;\n}\n.avia-image-container.av-bgm8-b06a919d6399ece8ffa0b5d0350d78e2 .av-image-caption-overlay-center{\ncolor:#ffffff;\n}\n<\/style>\n<div  class='avia-image-container av-bgm8-b06a919d6399ece8ffa0b5d0350d78e2 av-styling- av-hover-grow av-img-linked avia-align-left  avia-builder-el-17  avia-builder-el-no-sibling  noHover av-overlay-hover-deactivate'   itemprop=\"image\" itemscope=\"itemscope\" itemtype=\"https:\/\/schema.org\/ImageObject\" ><div class=\"avia-image-container-inner\"><div class=\"avia-image-overlay-wrap\"><a href=\"https:\/\/www.idealtecsrl.com\/fr\/transport\/convoyeurs-pneumatiques\/\" class='avia_image '  aria-label='trasporto-convogliatori-pneumatici'><div class=\"av-image-caption-overlay\"><div class=\"av-caption-image-overlay-bg\"><\/div><div class=\"av-image-caption-overlay-position\"><div class=\"av-image-caption-overlay-center\"><p>CONVOYEURS PNEUMATIQUES<\/p>\n<\/div><\/div><\/div><img decoding=\"async\" fetchpriority=\"high\" class='wp-image-15453 avia-img-lazy-loading-not-15453 avia_image ' src=\"https:\/\/www.idealtecsrl.com\/wp-content\/uploads\/2024\/07\/trasporto-convogliatori-pneumatici.jpg\" alt='' title='trasporto-convogliatori-pneumatici'  height=\"400\" width=\"495\"  itemprop=\"thumbnailUrl\" srcset=\"https:\/\/www.idealtecsrl.com\/wp-content\/uploads\/2024\/07\/trasporto-convogliatori-pneumatici.jpg 495w, https:\/\/www.idealtecsrl.com\/wp-content\/uploads\/2024\/07\/trasporto-convogliatori-pneumatici-300x242.jpg 300w\" sizes=\"(max-width: 495px) 100vw, 495px\" \/><\/a><\/div><\/div><\/div><\/div><\/div><\/div><\/div><!-- close content main div --><\/div><\/div>\n<style type=\"text\/css\" data-created_by=\"avia_inline_auto\" id=\"style-css-av-2kjtw-6c496f96e44358e68cdf3909837d33f8\">\n.avia-section.av-2kjtw-6c496f96e44358e68cdf3909837d33f8{\nbackground-color:#eceff1;\nbackground-image:unset;\n}\n<\/style>\n<div id='av_section_2'  class='avia-section av-2kjtw-6c496f96e44358e68cdf3909837d33f8 main_color avia-section-huge avia-no-border-styling  avia-builder-el-18  el_after_av_section  avia-builder-el-last  avia-bg-style-scroll container_wrap fullsize'  ><div class='container av-section-cont-open' ><div class='template-page content  av-content-full alpha units'><div class='post-entry post-entry-type-page post-entry-4105'><div class='entry-content-wrapper clearfix'>\n<div  class='flex_column av-26sow-8c733f728305f360d55dc98cc8554482 av_one_full  avia-builder-el-19  avia-builder-el-no-sibling  first flex_column_div  '     ><p>\n<style type=\"text\/css\" data-created_by=\"avia_inline_auto\" id=\"style-css-av-1rytg-16fb524e6cab0cd242a8960c4784514a\">\n#top .av-special-heading.av-1rytg-16fb524e6cab0cd242a8960c4784514a{\npadding-bottom:10px;\n}\nbody .av-special-heading.av-1rytg-16fb524e6cab0cd242a8960c4784514a .av-special-heading-tag .heading-char{\nfont-size:25px;\n}\n.av-special-heading.av-1rytg-16fb524e6cab0cd242a8960c4784514a .av-subheading{\nfont-size:15px;\n}\n<\/style>\n<div  class='av-special-heading av-1rytg-16fb524e6cab0cd242a8960c4784514a av-special-heading-h2 blockquote modern-quote modern-centered  avia-builder-el-20  el_before_av_textblock  avia-builder-el-first '><h2 class='av-special-heading-tag'  itemprop=\"headline\"  >AIDES D\u2019\u00c9TAT ET DE MINIMIS<\/h2><div class=\"special-heading-border\"><div class=\"special-heading-inner-border\"><\/div><\/div><\/div><br \/>\n<section  class='av_textblock_section av-t71k-b8d4d7e52017eb0b11079e94d5d27838 '   itemscope=\"itemscope\" itemtype=\"https:\/\/schema.org\/CreativeWork\" ><div class='avia_textblock'  itemprop=\"text\" ><p style=\"text-align: center;\"><strong>Obligations d\u2019information pour les subventions publiques.<\/strong><br \/>\nLes aides d\u2019\u00c9tat et les aides de minimis re\u00e7ues par notre entreprise sont contenues dans le registre national des aides d\u2019\u00c9tat vis\u00e9 \u00e0 l\u2019art. 52 de la loi 234\/2012 \u00e0 laquelle il est fait r\u00e9f\u00e9rence et qui peut \u00eatre consult\u00e9 au lien suivant:\u00a0<a role=\"link\" href=\"https:\/\/www.rna.gov.it\/trasparenza\" target=\"_blank\" rel=\"noopener\">Apprendre encore plus&gt;&gt;<\/a><\/p>\n<\/div><\/section><\/p><\/div>\n<\/p>\n","protected":false},"excerpt":{"rendered":"","protected":false},"author":6,"featured_media":0,"parent":0,"menu_order":0,"comment_status":"closed","ping_status":"closed","template":"","meta":{"_monsterinsights_skip_tracking":false,"_monsterinsights_sitenote_active":false,"_monsterinsights_sitenote_note":"","_monsterinsights_sitenote_category":0,"footnotes":""},"_links":{"self":[{"href":"https:\/\/www.idealtecsrl.com\/fr\/wp-json\/wp\/v2\/pages\/4105"}],"collection":[{"href":"https:\/\/www.idealtecsrl.com\/fr\/wp-json\/wp\/v2\/pages"}],"about":[{"href":"https:\/\/www.idealtecsrl.com\/fr\/wp-json\/wp\/v2\/types\/page"}],"author":[{"embeddable":true,"href":"https:\/\/www.idealtecsrl.com\/fr\/wp-json\/wp\/v2\/users\/6"}],"replies":[{"embeddable":true,"href":"https:\/\/www.idealtecsrl.com\/fr\/wp-json\/wp\/v2\/comments?post=4105"}],"version-history":[{"count":36,"href":"https:\/\/www.idealtecsrl.com\/fr\/wp-json\/wp\/v2\/pages\/4105\/revisions"}],"predecessor-version":[{"id":17916,"href":"https:\/\/www.idealtecsrl.com\/fr\/wp-json\/wp\/v2\/pages\/4105\/revisions\/17916"}],"wp:attachment":[{"href":"https:\/\/www.idealtecsrl.com\/fr\/wp-json\/wp\/v2\/media?parent=4105"}],"curies":[{"name":"wp","href":"https:\/\/api.w.org\/{rel}","templated":true}]}}