{"id":8067,"date":"2020-10-07T14:45:43","date_gmt":"2020-10-07T12:45:43","guid":{"rendered":"https:\/\/www.idealtecsrl.com\/transport\/convoyeurs-pneumatiques\/"},"modified":"2024-11-30T16:03:40","modified_gmt":"2024-11-30T15:03:40","slug":"convoyeurs-pneumatiques","status":"publish","type":"page","link":"https:\/\/www.idealtecsrl.com\/fr\/transport\/convoyeurs-pneumatiques\/","title":{"rendered":"Convoyeurs pneumatiques"},"content":{"rendered":"<div id='full_slider_1'  class='avia-fullwidth-slider main_color avia-shadow   avia-builder-el-0  el_before_av_one_full  avia-builder-el-first   container_wrap fullsize'  >\n<style type=\"text\/css\" data-created_by=\"avia_inline_auto\" id=\"style-css-av-lyondelf-e289cf6855c97dc233551410f8150926\">\n#top #wrap_all .avia-slideshow .av-slideshow-caption.av-lyondelf-e289cf6855c97dc233551410f8150926__0 .avia-caption-title{\ncolor:#ffffff;\n}\n#top .avia-slideshow .av-slideshow-caption.av-lyondelf-e289cf6855c97dc233551410f8150926__0 .avia-caption-content{\ncolor:#ffffff;\n}\n<\/style>\n<div  class='avia-slideshow av-lyondelf-e289cf6855c97dc233551410f8150926 avia-slideshow-featured av_slideshow_full avia-fade-slider av-slideshow-ui av-control-hidden av-no-slider-navigation av-hide-nav-arrows av-slideshow-autoplay av-loop-endless av-loop-manual-endless av-default-height-applied   avia-slideshow-1' data-slideshow-options=\"{&quot;animation&quot;:&quot;fade&quot;,&quot;autoplay&quot;:true,&quot;loop_autoplay&quot;:&quot;endless&quot;,&quot;interval&quot;:3,&quot;loop_manual&quot;:&quot;manual-endless&quot;,&quot;autoplay_stopper&quot;:false,&quot;noNavigation&quot;:true,&quot;bg_slider&quot;:false,&quot;transitionSpeed&quot;:800,&quot;keep_padding&quot;:false,&quot;hoverpause&quot;:false,&quot;show_slide_delay&quot;:0}\"  itemprop=\"image\" itemscope=\"itemscope\" itemtype=\"https:\/\/schema.org\/ImageObject\" ><ul class='avia-slideshow-inner ' style='padding-bottom: 28.666666666667%;'><li  class='avia-slideshow-slide av-lyondelf-e289cf6855c97dc233551410f8150926__0  slide-1 slide-odd'><div data-rel='slideshow-1' class='avia-slide-wrap '   ><img decoding=\"async\" fetchpriority=\"high\" class=\"wp-image-15265 avia-img-lazy-loading-not-15265\"  src=\"https:\/\/www.idealtecsrl.com\/wp-content\/uploads\/2024\/07\/visore-ci-presentiamo-1.jpg\" width=\"1500\" height=\"430\" title='visore-ci-presentiamo-1' alt=''  itemprop=\"thumbnailUrl\"  style='min-height:400px; min-width:1396px; ' srcset=\"https:\/\/www.idealtecsrl.com\/wp-content\/uploads\/2024\/07\/visore-ci-presentiamo-1.jpg 1500w, https:\/\/www.idealtecsrl.com\/wp-content\/uploads\/2024\/07\/visore-ci-presentiamo-1-300x86.jpg 300w, https:\/\/www.idealtecsrl.com\/wp-content\/uploads\/2024\/07\/visore-ci-presentiamo-1-1030x295.jpg 1030w, https:\/\/www.idealtecsrl.com\/wp-content\/uploads\/2024\/07\/visore-ci-presentiamo-1-768x220.jpg 768w, https:\/\/www.idealtecsrl.com\/wp-content\/uploads\/2024\/07\/visore-ci-presentiamo-1-705x202.jpg 705w\" sizes=\"(max-width: 1500px) 100vw, 1500px\" \/><div class='av-section-color-overlay' style='opacity: 0.6; background-color: #18417e; '><\/div><\/div><\/li><li  class='avia-slideshow-slide av-lyondelf-e289cf6855c97dc233551410f8150926__1  slide-2 slide-even'><div data-rel='slideshow-1' class='avia-slide-wrap '   ><img decoding=\"async\" fetchpriority=\"high\" class=\"wp-image-15272 avia-img-lazy-loading-not-15272\"  src=\"https:\/\/www.idealtecsrl.com\/wp-content\/uploads\/2024\/07\/visore-ci-presentiamo-2.jpg\" width=\"1500\" height=\"430\" title='visore-ci-presentiamo-2' alt=''  itemprop=\"thumbnailUrl\"  style='min-height:400px; min-width:1396px; ' srcset=\"https:\/\/www.idealtecsrl.com\/wp-content\/uploads\/2024\/07\/visore-ci-presentiamo-2.jpg 1500w, https:\/\/www.idealtecsrl.com\/wp-content\/uploads\/2024\/07\/visore-ci-presentiamo-2-300x86.jpg 300w, https:\/\/www.idealtecsrl.com\/wp-content\/uploads\/2024\/07\/visore-ci-presentiamo-2-1030x295.jpg 1030w, https:\/\/www.idealtecsrl.com\/wp-content\/uploads\/2024\/07\/visore-ci-presentiamo-2-768x220.jpg 768w, https:\/\/www.idealtecsrl.com\/wp-content\/uploads\/2024\/07\/visore-ci-presentiamo-2-705x202.jpg 705w\" sizes=\"(max-width: 1500px) 100vw, 1500px\" \/><div class='av-section-color-overlay' style='opacity: 0.6; background-color: #18417e; '><\/div><\/div><\/li><li  class='avia-slideshow-slide av-lyondelf-e289cf6855c97dc233551410f8150926__2  slide-3 slide-odd'><div data-rel='slideshow-1' class='avia-slide-wrap '   ><img decoding=\"async\" fetchpriority=\"high\" class=\"wp-image-15279 avia-img-lazy-loading-not-15279\"  src=\"https:\/\/www.idealtecsrl.com\/wp-content\/uploads\/2024\/07\/visore-ci-presentiamo-3.jpg\" width=\"1500\" height=\"430\" title='visore-ci-presentiamo-3' alt=''  itemprop=\"thumbnailUrl\"  style='min-height:400px; min-width:1396px; ' srcset=\"https:\/\/www.idealtecsrl.com\/wp-content\/uploads\/2024\/07\/visore-ci-presentiamo-3.jpg 1500w, https:\/\/www.idealtecsrl.com\/wp-content\/uploads\/2024\/07\/visore-ci-presentiamo-3-300x86.jpg 300w, https:\/\/www.idealtecsrl.com\/wp-content\/uploads\/2024\/07\/visore-ci-presentiamo-3-1030x295.jpg 1030w, https:\/\/www.idealtecsrl.com\/wp-content\/uploads\/2024\/07\/visore-ci-presentiamo-3-768x220.jpg 768w, https:\/\/www.idealtecsrl.com\/wp-content\/uploads\/2024\/07\/visore-ci-presentiamo-3-705x202.jpg 705w\" sizes=\"(max-width: 1500px) 100vw, 1500px\" \/><div class='av-section-color-overlay' style='opacity: 0.6; background-color: #18417e; '><\/div><\/div><\/li><li  class='avia-slideshow-slide av-lyondelf-e289cf6855c97dc233551410f8150926__3  slide-4 slide-even'><div data-rel='slideshow-1' class='avia-slide-wrap '   ><img decoding=\"async\" fetchpriority=\"high\" class=\"wp-image-15286 avia-img-lazy-loading-not-15286\"  src=\"https:\/\/www.idealtecsrl.com\/wp-content\/uploads\/2024\/07\/visore-ci-presentiamo-4.jpg\" width=\"1500\" height=\"430\" title='visore-ci-presentiamo-4' alt=''  itemprop=\"thumbnailUrl\"  style='min-height:400px; min-width:1396px; ' srcset=\"https:\/\/www.idealtecsrl.com\/wp-content\/uploads\/2024\/07\/visore-ci-presentiamo-4.jpg 1500w, https:\/\/www.idealtecsrl.com\/wp-content\/uploads\/2024\/07\/visore-ci-presentiamo-4-300x86.jpg 300w, https:\/\/www.idealtecsrl.com\/wp-content\/uploads\/2024\/07\/visore-ci-presentiamo-4-1030x295.jpg 1030w, https:\/\/www.idealtecsrl.com\/wp-content\/uploads\/2024\/07\/visore-ci-presentiamo-4-768x220.jpg 768w, https:\/\/www.idealtecsrl.com\/wp-content\/uploads\/2024\/07\/visore-ci-presentiamo-4-705x202.jpg 705w\" sizes=\"(max-width: 1500px) 100vw, 1500px\" \/><div class='av-section-color-overlay' style='opacity: 0.6; background-color: #18417e; '><\/div><\/div><\/li><li  class='avia-slideshow-slide av-lyondelf-e289cf6855c97dc233551410f8150926__4  slide-5 slide-odd'><div data-rel='slideshow-1' class='avia-slide-wrap '   ><img decoding=\"async\" fetchpriority=\"high\" class=\"wp-image-15293 avia-img-lazy-loading-not-15293\"  src=\"https:\/\/www.idealtecsrl.com\/wp-content\/uploads\/2024\/07\/visore-ci-presentiamo-5.jpg\" width=\"1500\" height=\"430\" title='visore-ci-presentiamo-5' alt=''  itemprop=\"thumbnailUrl\"  style='min-height:400px; min-width:1396px; ' srcset=\"https:\/\/www.idealtecsrl.com\/wp-content\/uploads\/2024\/07\/visore-ci-presentiamo-5.jpg 1500w, https:\/\/www.idealtecsrl.com\/wp-content\/uploads\/2024\/07\/visore-ci-presentiamo-5-300x86.jpg 300w, https:\/\/www.idealtecsrl.com\/wp-content\/uploads\/2024\/07\/visore-ci-presentiamo-5-1030x295.jpg 1030w, https:\/\/www.idealtecsrl.com\/wp-content\/uploads\/2024\/07\/visore-ci-presentiamo-5-768x220.jpg 768w, https:\/\/www.idealtecsrl.com\/wp-content\/uploads\/2024\/07\/visore-ci-presentiamo-5-705x202.jpg 705w\" sizes=\"(max-width: 1500px) 100vw, 1500px\" \/><div class='av-section-color-overlay' style='opacity: 0.6; background-color: #18417e; '><\/div><\/div><\/li><\/ul><div class='avia-slideshow-arrows avia-slideshow-controls' ><a href='#prev' class='prev-slide ' aria-hidden='true' data-av_icon='\ue87c' data-av_iconfont='entypo-fontello'  tabindex='-1'>Pr\u00e9c\u00e9dent<\/a><a href='#next' class='next-slide ' aria-hidden='true' data-av_icon='\ue87d' data-av_iconfont='entypo-fontello'  tabindex='-1'>Suivant<\/a><\/div><div class='av-slideshow-caption av-lyondelf-e289cf6855c97dc233551410f8150926__0 caption_fullwidth caption_center'><div class=\"container caption_container\"><div class=\"slideshow_caption\"><div class=\"slideshow_inner_caption\"><div class=\"slideshow_align_caption\"><h1 class='avia-caption-title '  itemprop=\"name\" >Convoyeurs pneumatiques<\/h1><\/div><\/div><\/div><\/div><\/div><\/div><\/div><div id='after_full_slider_1'  class='main_color av_default_container_wrap container_wrap fullsize'  ><div class='container av-section-cont-open' ><div class='template-page content  av-content-full alpha units'><div class='post-entry post-entry-type-page post-entry-8067'><div class='entry-content-wrapper clearfix'>\n\n<style type=\"text\/css\" data-created_by=\"avia_inline_auto\" id=\"style-css-av-ejkr6q-86e521ea3737c9cbd020cc9153185b44\">\n.flex_column.av-ejkr6q-86e521ea3737c9cbd020cc9153185b44{\npadding:50px 0 0 0;\n}\n<\/style>\n<div  class='flex_column av-ejkr6q-86e521ea3737c9cbd020cc9153185b44 av_one_full  avia-builder-el-1  el_after_av_slideshow_full  el_before_av_hr  avia-builder-el-first  first flex_column_div  '     ><p>\n<style type=\"text\/css\" data-created_by=\"avia_inline_auto\" id=\"style-css-av-lyoncr4k-6a53e4274f5a4c5be74695a076a3f942\">\n#top .av-special-heading.av-lyoncr4k-6a53e4274f5a4c5be74695a076a3f942{\npadding-bottom:10px;\n}\nbody .av-special-heading.av-lyoncr4k-6a53e4274f5a4c5be74695a076a3f942 .av-special-heading-tag .heading-char{\nfont-size:25px;\n}\n.av-special-heading.av-lyoncr4k-6a53e4274f5a4c5be74695a076a3f942 .av-subheading{\nfont-size:15px;\n}\n<\/style>\n<div  class='av-special-heading av-lyoncr4k-6a53e4274f5a4c5be74695a076a3f942 av-special-heading-h2 blockquote modern-quote  avia-builder-el-2  el_before_av_textblock  avia-builder-el-first '><h2 class='av-special-heading-tag'  itemprop=\"headline\"  >Conception<\/h2><div class=\"special-heading-border\"><div class=\"special-heading-inner-border\"><\/div><\/div><\/div><br \/>\n<section  class='av_textblock_section av-lyoncwf8-a13885224ffa766fd9cf5837e0860530 '   itemscope=\"itemscope\" itemtype=\"https:\/\/schema.org\/CreativeWork\" ><div class='avia_textblock'  itemprop=\"text\" ><p>Syst\u00e8mes de transports en suspension caract\u00e9ris\u00e9s par les phases op\u00e9rationnelles suivantes:<\/p>\n<p><strong>1) Phase de chargement en aspiration ou en compression<\/strong><\/p>\n<ul>\n<li>via vannes rotatives, \u00e9jecteurs \u00e0 tube Venturi, vannes \u00e0 guillotine, vannes de d\u00e9rivation;<\/li>\n<li>de silos, tr\u00e9mies, cabine taille sacs, stations de vidange GRVS;<\/li>\n<\/ul>\n<p><strong>2) Phases de transport<\/strong><\/p>\n<ul>\n<li>en phase dilu\u00e9e, durant laquelle les particules sont entra\u00een\u00e9es par le courant gazeux en compression, en aspiration ou en aspiration et compression, avec une vitesse \u00e9lev\u00e9e, en continu, \u00e0 basse pression et avec un rapport gaz\/solide tr\u00e8s \u00e9lev\u00e9;<\/li>\n<li>en phase dense, durant laquelle les particules sont entra\u00een\u00e9es par une impulsion de gaz sous pression, \u00e0 basse vitesse, en discontinu, \u00e0 pression \u00e9lev\u00e9e et avec un rapport gaz\/solide tr\u00e8s faible;<\/li>\n<\/ul>\n<p><strong>3) Phase de d\u00e9chargement par gravit\u00e9<\/strong><\/p>\n<ul>\n<li>via cyclones et filtres, propulseurs (en phase dense), des vannes rotatives, des vannes \u00e0 papillon.<\/li>\n<\/ul>\n<\/div><\/section><br \/>\n\n<style type=\"text\/css\" data-created_by=\"avia_inline_auto\" id=\"style-css-av-bqws82-95cc8b6aa9a03c1fdd95ec85b2701619\">\n#top .hr.hr-invisible.av-bqws82-95cc8b6aa9a03c1fdd95ec85b2701619{\nheight:24px;\n}\n<\/style>\n<div  class='hr av-bqws82-95cc8b6aa9a03c1fdd95ec85b2701619 hr-invisible  avia-builder-el-4  el_after_av_textblock  el_before_av_image '><span class='hr-inner '><span class=\"hr-inner-style\"><\/span><\/span><\/div><br \/>\n\n<style type=\"text\/css\" data-created_by=\"avia_inline_auto\" id=\"style-css-av-lyonervl-14dfbf4028e6065d2f7bdad953faf781\">\n.avia-image-container.av-lyonervl-14dfbf4028e6065d2f7bdad953faf781 img.avia_image{\nbox-shadow:none;\n}\n.avia-image-container.av-lyonervl-14dfbf4028e6065d2f7bdad953faf781 .av-image-caption-overlay-center{\ncolor:#ffffff;\n}\n<\/style>\n<div  class='avia-image-container av-lyonervl-14dfbf4028e6065d2f7bdad953faf781 av-styling- av-img-linked avia-align-left  avia-builder-el-5  el_after_av_hr  avia-builder-el-last '   itemprop=\"image\" itemscope=\"itemscope\" itemtype=\"https:\/\/schema.org\/ImageObject\" ><div class=\"avia-image-container-inner\"><div class=\"avia-image-overlay-wrap\"><a href=\"https:\/\/www.idealtecsrl.com\/wp-content\/uploads\/2024\/07\/trasporto-convogliatori-pneumatici.jpg\" data-srcset=\"https:\/\/www.idealtecsrl.com\/wp-content\/uploads\/2024\/07\/trasporto-convogliatori-pneumatici.jpg 495w, https:\/\/www.idealtecsrl.com\/wp-content\/uploads\/2024\/07\/trasporto-convogliatori-pneumatici-300x242.jpg 300w\" data-sizes=\"(max-width: 495px) 100vw, 495px\" class='avia_image '  aria-label='trasporto-convogliatori-pneumatici'><img decoding=\"async\" fetchpriority=\"high\" class='wp-image-15453 avia-img-lazy-loading-not-15453 avia_image ' src=\"https:\/\/www.idealtecsrl.com\/wp-content\/uploads\/2024\/07\/trasporto-convogliatori-pneumatici.jpg\" alt='' title='trasporto-convogliatori-pneumatici'  height=\"400\" width=\"495\"  itemprop=\"thumbnailUrl\" srcset=\"https:\/\/www.idealtecsrl.com\/wp-content\/uploads\/2024\/07\/trasporto-convogliatori-pneumatici.jpg 495w, https:\/\/www.idealtecsrl.com\/wp-content\/uploads\/2024\/07\/trasporto-convogliatori-pneumatici-300x242.jpg 300w\" sizes=\"(max-width: 495px) 100vw, 495px\" \/><\/a><\/div><\/div><\/div><\/p><\/div>\n<style type=\"text\/css\" data-created_by=\"avia_inline_auto\" id=\"style-css-av-alp5qa-e677c0270b6ddc426df4911142e034b8\">\n#top .hr.hr-invisible.av-alp5qa-e677c0270b6ddc426df4911142e034b8{\nheight:24px;\n}\n<\/style>\n<div  class='hr av-alp5qa-e677c0270b6ddc426df4911142e034b8 hr-invisible  avia-builder-el-6  el_after_av_one_full  el_before_av_hr '><span class='hr-inner '><span class=\"hr-inner-style\"><\/span><\/span><\/div><\/p>\n<div  class='hr av-95nnqq-fa5f08f52b760192a687362078c8ed00 hr-short  avia-builder-el-7  el_after_av_hr  el_before_av_hr  hr-left'><span class='hr-inner '><span class=\"hr-inner-style\"><\/span><\/span><\/div>\n\n<style type=\"text\/css\" data-created_by=\"avia_inline_auto\" id=\"style-css-av-7n751e-036583bd72920d5527f4163dc013551a\">\n#top .hr.hr-invisible.av-7n751e-036583bd72920d5527f4163dc013551a{\nheight:50px;\n}\n<\/style>\n<div  class='hr av-7n751e-036583bd72920d5527f4163dc013551a hr-invisible  avia-builder-el-8  el_after_av_hr  el_before_av_one_full '><span class='hr-inner '><span class=\"hr-inner-style\"><\/span><\/span><\/div>\n\n<style type=\"text\/css\" data-created_by=\"avia_inline_auto\" id=\"style-css-av-5f44gi-262254ada51f78b34a92d530558773b5\">\n.flex_column.av-5f44gi-262254ada51f78b34a92d530558773b5{\npadding:48px 48px 48px 48px;\nbackground-color:#eceff1;\n}\n<\/style>\n<div  class='flex_column av-5f44gi-262254ada51f78b34a92d530558773b5 av_one_full  avia-builder-el-9  el_after_av_hr  avia-builder-el-last  first flex_column_div  '     ><p>\n<style type=\"text\/css\" data-created_by=\"avia_inline_auto\" id=\"style-css-av-4l73b6-27e852de754d93249ac18e31ea80ed08\">\n#top .av-special-heading.av-4l73b6-27e852de754d93249ac18e31ea80ed08{\npadding-bottom:10px;\n}\nbody .av-special-heading.av-4l73b6-27e852de754d93249ac18e31ea80ed08 .av-special-heading-tag .heading-char{\nfont-size:25px;\n}\n.av-special-heading.av-4l73b6-27e852de754d93249ac18e31ea80ed08 .av-subheading{\nfont-size:15px;\n}\n<\/style>\n<div  class='av-special-heading av-4l73b6-27e852de754d93249ac18e31ea80ed08 av-special-heading-h2 blockquote modern-quote modern-centered  avia-builder-el-10  el_before_av_textblock  avia-builder-el-first '><h2 class='av-special-heading-tag'  itemprop=\"headline\"  >AIDES D\u2019\u00c9TAT ET DE MINIMIS<\/h2><div class=\"special-heading-border\"><div class=\"special-heading-inner-border\"><\/div><\/div><\/div><br \/>\n<section  class='av_textblock_section av-bcole-3fb5ea500d18f9b7a7cb665342f4f778 '   itemscope=\"itemscope\" itemtype=\"https:\/\/schema.org\/CreativeWork\" ><div class='avia_textblock'  itemprop=\"text\" ><p style=\"text-align: center;\"><strong>Obligations d\u2019information pour les subventions publiques.<\/strong><br \/>\nLes aides d\u2019\u00c9tat et les aides de minimis re\u00e7ues par notre entreprise sont contenues dans le registre national des aides d\u2019\u00c9tat vis\u00e9 \u00e0 l\u2019art. 52 de la loi 234\/2012 \u00e0 laquelle il est fait r\u00e9f\u00e9rence et qui peut \u00eatre consult\u00e9 au lien suivant:\u00a0<a role=\"link\" href=\"https:\/\/www.rna.gov.it\/trasparenza\" target=\"_blank\" rel=\"noopener\">Apprendre encore plus&gt;&gt;<\/a><\/p>\n<\/div><\/section><\/p><\/div>\n","protected":false},"excerpt":{"rendered":"","protected":false},"author":6,"featured_media":0,"parent":4105,"menu_order":0,"comment_status":"closed","ping_status":"closed","template":"","meta":{"_monsterinsights_skip_tracking":false,"_monsterinsights_sitenote_active":false,"_monsterinsights_sitenote_note":"","_monsterinsights_sitenote_category":0,"footnotes":""},"_links":{"self":[{"href":"https:\/\/www.idealtecsrl.com\/fr\/wp-json\/wp\/v2\/pages\/8067"}],"collection":[{"href":"https:\/\/www.idealtecsrl.com\/fr\/wp-json\/wp\/v2\/pages"}],"about":[{"href":"https:\/\/www.idealtecsrl.com\/fr\/wp-json\/wp\/v2\/types\/page"}],"author":[{"embeddable":true,"href":"https:\/\/www.idealtecsrl.com\/fr\/wp-json\/wp\/v2\/users\/6"}],"replies":[{"embeddable":true,"href":"https:\/\/www.idealtecsrl.com\/fr\/wp-json\/wp\/v2\/comments?post=8067"}],"version-history":[{"count":7,"href":"https:\/\/www.idealtecsrl.com\/fr\/wp-json\/wp\/v2\/pages\/8067\/revisions"}],"predecessor-version":[{"id":17939,"href":"https:\/\/www.idealtecsrl.com\/fr\/wp-json\/wp\/v2\/pages\/8067\/revisions\/17939"}],"up":[{"embeddable":true,"href":"https:\/\/www.idealtecsrl.com\/fr\/wp-json\/wp\/v2\/pages\/4105"}],"wp:attachment":[{"href":"https:\/\/www.idealtecsrl.com\/fr\/wp-json\/wp\/v2\/media?parent=8067"}],"curies":[{"name":"wp","href":"https:\/\/api.w.org\/{rel}","templated":true}]}}