{"id":8167,"date":"2020-10-08T15:27:58","date_gmt":"2020-10-08T13:27:58","guid":{"rendered":"https:\/\/www.idealtecsrl.com\/privacy-cookies-policy\/"},"modified":"2024-11-30T15:57:58","modified_gmt":"2024-11-30T14:57:58","slug":"privacy-cookies-policy","status":"publish","type":"page","link":"https:\/\/www.idealtecsrl.com\/fr\/privacy-cookies-policy\/","title":{"rendered":"Privacy &#038; Cookies Policy"},"content":{"rendered":"<div  class='flex_column av-4bu3jt-98e72d32d0ba23327de72a0cae001b98 av_one_full  avia-builder-el-0  el_before_av_one_full  avia-builder-el-first  first flex_column_div  '     ><style type=\"text\/css\" data-created_by=\"avia_inline_auto\" id=\"style-css-av-lyiwwyxx-e3945fed24d4a5f9a030621572cc2393\">\n#top .av-special-heading.av-lyiwwyxx-e3945fed24d4a5f9a030621572cc2393{\npadding-bottom:10px;\n}\nbody .av-special-heading.av-lyiwwyxx-e3945fed24d4a5f9a030621572cc2393 .av-special-heading-tag .heading-char{\nfont-size:25px;\n}\n.av-special-heading.av-lyiwwyxx-e3945fed24d4a5f9a030621572cc2393 .av-subheading{\nfont-size:15px;\n}\n<\/style>\n<div  class='av-special-heading av-lyiwwyxx-e3945fed24d4a5f9a030621572cc2393 av-special-heading-h1 blockquote modern-quote  avia-builder-el-1  avia-builder-el-no-sibling '><h1 class='av-special-heading-tag'  itemprop=\"headline\"  >Informations sur la confidentialit\u00e9 et le traitement des donn\u00e9es personnelles<\/h1><div class=\"special-heading-border\"><div class=\"special-heading-inner-border\"><\/div><\/div><\/div><\/div><div  class='flex_column av-32hxu1-4cf16ecc1e9593d8edf455b1004cc059 av_one_full  avia-builder-el-2  el_after_av_one_full  avia-builder-el-last  first flex_column_div  column-top-margin'     ><section  class='av_textblock_section av-lyiwyeux-909bacbfc93eb43b3f739577899ced00 '   itemscope=\"itemscope\" itemtype=\"https:\/\/schema.org\/CreativeWork\" ><div class='avia_textblock'  itemprop=\"text\" ><div>\n<p>Politique en mati\u00e8re de protection de la vie priv\u00e9e et de traitement des donn\u00e9es \u00e0 caract\u00e8re personnel.<br \/>\nEn remplissant le formulaire sur le site <a href=\"http:\/\/www.idealtec.com\">www.idealtec.com<\/a>, vous donnez votre consentement au traitement des donn\u00e9es conform\u00e9ment \u00e0 la l\u00e9gislation italienne en mati\u00e8re de protection de la vie priv\u00e9e et en particulier au r\u00e8glement 2016\/679 de l&rsquo;UE.<\/p>\n<p><strong>Note d\u2019information conforme \u00e0 l&rsquo;article 13 du r\u00e8glement de l&rsquo;UE pour la protection des personnes physiques \u00e0 l&rsquo;\u00e9gard du traitement des donn\u00e9es \u00e0 caract\u00e8re personnel (ci-apr\u00e8s : \u00ab RGPD \u00bb)<\/strong><\/p>\n<ol>\n<li>Les donn\u00e9es qui vous sont demand\u00e9es pour remplir le formulaire sur le site www.idealtecsrl.com seront utilis\u00e9es par Idealtec S.r.l., bas\u00e9e \u00e0 Bottanuco (BG &#8211; ITALIE), Via Ginevra n\u00b0 6\/8, qui est le responsable du traitement des donn\u00e9es dans le cadre du RGPD et peut \u00eatre contact\u00e9e \u00e0 l&rsquo;adresse <a href=\"mailto:info@idealtecsrl.com\" target=\"_blank\" rel=\"noopener\">info@idealtecsrl.com<\/a>.<\/li>\n<li>Le responsable du traitement des donn\u00e9es selon la GDPR est le repr\u00e9sentant l\u00e9gal de Idealtec S.r.l., qui peut \u00eatre contact\u00e9 \u00e0 l&rsquo;adresse \u00e9lectronique <a href=\"mailto:info@idealtecsrl.com\" target=\"_blank\" rel=\"noopener\">info@idealtecsrl.com<\/a>.<\/li>\n<li>Le traitement des donn\u00e9es a pour but de promouvoir les services et les produits de Idealtec S.r.l. en envoyant sur demande des informations techniques et commerciales sur ces services et produits, ainsi que d&rsquo;organiser des visites et des rencontres au si\u00e8ge de Idealtec S.r.l., \u00e0 Bottanuco (BG &#8211; ITALIE), Via Ginevra n. 6\/8, ou au si\u00e8ge de votre soci\u00e9t\u00e9.<\/li>\n<li>Vos donn\u00e9es ne sont pas stock\u00e9es dans une base de donn\u00e9es interne et ne sont pas communiqu\u00e9es ou transf\u00e9r\u00e9es \u00e0 des tiers.<\/li>\n<li>Le but de la gestion des donn\u00e9es a comme base juridique votre consentement exprim\u00e9 avec le formulaire et la poursuite de l&rsquo;int\u00e9r\u00eat commercial de Idealtec S.r.l. pour la promotion et le d\u00e9veloppement de son activit\u00e9.<\/li>\n<li>La communication de vos donn\u00e9es est facultative et vous avez le droit de ne pas fournir les donn\u00e9es demand\u00e9es, de r\u00e9voquer votre consentement ou de demander l&rsquo;acc\u00e8s \u00e0 vos donn\u00e9es personnelles, leur rectification, leur annulation, leur limitation et l&rsquo;opposition \u00e0 leur traitement, conform\u00e9ment aux articles 15 \u00e0 22 du RGPD, en \u00e9crivant \u00e0:<\/li>\n<\/ol>\n<\/div>\n<div>\n<p>Idealtec S.r.l., Bottanuco (BG \u2013 ITALIA), Via Ginevra n\u00b0 6\/8, ou \u00e0 l\u2019adresse e-mail <a href=\"mailto:info@idealtecsrl.com\" target=\"_blank\" rel=\"noopener\">info@idealtecsrl.com<\/a>.<br \/>\nL&rsquo;exercice de ces droits pourrait affecter la fourniture du service demand\u00e9 en remplissant le formulaire.<\/p>\n<p><strong>B. Politique en mati\u00e8re de cookies<\/strong><\/p>\n<p><strong>1. Qu&rsquo;est-ce qu&rsquo;un cookie et \u00e0 quoi sert-il?<\/strong><\/p>\n<p>Un cookie (\u00e9galement appel\u00e9 t\u00e9moin de connexion) est un fichier qui est t\u00e9l\u00e9charg\u00e9 sur votre PC, tablette, smartphone ou autre terminal (ci-apr\u00e8s, le \u00abdispositif\u00bb) lorsque vous acc\u00e9dez \u00e0 notre site web.<\/p>\n<p>Les cookies nous permettent de stocker et de r\u00e9cup\u00e9rer des informations sur vos habitudes de navigation ou sur le dispositif en g\u00e9n\u00e9ral, de mani\u00e8re anonyme et, en fonction des informations qu&rsquo;ils contiennent, de vous reconna\u00eetre en tant qu&rsquo;utilisateur ou client si vous vous \u00eates d\u00e9j\u00e0 enregistr\u00e9.<\/p>\n<p>Les informations que nous obtenons concernent le nombre de pages que vous visitez, la langue, le lieu \u00e0 partir duquel vous acc\u00e9dez au site, la fr\u00e9quence et la r\u00e9p\u00e9titivit\u00e9 des visites, la dur\u00e9e de la visite, le navigateur et le dispositif.<\/p>\n<p><strong>2. Quels types de cookies sont utilis\u00e9s par Idealtec S.r.l. et dans quel but ?<\/strong><\/p>\n<p>Notre site <a href=\"https:\/\/www.idealtecsrl.com\/fr\/\">www.idealtecsrl.com<\/a> utilise:<\/p>\n<p><strong>a. Des cookies techniques<\/strong> <strong>de navigation ou de session<\/strong>: ils sont strictement n\u00e9cessaires au fonctionnement du site ou pour permettre \u00e0 l&rsquo;utilisateur de profiter des contenus et services qu&rsquo;il demande;<\/p>\n<p><strong>b. Des cookies techniques (de fonctionnalit\u00e9)<\/strong>: ils sont utilis\u00e9s pour activer des fonctions sp\u00e9cifiques du site et une s\u00e9rie de crit\u00e8res s\u00e9lectionn\u00e9s (par exemple la langue) afin d&rsquo;am\u00e9liorer le service fourni;<\/p>\n<p><strong>c. Des cookies techniques (analytiques)<\/strong>: ils permettent de comprendre comment le site est utilis\u00e9 par les utilisateurs.<br \/>\nCes cookies ne recueillent aucune information sur l&rsquo;identit\u00e9 de l&rsquo;utilisateur, ni aucune donn\u00e9e personnelle, et les informations sont trait\u00e9es sous forme agr\u00e9g\u00e9e et anonyme.<br \/>\nEn d\u00e9sactivant les cookies techniques de navigation ou de fonctionnalit\u00e9, le site peut \u00eatre indisponible ou certains services ou fonctions du site peuvent ne pas fonctionner correctement.<\/p>\n<p><strong>d. Des cookies de tiers<\/strong>: ce sont des cookies de sites ou de serveurs web autres que celui de Idealtec S.r.l., utilis\u00e9s \u00e0 des fins sp\u00e9cifiques \u00e0 ces tiers, y compris des cookies de profilage.<\/p>\n<p>Ces tiers sont responsables du traitement des donn\u00e9es collect\u00e9es par le biais de ces cookies.<\/p>\n<p>Par cons\u00e9quent, afin d\u2019\u00eatre inform\u00e9 sur le traitement des donn\u00e9es collect\u00e9es par le biais de ces cookies, l&rsquo;utilisateur doit acc\u00e9der et visualiser les politiques de traitement des donn\u00e9es personnelles de ces tiers, comme indiqu\u00e9 ci-dessous (conform\u00e9ment aux dispositions du Garant italien de la protection des donn\u00e9es personnelles du 8 mai 2014 \u00ab<em>Identification des m\u00e9thodes simplifi\u00e9es d&rsquo;information et d&rsquo;acquisition du consentement pour l&rsquo;utilisation des cookies<\/em>\u00bb):<\/p>\n<\/div>\n<div><a href=\"http:\/\/www.google.it\/intl\/it\/policies\/privacy\/\" target=\"_blank\" rel=\"noopener\">http:\/\/www.google.it\/intl\/it\/policies\/privacy\/<\/a><br \/>\n<a href=\"http:\/\/it-it.facebook.com\/about\/privacy\/cookies\/\" target=\"_blank\" rel=\"noopener\">http:\/\/it-it.facebook.com\/about\/privacy\/cookies\/<\/a><b><\/b><\/div>\n<div><\/div>\n<div><b><br \/>\n3. Comment d\u00e9sactiver les cookies<br \/>\n<\/b>La plupart des navigateurs Internet sont initialement configur\u00e9s pour accepter automatiquement les cookies.<br \/>\nVous pouvez modifier ces param\u00e8tres pour bloquer les cookies ou pour vous avertir que certains cookies sont envoy\u00e9s \u00e0 votre dispositif.<br \/>\nIl existe plusieurs fa\u00e7ons de g\u00e9rer les cookies.<br \/>\nVous pouvez vous r\u00e9f\u00e9rer au manuel d&rsquo;utilisation ou \u00e0 l&rsquo;\u00e9cran d&rsquo;aide de votre navigateur pour savoir comment ajuster ou modifier les param\u00e8tres de votre navigateur:<\/div>\n<div><b><i>Chrome<\/i> <\/b><a href=\"https:\/\/support.google.com\/accounts\/answer\/61416?hl=en\" target=\"_blank\" rel=\"noopener\">https:\/\/support.google.com\/accounts\/answer\/61416?hl=en<\/a><br \/>\n<b><i>Firefox <\/i><\/b><a href=\"https:\/\/support.mozilla.org\/en-US\/kb\/block-websites-storing-cookies-site-data-firefox\" target=\"_blank\" rel=\"noopener\">https:\/\/support.mozilla.org\/en-US\/kb\/block-websites-storing-cookies-site-data-firefox<\/a><br \/>\n<b><i>Internet Explorer\u00a0<\/i><\/b><a href=\"https:\/\/support.microsoft.com\/en-us\/topic\/delete-and-manage-cookies-168dab11-0753-043d-7c16-ede5947fc64d\" target=\"_blank\" rel=\"noopener\">https:\/\/support.microsoft.com\/en-us\/topic\/delete-and-manage-cookies-168dab11-0753-043d-7c16-ede5947fc64d<\/a><br \/>\n<b><i>Opera\u00a0<\/i><\/b><a href=\"https:\/\/help.opera.com\/en\/latest\/web-preferences\/#cookies\" target=\"_blank\" rel=\"noopener\">https:\/\/help.opera.com\/en\/latest\/web-preferences\/#cookies<\/a><br \/>\n<b><i>Safari<\/i><\/b> <a href=\"https:\/\/support.apple.com\/en-en\/guide\/safari\/sfri11471\/mac\/\" target=\"_blank\" rel=\"noopener\">https:\/\/support.apple.com\/en-en\/guide\/safari\/sfri11471\/mac\/<\/a><\/div>\n<div><\/div>\n<div>Si vous utilisez diff\u00e9rents dispositifs (par exemple, ordinateurs, smartphones, tablettes, etc.), vous devez vous assurer que chaque navigateur de chaque appareil est r\u00e9gl\u00e9 de mani\u00e8re \u00e0 refl\u00e9ter vos pr\u00e9f\u00e9rences en mati\u00e8re de cookies.<\/div>\n<\/div><\/section><\/div><\/p>\n","protected":false},"excerpt":{"rendered":"","protected":false},"author":6,"featured_media":0,"parent":0,"menu_order":0,"comment_status":"closed","ping_status":"closed","template":"","meta":{"_monsterinsights_skip_tracking":false,"_monsterinsights_sitenote_active":false,"_monsterinsights_sitenote_note":"","_monsterinsights_sitenote_category":0,"footnotes":""},"_links":{"self":[{"href":"https:\/\/www.idealtecsrl.com\/fr\/wp-json\/wp\/v2\/pages\/8167"}],"collection":[{"href":"https:\/\/www.idealtecsrl.com\/fr\/wp-json\/wp\/v2\/pages"}],"about":[{"href":"https:\/\/www.idealtecsrl.com\/fr\/wp-json\/wp\/v2\/types\/page"}],"author":[{"embeddable":true,"href":"https:\/\/www.idealtecsrl.com\/fr\/wp-json\/wp\/v2\/users\/6"}],"replies":[{"embeddable":true,"href":"https:\/\/www.idealtecsrl.com\/fr\/wp-json\/wp\/v2\/comments?post=8167"}],"version-history":[{"count":7,"href":"https:\/\/www.idealtecsrl.com\/fr\/wp-json\/wp\/v2\/pages\/8167\/revisions"}],"predecessor-version":[{"id":17806,"href":"https:\/\/www.idealtecsrl.com\/fr\/wp-json\/wp\/v2\/pages\/8167\/revisions\/17806"}],"wp:attachment":[{"href":"https:\/\/www.idealtecsrl.com\/fr\/wp-json\/wp\/v2\/media?parent=8167"}],"curies":[{"name":"wp","href":"https:\/\/api.w.org\/{rel}","templated":true}]}}