{"id":15050,"date":"2024-07-15T18:11:24","date_gmt":"2024-07-15T16:11:24","guid":{"rendered":"https:\/\/www.idealtecsrl.com\/armazenar\/"},"modified":"2024-11-30T15:58:25","modified_gmt":"2024-11-30T14:58:25","slug":"armazenar","status":"publish","type":"page","link":"https:\/\/www.idealtecsrl.com\/pt-br\/armazenar\/","title":{"rendered":"Armazenar"},"content":{"rendered":"<div id='full_slider_1'  class='avia-fullwidth-slider main_color avia-shadow   avia-builder-el-0  el_before_av_section  avia-builder-el-first   container_wrap fullsize'  >\n<style type=\"text\/css\" data-created_by=\"avia_inline_auto\" id=\"style-css-av-lymv1875-d3e4b5ee450fb48730f4e50ee8726aae\">\n#top #wrap_all .avia-slideshow .av-slideshow-caption.av-lymv1875-d3e4b5ee450fb48730f4e50ee8726aae__0 .avia-caption-title{\ncolor:#ffffff;\n}\n#top .avia-slideshow .av-slideshow-caption.av-lymv1875-d3e4b5ee450fb48730f4e50ee8726aae__0 .avia-caption-content{\ncolor:#ffffff;\n}\n<\/style>\n<div  class='avia-slideshow av-lymv1875-d3e4b5ee450fb48730f4e50ee8726aae avia-slideshow-featured av_slideshow_full avia-fade-slider av-slideshow-ui av-control-hidden av-no-slider-navigation av-hide-nav-arrows av-slideshow-autoplay av-loop-endless av-loop-manual-endless av-default-height-applied   avia-slideshow-1' data-slideshow-options=\"{&quot;animation&quot;:&quot;fade&quot;,&quot;autoplay&quot;:true,&quot;loop_autoplay&quot;:&quot;endless&quot;,&quot;interval&quot;:3,&quot;loop_manual&quot;:&quot;manual-endless&quot;,&quot;autoplay_stopper&quot;:false,&quot;noNavigation&quot;:true,&quot;bg_slider&quot;:false,&quot;transitionSpeed&quot;:800,&quot;keep_padding&quot;:false,&quot;hoverpause&quot;:false,&quot;show_slide_delay&quot;:0}\"  itemprop=\"image\" itemscope=\"itemscope\" itemtype=\"https:\/\/schema.org\/ImageObject\" ><ul class='avia-slideshow-inner ' style='padding-bottom: 28.666666666667%;'><li  class='avia-slideshow-slide av-lymv1875-d3e4b5ee450fb48730f4e50ee8726aae__0  slide-1 slide-odd'><div data-rel='slideshow-1' class='avia-slide-wrap '   ><img decoding=\"async\" fetchpriority=\"high\" class=\"wp-image-15267 avia-img-lazy-loading-not-15267\"  src=\"https:\/\/www.idealtecsrl.com\/wp-content\/uploads\/2024\/07\/visore-ci-presentiamo-1.jpg\" width=\"1500\" height=\"430\" title='visore-ci-presentiamo-1' alt=''  itemprop=\"thumbnailUrl\"  style='min-height:400px; min-width:1396px; ' srcset=\"https:\/\/www.idealtecsrl.com\/wp-content\/uploads\/2024\/07\/visore-ci-presentiamo-1.jpg 1500w, https:\/\/www.idealtecsrl.com\/wp-content\/uploads\/2024\/07\/visore-ci-presentiamo-1-300x86.jpg 300w, https:\/\/www.idealtecsrl.com\/wp-content\/uploads\/2024\/07\/visore-ci-presentiamo-1-1030x295.jpg 1030w, https:\/\/www.idealtecsrl.com\/wp-content\/uploads\/2024\/07\/visore-ci-presentiamo-1-768x220.jpg 768w, https:\/\/www.idealtecsrl.com\/wp-content\/uploads\/2024\/07\/visore-ci-presentiamo-1-705x202.jpg 705w\" sizes=\"(max-width: 1500px) 100vw, 1500px\" \/><div class='av-section-color-overlay' style='opacity: 0.6; background-color: #18417e; '><\/div><\/div><\/li><li  class='avia-slideshow-slide av-lymv1875-d3e4b5ee450fb48730f4e50ee8726aae__1  slide-2 slide-even'><div data-rel='slideshow-1' class='avia-slide-wrap '   ><img decoding=\"async\" fetchpriority=\"high\" class=\"wp-image-15274 avia-img-lazy-loading-not-15274\"  src=\"https:\/\/www.idealtecsrl.com\/wp-content\/uploads\/2024\/07\/visore-ci-presentiamo-2.jpg\" width=\"1500\" height=\"430\" title='visore-ci-presentiamo-2' alt=''  itemprop=\"thumbnailUrl\"  style='min-height:400px; min-width:1396px; ' srcset=\"https:\/\/www.idealtecsrl.com\/wp-content\/uploads\/2024\/07\/visore-ci-presentiamo-2.jpg 1500w, https:\/\/www.idealtecsrl.com\/wp-content\/uploads\/2024\/07\/visore-ci-presentiamo-2-300x86.jpg 300w, https:\/\/www.idealtecsrl.com\/wp-content\/uploads\/2024\/07\/visore-ci-presentiamo-2-1030x295.jpg 1030w, https:\/\/www.idealtecsrl.com\/wp-content\/uploads\/2024\/07\/visore-ci-presentiamo-2-768x220.jpg 768w, https:\/\/www.idealtecsrl.com\/wp-content\/uploads\/2024\/07\/visore-ci-presentiamo-2-705x202.jpg 705w\" sizes=\"(max-width: 1500px) 100vw, 1500px\" \/><div class='av-section-color-overlay' style='opacity: 0.6; background-color: #18417e; '><\/div><\/div><\/li><li  class='avia-slideshow-slide av-lymv1875-d3e4b5ee450fb48730f4e50ee8726aae__2  slide-3 slide-odd'><div data-rel='slideshow-1' class='avia-slide-wrap '   ><img decoding=\"async\" fetchpriority=\"high\" class=\"wp-image-15281 avia-img-lazy-loading-not-15281\"  src=\"https:\/\/www.idealtecsrl.com\/wp-content\/uploads\/2024\/07\/visore-ci-presentiamo-3.jpg\" width=\"1500\" height=\"430\" title='visore-ci-presentiamo-3' alt=''  itemprop=\"thumbnailUrl\"  style='min-height:400px; min-width:1396px; ' srcset=\"https:\/\/www.idealtecsrl.com\/wp-content\/uploads\/2024\/07\/visore-ci-presentiamo-3.jpg 1500w, https:\/\/www.idealtecsrl.com\/wp-content\/uploads\/2024\/07\/visore-ci-presentiamo-3-300x86.jpg 300w, https:\/\/www.idealtecsrl.com\/wp-content\/uploads\/2024\/07\/visore-ci-presentiamo-3-1030x295.jpg 1030w, https:\/\/www.idealtecsrl.com\/wp-content\/uploads\/2024\/07\/visore-ci-presentiamo-3-768x220.jpg 768w, https:\/\/www.idealtecsrl.com\/wp-content\/uploads\/2024\/07\/visore-ci-presentiamo-3-705x202.jpg 705w\" sizes=\"(max-width: 1500px) 100vw, 1500px\" \/><div class='av-section-color-overlay' style='opacity: 0.6; background-color: #18417e; '><\/div><\/div><\/li><li  class='avia-slideshow-slide av-lymv1875-d3e4b5ee450fb48730f4e50ee8726aae__3  slide-4 slide-even'><div data-rel='slideshow-1' class='avia-slide-wrap '   ><img decoding=\"async\" fetchpriority=\"high\" class=\"wp-image-15288 avia-img-lazy-loading-not-15288\"  src=\"https:\/\/www.idealtecsrl.com\/wp-content\/uploads\/2024\/07\/visore-ci-presentiamo-4.jpg\" width=\"1500\" height=\"430\" title='visore-ci-presentiamo-4' alt=''  itemprop=\"thumbnailUrl\"  style='min-height:400px; min-width:1396px; ' srcset=\"https:\/\/www.idealtecsrl.com\/wp-content\/uploads\/2024\/07\/visore-ci-presentiamo-4.jpg 1500w, https:\/\/www.idealtecsrl.com\/wp-content\/uploads\/2024\/07\/visore-ci-presentiamo-4-300x86.jpg 300w, https:\/\/www.idealtecsrl.com\/wp-content\/uploads\/2024\/07\/visore-ci-presentiamo-4-1030x295.jpg 1030w, https:\/\/www.idealtecsrl.com\/wp-content\/uploads\/2024\/07\/visore-ci-presentiamo-4-768x220.jpg 768w, https:\/\/www.idealtecsrl.com\/wp-content\/uploads\/2024\/07\/visore-ci-presentiamo-4-705x202.jpg 705w\" sizes=\"(max-width: 1500px) 100vw, 1500px\" \/><div class='av-section-color-overlay' style='opacity: 0.6; background-color: #18417e; '><\/div><\/div><\/li><li  class='avia-slideshow-slide av-lymv1875-d3e4b5ee450fb48730f4e50ee8726aae__4  slide-5 slide-odd'><div data-rel='slideshow-1' class='avia-slide-wrap '   ><img decoding=\"async\" fetchpriority=\"high\" class=\"wp-image-15295 avia-img-lazy-loading-not-15295\"  src=\"https:\/\/www.idealtecsrl.com\/wp-content\/uploads\/2024\/07\/visore-ci-presentiamo-5.jpg\" width=\"1500\" height=\"430\" title='visore-ci-presentiamo-5' alt=''  itemprop=\"thumbnailUrl\"  style='min-height:400px; min-width:1396px; ' srcset=\"https:\/\/www.idealtecsrl.com\/wp-content\/uploads\/2024\/07\/visore-ci-presentiamo-5.jpg 1500w, https:\/\/www.idealtecsrl.com\/wp-content\/uploads\/2024\/07\/visore-ci-presentiamo-5-300x86.jpg 300w, https:\/\/www.idealtecsrl.com\/wp-content\/uploads\/2024\/07\/visore-ci-presentiamo-5-1030x295.jpg 1030w, https:\/\/www.idealtecsrl.com\/wp-content\/uploads\/2024\/07\/visore-ci-presentiamo-5-768x220.jpg 768w, https:\/\/www.idealtecsrl.com\/wp-content\/uploads\/2024\/07\/visore-ci-presentiamo-5-705x202.jpg 705w\" sizes=\"(max-width: 1500px) 100vw, 1500px\" \/><div class='av-section-color-overlay' style='opacity: 0.6; background-color: #18417e; '><\/div><\/div><\/li><\/ul><div class='avia-slideshow-arrows avia-slideshow-controls' ><a href='#prev' class='prev-slide ' aria-hidden='true' data-av_icon='\ue87c' data-av_iconfont='entypo-fontello'  tabindex='-1'>Anterior<\/a><a href='#next' class='next-slide ' aria-hidden='true' data-av_icon='\ue87d' data-av_iconfont='entypo-fontello'  tabindex='-1'>Pr\u00f3ximo<\/a><\/div><div class='av-slideshow-caption av-lymv1875-d3e4b5ee450fb48730f4e50ee8726aae__0 caption_fullwidth caption_center'><div class=\"container caption_container\"><div class=\"slideshow_caption\"><div class=\"slideshow_inner_caption\"><div class=\"slideshow_align_caption\"><h1 class='avia-caption-title '  itemprop=\"name\" >Armazenar<\/h1><\/div><\/div><\/div><\/div><\/div><\/div><\/div>\n<div id='av_section_1'  class='avia-section av-lymvbdqk-92bc5df156263c9929b61a060c69639c main_color avia-section-huge avia-no-border-styling  avia-builder-el-1  el_after_av_slideshow_full  el_before_av_section  avia-bg-style-scroll container_wrap fullsize'  ><div class='container av-section-cont-open' ><div class='template-page content  av-content-full alpha units'><div class='post-entry post-entry-type-page post-entry-15050'><div class='entry-content-wrapper clearfix'>\n<div  class='flex_column av-61fl2-7b760cbe1a0e9dede7aa2b157e521ca1 av_one_full  avia-builder-el-2  el_before_av_one_half  avia-builder-el-first  first flex_column_div  '     ><section  class='av_textblock_section av-lymv1q49-e36fe04c404b5ff15a2f80bff676a9bc '   itemscope=\"itemscope\" itemtype=\"https:\/\/schema.org\/CreativeWork\" ><div class='avia_textblock'  itemprop=\"text\" ><p><span>Para o armazenamento de p\u00f3s e granulados oferecemos\u00a0\u00a0<\/span><strong><span>silos<\/span><\/strong><span>\u00a0,\u00a0\u00a0<\/span><strong><span>moegas<\/span><\/strong><span>\u00a0,\u00a0\u00a0<\/span><strong><span>cabines de corte de sacos<\/span><\/strong><span>\u00a0,\u00a0\u00a0<\/span><strong><span>esta\u00e7\u00f5es de esvaziamento e esta\u00e7\u00f5es de enchimento de FIBC<\/span><\/strong><span>\u00a0, cuja forma e constru\u00e7\u00e3o s\u00e3o determinadas pela fun\u00e7\u00e3o que desempenham e pela necessidade de facilitar as opera\u00e7\u00f5es de enchimento e descarga do material.<\/span><\/p>\n<\/div><\/section><\/div>\n<style type=\"text\/css\" data-created_by=\"avia_inline_auto\" id=\"style-css-av-3ipue-ff35bdd3fec5f21c7d1b653b0e16f633\">\n.flex_column.av-3ipue-ff35bdd3fec5f21c7d1b653b0e16f633{\nwidth:48.5%;\npadding:0 0 0 0;\n}\n<\/style>\n<div  class='flex_column av-3ipue-ff35bdd3fec5f21c7d1b653b0e16f633 av_one_half  avia-builder-el-4  el_after_av_one_full  el_before_av_one_half  first flex_column_div av-zero-column-padding  column-top-margin'     ><style type=\"text\/css\" data-created_by=\"avia_inline_auto\" id=\"style-css-av-2xjkq-be7f134c72d273d8a0e4a2e27626db4b\">\n.avia-image-container.av-2xjkq-be7f134c72d273d8a0e4a2e27626db4b img.avia_image{\nbox-shadow:none;\n}\n.avia-image-container.av-2xjkq-be7f134c72d273d8a0e4a2e27626db4b .av-caption-image-overlay-bg{\nopacity:0.6;\nbackground-color:#18407e;\n}\n.avia-image-container.av-2xjkq-be7f134c72d273d8a0e4a2e27626db4b .av-image-caption-overlay-center{\ncolor:#ffffff;\n}\n<\/style>\n<div  class='avia-image-container av-2xjkq-be7f134c72d273d8a0e4a2e27626db4b av-styling- av-hover-grow av-img-linked avia-align-right  avia-builder-el-5  avia-builder-el-no-sibling  noHover av-overlay-hover-deactivate'   itemprop=\"image\" itemscope=\"itemscope\" itemtype=\"https:\/\/schema.org\/ImageObject\" ><div class=\"avia-image-container-inner\"><div class=\"avia-image-overlay-wrap\"><a href=\"https:\/\/www.idealtecsrl.com\/pt-br\/armazenar\/siles\/\" class='avia_image '  aria-label='stoccaggio-sili'><div class=\"av-image-caption-overlay\"><div class=\"av-caption-image-overlay-bg\"><\/div><div class=\"av-image-caption-overlay-position\"><div class=\"av-image-caption-overlay-center\"><p>SILES<\/p>\n<\/div><\/div><\/div><img decoding=\"async\" fetchpriority=\"high\" class='wp-image-15393 avia-img-lazy-loading-not-15393 avia_image ' src=\"https:\/\/www.idealtecsrl.com\/wp-content\/uploads\/2024\/07\/stoccaggio-sili.jpg\" alt='' title='stoccaggio-sili'  height=\"400\" width=\"495\"  itemprop=\"thumbnailUrl\" srcset=\"https:\/\/www.idealtecsrl.com\/wp-content\/uploads\/2024\/07\/stoccaggio-sili.jpg 495w, https:\/\/www.idealtecsrl.com\/wp-content\/uploads\/2024\/07\/stoccaggio-sili-300x242.jpg 300w\" sizes=\"(max-width: 495px) 100vw, 495px\" \/><\/a><\/div><\/div><\/div><\/div>\n<style type=\"text\/css\" data-created_by=\"avia_inline_auto\" id=\"style-css-av-7vde-4967272c136afdb7489b7018c14ca7b1\">\n.flex_column.av-7vde-4967272c136afdb7489b7018c14ca7b1{\nwidth:48.5%;\nmargin-left:3%;\npadding:0 0 0 0;\n}\n<\/style>\n<div  class='flex_column av-7vde-4967272c136afdb7489b7018c14ca7b1 av_one_half  avia-builder-el-6  el_after_av_one_half  el_before_av_one_half  flex_column_div av-zero-column-padding  column-top-margin'     ><style type=\"text\/css\" data-created_by=\"avia_inline_auto\" id=\"style-css-av-lymw0uo3-447acd87b6ab0608898e5bbc9351e709\">\n.avia-image-container.av-lymw0uo3-447acd87b6ab0608898e5bbc9351e709 img.avia_image{\nbox-shadow:none;\n}\n.avia-image-container.av-lymw0uo3-447acd87b6ab0608898e5bbc9351e709 .av-caption-image-overlay-bg{\nopacity:0.6;\nbackground-color:#18407e;\n}\n.avia-image-container.av-lymw0uo3-447acd87b6ab0608898e5bbc9351e709 .av-image-caption-overlay-center{\ncolor:#ffffff;\n}\n<\/style>\n<div  class='avia-image-container av-lymw0uo3-447acd87b6ab0608898e5bbc9351e709 av-styling- av-hover-grow av-img-linked avia-align-left  avia-builder-el-7  avia-builder-el-no-sibling  noHover av-overlay-hover-deactivate'   itemprop=\"image\" itemscope=\"itemscope\" itemtype=\"https:\/\/schema.org\/ImageObject\" ><div class=\"avia-image-container-inner\"><div class=\"avia-image-overlay-wrap\"><a href=\"https:\/\/www.idealtecsrl.com\/pt-br\/armazenar\/cabines-de-corte-de-sacos\/\" class='avia_image '  aria-label='stoccaggio-cabine-taglia-sacchi'><div class=\"av-image-caption-overlay\"><div class=\"av-caption-image-overlay-bg\"><\/div><div class=\"av-image-caption-overlay-position\"><div class=\"av-image-caption-overlay-center\"><p>CABINES DE CORTE DE SACOS<\/p>\n<\/div><\/div><\/div><img decoding=\"async\" fetchpriority=\"high\" class='wp-image-15400 avia-img-lazy-loading-not-15400 avia_image ' src=\"https:\/\/www.idealtecsrl.com\/wp-content\/uploads\/2024\/07\/stoccaggio-cabine-taglia-sacchi.jpg\" alt='' title='stoccaggio-cabine-taglia-sacchi'  height=\"400\" width=\"495\"  itemprop=\"thumbnailUrl\" srcset=\"https:\/\/www.idealtecsrl.com\/wp-content\/uploads\/2024\/07\/stoccaggio-cabine-taglia-sacchi.jpg 495w, https:\/\/www.idealtecsrl.com\/wp-content\/uploads\/2024\/07\/stoccaggio-cabine-taglia-sacchi-300x242.jpg 300w\" sizes=\"(max-width: 495px) 100vw, 495px\" \/><\/a><\/div><\/div><\/div><\/div>\n<style type=\"text\/css\" data-created_by=\"avia_inline_auto\" id=\"style-css-av-1cbme-870bb1007a06ae17400103fa94f117af\">\n.flex_column.av-1cbme-870bb1007a06ae17400103fa94f117af{\nwidth:48.5%;\npadding:0 0 0 0;\n}\n<\/style>\n<div  class='flex_column av-1cbme-870bb1007a06ae17400103fa94f117af av_one_half  avia-builder-el-8  el_after_av_one_half  el_before_av_one_half  first flex_column_div av-zero-column-padding  column-top-margin'     ><style type=\"text\/css\" data-created_by=\"avia_inline_auto\" id=\"style-css-av-227ke-f18fa7118b297c931bc8bfcb49eb88a7\">\n.avia-image-container.av-227ke-f18fa7118b297c931bc8bfcb49eb88a7 img.avia_image{\nbox-shadow:none;\n}\n.avia-image-container.av-227ke-f18fa7118b297c931bc8bfcb49eb88a7 .av-caption-image-overlay-bg{\nopacity:0.6;\nbackground-color:#18407e;\n}\n.avia-image-container.av-227ke-f18fa7118b297c931bc8bfcb49eb88a7 .av-image-caption-overlay-center{\ncolor:#ffffff;\n}\n<\/style>\n<div  class='avia-image-container av-227ke-f18fa7118b297c931bc8bfcb49eb88a7 av-styling- av-hover-grow av-img-linked avia-align-right  avia-builder-el-9  avia-builder-el-no-sibling  noHover av-overlay-hover-deactivate'   itemprop=\"image\" itemscope=\"itemscope\" itemtype=\"https:\/\/schema.org\/ImageObject\" ><div class=\"avia-image-container-inner\"><div class=\"avia-image-overlay-wrap\"><a href=\"https:\/\/www.idealtecsrl.com\/pt-br\/armazenar\/funilas\/\" class='avia_image '  aria-label='stoccaggio-tramogge'><div class=\"av-image-caption-overlay\"><div class=\"av-caption-image-overlay-bg\"><\/div><div class=\"av-image-caption-overlay-position\"><div class=\"av-image-caption-overlay-center\"><p>FUNILAS<\/p>\n<\/div><\/div><\/div><img decoding=\"async\" fetchpriority=\"high\" class='wp-image-15407 avia-img-lazy-loading-not-15407 avia_image ' src=\"https:\/\/www.idealtecsrl.com\/wp-content\/uploads\/2024\/07\/stoccaggio-tramogge.jpg\" alt='' title='stoccaggio-tramogge'  height=\"400\" width=\"495\"  itemprop=\"thumbnailUrl\" srcset=\"https:\/\/www.idealtecsrl.com\/wp-content\/uploads\/2024\/07\/stoccaggio-tramogge.jpg 495w, https:\/\/www.idealtecsrl.com\/wp-content\/uploads\/2024\/07\/stoccaggio-tramogge-300x242.jpg 300w\" sizes=\"(max-width: 495px) 100vw, 495px\" \/><\/a><\/div><\/div><\/div><\/div>\n<style type=\"text\/css\" data-created_by=\"avia_inline_auto\" id=\"style-css-av-sfkm-6331fc4330846dccacaf44baa603dbe8\">\n.flex_column.av-sfkm-6331fc4330846dccacaf44baa603dbe8{\nwidth:48.5%;\nmargin-left:3%;\npadding:0 0 0 0;\n}\n<\/style>\n<div  class='flex_column av-sfkm-6331fc4330846dccacaf44baa603dbe8 av_one_half  avia-builder-el-10  el_after_av_one_half  avia-builder-el-last  flex_column_div av-zero-column-padding  column-top-margin'     ><style type=\"text\/css\" data-created_by=\"avia_inline_auto\" id=\"style-css-av-xqe2-322d4ab9c64a0ef9e68675065afc45b4\">\n.avia-image-container.av-xqe2-322d4ab9c64a0ef9e68675065afc45b4 img.avia_image{\nbox-shadow:none;\n}\n.avia-image-container.av-xqe2-322d4ab9c64a0ef9e68675065afc45b4 .av-caption-image-overlay-bg{\nopacity:0.6;\nbackground-color:#18407e;\n}\n.avia-image-container.av-xqe2-322d4ab9c64a0ef9e68675065afc45b4 .av-image-caption-overlay-center{\ncolor:#ffffff;\n}\n<\/style>\n<div  class='avia-image-container av-xqe2-322d4ab9c64a0ef9e68675065afc45b4 av-styling- av-hover-grow av-img-linked avia-align-left  avia-builder-el-11  avia-builder-el-no-sibling  noHover av-overlay-hover-deactivate'   itemprop=\"image\" itemscope=\"itemscope\" itemtype=\"https:\/\/schema.org\/ImageObject\" ><div class=\"avia-image-container-inner\"><div class=\"avia-image-overlay-wrap\"><a href=\"https:\/\/www.idealtecsrl.com\/pt-br\/armazenar\/esvaziar-e-encher-estacoes-fibc\/\" class='avia_image '  aria-label='stoccaggio-stazioni-FIBC'><div class=\"av-image-caption-overlay\"><div class=\"av-caption-image-overlay-bg\"><\/div><div class=\"av-image-caption-overlay-position\"><div class=\"av-image-caption-overlay-center\"><p>ESVAZIAR E ENCHER ESTA\u00c7\u00d5ES FIBC<\/p>\n<\/div><\/div><\/div><img decoding=\"async\" fetchpriority=\"high\" class='wp-image-15414 avia-img-lazy-loading-not-15414 avia_image ' src=\"https:\/\/www.idealtecsrl.com\/wp-content\/uploads\/2024\/07\/stoccaggio-stazioni-FIBC.jpg\" alt='' title='stoccaggio-stazioni-FIBC'  height=\"400\" width=\"495\"  itemprop=\"thumbnailUrl\" srcset=\"https:\/\/www.idealtecsrl.com\/wp-content\/uploads\/2024\/07\/stoccaggio-stazioni-FIBC.jpg 495w, https:\/\/www.idealtecsrl.com\/wp-content\/uploads\/2024\/07\/stoccaggio-stazioni-FIBC-300x242.jpg 300w\" sizes=\"(max-width: 495px) 100vw, 495px\" \/><\/a><\/div><\/div><\/div><\/div><\/div><\/div><\/div><!-- close content main div --><\/div><\/div>\n<style type=\"text\/css\" data-created_by=\"avia_inline_auto\" id=\"style-css-av-2hch2-f3dc5cdc67a184cde703fcd6a0c3df2b\">\n.avia-section.av-2hch2-f3dc5cdc67a184cde703fcd6a0c3df2b{\nbackground-color:#eceff1;\nbackground-image:unset;\n}\n<\/style>\n<div id='av_section_2'  class='avia-section av-2hch2-f3dc5cdc67a184cde703fcd6a0c3df2b main_color avia-section-huge avia-no-border-styling  avia-builder-el-12  el_after_av_section  avia-builder-el-last  avia-bg-style-scroll container_wrap fullsize'  ><div class='container av-section-cont-open' ><div class='template-page content  av-content-full alpha units'><div class='post-entry post-entry-type-page post-entry-15050'><div class='entry-content-wrapper clearfix'>\n<div  class='flex_column av-7bdy-226eae9ea478f9ca463fce3c4ead8ca4 av_one_full  avia-builder-el-13  avia-builder-el-no-sibling  first flex_column_div  '     ><p>\n<style type=\"text\/css\" data-created_by=\"avia_inline_auto\" id=\"style-css-av-1bbqq-52e00baabce1f39277b61fbe5ae61a9a\">\n#top .av-special-heading.av-1bbqq-52e00baabce1f39277b61fbe5ae61a9a{\npadding-bottom:10px;\n}\nbody .av-special-heading.av-1bbqq-52e00baabce1f39277b61fbe5ae61a9a .av-special-heading-tag .heading-char{\nfont-size:25px;\n}\n.av-special-heading.av-1bbqq-52e00baabce1f39277b61fbe5ae61a9a .av-subheading{\nfont-size:15px;\n}\n<\/style>\n<div  class='av-special-heading av-1bbqq-52e00baabce1f39277b61fbe5ae61a9a av-special-heading-h2 blockquote modern-quote modern-centered  avia-builder-el-14  el_before_av_textblock  avia-builder-el-first '><h2 class='av-special-heading-tag'  itemprop=\"headline\"  >AUX\u00cdLIO ESTATAL E DE MINIMIS<\/h2><div class=\"special-heading-border\"><div class=\"special-heading-inner-border\"><\/div><\/div><\/div><br \/>\n<section  class='av_textblock_section av-15rwa-49cbcb408ab12ce060219d726b64957b '   itemscope=\"itemscope\" itemtype=\"https:\/\/schema.org\/CreativeWork\" ><div class='avia_textblock'  itemprop=\"text\" ><p style=\"text-align: center;\"><strong>Obriga\u00e7\u00f5es de informa\u00e7\u00e3o para subven\u00e7\u00f5es p\u00fablicas.<\/strong><br \/>\nOs aux\u00edlios estatais e os aux\u00edlios de minimis recebidos pela nossa empresa constam do Registo Nacional de Aux\u00edlios Estatais referido no art. 52.\u00ba da Lei 234\/2012 a que se faz refer\u00eancia e que pode ser consultado no seguinte link:\u00a0<a role=\"link\" href=\"https:\/\/www.rna.gov.it\/trasparenza\" target=\"_blank\" rel=\"noopener\">Saber mais&gt;&gt;<\/a><\/p>\n<\/div><\/section><\/p><\/div>\n<\/p>\n","protected":false},"excerpt":{"rendered":"","protected":false},"author":6,"featured_media":0,"parent":0,"menu_order":0,"comment_status":"closed","ping_status":"closed","template":"","meta":{"_monsterinsights_skip_tracking":false,"_monsterinsights_sitenote_active":false,"_monsterinsights_sitenote_note":"","_monsterinsights_sitenote_category":0,"footnotes":""},"_links":{"self":[{"href":"https:\/\/www.idealtecsrl.com\/pt-br\/wp-json\/wp\/v2\/pages\/15050"}],"collection":[{"href":"https:\/\/www.idealtecsrl.com\/pt-br\/wp-json\/wp\/v2\/pages"}],"about":[{"href":"https:\/\/www.idealtecsrl.com\/pt-br\/wp-json\/wp\/v2\/types\/page"}],"author":[{"embeddable":true,"href":"https:\/\/www.idealtecsrl.com\/pt-br\/wp-json\/wp\/v2\/users\/6"}],"replies":[{"embeddable":true,"href":"https:\/\/www.idealtecsrl.com\/pt-br\/wp-json\/wp\/v2\/comments?post=15050"}],"version-history":[{"count":20,"href":"https:\/\/www.idealtecsrl.com\/pt-br\/wp-json\/wp\/v2\/pages\/15050\/revisions"}],"predecessor-version":[{"id":17834,"href":"https:\/\/www.idealtecsrl.com\/pt-br\/wp-json\/wp\/v2\/pages\/15050\/revisions\/17834"}],"wp:attachment":[{"href":"https:\/\/www.idealtecsrl.com\/pt-br\/wp-json\/wp\/v2\/media?parent=15050"}],"curies":[{"name":"wp","href":"https:\/\/api.w.org\/{rel}","templated":true}]}}