{"id":15075,"date":"2024-07-15T18:34:32","date_gmt":"2024-07-15T16:34:32","guid":{"rendered":"https:\/\/www.idealtecsrl.com\/transporte\/"},"modified":"2024-11-30T16:02:49","modified_gmt":"2024-11-30T15:02:49","slug":"transporte","status":"publish","type":"page","link":"https:\/\/www.idealtecsrl.com\/pt-br\/transporte\/","title":{"rendered":"Transporte"},"content":{"rendered":"<div id='full_slider_1'  class='avia-fullwidth-slider main_color avia-shadow   avia-builder-el-0  el_before_av_section  avia-builder-el-first   container_wrap fullsize'  >\n<style type=\"text\/css\" data-created_by=\"avia_inline_auto\" id=\"style-css-av-lyn5h9en-876dedbd069d5d4e56a17e391f8fbd33\">\n#top #wrap_all .avia-slideshow .av-slideshow-caption.av-lyn5h9en-876dedbd069d5d4e56a17e391f8fbd33__0 .avia-caption-title{\ncolor:#ffffff;\n}\n#top .avia-slideshow .av-slideshow-caption.av-lyn5h9en-876dedbd069d5d4e56a17e391f8fbd33__0 .avia-caption-content{\ncolor:#ffffff;\n}\n<\/style>\n<div  class='avia-slideshow av-lyn5h9en-876dedbd069d5d4e56a17e391f8fbd33 avia-slideshow-featured av_slideshow_full avia-fade-slider av-slideshow-ui av-control-hidden av-no-slider-navigation av-hide-nav-arrows av-slideshow-autoplay av-loop-endless av-loop-manual-endless av-default-height-applied   avia-slideshow-1' data-slideshow-options=\"{&quot;animation&quot;:&quot;fade&quot;,&quot;autoplay&quot;:true,&quot;loop_autoplay&quot;:&quot;endless&quot;,&quot;interval&quot;:3,&quot;loop_manual&quot;:&quot;manual-endless&quot;,&quot;autoplay_stopper&quot;:false,&quot;noNavigation&quot;:true,&quot;bg_slider&quot;:false,&quot;transitionSpeed&quot;:800,&quot;keep_padding&quot;:false,&quot;hoverpause&quot;:false,&quot;show_slide_delay&quot;:0}\"  itemprop=\"image\" itemscope=\"itemscope\" itemtype=\"https:\/\/schema.org\/ImageObject\" ><ul class='avia-slideshow-inner ' style='padding-bottom: 28.666666666667%;'><li  class='avia-slideshow-slide av-lyn5h9en-876dedbd069d5d4e56a17e391f8fbd33__0  slide-1 slide-odd'><div data-rel='slideshow-1' class='avia-slide-wrap '   ><img decoding=\"async\" fetchpriority=\"high\" class=\"wp-image-15267 avia-img-lazy-loading-not-15267\"  src=\"https:\/\/www.idealtecsrl.com\/wp-content\/uploads\/2024\/07\/visore-ci-presentiamo-1.jpg\" width=\"1500\" height=\"430\" title='visore-ci-presentiamo-1' alt=''  itemprop=\"thumbnailUrl\"  style='min-height:400px; min-width:1396px; ' srcset=\"https:\/\/www.idealtecsrl.com\/wp-content\/uploads\/2024\/07\/visore-ci-presentiamo-1.jpg 1500w, https:\/\/www.idealtecsrl.com\/wp-content\/uploads\/2024\/07\/visore-ci-presentiamo-1-300x86.jpg 300w, https:\/\/www.idealtecsrl.com\/wp-content\/uploads\/2024\/07\/visore-ci-presentiamo-1-1030x295.jpg 1030w, https:\/\/www.idealtecsrl.com\/wp-content\/uploads\/2024\/07\/visore-ci-presentiamo-1-768x220.jpg 768w, https:\/\/www.idealtecsrl.com\/wp-content\/uploads\/2024\/07\/visore-ci-presentiamo-1-705x202.jpg 705w\" sizes=\"(max-width: 1500px) 100vw, 1500px\" \/><div class='av-section-color-overlay' style='opacity: 0.6; background-color: #18417e; '><\/div><\/div><\/li><li  class='avia-slideshow-slide av-lyn5h9en-876dedbd069d5d4e56a17e391f8fbd33__1  slide-2 slide-even'><div data-rel='slideshow-1' class='avia-slide-wrap '   ><img decoding=\"async\" fetchpriority=\"high\" class=\"wp-image-15274 avia-img-lazy-loading-not-15274\"  src=\"https:\/\/www.idealtecsrl.com\/wp-content\/uploads\/2024\/07\/visore-ci-presentiamo-2.jpg\" width=\"1500\" height=\"430\" title='visore-ci-presentiamo-2' alt=''  itemprop=\"thumbnailUrl\"  style='min-height:400px; min-width:1396px; ' srcset=\"https:\/\/www.idealtecsrl.com\/wp-content\/uploads\/2024\/07\/visore-ci-presentiamo-2.jpg 1500w, https:\/\/www.idealtecsrl.com\/wp-content\/uploads\/2024\/07\/visore-ci-presentiamo-2-300x86.jpg 300w, https:\/\/www.idealtecsrl.com\/wp-content\/uploads\/2024\/07\/visore-ci-presentiamo-2-1030x295.jpg 1030w, https:\/\/www.idealtecsrl.com\/wp-content\/uploads\/2024\/07\/visore-ci-presentiamo-2-768x220.jpg 768w, https:\/\/www.idealtecsrl.com\/wp-content\/uploads\/2024\/07\/visore-ci-presentiamo-2-705x202.jpg 705w\" sizes=\"(max-width: 1500px) 100vw, 1500px\" \/><div class='av-section-color-overlay' style='opacity: 0.6; background-color: #18417e; '><\/div><\/div><\/li><li  class='avia-slideshow-slide av-lyn5h9en-876dedbd069d5d4e56a17e391f8fbd33__2  slide-3 slide-odd'><div data-rel='slideshow-1' class='avia-slide-wrap '   ><img decoding=\"async\" fetchpriority=\"high\" class=\"wp-image-15281 avia-img-lazy-loading-not-15281\"  src=\"https:\/\/www.idealtecsrl.com\/wp-content\/uploads\/2024\/07\/visore-ci-presentiamo-3.jpg\" width=\"1500\" height=\"430\" title='visore-ci-presentiamo-3' alt=''  itemprop=\"thumbnailUrl\"  style='min-height:400px; min-width:1396px; ' srcset=\"https:\/\/www.idealtecsrl.com\/wp-content\/uploads\/2024\/07\/visore-ci-presentiamo-3.jpg 1500w, https:\/\/www.idealtecsrl.com\/wp-content\/uploads\/2024\/07\/visore-ci-presentiamo-3-300x86.jpg 300w, https:\/\/www.idealtecsrl.com\/wp-content\/uploads\/2024\/07\/visore-ci-presentiamo-3-1030x295.jpg 1030w, https:\/\/www.idealtecsrl.com\/wp-content\/uploads\/2024\/07\/visore-ci-presentiamo-3-768x220.jpg 768w, https:\/\/www.idealtecsrl.com\/wp-content\/uploads\/2024\/07\/visore-ci-presentiamo-3-705x202.jpg 705w\" sizes=\"(max-width: 1500px) 100vw, 1500px\" \/><div class='av-section-color-overlay' style='opacity: 0.6; background-color: #18417e; '><\/div><\/div><\/li><li  class='avia-slideshow-slide av-lyn5h9en-876dedbd069d5d4e56a17e391f8fbd33__3  slide-4 slide-even'><div data-rel='slideshow-1' class='avia-slide-wrap '   ><img decoding=\"async\" fetchpriority=\"high\" class=\"wp-image-15288 avia-img-lazy-loading-not-15288\"  src=\"https:\/\/www.idealtecsrl.com\/wp-content\/uploads\/2024\/07\/visore-ci-presentiamo-4.jpg\" width=\"1500\" height=\"430\" title='visore-ci-presentiamo-4' alt=''  itemprop=\"thumbnailUrl\"  style='min-height:400px; min-width:1396px; ' srcset=\"https:\/\/www.idealtecsrl.com\/wp-content\/uploads\/2024\/07\/visore-ci-presentiamo-4.jpg 1500w, https:\/\/www.idealtecsrl.com\/wp-content\/uploads\/2024\/07\/visore-ci-presentiamo-4-300x86.jpg 300w, https:\/\/www.idealtecsrl.com\/wp-content\/uploads\/2024\/07\/visore-ci-presentiamo-4-1030x295.jpg 1030w, https:\/\/www.idealtecsrl.com\/wp-content\/uploads\/2024\/07\/visore-ci-presentiamo-4-768x220.jpg 768w, https:\/\/www.idealtecsrl.com\/wp-content\/uploads\/2024\/07\/visore-ci-presentiamo-4-705x202.jpg 705w\" sizes=\"(max-width: 1500px) 100vw, 1500px\" \/><div class='av-section-color-overlay' style='opacity: 0.6; background-color: #18417e; '><\/div><\/div><\/li><li  class='avia-slideshow-slide av-lyn5h9en-876dedbd069d5d4e56a17e391f8fbd33__4  slide-5 slide-odd'><div data-rel='slideshow-1' class='avia-slide-wrap '   ><img decoding=\"async\" fetchpriority=\"high\" class=\"wp-image-15295 avia-img-lazy-loading-not-15295\"  src=\"https:\/\/www.idealtecsrl.com\/wp-content\/uploads\/2024\/07\/visore-ci-presentiamo-5.jpg\" width=\"1500\" height=\"430\" title='visore-ci-presentiamo-5' alt=''  itemprop=\"thumbnailUrl\"  style='min-height:400px; min-width:1396px; ' srcset=\"https:\/\/www.idealtecsrl.com\/wp-content\/uploads\/2024\/07\/visore-ci-presentiamo-5.jpg 1500w, https:\/\/www.idealtecsrl.com\/wp-content\/uploads\/2024\/07\/visore-ci-presentiamo-5-300x86.jpg 300w, https:\/\/www.idealtecsrl.com\/wp-content\/uploads\/2024\/07\/visore-ci-presentiamo-5-1030x295.jpg 1030w, https:\/\/www.idealtecsrl.com\/wp-content\/uploads\/2024\/07\/visore-ci-presentiamo-5-768x220.jpg 768w, https:\/\/www.idealtecsrl.com\/wp-content\/uploads\/2024\/07\/visore-ci-presentiamo-5-705x202.jpg 705w\" sizes=\"(max-width: 1500px) 100vw, 1500px\" \/><div class='av-section-color-overlay' style='opacity: 0.6; background-color: #18417e; '><\/div><\/div><\/li><\/ul><div class='avia-slideshow-arrows avia-slideshow-controls' ><a href='#prev' class='prev-slide ' aria-hidden='true' data-av_icon='\ue87c' data-av_iconfont='entypo-fontello'  tabindex='-1'>Anterior<\/a><a href='#next' class='next-slide ' aria-hidden='true' data-av_icon='\ue87d' data-av_iconfont='entypo-fontello'  tabindex='-1'>Pr\u00f3ximo<\/a><\/div><div class='av-slideshow-caption av-lyn5h9en-876dedbd069d5d4e56a17e391f8fbd33__0 caption_fullwidth caption_center'><div class=\"container caption_container\"><div class=\"slideshow_caption\"><div class=\"slideshow_inner_caption\"><div class=\"slideshow_align_caption\"><h1 class='avia-caption-title '  itemprop=\"name\" >Transporte<\/h1><\/div><\/div><\/div><\/div><\/div><\/div><\/div>\n<div id='av_section_1'  class='avia-section av-95opo-89df29ae21f0cef8cee3525b745a8d55 main_color avia-section-huge avia-no-border-styling  avia-builder-el-1  el_after_av_slideshow_full  el_before_av_section  avia-bg-style-scroll container_wrap fullsize'  ><div class='container av-section-cont-open' ><div class='template-page content  av-content-full alpha units'><div class='post-entry post-entry-type-page post-entry-15075'><div class='entry-content-wrapper clearfix'>\n<div  class='flex_column av-8rq60-59cc5be83f2b05d64ed51f6dc6701d3a av_one_full  avia-builder-el-2  el_before_av_one_third  avia-builder-el-first  first flex_column_div  '     ><section  class='av_textblock_section av-7tvnc-4a3f56ba094c4ec13a7b79b898f26c59 '   itemscope=\"itemscope\" itemtype=\"https:\/\/schema.org\/CreativeWork\" ><div class='avia_textblock'  itemprop=\"text\" ><p>Nossos sistemas de transporte, adequados para a transfer\u00eancia de p\u00f3s ou gr\u00e2nulos dos pontos de coleta e retirada at\u00e9 as m\u00e1quinas receptoras do produto, destacam-se pela versatilidade e flexibilidade composicional.<\/p>\n<p>As tipologias variam desde\u00a0\u00a0<strong>sistemas de transporte por fric\u00e7\u00e3o<\/strong>\u00a0, com pe\u00e7as flex\u00edveis de transmiss\u00e3o,\u00a0\u00a0<strong>transportadores mec\u00e2nicos\u00a0,<\/strong>\u00a0\u00a0ou com parafuso sem-fim,\u00a0\u00a0<strong>transportadores helicoidais<\/strong>\u00a0, at\u00e9\u00a0\u00a0<strong>sistemas de transporte por suspens\u00e3o<\/strong>\u00a0, com pe\u00e7as flex\u00edveis de transmiss\u00e3o,\u00a0\u00a0<strong>transportadores aeromec\u00e2nicos\u00a0,<\/strong>\u00a0\u00a0ou transportadores de fluxo de fluidos,\u00a0\u00a0<strong>transportadores de pneus<\/strong>\u00a0.<\/p>\n<p><strong>Crit\u00e9rios de sele\u00e7\u00e3o e design<\/strong><\/p>\n<p><strong>An\u00e1lise preliminar<\/strong><br \/>\nA an\u00e1lise preliminar, decisiva para a escolha do tipo de transporte, inclui:<\/p>\n<\/div><\/section><\/div><div  class='flex_column av-22da0-7cde0a0432935fffe62dd4e91f7068a0 av_one_third  avia-builder-el-4  el_after_av_one_full  el_before_av_one_third  first flex_column_div  column-top-margin'     ><section  class='av_textblock_section av-lyn5yjtp-2c875ea0c014d57a428507645a1419c8 '   itemscope=\"itemscope\" itemtype=\"https:\/\/schema.org\/CreativeWork\" ><div class='avia_textblock'  itemprop=\"text\" ><p><strong><span>1) A caracteriza\u00e7\u00e3o do material a transportar<\/span><\/strong><span>\u00a0, nomeadamente:<\/span><\/p>\n<ul>\n<li><span>das propriedades f\u00edsicas (tamanho, forma, densidade, \u00e1rea superficial, temperatura) e for\u00e7as interpart\u00edculas (for\u00e7as eletrost\u00e1ticas, vdW, adesivas, aerodin\u00e2micas) das part\u00edculas individuais;<\/span><\/li>\n<li><span>das propriedades aparentes (\u00edndices e propor\u00e7\u00f5es de densidade aparente, \u00e2ngulos de repouso e atrito, tens\u00f5es e condi\u00e7\u00f5es de falha) dos conjuntos de part\u00edculas.<\/span><\/li>\n<\/ul>\n<\/div><\/section><\/div><div  class='flex_column av-1p5tc-3b00de32c38deadad4d4d50ef0d2923f av_one_third  avia-builder-el-6  el_after_av_one_third  el_before_av_one_third  flex_column_div  column-top-margin'     ><section  class='av_textblock_section av-lyn5yqfr-77c90c50fb200bd471a7235a896ce7c2 '   itemscope=\"itemscope\" itemtype=\"https:\/\/schema.org\/CreativeWork\" ><div class='avia_textblock'  itemprop=\"text\" ><p><strong><span>2) A avalia\u00e7\u00e3o das condi\u00e7\u00f5es operacionais e de processo<\/span><\/strong><span>\u00a0, em rela\u00e7\u00e3o a<\/span><\/p>\n<ul>\n<li><span>a vaz\u00e3o necess\u00e1ria;<\/span><\/li>\n<li><span>a extens\u00e3o dos fluxos de movimento (n\u00famero de esta\u00e7\u00f5es, dist\u00e2ncias e diferen\u00e7as de altura entre as esta\u00e7\u00f5es, complexidade das rotas, dire\u00e7\u00f5es dos movimentos);<\/span><\/li>\n<li><span>a frequ\u00eancia do movimento (cont\u00ednuo ou descont\u00ednuo, constante ou vari\u00e1vel).<\/span><\/li>\n<\/ul>\n<\/div><\/section><\/div><div  class='flex_column av-vzfg-5df1adc316666246a2a9f474377b3704 av_one_third  avia-builder-el-8  el_after_av_one_third  el_before_av_one_half  flex_column_div  column-top-margin'     ><section  class='av_textblock_section av-lyn5yxov-62f6fac017f0e5b8e3b582acce39be29 '   itemscope=\"itemscope\" itemtype=\"https:\/\/schema.org\/CreativeWork\" ><div class='avia_textblock'  itemprop=\"text\" ><p><strong><span>3) A detec\u00e7\u00e3o e determina\u00e7\u00e3o das condi\u00e7\u00f5es ambientais e operacionais<\/span><\/strong><span>\u00a0, a fim de:<\/span><\/p>\n<ul>\n<li><span>superf\u00edcie dispon\u00edvel;<\/span><\/li>\n<li><span>adaptabilidade \u00e0s estruturas existentes;<\/span><\/li>\n<li><span>possibilidade de expans\u00e3o;<\/span><\/li>\n<li><span>presen\u00e7a de atmosferas potencialmente explosivas.<\/span><\/li>\n<\/ul>\n<\/div><\/section><\/div>\n<style type=\"text\/css\" data-created_by=\"avia_inline_auto\" id=\"style-css-av-7duc0-e4701326d437ffda2539ff3cbc5f62f0\">\n.flex_column.av-7duc0-e4701326d437ffda2539ff3cbc5f62f0{\nwidth:48.5%;\npadding:0 0 0 0;\n}\n<\/style>\n<div  class='flex_column av-7duc0-e4701326d437ffda2539ff3cbc5f62f0 av_one_half  avia-builder-el-10  el_after_av_one_third  el_before_av_one_half  first flex_column_div av-zero-column-padding  column-top-margin'     ><style type=\"text\/css\" data-created_by=\"avia_inline_auto\" id=\"style-css-av-6ufyc-942705a8ce510955b27900243492d9f5\">\n.avia-image-container.av-6ufyc-942705a8ce510955b27900243492d9f5 img.avia_image{\nbox-shadow:none;\n}\n.avia-image-container.av-6ufyc-942705a8ce510955b27900243492d9f5 .av-caption-image-overlay-bg{\nopacity:0.6;\nbackground-color:#18417e;\n}\n.avia-image-container.av-6ufyc-942705a8ce510955b27900243492d9f5 .av-image-caption-overlay-center{\ncolor:#ffffff;\n}\n<\/style>\n<div  class='avia-image-container av-6ufyc-942705a8ce510955b27900243492d9f5 av-styling- av-hover-grow av-img-linked avia-align-right  avia-builder-el-11  avia-builder-el-no-sibling  noHover av-overlay-hover-deactivate'   itemprop=\"image\" itemscope=\"itemscope\" itemtype=\"https:\/\/schema.org\/ImageObject\" ><div class=\"avia-image-container-inner\"><div class=\"avia-image-overlay-wrap\"><a href=\"https:\/\/www.idealtecsrl.com\/pt-br\/transporte\/transportadores-mecanicos\/\" class='avia_image '  aria-label='trasporto-convogliatori-meccanici'><div class=\"av-image-caption-overlay\"><div class=\"av-caption-image-overlay-bg\"><\/div><div class=\"av-image-caption-overlay-position\"><div class=\"av-image-caption-overlay-center\"><p>TRANSPORTADORES MEC\u00c2NICOS<\/p>\n<\/div><\/div><\/div><img decoding=\"async\" fetchpriority=\"high\" class='wp-image-15434 avia-img-lazy-loading-not-15434 avia_image ' src=\"https:\/\/www.idealtecsrl.com\/wp-content\/uploads\/2024\/07\/trasporto-convogliatori-meccanici.jpg\" alt='' title='trasporto-convogliatori-meccanici'  height=\"400\" width=\"495\"  itemprop=\"thumbnailUrl\" srcset=\"https:\/\/www.idealtecsrl.com\/wp-content\/uploads\/2024\/07\/trasporto-convogliatori-meccanici.jpg 495w, https:\/\/www.idealtecsrl.com\/wp-content\/uploads\/2024\/07\/trasporto-convogliatori-meccanici-300x242.jpg 300w\" sizes=\"(max-width: 495px) 100vw, 495px\" \/><\/a><\/div><\/div><\/div><\/div>\n<style type=\"text\/css\" data-created_by=\"avia_inline_auto\" id=\"style-css-av-684hc-fb7f8c8f3623d8f87b7628fd6b2d2e68\">\n.flex_column.av-684hc-fb7f8c8f3623d8f87b7628fd6b2d2e68{\nwidth:48.5%;\nmargin-left:3%;\npadding:0 0 0 0;\n}\n<\/style>\n<div  class='flex_column av-684hc-fb7f8c8f3623d8f87b7628fd6b2d2e68 av_one_half  avia-builder-el-12  el_after_av_one_half  el_before_av_one_half  flex_column_div av-zero-column-padding  column-top-margin'     ><style type=\"text\/css\" data-created_by=\"avia_inline_auto\" id=\"style-css-av-5r5ak-e115cc067dad4f6c7ed5d564fb0edd18\">\n.avia-image-container.av-5r5ak-e115cc067dad4f6c7ed5d564fb0edd18 img.avia_image{\nbox-shadow:none;\n}\n.avia-image-container.av-5r5ak-e115cc067dad4f6c7ed5d564fb0edd18 .av-caption-image-overlay-bg{\nopacity:0.6;\nbackground-color:#18417e;\n}\n.avia-image-container.av-5r5ak-e115cc067dad4f6c7ed5d564fb0edd18 .av-image-caption-overlay-center{\ncolor:#ffffff;\n}\n<\/style>\n<div  class='avia-image-container av-5r5ak-e115cc067dad4f6c7ed5d564fb0edd18 av-styling- av-hover-grow av-img-linked avia-align-left  avia-builder-el-13  avia-builder-el-no-sibling  noHover av-overlay-hover-deactivate'   itemprop=\"image\" itemscope=\"itemscope\" itemtype=\"https:\/\/schema.org\/ImageObject\" ><div class=\"avia-image-container-inner\"><div class=\"avia-image-overlay-wrap\"><a href=\"https:\/\/www.idealtecsrl.com\/pt-br\/transporte\/transportadores-helicoidais\/\" class='avia_image '  aria-label='trasporto-convogliatori-coclea'><div class=\"av-image-caption-overlay\"><div class=\"av-caption-image-overlay-bg\"><\/div><div class=\"av-image-caption-overlay-position\"><div class=\"av-image-caption-overlay-center\"><p>TRANSPORTADORES DE PARAFUSO<\/p>\n<\/div><\/div><\/div><img decoding=\"async\" fetchpriority=\"high\" class='wp-image-15441 avia-img-lazy-loading-not-15441 avia_image ' src=\"https:\/\/www.idealtecsrl.com\/wp-content\/uploads\/2024\/07\/trasporto-convogliatori-coclea.jpg\" alt='' title='trasporto-convogliatori-coclea'  height=\"400\" width=\"495\"  itemprop=\"thumbnailUrl\" srcset=\"https:\/\/www.idealtecsrl.com\/wp-content\/uploads\/2024\/07\/trasporto-convogliatori-coclea.jpg 495w, https:\/\/www.idealtecsrl.com\/wp-content\/uploads\/2024\/07\/trasporto-convogliatori-coclea-300x242.jpg 300w\" sizes=\"(max-width: 495px) 100vw, 495px\" \/><\/a><\/div><\/div><\/div><\/div>\n<style type=\"text\/css\" data-created_by=\"avia_inline_auto\" id=\"style-css-av-58nbk-a7b7854c994a3beed81d67a07be0245a\">\n.flex_column.av-58nbk-a7b7854c994a3beed81d67a07be0245a{\nwidth:48.5%;\npadding:0 0 0 0;\n}\n<\/style>\n<div  class='flex_column av-58nbk-a7b7854c994a3beed81d67a07be0245a av_one_half  avia-builder-el-14  el_after_av_one_half  el_before_av_one_half  first flex_column_div av-zero-column-padding  column-top-margin'     ><style type=\"text\/css\" data-created_by=\"avia_inline_auto\" id=\"style-css-av-4m4ts-01472e0473bf1ff9d50a9fc619e49819\">\n.avia-image-container.av-4m4ts-01472e0473bf1ff9d50a9fc619e49819 img.avia_image{\nbox-shadow:none;\n}\n.avia-image-container.av-4m4ts-01472e0473bf1ff9d50a9fc619e49819 .av-caption-image-overlay-bg{\nopacity:0.6;\nbackground-color:#18417e;\n}\n.avia-image-container.av-4m4ts-01472e0473bf1ff9d50a9fc619e49819 .av-image-caption-overlay-center{\ncolor:#ffffff;\n}\n<\/style>\n<div  class='avia-image-container av-4m4ts-01472e0473bf1ff9d50a9fc619e49819 av-styling- av-hover-grow av-img-linked avia-align-right  avia-builder-el-15  avia-builder-el-no-sibling  noHover av-overlay-hover-deactivate'   itemprop=\"image\" itemscope=\"itemscope\" itemtype=\"https:\/\/schema.org\/ImageObject\" ><div class=\"avia-image-container-inner\"><div class=\"avia-image-overlay-wrap\"><a href=\"https:\/\/www.idealtecsrl.com\/pt-br\/transporte\/transportadores-aeromecanicos\/\" class='avia_image '  aria-label='trasporto-convogliatori-aeromeccanici'><div class=\"av-image-caption-overlay\"><div class=\"av-caption-image-overlay-bg\"><\/div><div class=\"av-image-caption-overlay-position\"><div class=\"av-image-caption-overlay-center\"><p>TRANSPORTADORES AEROMEC\u00c2NICOS<\/p>\n<\/div><\/div><\/div><img decoding=\"async\" fetchpriority=\"high\" class='wp-image-15448 avia-img-lazy-loading-not-15448 avia_image ' src=\"https:\/\/www.idealtecsrl.com\/wp-content\/uploads\/2024\/07\/trasporto-convogliatori-aeromeccanici.jpg\" alt='' title='trasporto-convogliatori-aeromeccanici'  height=\"400\" width=\"495\"  itemprop=\"thumbnailUrl\" srcset=\"https:\/\/www.idealtecsrl.com\/wp-content\/uploads\/2024\/07\/trasporto-convogliatori-aeromeccanici.jpg 495w, https:\/\/www.idealtecsrl.com\/wp-content\/uploads\/2024\/07\/trasporto-convogliatori-aeromeccanici-300x242.jpg 300w\" sizes=\"(max-width: 495px) 100vw, 495px\" \/><\/a><\/div><\/div><\/div><\/div>\n<style type=\"text\/css\" data-created_by=\"avia_inline_auto\" id=\"style-css-av-404p4-be63098084714c9a78674df5e78782e5\">\n.flex_column.av-404p4-be63098084714c9a78674df5e78782e5{\nwidth:48.5%;\nmargin-left:3%;\npadding:0 0 0 0;\n}\n<\/style>\n<div  class='flex_column av-404p4-be63098084714c9a78674df5e78782e5 av_one_half  avia-builder-el-16  el_after_av_one_half  avia-builder-el-last  flex_column_div av-zero-column-padding  column-top-margin'     ><style type=\"text\/css\" data-created_by=\"avia_inline_auto\" id=\"style-css-av-bgm8-e39eb1b0e8d792778fddccebcebab366\">\n.avia-image-container.av-bgm8-e39eb1b0e8d792778fddccebcebab366 img.avia_image{\nbox-shadow:none;\n}\n.avia-image-container.av-bgm8-e39eb1b0e8d792778fddccebcebab366 .av-caption-image-overlay-bg{\nopacity:0.6;\nbackground-color:#18417e;\n}\n.avia-image-container.av-bgm8-e39eb1b0e8d792778fddccebcebab366 .av-image-caption-overlay-center{\ncolor:#ffffff;\n}\n<\/style>\n<div  class='avia-image-container av-bgm8-e39eb1b0e8d792778fddccebcebab366 av-styling- av-hover-grow av-img-linked avia-align-left  avia-builder-el-17  avia-builder-el-no-sibling  noHover av-overlay-hover-deactivate'   itemprop=\"image\" itemscope=\"itemscope\" itemtype=\"https:\/\/schema.org\/ImageObject\" ><div class=\"avia-image-container-inner\"><div class=\"avia-image-overlay-wrap\"><a href=\"https:\/\/www.idealtecsrl.com\/pt-br\/transporte\/transportadores-pneumaticos\/\" class='avia_image '  aria-label='trasporto-convogliatori-pneumatici'><div class=\"av-image-caption-overlay\"><div class=\"av-caption-image-overlay-bg\"><\/div><div class=\"av-image-caption-overlay-position\"><div class=\"av-image-caption-overlay-center\"><p>TRANSPORTADORES PNEUM\u00c1TICOS<\/p>\n<\/div><\/div><\/div><img decoding=\"async\" fetchpriority=\"high\" class='wp-image-15455 avia-img-lazy-loading-not-15455 avia_image ' src=\"https:\/\/www.idealtecsrl.com\/wp-content\/uploads\/2024\/07\/trasporto-convogliatori-pneumatici.jpg\" alt='' title='trasporto-convogliatori-pneumatici'  height=\"400\" width=\"495\"  itemprop=\"thumbnailUrl\" srcset=\"https:\/\/www.idealtecsrl.com\/wp-content\/uploads\/2024\/07\/trasporto-convogliatori-pneumatici.jpg 495w, https:\/\/www.idealtecsrl.com\/wp-content\/uploads\/2024\/07\/trasporto-convogliatori-pneumatici-300x242.jpg 300w\" sizes=\"(max-width: 495px) 100vw, 495px\" \/><\/a><\/div><\/div><\/div><\/div><\/div><\/div><\/div><!-- close content main div --><\/div><\/div>\n<style type=\"text\/css\" data-created_by=\"avia_inline_auto\" id=\"style-css-av-2kjtw-6c496f96e44358e68cdf3909837d33f8\">\n.avia-section.av-2kjtw-6c496f96e44358e68cdf3909837d33f8{\nbackground-color:#eceff1;\nbackground-image:unset;\n}\n<\/style>\n<div id='av_section_2'  class='avia-section av-2kjtw-6c496f96e44358e68cdf3909837d33f8 main_color avia-section-huge avia-no-border-styling  avia-builder-el-18  el_after_av_section  avia-builder-el-last  avia-bg-style-scroll container_wrap fullsize'  ><div class='container av-section-cont-open' ><div class='template-page content  av-content-full alpha units'><div class='post-entry post-entry-type-page post-entry-15075'><div class='entry-content-wrapper clearfix'>\n<div  class='flex_column av-26sow-8c733f728305f360d55dc98cc8554482 av_one_full  avia-builder-el-19  avia-builder-el-no-sibling  first flex_column_div  '     ><p>\n<style type=\"text\/css\" data-created_by=\"avia_inline_auto\" id=\"style-css-av-1rytg-ab2a34061feae9f03c5cee9dda5a334d\">\n#top .av-special-heading.av-1rytg-ab2a34061feae9f03c5cee9dda5a334d{\npadding-bottom:10px;\n}\nbody .av-special-heading.av-1rytg-ab2a34061feae9f03c5cee9dda5a334d .av-special-heading-tag .heading-char{\nfont-size:25px;\n}\n.av-special-heading.av-1rytg-ab2a34061feae9f03c5cee9dda5a334d .av-subheading{\nfont-size:15px;\n}\n<\/style>\n<div  class='av-special-heading av-1rytg-ab2a34061feae9f03c5cee9dda5a334d av-special-heading-h2 blockquote modern-quote modern-centered  avia-builder-el-20  el_before_av_textblock  avia-builder-el-first '><h2 class='av-special-heading-tag'  itemprop=\"headline\"  >AUX\u00cdLIO ESTATAL E DE MINIMIS<\/h2><div class=\"special-heading-border\"><div class=\"special-heading-inner-border\"><\/div><\/div><\/div><br \/>\n<section  class='av_textblock_section av-t71k-b8d4d7e52017eb0b11079e94d5d27838 '   itemscope=\"itemscope\" itemtype=\"https:\/\/schema.org\/CreativeWork\" ><div class='avia_textblock'  itemprop=\"text\" ><p style=\"text-align: center;\"><strong>Obriga\u00e7\u00f5es de informa\u00e7\u00e3o para subven\u00e7\u00f5es p\u00fablicas.<\/strong><br \/>\nOs aux\u00edlios estatais e os aux\u00edlios de minimis recebidos pela nossa empresa constam do Registo Nacional de Aux\u00edlios Estatais referido no art. 52.\u00ba da Lei 234\/2012 a que se faz refer\u00eancia e que pode ser consultado no seguinte link:\u00a0<a role=\"link\" href=\"https:\/\/www.rna.gov.it\/trasparenza\" target=\"_blank\" rel=\"noopener\">Saber mais&gt;&gt;<\/a><\/p>\n<\/div><\/section><\/p><\/div>\n<\/p>\n","protected":false},"excerpt":{"rendered":"","protected":false},"author":6,"featured_media":0,"parent":0,"menu_order":0,"comment_status":"closed","ping_status":"closed","template":"","meta":{"_monsterinsights_skip_tracking":false,"_monsterinsights_sitenote_active":false,"_monsterinsights_sitenote_note":"","_monsterinsights_sitenote_category":0,"footnotes":""},"_links":{"self":[{"href":"https:\/\/www.idealtecsrl.com\/pt-br\/wp-json\/wp\/v2\/pages\/15075"}],"collection":[{"href":"https:\/\/www.idealtecsrl.com\/pt-br\/wp-json\/wp\/v2\/pages"}],"about":[{"href":"https:\/\/www.idealtecsrl.com\/pt-br\/wp-json\/wp\/v2\/types\/page"}],"author":[{"embeddable":true,"href":"https:\/\/www.idealtecsrl.com\/pt-br\/wp-json\/wp\/v2\/users\/6"}],"replies":[{"embeddable":true,"href":"https:\/\/www.idealtecsrl.com\/pt-br\/wp-json\/wp\/v2\/comments?post=15075"}],"version-history":[{"count":33,"href":"https:\/\/www.idealtecsrl.com\/pt-br\/wp-json\/wp\/v2\/pages\/15075\/revisions"}],"predecessor-version":[{"id":17918,"href":"https:\/\/www.idealtecsrl.com\/pt-br\/wp-json\/wp\/v2\/pages\/15075\/revisions\/17918"}],"wp:attachment":[{"href":"https:\/\/www.idealtecsrl.com\/pt-br\/wp-json\/wp\/v2\/media?parent=15075"}],"curies":[{"name":"wp","href":"https:\/\/api.w.org\/{rel}","templated":true}]}}