{"id":17469,"date":"2024-11-30T12:36:53","date_gmt":"2024-11-30T11:36:53","guid":{"rendered":"https:\/\/www.idealtecsrl.com\/feiras-de-exposicao\/coatings-for-africa\/"},"modified":"2024-11-30T12:36:53","modified_gmt":"2024-11-30T11:36:53","slug":"coatings-for-africa","status":"publish","type":"page","link":"https:\/\/www.idealtecsrl.com\/pt-br\/feiras-de-exposicao\/coatings-for-africa\/","title":{"rendered":"Coatings for Africa"},"content":{"rendered":"<div id='full_slider_1'  class='avia-fullwidth-slider main_color avia-shadow   avia-builder-el-0  el_before_av_one_half  avia-builder-el-first   container_wrap fullsize'  >\n<style type=\"text\/css\" data-created_by=\"avia_inline_auto\" id=\"style-css-av-m42pk7qz-a77f41395c537c20700ae170a3894878\">\n#top #wrap_all .avia-slideshow .av-slideshow-caption.av-m42pk7qz-a77f41395c537c20700ae170a3894878__0 .avia-caption-title{\ncolor:#ffffff;\n}\n#top .avia-slideshow .av-slideshow-caption.av-m42pk7qz-a77f41395c537c20700ae170a3894878__0 .avia-caption-content{\ncolor:#ffffff;\n}\n<\/style>\n<div  class='avia-slideshow av-m42pk7qz-a77f41395c537c20700ae170a3894878 avia-slideshow-featured av_slideshow_full avia-fade-slider av-slideshow-ui av-control-hidden av-no-slider-navigation av-hide-nav-arrows av-slideshow-autoplay av-loop-endless av-loop-manual-endless av-default-height-applied   avia-slideshow-1' data-slideshow-options=\"{&quot;animation&quot;:&quot;fade&quot;,&quot;autoplay&quot;:true,&quot;loop_autoplay&quot;:&quot;endless&quot;,&quot;interval&quot;:3,&quot;loop_manual&quot;:&quot;manual-endless&quot;,&quot;autoplay_stopper&quot;:false,&quot;noNavigation&quot;:true,&quot;bg_slider&quot;:false,&quot;transitionSpeed&quot;:800,&quot;keep_padding&quot;:false,&quot;hoverpause&quot;:false,&quot;show_slide_delay&quot;:0}\"  itemprop=\"image\" itemscope=\"itemscope\" itemtype=\"https:\/\/schema.org\/ImageObject\" ><ul class='avia-slideshow-inner ' style='padding-bottom: 28.666666666667%;'><li  class='avia-slideshow-slide av-m42pk7qz-a77f41395c537c20700ae170a3894878__0  slide-1 slide-odd'><div data-rel='slideshow-1' class='avia-slide-wrap '   ><img decoding=\"async\" fetchpriority=\"high\" class=\"wp-image-15267 avia-img-lazy-loading-not-15267\"  src=\"https:\/\/www.idealtecsrl.com\/wp-content\/uploads\/2024\/07\/visore-ci-presentiamo-1.jpg\" width=\"1500\" height=\"430\" title='visore-ci-presentiamo-1' alt=''  itemprop=\"thumbnailUrl\"  style='min-height:400px; min-width:1396px; ' srcset=\"https:\/\/www.idealtecsrl.com\/wp-content\/uploads\/2024\/07\/visore-ci-presentiamo-1.jpg 1500w, https:\/\/www.idealtecsrl.com\/wp-content\/uploads\/2024\/07\/visore-ci-presentiamo-1-300x86.jpg 300w, https:\/\/www.idealtecsrl.com\/wp-content\/uploads\/2024\/07\/visore-ci-presentiamo-1-1030x295.jpg 1030w, https:\/\/www.idealtecsrl.com\/wp-content\/uploads\/2024\/07\/visore-ci-presentiamo-1-768x220.jpg 768w, https:\/\/www.idealtecsrl.com\/wp-content\/uploads\/2024\/07\/visore-ci-presentiamo-1-705x202.jpg 705w\" sizes=\"(max-width: 1500px) 100vw, 1500px\" \/><div class='av-section-color-overlay' style='opacity: 0.6; background-color: #18417e; '><\/div><\/div><\/li><li  class='avia-slideshow-slide av-m42pk7qz-a77f41395c537c20700ae170a3894878__1  slide-2 slide-even'><div data-rel='slideshow-1' class='avia-slide-wrap '   ><img decoding=\"async\" fetchpriority=\"high\" class=\"wp-image-15274 avia-img-lazy-loading-not-15274\"  src=\"https:\/\/www.idealtecsrl.com\/wp-content\/uploads\/2024\/07\/visore-ci-presentiamo-2.jpg\" width=\"1500\" height=\"430\" title='visore-ci-presentiamo-2' alt=''  itemprop=\"thumbnailUrl\"  style='min-height:400px; min-width:1396px; ' srcset=\"https:\/\/www.idealtecsrl.com\/wp-content\/uploads\/2024\/07\/visore-ci-presentiamo-2.jpg 1500w, https:\/\/www.idealtecsrl.com\/wp-content\/uploads\/2024\/07\/visore-ci-presentiamo-2-300x86.jpg 300w, https:\/\/www.idealtecsrl.com\/wp-content\/uploads\/2024\/07\/visore-ci-presentiamo-2-1030x295.jpg 1030w, https:\/\/www.idealtecsrl.com\/wp-content\/uploads\/2024\/07\/visore-ci-presentiamo-2-768x220.jpg 768w, https:\/\/www.idealtecsrl.com\/wp-content\/uploads\/2024\/07\/visore-ci-presentiamo-2-705x202.jpg 705w\" sizes=\"(max-width: 1500px) 100vw, 1500px\" \/><div class='av-section-color-overlay' style='opacity: 0.6; background-color: #18417e; '><\/div><\/div><\/li><li  class='avia-slideshow-slide av-m42pk7qz-a77f41395c537c20700ae170a3894878__2  slide-3 slide-odd'><div data-rel='slideshow-1' class='avia-slide-wrap '   ><img decoding=\"async\" fetchpriority=\"high\" class=\"wp-image-15281 avia-img-lazy-loading-not-15281\"  src=\"https:\/\/www.idealtecsrl.com\/wp-content\/uploads\/2024\/07\/visore-ci-presentiamo-3.jpg\" width=\"1500\" height=\"430\" title='visore-ci-presentiamo-3' alt=''  itemprop=\"thumbnailUrl\"  style='min-height:400px; min-width:1396px; ' srcset=\"https:\/\/www.idealtecsrl.com\/wp-content\/uploads\/2024\/07\/visore-ci-presentiamo-3.jpg 1500w, https:\/\/www.idealtecsrl.com\/wp-content\/uploads\/2024\/07\/visore-ci-presentiamo-3-300x86.jpg 300w, https:\/\/www.idealtecsrl.com\/wp-content\/uploads\/2024\/07\/visore-ci-presentiamo-3-1030x295.jpg 1030w, https:\/\/www.idealtecsrl.com\/wp-content\/uploads\/2024\/07\/visore-ci-presentiamo-3-768x220.jpg 768w, https:\/\/www.idealtecsrl.com\/wp-content\/uploads\/2024\/07\/visore-ci-presentiamo-3-705x202.jpg 705w\" sizes=\"(max-width: 1500px) 100vw, 1500px\" \/><div class='av-section-color-overlay' style='opacity: 0.6; background-color: #18417e; '><\/div><\/div><\/li><li  class='avia-slideshow-slide av-m42pk7qz-a77f41395c537c20700ae170a3894878__3  slide-4 slide-even'><div data-rel='slideshow-1' class='avia-slide-wrap '   ><img decoding=\"async\" fetchpriority=\"high\" class=\"wp-image-15288 avia-img-lazy-loading-not-15288\"  src=\"https:\/\/www.idealtecsrl.com\/wp-content\/uploads\/2024\/07\/visore-ci-presentiamo-4.jpg\" width=\"1500\" height=\"430\" title='visore-ci-presentiamo-4' alt=''  itemprop=\"thumbnailUrl\"  style='min-height:400px; min-width:1396px; ' srcset=\"https:\/\/www.idealtecsrl.com\/wp-content\/uploads\/2024\/07\/visore-ci-presentiamo-4.jpg 1500w, https:\/\/www.idealtecsrl.com\/wp-content\/uploads\/2024\/07\/visore-ci-presentiamo-4-300x86.jpg 300w, https:\/\/www.idealtecsrl.com\/wp-content\/uploads\/2024\/07\/visore-ci-presentiamo-4-1030x295.jpg 1030w, https:\/\/www.idealtecsrl.com\/wp-content\/uploads\/2024\/07\/visore-ci-presentiamo-4-768x220.jpg 768w, https:\/\/www.idealtecsrl.com\/wp-content\/uploads\/2024\/07\/visore-ci-presentiamo-4-705x202.jpg 705w\" sizes=\"(max-width: 1500px) 100vw, 1500px\" \/><div class='av-section-color-overlay' style='opacity: 0.6; background-color: #18417e; '><\/div><\/div><\/li><li  class='avia-slideshow-slide av-m42pk7qz-a77f41395c537c20700ae170a3894878__4  slide-5 slide-odd'><div data-rel='slideshow-1' class='avia-slide-wrap '   ><img decoding=\"async\" fetchpriority=\"high\" class=\"wp-image-15295 avia-img-lazy-loading-not-15295\"  src=\"https:\/\/www.idealtecsrl.com\/wp-content\/uploads\/2024\/07\/visore-ci-presentiamo-5.jpg\" width=\"1500\" height=\"430\" title='visore-ci-presentiamo-5' alt=''  itemprop=\"thumbnailUrl\"  style='min-height:400px; min-width:1396px; ' srcset=\"https:\/\/www.idealtecsrl.com\/wp-content\/uploads\/2024\/07\/visore-ci-presentiamo-5.jpg 1500w, https:\/\/www.idealtecsrl.com\/wp-content\/uploads\/2024\/07\/visore-ci-presentiamo-5-300x86.jpg 300w, https:\/\/www.idealtecsrl.com\/wp-content\/uploads\/2024\/07\/visore-ci-presentiamo-5-1030x295.jpg 1030w, https:\/\/www.idealtecsrl.com\/wp-content\/uploads\/2024\/07\/visore-ci-presentiamo-5-768x220.jpg 768w, https:\/\/www.idealtecsrl.com\/wp-content\/uploads\/2024\/07\/visore-ci-presentiamo-5-705x202.jpg 705w\" sizes=\"(max-width: 1500px) 100vw, 1500px\" \/><div class='av-section-color-overlay' style='opacity: 0.6; background-color: #18417e; '><\/div><\/div><\/li><\/ul><div class='avia-slideshow-arrows avia-slideshow-controls' ><a href='#prev' class='prev-slide ' aria-hidden='true' data-av_icon='\ue87c' data-av_iconfont='entypo-fontello'  tabindex='-1'>Anterior<\/a><a href='#next' class='next-slide ' aria-hidden='true' data-av_icon='\ue87d' data-av_iconfont='entypo-fontello'  tabindex='-1'>Pr\u00f3ximo<\/a><\/div><div class='av-slideshow-caption av-m42pk7qz-a77f41395c537c20700ae170a3894878__0 caption_fullwidth caption_center'><div class=\"container caption_container\"><div class=\"slideshow_caption\"><div class=\"slideshow_inner_caption\"><div class=\"slideshow_align_caption\"><h1 class='avia-caption-title '  itemprop=\"name\" >Coatings for Africa<\/h1><\/div><\/div><\/div><\/div><\/div><\/div><\/div><div id='after_full_slider_1'  class='main_color av_default_container_wrap container_wrap fullsize'  ><div class='container av-section-cont-open' ><div class='template-page content  av-content-full alpha units'><div class='post-entry post-entry-type-page post-entry-17469'><div class='entry-content-wrapper clearfix'>\n\n<style type=\"text\/css\" data-created_by=\"avia_inline_auto\" id=\"style-css-av-5y5ot8g-ecef6bb973d0c8f526a823267e2da8e2\">\n.flex_column.av-5y5ot8g-ecef6bb973d0c8f526a823267e2da8e2{\npadding:50px 0 0 0;\n}\n<\/style>\n<div  class='flex_column av-5y5ot8g-ecef6bb973d0c8f526a823267e2da8e2 av_one_half  avia-builder-el-1  el_after_av_slideshow_full  el_before_av_one_half  avia-builder-el-first  first flex_column_div  '     ><p><section  class='av_textblock_section av-m42pmayo-348015d65ebab1fee8be13099f58f95f '   itemscope=\"itemscope\" itemtype=\"https:\/\/schema.org\/CreativeWork\" ><div class='avia_textblock'  itemprop=\"text\" ><p><strong>Coatings for Africa<\/strong> \u00e9 o maior evento em \u00c1frica dedicado \u00e0 ind\u00fastria de revestimentos, tintas e adesivos. Organizado conjuntamente pela SAPMA (Associa\u00e7\u00e3o Sul-Africana de Fabrica\u00e7\u00e3o de Tintas) e pela OCCA (Associa\u00e7\u00e3o de Qu\u00edmicos de \u00d3leo e Cor), o evento \u00e9 geralmente realizado a cada dois anos, atraindo profissionais, empresas e partes interessadas de toda a regi\u00e3o e internacionalmente.<\/p>\n<\/div><\/section><br \/>\n\n<style type=\"text\/css\" data-created_by=\"avia_inline_auto\" id=\"style-css-av-m42qixqc-2ab6db76e4642313a11bf982a3abf117\">\n#top .hr.hr-invisible.av-m42qixqc-2ab6db76e4642313a11bf982a3abf117{\nheight:50px;\n}\n<\/style>\n<div  class='hr av-m42qixqc-2ab6db76e4642313a11bf982a3abf117 hr-invisible  avia-builder-el-3  el_after_av_textblock  el_before_av_button '><span class='hr-inner '><span class=\"hr-inner-style\"><\/span><\/span><\/div><br \/>\n<div  class='avia-button-wrap av-m42qhv9o-8242ebc64de27d0eb3e04154ced2eec3-wrap avia-button-left  avia-builder-el-4  el_after_av_hr  avia-builder-el-last '><a href='https:\/\/www.coatingsforafrica.com\/' class='avia-button av-m42qhv9o-8242ebc64de27d0eb3e04154ced2eec3 av-link-btn avia-icon_select-yes-right-icon avia-size-large avia-position-left av-icon-on-hover avia-color-theme-color' target=\"_blank\" rel=\"noopener noreferrer\"><span class='avia_iconbox_title' >Visite o site oficial<\/span><span class='avia_button_icon avia_button_icon_right' aria-hidden='true' data-av_icon='\ue879' data-av_iconfont='entypo-fontello'><\/span><\/a><\/div><\/p><\/div>\n\n<style type=\"text\/css\" data-created_by=\"avia_inline_auto\" id=\"style-css-av-5gkg680-63dd4872b765dab5309d7fb5d9bfb848\">\n.flex_column.av-5gkg680-63dd4872b765dab5309d7fb5d9bfb848{\npadding:50px 0 0 0;\n}\n<\/style>\n<div  class='flex_column av-5gkg680-63dd4872b765dab5309d7fb5d9bfb848 av_one_half  avia-builder-el-5  el_after_av_one_half  el_before_av_one_full  flex_column_div  '     ><style type=\"text\/css\" data-created_by=\"avia_inline_auto\" id=\"style-css-av-m42poe4t-b51c03bc75e4559745e34f11a06cf44d\">\n.avia-image-container.av-m42poe4t-b51c03bc75e4559745e34f11a06cf44d img.avia_image{\nbox-shadow:none;\n}\n.avia-image-container.av-m42poe4t-b51c03bc75e4559745e34f11a06cf44d .av-image-caption-overlay-center{\ncolor:#ffffff;\n}\n<\/style>\n<div  class='avia-image-container av-m42poe4t-b51c03bc75e4559745e34f11a06cf44d av-styling- avia-align-center  avia-builder-el-6  avia-builder-el-no-sibling '   itemprop=\"image\" itemscope=\"itemscope\" itemtype=\"https:\/\/schema.org\/ImageObject\" ><div class=\"avia-image-container-inner\"><div class=\"avia-image-overlay-wrap\"><img decoding=\"async\" fetchpriority=\"high\" class='wp-image-14252 avia-img-lazy-loading-not-14252 avia_image ' src=\"https:\/\/www.idealtecsrl.com\/wp-content\/uploads\/2024\/07\/Coatings-for-Africa-300x300.jpg\" alt='' title='Coatings-for-Africa'  height=\"300\" width=\"300\"  itemprop=\"thumbnailUrl\" srcset=\"https:\/\/www.idealtecsrl.com\/wp-content\/uploads\/2024\/07\/Coatings-for-Africa-300x300.jpg 300w, https:\/\/www.idealtecsrl.com\/wp-content\/uploads\/2024\/07\/Coatings-for-Africa-80x80.jpg 80w, https:\/\/www.idealtecsrl.com\/wp-content\/uploads\/2024\/07\/Coatings-for-Africa-36x36.jpg 36w, https:\/\/www.idealtecsrl.com\/wp-content\/uploads\/2024\/07\/Coatings-for-Africa-180x180.jpg 180w, https:\/\/www.idealtecsrl.com\/wp-content\/uploads\/2024\/07\/Coatings-for-Africa.jpg 400w\" sizes=\"(max-width: 300px) 100vw, 300px\" \/><\/div><\/div><\/div><\/div>\n<style type=\"text\/css\" data-created_by=\"avia_inline_auto\" id=\"style-css-av-4yqkqxs-55036f639e4d10171e6a4c06b4548e9e\">\n.flex_column.av-4yqkqxs-55036f639e4d10171e6a4c06b4548e9e{\npadding:50px 0 0 0;\n}\n<\/style>\n<div  class='flex_column av-4yqkqxs-55036f639e4d10171e6a4c06b4548e9e av_one_full  avia-builder-el-7  el_after_av_one_half  el_before_av_one_full  first flex_column_div  column-top-margin'     ><p>\n<style type=\"text\/css\" data-created_by=\"avia_inline_auto\" id=\"style-css-av-m42pooxb-0f1a2706f4c80e15c7bdcf17060c6930\">\n#top .av-special-heading.av-m42pooxb-0f1a2706f4c80e15c7bdcf17060c6930{\npadding-bottom:10px;\n}\nbody .av-special-heading.av-m42pooxb-0f1a2706f4c80e15c7bdcf17060c6930 .av-special-heading-tag .heading-char{\nfont-size:25px;\n}\n.av-special-heading.av-m42pooxb-0f1a2706f4c80e15c7bdcf17060c6930 .av-subheading{\nfont-size:15px;\n}\n<\/style>\n<div  class='av-special-heading av-m42pooxb-0f1a2706f4c80e15c7bdcf17060c6930 av-special-heading-h2 blockquote modern-quote  avia-builder-el-8  el_before_av_textblock  avia-builder-el-first '><h2 class='av-special-heading-tag'  itemprop=\"headline\"  >Objetivos e Import\u00e2ncia<\/h2><div class=\"special-heading-border\"><div class=\"special-heading-inner-border\"><\/div><\/div><\/div><br \/>\n<section  class='av_textblock_section av-m42poycv-72b88483bb5c7feff2fb55d2ee8f8592 '   itemscope=\"itemscope\" itemtype=\"https:\/\/schema.org\/CreativeWork\" ><div class='avia_textblock'  itemprop=\"text\" ><p>Coatings for Africa serve como uma plataforma central para promover a inova\u00e7\u00e3o, tecnologias sustent\u00e1veis \u200b\u200be melhores pr\u00e1ticas em revestimentos. Objetivo:<\/p>\n<ul>\n<li>Proporcionar oportunidades de networking: criando conex\u00f5es entre fabricantes, fornecedores de mat\u00e9rias-primas, pesquisadores e profissionais da ind\u00fastria.<\/li>\n<li>Promover a sustentabilidade: apostando em solu\u00e7\u00f5es ecol\u00f3gicas e na efici\u00eancia energ\u00e9tica.<\/li>\n<li>Incentivar a troca de conhecimento: por meio de apresenta\u00e7\u00f5es t\u00e9cnicas, semin\u00e1rios e workshops sobre temas atuais, como novas formula\u00e7\u00f5es, regulamenta\u00e7\u00f5es e mercados emergentes.<\/li>\n<\/ul>\n<\/div><\/section><\/p><\/div><\/p>\n\n<style type=\"text\/css\" data-created_by=\"avia_inline_auto\" id=\"style-css-av-4i16ssg-9681ac988ebd0ed0c3774789b8a082a8\">\n.flex_column.av-4i16ssg-9681ac988ebd0ed0c3774789b8a082a8{\npadding:50px 0 0 0;\n}\n<\/style>\n<div  class='flex_column av-4i16ssg-9681ac988ebd0ed0c3774789b8a082a8 av_one_full  avia-builder-el-10  el_after_av_one_full  el_before_av_one_full  first flex_column_div  column-top-margin'     ><p>\n<style type=\"text\/css\" data-created_by=\"avia_inline_auto\" id=\"style-css-av-m42pp91j-a818b08c8cba2cc26224ffd32c8c146a\">\n#top .av-special-heading.av-m42pp91j-a818b08c8cba2cc26224ffd32c8c146a{\npadding-bottom:10px;\n}\nbody .av-special-heading.av-m42pp91j-a818b08c8cba2cc26224ffd32c8c146a .av-special-heading-tag .heading-char{\nfont-size:25px;\n}\n.av-special-heading.av-m42pp91j-a818b08c8cba2cc26224ffd32c8c146a .av-subheading{\nfont-size:15px;\n}\n<\/style>\n<div  class='av-special-heading av-m42pp91j-a818b08c8cba2cc26224ffd32c8c146a av-special-heading-h2 blockquote modern-quote  avia-builder-el-11  el_before_av_textblock  avia-builder-el-first '><h2 class='av-special-heading-tag'  itemprop=\"headline\"  >Principais caracter\u00edsticas<\/h2><div class=\"special-heading-border\"><div class=\"special-heading-inner-border\"><\/div><\/div><\/div><br \/>\n<section  class='av_textblock_section av-m42pq7i2-2c32a4a8483c595ae4ae399fab4401d1 '   itemscope=\"itemscope\" itemtype=\"https:\/\/schema.org\/CreativeWork\" ><div class='avia_textblock'  itemprop=\"text\" ><ul>\n<li>Feira Comercial: Re\u00fane empresas l\u00edderes que exp\u00f5em produtos, tecnologias e servi\u00e7os inovadores para a ind\u00fastria de revestimentos, tintas e adesivos.<\/li>\n<li>Programa de confer\u00eancia t\u00e9cnica: Inclui apresenta\u00e7\u00f5es de especialistas do setor sobre t\u00f3picos importantes como:<br \/>\nInova\u00e7\u00e3o em materiais<br \/>\nRegulamenta\u00e7\u00f5es ambientais<br \/>\nTecnologias de revestimento de alto desempenho<\/li>\n<li>Workshops e sess\u00f5es de forma\u00e7\u00e3o: Ideal para profissionais que pretendem atualizar-se sobre as \u00faltimas tend\u00eancias ou adquirir novas compet\u00eancias t\u00e9cnicas.<\/li>\n<li>Africa Focus: Destaca o potencial de crescimento do mercado africano de revestimentos, destacando oportunidades, desafios e solu\u00e7\u00f5es adequadas ao contexto local.<\/li>\n<\/ul>\n<\/div><\/section><\/p><\/div>\n\n<style type=\"text\/css\" data-created_by=\"avia_inline_auto\" id=\"style-css-av-3qwareo-bde971b44f0832ee1e2277dff46c1b9c\">\n.flex_column.av-3qwareo-bde971b44f0832ee1e2277dff46c1b9c{\npadding:50px 0 0 0;\n}\n<\/style>\n<div  class='flex_column av-3qwareo-bde971b44f0832ee1e2277dff46c1b9c av_one_full  avia-builder-el-13  el_after_av_one_full  el_before_av_one_full  first flex_column_div  column-top-margin'     ><p>\n<style type=\"text\/css\" data-created_by=\"avia_inline_auto\" id=\"style-css-av-m42pqgqv-3aba79c84693fc5d2bb7812178a4af57\">\n#top .av-special-heading.av-m42pqgqv-3aba79c84693fc5d2bb7812178a4af57{\npadding-bottom:10px;\n}\nbody .av-special-heading.av-m42pqgqv-3aba79c84693fc5d2bb7812178a4af57 .av-special-heading-tag .heading-char{\nfont-size:25px;\n}\n.av-special-heading.av-m42pqgqv-3aba79c84693fc5d2bb7812178a4af57 .av-subheading{\nfont-size:15px;\n}\n<\/style>\n<div  class='av-special-heading av-m42pqgqv-3aba79c84693fc5d2bb7812178a4af57 av-special-heading-h2 blockquote modern-quote  avia-builder-el-14  el_before_av_textblock  avia-builder-el-first '><h2 class='av-special-heading-tag'  itemprop=\"headline\"  >Participantes<\/h2><div class=\"special-heading-border\"><div class=\"special-heading-inner-border\"><\/div><\/div><\/div><br \/>\n<section  class='av_textblock_section av-m42pqz4w-9e6c5d034cf9d2993761898d4054aac9 '   itemscope=\"itemscope\" itemtype=\"https:\/\/schema.org\/CreativeWork\" ><div class='avia_textblock'  itemprop=\"text\" ><p>O evento atrai uma ampla gama de participantes, incluindo:<\/p>\n<ul>\n<li>Fabricantes de tintas e revestimentos<\/li>\n<li>Fornecedores de mat\u00e9ria-prima<\/li>\n<li>Distribuidores e revendedores<\/li>\n<li>Consultores t\u00e9cnicos e pesquisadores<\/li>\n<li>Especialistas em regulamenta\u00e7\u00e3o e sustentabilidade<\/li>\n<li>Profissionais de design e arquitetura interessados \u200b\u200bem novas tecnologias de superf\u00edcies e cores.<\/li>\n<\/ul>\n<\/div><\/section><\/p><\/div>\n\n<style type=\"text\/css\" data-created_by=\"avia_inline_auto\" id=\"style-css-av-3ftxmjk-1c410990e4a09c8efa799bfcac1a76c9\">\n.flex_column.av-3ftxmjk-1c410990e4a09c8efa799bfcac1a76c9{\npadding:50px 0 0 0;\n}\n<\/style>\n<div  class='flex_column av-3ftxmjk-1c410990e4a09c8efa799bfcac1a76c9 av_one_full  avia-builder-el-16  el_after_av_one_full  el_before_av_hr  first flex_column_div  column-top-margin'     ><p>\n<style type=\"text\/css\" data-created_by=\"avia_inline_auto\" id=\"style-css-av-m42prb7h-2ce21c0219d645a343999b7990499919\">\n#top .av-special-heading.av-m42prb7h-2ce21c0219d645a343999b7990499919{\npadding-bottom:10px;\n}\nbody .av-special-heading.av-m42prb7h-2ce21c0219d645a343999b7990499919 .av-special-heading-tag .heading-char{\nfont-size:25px;\n}\n.av-special-heading.av-m42prb7h-2ce21c0219d645a343999b7990499919 .av-subheading{\nfont-size:15px;\n}\n<\/style>\n<div  class='av-special-heading av-m42prb7h-2ce21c0219d645a343999b7990499919 av-special-heading-h2 blockquote modern-quote  avia-builder-el-17  el_before_av_textblock  avia-builder-el-first '><h2 class='av-special-heading-tag'  itemprop=\"headline\"  >Impacto na ind\u00fastria africana<\/h2><div class=\"special-heading-border\"><div class=\"special-heading-inner-border\"><\/div><\/div><\/div><br \/>\n<section  class='av_textblock_section av-m42prlt7-d8bc47e2eac8673797fc97fb4c05a4e1 '   itemscope=\"itemscope\" itemtype=\"https:\/\/schema.org\/CreativeWork\" ><div class='avia_textblock'  itemprop=\"text\" ><p>A Coatings for Africa \u00e9 considerada um catalisador para o desenvolvimento do setor de revestimentos no continente. Oferece uma vitrine para:<\/p>\n<ul>\n<li>A ado\u00e7\u00e3o de tecnologias inovadoras e sustent\u00e1veis<\/li>\n<li>O crescimento dos neg\u00f3cios locais atrav\u00e9s de conex\u00f5es globais<\/li>\n<li>A melhoria dos padr\u00f5es de qualidade atrav\u00e9s do acesso ao conhecimento e aos recursos.<\/li>\n<\/ul>\n<\/div><\/section><\/p><\/div>\n\n<style type=\"text\/css\" data-created_by=\"avia_inline_auto\" id=\"style-css-av-2unwxds-c66681727ade6544847fa2a7277044fc\">\n#top .hr.hr-invisible.av-2unwxds-c66681727ade6544847fa2a7277044fc{\nheight:24px;\n}\n<\/style>\n<div  class='hr av-2unwxds-c66681727ade6544847fa2a7277044fc hr-invisible  avia-builder-el-19  el_after_av_one_full  el_before_av_hr '><span class='hr-inner '><span class=\"hr-inner-style\"><\/span><\/span><\/div>\n<div  class='hr av-2fo7hi8-1ed6ec47696f6095104ae721492a4d1d hr-short  avia-builder-el-20  el_after_av_hr  el_before_av_hr  hr-left'><span class='hr-inner '><span class=\"hr-inner-style\"><\/span><\/span><\/div>\n\n<style type=\"text\/css\" data-created_by=\"avia_inline_auto\" id=\"style-css-av-22bbo74-b57096aa8dbbd1800417c586764ddc1d\">\n#top .hr.hr-invisible.av-22bbo74-b57096aa8dbbd1800417c586764ddc1d{\nheight:24px;\n}\n<\/style>\n<div  class='hr av-22bbo74-b57096aa8dbbd1800417c586764ddc1d hr-invisible  avia-builder-el-21  el_after_av_hr  el_before_av_one_full '><span class='hr-inner '><span class=\"hr-inner-style\"><\/span><\/span><\/div>\n\n<style type=\"text\/css\" data-created_by=\"avia_inline_auto\" id=\"style-css-av-1orexy8-f8946a13a2eea32fd2b22039aba595a1\">\n.flex_column.av-1orexy8-f8946a13a2eea32fd2b22039aba595a1{\npadding:48px 48px 48px 48px;\nbackground-color:#eceff1;\n}\n<\/style>\n<div  class='flex_column av-1orexy8-f8946a13a2eea32fd2b22039aba595a1 av_one_full  avia-builder-el-22  el_after_av_hr  avia-builder-el-last  first flex_column_div  '     ><p>\n<style type=\"text\/css\" data-created_by=\"avia_inline_auto\" id=\"style-css-av-3ohbi8-8f750bc313d23f821b7c694117c29eef\">\n#top .av-special-heading.av-3ohbi8-8f750bc313d23f821b7c694117c29eef{\npadding-bottom:10px;\n}\nbody .av-special-heading.av-3ohbi8-8f750bc313d23f821b7c694117c29eef .av-special-heading-tag .heading-char{\nfont-size:25px;\n}\n.av-special-heading.av-3ohbi8-8f750bc313d23f821b7c694117c29eef .av-subheading{\nfont-size:15px;\n}\n<\/style>\n<div  class='av-special-heading av-3ohbi8-8f750bc313d23f821b7c694117c29eef av-special-heading-h2 blockquote modern-quote modern-centered  avia-builder-el-23  el_before_av_textblock  avia-builder-el-first '><h2 class='av-special-heading-tag'  itemprop=\"headline\"  >AUX\u00cdLIO ESTATAL E DE MINIMIS<\/h2><div class=\"special-heading-border\"><div class=\"special-heading-inner-border\"><\/div><\/div><\/div><br \/>\n<section  class='av_textblock_section av-o11280-b43dbe036218b09eef8d51ad59896487 '   itemscope=\"itemscope\" itemtype=\"https:\/\/schema.org\/CreativeWork\" ><div class='avia_textblock'  itemprop=\"text\" ><p style=\"text-align: center;\"><strong>Obriga\u00e7\u00f5es de informa\u00e7\u00e3o para subven\u00e7\u00f5es p\u00fablicas.<\/strong><br \/>\nOs aux\u00edlios estatais e os aux\u00edlios de minimis recebidos pela nossa empresa constam do Registo Nacional de Aux\u00edlios Estatais referido no art. 52.\u00ba da Lei 234\/2012 a que se faz refer\u00eancia e que pode ser consultado no seguinte link:\u00a0<a role=\"link\" href=\"https:\/\/www.rna.gov.it\/trasparenza\" target=\"_blank\" rel=\"noopener\">Saber mais&gt;&gt;<\/a><\/p>\n<\/div><\/section><\/p><\/div>\n","protected":false},"excerpt":{"rendered":"","protected":false},"author":6,"featured_media":0,"parent":17448,"menu_order":0,"comment_status":"closed","ping_status":"closed","template":"","meta":{"_monsterinsights_skip_tracking":false,"_monsterinsights_sitenote_active":false,"_monsterinsights_sitenote_note":"","_monsterinsights_sitenote_category":0,"footnotes":""},"_links":{"self":[{"href":"https:\/\/www.idealtecsrl.com\/pt-br\/wp-json\/wp\/v2\/pages\/17469"}],"collection":[{"href":"https:\/\/www.idealtecsrl.com\/pt-br\/wp-json\/wp\/v2\/pages"}],"about":[{"href":"https:\/\/www.idealtecsrl.com\/pt-br\/wp-json\/wp\/v2\/types\/page"}],"author":[{"embeddable":true,"href":"https:\/\/www.idealtecsrl.com\/pt-br\/wp-json\/wp\/v2\/users\/6"}],"replies":[{"embeddable":true,"href":"https:\/\/www.idealtecsrl.com\/pt-br\/wp-json\/wp\/v2\/comments?post=17469"}],"version-history":[{"count":2,"href":"https:\/\/www.idealtecsrl.com\/pt-br\/wp-json\/wp\/v2\/pages\/17469\/revisions"}],"predecessor-version":[{"id":17471,"href":"https:\/\/www.idealtecsrl.com\/pt-br\/wp-json\/wp\/v2\/pages\/17469\/revisions\/17471"}],"up":[{"embeddable":true,"href":"https:\/\/www.idealtecsrl.com\/pt-br\/wp-json\/wp\/v2\/pages\/17448"}],"wp:attachment":[{"href":"https:\/\/www.idealtecsrl.com\/pt-br\/wp-json\/wp\/v2\/media?parent=17469"}],"curies":[{"name":"wp","href":"https:\/\/api.w.org\/{rel}","templated":true}]}}