{"id":17484,"date":"2024-11-30T12:59:17","date_gmt":"2024-11-30T11:59:17","guid":{"rendered":"https:\/\/www.idealtecsrl.com\/feiras-de-exposicao\/european-coatings-show\/"},"modified":"2024-11-30T12:59:17","modified_gmt":"2024-11-30T11:59:17","slug":"european-coatings-show","status":"publish","type":"page","link":"https:\/\/www.idealtecsrl.com\/pt-br\/feiras-de-exposicao\/european-coatings-show\/","title":{"rendered":"European Coatings Show"},"content":{"rendered":"<div id='full_slider_1'  class='avia-fullwidth-slider main_color avia-shadow   avia-builder-el-0  el_before_av_one_half  avia-builder-el-first   container_wrap fullsize'  >\n<style type=\"text\/css\" data-created_by=\"avia_inline_auto\" id=\"style-css-av-m42qzqjh-72554bdbee4881e58655344cfd66d83d\">\n#top #wrap_all .avia-slideshow .av-slideshow-caption.av-m42qzqjh-72554bdbee4881e58655344cfd66d83d__0 .avia-caption-title{\ncolor:#ffffff;\n}\n#top .avia-slideshow .av-slideshow-caption.av-m42qzqjh-72554bdbee4881e58655344cfd66d83d__0 .avia-caption-content{\ncolor:#ffffff;\n}\n<\/style>\n<div  class='avia-slideshow av-m42qzqjh-72554bdbee4881e58655344cfd66d83d avia-slideshow-featured av_slideshow_full avia-fade-slider av-slideshow-ui av-control-hidden av-no-slider-navigation av-hide-nav-arrows av-slideshow-autoplay av-loop-endless av-loop-manual-endless av-default-height-applied   avia-slideshow-1' data-slideshow-options=\"{&quot;animation&quot;:&quot;fade&quot;,&quot;autoplay&quot;:true,&quot;loop_autoplay&quot;:&quot;endless&quot;,&quot;interval&quot;:3,&quot;loop_manual&quot;:&quot;manual-endless&quot;,&quot;autoplay_stopper&quot;:false,&quot;noNavigation&quot;:true,&quot;bg_slider&quot;:false,&quot;transitionSpeed&quot;:800,&quot;keep_padding&quot;:false,&quot;hoverpause&quot;:false,&quot;show_slide_delay&quot;:0}\"  itemprop=\"image\" itemscope=\"itemscope\" itemtype=\"https:\/\/schema.org\/ImageObject\" ><ul class='avia-slideshow-inner ' style='padding-bottom: 28.666666666667%;'><li  class='avia-slideshow-slide av-m42qzqjh-72554bdbee4881e58655344cfd66d83d__0  slide-1 slide-odd'><div data-rel='slideshow-1' class='avia-slide-wrap '   ><img decoding=\"async\" fetchpriority=\"high\" class=\"wp-image-15267 avia-img-lazy-loading-not-15267\"  src=\"https:\/\/www.idealtecsrl.com\/wp-content\/uploads\/2024\/07\/visore-ci-presentiamo-1.jpg\" width=\"1500\" height=\"430\" title='visore-ci-presentiamo-1' alt=''  itemprop=\"thumbnailUrl\"  style='min-height:400px; min-width:1396px; ' srcset=\"https:\/\/www.idealtecsrl.com\/wp-content\/uploads\/2024\/07\/visore-ci-presentiamo-1.jpg 1500w, https:\/\/www.idealtecsrl.com\/wp-content\/uploads\/2024\/07\/visore-ci-presentiamo-1-300x86.jpg 300w, https:\/\/www.idealtecsrl.com\/wp-content\/uploads\/2024\/07\/visore-ci-presentiamo-1-1030x295.jpg 1030w, https:\/\/www.idealtecsrl.com\/wp-content\/uploads\/2024\/07\/visore-ci-presentiamo-1-768x220.jpg 768w, https:\/\/www.idealtecsrl.com\/wp-content\/uploads\/2024\/07\/visore-ci-presentiamo-1-705x202.jpg 705w\" sizes=\"(max-width: 1500px) 100vw, 1500px\" \/><div class='av-section-color-overlay' style='opacity: 0.6; background-color: #18417e; '><\/div><\/div><\/li><li  class='avia-slideshow-slide av-m42qzqjh-72554bdbee4881e58655344cfd66d83d__1  slide-2 slide-even'><div data-rel='slideshow-1' class='avia-slide-wrap '   ><img decoding=\"async\" fetchpriority=\"high\" class=\"wp-image-15274 avia-img-lazy-loading-not-15274\"  src=\"https:\/\/www.idealtecsrl.com\/wp-content\/uploads\/2024\/07\/visore-ci-presentiamo-2.jpg\" width=\"1500\" height=\"430\" title='visore-ci-presentiamo-2' alt=''  itemprop=\"thumbnailUrl\"  style='min-height:400px; min-width:1396px; ' srcset=\"https:\/\/www.idealtecsrl.com\/wp-content\/uploads\/2024\/07\/visore-ci-presentiamo-2.jpg 1500w, https:\/\/www.idealtecsrl.com\/wp-content\/uploads\/2024\/07\/visore-ci-presentiamo-2-300x86.jpg 300w, https:\/\/www.idealtecsrl.com\/wp-content\/uploads\/2024\/07\/visore-ci-presentiamo-2-1030x295.jpg 1030w, https:\/\/www.idealtecsrl.com\/wp-content\/uploads\/2024\/07\/visore-ci-presentiamo-2-768x220.jpg 768w, https:\/\/www.idealtecsrl.com\/wp-content\/uploads\/2024\/07\/visore-ci-presentiamo-2-705x202.jpg 705w\" sizes=\"(max-width: 1500px) 100vw, 1500px\" \/><div class='av-section-color-overlay' style='opacity: 0.6; background-color: #18417e; '><\/div><\/div><\/li><li  class='avia-slideshow-slide av-m42qzqjh-72554bdbee4881e58655344cfd66d83d__2  slide-3 slide-odd'><div data-rel='slideshow-1' class='avia-slide-wrap '   ><img decoding=\"async\" fetchpriority=\"high\" class=\"wp-image-15281 avia-img-lazy-loading-not-15281\"  src=\"https:\/\/www.idealtecsrl.com\/wp-content\/uploads\/2024\/07\/visore-ci-presentiamo-3.jpg\" width=\"1500\" height=\"430\" title='visore-ci-presentiamo-3' alt=''  itemprop=\"thumbnailUrl\"  style='min-height:400px; min-width:1396px; ' srcset=\"https:\/\/www.idealtecsrl.com\/wp-content\/uploads\/2024\/07\/visore-ci-presentiamo-3.jpg 1500w, https:\/\/www.idealtecsrl.com\/wp-content\/uploads\/2024\/07\/visore-ci-presentiamo-3-300x86.jpg 300w, https:\/\/www.idealtecsrl.com\/wp-content\/uploads\/2024\/07\/visore-ci-presentiamo-3-1030x295.jpg 1030w, https:\/\/www.idealtecsrl.com\/wp-content\/uploads\/2024\/07\/visore-ci-presentiamo-3-768x220.jpg 768w, https:\/\/www.idealtecsrl.com\/wp-content\/uploads\/2024\/07\/visore-ci-presentiamo-3-705x202.jpg 705w\" sizes=\"(max-width: 1500px) 100vw, 1500px\" \/><div class='av-section-color-overlay' style='opacity: 0.6; background-color: #18417e; '><\/div><\/div><\/li><li  class='avia-slideshow-slide av-m42qzqjh-72554bdbee4881e58655344cfd66d83d__3  slide-4 slide-even'><div data-rel='slideshow-1' class='avia-slide-wrap '   ><img decoding=\"async\" fetchpriority=\"high\" class=\"wp-image-15288 avia-img-lazy-loading-not-15288\"  src=\"https:\/\/www.idealtecsrl.com\/wp-content\/uploads\/2024\/07\/visore-ci-presentiamo-4.jpg\" width=\"1500\" height=\"430\" title='visore-ci-presentiamo-4' alt=''  itemprop=\"thumbnailUrl\"  style='min-height:400px; min-width:1396px; ' srcset=\"https:\/\/www.idealtecsrl.com\/wp-content\/uploads\/2024\/07\/visore-ci-presentiamo-4.jpg 1500w, https:\/\/www.idealtecsrl.com\/wp-content\/uploads\/2024\/07\/visore-ci-presentiamo-4-300x86.jpg 300w, https:\/\/www.idealtecsrl.com\/wp-content\/uploads\/2024\/07\/visore-ci-presentiamo-4-1030x295.jpg 1030w, https:\/\/www.idealtecsrl.com\/wp-content\/uploads\/2024\/07\/visore-ci-presentiamo-4-768x220.jpg 768w, https:\/\/www.idealtecsrl.com\/wp-content\/uploads\/2024\/07\/visore-ci-presentiamo-4-705x202.jpg 705w\" sizes=\"(max-width: 1500px) 100vw, 1500px\" \/><div class='av-section-color-overlay' style='opacity: 0.6; background-color: #18417e; '><\/div><\/div><\/li><li  class='avia-slideshow-slide av-m42qzqjh-72554bdbee4881e58655344cfd66d83d__4  slide-5 slide-odd'><div data-rel='slideshow-1' class='avia-slide-wrap '   ><img decoding=\"async\" fetchpriority=\"high\" class=\"wp-image-15295 avia-img-lazy-loading-not-15295\"  src=\"https:\/\/www.idealtecsrl.com\/wp-content\/uploads\/2024\/07\/visore-ci-presentiamo-5.jpg\" width=\"1500\" height=\"430\" title='visore-ci-presentiamo-5' alt=''  itemprop=\"thumbnailUrl\"  style='min-height:400px; min-width:1396px; ' srcset=\"https:\/\/www.idealtecsrl.com\/wp-content\/uploads\/2024\/07\/visore-ci-presentiamo-5.jpg 1500w, https:\/\/www.idealtecsrl.com\/wp-content\/uploads\/2024\/07\/visore-ci-presentiamo-5-300x86.jpg 300w, https:\/\/www.idealtecsrl.com\/wp-content\/uploads\/2024\/07\/visore-ci-presentiamo-5-1030x295.jpg 1030w, https:\/\/www.idealtecsrl.com\/wp-content\/uploads\/2024\/07\/visore-ci-presentiamo-5-768x220.jpg 768w, https:\/\/www.idealtecsrl.com\/wp-content\/uploads\/2024\/07\/visore-ci-presentiamo-5-705x202.jpg 705w\" sizes=\"(max-width: 1500px) 100vw, 1500px\" \/><div class='av-section-color-overlay' style='opacity: 0.6; background-color: #18417e; '><\/div><\/div><\/li><\/ul><div class='avia-slideshow-arrows avia-slideshow-controls' ><a href='#prev' class='prev-slide ' aria-hidden='true' data-av_icon='\ue87c' data-av_iconfont='entypo-fontello'  tabindex='-1'>Anterior<\/a><a href='#next' class='next-slide ' aria-hidden='true' data-av_icon='\ue87d' data-av_iconfont='entypo-fontello'  tabindex='-1'>Pr\u00f3ximo<\/a><\/div><div class='av-slideshow-caption av-m42qzqjh-72554bdbee4881e58655344cfd66d83d__0 caption_fullwidth caption_center'><div class=\"container caption_container\"><div class=\"slideshow_caption\"><div class=\"slideshow_inner_caption\"><div class=\"slideshow_align_caption\"><h1 class='avia-caption-title '  itemprop=\"name\" >European Coatings Show<\/h1><\/div><\/div><\/div><\/div><\/div><\/div><\/div><div id='after_full_slider_1'  class='main_color av_default_container_wrap container_wrap fullsize'  ><div class='container av-section-cont-open' ><div class='template-page content  av-content-full alpha units'><div class='post-entry post-entry-type-page post-entry-17484'><div class='entry-content-wrapper clearfix'>\n\n<style type=\"text\/css\" data-created_by=\"avia_inline_auto\" id=\"style-css-av-74b8l2l-eb55d3c1bcded2c7178c9fbb554b4470\">\n.flex_column.av-74b8l2l-eb55d3c1bcded2c7178c9fbb554b4470{\npadding:50px 0 0 0;\n}\n<\/style>\n<div  class='flex_column av-74b8l2l-eb55d3c1bcded2c7178c9fbb554b4470 av_one_half  avia-builder-el-1  el_after_av_slideshow_full  el_before_av_one_half  avia-builder-el-first  first flex_column_div  '     ><p><section  class='av_textblock_section av-m42r022k-681744b0f49dab8385e6d9c2d5e61d62 '   itemscope=\"itemscope\" itemtype=\"https:\/\/schema.org\/CreativeWork\" ><div class='avia_textblock'  itemprop=\"text\" ><p><strong>European Coatings Show (ECS)<\/strong> \u00e9 o maior e mais importante evento europeu dedicado \u00e0s ind\u00fastrias de revestimentos, tintas, adesivos, selantes e constru\u00e7\u00e3o qu\u00edmica. Organizado a cada dois anos em Nuremberg, na Alemanha, o ECS representa um ponto de refer\u00eancia global para fabricantes, fornecedores, pesquisadores e inovadores do setor.<\/p>\n<\/div><\/section><br \/>\n\n<style type=\"text\/css\" data-created_by=\"avia_inline_auto\" id=\"style-css-av-6uwndcd-91c59410387403eff154aea06a1db3be\">\n#top .hr.hr-invisible.av-6uwndcd-91c59410387403eff154aea06a1db3be{\nheight:50px;\n}\n<\/style>\n<div  class='hr av-6uwndcd-91c59410387403eff154aea06a1db3be hr-invisible  avia-builder-el-3  el_after_av_textblock  el_before_av_button '><span class='hr-inner '><span class=\"hr-inner-style\"><\/span><\/span><\/div><br \/>\n<div  class='avia-button-wrap av-m42r0ckx-5bcba707bca4210390e38e6a2d74465f-wrap avia-button-left  avia-builder-el-4  el_after_av_hr  avia-builder-el-last '><a href='https:\/\/www.european-coatings-show.com\/' class='avia-button av-m42r0ckx-5bcba707bca4210390e38e6a2d74465f av-link-btn avia-icon_select-yes-right-icon avia-size-large avia-position-left av-icon-on-hover avia-color-theme-color' target=\"_blank\" rel=\"noopener noreferrer\"><span class='avia_iconbox_title' >Visite o site oficial<\/span><span class='avia_button_icon avia_button_icon_right' aria-hidden='true' data-av_icon='\ue879' data-av_iconfont='entypo-fontello'><\/span><\/a><\/div><\/p><\/div>\n\n<style type=\"text\/css\" data-created_by=\"avia_inline_auto\" id=\"style-css-av-6698s6l-36ead2d20d819048bd4a30df3c66a427\">\n.flex_column.av-6698s6l-36ead2d20d819048bd4a30df3c66a427{\npadding:50px 0 0 0;\n}\n<\/style>\n<div  class='flex_column av-6698s6l-36ead2d20d819048bd4a30df3c66a427 av_one_half  avia-builder-el-5  el_after_av_one_half  el_before_av_one_full  flex_column_div  '     ><style type=\"text\/css\" data-created_by=\"avia_inline_auto\" id=\"style-css-av-m42r0r7s-78457733aa7117f88738eca12c0f8917\">\n.avia-image-container.av-m42r0r7s-78457733aa7117f88738eca12c0f8917 img.avia_image{\nbox-shadow:none;\n}\n.avia-image-container.av-m42r0r7s-78457733aa7117f88738eca12c0f8917 .av-image-caption-overlay-center{\ncolor:#ffffff;\n}\n<\/style>\n<div  class='avia-image-container av-m42r0r7s-78457733aa7117f88738eca12c0f8917 av-styling- avia-align-center  avia-builder-el-6  avia-builder-el-no-sibling '   itemprop=\"image\" itemscope=\"itemscope\" itemtype=\"https:\/\/schema.org\/ImageObject\" ><div class=\"avia-image-container-inner\"><div class=\"avia-image-overlay-wrap\"><img decoding=\"async\" fetchpriority=\"high\" class='wp-image-14259 avia-img-lazy-loading-not-14259 avia_image ' src=\"https:\/\/www.idealtecsrl.com\/wp-content\/uploads\/2024\/07\/European-Coatings-Show-300x300.jpg\" alt='' title='European-Coatings-Show'  height=\"300\" width=\"300\"  itemprop=\"thumbnailUrl\" srcset=\"https:\/\/www.idealtecsrl.com\/wp-content\/uploads\/2024\/07\/European-Coatings-Show-300x300.jpg 300w, https:\/\/www.idealtecsrl.com\/wp-content\/uploads\/2024\/07\/European-Coatings-Show-80x80.jpg 80w, https:\/\/www.idealtecsrl.com\/wp-content\/uploads\/2024\/07\/European-Coatings-Show-36x36.jpg 36w, https:\/\/www.idealtecsrl.com\/wp-content\/uploads\/2024\/07\/European-Coatings-Show-180x180.jpg 180w, https:\/\/www.idealtecsrl.com\/wp-content\/uploads\/2024\/07\/European-Coatings-Show.jpg 400w\" sizes=\"(max-width: 300px) 100vw, 300px\" \/><\/div><\/div><\/div><\/div>\n<style type=\"text\/css\" data-created_by=\"avia_inline_auto\" id=\"style-css-av-5yrnpgt-294a25b32bf9bf0ab3a4b1cdbaa1e29f\">\n.flex_column.av-5yrnpgt-294a25b32bf9bf0ab3a4b1cdbaa1e29f{\npadding:50px 0 0 0;\n}\n<\/style>\n<div  class='flex_column av-5yrnpgt-294a25b32bf9bf0ab3a4b1cdbaa1e29f av_one_full  avia-builder-el-7  el_after_av_one_half  el_before_av_one_full  first flex_column_div  column-top-margin'     ><p>\n<style type=\"text\/css\" data-created_by=\"avia_inline_auto\" id=\"style-css-av-m42r19oi-e5c89838b46de76fdceb6823df9ad05a\">\n#top .av-special-heading.av-m42r19oi-e5c89838b46de76fdceb6823df9ad05a{\npadding-bottom:10px;\n}\nbody .av-special-heading.av-m42r19oi-e5c89838b46de76fdceb6823df9ad05a .av-special-heading-tag .heading-char{\nfont-size:25px;\n}\n.av-special-heading.av-m42r19oi-e5c89838b46de76fdceb6823df9ad05a .av-subheading{\nfont-size:15px;\n}\n<\/style>\n<div  class='av-special-heading av-m42r19oi-e5c89838b46de76fdceb6823df9ad05a av-special-heading-h2 blockquote modern-quote  avia-builder-el-8  el_before_av_textblock  avia-builder-el-first '><h2 class='av-special-heading-tag'  itemprop=\"headline\"  >Objetivos e Import\u00e2ncia<\/h2><div class=\"special-heading-border\"><div class=\"special-heading-inner-border\"><\/div><\/div><\/div><br \/>\n<section  class='av_textblock_section av-m42r6osy-fde9e501f8b2614e71af10a40d710a77 '   itemscope=\"itemscope\" itemtype=\"https:\/\/schema.org\/CreativeWork\" ><div class='avia_textblock'  itemprop=\"text\" ><p>O European Coatings Show pretende:<\/p>\n<ul>\n<li>Promover a inova\u00e7\u00e3o tecnol\u00f3gica: com foco em formula\u00e7\u00f5es de ponta, materiais sustent\u00e1veis \u200b\u200be t\u00e9cnicas de produ\u00e7\u00e3o eficientes.<\/li>\n<li>Facilitar a troca de conhecimento: atrav\u00e9s de um extenso programa de confer\u00eancias cient\u00edficas e apresenta\u00e7\u00f5es t\u00e9cnicas.<\/li>\n<li>Ofere\u00e7a oportunidades de networking: conectando os principais participantes do setor em um s\u00f3 lugar, para promover parcerias e colabora\u00e7\u00f5es estrat\u00e9gicas.<\/li>\n<\/ul>\n<p>\u00c9 reconhecido como um evento essencial para quem trabalha no setor, pela sua capacidade de antecipar tend\u00eancias e definir o futuro da ind\u00fastria.<\/p>\n<\/div><\/section><\/p><\/div><\/p>\n\n<style type=\"text\/css\" data-created_by=\"avia_inline_auto\" id=\"style-css-av-5a8ll0t-e7438d3636745c7b13a04e24ee636361\">\n.flex_column.av-5a8ll0t-e7438d3636745c7b13a04e24ee636361{\npadding:50px 0 0 0;\n}\n<\/style>\n<div  class='flex_column av-5a8ll0t-e7438d3636745c7b13a04e24ee636361 av_one_full  avia-builder-el-10  el_after_av_one_full  el_before_av_one_full  first flex_column_div  column-top-margin'     ><p>\n<style type=\"text\/css\" data-created_by=\"avia_inline_auto\" id=\"style-css-av-4rkjhd9-bcd6d2e17c8f76d2a902cebe04322cec\">\n#top .av-special-heading.av-4rkjhd9-bcd6d2e17c8f76d2a902cebe04322cec{\npadding-bottom:10px;\n}\nbody .av-special-heading.av-4rkjhd9-bcd6d2e17c8f76d2a902cebe04322cec .av-special-heading-tag .heading-char{\nfont-size:25px;\n}\n.av-special-heading.av-4rkjhd9-bcd6d2e17c8f76d2a902cebe04322cec .av-subheading{\nfont-size:15px;\n}\n<\/style>\n<div  class='av-special-heading av-4rkjhd9-bcd6d2e17c8f76d2a902cebe04322cec av-special-heading-h2 blockquote modern-quote  avia-builder-el-11  el_before_av_textblock  avia-builder-el-first '><h2 class='av-special-heading-tag'  itemprop=\"headline\"  >Principais caracter\u00edsticas<\/h2><div class=\"special-heading-border\"><div class=\"special-heading-inner-border\"><\/div><\/div><\/div><br \/>\n<section  class='av_textblock_section av-m42r7azq-931b97c10a7cb25008bb328c99f5b74b '   itemscope=\"itemscope\" itemtype=\"https:\/\/schema.org\/CreativeWork\" ><div class='avia_textblock'  itemprop=\"text\" ><ul>\n<li>Exposi\u00e7\u00e3o Comercial<br \/>\nO evento recebe centenas de expositores de todo o mundo, que apresentam:<br \/>\nMat\u00e9rias-primas para revestimentos, tintas e adesivos (resinas, pigmentos, aditivos, etc.)<br \/>\nEquipamentos e tecnologias para produ\u00e7\u00e3o e aplica\u00e7\u00e3o<br \/>\nFerramentas de controle de qualidade e software de laborat\u00f3rio<br \/>\nSolu\u00e7\u00f5es inovadoras para a ind\u00fastria qu\u00edmica da constru\u00e7\u00e3o.<\/li>\n<li>Confer\u00eancia Europeia de Revestimentos<br \/>\nUm programa paralelo que se aprofunda em temas t\u00e9cnicos e cient\u00edficos, com contribui\u00e7\u00f5es de especialistas e acad\u00eamicos em temas como:<br \/>\nNovos materiais e formula\u00e7\u00f5es<br \/>\nRedu\u00e7\u00e3o do impacto ambiental e sustentabilidade<br \/>\nTecnologias para melhorar a resist\u00eancia e desempenho de revestimentos<br \/>\nRegulamentos e padr\u00f5es internacionais.<\/li>\n<li>Foco em Inova\u00e7\u00e3o e Sustentabilidade<br \/>\nO tema da sustentabilidade est\u00e1 no centro do ECS, com particular \u00eanfase em:<br \/>\nProdutos com baixo teor de VOC (Compostos Org\u00e2nicos Vol\u00e1teis)<br \/>\nSolu\u00e7\u00f5es para a economia circular<br \/>\nEfici\u00eancia energ\u00e9tica nos processos produtivos.<\/li>\n<li>Rede Global<br \/>\nGra\u00e7as \u00e0 participa\u00e7\u00e3o de profissionais e empresas de mais de 100 pa\u00edses, o ECS \u00e9 uma oportunidade \u00fanica para construir rela\u00e7\u00f5es estrat\u00e9gicas, descobrir novos mercados e aceder a uma rede global de inovadores.<\/li>\n<\/ul>\n<\/div><\/section><\/p><\/div>\n\n<style type=\"text\/css\" data-created_by=\"avia_inline_auto\" id=\"style-css-av-4h40yel-a22aec57a4c9b9d453879395fa90edbf\">\n.flex_column.av-4h40yel-a22aec57a4c9b9d453879395fa90edbf{\npadding:50px 0 0 0;\n}\n<\/style>\n<div  class='flex_column av-4h40yel-a22aec57a4c9b9d453879395fa90edbf av_one_full  avia-builder-el-13  el_after_av_one_full  el_before_av_one_full  first flex_column_div  column-top-margin'     ><p>\n<style type=\"text\/css\" data-created_by=\"avia_inline_auto\" id=\"style-css-av-44jpy4t-e6d23667b3b52360511829b84f6922a5\">\n#top .av-special-heading.av-44jpy4t-e6d23667b3b52360511829b84f6922a5{\npadding-bottom:10px;\n}\nbody .av-special-heading.av-44jpy4t-e6d23667b3b52360511829b84f6922a5 .av-special-heading-tag .heading-char{\nfont-size:25px;\n}\n.av-special-heading.av-44jpy4t-e6d23667b3b52360511829b84f6922a5 .av-subheading{\nfont-size:15px;\n}\n<\/style>\n<div  class='av-special-heading av-44jpy4t-e6d23667b3b52360511829b84f6922a5 av-special-heading-h2 blockquote modern-quote  avia-builder-el-14  el_before_av_textblock  avia-builder-el-first '><h2 class='av-special-heading-tag'  itemprop=\"headline\"  >Participantes<\/h2><div class=\"special-heading-border\"><div class=\"special-heading-inner-border\"><\/div><\/div><\/div><br \/>\n<section  class='av_textblock_section av-m42r7kya-c8a1f1c8872c95f70fac419d1e5c4794 '   itemscope=\"itemscope\" itemtype=\"https:\/\/schema.org\/CreativeWork\" ><div class='avia_textblock'  itemprop=\"text\" ><p>O ECS atrai uma ampla gama de profissionais, incluindo:<\/p>\n<ul>\n<li>Fabricantes de tintas, adesivos, selantes e revestimentos<\/li>\n<li>Fornecedores de mat\u00e9rias-primas e equipamentos<\/li>\n<li>Pesquisadores e cientistas<\/li>\n<li>Consultores t\u00e9cnicos e especialistas em P&amp;D<\/li>\n<li>Gerente de produ\u00e7\u00e3o e qualidade<\/li>\n<li>Operadores do setor de constru\u00e7\u00e3o qu\u00edmica.<\/li>\n<\/ul>\n<\/div><\/section><\/p><\/div>\n\n<style type=\"text\/css\" data-created_by=\"avia_inline_auto\" id=\"style-css-av-3ifpebx-d09fdc810a8eecd4f27142864bad4fcc\">\n.flex_column.av-3ifpebx-d09fdc810a8eecd4f27142864bad4fcc{\npadding:50px 0 0 0;\n}\n<\/style>\n<div  class='flex_column av-3ifpebx-d09fdc810a8eecd4f27142864bad4fcc av_one_full  avia-builder-el-16  el_after_av_one_full  el_before_av_hr  first flex_column_div  column-top-margin'     ><p>\n<style type=\"text\/css\" data-created_by=\"avia_inline_auto\" id=\"style-css-av-m42r7s09-1ed956817531dcf42c59279fd8bc2c83\">\n#top .av-special-heading.av-m42r7s09-1ed956817531dcf42c59279fd8bc2c83{\npadding-bottom:10px;\n}\nbody .av-special-heading.av-m42r7s09-1ed956817531dcf42c59279fd8bc2c83 .av-special-heading-tag .heading-char{\nfont-size:25px;\n}\n.av-special-heading.av-m42r7s09-1ed956817531dcf42c59279fd8bc2c83 .av-subheading{\nfont-size:15px;\n}\n<\/style>\n<div  class='av-special-heading av-m42r7s09-1ed956817531dcf42c59279fd8bc2c83 av-special-heading-h2 blockquote modern-quote  avia-builder-el-17  el_before_av_textblock  avia-builder-el-first '><h2 class='av-special-heading-tag'  itemprop=\"headline\"  >Impacto na ind\u00fastria global<\/h2><div class=\"special-heading-border\"><div class=\"special-heading-inner-border\"><\/div><\/div><\/div><br \/>\n<section  class='av_textblock_section av-m42r80n8-8ea005d8018e94904279b78dd4578897 '   itemscope=\"itemscope\" itemtype=\"https:\/\/schema.org\/CreativeWork\" ><div class='avia_textblock'  itemprop=\"text\" ><p>Gra\u00e7as \u00e0 sua relev\u00e2ncia internacional, o European Coatings Show:<\/p>\n<ul>\n<li>Estabelece padr\u00f5es de qualidade e inova\u00e7\u00e3o para a ind\u00fastria<\/li>\n<li>Destaca tend\u00eancias emergentes e desafios regulat\u00f3rios<\/li>\n<li>Apoia a transi\u00e7\u00e3o para modelos de produ\u00e7\u00e3o mais sustent\u00e1veis \u200b\u200be respons\u00e1veis.<\/li>\n<\/ul>\n<\/div><\/section><\/p><\/div>\n\n<style type=\"text\/css\" data-created_by=\"avia_inline_auto\" id=\"style-css-av-34iipal-95cb6f1615cab402cd7c73669f6fc017\">\n#top .hr.hr-invisible.av-34iipal-95cb6f1615cab402cd7c73669f6fc017{\nheight:24px;\n}\n<\/style>\n<div  class='hr av-34iipal-95cb6f1615cab402cd7c73669f6fc017 hr-invisible  avia-builder-el-19  el_after_av_one_full  el_before_av_hr '><span class='hr-inner '><span class=\"hr-inner-style\"><\/span><\/span><\/div>\n<div  class='hr av-2cgpe5p-1597d6967d7ac152676a428a21715cdb hr-short  avia-builder-el-20  el_after_av_hr  el_before_av_hr  hr-left'><span class='hr-inner '><span class=\"hr-inner-style\"><\/span><\/span><\/div>\n\n<style type=\"text\/css\" data-created_by=\"avia_inline_auto\" id=\"style-css-av-27k484t-4a985c3e75b18c846eb5034210a3634f\">\n#top .hr.hr-invisible.av-27k484t-4a985c3e75b18c846eb5034210a3634f{\nheight:24px;\n}\n<\/style>\n<div  class='hr av-27k484t-4a985c3e75b18c846eb5034210a3634f hr-invisible  avia-builder-el-21  el_after_av_hr  el_before_av_one_full '><span class='hr-inner '><span class=\"hr-inner-style\"><\/span><\/span><\/div>\n\n<style type=\"text\/css\" data-created_by=\"avia_inline_auto\" id=\"style-css-av-1rdq06l-11464092b7b4a71c5b161c847716563d\">\n.flex_column.av-1rdq06l-11464092b7b4a71c5b161c847716563d{\npadding:48px 48px 48px 48px;\nbackground-color:#eceff1;\n}\n<\/style>\n<div  class='flex_column av-1rdq06l-11464092b7b4a71c5b161c847716563d av_one_full  avia-builder-el-22  el_after_av_hr  avia-builder-el-last  first flex_column_div  '     ><p>\n<style type=\"text\/css\" data-created_by=\"avia_inline_auto\" id=\"style-css-av-16ih92l-b221830c33967595dcfdd8902319da3c\">\n#top .av-special-heading.av-16ih92l-b221830c33967595dcfdd8902319da3c{\npadding-bottom:10px;\n}\nbody .av-special-heading.av-16ih92l-b221830c33967595dcfdd8902319da3c .av-special-heading-tag .heading-char{\nfont-size:25px;\n}\n.av-special-heading.av-16ih92l-b221830c33967595dcfdd8902319da3c .av-subheading{\nfont-size:15px;\n}\n<\/style>\n<div  class='av-special-heading av-16ih92l-b221830c33967595dcfdd8902319da3c av-special-heading-h2 blockquote modern-quote modern-centered  avia-builder-el-23  el_before_av_textblock  avia-builder-el-first '><h2 class='av-special-heading-tag'  itemprop=\"headline\"  >AUX\u00cdLIO ESTATAL E DE MINIMIS<\/h2><div class=\"special-heading-border\"><div class=\"special-heading-inner-border\"><\/div><\/div><\/div><br \/>\n<section  class='av_textblock_section av-in6bnx-e9f5ec3fb3b070ad250633e4dbf98227 '   itemscope=\"itemscope\" itemtype=\"https:\/\/schema.org\/CreativeWork\" ><div class='avia_textblock'  itemprop=\"text\" ><p style=\"text-align: center;\"><strong>Obriga\u00e7\u00f5es de informa\u00e7\u00e3o para subven\u00e7\u00f5es p\u00fablicas.<\/strong><br \/>\nOs aux\u00edlios estatais e os aux\u00edlios de minimis recebidos pela nossa empresa constam do Registo Nacional de Aux\u00edlios Estatais referido no art. 52.\u00ba da Lei 234\/2012 a que se faz refer\u00eancia e que pode ser consultado no seguinte link:\u00a0<a role=\"link\" href=\"https:\/\/www.rna.gov.it\/trasparenza\" target=\"_blank\" rel=\"noopener\">Saber mais&gt;&gt;<\/a><\/p>\n<\/div><\/section><\/p><\/div>\n","protected":false},"excerpt":{"rendered":"","protected":false},"author":6,"featured_media":0,"parent":17448,"menu_order":0,"comment_status":"closed","ping_status":"closed","template":"","meta":{"_monsterinsights_skip_tracking":false,"_monsterinsights_sitenote_active":false,"_monsterinsights_sitenote_note":"","_monsterinsights_sitenote_category":0,"footnotes":""},"_links":{"self":[{"href":"https:\/\/www.idealtecsrl.com\/pt-br\/wp-json\/wp\/v2\/pages\/17484"}],"collection":[{"href":"https:\/\/www.idealtecsrl.com\/pt-br\/wp-json\/wp\/v2\/pages"}],"about":[{"href":"https:\/\/www.idealtecsrl.com\/pt-br\/wp-json\/wp\/v2\/types\/page"}],"author":[{"embeddable":true,"href":"https:\/\/www.idealtecsrl.com\/pt-br\/wp-json\/wp\/v2\/users\/6"}],"replies":[{"embeddable":true,"href":"https:\/\/www.idealtecsrl.com\/pt-br\/wp-json\/wp\/v2\/comments?post=17484"}],"version-history":[{"count":2,"href":"https:\/\/www.idealtecsrl.com\/pt-br\/wp-json\/wp\/v2\/pages\/17484\/revisions"}],"predecessor-version":[{"id":17486,"href":"https:\/\/www.idealtecsrl.com\/pt-br\/wp-json\/wp\/v2\/pages\/17484\/revisions\/17486"}],"up":[{"embeddable":true,"href":"https:\/\/www.idealtecsrl.com\/pt-br\/wp-json\/wp\/v2\/pages\/17448"}],"wp:attachment":[{"href":"https:\/\/www.idealtecsrl.com\/pt-br\/wp-json\/wp\/v2\/media?parent=17484"}],"curies":[{"name":"wp","href":"https:\/\/api.w.org\/{rel}","templated":true}]}}