{"id":17505,"date":"2024-11-30T13:17:25","date_gmt":"2024-11-30T12:17:25","guid":{"rendered":"https:\/\/www.idealtecsrl.com\/feiras-de-exposicao\/fakuma\/"},"modified":"2024-11-30T13:17:25","modified_gmt":"2024-11-30T12:17:25","slug":"fakuma","status":"publish","type":"page","link":"https:\/\/www.idealtecsrl.com\/pt-br\/feiras-de-exposicao\/fakuma\/","title":{"rendered":"Fakuma"},"content":{"rendered":"<div id='full_slider_1'  class='avia-fullwidth-slider main_color avia-shadow   avia-builder-el-0  el_before_av_one_half  avia-builder-el-first   container_wrap fullsize'  >\n<style type=\"text\/css\" data-created_by=\"avia_inline_auto\" id=\"style-css-av-m42rbzsd-810b482947b2352ff06235e16fd29a40\">\n#top #wrap_all .avia-slideshow .av-slideshow-caption.av-m42rbzsd-810b482947b2352ff06235e16fd29a40__0 .avia-caption-title{\ncolor:#ffffff;\n}\n#top .avia-slideshow .av-slideshow-caption.av-m42rbzsd-810b482947b2352ff06235e16fd29a40__0 .avia-caption-content{\ncolor:#ffffff;\n}\n<\/style>\n<div  class='avia-slideshow av-m42rbzsd-810b482947b2352ff06235e16fd29a40 avia-slideshow-featured av_slideshow_full avia-fade-slider av-slideshow-ui av-control-hidden av-no-slider-navigation av-hide-nav-arrows av-slideshow-autoplay av-loop-endless av-loop-manual-endless av-default-height-applied   avia-slideshow-1' data-slideshow-options=\"{&quot;animation&quot;:&quot;fade&quot;,&quot;autoplay&quot;:true,&quot;loop_autoplay&quot;:&quot;endless&quot;,&quot;interval&quot;:3,&quot;loop_manual&quot;:&quot;manual-endless&quot;,&quot;autoplay_stopper&quot;:false,&quot;noNavigation&quot;:true,&quot;bg_slider&quot;:false,&quot;transitionSpeed&quot;:800,&quot;keep_padding&quot;:false,&quot;hoverpause&quot;:false,&quot;show_slide_delay&quot;:0}\"  itemprop=\"image\" itemscope=\"itemscope\" itemtype=\"https:\/\/schema.org\/ImageObject\" ><ul class='avia-slideshow-inner ' style='padding-bottom: 28.666666666667%;'><li  class='avia-slideshow-slide av-m42rbzsd-810b482947b2352ff06235e16fd29a40__0  slide-1 slide-odd'><div data-rel='slideshow-1' class='avia-slide-wrap '   ><img decoding=\"async\" fetchpriority=\"high\" class=\"wp-image-15267 avia-img-lazy-loading-not-15267\"  src=\"https:\/\/www.idealtecsrl.com\/wp-content\/uploads\/2024\/07\/visore-ci-presentiamo-1.jpg\" width=\"1500\" height=\"430\" title='visore-ci-presentiamo-1' alt=''  itemprop=\"thumbnailUrl\"  style='min-height:400px; min-width:1396px; ' srcset=\"https:\/\/www.idealtecsrl.com\/wp-content\/uploads\/2024\/07\/visore-ci-presentiamo-1.jpg 1500w, https:\/\/www.idealtecsrl.com\/wp-content\/uploads\/2024\/07\/visore-ci-presentiamo-1-300x86.jpg 300w, https:\/\/www.idealtecsrl.com\/wp-content\/uploads\/2024\/07\/visore-ci-presentiamo-1-1030x295.jpg 1030w, https:\/\/www.idealtecsrl.com\/wp-content\/uploads\/2024\/07\/visore-ci-presentiamo-1-768x220.jpg 768w, https:\/\/www.idealtecsrl.com\/wp-content\/uploads\/2024\/07\/visore-ci-presentiamo-1-705x202.jpg 705w\" sizes=\"(max-width: 1500px) 100vw, 1500px\" \/><div class='av-section-color-overlay' style='opacity: 0.6; background-color: #18417e; '><\/div><\/div><\/li><li  class='avia-slideshow-slide av-m42rbzsd-810b482947b2352ff06235e16fd29a40__1  slide-2 slide-even'><div data-rel='slideshow-1' class='avia-slide-wrap '   ><img decoding=\"async\" fetchpriority=\"high\" class=\"wp-image-15274 avia-img-lazy-loading-not-15274\"  src=\"https:\/\/www.idealtecsrl.com\/wp-content\/uploads\/2024\/07\/visore-ci-presentiamo-2.jpg\" width=\"1500\" height=\"430\" title='visore-ci-presentiamo-2' alt=''  itemprop=\"thumbnailUrl\"  style='min-height:400px; min-width:1396px; ' srcset=\"https:\/\/www.idealtecsrl.com\/wp-content\/uploads\/2024\/07\/visore-ci-presentiamo-2.jpg 1500w, https:\/\/www.idealtecsrl.com\/wp-content\/uploads\/2024\/07\/visore-ci-presentiamo-2-300x86.jpg 300w, https:\/\/www.idealtecsrl.com\/wp-content\/uploads\/2024\/07\/visore-ci-presentiamo-2-1030x295.jpg 1030w, https:\/\/www.idealtecsrl.com\/wp-content\/uploads\/2024\/07\/visore-ci-presentiamo-2-768x220.jpg 768w, https:\/\/www.idealtecsrl.com\/wp-content\/uploads\/2024\/07\/visore-ci-presentiamo-2-705x202.jpg 705w\" sizes=\"(max-width: 1500px) 100vw, 1500px\" \/><div class='av-section-color-overlay' style='opacity: 0.6; background-color: #18417e; '><\/div><\/div><\/li><li  class='avia-slideshow-slide av-m42rbzsd-810b482947b2352ff06235e16fd29a40__2  slide-3 slide-odd'><div data-rel='slideshow-1' class='avia-slide-wrap '   ><img decoding=\"async\" fetchpriority=\"high\" class=\"wp-image-15281 avia-img-lazy-loading-not-15281\"  src=\"https:\/\/www.idealtecsrl.com\/wp-content\/uploads\/2024\/07\/visore-ci-presentiamo-3.jpg\" width=\"1500\" height=\"430\" title='visore-ci-presentiamo-3' alt=''  itemprop=\"thumbnailUrl\"  style='min-height:400px; min-width:1396px; ' srcset=\"https:\/\/www.idealtecsrl.com\/wp-content\/uploads\/2024\/07\/visore-ci-presentiamo-3.jpg 1500w, https:\/\/www.idealtecsrl.com\/wp-content\/uploads\/2024\/07\/visore-ci-presentiamo-3-300x86.jpg 300w, https:\/\/www.idealtecsrl.com\/wp-content\/uploads\/2024\/07\/visore-ci-presentiamo-3-1030x295.jpg 1030w, https:\/\/www.idealtecsrl.com\/wp-content\/uploads\/2024\/07\/visore-ci-presentiamo-3-768x220.jpg 768w, https:\/\/www.idealtecsrl.com\/wp-content\/uploads\/2024\/07\/visore-ci-presentiamo-3-705x202.jpg 705w\" sizes=\"(max-width: 1500px) 100vw, 1500px\" \/><div class='av-section-color-overlay' style='opacity: 0.6; background-color: #18417e; '><\/div><\/div><\/li><li  class='avia-slideshow-slide av-m42rbzsd-810b482947b2352ff06235e16fd29a40__3  slide-4 slide-even'><div data-rel='slideshow-1' class='avia-slide-wrap '   ><img decoding=\"async\" fetchpriority=\"high\" class=\"wp-image-15288 avia-img-lazy-loading-not-15288\"  src=\"https:\/\/www.idealtecsrl.com\/wp-content\/uploads\/2024\/07\/visore-ci-presentiamo-4.jpg\" width=\"1500\" height=\"430\" title='visore-ci-presentiamo-4' alt=''  itemprop=\"thumbnailUrl\"  style='min-height:400px; min-width:1396px; ' srcset=\"https:\/\/www.idealtecsrl.com\/wp-content\/uploads\/2024\/07\/visore-ci-presentiamo-4.jpg 1500w, https:\/\/www.idealtecsrl.com\/wp-content\/uploads\/2024\/07\/visore-ci-presentiamo-4-300x86.jpg 300w, https:\/\/www.idealtecsrl.com\/wp-content\/uploads\/2024\/07\/visore-ci-presentiamo-4-1030x295.jpg 1030w, https:\/\/www.idealtecsrl.com\/wp-content\/uploads\/2024\/07\/visore-ci-presentiamo-4-768x220.jpg 768w, https:\/\/www.idealtecsrl.com\/wp-content\/uploads\/2024\/07\/visore-ci-presentiamo-4-705x202.jpg 705w\" sizes=\"(max-width: 1500px) 100vw, 1500px\" \/><div class='av-section-color-overlay' style='opacity: 0.6; background-color: #18417e; '><\/div><\/div><\/li><li  class='avia-slideshow-slide av-m42rbzsd-810b482947b2352ff06235e16fd29a40__4  slide-5 slide-odd'><div data-rel='slideshow-1' class='avia-slide-wrap '   ><img decoding=\"async\" fetchpriority=\"high\" class=\"wp-image-15295 avia-img-lazy-loading-not-15295\"  src=\"https:\/\/www.idealtecsrl.com\/wp-content\/uploads\/2024\/07\/visore-ci-presentiamo-5.jpg\" width=\"1500\" height=\"430\" title='visore-ci-presentiamo-5' alt=''  itemprop=\"thumbnailUrl\"  style='min-height:400px; min-width:1396px; ' srcset=\"https:\/\/www.idealtecsrl.com\/wp-content\/uploads\/2024\/07\/visore-ci-presentiamo-5.jpg 1500w, https:\/\/www.idealtecsrl.com\/wp-content\/uploads\/2024\/07\/visore-ci-presentiamo-5-300x86.jpg 300w, https:\/\/www.idealtecsrl.com\/wp-content\/uploads\/2024\/07\/visore-ci-presentiamo-5-1030x295.jpg 1030w, https:\/\/www.idealtecsrl.com\/wp-content\/uploads\/2024\/07\/visore-ci-presentiamo-5-768x220.jpg 768w, https:\/\/www.idealtecsrl.com\/wp-content\/uploads\/2024\/07\/visore-ci-presentiamo-5-705x202.jpg 705w\" sizes=\"(max-width: 1500px) 100vw, 1500px\" \/><div class='av-section-color-overlay' style='opacity: 0.6; background-color: #18417e; '><\/div><\/div><\/li><\/ul><div class='avia-slideshow-arrows avia-slideshow-controls' ><a href='#prev' class='prev-slide ' aria-hidden='true' data-av_icon='\ue87c' data-av_iconfont='entypo-fontello'  tabindex='-1'>Anterior<\/a><a href='#next' class='next-slide ' aria-hidden='true' data-av_icon='\ue87d' data-av_iconfont='entypo-fontello'  tabindex='-1'>Pr\u00f3ximo<\/a><\/div><div class='av-slideshow-caption av-m42rbzsd-810b482947b2352ff06235e16fd29a40__0 caption_fullwidth caption_center'><div class=\"container caption_container\"><div class=\"slideshow_caption\"><div class=\"slideshow_inner_caption\"><div class=\"slideshow_align_caption\"><h1 class='avia-caption-title '  itemprop=\"name\" >Fakuma<\/h1><\/div><\/div><\/div><\/div><\/div><\/div><\/div><div id='after_full_slider_1'  class='main_color av_default_container_wrap container_wrap fullsize'  ><div class='container av-section-cont-open' ><div class='template-page content  av-content-full alpha units'><div class='post-entry post-entry-type-page post-entry-17505'><div class='entry-content-wrapper clearfix'>\n\n<style type=\"text\/css\" data-created_by=\"avia_inline_auto\" id=\"style-css-av-70z9qog-10001a1ef75903d210df979656829144\">\n.flex_column.av-70z9qog-10001a1ef75903d210df979656829144{\npadding:50px 0 0 0;\n}\n<\/style>\n<div  class='flex_column av-70z9qog-10001a1ef75903d210df979656829144 av_one_half  avia-builder-el-1  el_after_av_slideshow_full  el_before_av_one_half  avia-builder-el-first  first flex_column_div  '     ><p><section  class='av_textblock_section av-m42rcau7-c454962656def52cce2213e135de4511 '   itemscope=\"itemscope\" itemtype=\"https:\/\/schema.org\/CreativeWork\" ><div class='avia_textblock'  itemprop=\"text\" ><p>A <strong>Fakuma<\/strong> \u00e9 uma das principais feiras mundiais de processamento industrial de materiais pl\u00e1sticos. \u00c9 realizado a cada dois anos no Centro de Exposi\u00e7\u00f5es Friedrichshafen, na regi\u00e3o do Lago Constan\u00e7a, na Alemanha. Este evento \u00e9 um ponto de refer\u00eancia para produtores, fornecedores e inovadores que operam na ind\u00fastria dos pl\u00e1sticos, oferecendo uma vis\u00e3o completa das tecnologias de transforma\u00e7\u00e3o, desde materiais a m\u00e1quinas, at\u00e9 \u00e0s aplica\u00e7\u00f5es finais.<\/p>\n<\/div><\/section><br \/>\n\n<style type=\"text\/css\" data-created_by=\"avia_inline_auto\" id=\"style-css-av-6v7jlps-451720fae6dd512c9318e36b9c1fc5d9\">\n#top .hr.hr-invisible.av-6v7jlps-451720fae6dd512c9318e36b9c1fc5d9{\nheight:50px;\n}\n<\/style>\n<div  class='hr av-6v7jlps-451720fae6dd512c9318e36b9c1fc5d9 hr-invisible  avia-builder-el-3  el_after_av_textblock  el_before_av_button '><span class='hr-inner '><span class=\"hr-inner-style\"><\/span><\/span><\/div><br \/>\n<div  class='avia-button-wrap av-m42rcivr-4294d18e5e2febbeeacf7433f0d710e9-wrap avia-button-left  avia-builder-el-4  el_after_av_hr  avia-builder-el-last '><a href='https:\/\/www.fakuma-messe.de\/en\/' class='avia-button av-m42rcivr-4294d18e5e2febbeeacf7433f0d710e9 av-link-btn avia-icon_select-yes-right-icon avia-size-large avia-position-left av-icon-on-hover avia-color-theme-color' target=\"_blank\" rel=\"noopener noreferrer\"><span class='avia_iconbox_title' >Visite o site oficial<\/span><span class='avia_button_icon avia_button_icon_right' aria-hidden='true' data-av_icon='\ue879' data-av_iconfont='entypo-fontello'><\/span><\/a><\/div><\/p><\/div>\n\n<style type=\"text\/css\" data-created_by=\"avia_inline_auto\" id=\"style-css-av-6ezpxww-c2bd24a8c8bc47375ff02ee21570f666\">\n.flex_column.av-6ezpxww-c2bd24a8c8bc47375ff02ee21570f666{\npadding:50px 0 0 0;\n}\n<\/style>\n<div  class='flex_column av-6ezpxww-c2bd24a8c8bc47375ff02ee21570f666 av_one_half  avia-builder-el-5  el_after_av_one_half  el_before_av_one_full  flex_column_div  '     ><style type=\"text\/css\" data-created_by=\"avia_inline_auto\" id=\"style-css-av-m42rcwsv-e235df774e8ccc68b4a696f31effb45c\">\n.avia-image-container.av-m42rcwsv-e235df774e8ccc68b4a696f31effb45c img.avia_image{\nbox-shadow:none;\n}\n.avia-image-container.av-m42rcwsv-e235df774e8ccc68b4a696f31effb45c .av-image-caption-overlay-center{\ncolor:#ffffff;\n}\n<\/style>\n<div  class='avia-image-container av-m42rcwsv-e235df774e8ccc68b4a696f31effb45c av-styling- avia-align-center  avia-builder-el-6  avia-builder-el-no-sibling '   itemprop=\"image\" itemscope=\"itemscope\" itemtype=\"https:\/\/schema.org\/ImageObject\" ><div class=\"avia-image-container-inner\"><div class=\"avia-image-overlay-wrap\"><img decoding=\"async\" fetchpriority=\"high\" class='wp-image-14266 avia-img-lazy-loading-not-14266 avia_image ' src=\"https:\/\/www.idealtecsrl.com\/wp-content\/uploads\/2024\/07\/Fakuma-300x300.jpg\" alt='' title='Fakuma'  height=\"300\" width=\"300\"  itemprop=\"thumbnailUrl\" srcset=\"https:\/\/www.idealtecsrl.com\/wp-content\/uploads\/2024\/07\/Fakuma-300x300.jpg 300w, https:\/\/www.idealtecsrl.com\/wp-content\/uploads\/2024\/07\/Fakuma-80x80.jpg 80w, https:\/\/www.idealtecsrl.com\/wp-content\/uploads\/2024\/07\/Fakuma-36x36.jpg 36w, https:\/\/www.idealtecsrl.com\/wp-content\/uploads\/2024\/07\/Fakuma-180x180.jpg 180w, https:\/\/www.idealtecsrl.com\/wp-content\/uploads\/2024\/07\/Fakuma.jpg 400w\" sizes=\"(max-width: 300px) 100vw, 300px\" \/><\/div><\/div><\/div><\/div>\n<style type=\"text\/css\" data-created_by=\"avia_inline_auto\" id=\"style-css-av-5u7t7sg-24b7dc12b685084c9266e66dfef26764\">\n.flex_column.av-5u7t7sg-24b7dc12b685084c9266e66dfef26764{\npadding:50px 0 0 0;\n}\n<\/style>\n<div  class='flex_column av-5u7t7sg-24b7dc12b685084c9266e66dfef26764 av_one_full  avia-builder-el-7  el_after_av_one_half  el_before_av_one_full  first flex_column_div  column-top-margin'     ><p>\n<style type=\"text\/css\" data-created_by=\"avia_inline_auto\" id=\"style-css-av-m42rd5d6-9ab498ab150083e5f64a99cca6408351\">\n#top .av-special-heading.av-m42rd5d6-9ab498ab150083e5f64a99cca6408351{\npadding-bottom:10px;\n}\nbody .av-special-heading.av-m42rd5d6-9ab498ab150083e5f64a99cca6408351 .av-special-heading-tag .heading-char{\nfont-size:25px;\n}\n.av-special-heading.av-m42rd5d6-9ab498ab150083e5f64a99cca6408351 .av-subheading{\nfont-size:15px;\n}\n<\/style>\n<div  class='av-special-heading av-m42rd5d6-9ab498ab150083e5f64a99cca6408351 av-special-heading-h2 blockquote modern-quote  avia-builder-el-8  el_before_av_textblock  avia-builder-el-first '><h2 class='av-special-heading-tag'  itemprop=\"headline\"  >Objetivos e Import\u00e2ncia<\/h2><div class=\"special-heading-border\"><div class=\"special-heading-inner-border\"><\/div><\/div><\/div><br \/>\n<section  class='av_textblock_section av-m42rdcd4-262650b02d5b7901764952dcf0cde595 '   itemscope=\"itemscope\" itemtype=\"https:\/\/schema.org\/CreativeWork\" ><div class='avia_textblock'  itemprop=\"text\" ><p>A Fakuma destaca-se pelo seu foco em toda a cadeia de valor do pl\u00e1stico e representa uma plataforma global para:<\/p>\n<ul>\n<li>Promover a inova\u00e7\u00e3o tecnol\u00f3gica: com forte \u00eanfase em tecnologias avan\u00e7adas de moldagem, extrus\u00e3o e usinagem de precis\u00e3o.<\/li>\n<li>Facilite a troca de conhecimentos: gra\u00e7as a um extenso programa de workshops, confer\u00eancias e demonstra\u00e7\u00f5es pr\u00e1ticas.<\/li>\n<li>Apoiar a sustentabilidade industrial: apostando em solu\u00e7\u00f5es para a reciclagem, a economia circular e a redu\u00e7\u00e3o do impacto ambiental.<\/li>\n<\/ul>\n<\/div><\/section><\/p><\/div><\/p>\n\n<style type=\"text\/css\" data-created_by=\"avia_inline_auto\" id=\"style-css-av-5cnaapc-1b4bf01acbd9e4a10bb31f86cf4bd3c7\">\n.flex_column.av-5cnaapc-1b4bf01acbd9e4a10bb31f86cf4bd3c7{\npadding:50px 0 0 0;\n}\n<\/style>\n<div  class='flex_column av-5cnaapc-1b4bf01acbd9e4a10bb31f86cf4bd3c7 av_one_full  avia-builder-el-10  el_after_av_one_full  el_before_av_one_full  first flex_column_div  column-top-margin'     ><p>\n<style type=\"text\/css\" data-created_by=\"avia_inline_auto\" id=\"style-css-av-50q0rjk-ef7c1f4dec14ad680de8d0fe20652d87\">\n#top .av-special-heading.av-50q0rjk-ef7c1f4dec14ad680de8d0fe20652d87{\npadding-bottom:10px;\n}\nbody .av-special-heading.av-50q0rjk-ef7c1f4dec14ad680de8d0fe20652d87 .av-special-heading-tag .heading-char{\nfont-size:25px;\n}\n.av-special-heading.av-50q0rjk-ef7c1f4dec14ad680de8d0fe20652d87 .av-subheading{\nfont-size:15px;\n}\n<\/style>\n<div  class='av-special-heading av-50q0rjk-ef7c1f4dec14ad680de8d0fe20652d87 av-special-heading-h2 blockquote modern-quote  avia-builder-el-11  el_before_av_textblock  avia-builder-el-first '><h2 class='av-special-heading-tag'  itemprop=\"headline\"  >Principais caracter\u00edsticas<\/h2><div class=\"special-heading-border\"><div class=\"special-heading-inner-border\"><\/div><\/div><\/div><br \/>\n<section  class='av_textblock_section av-m42rdq1f-0ed722bbb4bd886058e771a3de62cef0 '   itemscope=\"itemscope\" itemtype=\"https:\/\/schema.org\/CreativeWork\" ><div class='avia_textblock'  itemprop=\"text\" ><ul>\n<li>Trade Show Fakuma recebe mais de 1.500 expositores internacionais apresentando as mais recentes inova\u00e7\u00f5es em:<br \/>\nMoldagem por inje\u00e7\u00e3o: M\u00e1quinas e tecnologias para produ\u00e7\u00e3o de componentes pl\u00e1sticos de alta precis\u00e3o.<br \/>\nExtrus\u00e3o: Solu\u00e7\u00f5es para produ\u00e7\u00e3o de filmes, tubos e perfis pl\u00e1sticos.<br \/>\nAditivos e compostos: Materiais avan\u00e7ados, incluindo pol\u00edmeros de engenharia, termopl\u00e1sticos, materiais biodegrad\u00e1veis \u200b\u200be recicl\u00e1veis.<br \/>\nTecnologias aditivas (impress\u00e3o 3D): Integra\u00e7\u00e3o de tecnologias aditivas em processos de fabrica\u00e7\u00e3o industrial.<br \/>\nAutoma\u00e7\u00e3o e rob\u00f3tica: Sistemas para otimizar a produ\u00e7\u00e3o, melhorar a qualidade e reduzir os tempos de ciclo.<\/li>\n<li>Foco na Sustentabilidade Fakuma d\u00e1 \u00eanfase especial a:<br \/>\nMateriais ecol\u00f3gicos: Pl\u00e1stico reciclado e biopol\u00edmeros.<br \/>\nEfici\u00eancia energ\u00e9tica: Tecnologias que reduzem o consumo de energia nos processos produtivos.<br \/>\nEconomia circular: Estrat\u00e9gias e inova\u00e7\u00f5es para a reciclagem e reutiliza\u00e7\u00e3o de materiais pl\u00e1sticos.<\/li>\n<li>Demonstra\u00e7\u00f5es pr\u00e1ticas ao vivo Os visitantes podem ver as tecnologias em a\u00e7\u00e3o atrav\u00e9s de demonstra\u00e7\u00f5es ao vivo, que incluem:<br \/>\nProcessos de moldagem por inje\u00e7\u00e3o<br \/>\nExtrus\u00e3o de filmes e perfis<br \/>\nSistemas rob\u00f3ticos de processamento e automa\u00e7\u00e3o.<\/li>\n<li>Programa T\u00e9cnico Al\u00e9m da \u00e1rea de exposi\u00e7\u00e3o, a Fakuma oferece treinamentos e apresenta\u00e7\u00f5es t\u00e9cnicas que abordam:<br \/>\nTend\u00eancias e desafios no mercado global de pl\u00e1sticos.<br \/>\nRegulamenta\u00e7\u00f5es ambientais e inova\u00e7\u00f5es para conformidade.<br \/>\nAplica\u00e7\u00f5es avan\u00e7adas nos setores automotivo, m\u00e9dico, eletr\u00f4nico e de embalagens.<\/li>\n<\/ul>\n<\/div><\/section><\/p><\/div>\n\n<style type=\"text\/css\" data-created_by=\"avia_inline_auto\" id=\"style-css-av-4hz3s6o-3e8b06ca9100e7aa93a187597127b796\">\n.flex_column.av-4hz3s6o-3e8b06ca9100e7aa93a187597127b796{\npadding:50px 0 0 0;\n}\n<\/style>\n<div  class='flex_column av-4hz3s6o-3e8b06ca9100e7aa93a187597127b796 av_one_full  avia-builder-el-13  el_after_av_one_full  el_before_av_one_full  first flex_column_div  column-top-margin'     ><p>\n<style type=\"text\/css\" data-created_by=\"avia_inline_auto\" id=\"style-css-av-3xd9ofk-f729db1f88202a20d8145a58d340bf30\">\n#top .av-special-heading.av-3xd9ofk-f729db1f88202a20d8145a58d340bf30{\npadding-bottom:10px;\n}\nbody .av-special-heading.av-3xd9ofk-f729db1f88202a20d8145a58d340bf30 .av-special-heading-tag .heading-char{\nfont-size:25px;\n}\n.av-special-heading.av-3xd9ofk-f729db1f88202a20d8145a58d340bf30 .av-subheading{\nfont-size:15px;\n}\n<\/style>\n<div  class='av-special-heading av-3xd9ofk-f729db1f88202a20d8145a58d340bf30 av-special-heading-h2 blockquote modern-quote  avia-builder-el-14  el_before_av_textblock  avia-builder-el-first '><h2 class='av-special-heading-tag'  itemprop=\"headline\"  >Participantes<\/h2><div class=\"special-heading-border\"><div class=\"special-heading-inner-border\"><\/div><\/div><\/div><br \/>\n<section  class='av_textblock_section av-m42rdy1z-69cc736a62677bebaa13a95fc393b2d9 '   itemscope=\"itemscope\" itemtype=\"https:\/\/schema.org\/CreativeWork\" ><div class='avia_textblock'  itemprop=\"text\" ><p>Fakuma atrai uma ampla gama de visitantes e participantes da ind\u00fastria, incluindo:<\/p>\n<ul>\n<li>Fabricantes de materiais e componentes pl\u00e1sticos<\/li>\n<li>Fornecedores de mat\u00e9rias-primas e m\u00e1quinas<\/li>\n<li>Engenheiros e projetistas<\/li>\n<li>Respons\u00e1vel pela produ\u00e7\u00e3o e qualidade<\/li>\n<li>Representantes dos setores automotivo, m\u00e9dico, eletr\u00f4nico e embalagens.<\/li>\n<\/ul>\n<\/div><\/section><\/p><\/div>\n\n<style type=\"text\/css\" data-created_by=\"avia_inline_auto\" id=\"style-css-av-3cueqpc-3c69c6a2f99104ca4b244c2f7e8fdfdd\">\n.flex_column.av-3cueqpc-3c69c6a2f99104ca4b244c2f7e8fdfdd{\npadding:50px 0 0 0;\n}\n<\/style>\n<div  class='flex_column av-3cueqpc-3c69c6a2f99104ca4b244c2f7e8fdfdd av_one_full  avia-builder-el-16  el_after_av_one_full  el_before_av_hr  first flex_column_div  column-top-margin'     ><p>\n<style type=\"text\/css\" data-created_by=\"avia_inline_auto\" id=\"style-css-av-m42re43d-f2e12be98cdd1d01352cd7ede1cc169f\">\n#top .av-special-heading.av-m42re43d-f2e12be98cdd1d01352cd7ede1cc169f{\npadding-bottom:10px;\n}\nbody .av-special-heading.av-m42re43d-f2e12be98cdd1d01352cd7ede1cc169f .av-special-heading-tag .heading-char{\nfont-size:25px;\n}\n.av-special-heading.av-m42re43d-f2e12be98cdd1d01352cd7ede1cc169f .av-subheading{\nfont-size:15px;\n}\n<\/style>\n<div  class='av-special-heading av-m42re43d-f2e12be98cdd1d01352cd7ede1cc169f av-special-heading-h2 blockquote modern-quote  avia-builder-el-17  el_before_av_textblock  avia-builder-el-first '><h2 class='av-special-heading-tag'  itemprop=\"headline\"  >Impacto na ind\u00fastria<\/h2><div class=\"special-heading-border\"><div class=\"special-heading-inner-border\"><\/div><\/div><\/div><br \/>\n<section  class='av_textblock_section av-m42reb87-dcf74f061c3dbe80b596ae6a47a9e944 '   itemscope=\"itemscope\" itemtype=\"https:\/\/schema.org\/CreativeWork\" ><div class='avia_textblock'  itemprop=\"text\" ><p>A Fakuma desempenha um papel crucial na evolu\u00e7\u00e3o do setor dos pl\u00e1sticos, porque:<\/p>\n<ul>\n<li>Antecipar tend\u00eancias de mercado: apresentando tecnologias de ponta.<\/li>\n<li>Apoia a internacionaliza\u00e7\u00e3o: incentivando colabora\u00e7\u00f5es entre empresas globais e locais.<\/li>\n<li>Contribui para a transi\u00e7\u00e3o para a sustentabilidade: promovendo solu\u00e7\u00f5es inovadoras para a gest\u00e3o de recursos.<\/li>\n<\/ul>\n<\/div><\/section><\/p><\/div>\n\n<style type=\"text\/css\" data-created_by=\"avia_inline_auto\" id=\"style-css-av-34zwk5s-a761fda943150f7ed6e5cbd9325a357e\">\n#top .hr.hr-invisible.av-34zwk5s-a761fda943150f7ed6e5cbd9325a357e{\nheight:24px;\n}\n<\/style>\n<div  class='hr av-34zwk5s-a761fda943150f7ed6e5cbd9325a357e hr-invisible  avia-builder-el-19  el_after_av_one_full  el_before_av_hr '><span class='hr-inner '><span class=\"hr-inner-style\"><\/span><\/span><\/div>\n<div  class='hr av-9ubfio-276aed3a3d2fa516781198568424cbbe hr-short  avia-builder-el-20  el_after_av_hr  el_before_av_hr  hr-left'><span class='hr-inner '><span class=\"hr-inner-style\"><\/span><\/span><\/div>\n\n<style type=\"text\/css\" data-created_by=\"avia_inline_auto\" id=\"style-css-av-28gx7kg-e9e4c148e8f65eeff249f68fd7e9c19d\">\n#top .hr.hr-invisible.av-28gx7kg-e9e4c148e8f65eeff249f68fd7e9c19d{\nheight:24px;\n}\n<\/style>\n<div  class='hr av-28gx7kg-e9e4c148e8f65eeff249f68fd7e9c19d hr-invisible  avia-builder-el-21  el_after_av_hr  el_before_av_one_full '><span class='hr-inner '><span class=\"hr-inner-style\"><\/span><\/span><\/div>\n\n<style type=\"text\/css\" data-created_by=\"avia_inline_auto\" id=\"style-css-av-1m0a9qo-0b69e5a9f284781a1cd8df2f3fa8911a\">\n.flex_column.av-1m0a9qo-0b69e5a9f284781a1cd8df2f3fa8911a{\npadding:48px 48px 48px 48px;\nbackground-color:#eceff1;\n}\n<\/style>\n<div  class='flex_column av-1m0a9qo-0b69e5a9f284781a1cd8df2f3fa8911a av_one_full  avia-builder-el-22  el_after_av_hr  avia-builder-el-last  first flex_column_div  '     ><p>\n<style type=\"text\/css\" data-created_by=\"avia_inline_auto\" id=\"style-css-av-11iwx0w-75725e5fb67adb1ba5245f99606e98d7\">\n#top .av-special-heading.av-11iwx0w-75725e5fb67adb1ba5245f99606e98d7{\npadding-bottom:10px;\n}\nbody .av-special-heading.av-11iwx0w-75725e5fb67adb1ba5245f99606e98d7 .av-special-heading-tag .heading-char{\nfont-size:25px;\n}\n.av-special-heading.av-11iwx0w-75725e5fb67adb1ba5245f99606e98d7 .av-subheading{\nfont-size:15px;\n}\n<\/style>\n<div  class='av-special-heading av-11iwx0w-75725e5fb67adb1ba5245f99606e98d7 av-special-heading-h2 blockquote modern-quote modern-centered  avia-builder-el-23  el_before_av_textblock  avia-builder-el-first '><h2 class='av-special-heading-tag'  itemprop=\"headline\"  >AUX\u00cdLIO ESTATAL E DE MINIMIS<\/h2><div class=\"special-heading-border\"><div class=\"special-heading-inner-border\"><\/div><\/div><\/div><br \/>\n<section  class='av_textblock_section av-mftb00-37cc599cd0a6f5bd09bf249c23c5b87a '   itemscope=\"itemscope\" itemtype=\"https:\/\/schema.org\/CreativeWork\" ><div class='avia_textblock'  itemprop=\"text\" ><p style=\"text-align: center;\"><strong>Obriga\u00e7\u00f5es de informa\u00e7\u00e3o para subven\u00e7\u00f5es p\u00fablicas.<\/strong><br \/>\nOs aux\u00edlios estatais e os aux\u00edlios de minimis recebidos pela nossa empresa constam do Registo Nacional de Aux\u00edlios Estatais referido no art. 52.\u00ba da Lei 234\/2012 a que se faz refer\u00eancia e que pode ser consultado no seguinte link:\u00a0<a role=\"link\" href=\"https:\/\/www.rna.gov.it\/trasparenza\" target=\"_blank\" rel=\"noopener\">Saber mais&gt;&gt;<\/a><\/p>\n<\/div><\/section><\/p><\/div>\n","protected":false},"excerpt":{"rendered":"","protected":false},"author":6,"featured_media":0,"parent":17448,"menu_order":0,"comment_status":"closed","ping_status":"closed","template":"","meta":{"_monsterinsights_skip_tracking":false,"_monsterinsights_sitenote_active":false,"_monsterinsights_sitenote_note":"","_monsterinsights_sitenote_category":0,"footnotes":""},"_links":{"self":[{"href":"https:\/\/www.idealtecsrl.com\/pt-br\/wp-json\/wp\/v2\/pages\/17505"}],"collection":[{"href":"https:\/\/www.idealtecsrl.com\/pt-br\/wp-json\/wp\/v2\/pages"}],"about":[{"href":"https:\/\/www.idealtecsrl.com\/pt-br\/wp-json\/wp\/v2\/types\/page"}],"author":[{"embeddable":true,"href":"https:\/\/www.idealtecsrl.com\/pt-br\/wp-json\/wp\/v2\/users\/6"}],"replies":[{"embeddable":true,"href":"https:\/\/www.idealtecsrl.com\/pt-br\/wp-json\/wp\/v2\/comments?post=17505"}],"version-history":[{"count":2,"href":"https:\/\/www.idealtecsrl.com\/pt-br\/wp-json\/wp\/v2\/pages\/17505\/revisions"}],"predecessor-version":[{"id":17507,"href":"https:\/\/www.idealtecsrl.com\/pt-br\/wp-json\/wp\/v2\/pages\/17505\/revisions\/17507"}],"up":[{"embeddable":true,"href":"https:\/\/www.idealtecsrl.com\/pt-br\/wp-json\/wp\/v2\/pages\/17448"}],"wp:attachment":[{"href":"https:\/\/www.idealtecsrl.com\/pt-br\/wp-json\/wp\/v2\/media?parent=17505"}],"curies":[{"name":"wp","href":"https:\/\/api.w.org\/{rel}","templated":true}]}}