{"id":17520,"date":"2024-11-30T13:29:39","date_gmt":"2024-11-30T12:29:39","guid":{"rendered":"https:\/\/www.idealtecsrl.com\/feiras-de-exposicao\/ipack-ima\/"},"modified":"2024-11-30T13:29:39","modified_gmt":"2024-11-30T12:29:39","slug":"ipack-ima","status":"publish","type":"page","link":"https:\/\/www.idealtecsrl.com\/pt-br\/feiras-de-exposicao\/ipack-ima\/","title":{"rendered":"IPACK-IMA"},"content":{"rendered":"<div id='full_slider_1'  class='avia-fullwidth-slider main_color avia-shadow   avia-builder-el-0  el_before_av_one_half  avia-builder-el-first   container_wrap fullsize'  >\n<style type=\"text\/css\" data-created_by=\"avia_inline_auto\" id=\"style-css-av-m42rfgey-3f54e2b33cdcccae67b192d0b552e753\">\n#top #wrap_all .avia-slideshow .av-slideshow-caption.av-m42rfgey-3f54e2b33cdcccae67b192d0b552e753__0 .avia-caption-title{\ncolor:#ffffff;\n}\n#top .avia-slideshow .av-slideshow-caption.av-m42rfgey-3f54e2b33cdcccae67b192d0b552e753__0 .avia-caption-content{\ncolor:#ffffff;\n}\n<\/style>\n<div  class='avia-slideshow av-m42rfgey-3f54e2b33cdcccae67b192d0b552e753 avia-slideshow-featured av_slideshow_full avia-fade-slider av-slideshow-ui av-control-hidden av-no-slider-navigation av-hide-nav-arrows av-slideshow-autoplay av-loop-endless av-loop-manual-endless av-default-height-applied   avia-slideshow-1' data-slideshow-options=\"{&quot;animation&quot;:&quot;fade&quot;,&quot;autoplay&quot;:true,&quot;loop_autoplay&quot;:&quot;endless&quot;,&quot;interval&quot;:3,&quot;loop_manual&quot;:&quot;manual-endless&quot;,&quot;autoplay_stopper&quot;:false,&quot;noNavigation&quot;:true,&quot;bg_slider&quot;:false,&quot;transitionSpeed&quot;:800,&quot;keep_padding&quot;:false,&quot;hoverpause&quot;:false,&quot;show_slide_delay&quot;:0}\"  itemprop=\"image\" itemscope=\"itemscope\" itemtype=\"https:\/\/schema.org\/ImageObject\" ><ul class='avia-slideshow-inner ' style='padding-bottom: 28.666666666667%;'><li  class='avia-slideshow-slide av-m42rfgey-3f54e2b33cdcccae67b192d0b552e753__0  slide-1 slide-odd'><div data-rel='slideshow-1' class='avia-slide-wrap '   ><img decoding=\"async\" fetchpriority=\"high\" class=\"wp-image-15267 avia-img-lazy-loading-not-15267\"  src=\"https:\/\/www.idealtecsrl.com\/wp-content\/uploads\/2024\/07\/visore-ci-presentiamo-1.jpg\" width=\"1500\" height=\"430\" title='visore-ci-presentiamo-1' alt=''  itemprop=\"thumbnailUrl\"  style='min-height:400px; min-width:1396px; ' srcset=\"https:\/\/www.idealtecsrl.com\/wp-content\/uploads\/2024\/07\/visore-ci-presentiamo-1.jpg 1500w, https:\/\/www.idealtecsrl.com\/wp-content\/uploads\/2024\/07\/visore-ci-presentiamo-1-300x86.jpg 300w, https:\/\/www.idealtecsrl.com\/wp-content\/uploads\/2024\/07\/visore-ci-presentiamo-1-1030x295.jpg 1030w, https:\/\/www.idealtecsrl.com\/wp-content\/uploads\/2024\/07\/visore-ci-presentiamo-1-768x220.jpg 768w, https:\/\/www.idealtecsrl.com\/wp-content\/uploads\/2024\/07\/visore-ci-presentiamo-1-705x202.jpg 705w\" sizes=\"(max-width: 1500px) 100vw, 1500px\" \/><div class='av-section-color-overlay' style='opacity: 0.6; background-color: #18417e; '><\/div><\/div><\/li><li  class='avia-slideshow-slide av-m42rfgey-3f54e2b33cdcccae67b192d0b552e753__1  slide-2 slide-even'><div data-rel='slideshow-1' class='avia-slide-wrap '   ><img decoding=\"async\" fetchpriority=\"high\" class=\"wp-image-15274 avia-img-lazy-loading-not-15274\"  src=\"https:\/\/www.idealtecsrl.com\/wp-content\/uploads\/2024\/07\/visore-ci-presentiamo-2.jpg\" width=\"1500\" height=\"430\" title='visore-ci-presentiamo-2' alt=''  itemprop=\"thumbnailUrl\"  style='min-height:400px; min-width:1396px; ' srcset=\"https:\/\/www.idealtecsrl.com\/wp-content\/uploads\/2024\/07\/visore-ci-presentiamo-2.jpg 1500w, https:\/\/www.idealtecsrl.com\/wp-content\/uploads\/2024\/07\/visore-ci-presentiamo-2-300x86.jpg 300w, https:\/\/www.idealtecsrl.com\/wp-content\/uploads\/2024\/07\/visore-ci-presentiamo-2-1030x295.jpg 1030w, https:\/\/www.idealtecsrl.com\/wp-content\/uploads\/2024\/07\/visore-ci-presentiamo-2-768x220.jpg 768w, https:\/\/www.idealtecsrl.com\/wp-content\/uploads\/2024\/07\/visore-ci-presentiamo-2-705x202.jpg 705w\" sizes=\"(max-width: 1500px) 100vw, 1500px\" \/><div class='av-section-color-overlay' style='opacity: 0.6; background-color: #18417e; '><\/div><\/div><\/li><li  class='avia-slideshow-slide av-m42rfgey-3f54e2b33cdcccae67b192d0b552e753__2  slide-3 slide-odd'><div data-rel='slideshow-1' class='avia-slide-wrap '   ><img decoding=\"async\" fetchpriority=\"high\" class=\"wp-image-15281 avia-img-lazy-loading-not-15281\"  src=\"https:\/\/www.idealtecsrl.com\/wp-content\/uploads\/2024\/07\/visore-ci-presentiamo-3.jpg\" width=\"1500\" height=\"430\" title='visore-ci-presentiamo-3' alt=''  itemprop=\"thumbnailUrl\"  style='min-height:400px; min-width:1396px; ' srcset=\"https:\/\/www.idealtecsrl.com\/wp-content\/uploads\/2024\/07\/visore-ci-presentiamo-3.jpg 1500w, https:\/\/www.idealtecsrl.com\/wp-content\/uploads\/2024\/07\/visore-ci-presentiamo-3-300x86.jpg 300w, https:\/\/www.idealtecsrl.com\/wp-content\/uploads\/2024\/07\/visore-ci-presentiamo-3-1030x295.jpg 1030w, https:\/\/www.idealtecsrl.com\/wp-content\/uploads\/2024\/07\/visore-ci-presentiamo-3-768x220.jpg 768w, https:\/\/www.idealtecsrl.com\/wp-content\/uploads\/2024\/07\/visore-ci-presentiamo-3-705x202.jpg 705w\" sizes=\"(max-width: 1500px) 100vw, 1500px\" \/><div class='av-section-color-overlay' style='opacity: 0.6; background-color: #18417e; '><\/div><\/div><\/li><li  class='avia-slideshow-slide av-m42rfgey-3f54e2b33cdcccae67b192d0b552e753__3  slide-4 slide-even'><div data-rel='slideshow-1' class='avia-slide-wrap '   ><img decoding=\"async\" fetchpriority=\"high\" class=\"wp-image-15288 avia-img-lazy-loading-not-15288\"  src=\"https:\/\/www.idealtecsrl.com\/wp-content\/uploads\/2024\/07\/visore-ci-presentiamo-4.jpg\" width=\"1500\" height=\"430\" title='visore-ci-presentiamo-4' alt=''  itemprop=\"thumbnailUrl\"  style='min-height:400px; min-width:1396px; ' srcset=\"https:\/\/www.idealtecsrl.com\/wp-content\/uploads\/2024\/07\/visore-ci-presentiamo-4.jpg 1500w, https:\/\/www.idealtecsrl.com\/wp-content\/uploads\/2024\/07\/visore-ci-presentiamo-4-300x86.jpg 300w, https:\/\/www.idealtecsrl.com\/wp-content\/uploads\/2024\/07\/visore-ci-presentiamo-4-1030x295.jpg 1030w, https:\/\/www.idealtecsrl.com\/wp-content\/uploads\/2024\/07\/visore-ci-presentiamo-4-768x220.jpg 768w, https:\/\/www.idealtecsrl.com\/wp-content\/uploads\/2024\/07\/visore-ci-presentiamo-4-705x202.jpg 705w\" sizes=\"(max-width: 1500px) 100vw, 1500px\" \/><div class='av-section-color-overlay' style='opacity: 0.6; background-color: #18417e; '><\/div><\/div><\/li><li  class='avia-slideshow-slide av-m42rfgey-3f54e2b33cdcccae67b192d0b552e753__4  slide-5 slide-odd'><div data-rel='slideshow-1' class='avia-slide-wrap '   ><img decoding=\"async\" fetchpriority=\"high\" class=\"wp-image-15295 avia-img-lazy-loading-not-15295\"  src=\"https:\/\/www.idealtecsrl.com\/wp-content\/uploads\/2024\/07\/visore-ci-presentiamo-5.jpg\" width=\"1500\" height=\"430\" title='visore-ci-presentiamo-5' alt=''  itemprop=\"thumbnailUrl\"  style='min-height:400px; min-width:1396px; ' srcset=\"https:\/\/www.idealtecsrl.com\/wp-content\/uploads\/2024\/07\/visore-ci-presentiamo-5.jpg 1500w, https:\/\/www.idealtecsrl.com\/wp-content\/uploads\/2024\/07\/visore-ci-presentiamo-5-300x86.jpg 300w, https:\/\/www.idealtecsrl.com\/wp-content\/uploads\/2024\/07\/visore-ci-presentiamo-5-1030x295.jpg 1030w, https:\/\/www.idealtecsrl.com\/wp-content\/uploads\/2024\/07\/visore-ci-presentiamo-5-768x220.jpg 768w, https:\/\/www.idealtecsrl.com\/wp-content\/uploads\/2024\/07\/visore-ci-presentiamo-5-705x202.jpg 705w\" sizes=\"(max-width: 1500px) 100vw, 1500px\" \/><div class='av-section-color-overlay' style='opacity: 0.6; background-color: #18417e; '><\/div><\/div><\/li><\/ul><div class='avia-slideshow-arrows avia-slideshow-controls' ><a href='#prev' class='prev-slide ' aria-hidden='true' data-av_icon='\ue87c' data-av_iconfont='entypo-fontello'  tabindex='-1'>Anterior<\/a><a href='#next' class='next-slide ' aria-hidden='true' data-av_icon='\ue87d' data-av_iconfont='entypo-fontello'  tabindex='-1'>Pr\u00f3ximo<\/a><\/div><div class='av-slideshow-caption av-m42rfgey-3f54e2b33cdcccae67b192d0b552e753__0 caption_fullwidth caption_center'><div class=\"container caption_container\"><div class=\"slideshow_caption\"><div class=\"slideshow_inner_caption\"><div class=\"slideshow_align_caption\"><h1 class='avia-caption-title '  itemprop=\"name\" >IPACK-IMA<\/h1><\/div><\/div><\/div><\/div><\/div><\/div><\/div><div id='after_full_slider_1'  class='main_color av_default_container_wrap container_wrap fullsize'  ><div class='container av-section-cont-open' ><div class='template-page content  av-content-full alpha units'><div class='post-entry post-entry-type-page post-entry-17520'><div class='entry-content-wrapper clearfix'>\n\n<style type=\"text\/css\" data-created_by=\"avia_inline_auto\" id=\"style-css-av-2n7l1u-170b791aa33636196e8a12ac8cf37570\">\n.flex_column.av-2n7l1u-170b791aa33636196e8a12ac8cf37570{\npadding:50px 0 0 0;\n}\n<\/style>\n<div  class='flex_column av-2n7l1u-170b791aa33636196e8a12ac8cf37570 av_one_half  avia-builder-el-1  el_after_av_slideshow_full  el_before_av_one_half  avia-builder-el-first  first flex_column_div  '     ><p><section  class='av_textblock_section av-m42ri1kw-e888d6eae145f190410275710602f14e '   itemscope=\"itemscope\" itemtype=\"https:\/\/schema.org\/CreativeWork\" ><div class='avia_textblock'  itemprop=\"text\" ><p>A <strong>IPACK-IMA<\/strong> \u00e9 uma das principais feiras internacionais dedicadas \u00e0s tecnologias de processamento e embalagem nos setores industriais e de bens de consumo. Organizado a cada tr\u00eas anos na Fiera Milano, o evento se destaca pela aten\u00e7\u00e3o \u00e0 inova\u00e7\u00e3o, sustentabilidade e automa\u00e7\u00e3o, oferecendo um panorama completo de solu\u00e7\u00f5es tecnol\u00f3gicas de ponta para embalagem e processamento.<\/p>\n<\/div><\/section><br \/>\n\n<style type=\"text\/css\" data-created_by=\"avia_inline_auto\" id=\"style-css-av-6vmdaoi-08d1c2f3944b93c9ba832f12345be772\">\n#top .hr.hr-invisible.av-6vmdaoi-08d1c2f3944b93c9ba832f12345be772{\nheight:50px;\n}\n<\/style>\n<div  class='hr av-6vmdaoi-08d1c2f3944b93c9ba832f12345be772 hr-invisible  avia-builder-el-3  el_after_av_textblock  el_before_av_button '><span class='hr-inner '><span class=\"hr-inner-style\"><\/span><\/span><\/div><br \/>\n<div  class='avia-button-wrap av-m42rhth0-f46f6477454e3f8c179eeae45a15c4d2-wrap avia-button-left  avia-builder-el-4  el_after_av_hr  avia-builder-el-last '><a href='https:\/\/www.ipackima.com\/' class='avia-button av-m42rhth0-f46f6477454e3f8c179eeae45a15c4d2 av-link-btn avia-icon_select-yes-right-icon avia-size-large avia-position-left av-icon-on-hover avia-color-theme-color' target=\"_blank\" rel=\"noopener noreferrer\"><span class='avia_iconbox_title' >Visite o site oficial<\/span><span class='avia_button_icon avia_button_icon_right' aria-hidden='true' data-av_icon='\ue879' data-av_iconfont='entypo-fontello'><\/span><\/a><\/div><\/p><\/div>\n\n<style type=\"text\/css\" data-created_by=\"avia_inline_auto\" id=\"style-css-av-6blyspe-bbd706700ddb4a914bf1ae451048efdb\">\n.flex_column.av-6blyspe-bbd706700ddb4a914bf1ae451048efdb{\npadding:50px 0 0 0;\n}\n<\/style>\n<div  class='flex_column av-6blyspe-bbd706700ddb4a914bf1ae451048efdb av_one_half  avia-builder-el-5  el_after_av_one_half  el_before_av_one_full  flex_column_div  '     ><style type=\"text\/css\" data-created_by=\"avia_inline_auto\" id=\"style-css-av-m42rhmpk-1804d57bc9849ee0af9f6ad56c9518e1\">\n.avia-image-container.av-m42rhmpk-1804d57bc9849ee0af9f6ad56c9518e1 img.avia_image{\nbox-shadow:none;\n}\n.avia-image-container.av-m42rhmpk-1804d57bc9849ee0af9f6ad56c9518e1 .av-image-caption-overlay-center{\ncolor:#ffffff;\n}\n<\/style>\n<div  class='avia-image-container av-m42rhmpk-1804d57bc9849ee0af9f6ad56c9518e1 av-styling- avia-align-center  avia-builder-el-6  avia-builder-el-no-sibling '   itemprop=\"image\" itemscope=\"itemscope\" itemtype=\"https:\/\/schema.org\/ImageObject\" ><div class=\"avia-image-container-inner\"><div class=\"avia-image-overlay-wrap\"><img decoding=\"async\" fetchpriority=\"high\" class='wp-image-14273 avia-img-lazy-loading-not-14273 avia_image ' src=\"https:\/\/www.idealtecsrl.com\/wp-content\/uploads\/2024\/07\/IPACK-IMA-300x300.jpg\" alt='' title='IPACK-IMA'  height=\"300\" width=\"300\"  itemprop=\"thumbnailUrl\" srcset=\"https:\/\/www.idealtecsrl.com\/wp-content\/uploads\/2024\/07\/IPACK-IMA-300x300.jpg 300w, https:\/\/www.idealtecsrl.com\/wp-content\/uploads\/2024\/07\/IPACK-IMA-80x80.jpg 80w, https:\/\/www.idealtecsrl.com\/wp-content\/uploads\/2024\/07\/IPACK-IMA-36x36.jpg 36w, https:\/\/www.idealtecsrl.com\/wp-content\/uploads\/2024\/07\/IPACK-IMA-180x180.jpg 180w, https:\/\/www.idealtecsrl.com\/wp-content\/uploads\/2024\/07\/IPACK-IMA.jpg 400w\" sizes=\"(max-width: 300px) 100vw, 300px\" \/><\/div><\/div><\/div><\/div>\n<style type=\"text\/css\" data-created_by=\"avia_inline_auto\" id=\"style-css-av-5pcnhma-6a2dced47a5a0880845d09f9f3dacb7f\">\n.flex_column.av-5pcnhma-6a2dced47a5a0880845d09f9f3dacb7f{\npadding:50px 0 0 0;\n}\n<\/style>\n<div  class='flex_column av-5pcnhma-6a2dced47a5a0880845d09f9f3dacb7f av_one_full  avia-builder-el-7  el_after_av_one_half  el_before_av_one_full  first flex_column_div  column-top-margin'     ><p>\n<style type=\"text\/css\" data-created_by=\"avia_inline_auto\" id=\"style-css-av-m42ri7oo-f0ec79470ea324348186726a55417bec\">\n#top .av-special-heading.av-m42ri7oo-f0ec79470ea324348186726a55417bec{\npadding-bottom:10px;\n}\nbody .av-special-heading.av-m42ri7oo-f0ec79470ea324348186726a55417bec .av-special-heading-tag .heading-char{\nfont-size:25px;\n}\n.av-special-heading.av-m42ri7oo-f0ec79470ea324348186726a55417bec .av-subheading{\nfont-size:15px;\n}\n<\/style>\n<div  class='av-special-heading av-m42ri7oo-f0ec79470ea324348186726a55417bec av-special-heading-h2 blockquote modern-quote  avia-builder-el-8  el_before_av_textblock  avia-builder-el-first '><h2 class='av-special-heading-tag'  itemprop=\"headline\"  >Objetivos e Import\u00e2ncia<\/h2><div class=\"special-heading-border\"><div class=\"special-heading-inner-border\"><\/div><\/div><\/div><br \/>\n<section  class='av_textblock_section av-m42rieag-a1199b203172dc441575cfda940a5315 '   itemscope=\"itemscope\" itemtype=\"https:\/\/schema.org\/CreativeWork\" ><div class='avia_textblock'  itemprop=\"text\" ><p>IPACK-IMA pretende ser uma plataforma global onde a excel\u00eancia tecnol\u00f3gica encontra a inova\u00e7\u00e3o para atender \u00e0s necessidades do mercado moderno. O evento tem como objetivo:<\/p>\n<ul>\n<li>Fornecer solu\u00e7\u00f5es avan\u00e7adas para melhorar a efici\u00eancia, flexibilidade e sustentabilidade nos processos de produ\u00e7\u00e3o.<\/li>\n<li>Facilitar o networking entre produtores, fornecedores e compradores internacionais.<\/li>\n<li>Antecipe as tend\u00eancias do setor e forne\u00e7a um espa\u00e7o para compartilhamento de conhecimento e melhores pr\u00e1ticas.<\/li>\n<\/ul>\n<p>Com reputa\u00e7\u00e3o consolidada mundialmente, a feira representa um evento imperd\u00edvel para os profissionais do setor.<\/p>\n<\/div><\/section><\/p><\/div><\/p>\n\n<style type=\"text\/css\" data-created_by=\"avia_inline_auto\" id=\"style-css-av-jidfrm-026be234b051f09237674609ffc44527\">\n.flex_column.av-jidfrm-026be234b051f09237674609ffc44527{\npadding:50px 0 0 0;\n}\n<\/style>\n<div  class='flex_column av-jidfrm-026be234b051f09237674609ffc44527 av_one_full  avia-builder-el-10  el_after_av_one_full  el_before_av_one_full  first flex_column_div  column-top-margin'     ><p>\n<style type=\"text\/css\" data-created_by=\"avia_inline_auto\" id=\"style-css-av-gw2djm-261976fb558f78ab1684bb94a0510f7f\">\n#top .av-special-heading.av-gw2djm-261976fb558f78ab1684bb94a0510f7f{\npadding-bottom:10px;\n}\nbody .av-special-heading.av-gw2djm-261976fb558f78ab1684bb94a0510f7f .av-special-heading-tag .heading-char{\nfont-size:25px;\n}\n.av-special-heading.av-gw2djm-261976fb558f78ab1684bb94a0510f7f .av-subheading{\nfont-size:15px;\n}\n<\/style>\n<div  class='av-special-heading av-gw2djm-261976fb558f78ab1684bb94a0510f7f av-special-heading-h2 blockquote modern-quote  avia-builder-el-11  el_before_av_textblock  avia-builder-el-first '><h2 class='av-special-heading-tag'  itemprop=\"headline\"  >Principais caracter\u00edsticas<\/h2><div class=\"special-heading-border\"><div class=\"special-heading-inner-border\"><\/div><\/div><\/div><br \/>\n<section  class='av_textblock_section av-m42rj6m6-0a9e9779b35b0d1f2ace6e3fa1c89a52 '   itemscope=\"itemscope\" itemtype=\"https:\/\/schema.org\/CreativeWork\" ><div class='avia_textblock'  itemprop=\"text\" ><ul>\n<li>Ampla oferta de exposi\u00e7\u00f5es<br \/>\nA IPACK-IMA abrange toda a cadeia de abastecimento, desde o processamento da mat\u00e9ria-prima at\u00e9 \u00e0 embalagem final, com foco em:<br \/>\nTecnologias de processamento: m\u00e1quinas e solu\u00e7\u00f5es para transforma\u00e7\u00e3o de alimentos, bebidas, produtos qu\u00edmicos e farmac\u00eauticos.<br \/>\nSistemas de embalagem prim\u00e1ria e secund\u00e1ria: para embalagens flex\u00edveis, r\u00edgidas e inovadoras.<br \/>\nMateriais de embalagem: sustent\u00e1veis, recicl\u00e1veis \u200b\u200be biodegrad\u00e1veis.<br \/>\nAutoma\u00e7\u00e3o e rob\u00f3tica: para otimiza\u00e7\u00e3o de linhas de produ\u00e7\u00e3o e embalagem.<br \/>\nSolu\u00e7\u00f5es de rotulagem e rastreabilidade: essenciais para conformidade regulat\u00f3ria e gest\u00e3o da cadeia de abastecimento.<\/li>\n<li>Setores de aplica\u00e7\u00e3o<br \/>\nA feira \u00e9 transversal e abrange numerosos setores, incluindo:<br \/>\nAlimentos e bebidas<br \/>\nFarmac\u00eautico e cosm\u00e9tico<br \/>\nQu\u00edmica e industrial<br \/>\nEmbalagem e log\u00edstica.<\/li>\n<li>Inova\u00e7\u00e3o e Sustentabilidade<br \/>\nIPACK-IMA d\u00e1 \u00eanfase especial a:<br \/>\nTecnologias de baixo impacto ambiental e materiais verdes.<br \/>\nSolu\u00e7\u00f5es para reciclagem e reutiliza\u00e7\u00e3o.<br \/>\nSistemas de produ\u00e7\u00e3o com baixo consumo de energia.<\/li>\n<li>Programa de garantia<br \/>\nO evento \u00e9 enriquecido por:<br \/>\nConfer\u00eancias e workshops: sobre temas como inova\u00e7\u00e3o tecnol\u00f3gica, regulamenta\u00e7\u00f5es setoriais e tend\u00eancias de mercado.<br \/>\nDemonstra\u00e7\u00f5es pr\u00e1ticas: para mostrar o funcionamento de m\u00e1quinas e tecnologias em tempo real.<br \/>\nPr\u00eamios e reconhecimentos: dedicados a solu\u00e7\u00f5es inovadoras na \u00e1rea de embalagens e sustentabilidade.<\/li>\n<\/ul>\n<\/div><\/section><\/p><\/div>\n\n<style type=\"text\/css\" data-created_by=\"avia_inline_auto\" id=\"style-css-av-48qph5e-14866a6178e22cbb2281133a091a7e1a\">\n.flex_column.av-48qph5e-14866a6178e22cbb2281133a091a7e1a{\npadding:50px 0 0 0;\n}\n<\/style>\n<div  class='flex_column av-48qph5e-14866a6178e22cbb2281133a091a7e1a av_one_full  avia-builder-el-13  el_after_av_one_full  el_before_av_one_full  first flex_column_div  column-top-margin'     ><p>\n<style type=\"text\/css\" data-created_by=\"avia_inline_auto\" id=\"style-css-av-3v4u0lu-8dd52c06a2e12edf1ba434cbd87a35d2\">\n#top .av-special-heading.av-3v4u0lu-8dd52c06a2e12edf1ba434cbd87a35d2{\npadding-bottom:10px;\n}\nbody .av-special-heading.av-3v4u0lu-8dd52c06a2e12edf1ba434cbd87a35d2 .av-special-heading-tag .heading-char{\nfont-size:25px;\n}\n.av-special-heading.av-3v4u0lu-8dd52c06a2e12edf1ba434cbd87a35d2 .av-subheading{\nfont-size:15px;\n}\n<\/style>\n<div  class='av-special-heading av-3v4u0lu-8dd52c06a2e12edf1ba434cbd87a35d2 av-special-heading-h2 blockquote modern-quote  avia-builder-el-14  el_before_av_textblock  avia-builder-el-first '><h2 class='av-special-heading-tag'  itemprop=\"headline\"  >Participantes<\/h2><div class=\"special-heading-border\"><div class=\"special-heading-inner-border\"><\/div><\/div><\/div><br \/>\n<section  class='av_textblock_section av-m42rjda8-29d1b68c1214b608f8eff5f0d39c29dd '   itemscope=\"itemscope\" itemtype=\"https:\/\/schema.org\/CreativeWork\" ><div class='avia_textblock'  itemprop=\"text\" ><p>IPACK-IMA atrai um p\u00fablico internacional, composto por:<\/p>\n<ul>\n<li>Fabricantes de embalagens e tecnologias de processamento.<\/li>\n<li>Fornecedores de materiais e equipamentos.<\/li>\n<li>Gerentes de compras, designers e engenheiros.<\/li>\n<li>Gerente de produ\u00e7\u00e3o, marketing e qualidade.<\/li>\n<li>Compradores internacionais dos setores aliment\u00edcio, farmac\u00eautico, cosm\u00e9tico e industrial.<\/li>\n<\/ul>\n<\/div><\/section><\/p><\/div>\n\n<style type=\"text\/css\" data-created_by=\"avia_inline_auto\" id=\"style-css-av-3caaagi-a756a173fab47567e7c6c2611464b06b\">\n.flex_column.av-3caaagi-a756a173fab47567e7c6c2611464b06b{\npadding:50px 0 0 0;\n}\n<\/style>\n<div  class='flex_column av-3caaagi-a756a173fab47567e7c6c2611464b06b av_one_full  avia-builder-el-16  el_after_av_one_full  el_before_av_hr  first flex_column_div  column-top-margin'     ><p>\n<style type=\"text\/css\" data-created_by=\"avia_inline_auto\" id=\"style-css-av-m42rjjmr-00f20fb359980c12dddefb3bfac72463\">\n#top .av-special-heading.av-m42rjjmr-00f20fb359980c12dddefb3bfac72463{\npadding-bottom:10px;\n}\nbody .av-special-heading.av-m42rjjmr-00f20fb359980c12dddefb3bfac72463 .av-special-heading-tag .heading-char{\nfont-size:25px;\n}\n.av-special-heading.av-m42rjjmr-00f20fb359980c12dddefb3bfac72463 .av-subheading{\nfont-size:15px;\n}\n<\/style>\n<div  class='av-special-heading av-m42rjjmr-00f20fb359980c12dddefb3bfac72463 av-special-heading-h2 blockquote modern-quote  avia-builder-el-17  el_before_av_textblock  avia-builder-el-first '><h2 class='av-special-heading-tag'  itemprop=\"headline\"  >Impacto na ind\u00fastria<\/h2><div class=\"special-heading-border\"><div class=\"special-heading-inner-border\"><\/div><\/div><\/div><br \/>\n<section  class='av_textblock_section av-m42rjpyq-c47aa443369bab24ba932f937d989215 '   itemscope=\"itemscope\" itemtype=\"https:\/\/schema.org\/CreativeWork\" ><div class='avia_textblock'  itemprop=\"text\" ><p>IPACK-IMA desempenha um papel fundamental no desenvolvimento da ind\u00fastria de embalagens e processamento, gra\u00e7as a:<\/p>\n<ul>\n<li>Foco na inova\u00e7\u00e3o: apresentando solu\u00e7\u00f5es que melhoram a produtividade e a sustentabilidade.<\/li>\n<li>Internacionaliza\u00e7\u00e3o: fomentar encontros entre empresas e compradores de todo o mundo.<\/li>\n<li>Abordagem integrada: abrangendo todas as fases da cadeia de abastecimento e criando sinergias entre setores.<\/li>\n<\/ul>\n<\/div><\/section><\/p><\/div>\n\n<style type=\"text\/css\" data-created_by=\"avia_inline_auto\" id=\"style-css-av-2x2yi1e-0aceb1ac6ff49c223c6bfb77914c345a\">\n#top .hr.hr-invisible.av-2x2yi1e-0aceb1ac6ff49c223c6bfb77914c345a{\nheight:24px;\n}\n<\/style>\n<div  class='hr av-2x2yi1e-0aceb1ac6ff49c223c6bfb77914c345a hr-invisible  avia-builder-el-19  el_after_av_one_full  el_before_av_hr '><span class='hr-inner '><span class=\"hr-inner-style\"><\/span><\/span><\/div>\n<div  class='hr av-2epsmr6-f551402ab8fb77c1c8215588c171cff5 hr-short  avia-builder-el-20  el_after_av_hr  el_before_av_hr  hr-left'><span class='hr-inner '><span class=\"hr-inner-style\"><\/span><\/span><\/div>\n\n<style type=\"text\/css\" data-created_by=\"avia_inline_auto\" id=\"style-css-av-21u8j5e-42986f1ae29fa6e762f304c9b676d43a\">\n#top .hr.hr-invisible.av-21u8j5e-42986f1ae29fa6e762f304c9b676d43a{\nheight:24px;\n}\n<\/style>\n<div  class='hr av-21u8j5e-42986f1ae29fa6e762f304c9b676d43a hr-invisible  avia-builder-el-21  el_after_av_hr  el_before_av_one_full '><span class='hr-inner '><span class=\"hr-inner-style\"><\/span><\/span><\/div>\n\n<style type=\"text\/css\" data-created_by=\"avia_inline_auto\" id=\"style-css-av-1q8vo36-4314431d1d4bfd0e606d7f6009c0aab1\">\n.flex_column.av-1q8vo36-4314431d1d4bfd0e606d7f6009c0aab1{\npadding:48px 48px 48px 48px;\nbackground-color:#eceff1;\n}\n<\/style>\n<div  class='flex_column av-1q8vo36-4314431d1d4bfd0e606d7f6009c0aab1 av_one_full  avia-builder-el-22  el_after_av_hr  avia-builder-el-last  first flex_column_div  '     ><p>\n<style type=\"text\/css\" data-created_by=\"avia_inline_auto\" id=\"style-css-av-13x8rqq-ea40d45c7950edc62a83ffcfa11a9ce3\">\n#top .av-special-heading.av-13x8rqq-ea40d45c7950edc62a83ffcfa11a9ce3{\npadding-bottom:10px;\n}\nbody .av-special-heading.av-13x8rqq-ea40d45c7950edc62a83ffcfa11a9ce3 .av-special-heading-tag .heading-char{\nfont-size:25px;\n}\n.av-special-heading.av-13x8rqq-ea40d45c7950edc62a83ffcfa11a9ce3 .av-subheading{\nfont-size:15px;\n}\n<\/style>\n<div  class='av-special-heading av-13x8rqq-ea40d45c7950edc62a83ffcfa11a9ce3 av-special-heading-h2 blockquote modern-quote modern-centered  avia-builder-el-23  el_before_av_textblock  avia-builder-el-first '><h2 class='av-special-heading-tag'  itemprop=\"headline\"  >AUX\u00cdLIO ESTATAL E DE MINIMIS<\/h2><div class=\"special-heading-border\"><div class=\"special-heading-inner-border\"><\/div><\/div><\/div><br \/>\n<section  class='av_textblock_section av-krx3jm-29714e9381b6381a11aeb38154e03aee '   itemscope=\"itemscope\" itemtype=\"https:\/\/schema.org\/CreativeWork\" ><div class='avia_textblock'  itemprop=\"text\" ><p style=\"text-align: center;\"><strong>Obriga\u00e7\u00f5es de informa\u00e7\u00e3o para subven\u00e7\u00f5es p\u00fablicas.<\/strong><br \/>\nOs aux\u00edlios estatais e os aux\u00edlios de minimis recebidos pela nossa empresa constam do Registo Nacional de Aux\u00edlios Estatais referido no art. 52.\u00ba da Lei 234\/2012 a que se faz refer\u00eancia e que pode ser consultado no seguinte link:\u00a0<a role=\"link\" href=\"https:\/\/www.rna.gov.it\/trasparenza\" target=\"_blank\" rel=\"noopener\">Saber mais&gt;&gt;<\/a><\/p>\n<\/div><\/section><\/p><\/div>\n","protected":false},"excerpt":{"rendered":"","protected":false},"author":6,"featured_media":0,"parent":17448,"menu_order":0,"comment_status":"closed","ping_status":"closed","template":"","meta":{"_monsterinsights_skip_tracking":false,"_monsterinsights_sitenote_active":false,"_monsterinsights_sitenote_note":"","_monsterinsights_sitenote_category":0,"footnotes":""},"_links":{"self":[{"href":"https:\/\/www.idealtecsrl.com\/pt-br\/wp-json\/wp\/v2\/pages\/17520"}],"collection":[{"href":"https:\/\/www.idealtecsrl.com\/pt-br\/wp-json\/wp\/v2\/pages"}],"about":[{"href":"https:\/\/www.idealtecsrl.com\/pt-br\/wp-json\/wp\/v2\/types\/page"}],"author":[{"embeddable":true,"href":"https:\/\/www.idealtecsrl.com\/pt-br\/wp-json\/wp\/v2\/users\/6"}],"replies":[{"embeddable":true,"href":"https:\/\/www.idealtecsrl.com\/pt-br\/wp-json\/wp\/v2\/comments?post=17520"}],"version-history":[{"count":2,"href":"https:\/\/www.idealtecsrl.com\/pt-br\/wp-json\/wp\/v2\/pages\/17520\/revisions"}],"predecessor-version":[{"id":17522,"href":"https:\/\/www.idealtecsrl.com\/pt-br\/wp-json\/wp\/v2\/pages\/17520\/revisions\/17522"}],"up":[{"embeddable":true,"href":"https:\/\/www.idealtecsrl.com\/pt-br\/wp-json\/wp\/v2\/pages\/17448"}],"wp:attachment":[{"href":"https:\/\/www.idealtecsrl.com\/pt-br\/wp-json\/wp\/v2\/media?parent=17520"}],"curies":[{"name":"wp","href":"https:\/\/api.w.org\/{rel}","templated":true}]}}