{"id":17541,"date":"2024-11-30T13:57:47","date_gmt":"2024-11-30T12:57:47","guid":{"rendered":"https:\/\/www.idealtecsrl.com\/feiras-de-exposicao\/paintistanbul-turkcoat\/"},"modified":"2024-11-30T13:57:48","modified_gmt":"2024-11-30T12:57:48","slug":"paintistanbul-turkcoat","status":"publish","type":"page","link":"https:\/\/www.idealtecsrl.com\/pt-br\/feiras-de-exposicao\/paintistanbul-turkcoat\/","title":{"rendered":"Paintistanbul &#038; Turkcoat"},"content":{"rendered":"<div id='full_slider_1'  class='avia-fullwidth-slider main_color avia-shadow   avia-builder-el-0  el_before_av_one_half  avia-builder-el-first   container_wrap fullsize'  >\n<style type=\"text\/css\" data-created_by=\"avia_inline_auto\" id=\"style-css-av-m42rkxxn-e3c907bb25619ea5d12fa6200a311dd1\">\n#top #wrap_all .avia-slideshow .av-slideshow-caption.av-m42rkxxn-e3c907bb25619ea5d12fa6200a311dd1__0 .avia-caption-title{\ncolor:#ffffff;\n}\n#top .avia-slideshow .av-slideshow-caption.av-m42rkxxn-e3c907bb25619ea5d12fa6200a311dd1__0 .avia-caption-content{\ncolor:#ffffff;\n}\n<\/style>\n<div  class='avia-slideshow av-m42rkxxn-e3c907bb25619ea5d12fa6200a311dd1 avia-slideshow-featured av_slideshow_full avia-fade-slider av-slideshow-ui av-control-hidden av-no-slider-navigation av-hide-nav-arrows av-slideshow-autoplay av-loop-endless av-loop-manual-endless av-default-height-applied   avia-slideshow-1' data-slideshow-options=\"{&quot;animation&quot;:&quot;fade&quot;,&quot;autoplay&quot;:true,&quot;loop_autoplay&quot;:&quot;endless&quot;,&quot;interval&quot;:3,&quot;loop_manual&quot;:&quot;manual-endless&quot;,&quot;autoplay_stopper&quot;:false,&quot;noNavigation&quot;:true,&quot;bg_slider&quot;:false,&quot;transitionSpeed&quot;:800,&quot;keep_padding&quot;:false,&quot;hoverpause&quot;:false,&quot;show_slide_delay&quot;:0}\"  itemprop=\"image\" itemscope=\"itemscope\" itemtype=\"https:\/\/schema.org\/ImageObject\" ><ul class='avia-slideshow-inner ' style='padding-bottom: 28.666666666667%;'><li  class='avia-slideshow-slide av-m42rkxxn-e3c907bb25619ea5d12fa6200a311dd1__0  slide-1 slide-odd'><div data-rel='slideshow-1' class='avia-slide-wrap '   ><img decoding=\"async\" fetchpriority=\"high\" class=\"wp-image-15267 avia-img-lazy-loading-not-15267\"  src=\"https:\/\/www.idealtecsrl.com\/wp-content\/uploads\/2024\/07\/visore-ci-presentiamo-1.jpg\" width=\"1500\" height=\"430\" title='visore-ci-presentiamo-1' alt=''  itemprop=\"thumbnailUrl\"  style='min-height:400px; min-width:1396px; ' srcset=\"https:\/\/www.idealtecsrl.com\/wp-content\/uploads\/2024\/07\/visore-ci-presentiamo-1.jpg 1500w, https:\/\/www.idealtecsrl.com\/wp-content\/uploads\/2024\/07\/visore-ci-presentiamo-1-300x86.jpg 300w, https:\/\/www.idealtecsrl.com\/wp-content\/uploads\/2024\/07\/visore-ci-presentiamo-1-1030x295.jpg 1030w, https:\/\/www.idealtecsrl.com\/wp-content\/uploads\/2024\/07\/visore-ci-presentiamo-1-768x220.jpg 768w, https:\/\/www.idealtecsrl.com\/wp-content\/uploads\/2024\/07\/visore-ci-presentiamo-1-705x202.jpg 705w\" sizes=\"(max-width: 1500px) 100vw, 1500px\" \/><div class='av-section-color-overlay' style='opacity: 0.6; background-color: #18417e; '><\/div><\/div><\/li><li  class='avia-slideshow-slide av-m42rkxxn-e3c907bb25619ea5d12fa6200a311dd1__1  slide-2 slide-even'><div data-rel='slideshow-1' class='avia-slide-wrap '   ><img decoding=\"async\" fetchpriority=\"high\" class=\"wp-image-15274 avia-img-lazy-loading-not-15274\"  src=\"https:\/\/www.idealtecsrl.com\/wp-content\/uploads\/2024\/07\/visore-ci-presentiamo-2.jpg\" width=\"1500\" height=\"430\" title='visore-ci-presentiamo-2' alt=''  itemprop=\"thumbnailUrl\"  style='min-height:400px; min-width:1396px; ' srcset=\"https:\/\/www.idealtecsrl.com\/wp-content\/uploads\/2024\/07\/visore-ci-presentiamo-2.jpg 1500w, https:\/\/www.idealtecsrl.com\/wp-content\/uploads\/2024\/07\/visore-ci-presentiamo-2-300x86.jpg 300w, https:\/\/www.idealtecsrl.com\/wp-content\/uploads\/2024\/07\/visore-ci-presentiamo-2-1030x295.jpg 1030w, https:\/\/www.idealtecsrl.com\/wp-content\/uploads\/2024\/07\/visore-ci-presentiamo-2-768x220.jpg 768w, https:\/\/www.idealtecsrl.com\/wp-content\/uploads\/2024\/07\/visore-ci-presentiamo-2-705x202.jpg 705w\" sizes=\"(max-width: 1500px) 100vw, 1500px\" \/><div class='av-section-color-overlay' style='opacity: 0.6; background-color: #18417e; '><\/div><\/div><\/li><li  class='avia-slideshow-slide av-m42rkxxn-e3c907bb25619ea5d12fa6200a311dd1__2  slide-3 slide-odd'><div data-rel='slideshow-1' class='avia-slide-wrap '   ><img decoding=\"async\" fetchpriority=\"high\" class=\"wp-image-15281 avia-img-lazy-loading-not-15281\"  src=\"https:\/\/www.idealtecsrl.com\/wp-content\/uploads\/2024\/07\/visore-ci-presentiamo-3.jpg\" width=\"1500\" height=\"430\" title='visore-ci-presentiamo-3' alt=''  itemprop=\"thumbnailUrl\"  style='min-height:400px; min-width:1396px; ' srcset=\"https:\/\/www.idealtecsrl.com\/wp-content\/uploads\/2024\/07\/visore-ci-presentiamo-3.jpg 1500w, https:\/\/www.idealtecsrl.com\/wp-content\/uploads\/2024\/07\/visore-ci-presentiamo-3-300x86.jpg 300w, https:\/\/www.idealtecsrl.com\/wp-content\/uploads\/2024\/07\/visore-ci-presentiamo-3-1030x295.jpg 1030w, https:\/\/www.idealtecsrl.com\/wp-content\/uploads\/2024\/07\/visore-ci-presentiamo-3-768x220.jpg 768w, https:\/\/www.idealtecsrl.com\/wp-content\/uploads\/2024\/07\/visore-ci-presentiamo-3-705x202.jpg 705w\" sizes=\"(max-width: 1500px) 100vw, 1500px\" \/><div class='av-section-color-overlay' style='opacity: 0.6; background-color: #18417e; '><\/div><\/div><\/li><li  class='avia-slideshow-slide av-m42rkxxn-e3c907bb25619ea5d12fa6200a311dd1__3  slide-4 slide-even'><div data-rel='slideshow-1' class='avia-slide-wrap '   ><img decoding=\"async\" fetchpriority=\"high\" class=\"wp-image-15288 avia-img-lazy-loading-not-15288\"  src=\"https:\/\/www.idealtecsrl.com\/wp-content\/uploads\/2024\/07\/visore-ci-presentiamo-4.jpg\" width=\"1500\" height=\"430\" title='visore-ci-presentiamo-4' alt=''  itemprop=\"thumbnailUrl\"  style='min-height:400px; min-width:1396px; ' srcset=\"https:\/\/www.idealtecsrl.com\/wp-content\/uploads\/2024\/07\/visore-ci-presentiamo-4.jpg 1500w, https:\/\/www.idealtecsrl.com\/wp-content\/uploads\/2024\/07\/visore-ci-presentiamo-4-300x86.jpg 300w, https:\/\/www.idealtecsrl.com\/wp-content\/uploads\/2024\/07\/visore-ci-presentiamo-4-1030x295.jpg 1030w, https:\/\/www.idealtecsrl.com\/wp-content\/uploads\/2024\/07\/visore-ci-presentiamo-4-768x220.jpg 768w, https:\/\/www.idealtecsrl.com\/wp-content\/uploads\/2024\/07\/visore-ci-presentiamo-4-705x202.jpg 705w\" sizes=\"(max-width: 1500px) 100vw, 1500px\" \/><div class='av-section-color-overlay' style='opacity: 0.6; background-color: #18417e; '><\/div><\/div><\/li><li  class='avia-slideshow-slide av-m42rkxxn-e3c907bb25619ea5d12fa6200a311dd1__4  slide-5 slide-odd'><div data-rel='slideshow-1' class='avia-slide-wrap '   ><img decoding=\"async\" fetchpriority=\"high\" class=\"wp-image-15295 avia-img-lazy-loading-not-15295\"  src=\"https:\/\/www.idealtecsrl.com\/wp-content\/uploads\/2024\/07\/visore-ci-presentiamo-5.jpg\" width=\"1500\" height=\"430\" title='visore-ci-presentiamo-5' alt=''  itemprop=\"thumbnailUrl\"  style='min-height:400px; min-width:1396px; ' srcset=\"https:\/\/www.idealtecsrl.com\/wp-content\/uploads\/2024\/07\/visore-ci-presentiamo-5.jpg 1500w, https:\/\/www.idealtecsrl.com\/wp-content\/uploads\/2024\/07\/visore-ci-presentiamo-5-300x86.jpg 300w, https:\/\/www.idealtecsrl.com\/wp-content\/uploads\/2024\/07\/visore-ci-presentiamo-5-1030x295.jpg 1030w, https:\/\/www.idealtecsrl.com\/wp-content\/uploads\/2024\/07\/visore-ci-presentiamo-5-768x220.jpg 768w, https:\/\/www.idealtecsrl.com\/wp-content\/uploads\/2024\/07\/visore-ci-presentiamo-5-705x202.jpg 705w\" sizes=\"(max-width: 1500px) 100vw, 1500px\" \/><div class='av-section-color-overlay' style='opacity: 0.6; background-color: #18417e; '><\/div><\/div><\/li><\/ul><div class='avia-slideshow-arrows avia-slideshow-controls' ><a href='#prev' class='prev-slide ' aria-hidden='true' data-av_icon='\ue87c' data-av_iconfont='entypo-fontello'  tabindex='-1'>Anterior<\/a><a href='#next' class='next-slide ' aria-hidden='true' data-av_icon='\ue87d' data-av_iconfont='entypo-fontello'  tabindex='-1'>Pr\u00f3ximo<\/a><\/div><div class='av-slideshow-caption av-m42rkxxn-e3c907bb25619ea5d12fa6200a311dd1__0 caption_fullwidth caption_center'><div class=\"container caption_container\"><div class=\"slideshow_caption\"><div class=\"slideshow_inner_caption\"><div class=\"slideshow_align_caption\"><h1 class='avia-caption-title '  itemprop=\"name\" >Paintistanbul &amp; Turkcoat<\/h1><\/div><\/div><\/div><\/div><\/div><\/div><\/div><div id='after_full_slider_1'  class='main_color av_default_container_wrap container_wrap fullsize'  ><div class='container av-section-cont-open' ><div class='template-page content  av-content-full alpha units'><div class='post-entry post-entry-type-page post-entry-17541'><div class='entry-content-wrapper clearfix'>\n\n<style type=\"text\/css\" data-created_by=\"avia_inline_auto\" id=\"style-css-av-7cjuqno-a0a62553d3354f6b88fbb35963218554\">\n.flex_column.av-7cjuqno-a0a62553d3354f6b88fbb35963218554{\npadding:50px 0 0 0;\n}\n<\/style>\n<div  class='flex_column av-7cjuqno-a0a62553d3354f6b88fbb35963218554 av_one_half  avia-builder-el-1  el_after_av_slideshow_full  el_before_av_one_half  avia-builder-el-first  first flex_column_div  '     ><p><section  class='av_textblock_section av-m42roai1-178a8c1e233a1d8428abfbb302e20ea9 '   itemscope=\"itemscope\" itemtype=\"https:\/\/schema.org\/CreativeWork\" ><div class='avia_textblock'  itemprop=\"text\" ><p><strong>Paintistanbul &amp; Turkcoat<\/strong> \u00e9 uma das feiras comerciais mais importantes e influentes no setor de tintas, revestimentos, mat\u00e9rias-primas e tecnologias relacionadas na Eur\u00e1sia. Este evento bienal acontece em Istambul, na Turquia, e representa um ponto de refer\u00eancia para os profissionais da ind\u00fastria, oferecendo uma plataforma integrada para inova\u00e7\u00e3o, networking e com\u00e9rcio.<\/p>\n<\/div><\/section><br \/>\n\n<style type=\"text\/css\" data-created_by=\"avia_inline_auto\" id=\"style-css-av-6npu8ok-aa963fb0889f87b99c91ce84c9056156\">\n#top .hr.hr-invisible.av-6npu8ok-aa963fb0889f87b99c91ce84c9056156{\nheight:50px;\n}\n<\/style>\n<div  class='hr av-6npu8ok-aa963fb0889f87b99c91ce84c9056156 hr-invisible  avia-builder-el-3  el_after_av_textblock  el_before_av_button '><span class='hr-inner '><span class=\"hr-inner-style\"><\/span><\/span><\/div><br \/>\n<div  class='avia-button-wrap av-m42rnphl-b9e56538510eb296f5b825209123a0cb-wrap avia-button-left  avia-builder-el-4  el_after_av_hr  avia-builder-el-last '><a href='https:\/\/turkcoat-paintistanbul.com\/home\/' class='avia-button av-m42rnphl-b9e56538510eb296f5b825209123a0cb av-link-btn avia-icon_select-yes-right-icon avia-size-large avia-position-left av-icon-on-hover avia-color-theme-color' target=\"_blank\" rel=\"noopener noreferrer\"><span class='avia_iconbox_title' >Visite o site oficial<\/span><span class='avia_button_icon avia_button_icon_right' aria-hidden='true' data-av_icon='\ue879' data-av_iconfont='entypo-fontello'><\/span><\/a><\/div><\/p><\/div>\n\n<style type=\"text\/css\" data-created_by=\"avia_inline_auto\" id=\"style-css-av-67o7hkk-2bfd7f40318f99e932d750d5937976ca\">\n.flex_column.av-67o7hkk-2bfd7f40318f99e932d750d5937976ca{\npadding:50px 0 0 0;\n}\n<\/style>\n<div  class='flex_column av-67o7hkk-2bfd7f40318f99e932d750d5937976ca av_one_half  avia-builder-el-5  el_after_av_one_half  el_before_av_one_full  flex_column_div  '     ><style type=\"text\/css\" data-created_by=\"avia_inline_auto\" id=\"style-css-av-m42ro4yt-fcebe70429bbd4c3d78fd28cc4bcb830\">\n.avia-image-container.av-m42ro4yt-fcebe70429bbd4c3d78fd28cc4bcb830 img.avia_image{\nbox-shadow:none;\n}\n.avia-image-container.av-m42ro4yt-fcebe70429bbd4c3d78fd28cc4bcb830 .av-image-caption-overlay-center{\ncolor:#ffffff;\n}\n<\/style>\n<div  class='avia-image-container av-m42ro4yt-fcebe70429bbd4c3d78fd28cc4bcb830 av-styling- avia-align-center  avia-builder-el-6  avia-builder-el-no-sibling '   itemprop=\"image\" itemscope=\"itemscope\" itemtype=\"https:\/\/schema.org\/ImageObject\" ><div class=\"avia-image-container-inner\"><div class=\"avia-image-overlay-wrap\"><img decoding=\"async\" fetchpriority=\"high\" class='wp-image-14280 avia-img-lazy-loading-not-14280 avia_image ' src=\"https:\/\/www.idealtecsrl.com\/wp-content\/uploads\/2024\/07\/Paint-Istanbul-Turkcoat-300x300.jpg\" alt='' title='Paint-Istanbul-Turkcoat'  height=\"300\" width=\"300\"  itemprop=\"thumbnailUrl\" srcset=\"https:\/\/www.idealtecsrl.com\/wp-content\/uploads\/2024\/07\/Paint-Istanbul-Turkcoat-300x300.jpg 300w, https:\/\/www.idealtecsrl.com\/wp-content\/uploads\/2024\/07\/Paint-Istanbul-Turkcoat-80x80.jpg 80w, https:\/\/www.idealtecsrl.com\/wp-content\/uploads\/2024\/07\/Paint-Istanbul-Turkcoat-36x36.jpg 36w, https:\/\/www.idealtecsrl.com\/wp-content\/uploads\/2024\/07\/Paint-Istanbul-Turkcoat-180x180.jpg 180w, https:\/\/www.idealtecsrl.com\/wp-content\/uploads\/2024\/07\/Paint-Istanbul-Turkcoat.jpg 400w\" sizes=\"(max-width: 300px) 100vw, 300px\" \/><\/div><\/div><\/div><\/div>\n<style type=\"text\/css\" data-created_by=\"avia_inline_auto\" id=\"style-css-av-5xawp9w-b25149ebbaadd45c21e5dfb528ff50d5\">\n.flex_column.av-5xawp9w-b25149ebbaadd45c21e5dfb528ff50d5{\npadding:50px 0 0 0;\n}\n<\/style>\n<div  class='flex_column av-5xawp9w-b25149ebbaadd45c21e5dfb528ff50d5 av_one_full  avia-builder-el-7  el_after_av_one_half  el_before_av_one_full  first flex_column_div  column-top-margin'     ><p>\n<style type=\"text\/css\" data-created_by=\"avia_inline_auto\" id=\"style-css-av-m42roh6h-49b4db031651950d35de6efa28f751f7\">\n#top .av-special-heading.av-m42roh6h-49b4db031651950d35de6efa28f751f7{\npadding-bottom:10px;\n}\nbody .av-special-heading.av-m42roh6h-49b4db031651950d35de6efa28f751f7 .av-special-heading-tag .heading-char{\nfont-size:25px;\n}\n.av-special-heading.av-m42roh6h-49b4db031651950d35de6efa28f751f7 .av-subheading{\nfont-size:15px;\n}\n<\/style>\n<div  class='av-special-heading av-m42roh6h-49b4db031651950d35de6efa28f751f7 av-special-heading-h2 blockquote modern-quote  avia-builder-el-8  el_before_av_textblock  avia-builder-el-first '><h2 class='av-special-heading-tag'  itemprop=\"headline\"  >Objetivos e Import\u00e2ncia<\/h2><div class=\"special-heading-border\"><div class=\"special-heading-inner-border\"><\/div><\/div><\/div><br \/>\n<section  class='av_textblock_section av-m42roqvy-555fd71297c7ca83943023b6c2c8b9c4 '   itemscope=\"itemscope\" itemtype=\"https:\/\/schema.org\/CreativeWork\" ><div class='avia_textblock'  itemprop=\"text\" ><p>Paintistanbul &amp; Turkcoat apresenta-se como um hub estrat\u00e9gico para conectar fabricantes, fornecedores, distribuidores e compradores, com particular foco na ind\u00fastria de revestimentos. Os principais objetivos incluem:<\/p>\n<ul>\n<li>Promover a inova\u00e7\u00e3o no setor de tintas e mat\u00e9rias-primas.<\/li>\n<li>Facilitar o networking entre empresas regionais e internacionais.<\/li>\n<li>Apoiar o desenvolvimento do mercado euro-asi\u00e1tico, gra\u00e7as \u00e0 posi\u00e7\u00e3o estrat\u00e9gica da T\u00fcrkiye como ponte entre a Europa, a \u00c1sia e o M\u00e9dio Oriente.<\/li>\n<\/ul>\n<p>Com crescente relev\u00e2ncia global, a feira est\u00e1 ajudando a moldar o futuro da ind\u00fastria de tintas.<\/p>\n<\/div><\/section><\/p><\/div><\/p>\n\n<style type=\"text\/css\" data-created_by=\"avia_inline_auto\" id=\"style-css-av-ieu978-17e262687cb8544e6f568afb8c9d8bb8\">\n.flex_column.av-ieu978-17e262687cb8544e6f568afb8c9d8bb8{\npadding:50px 0 0 0;\n}\n<\/style>\n<div  class='flex_column av-ieu978-17e262687cb8544e6f568afb8c9d8bb8 av_one_full  avia-builder-el-10  el_after_av_one_full  el_before_av_one_full  first flex_column_div  column-top-margin'     ><p>\n<style type=\"text\/css\" data-created_by=\"avia_inline_auto\" id=\"style-css-av-4udzqus-ab38c56fd07faf1b141af0780bdab3cd\">\n#top .av-special-heading.av-4udzqus-ab38c56fd07faf1b141af0780bdab3cd{\npadding-bottom:10px;\n}\nbody .av-special-heading.av-4udzqus-ab38c56fd07faf1b141af0780bdab3cd .av-special-heading-tag .heading-char{\nfont-size:25px;\n}\n.av-special-heading.av-4udzqus-ab38c56fd07faf1b141af0780bdab3cd .av-subheading{\nfont-size:15px;\n}\n<\/style>\n<div  class='av-special-heading av-4udzqus-ab38c56fd07faf1b141af0780bdab3cd av-special-heading-h2 blockquote modern-quote  avia-builder-el-11  el_before_av_textblock  avia-builder-el-first '><h2 class='av-special-heading-tag'  itemprop=\"headline\"  >Principais caracter\u00edsticas<\/h2><div class=\"special-heading-border\"><div class=\"special-heading-inner-border\"><\/div><\/div><\/div><br \/>\n<section  class='av_textblock_section av-m42rp8g2-e9f81e80675e3ca6d37085ebb1dd34ac '   itemscope=\"itemscope\" itemtype=\"https:\/\/schema.org\/CreativeWork\" ><div class='avia_textblock'  itemprop=\"text\" ><ul>\n<li>Exposi\u00e7\u00e3o Comercial<br \/>\nA feira acolhe centenas de expositores de todo o mundo, com uma vasta gama de produtos e servi\u00e7os, incluindo:<br \/>\nMat\u00e9rias-primas: resinas, pigmentos, aditivos e solventes.<br \/>\nTintas e revestimentos: solu\u00e7\u00f5es para constru\u00e7\u00e3o, ind\u00fastria autom\u00f3vel, madeira e produtos decorativos.<br \/>\nTecnologias e m\u00e1quinas: equipamentos para produ\u00e7\u00e3o, embalagem e controle de qualidade.<br \/>\nSustentabilidade e inova\u00e7\u00e3o: foco em materiais e tecnologias ecocompat\u00edveis para reduzir o impacto ambiental.<\/li>\n<li>Confer\u00eancias T\u00e9cnicas<br \/>\nPaintistanbul &amp; Turkcoat inclui um rico programa de semin\u00e1rios e workshops t\u00e9cnicos, cobrindo t\u00f3picos importantes como:<br \/>\nNovos desenvolvimentos em formula\u00e7\u00f5es.<br \/>\nSustentabilidade na ind\u00fastria de revestimentos.<br \/>\nRegulamenta\u00e7\u00f5es ambientais e certifica\u00e7\u00f5es internacionais.<br \/>\nTecnologias emergentes para revestimentos de alto desempenho.<\/li>\n<li>Oportunidades de networking<br \/>\nA feira atrai um grande p\u00fablico de profissionais e tomadores de decis\u00e3o, sendo um local ideal para:<br \/>\nConhe\u00e7a potenciais parceiros de neg\u00f3cios.<br \/>\nExplore oportunidades de investimento e colabora\u00e7\u00f5es.<br \/>\nDescubra novas tend\u00eancias e tecnologias de mercado.<\/li>\n<li>Foco Regional e Global<br \/>\nA Paintistanbul &amp; Turkcoat n\u00e3o se concentra apenas no mercado turco, mas tamb\u00e9m abrange toda a regi\u00e3o da Eur\u00e1sia, atraindo participantes da Europa, \u00c1sia, M\u00e9dio Oriente e Norte de \u00c1frica, consolidando-se como uma ponte entre os mercados ocidentais e orientais.<\/li>\n<\/ul>\n<\/div><\/section><\/p><\/div>\n\n<style type=\"text\/css\" data-created_by=\"avia_inline_auto\" id=\"style-css-av-4ke12ic-7bb921689e7a19b46921739ac7c486fd\">\n.flex_column.av-4ke12ic-7bb921689e7a19b46921739ac7c486fd{\npadding:50px 0 0 0;\n}\n<\/style>\n<div  class='flex_column av-4ke12ic-7bb921689e7a19b46921739ac7c486fd av_one_full  avia-builder-el-13  el_after_av_one_full  el_before_av_one_full  first flex_column_div  column-top-margin'     ><p>\n<style type=\"text\/css\" data-created_by=\"avia_inline_auto\" id=\"style-css-av-3zgl0gk-458fcaf72f8ee999a5e884f02c6e67ba\">\n#top .av-special-heading.av-3zgl0gk-458fcaf72f8ee999a5e884f02c6e67ba{\npadding-bottom:10px;\n}\nbody .av-special-heading.av-3zgl0gk-458fcaf72f8ee999a5e884f02c6e67ba .av-special-heading-tag .heading-char{\nfont-size:25px;\n}\n.av-special-heading.av-3zgl0gk-458fcaf72f8ee999a5e884f02c6e67ba .av-subheading{\nfont-size:15px;\n}\n<\/style>\n<div  class='av-special-heading av-3zgl0gk-458fcaf72f8ee999a5e884f02c6e67ba av-special-heading-h2 blockquote modern-quote  avia-builder-el-14  el_before_av_textblock  avia-builder-el-first '><h2 class='av-special-heading-tag'  itemprop=\"headline\"  >Participantes<\/h2><div class=\"special-heading-border\"><div class=\"special-heading-inner-border\"><\/div><\/div><\/div><br \/>\n<section  class='av_textblock_section av-m42rpsyv-240fc6e1d87f1282fa2677af9bbd38be '   itemscope=\"itemscope\" itemtype=\"https:\/\/schema.org\/CreativeWork\" ><div class='avia_textblock'  itemprop=\"text\" ><p>O evento re\u00fane uma ampla gama de profissionais do setor, incluindo:<\/p>\n<ul>\n<li>Fabricantes de tintas e revestimentos.<\/li>\n<li>Fornecedores de mat\u00e9rias-primas, m\u00e1quinas e equipamentos.<\/li>\n<li>Distribuidores e revendedores.<\/li>\n<li>Consultores t\u00e9cnicos, pesquisadores e desenvolvedores.<\/li>\n<li>Compradores e tomadores de decis\u00e3o de setores-chave como constru\u00e7\u00e3o, automotivo, madeira, embalagens e decora\u00e7\u00e3o.<\/li>\n<\/ul>\n<\/div><\/section><\/p><\/div>\n\n<style type=\"text\/css\" data-created_by=\"avia_inline_auto\" id=\"style-css-av-3cs9kxg-79c04922fb850c53e0df1ddc1582cd81\">\n.flex_column.av-3cs9kxg-79c04922fb850c53e0df1ddc1582cd81{\npadding:50px 0 0 0;\n}\n<\/style>\n<div  class='flex_column av-3cs9kxg-79c04922fb850c53e0df1ddc1582cd81 av_one_full  avia-builder-el-16  el_after_av_one_full  el_before_av_hr  first flex_column_div  column-top-margin'     ><p>\n<style type=\"text\/css\" data-created_by=\"avia_inline_auto\" id=\"style-css-av-m42rpz5v-dea23b8ac17e1da4a19b5fb32daabb3a\">\n#top .av-special-heading.av-m42rpz5v-dea23b8ac17e1da4a19b5fb32daabb3a{\npadding-bottom:10px;\n}\nbody .av-special-heading.av-m42rpz5v-dea23b8ac17e1da4a19b5fb32daabb3a .av-special-heading-tag .heading-char{\nfont-size:25px;\n}\n.av-special-heading.av-m42rpz5v-dea23b8ac17e1da4a19b5fb32daabb3a .av-subheading{\nfont-size:15px;\n}\n<\/style>\n<div  class='av-special-heading av-m42rpz5v-dea23b8ac17e1da4a19b5fb32daabb3a av-special-heading-h2 blockquote modern-quote  avia-builder-el-17  el_before_av_textblock  avia-builder-el-first '><h2 class='av-special-heading-tag'  itemprop=\"headline\"  >Impacto na ind\u00fastria<\/h2><div class=\"special-heading-border\"><div class=\"special-heading-inner-border\"><\/div><\/div><\/div><br \/>\n<section  class='av_textblock_section av-m42rq8ev-f0069f982e3a1e9b33e8789fb83ab916 '   itemscope=\"itemscope\" itemtype=\"https:\/\/schema.org\/CreativeWork\" ><div class='avia_textblock'  itemprop=\"text\" ><p>A Paintistanbul &amp; Turkcoat desempenha um papel crucial no desenvolvimento da ind\u00fastria de tintas e revestimentos, gra\u00e7as a:<\/p>\n<ul>\n<li>Promo\u00e7\u00e3o da inova\u00e7\u00e3o: introdu\u00e7\u00e3o de novas tecnologias e materiais.<\/li>\n<li>Expans\u00e3o do mercado regional: apoiando as empresas no acesso aos mercados emergentes.<\/li>\n<li>Sustentabilidade: Liderar a ind\u00fastria em dire\u00e7\u00e3o a pr\u00e1ticas mais respons\u00e1veis \u200b\u200be materiais mais ecol\u00f3gicos.<\/li>\n<\/ul>\n<\/div><\/section><\/p><\/div>\n\n<style type=\"text\/css\" data-created_by=\"avia_inline_auto\" id=\"style-css-av-2y2z850-7a70861a5b38c373954f983b37bd6497\">\n#top .hr.hr-invisible.av-2y2z850-7a70861a5b38c373954f983b37bd6497{\nheight:24px;\n}\n<\/style>\n<div  class='hr av-2y2z850-7a70861a5b38c373954f983b37bd6497 hr-invisible  avia-builder-el-19  el_after_av_one_full  el_before_av_hr '><span class='hr-inner '><span class=\"hr-inner-style\"><\/span><\/span><\/div>\n<div  class='hr av-2jw35xw-592969ff92127c43961e854f98392d55 hr-short  avia-builder-el-20  el_after_av_hr  el_before_av_hr  hr-left'><span class='hr-inner '><span class=\"hr-inner-style\"><\/span><\/span><\/div>\n\n<style type=\"text\/css\" data-created_by=\"avia_inline_auto\" id=\"style-css-av-243373o-b6a2873b8d65614898eaf571ed146a9c\">\n#top .hr.hr-invisible.av-243373o-b6a2873b8d65614898eaf571ed146a9c{\nheight:24px;\n}\n<\/style>\n<div  class='hr av-243373o-b6a2873b8d65614898eaf571ed146a9c hr-invisible  avia-builder-el-21  el_after_av_hr  el_before_av_one_full '><span class='hr-inner '><span class=\"hr-inner-style\"><\/span><\/span><\/div>\n\n<style type=\"text\/css\" data-created_by=\"avia_inline_auto\" id=\"style-css-av-1t0whpw-3d9856323b55348a2ded6a254364b58f\">\n.flex_column.av-1t0whpw-3d9856323b55348a2ded6a254364b58f{\npadding:48px 48px 48px 48px;\nbackground-color:#eceff1;\n}\n<\/style>\n<div  class='flex_column av-1t0whpw-3d9856323b55348a2ded6a254364b58f av_one_full  avia-builder-el-22  el_after_av_hr  avia-builder-el-last  first flex_column_div  '     ><p>\n<style type=\"text\/css\" data-created_by=\"avia_inline_auto\" id=\"style-css-av-10asp3o-793291d0fb02e31b5001f7739b1750b7\">\n#top .av-special-heading.av-10asp3o-793291d0fb02e31b5001f7739b1750b7{\npadding-bottom:10px;\n}\nbody .av-special-heading.av-10asp3o-793291d0fb02e31b5001f7739b1750b7 .av-special-heading-tag .heading-char{\nfont-size:25px;\n}\n.av-special-heading.av-10asp3o-793291d0fb02e31b5001f7739b1750b7 .av-subheading{\nfont-size:15px;\n}\n<\/style>\n<div  class='av-special-heading av-10asp3o-793291d0fb02e31b5001f7739b1750b7 av-special-heading-h2 blockquote modern-quote modern-centered  avia-builder-el-23  el_before_av_textblock  avia-builder-el-first '><h2 class='av-special-heading-tag'  itemprop=\"headline\"  >AUX\u00cdLIO ESTATAL E DE MINIMIS<\/h2><div class=\"special-heading-border\"><div class=\"special-heading-inner-border\"><\/div><\/div><\/div><br \/>\n<section  class='av_textblock_section av-sqpln8-fb9bbe17057326b7f07a8fa9157b458c '   itemscope=\"itemscope\" itemtype=\"https:\/\/schema.org\/CreativeWork\" ><div class='avia_textblock'  itemprop=\"text\" ><p style=\"text-align: center;\"><strong>Obriga\u00e7\u00f5es de informa\u00e7\u00e3o para subven\u00e7\u00f5es p\u00fablicas.<\/strong><br \/>\nOs aux\u00edlios estatais e os aux\u00edlios de minimis recebidos pela nossa empresa constam do Registo Nacional de Aux\u00edlios Estatais referido no art. 52.\u00ba da Lei 234\/2012 a que se faz refer\u00eancia e que pode ser consultado no seguinte link:\u00a0<a role=\"link\" href=\"https:\/\/www.rna.gov.it\/trasparenza\" target=\"_blank\" rel=\"noopener\">Saber mais&gt;&gt;<\/a><\/p>\n<\/div><\/section><\/p><\/div>\n","protected":false},"excerpt":{"rendered":"","protected":false},"author":6,"featured_media":0,"parent":17448,"menu_order":0,"comment_status":"closed","ping_status":"closed","template":"","meta":{"_monsterinsights_skip_tracking":false,"_monsterinsights_sitenote_active":false,"_monsterinsights_sitenote_note":"","_monsterinsights_sitenote_category":0,"footnotes":""},"_links":{"self":[{"href":"https:\/\/www.idealtecsrl.com\/pt-br\/wp-json\/wp\/v2\/pages\/17541"}],"collection":[{"href":"https:\/\/www.idealtecsrl.com\/pt-br\/wp-json\/wp\/v2\/pages"}],"about":[{"href":"https:\/\/www.idealtecsrl.com\/pt-br\/wp-json\/wp\/v2\/types\/page"}],"author":[{"embeddable":true,"href":"https:\/\/www.idealtecsrl.com\/pt-br\/wp-json\/wp\/v2\/users\/6"}],"replies":[{"embeddable":true,"href":"https:\/\/www.idealtecsrl.com\/pt-br\/wp-json\/wp\/v2\/comments?post=17541"}],"version-history":[{"count":2,"href":"https:\/\/www.idealtecsrl.com\/pt-br\/wp-json\/wp\/v2\/pages\/17541\/revisions"}],"predecessor-version":[{"id":17543,"href":"https:\/\/www.idealtecsrl.com\/pt-br\/wp-json\/wp\/v2\/pages\/17541\/revisions\/17543"}],"up":[{"embeddable":true,"href":"https:\/\/www.idealtecsrl.com\/pt-br\/wp-json\/wp\/v2\/pages\/17448"}],"wp:attachment":[{"href":"https:\/\/www.idealtecsrl.com\/pt-br\/wp-json\/wp\/v2\/media?parent=17541"}],"curies":[{"name":"wp","href":"https:\/\/api.w.org\/{rel}","templated":true}]}}