{"id":20388,"date":"2025-01-30T09:52:58","date_gmt":"2025-01-30T08:52:58","guid":{"rendered":"https:\/\/www.idealtecsrl.com\/feiras-de-exposicao\/eurocoat\/"},"modified":"2025-01-30T12:39:30","modified_gmt":"2025-01-30T11:39:30","slug":"eurocoat","status":"publish","type":"page","link":"https:\/\/www.idealtecsrl.com\/pt-br\/feiras-de-exposicao\/eurocoat\/","title":{"rendered":"Eurocoat"},"content":{"rendered":"<div id='full_slider_1'  class='avia-fullwidth-slider main_color avia-shadow   avia-builder-el-0  el_before_av_one_half  avia-builder-el-first   container_wrap fullsize'  >\n<style type=\"text\/css\" data-created_by=\"avia_inline_auto\" id=\"style-css-av-m6j196ho-6e1a0f199ed2f00918eb454d67fc09f8\">\n#top #wrap_all .avia-slideshow .av-slideshow-caption.av-m6j196ho-6e1a0f199ed2f00918eb454d67fc09f8__0 .avia-caption-title{\ncolor:#ffffff;\n}\n#top .avia-slideshow .av-slideshow-caption.av-m6j196ho-6e1a0f199ed2f00918eb454d67fc09f8__0 .avia-caption-content{\ncolor:#ffffff;\n}\n<\/style>\n<div  class='avia-slideshow av-m6j196ho-6e1a0f199ed2f00918eb454d67fc09f8 avia-slideshow-featured av_slideshow_full avia-fade-slider av-slideshow-ui av-control-hidden av-no-slider-navigation av-hide-nav-arrows av-slideshow-autoplay av-loop-endless av-loop-manual-endless av-default-height-applied   avia-slideshow-1' data-slideshow-options=\"{&quot;animation&quot;:&quot;fade&quot;,&quot;autoplay&quot;:true,&quot;loop_autoplay&quot;:&quot;endless&quot;,&quot;interval&quot;:3,&quot;loop_manual&quot;:&quot;manual-endless&quot;,&quot;autoplay_stopper&quot;:false,&quot;noNavigation&quot;:true,&quot;bg_slider&quot;:false,&quot;transitionSpeed&quot;:800,&quot;keep_padding&quot;:false,&quot;hoverpause&quot;:false,&quot;show_slide_delay&quot;:0}\"  itemprop=\"image\" itemscope=\"itemscope\" itemtype=\"https:\/\/schema.org\/ImageObject\" ><ul class='avia-slideshow-inner ' style='padding-bottom: 28.666666666667%;'><li  class='avia-slideshow-slide av-m6j196ho-6e1a0f199ed2f00918eb454d67fc09f8__0  slide-1 slide-odd'><div data-rel='slideshow-1' class='avia-slide-wrap '   ><img decoding=\"async\" fetchpriority=\"high\" class=\"wp-image-15267 avia-img-lazy-loading-not-15267\"  src=\"https:\/\/www.idealtecsrl.com\/wp-content\/uploads\/2024\/07\/visore-ci-presentiamo-1.jpg\" width=\"1500\" height=\"430\" title='visore-ci-presentiamo-1' alt=''  itemprop=\"thumbnailUrl\"  style='min-height:400px; min-width:1396px; ' srcset=\"https:\/\/www.idealtecsrl.com\/wp-content\/uploads\/2024\/07\/visore-ci-presentiamo-1.jpg 1500w, https:\/\/www.idealtecsrl.com\/wp-content\/uploads\/2024\/07\/visore-ci-presentiamo-1-300x86.jpg 300w, https:\/\/www.idealtecsrl.com\/wp-content\/uploads\/2024\/07\/visore-ci-presentiamo-1-1030x295.jpg 1030w, https:\/\/www.idealtecsrl.com\/wp-content\/uploads\/2024\/07\/visore-ci-presentiamo-1-768x220.jpg 768w, https:\/\/www.idealtecsrl.com\/wp-content\/uploads\/2024\/07\/visore-ci-presentiamo-1-705x202.jpg 705w\" sizes=\"(max-width: 1500px) 100vw, 1500px\" \/><div class='av-section-color-overlay' style='opacity: 0.6; background-color: #18417e; '><\/div><\/div><\/li><li  class='avia-slideshow-slide av-m6j196ho-6e1a0f199ed2f00918eb454d67fc09f8__1  slide-2 slide-even'><div data-rel='slideshow-1' class='avia-slide-wrap '   ><img decoding=\"async\" fetchpriority=\"high\" class=\"wp-image-15274 avia-img-lazy-loading-not-15274\"  src=\"https:\/\/www.idealtecsrl.com\/wp-content\/uploads\/2024\/07\/visore-ci-presentiamo-2.jpg\" width=\"1500\" height=\"430\" title='visore-ci-presentiamo-2' alt=''  itemprop=\"thumbnailUrl\"  style='min-height:400px; min-width:1396px; ' srcset=\"https:\/\/www.idealtecsrl.com\/wp-content\/uploads\/2024\/07\/visore-ci-presentiamo-2.jpg 1500w, https:\/\/www.idealtecsrl.com\/wp-content\/uploads\/2024\/07\/visore-ci-presentiamo-2-300x86.jpg 300w, https:\/\/www.idealtecsrl.com\/wp-content\/uploads\/2024\/07\/visore-ci-presentiamo-2-1030x295.jpg 1030w, https:\/\/www.idealtecsrl.com\/wp-content\/uploads\/2024\/07\/visore-ci-presentiamo-2-768x220.jpg 768w, https:\/\/www.idealtecsrl.com\/wp-content\/uploads\/2024\/07\/visore-ci-presentiamo-2-705x202.jpg 705w\" sizes=\"(max-width: 1500px) 100vw, 1500px\" \/><div class='av-section-color-overlay' style='opacity: 0.6; background-color: #18417e; '><\/div><\/div><\/li><li  class='avia-slideshow-slide av-m6j196ho-6e1a0f199ed2f00918eb454d67fc09f8__2  slide-3 slide-odd'><div data-rel='slideshow-1' class='avia-slide-wrap '   ><img decoding=\"async\" fetchpriority=\"high\" class=\"wp-image-15281 avia-img-lazy-loading-not-15281\"  src=\"https:\/\/www.idealtecsrl.com\/wp-content\/uploads\/2024\/07\/visore-ci-presentiamo-3.jpg\" width=\"1500\" height=\"430\" title='visore-ci-presentiamo-3' alt=''  itemprop=\"thumbnailUrl\"  style='min-height:400px; min-width:1396px; ' srcset=\"https:\/\/www.idealtecsrl.com\/wp-content\/uploads\/2024\/07\/visore-ci-presentiamo-3.jpg 1500w, https:\/\/www.idealtecsrl.com\/wp-content\/uploads\/2024\/07\/visore-ci-presentiamo-3-300x86.jpg 300w, https:\/\/www.idealtecsrl.com\/wp-content\/uploads\/2024\/07\/visore-ci-presentiamo-3-1030x295.jpg 1030w, https:\/\/www.idealtecsrl.com\/wp-content\/uploads\/2024\/07\/visore-ci-presentiamo-3-768x220.jpg 768w, https:\/\/www.idealtecsrl.com\/wp-content\/uploads\/2024\/07\/visore-ci-presentiamo-3-705x202.jpg 705w\" sizes=\"(max-width: 1500px) 100vw, 1500px\" \/><div class='av-section-color-overlay' style='opacity: 0.6; background-color: #18417e; '><\/div><\/div><\/li><li  class='avia-slideshow-slide av-m6j196ho-6e1a0f199ed2f00918eb454d67fc09f8__3  slide-4 slide-even'><div data-rel='slideshow-1' class='avia-slide-wrap '   ><img decoding=\"async\" fetchpriority=\"high\" class=\"wp-image-15288 avia-img-lazy-loading-not-15288\"  src=\"https:\/\/www.idealtecsrl.com\/wp-content\/uploads\/2024\/07\/visore-ci-presentiamo-4.jpg\" width=\"1500\" height=\"430\" title='visore-ci-presentiamo-4' alt=''  itemprop=\"thumbnailUrl\"  style='min-height:400px; min-width:1396px; ' srcset=\"https:\/\/www.idealtecsrl.com\/wp-content\/uploads\/2024\/07\/visore-ci-presentiamo-4.jpg 1500w, https:\/\/www.idealtecsrl.com\/wp-content\/uploads\/2024\/07\/visore-ci-presentiamo-4-300x86.jpg 300w, https:\/\/www.idealtecsrl.com\/wp-content\/uploads\/2024\/07\/visore-ci-presentiamo-4-1030x295.jpg 1030w, https:\/\/www.idealtecsrl.com\/wp-content\/uploads\/2024\/07\/visore-ci-presentiamo-4-768x220.jpg 768w, https:\/\/www.idealtecsrl.com\/wp-content\/uploads\/2024\/07\/visore-ci-presentiamo-4-705x202.jpg 705w\" sizes=\"(max-width: 1500px) 100vw, 1500px\" \/><div class='av-section-color-overlay' style='opacity: 0.6; background-color: #18417e; '><\/div><\/div><\/li><li  class='avia-slideshow-slide av-m6j196ho-6e1a0f199ed2f00918eb454d67fc09f8__4  slide-5 slide-odd'><div data-rel='slideshow-1' class='avia-slide-wrap '   ><img decoding=\"async\" fetchpriority=\"high\" class=\"wp-image-15295 avia-img-lazy-loading-not-15295\"  src=\"https:\/\/www.idealtecsrl.com\/wp-content\/uploads\/2024\/07\/visore-ci-presentiamo-5.jpg\" width=\"1500\" height=\"430\" title='visore-ci-presentiamo-5' alt=''  itemprop=\"thumbnailUrl\"  style='min-height:400px; min-width:1396px; ' srcset=\"https:\/\/www.idealtecsrl.com\/wp-content\/uploads\/2024\/07\/visore-ci-presentiamo-5.jpg 1500w, https:\/\/www.idealtecsrl.com\/wp-content\/uploads\/2024\/07\/visore-ci-presentiamo-5-300x86.jpg 300w, https:\/\/www.idealtecsrl.com\/wp-content\/uploads\/2024\/07\/visore-ci-presentiamo-5-1030x295.jpg 1030w, https:\/\/www.idealtecsrl.com\/wp-content\/uploads\/2024\/07\/visore-ci-presentiamo-5-768x220.jpg 768w, https:\/\/www.idealtecsrl.com\/wp-content\/uploads\/2024\/07\/visore-ci-presentiamo-5-705x202.jpg 705w\" sizes=\"(max-width: 1500px) 100vw, 1500px\" \/><div class='av-section-color-overlay' style='opacity: 0.6; background-color: #18417e; '><\/div><\/div><\/li><\/ul><div class='avia-slideshow-arrows avia-slideshow-controls' ><a href='#prev' class='prev-slide ' aria-hidden='true' data-av_icon='\ue87c' data-av_iconfont='entypo-fontello'  tabindex='-1'>Anterior<\/a><a href='#next' class='next-slide ' aria-hidden='true' data-av_icon='\ue87d' data-av_iconfont='entypo-fontello'  tabindex='-1'>Pr\u00f3ximo<\/a><\/div><div class='av-slideshow-caption av-m6j196ho-6e1a0f199ed2f00918eb454d67fc09f8__0 caption_fullwidth caption_center'><div class=\"container caption_container\"><div class=\"slideshow_caption\"><div class=\"slideshow_inner_caption\"><div class=\"slideshow_align_caption\"><h1 class='avia-caption-title '  itemprop=\"name\" >Eurocoat<\/h1><\/div><\/div><\/div><\/div><\/div><\/div><\/div><div id='after_full_slider_1'  class='main_color av_default_container_wrap container_wrap fullsize'  ><div class='container av-section-cont-open' ><div class='template-page content  av-content-full alpha units'><div class='post-entry post-entry-type-page post-entry-20388'><div class='entry-content-wrapper clearfix'>\n\n<style type=\"text\/css\" data-created_by=\"avia_inline_auto\" id=\"style-css-av-9r3v5p8-7901755f09cde7dcd07417f14398c3a1\">\n.flex_column.av-9r3v5p8-7901755f09cde7dcd07417f14398c3a1{\npadding:50px 0 0 0;\n}\n<\/style>\n<div  class='flex_column av-9r3v5p8-7901755f09cde7dcd07417f14398c3a1 av_one_half  avia-builder-el-1  el_after_av_slideshow_full  el_before_av_one_half  avia-builder-el-first  first flex_column_div  '     ><p><section  class='av_textblock_section av-m6j19sdb-dc52274e305945526015460924b1b49d '   itemscope=\"itemscope\" itemtype=\"https:\/\/schema.org\/CreativeWork\" ><div class='avia_textblock'  itemprop=\"text\" ><p>A Eurocoat \u00e9 uma das principais feiras comerciais da Europa para a ind\u00fastria de revestimentos, tintas, tintas, adesivos e selantes, bem como mat\u00e9rias-primas, equipamentos e tecnologias relacionadas. Com mais de 40 anos de hist\u00f3ria, o evento representa um ponto de encontro essencial para profissionais do setor, oferecendo uma vis\u00e3o completa das \u00faltimas inova\u00e7\u00f5es, tend\u00eancias e solu\u00e7\u00f5es t\u00e9cnicas.<\/p>\n<p>A Eurocoat acontece a cada dois anos em uma grande cidade europeia, com forte foco nos mercados do sul da Europa, Mediterr\u00e2neo e norte da \u00c1frica. O evento \u00e9 organizado pela ETAI (Groupe Infopro Digital) em colabora\u00e7\u00e3o com associa\u00e7\u00f5es do setor, institui\u00e7\u00f5es de pesquisa e empresas l\u00edderes.<\/p>\n<\/div><\/section><br \/>\n\n<style type=\"text\/css\" data-created_by=\"avia_inline_auto\" id=\"style-css-av-3dnal8-3d377b9d29f7851326c5f687f4940da9\">\n#top .hr.hr-invisible.av-3dnal8-3d377b9d29f7851326c5f687f4940da9{\nheight:50px;\n}\n<\/style>\n<div  class='hr av-3dnal8-3d377b9d29f7851326c5f687f4940da9 hr-invisible  avia-builder-el-3  el_after_av_textblock  el_before_av_button '><span class='hr-inner '><span class=\"hr-inner-style\"><\/span><\/span><\/div><br \/>\n<div  class='avia-button-wrap av-m6j13x3a-de5816e44a7b51f9e1c3ed0398559bc4-wrap avia-button-left  avia-builder-el-4  el_after_av_hr  avia-builder-el-last '><a href='https:\/\/www.eurocoat-expo.com\/en' class='avia-button av-m6j13x3a-de5816e44a7b51f9e1c3ed0398559bc4 av-link-btn avia-icon_select-yes-right-icon avia-size-large avia-position-left av-icon-on-hover avia-color-theme-color' target=\"_blank\" rel=\"noopener noreferrer\"><span class='avia_iconbox_title' >Visite o site oficial<\/span><span class='avia_button_icon avia_button_icon_right' aria-hidden='true' data-av_icon='\ue879' data-av_iconfont='entypo-fontello'><\/span><\/a><\/div><\/p><\/div>\n\n<style type=\"text\/css\" data-created_by=\"avia_inline_auto\" id=\"style-css-av-8znq0zg-8d43f82d3cf52b20136d17cd0d412b4b\">\n.flex_column.av-8znq0zg-8d43f82d3cf52b20136d17cd0d412b4b{\npadding:50px 0 0 0;\n}\n<\/style>\n<div  class='flex_column av-8znq0zg-8d43f82d3cf52b20136d17cd0d412b4b av_one_half  avia-builder-el-5  el_after_av_one_half  el_before_av_one_full  flex_column_div  '     ><style type=\"text\/css\" data-created_by=\"avia_inline_auto\" id=\"style-css-av-m6j13ntb-cfabab832eb9eae65cb9e9bfb88be261\">\n.avia-image-container.av-m6j13ntb-cfabab832eb9eae65cb9e9bfb88be261 img.avia_image{\nbox-shadow:none;\n}\n.avia-image-container.av-m6j13ntb-cfabab832eb9eae65cb9e9bfb88be261 .av-image-caption-overlay-center{\ncolor:#ffffff;\n}\n<\/style>\n<div  class='avia-image-container av-m6j13ntb-cfabab832eb9eae65cb9e9bfb88be261 av-styling- av-img-linked avia-align-center  avia-builder-el-6  avia-builder-el-no-sibling '   itemprop=\"image\" itemscope=\"itemscope\" itemtype=\"https:\/\/schema.org\/ImageObject\" ><div class=\"avia-image-container-inner\"><div class=\"avia-image-overlay-wrap\"><a href=\"https:\/\/www.eurocoat-expo.com\/en\" class='avia_image ' target=\"_blank\" rel=\"noopener noreferrer\" aria-label='Eurocoat'><img decoding=\"async\" fetchpriority=\"high\" class='wp-image-20343 avia-img-lazy-loading-not-20343 avia_image ' src=\"https:\/\/www.idealtecsrl.com\/wp-content\/uploads\/2025\/01\/Eurocoat-300x300.jpg\" alt='' title='Eurocoat'  height=\"300\" width=\"300\"  itemprop=\"thumbnailUrl\" srcset=\"https:\/\/www.idealtecsrl.com\/wp-content\/uploads\/2025\/01\/Eurocoat-300x300.jpg 300w, https:\/\/www.idealtecsrl.com\/wp-content\/uploads\/2025\/01\/Eurocoat-80x80.jpg 80w, https:\/\/www.idealtecsrl.com\/wp-content\/uploads\/2025\/01\/Eurocoat-36x36.jpg 36w, https:\/\/www.idealtecsrl.com\/wp-content\/uploads\/2025\/01\/Eurocoat-180x180.jpg 180w, https:\/\/www.idealtecsrl.com\/wp-content\/uploads\/2025\/01\/Eurocoat.jpg 400w\" sizes=\"(max-width: 300px) 100vw, 300px\" \/><\/a><\/div><\/div><\/div><\/div>\n\n<style type=\"text\/css\" data-created_by=\"avia_inline_auto\" id=\"style-css-av-8bdpoxo-006baa0b54beaccdd4c240590a3a769c\">\n.flex_column.av-8bdpoxo-006baa0b54beaccdd4c240590a3a769c{\npadding:50px 0 0 0;\n}\n<\/style>\n<div  class='flex_column av-8bdpoxo-006baa0b54beaccdd4c240590a3a769c av_one_full  avia-builder-el-7  el_after_av_one_half  el_before_av_one_full  first flex_column_div  column-top-margin'     ><p>\n<style type=\"text\/css\" data-created_by=\"avia_inline_auto\" id=\"style-css-av-7w4pw0s-ca2a896df2321f614ce778f999be26bf\">\n#top .av-special-heading.av-7w4pw0s-ca2a896df2321f614ce778f999be26bf{\npadding-bottom:10px;\n}\nbody .av-special-heading.av-7w4pw0s-ca2a896df2321f614ce778f999be26bf .av-special-heading-tag .heading-char{\nfont-size:25px;\n}\n.av-special-heading.av-7w4pw0s-ca2a896df2321f614ce778f999be26bf .av-subheading{\nfont-size:15px;\n}\n<\/style>\n<div  class='av-special-heading av-7w4pw0s-ca2a896df2321f614ce778f999be26bf av-special-heading-h2 blockquote modern-quote  avia-builder-el-8  el_before_av_textblock  avia-builder-el-first '><h2 class='av-special-heading-tag'  itemprop=\"headline\"  >Objetivos e Import\u00e2ncia<\/h2><div class=\"special-heading-border\"><div class=\"special-heading-inner-border\"><\/div><\/div><\/div><br \/>\n<section  class='av_textblock_section av-m6j1b5or-a0556d546d485e4ac4d29eabc1f46c1a '   itemscope=\"itemscope\" itemtype=\"https:\/\/schema.org\/CreativeWork\" ><div class='avia_textblock'  itemprop=\"text\" ><p>A Eurocoat \u00e9 um evento imperd\u00edvel para:<\/p>\n<ul>\n<li>Explorando novas tecnologias e materiais na ind\u00fastria de revestimentos.<\/li>\n<li>Facilitar reuni\u00f5es B2B entre fornecedores, fabricantes e tomadores de decis\u00e3o.<\/li>\n<li>Compartilhe conhecimento por meio de um rico programa de confer\u00eancias e workshops.<\/li>\n<li>Apoiar a inova\u00e7\u00e3o e a sustentabilidade, promovendo solu\u00e7\u00f5es mais verdes e eficientes.<\/li>\n<\/ul>\n<p>O evento se posiciona como uma plataforma estrat\u00e9gica para o setor, conectando os principais players da cadeia de suprimentos e proporcionando oportunidades de crescimento e desenvolvimento de neg\u00f3cios.<\/p>\n<\/div><\/section><\/p><\/div>\n\n<style type=\"text\/css\" data-created_by=\"avia_inline_auto\" id=\"style-css-av-7iewyvw-5968f7a784f7a0f95187b510683319d0\">\n.flex_column.av-7iewyvw-5968f7a784f7a0f95187b510683319d0{\npadding:50px 0 0 0;\n}\n<\/style>\n<div  class='flex_column av-7iewyvw-5968f7a784f7a0f95187b510683319d0 av_one_full  avia-builder-el-10  el_after_av_one_full  el_before_av_one_full  first flex_column_div  column-top-margin'     ><p>\n<style type=\"text\/css\" data-created_by=\"avia_inline_auto\" id=\"style-css-av-74qs28s-c5fdd0ca280a0eca06ba62efb0f97425\">\n#top .av-special-heading.av-74qs28s-c5fdd0ca280a0eca06ba62efb0f97425{\npadding-bottom:10px;\n}\nbody .av-special-heading.av-74qs28s-c5fdd0ca280a0eca06ba62efb0f97425 .av-special-heading-tag .heading-char{\nfont-size:25px;\n}\n.av-special-heading.av-74qs28s-c5fdd0ca280a0eca06ba62efb0f97425 .av-subheading{\nfont-size:15px;\n}\n<\/style>\n<div  class='av-special-heading av-74qs28s-c5fdd0ca280a0eca06ba62efb0f97425 av-special-heading-h2 blockquote modern-quote  avia-builder-el-11  el_before_av_textblock  avia-builder-el-first '><h2 class='av-special-heading-tag'  itemprop=\"headline\"  >Principais caracter\u00edsticas<\/h2><div class=\"special-heading-border\"><div class=\"special-heading-inner-border\"><\/div><\/div><\/div><br \/>\n<section  class='av_textblock_section av-m6j1jpad-cdd8b3a259d498113a2f21859d741a39 '   itemscope=\"itemscope\" itemtype=\"https:\/\/schema.org\/CreativeWork\" ><div class='avia_textblock'  itemprop=\"text\" ><p><strong>1. Exposi\u00e7\u00e3o Comercial de Alto N\u00edvel<\/strong><br \/>\nA Eurocoat re\u00fane expositores nacionais e internacionais, oferecendo uma mostra completa sobre:<\/p>\n<ul>\n<li>Mat\u00e9rias-primas para revestimentos, tintas e tintas.<\/li>\n<li>Produtos qu\u00edmicos especiais e aditivos para melhorar o desempenho dos revestimentos.<\/li>\n<li>M\u00e1quinas e equipamentos para produ\u00e7\u00e3o, embalagem e aplica\u00e7\u00e3o.<\/li>\n<li>Ferramentas de medi\u00e7\u00e3o e controle de qualidade.<\/li>\n<li>Solu\u00e7\u00f5es de automa\u00e7\u00e3o e digitaliza\u00e7\u00e3o para otimizar processos de produ\u00e7\u00e3o.<\/li>\n<\/ul>\n<p><strong>2. Setores de Aplica\u00e7\u00e3o<\/strong><br \/>\nA Eurocoat atende a uma ampla gama de setores industriais, incluindo:<\/p>\n<ul>\n<li>Constru\u00e7\u00e3o civil (tintas e revestimentos de prote\u00e7\u00e3o).<\/li>\n<li>Automotivo e transporte (tintas para carroceria e prote\u00e7\u00e3o).<\/li>\n<li>Embalagem (tintas e revestimentos para embalagens).<\/li>\n<li>Ind\u00fastria naval e aeroespacial (revestimentos anticorrosivos).<\/li>\n<li>Madeira, metais e pl\u00e1sticos (tratamentos de superf\u00edcie e acabamentos especiais).<\/li>\n<\/ul>\n<p><strong>3. Confer\u00eancias e Workshops T\u00e9cnicos<\/strong><br \/>\nO evento \u00e9 enriquecido por um programa de confer\u00eancias de alto n\u00edvel, com especialistas do setor discutindo t\u00f3picos importantes, como:<\/p>\n<ul>\n<li>Inova\u00e7\u00e3o em materiais e processos de produ\u00e7\u00e3o.<\/li>\n<li>Sustentabilidade e redu\u00e7\u00e3o do impacto ambiental.<\/li>\n<li>Normas e regulamenta\u00e7\u00f5es internacionais para a ind\u00fastria de revestimentos.<\/li>\n<li>Tecnologias avan\u00e7adas de aplica\u00e7\u00e3o e automa\u00e7\u00e3o de processos.<\/li>\n<\/ul>\n<p><strong>4. Foco na Inova\u00e7\u00e3o e Sustentabilidade<\/strong><br \/>\nA Eurocoat dedica grande aten\u00e7\u00e3o \u00e0s novas tecnologias e pr\u00e1ticas sustent\u00e1veis, promovendo:<\/p>\n<ul>\n<li>Solu\u00e7\u00f5es \u00e0 base de \u00e1gua e biocompat\u00edveis para reduzir o impacto ambiental.<\/li>\n<li>Novas formula\u00e7\u00f5es de tintas e revestimentos com propriedades melhoradas (resist\u00eancia, durabilidade, seguran\u00e7a).<\/li>\n<li>Estrat\u00e9gias para reciclagem e gest\u00e3o respons\u00e1vel de materiais.<\/li>\n<\/ul>\n<\/div><\/section><\/p><\/div>\n<style type=\"text\/css\" data-created_by=\"avia_inline_auto\" id=\"style-css-av-6kvk18c-9da61d3c2cb11c0f2958c0d4d43567cb\">\n.flex_column.av-6kvk18c-9da61d3c2cb11c0f2958c0d4d43567cb{\npadding:50px 0 0 0;\n}\n<\/style>\n<div  class='flex_column av-6kvk18c-9da61d3c2cb11c0f2958c0d4d43567cb av_one_full  avia-builder-el-13  el_after_av_one_full  el_before_av_hr  first flex_column_div  column-top-margin'     ><p>\n<style type=\"text\/css\" data-created_by=\"avia_inline_auto\" id=\"style-css-av-6e66wl8-e767196dfdf6e86a738496943470ee75\">\n#top .av-special-heading.av-6e66wl8-e767196dfdf6e86a738496943470ee75{\npadding-bottom:10px;\n}\nbody .av-special-heading.av-6e66wl8-e767196dfdf6e86a738496943470ee75 .av-special-heading-tag .heading-char{\nfont-size:25px;\n}\n.av-special-heading.av-6e66wl8-e767196dfdf6e86a738496943470ee75 .av-subheading{\nfont-size:15px;\n}\n<\/style>\n<div  class='av-special-heading av-6e66wl8-e767196dfdf6e86a738496943470ee75 av-special-heading-h2 blockquote modern-quote  avia-builder-el-14  el_before_av_textblock  avia-builder-el-first '><h2 class='av-special-heading-tag'  itemprop=\"headline\"  >Participantes<\/h2><div class=\"special-heading-border\"><div class=\"special-heading-inner-border\"><\/div><\/div><\/div><br \/>\n<section  class='av_textblock_section av-m6j1k2kw-f23da1858f97d65e309fa28199cca17e '   itemscope=\"itemscope\" itemtype=\"https:\/\/schema.org\/CreativeWork\" ><div class='avia_textblock'  itemprop=\"text\" ><p>A Eurocoat acolhe um p\u00fablico altamente especializado, entre eles:<\/p>\n<ul>\n<li>Fabricantes de tintas, tintas de impress\u00e3o, adesivos e selantes.<\/li>\n<li>Fornecedores de mat\u00e9rias-primas (resinas, pigmentos, aditivos, solventes).<\/li>\n<li>Fabricantes de m\u00e1quinas e equipamentos para produ\u00e7\u00e3o e aplica\u00e7\u00e3o.<\/li>\n<li>Laborat\u00f3rios de pesquisa e desenvolvimento.<\/li>\n<li>Especialistas em regula\u00e7\u00e3o e sustentabilidade.<\/li>\n<li>Compradores e distribuidores do setor.<\/li>\n<\/ul>\n<p>O evento representa uma oportunidade \u00fanica para empresas expandirem sua rede, explorarem novos mercados e encontrarem solu\u00e7\u00f5es inovadoras para seus neg\u00f3cios.<\/p>\n<\/div><\/section><\/p><\/div><\/p>\n\n<style type=\"text\/css\" data-created_by=\"avia_inline_auto\" id=\"style-css-av-aql6sc-ef25810b69836c96deae09b737df1271\">\n#top .hr.hr-invisible.av-aql6sc-ef25810b69836c96deae09b737df1271{\nheight:24px;\n}\n<\/style>\n<div  class='hr av-aql6sc-ef25810b69836c96deae09b737df1271 hr-invisible  avia-builder-el-16  el_after_av_one_full  el_before_av_hr '><span class='hr-inner '><span class=\"hr-inner-style\"><\/span><\/span><\/div>\n<div  class='hr av-2hccbwc-849de1201f0e83ad7fab4d15c370613d hr-short  avia-builder-el-17  el_after_av_hr  el_before_av_hr  hr-left'><span class='hr-inner '><span class=\"hr-inner-style\"><\/span><\/span><\/div>\n\n<style type=\"text\/css\" data-created_by=\"avia_inline_auto\" id=\"style-css-av-1xvgukc-5c4c35a0b76ffa1a5032793808604d8c\">\n#top .hr.hr-invisible.av-1xvgukc-5c4c35a0b76ffa1a5032793808604d8c{\nheight:24px;\n}\n<\/style>\n<div  class='hr av-1xvgukc-5c4c35a0b76ffa1a5032793808604d8c hr-invisible  avia-builder-el-18  el_after_av_hr  el_before_av_one_full '><span class='hr-inner '><span class=\"hr-inner-style\"><\/span><\/span><\/div>\n\n<style type=\"text\/css\" data-created_by=\"avia_inline_auto\" id=\"style-css-av-1tmeaxo-285c2bf6a74a2a62b25373991846f965\">\n.flex_column.av-1tmeaxo-285c2bf6a74a2a62b25373991846f965{\npadding:48px 48px 48px 48px;\nbackground-color:#eceff1;\n}\n<\/style>\n<div  class='flex_column av-1tmeaxo-285c2bf6a74a2a62b25373991846f965 av_one_full  avia-builder-el-19  el_after_av_hr  avia-builder-el-last  first flex_column_div  '     ><p>\n<style type=\"text\/css\" data-created_by=\"avia_inline_auto\" id=\"style-css-av-zdxmsc-697071edfe6af5473c65abedec37576f\">\n#top .av-special-heading.av-zdxmsc-697071edfe6af5473c65abedec37576f{\npadding-bottom:10px;\n}\nbody .av-special-heading.av-zdxmsc-697071edfe6af5473c65abedec37576f .av-special-heading-tag .heading-char{\nfont-size:25px;\n}\n.av-special-heading.av-zdxmsc-697071edfe6af5473c65abedec37576f .av-subheading{\nfont-size:15px;\n}\n<\/style>\n<div  class='av-special-heading av-zdxmsc-697071edfe6af5473c65abedec37576f av-special-heading-h2 blockquote modern-quote modern-centered  avia-builder-el-20  el_before_av_textblock  avia-builder-el-first '><h2 class='av-special-heading-tag'  itemprop=\"headline\"  >AUX\u00cdLIO ESTATAL E DE MINIMIS<\/h2><div class=\"special-heading-border\"><div class=\"special-heading-inner-border\"><\/div><\/div><\/div><br \/>\n<section  class='av_textblock_section av-w1wn8c-54a2c35111a7e08c6ed91d717df34fa9 '   itemscope=\"itemscope\" itemtype=\"https:\/\/schema.org\/CreativeWork\" ><div class='avia_textblock'  itemprop=\"text\" ><p style=\"text-align: center;\"><strong>Obriga\u00e7\u00f5es de informa\u00e7\u00e3o para subven\u00e7\u00f5es p\u00fablicas.<\/strong><br \/>\nOs aux\u00edlios estatais e os aux\u00edlios de minimis recebidos pela nossa empresa constam do Registo Nacional de Aux\u00edlios Estatais referido no art. 52.\u00ba da Lei 234\/2012 a que se faz refer\u00eancia e que pode ser consultado no seguinte link:\u00a0<a role=\"link\" href=\"https:\/\/www.rna.gov.it\/trasparenza\" target=\"_blank\" rel=\"noopener\">Saber mais&gt;&gt;<\/a><\/p>\n<\/div><\/section><\/p><\/div>\n","protected":false},"excerpt":{"rendered":"","protected":false},"author":6,"featured_media":0,"parent":17448,"menu_order":0,"comment_status":"closed","ping_status":"closed","template":"","meta":{"_monsterinsights_skip_tracking":false,"_monsterinsights_sitenote_active":false,"_monsterinsights_sitenote_note":"","_monsterinsights_sitenote_category":0,"footnotes":""},"_links":{"self":[{"href":"https:\/\/www.idealtecsrl.com\/pt-br\/wp-json\/wp\/v2\/pages\/20388"}],"collection":[{"href":"https:\/\/www.idealtecsrl.com\/pt-br\/wp-json\/wp\/v2\/pages"}],"about":[{"href":"https:\/\/www.idealtecsrl.com\/pt-br\/wp-json\/wp\/v2\/types\/page"}],"author":[{"embeddable":true,"href":"https:\/\/www.idealtecsrl.com\/pt-br\/wp-json\/wp\/v2\/users\/6"}],"replies":[{"embeddable":true,"href":"https:\/\/www.idealtecsrl.com\/pt-br\/wp-json\/wp\/v2\/comments?post=20388"}],"version-history":[{"count":6,"href":"https:\/\/www.idealtecsrl.com\/pt-br\/wp-json\/wp\/v2\/pages\/20388\/revisions"}],"predecessor-version":[{"id":20535,"href":"https:\/\/www.idealtecsrl.com\/pt-br\/wp-json\/wp\/v2\/pages\/20388\/revisions\/20535"}],"up":[{"embeddable":true,"href":"https:\/\/www.idealtecsrl.com\/pt-br\/wp-json\/wp\/v2\/pages\/17448"}],"wp:attachment":[{"href":"https:\/\/www.idealtecsrl.com\/pt-br\/wp-json\/wp\/v2\/media?parent=20388"}],"curies":[{"name":"wp","href":"https:\/\/api.w.org\/{rel}","templated":true}]}}